{"id":266,"date":"2018-09-26T10:10:53","date_gmt":"2018-09-26T08:10:53","guid":{"rendered":"https:\/\/derbe.it\/prodotto\/crema-capillare-seres\/"},"modified":"2026-05-06T12:35:43","modified_gmt":"2026-05-06T10:35:43","slug":"seres-haarcreme","status":"publish","type":"product","link":"http:\/\/derbe.it\/de\/produkt\/seres-haarcreme\/","title":{"rendered":"Seres Haarcreme"},"content":{"rendered":"<p>SERES verleiht Ihrem Haar einen Hauch von magischer Fr\u00fchlingshaftigkeit!<br \/>\nDiese Emulsion, die immer als \u201eder wunderbare Conditioner\u201c bezeichnet wird, ist das Geheimnis der Vitalit\u00e4t der Kopfhaut und der Sch\u00f6nheit des Haares. Mit ihrer Ber\u00fchrung wird ihre Spannkraft erneuert.<br \/>\nSeres ist unerl\u00e4sslich, um den Hydrolipid- und S\u00e4urehaushalt der Kopfhaut zu verbessern, der Strukturverarmung von mit alkalischen Reinigungsmitteln gewaschenem oder mit chemischen Stylingfl\u00fcssigkeiten behandeltem Haar entgegenzuwirken und feinem und ausfallenden Haar mehr F\u00fclle und Volumen zu verleihen.<\/p>\n<p>Es bek\u00e4mpft den Strukturverlust des Haares und das Hydrolipid- und S\u00e4ureungleichgewicht der Kopfhaut, die durch alle Arten von Aggressionen verursacht werden: Klima, Umwelt, chemisches Styling oder \u00fcberm\u00e4\u00dfig h\u00e4ufige oder aggressive Reinigung. Es kann als Maske verwendet werden, um die Kopfhaut zu n\u00e4hren und dem Haar Weichheit, F\u00fclle und Kraft zu verleihen; als Sp\u00fclung und Entwirrer, um das Haar zu st\u00e4rken, Spliss zu minimieren und die f\u00fcr trockenes Haar typischen fliegenden Haare zu beseitigen; und als Hauch von Glanz, in kleinen Mengen und ohne Aussp\u00fclen, um das Haar leichter frisierbar und k\u00e4mmbar zu machen.<\/p>","protected":false},"excerpt":{"rendered":"<p>In ogni circostanza, in ogni luogo: questo \u00e8 il preparato unico &#8220;indispensabile&#8221; per i tuoi capelli! Balsamo nutriente, lucidante, districante, protettivo, deelettrizzante, dona ai capelli fini e cadenti pi\u00f9 corpo e forza e pi\u00f9 volume alla chioma. [&#8230;]<\/p>\n<p><a class=\"btn btn-secondary understrap-read-more-link\" href=\"http:\/\/derbe.it\/de\/produkt\/seres-haarcreme\/\">Mehr lesen \u2026<span class=\"screen-reader-text\"> von Seres Haarcreme<\/span><\/a><\/p>","protected":false},"featured_media":267,"template":"","meta":{"_acf_changed":false},"caratteristica":[],"collezione":[60],"formato":[],"funzione":[83,85],"utilizzo":[],"ingrediente-principale":[],"product_brand":[],"product_cat":[101],"product_tag":[],"class_list":{"0":"post-266","1":"product","2":"type-product","3":"status-publish","4":"has-post-thumbnail","6":"collezione-seres","7":"funzione-capelli-normali-equilibrati","8":"funzione-capelli-secchi-disidratati","9":"product_cat-maschere-e-balsami","11":"first","12":"instock","13":"purchasable","14":"product-type-simple"},"acf":[],"yoast_head":"<!-- This site is optimized with the Yoast SEO Premium plugin v26.1 (Yoast SEO v26.8) - https:\/\/yoast.com\/product\/yoast-seo-premium-wordpress\/ -->\n<title>Crema Capillare Seres - Derbe - cosmetici naturali<\/title>\n<meta name=\"description\" content=\"In ogni circostanza, in ogni luogo: questo \u00e8 il preparato unico &quot;indispensabile&quot; per i tuoi capelli! Balsamo nutriente, lucidante, districante, protettivo, deelettrizzante, dona ai capelli fini e cadenti pi\u00f9 corpo e forza e pi\u00f9 volume alla chioma.\" \/>\n<meta name=\"robots\" content=\"index, follow, max-snippet:-1, max-image-preview:large, max-video-preview:-1\" \/>\n<link rel=\"canonical\" href=\"https:\/\/derbe.it\/de\/produkt\/seres-haarcreme\/\" \/>\n<meta property=\"og:locale\" content=\"de_DE\" \/>\n<meta property=\"og:type\" content=\"article\" \/>\n<meta property=\"og:title\" content=\"Crema Capillare Seres\" \/>\n<meta property=\"og:description\" content=\"In ogni circostanza, in ogni luogo: questo \u00e8 il preparato unico &quot;indispensabile&quot; per i tuoi capelli! Balsamo nutriente, lucidante, districante, protettivo, deelettrizzante, dona ai capelli fini e cadenti pi\u00f9 corpo e forza e pi\u00f9 volume alla chioma.\" \/>\n<meta property=\"og:url\" content=\"https:\/\/derbe.it\/de\/produkt\/seres-haarcreme\/\" \/>\n<meta property=\"og:site_name\" content=\"Derbe - cosmetici naturali\" \/>\n<meta property=\"article:publisher\" content=\"https:\/\/www.facebook.com\/evoderbebio\" \/>\n<meta property=\"article:modified_time\" content=\"2026-05-06T10:35:43+00:00\" \/>\n<meta property=\"og:image\" content=\"https:\/\/derbe.it\/wp-content\/uploads\/2025\/05\/crema-capillare-seres-derbe_125.jpg\" \/>\n\t<meta property=\"og:image:width\" content=\"1600\" \/>\n\t<meta property=\"og:image:height\" content=\"2000\" \/>\n\t<meta property=\"og:image:type\" content=\"image\/jpeg\" \/>\n<meta name=\"twitter:card\" content=\"summary_large_image\" \/>\n<meta name=\"twitter:label1\" content=\"Gesch\u00e4tzte Lesezeit\" \/>\n\t<meta name=\"twitter:data1\" content=\"2\u00a0Minuten\" \/>\n<script type=\"application\/ld+json\" class=\"yoast-schema-graph\">{\"@context\":\"https:\/\/schema.org\",\"@graph\":[{\"@type\":\"WebPage\",\"@id\":\"https:\/\/derbe.it\/prodotto\/crema-capillare-seres\/\",\"url\":\"https:\/\/derbe.it\/prodotto\/crema-capillare-seres\/\",\"name\":\"Crema Capillare Seres - Derbe - cosmetici naturali\",\"isPartOf\":{\"@id\":\"https:\/\/derbe.it\/#website\"},\"primaryImageOfPage\":{\"@id\":\"https:\/\/derbe.it\/prodotto\/crema-capillare-seres\/#primaryimage\"},\"image\":{\"@id\":\"https:\/\/derbe.it\/prodotto\/crema-capillare-seres\/#primaryimage\"},\"thumbnailUrl\":\"https:\/\/derbe.it\/wp-content\/uploads\/2025\/05\/crema-capillare-seres-derbe_125.jpg\",\"datePublished\":\"2018-09-26T08:10:53+00:00\",\"dateModified\":\"2026-05-06T10:35:43+00:00\",\"description\":\"In ogni circostanza, in ogni luogo: questo \u00e8 il preparato unico \\\"indispensabile\\\" per i tuoi capelli! Balsamo nutriente, lucidante, districante, protettivo, deelettrizzante, dona ai capelli fini e cadenti pi\u00f9 corpo e forza e pi\u00f9 volume alla chioma.\",\"breadcrumb\":{\"@id\":\"https:\/\/derbe.it\/prodotto\/crema-capillare-seres\/#breadcrumb\"},\"inLanguage\":\"de\",\"potentialAction\":[{\"@type\":\"ReadAction\",\"target\":[\"https:\/\/derbe.it\/prodotto\/crema-capillare-seres\/\"]}]},{\"@type\":\"ImageObject\",\"inLanguage\":\"de\",\"@id\":\"https:\/\/derbe.it\/prodotto\/crema-capillare-seres\/#primaryimage\",\"url\":\"https:\/\/derbe.it\/wp-content\/uploads\/2025\/05\/crema-capillare-seres-derbe_125.jpg\",\"contentUrl\":\"https:\/\/derbe.it\/wp-content\/uploads\/2025\/05\/crema-capillare-seres-derbe_125.jpg\",\"width\":1600,\"height\":2000},{\"@type\":\"BreadcrumbList\",\"@id\":\"https:\/\/derbe.it\/prodotto\/crema-capillare-seres\/#breadcrumb\",\"itemListElement\":[{\"@type\":\"ListItem\",\"position\":1,\"name\":\"Home\",\"item\":\"https:\/\/derbe.it\/\"},{\"@type\":\"ListItem\",\"position\":2,\"name\":\"Shop\",\"item\":\"https:\/\/derbe.it\/en\/shop\/\"},{\"@type\":\"ListItem\",\"position\":3,\"name\":\"Maschere e balsami\",\"item\":\"https:\/\/derbe.it\/categoria-prodotto\/maschere-e-balsami\/\"},{\"@type\":\"ListItem\",\"position\":4,\"name\":\"Crema Capillare Seres\"}]},{\"@type\":\"WebSite\",\"@id\":\"https:\/\/derbe.it\/#website\",\"url\":\"https:\/\/derbe.it\/\",\"name\":\"Derbe\",\"description\":\"Da oltre 50 anni - Made in italy - prodotti per capelli e corpo con estratti vegetali e formule sostenibili\",\"publisher\":{\"@id\":\"https:\/\/derbe.it\/#organization\"},\"potentialAction\":[{\"@type\":\"SearchAction\",\"target\":{\"@type\":\"EntryPoint\",\"urlTemplate\":\"https:\/\/derbe.it\/?s={search_term_string}\"},\"query-input\":{\"@type\":\"PropertyValueSpecification\",\"valueRequired\":true,\"valueName\":\"search_term_string\"}}],\"inLanguage\":\"de\"},{\"@type\":\"Organization\",\"@id\":\"https:\/\/derbe.it\/#organization\",\"name\":\"Derbe\",\"url\":\"https:\/\/derbe.it\/\",\"logo\":{\"@type\":\"ImageObject\",\"inLanguage\":\"de\",\"@id\":\"https:\/\/derbe.it\/#\/schema\/logo\/image\/\",\"url\":\"https:\/\/derbe.it\/wp-content\/uploads\/2025\/06\/logo_derbe_firenze.png\",\"contentUrl\":\"https:\/\/derbe.it\/wp-content\/uploads\/2025\/06\/logo_derbe_firenze.png\",\"width\":1200,\"height\":497,\"caption\":\"Derbe\"},\"image\":{\"@id\":\"https:\/\/derbe.it\/#\/schema\/logo\/image\/\"},\"sameAs\":[\"https:\/\/www.facebook.com\/evoderbebio\",\"https:\/\/www.instagram.com\/derbe.official\/\"],\"email\":\"info@derbe.it\",\"telephone\":\"+39 055 42 11 799\",\"legalName\":\"Derbe S.r.l. a socio unico\",\"vatID\":\"07272610481\"}]}<\/script>\n<!-- \/ Yoast SEO Premium plugin. -->","yoast_head_json":{"title":"Seres Haarcreme - Derbe - Naturkosmetik","description":"In jeder Situation, an jedem Ort: Dies ist das einzigartige \u201eMust-Have\u201c-Produkt f\u00fcr Ihr Haar! N\u00e4hrender, glanzverst\u00e4rkender, entwirrender, sch\u00fctzender und fliegender Conditioner, der feinem, ausfallenden Haar mehr F\u00fclle und Kraft verleiht und dem Haar mehr Volumen verleiht.","robots":{"index":"index","follow":"follow","max-snippet":"max-snippet:-1","max-image-preview":"max-image-preview:large","max-video-preview":"max-video-preview:-1"},"canonical":"https:\/\/derbe.it\/de\/produkt\/seres-haarcreme\/","og_locale":"de_DE","og_type":"article","og_title":"Crema Capillare Seres","og_description":"In ogni circostanza, in ogni luogo: questo \u00e8 il preparato unico \"indispensabile\" per i tuoi capelli! Balsamo nutriente, lucidante, districante, protettivo, deelettrizzante, dona ai capelli fini e cadenti pi\u00f9 corpo e forza e pi\u00f9 volume alla chioma.","og_url":"https:\/\/derbe.it\/de\/produkt\/seres-haarcreme\/","og_site_name":"Derbe - cosmetici naturali","article_publisher":"https:\/\/www.facebook.com\/evoderbebio","article_modified_time":"2026-05-06T10:35:43+00:00","og_image":[{"width":1600,"height":2000,"url":"https:\/\/derbe.it\/wp-content\/uploads\/2025\/05\/crema-capillare-seres-derbe_125.jpg","type":"image\/jpeg"}],"twitter_card":"summary_large_image","twitter_misc":{"Gesch\u00e4tzte Lesezeit":"2\u00a0Minuten"},"schema":{"@context":"https:\/\/schema.org","@graph":[{"@type":"WebPage","@id":"https:\/\/derbe.it\/prodotto\/crema-capillare-seres\/","url":"https:\/\/derbe.it\/prodotto\/crema-capillare-seres\/","name":"Seres Haarcreme - Derbe - Naturkosmetik","isPartOf":{"@id":"https:\/\/derbe.it\/#website"},"primaryImageOfPage":{"@id":"https:\/\/derbe.it\/prodotto\/crema-capillare-seres\/#primaryimage"},"image":{"@id":"https:\/\/derbe.it\/prodotto\/crema-capillare-seres\/#primaryimage"},"thumbnailUrl":"https:\/\/derbe.it\/wp-content\/uploads\/2025\/05\/crema-capillare-seres-derbe_125.jpg","datePublished":"2018-09-26T08:10:53+00:00","dateModified":"2026-05-06T10:35:43+00:00","description":"In jeder Situation, an jedem Ort: Dies ist das einzigartige \u201eMust-Have\u201c-Produkt f\u00fcr Ihr Haar! N\u00e4hrender, glanzverst\u00e4rkender, entwirrender, sch\u00fctzender und fliegender Conditioner, der feinem, ausfallenden Haar mehr F\u00fclle und Kraft verleiht und dem Haar mehr Volumen verleiht.","breadcrumb":{"@id":"https:\/\/derbe.it\/prodotto\/crema-capillare-seres\/#breadcrumb"},"inLanguage":"de","potentialAction":[{"@type":"ReadAction","target":["https:\/\/derbe.it\/prodotto\/crema-capillare-seres\/"]}]},{"@type":"ImageObject","inLanguage":"de","@id":"https:\/\/derbe.it\/prodotto\/crema-capillare-seres\/#primaryimage","url":"https:\/\/derbe.it\/wp-content\/uploads\/2025\/05\/crema-capillare-seres-derbe_125.jpg","contentUrl":"https:\/\/derbe.it\/wp-content\/uploads\/2025\/05\/crema-capillare-seres-derbe_125.jpg","width":1600,"height":2000},{"@type":"BreadcrumbList","@id":"https:\/\/derbe.it\/prodotto\/crema-capillare-seres\/#breadcrumb","itemListElement":[{"@type":"ListItem","position":1,"name":"Home","item":"https:\/\/derbe.it\/"},{"@type":"ListItem","position":2,"name":"Shop","item":"https:\/\/derbe.it\/en\/shop\/"},{"@type":"ListItem","position":3,"name":"Maschere e balsami","item":"https:\/\/derbe.it\/categoria-prodotto\/maschere-e-balsami\/"},{"@type":"ListItem","position":4,"name":"Crema Capillare Seres"}]},{"@type":"WebSite","@id":"https:\/\/derbe.it\/#website","url":"https:\/\/derbe.it\/","name":"Derbe","description":"Seit \u00fcber 50 Jahren \u2013 Hergestellt in Italien \u2013 Haar- und K\u00f6rperpflegeprodukte mit Pflanzenextrakten und nachhaltigen Rezepturen","publisher":{"@id":"https:\/\/derbe.it\/#organization"},"potentialAction":[{"@type":"SearchAction","target":{"@type":"EntryPoint","urlTemplate":"https:\/\/derbe.it\/?s={search_term_string}"},"query-input":{"@type":"PropertyValueSpecification","valueRequired":true,"valueName":"search_term_string"}}],"inLanguage":"de"},{"@type":"Organization","@id":"https:\/\/derbe.it\/#organization","name":"Derbe","url":"https:\/\/derbe.it\/","logo":{"@type":"ImageObject","inLanguage":"de","@id":"https:\/\/derbe.it\/#\/schema\/logo\/image\/","url":"https:\/\/derbe.it\/wp-content\/uploads\/2025\/06\/logo_derbe_firenze.png","contentUrl":"https:\/\/derbe.it\/wp-content\/uploads\/2025\/06\/logo_derbe_firenze.png","width":1200,"height":497,"caption":"Derbe"},"image":{"@id":"https:\/\/derbe.it\/#\/schema\/logo\/image\/"},"sameAs":["https:\/\/www.facebook.com\/evoderbebio","https:\/\/www.instagram.com\/derbe.official\/"],"email":"info@derbe.it","telephone":"+39 055 42 11 799","legalName":"Derbe S.r.l. a socio unico","vatID":"07272610481"}]}},"_links":{"self":[{"href":"http:\/\/derbe.it\/de\/wp-json\/wp\/v2\/product\/266","targetHints":{"allow":["GET"]}}],"collection":[{"href":"http:\/\/derbe.it\/de\/wp-json\/wp\/v2\/product"}],"about":[{"href":"http:\/\/derbe.it\/de\/wp-json\/wp\/v2\/types\/product"}],"wp:featuredmedia":[{"embeddable":true,"href":"http:\/\/derbe.it\/de\/wp-json\/wp\/v2\/media\/267"}],"wp:attachment":[{"href":"http:\/\/derbe.it\/de\/wp-json\/wp\/v2\/media?parent=266"}],"wp:term":[{"taxonomy":"caratteristica","embeddable":true,"href":"http:\/\/derbe.it\/de\/wp-json\/wp\/v2\/caratteristica?post=266"},{"taxonomy":"collezione","embeddable":true,"href":"http:\/\/derbe.it\/de\/wp-json\/wp\/v2\/collezione?post=266"},{"taxonomy":"formato","embeddable":true,"href":"http:\/\/derbe.it\/de\/wp-json\/wp\/v2\/formato?post=266"},{"taxonomy":"funzione","embeddable":true,"href":"http:\/\/derbe.it\/de\/wp-json\/wp\/v2\/funzione?post=266"},{"taxonomy":"utilizzo","embeddable":true,"href":"http:\/\/derbe.it\/de\/wp-json\/wp\/v2\/utilizzo?post=266"},{"taxonomy":"ingrediente-principale","embeddable":true,"href":"http:\/\/derbe.it\/de\/wp-json\/wp\/v2\/ingrediente-principale?post=266"},{"taxonomy":"product_brand","embeddable":true,"href":"http:\/\/derbe.it\/de\/wp-json\/wp\/v2\/product_brand?post=266"},{"taxonomy":"product_cat","embeddable":true,"href":"http:\/\/derbe.it\/de\/wp-json\/wp\/v2\/product_cat?post=266"},{"taxonomy":"product_tag","embeddable":true,"href":"http:\/\/derbe.it\/de\/wp-json\/wp\/v2\/product_tag?post=266"}],"curies":[{"name":"wp","href":"https:\/\/api.w.org\/{rel}","templated":true}]}}