{"id":1397,"date":"2025-09-11T11:44:32","date_gmt":"2025-09-11T09:44:32","guid":{"rendered":"https:\/\/derbe.it\/?post_type=product&#038;p=1397"},"modified":"2025-10-21T09:54:48","modified_gmt":"2025-10-21T07:54:48","slug":"shampoo-fur-lockiges-haar","status":"publish","type":"product","link":"https:\/\/derbe.it\/de\/produkt\/shampoo-fur-lockiges-haar\/","title":{"rendered":"Shampoo f\u00fcr lockiges Haar"},"content":{"rendered":"<p>B\u00e4ndigendes Shampoo f\u00fcr lockiges Haar. Die sanfte Formel reinigt, ohne das Haar zu beschweren, hilft, Frizz zu kontrollieren und die Feuchtigkeit des Haares zu bewahren.<br \/>\nMit Jojoba \/ Chiasamen \/ Reismilch \/ Zitronenmelisse.<\/p>","protected":false},"excerpt":{"rendered":"<p>B\u00e4ndigendes Shampoo f\u00fcr lockiges Haar. Die sanfte Formel reinigt, ohne das Haar zu beschweren, hilft, Frizz zu kontrollieren und die Feuchtigkeit des Haares zu bewahren.<br \/>\nMit Jojoba \/ Chiasamen \/ Reismilch \/ Zitronenmelisse. [\u2026]<\/p>\n<p><a class=\"btn btn-secondary understrap-read-more-link\" href=\"https:\/\/derbe.it\/de\/produkt\/shampoo-fur-lockiges-haar\/\">Mehr lesen \u2026<span class=\"screen-reader-text\"> von Shampoo f\u00fcr lockiges Haar<\/span><\/a><\/p>","protected":false},"featured_media":1398,"template":"","meta":{"_acf_changed":false},"caratteristica":[94,97,116],"collezione":[81],"formato":[],"funzione":[92],"utilizzo":[],"ingrediente-principale":[],"product_brand":[],"product_cat":[23],"product_tag":[],"class_list":{"0":"post-1397","1":"product","2":"type-product","3":"status-publish","4":"has-post-thumbnail","6":"caratteristica-bio","7":"caratteristica-pack-riciclato","8":"caratteristica-sviluppato-da-biologi-esperti","9":"collezione-botanitech","10":"funzione-capelli-ricci-mossi","11":"product_cat-shampoo","13":"first","14":"instock","15":"purchasable","16":"product-type-simple"},"acf":[],"yoast_head":"<!-- This site is optimized with the Yoast SEO Premium plugin v26.1 (Yoast SEO v26.8) - https:\/\/yoast.com\/product\/yoast-seo-premium-wordpress\/ -->\n<title>Shampoo Capelli Ricci - Derbe - cosmetici naturali<\/title>\n<meta name=\"description\" content=\"Shampoo disciplinante per capelli ricci. La sua formula delicata deterge senza appesantire, aiutando a controllare il crespo e a mantenere l\u2019idratazione del capello. Con Jojoba \/ Semi di chia \/ Latte di riso \/ Melissa.\" \/>\n<meta name=\"robots\" content=\"index, follow, max-snippet:-1, max-image-preview:large, max-video-preview:-1\" \/>\n<link rel=\"canonical\" href=\"https:\/\/derbe.it\/de\/produkt\/shampoo-fur-lockiges-haar\/\" \/>\n<meta property=\"og:locale\" content=\"de_DE\" \/>\n<meta property=\"og:type\" content=\"article\" \/>\n<meta property=\"og:title\" content=\"Shampoo Capelli Ricci\" \/>\n<meta property=\"og:description\" content=\"Shampoo disciplinante per capelli ricci. La sua formula delicata deterge senza appesantire, aiutando a controllare il crespo e a mantenere l\u2019idratazione del capello. Con Jojoba \/ Semi di chia \/ Latte di riso \/ Melissa.\" \/>\n<meta property=\"og:url\" content=\"https:\/\/derbe.it\/de\/produkt\/shampoo-fur-lockiges-haar\/\" \/>\n<meta property=\"og:site_name\" content=\"Derbe - cosmetici naturali\" \/>\n<meta property=\"article:publisher\" content=\"https:\/\/www.facebook.com\/evoderbebio\" \/>\n<meta property=\"article:modified_time\" content=\"2025-10-21T07:54:48+00:00\" \/>\n<meta property=\"og:image\" content=\"https:\/\/derbe.it\/wp-content\/uploads\/2025\/09\/shampoo-capelli-ricci.jpg\" \/>\n\t<meta property=\"og:image:width\" content=\"1600\" \/>\n\t<meta property=\"og:image:height\" content=\"2000\" \/>\n\t<meta property=\"og:image:type\" content=\"image\/jpeg\" \/>\n<meta name=\"twitter:card\" content=\"summary_large_image\" \/>\n<script type=\"application\/ld+json\" class=\"yoast-schema-graph\">{\"@context\":\"https:\/\/schema.org\",\"@graph\":[{\"@type\":\"WebPage\",\"@id\":\"https:\/\/derbe.it\/prodotto\/shampoo-capelli-ricci\/\",\"url\":\"https:\/\/derbe.it\/prodotto\/shampoo-capelli-ricci\/\",\"name\":\"Shampoo Capelli Ricci - Derbe - cosmetici naturali\",\"isPartOf\":{\"@id\":\"https:\/\/derbe.it\/#website\"},\"primaryImageOfPage\":{\"@id\":\"https:\/\/derbe.it\/prodotto\/shampoo-capelli-ricci\/#primaryimage\"},\"image\":{\"@id\":\"https:\/\/derbe.it\/prodotto\/shampoo-capelli-ricci\/#primaryimage\"},\"thumbnailUrl\":\"https:\/\/derbe.it\/wp-content\/uploads\/2025\/09\/shampoo-capelli-ricci.jpg\",\"datePublished\":\"2025-09-11T09:44:32+00:00\",\"dateModified\":\"2025-10-21T07:54:48+00:00\",\"description\":\"Shampoo disciplinante per capelli ricci. La sua formula delicata deterge senza appesantire, aiutando a controllare il crespo e a mantenere l\u2019idratazione del capello. Con Jojoba \/ Semi di chia \/ Latte di riso \/ Melissa.\",\"breadcrumb\":{\"@id\":\"https:\/\/derbe.it\/prodotto\/shampoo-capelli-ricci\/#breadcrumb\"},\"inLanguage\":\"de\",\"potentialAction\":[{\"@type\":\"ReadAction\",\"target\":[\"https:\/\/derbe.it\/prodotto\/shampoo-capelli-ricci\/\"]}]},{\"@type\":\"ImageObject\",\"inLanguage\":\"de\",\"@id\":\"https:\/\/derbe.it\/prodotto\/shampoo-capelli-ricci\/#primaryimage\",\"url\":\"https:\/\/derbe.it\/wp-content\/uploads\/2025\/09\/shampoo-capelli-ricci.jpg\",\"contentUrl\":\"https:\/\/derbe.it\/wp-content\/uploads\/2025\/09\/shampoo-capelli-ricci.jpg\",\"width\":1600,\"height\":2000},{\"@type\":\"BreadcrumbList\",\"@id\":\"https:\/\/derbe.it\/prodotto\/shampoo-capelli-ricci\/#breadcrumb\",\"itemListElement\":[{\"@type\":\"ListItem\",\"position\":1,\"name\":\"Home\",\"item\":\"https:\/\/derbe.it\/\"},{\"@type\":\"ListItem\",\"position\":2,\"name\":\"Shop\",\"item\":\"https:\/\/derbe.it\/en\/shop\/\"},{\"@type\":\"ListItem\",\"position\":3,\"name\":\"Shampoo\",\"item\":\"https:\/\/derbe.it\/categoria-prodotto\/shampoo\/\"},{\"@type\":\"ListItem\",\"position\":4,\"name\":\"Shampoo Capelli Ricci\"}]},{\"@type\":\"WebSite\",\"@id\":\"https:\/\/derbe.it\/#website\",\"url\":\"https:\/\/derbe.it\/\",\"name\":\"Derbe\",\"description\":\"Da oltre 50 anni - Made in italy - prodotti per capelli e corpo con estratti vegetali e formule sostenibili\",\"publisher\":{\"@id\":\"https:\/\/derbe.it\/#organization\"},\"potentialAction\":[{\"@type\":\"SearchAction\",\"target\":{\"@type\":\"EntryPoint\",\"urlTemplate\":\"https:\/\/derbe.it\/?s={search_term_string}\"},\"query-input\":{\"@type\":\"PropertyValueSpecification\",\"valueRequired\":true,\"valueName\":\"search_term_string\"}}],\"inLanguage\":\"de\"},{\"@type\":\"Organization\",\"@id\":\"https:\/\/derbe.it\/#organization\",\"name\":\"Derbe\",\"url\":\"https:\/\/derbe.it\/\",\"logo\":{\"@type\":\"ImageObject\",\"inLanguage\":\"de\",\"@id\":\"https:\/\/derbe.it\/#\/schema\/logo\/image\/\",\"url\":\"https:\/\/derbe.it\/wp-content\/uploads\/2025\/06\/logo_derbe_firenze.png\",\"contentUrl\":\"https:\/\/derbe.it\/wp-content\/uploads\/2025\/06\/logo_derbe_firenze.png\",\"width\":1200,\"height\":497,\"caption\":\"Derbe\"},\"image\":{\"@id\":\"https:\/\/derbe.it\/#\/schema\/logo\/image\/\"},\"sameAs\":[\"https:\/\/www.facebook.com\/evoderbebio\",\"https:\/\/www.instagram.com\/derbe.official\/\"],\"email\":\"info@derbe.it\",\"telephone\":\"+39 055 42 11 799\",\"legalName\":\"Derbe S.r.l. a socio unico\",\"vatID\":\"07272610481\"}]}<\/script>\n<!-- \/ Yoast SEO Premium plugin. -->","yoast_head_json":{"title":"Shampoo f\u00fcr lockiges Haar - Derbe - Naturkosmetik","description":"B\u00e4ndigendes Shampoo f\u00fcr lockiges Haar. Die sanfte Formel reinigt, ohne das Haar zu beschweren, b\u00e4ndigt Frizz und spendet Feuchtigkeit. Mit Jojoba\u00f6l, Chiasamen, Reismilch und Zitronenmelisse.","robots":{"index":"index","follow":"follow","max-snippet":"max-snippet:-1","max-image-preview":"max-image-preview:large","max-video-preview":"max-video-preview:-1"},"canonical":"https:\/\/derbe.it\/de\/produkt\/shampoo-fur-lockiges-haar\/","og_locale":"de_DE","og_type":"article","og_title":"Shampoo Capelli Ricci","og_description":"Shampoo disciplinante per capelli ricci. La sua formula delicata deterge senza appesantire, aiutando a controllare il crespo e a mantenere l\u2019idratazione del capello. Con Jojoba \/ Semi di chia \/ Latte di riso \/ Melissa.","og_url":"https:\/\/derbe.it\/de\/produkt\/shampoo-fur-lockiges-haar\/","og_site_name":"Derbe - cosmetici naturali","article_publisher":"https:\/\/www.facebook.com\/evoderbebio","article_modified_time":"2025-10-21T07:54:48+00:00","og_image":[{"width":1600,"height":2000,"url":"https:\/\/derbe.it\/wp-content\/uploads\/2025\/09\/shampoo-capelli-ricci.jpg","type":"image\/jpeg"}],"twitter_card":"summary_large_image","schema":{"@context":"https:\/\/schema.org","@graph":[{"@type":"WebPage","@id":"https:\/\/derbe.it\/prodotto\/shampoo-capelli-ricci\/","url":"https:\/\/derbe.it\/prodotto\/shampoo-capelli-ricci\/","name":"Shampoo f\u00fcr lockiges Haar - Derbe - Naturkosmetik","isPartOf":{"@id":"https:\/\/derbe.it\/#website"},"primaryImageOfPage":{"@id":"https:\/\/derbe.it\/prodotto\/shampoo-capelli-ricci\/#primaryimage"},"image":{"@id":"https:\/\/derbe.it\/prodotto\/shampoo-capelli-ricci\/#primaryimage"},"thumbnailUrl":"https:\/\/derbe.it\/wp-content\/uploads\/2025\/09\/shampoo-capelli-ricci.jpg","datePublished":"2025-09-11T09:44:32+00:00","dateModified":"2025-10-21T07:54:48+00:00","description":"B\u00e4ndigendes Shampoo f\u00fcr lockiges Haar. Die sanfte Formel reinigt, ohne das Haar zu beschweren, b\u00e4ndigt Frizz und spendet Feuchtigkeit. Mit Jojoba\u00f6l, Chiasamen, Reismilch und Zitronenmelisse.","breadcrumb":{"@id":"https:\/\/derbe.it\/prodotto\/shampoo-capelli-ricci\/#breadcrumb"},"inLanguage":"de","potentialAction":[{"@type":"ReadAction","target":["https:\/\/derbe.it\/prodotto\/shampoo-capelli-ricci\/"]}]},{"@type":"ImageObject","inLanguage":"de","@id":"https:\/\/derbe.it\/prodotto\/shampoo-capelli-ricci\/#primaryimage","url":"https:\/\/derbe.it\/wp-content\/uploads\/2025\/09\/shampoo-capelli-ricci.jpg","contentUrl":"https:\/\/derbe.it\/wp-content\/uploads\/2025\/09\/shampoo-capelli-ricci.jpg","width":1600,"height":2000},{"@type":"BreadcrumbList","@id":"https:\/\/derbe.it\/prodotto\/shampoo-capelli-ricci\/#breadcrumb","itemListElement":[{"@type":"ListItem","position":1,"name":"Home","item":"https:\/\/derbe.it\/"},{"@type":"ListItem","position":2,"name":"Shop","item":"https:\/\/derbe.it\/en\/shop\/"},{"@type":"ListItem","position":3,"name":"Shampoo","item":"https:\/\/derbe.it\/categoria-prodotto\/shampoo\/"},{"@type":"ListItem","position":4,"name":"Shampoo Capelli Ricci"}]},{"@type":"WebSite","@id":"https:\/\/derbe.it\/#website","url":"https:\/\/derbe.it\/","name":"Derbe","description":"Seit \u00fcber 50 Jahren \u2013 Hergestellt in Italien \u2013 Haar- und K\u00f6rperpflegeprodukte mit Pflanzenextrakten und nachhaltigen Rezepturen","publisher":{"@id":"https:\/\/derbe.it\/#organization"},"potentialAction":[{"@type":"SearchAction","target":{"@type":"EntryPoint","urlTemplate":"https:\/\/derbe.it\/?s={search_term_string}"},"query-input":{"@type":"PropertyValueSpecification","valueRequired":true,"valueName":"search_term_string"}}],"inLanguage":"de"},{"@type":"Organization","@id":"https:\/\/derbe.it\/#organization","name":"Derbe","url":"https:\/\/derbe.it\/","logo":{"@type":"ImageObject","inLanguage":"de","@id":"https:\/\/derbe.it\/#\/schema\/logo\/image\/","url":"https:\/\/derbe.it\/wp-content\/uploads\/2025\/06\/logo_derbe_firenze.png","contentUrl":"https:\/\/derbe.it\/wp-content\/uploads\/2025\/06\/logo_derbe_firenze.png","width":1200,"height":497,"caption":"Derbe"},"image":{"@id":"https:\/\/derbe.it\/#\/schema\/logo\/image\/"},"sameAs":["https:\/\/www.facebook.com\/evoderbebio","https:\/\/www.instagram.com\/derbe.official\/"],"email":"info@derbe.it","telephone":"+39 055 42 11 799","legalName":"Derbe S.r.l. a socio unico","vatID":"07272610481"}]}},"_links":{"self":[{"href":"https:\/\/derbe.it\/de\/wp-json\/wp\/v2\/product\/1397","targetHints":{"allow":["GET"]}}],"collection":[{"href":"https:\/\/derbe.it\/de\/wp-json\/wp\/v2\/product"}],"about":[{"href":"https:\/\/derbe.it\/de\/wp-json\/wp\/v2\/types\/product"}],"wp:featuredmedia":[{"embeddable":true,"href":"https:\/\/derbe.it\/de\/wp-json\/wp\/v2\/media\/1398"}],"wp:attachment":[{"href":"https:\/\/derbe.it\/de\/wp-json\/wp\/v2\/media?parent=1397"}],"wp:term":[{"taxonomy":"caratteristica","embeddable":true,"href":"https:\/\/derbe.it\/de\/wp-json\/wp\/v2\/caratteristica?post=1397"},{"taxonomy":"collezione","embeddable":true,"href":"https:\/\/derbe.it\/de\/wp-json\/wp\/v2\/collezione?post=1397"},{"taxonomy":"formato","embeddable":true,"href":"https:\/\/derbe.it\/de\/wp-json\/wp\/v2\/formato?post=1397"},{"taxonomy":"funzione","embeddable":true,"href":"https:\/\/derbe.it\/de\/wp-json\/wp\/v2\/funzione?post=1397"},{"taxonomy":"utilizzo","embeddable":true,"href":"https:\/\/derbe.it\/de\/wp-json\/wp\/v2\/utilizzo?post=1397"},{"taxonomy":"ingrediente-principale","embeddable":true,"href":"https:\/\/derbe.it\/de\/wp-json\/wp\/v2\/ingrediente-principale?post=1397"},{"taxonomy":"product_brand","embeddable":true,"href":"https:\/\/derbe.it\/de\/wp-json\/wp\/v2\/product_brand?post=1397"},{"taxonomy":"product_cat","embeddable":true,"href":"https:\/\/derbe.it\/de\/wp-json\/wp\/v2\/product_cat?post=1397"},{"taxonomy":"product_tag","embeddable":true,"href":"https:\/\/derbe.it\/de\/wp-json\/wp\/v2\/product_tag?post=1397"}],"curies":[{"name":"wp","href":"https:\/\/api.w.org\/{rel}","templated":true}]}}