{"id":192,"date":"2018-09-26T10:09:43","date_gmt":"2018-09-26T08:09:43","guid":{"rendered":"https:\/\/derbe.it\/prodotto\/acqua-del-benessere\/"},"modified":"2025-09-03T18:24:37","modified_gmt":"2025-09-03T16:24:37","slug":"wasser-des-wohlbefindens","status":"publish","type":"product","link":"https:\/\/derbe.it\/de\/produkt\/wasser-des-wohlbefindens\/","title":{"rendered":"Wasser des Wohlbefindens"},"content":{"rendered":"<p>Mit \u00e4therischen \u00d6len. Mit Derbe Wellbeing Water nimmt uns der Duft der Minze mit auf eine ganz nat\u00fcrliche Reise, wiegt uns in eine Oase des Wohlbefindens, die alle Grenzen der menschlichen Empfindung \u00fcberschreitet und uns in ein Sinneserlebnis voller angenehmer Empfindungen versetzt.<\/p>","protected":false},"excerpt":{"rendered":"<p>Dedicata agli amanti della menta, a coloro che se ne vogliono vestire e farne un&#8217;essenza della propria vita. [&#8230;]<\/p>\n<p><a class=\"btn btn-secondary understrap-read-more-link\" href=\"https:\/\/derbe.it\/de\/produkt\/wasser-des-wohlbefindens\/\">Mehr lesen \u2026<span class=\"screen-reader-text\"> from Acqua del Benessere<\/span><\/a><\/p>","protected":false},"featured_media":193,"template":"","meta":{"_acf_changed":false},"caratteristica":[],"collezione":[123,75],"formato":[],"funzione":[],"utilizzo":[],"ingrediente-principale":[],"product_brand":[],"product_cat":[107],"product_tag":[],"class_list":{"0":"post-192","1":"product","2":"type-product","3":"status-publish","4":"has-post-thumbnail","6":"collezione-aroma-derbe","7":"collezione-speziali-fiorentini","8":"product_cat-profumo","10":"first","11":"instock","12":"sale","13":"purchasable","14":"product-type-simple"},"acf":[],"yoast_head":"<!-- This site is optimized with the Yoast SEO Premium plugin v26.1 (Yoast SEO v26.8) - https:\/\/yoast.com\/product\/yoast-seo-premium-wordpress\/ -->\n<title>Acqua del Benessere - Derbe - cosmetici naturali<\/title>\n<meta name=\"description\" content=\"Dedicata agli amanti della menta, a coloro che se ne vogliono vestire e farne un&#039;essenza della propria vita.\" \/>\n<meta name=\"robots\" content=\"index, follow, max-snippet:-1, max-image-preview:large, max-video-preview:-1\" \/>\n<link rel=\"canonical\" href=\"https:\/\/derbe.it\/de\/produkt\/wasser-des-wohlbefindens\/\" \/>\n<meta property=\"og:locale\" content=\"de_DE\" \/>\n<meta property=\"og:type\" content=\"article\" \/>\n<meta property=\"og:title\" content=\"Acqua del Benessere\" \/>\n<meta property=\"og:description\" content=\"Dedicata agli amanti della menta, a coloro che se ne vogliono vestire e farne un&#039;essenza della propria vita.\" \/>\n<meta property=\"og:url\" content=\"https:\/\/derbe.it\/de\/produkt\/wasser-des-wohlbefindens\/\" \/>\n<meta property=\"og:site_name\" content=\"Derbe - cosmetici naturali\" \/>\n<meta property=\"article:publisher\" content=\"https:\/\/www.facebook.com\/evoderbebio\" \/>\n<meta property=\"article:modified_time\" content=\"2025-09-03T16:24:37+00:00\" \/>\n<meta property=\"og:image\" content=\"https:\/\/derbe.it\/wp-content\/uploads\/2025\/05\/acqua-del-benessere-derbe.jpg\" \/>\n\t<meta property=\"og:image:width\" content=\"1600\" \/>\n\t<meta property=\"og:image:height\" content=\"2000\" \/>\n\t<meta property=\"og:image:type\" content=\"image\/jpeg\" \/>\n<meta name=\"twitter:card\" content=\"summary_large_image\" \/>\n<script type=\"application\/ld+json\" class=\"yoast-schema-graph\">{\"@context\":\"https:\/\/schema.org\",\"@graph\":[{\"@type\":\"WebPage\",\"@id\":\"https:\/\/derbe.it\/prodotto\/acqua-del-benessere\/\",\"url\":\"https:\/\/derbe.it\/prodotto\/acqua-del-benessere\/\",\"name\":\"Acqua del Benessere - Derbe - cosmetici naturali\",\"isPartOf\":{\"@id\":\"https:\/\/derbe.it\/#website\"},\"primaryImageOfPage\":{\"@id\":\"https:\/\/derbe.it\/prodotto\/acqua-del-benessere\/#primaryimage\"},\"image\":{\"@id\":\"https:\/\/derbe.it\/prodotto\/acqua-del-benessere\/#primaryimage\"},\"thumbnailUrl\":\"https:\/\/derbe.it\/wp-content\/uploads\/2025\/05\/acqua-del-benessere-derbe.jpg\",\"datePublished\":\"2018-09-26T08:09:43+00:00\",\"dateModified\":\"2025-09-03T16:24:37+00:00\",\"description\":\"Dedicata agli amanti della menta, a coloro che se ne vogliono vestire e farne un'essenza della propria vita.\",\"breadcrumb\":{\"@id\":\"https:\/\/derbe.it\/prodotto\/acqua-del-benessere\/#breadcrumb\"},\"inLanguage\":\"de\",\"potentialAction\":[{\"@type\":\"ReadAction\",\"target\":[\"https:\/\/derbe.it\/prodotto\/acqua-del-benessere\/\"]}]},{\"@type\":\"ImageObject\",\"inLanguage\":\"de\",\"@id\":\"https:\/\/derbe.it\/prodotto\/acqua-del-benessere\/#primaryimage\",\"url\":\"https:\/\/derbe.it\/wp-content\/uploads\/2025\/05\/acqua-del-benessere-derbe.jpg\",\"contentUrl\":\"https:\/\/derbe.it\/wp-content\/uploads\/2025\/05\/acqua-del-benessere-derbe.jpg\",\"width\":1600,\"height\":2000,\"caption\":\"Acqua del benessere per il corpo - DERBE - Aroma Derbe\"},{\"@type\":\"BreadcrumbList\",\"@id\":\"https:\/\/derbe.it\/prodotto\/acqua-del-benessere\/#breadcrumb\",\"itemListElement\":[{\"@type\":\"ListItem\",\"position\":1,\"name\":\"Home\",\"item\":\"https:\/\/derbe.it\/\"},{\"@type\":\"ListItem\",\"position\":2,\"name\":\"Shop\",\"item\":\"https:\/\/derbe.it\/en\/shop\/\"},{\"@type\":\"ListItem\",\"position\":3,\"name\":\"Profumo\",\"item\":\"https:\/\/derbe.it\/categoria-prodotto\/profumo\/\"},{\"@type\":\"ListItem\",\"position\":4,\"name\":\"Acqua del Benessere\"}]},{\"@type\":\"WebSite\",\"@id\":\"https:\/\/derbe.it\/#website\",\"url\":\"https:\/\/derbe.it\/\",\"name\":\"Derbe\",\"description\":\"Da oltre 50 anni - Made in italy - prodotti per capelli e corpo con estratti vegetali e formule sostenibili\",\"publisher\":{\"@id\":\"https:\/\/derbe.it\/#organization\"},\"potentialAction\":[{\"@type\":\"SearchAction\",\"target\":{\"@type\":\"EntryPoint\",\"urlTemplate\":\"https:\/\/derbe.it\/?s={search_term_string}\"},\"query-input\":{\"@type\":\"PropertyValueSpecification\",\"valueRequired\":true,\"valueName\":\"search_term_string\"}}],\"inLanguage\":\"de\"},{\"@type\":\"Organization\",\"@id\":\"https:\/\/derbe.it\/#organization\",\"name\":\"Derbe\",\"url\":\"https:\/\/derbe.it\/\",\"logo\":{\"@type\":\"ImageObject\",\"inLanguage\":\"de\",\"@id\":\"https:\/\/derbe.it\/#\/schema\/logo\/image\/\",\"url\":\"https:\/\/derbe.it\/wp-content\/uploads\/2025\/06\/logo_derbe_firenze.png\",\"contentUrl\":\"https:\/\/derbe.it\/wp-content\/uploads\/2025\/06\/logo_derbe_firenze.png\",\"width\":1200,\"height\":497,\"caption\":\"Derbe\"},\"image\":{\"@id\":\"https:\/\/derbe.it\/#\/schema\/logo\/image\/\"},\"sameAs\":[\"https:\/\/www.facebook.com\/evoderbebio\",\"https:\/\/www.instagram.com\/derbe.official\/\"],\"email\":\"info@derbe.it\",\"telephone\":\"+39 055 42 11 799\",\"legalName\":\"Derbe S.r.l. a socio unico\",\"vatID\":\"07272610481\"}]}<\/script>\n<!-- \/ Yoast SEO Premium plugin. -->","yoast_head_json":{"title":"Wohlf\u00fchlwasser - Derbe - Naturkosmetik","description":"Gewidmet den Liebhabern von Minze, denen, die sich damit kleiden und es zu einem wesentlichen Bestandteil ihres Lebens machen m\u00f6chten.","robots":{"index":"index","follow":"follow","max-snippet":"max-snippet:-1","max-image-preview":"max-image-preview:large","max-video-preview":"max-video-preview:-1"},"canonical":"https:\/\/derbe.it\/de\/produkt\/wasser-des-wohlbefindens\/","og_locale":"de_DE","og_type":"article","og_title":"Acqua del Benessere","og_description":"Dedicata agli amanti della menta, a coloro che se ne vogliono vestire e farne un'essenza della propria vita.","og_url":"https:\/\/derbe.it\/de\/produkt\/wasser-des-wohlbefindens\/","og_site_name":"Derbe - cosmetici naturali","article_publisher":"https:\/\/www.facebook.com\/evoderbebio","article_modified_time":"2025-09-03T16:24:37+00:00","og_image":[{"width":1600,"height":2000,"url":"https:\/\/derbe.it\/wp-content\/uploads\/2025\/05\/acqua-del-benessere-derbe.jpg","type":"image\/jpeg"}],"twitter_card":"summary_large_image","schema":{"@context":"https:\/\/schema.org","@graph":[{"@type":"WebPage","@id":"https:\/\/derbe.it\/prodotto\/acqua-del-benessere\/","url":"https:\/\/derbe.it\/prodotto\/acqua-del-benessere\/","name":"Wohlf\u00fchlwasser - Derbe - Naturkosmetik","isPartOf":{"@id":"https:\/\/derbe.it\/#website"},"primaryImageOfPage":{"@id":"https:\/\/derbe.it\/prodotto\/acqua-del-benessere\/#primaryimage"},"image":{"@id":"https:\/\/derbe.it\/prodotto\/acqua-del-benessere\/#primaryimage"},"thumbnailUrl":"https:\/\/derbe.it\/wp-content\/uploads\/2025\/05\/acqua-del-benessere-derbe.jpg","datePublished":"2018-09-26T08:09:43+00:00","dateModified":"2025-09-03T16:24:37+00:00","description":"Gewidmet den Liebhabern von Minze, denen, die sich damit kleiden und es zu einem wesentlichen Bestandteil ihres Lebens machen m\u00f6chten.","breadcrumb":{"@id":"https:\/\/derbe.it\/prodotto\/acqua-del-benessere\/#breadcrumb"},"inLanguage":"de","potentialAction":[{"@type":"ReadAction","target":["https:\/\/derbe.it\/prodotto\/acqua-del-benessere\/"]}]},{"@type":"ImageObject","inLanguage":"de","@id":"https:\/\/derbe.it\/prodotto\/acqua-del-benessere\/#primaryimage","url":"https:\/\/derbe.it\/wp-content\/uploads\/2025\/05\/acqua-del-benessere-derbe.jpg","contentUrl":"https:\/\/derbe.it\/wp-content\/uploads\/2025\/05\/acqua-del-benessere-derbe.jpg","width":1600,"height":2000,"caption":"Acqua del benessere per il corpo - DERBE - Aroma Derbe"},{"@type":"BreadcrumbList","@id":"https:\/\/derbe.it\/prodotto\/acqua-del-benessere\/#breadcrumb","itemListElement":[{"@type":"ListItem","position":1,"name":"Home","item":"https:\/\/derbe.it\/"},{"@type":"ListItem","position":2,"name":"Shop","item":"https:\/\/derbe.it\/en\/shop\/"},{"@type":"ListItem","position":3,"name":"Profumo","item":"https:\/\/derbe.it\/categoria-prodotto\/profumo\/"},{"@type":"ListItem","position":4,"name":"Acqua del Benessere"}]},{"@type":"WebSite","@id":"https:\/\/derbe.it\/#website","url":"https:\/\/derbe.it\/","name":"Derbe","description":"Seit \u00fcber 50 Jahren \u2013 Hergestellt in Italien \u2013 Haar- und K\u00f6rperpflegeprodukte mit Pflanzenextrakten und nachhaltigen Rezepturen","publisher":{"@id":"https:\/\/derbe.it\/#organization"},"potentialAction":[{"@type":"SearchAction","target":{"@type":"EntryPoint","urlTemplate":"https:\/\/derbe.it\/?s={search_term_string}"},"query-input":{"@type":"PropertyValueSpecification","valueRequired":true,"valueName":"search_term_string"}}],"inLanguage":"de"},{"@type":"Organization","@id":"https:\/\/derbe.it\/#organization","name":"Derbe","url":"https:\/\/derbe.it\/","logo":{"@type":"ImageObject","inLanguage":"de","@id":"https:\/\/derbe.it\/#\/schema\/logo\/image\/","url":"https:\/\/derbe.it\/wp-content\/uploads\/2025\/06\/logo_derbe_firenze.png","contentUrl":"https:\/\/derbe.it\/wp-content\/uploads\/2025\/06\/logo_derbe_firenze.png","width":1200,"height":497,"caption":"Derbe"},"image":{"@id":"https:\/\/derbe.it\/#\/schema\/logo\/image\/"},"sameAs":["https:\/\/www.facebook.com\/evoderbebio","https:\/\/www.instagram.com\/derbe.official\/"],"email":"info@derbe.it","telephone":"+39 055 42 11 799","legalName":"Derbe S.r.l. a socio unico","vatID":"07272610481"}]}},"_links":{"self":[{"href":"https:\/\/derbe.it\/de\/wp-json\/wp\/v2\/product\/192","targetHints":{"allow":["GET"]}}],"collection":[{"href":"https:\/\/derbe.it\/de\/wp-json\/wp\/v2\/product"}],"about":[{"href":"https:\/\/derbe.it\/de\/wp-json\/wp\/v2\/types\/product"}],"wp:featuredmedia":[{"embeddable":true,"href":"https:\/\/derbe.it\/de\/wp-json\/wp\/v2\/media\/193"}],"wp:attachment":[{"href":"https:\/\/derbe.it\/de\/wp-json\/wp\/v2\/media?parent=192"}],"wp:term":[{"taxonomy":"caratteristica","embeddable":true,"href":"https:\/\/derbe.it\/de\/wp-json\/wp\/v2\/caratteristica?post=192"},{"taxonomy":"collezione","embeddable":true,"href":"https:\/\/derbe.it\/de\/wp-json\/wp\/v2\/collezione?post=192"},{"taxonomy":"formato","embeddable":true,"href":"https:\/\/derbe.it\/de\/wp-json\/wp\/v2\/formato?post=192"},{"taxonomy":"funzione","embeddable":true,"href":"https:\/\/derbe.it\/de\/wp-json\/wp\/v2\/funzione?post=192"},{"taxonomy":"utilizzo","embeddable":true,"href":"https:\/\/derbe.it\/de\/wp-json\/wp\/v2\/utilizzo?post=192"},{"taxonomy":"ingrediente-principale","embeddable":true,"href":"https:\/\/derbe.it\/de\/wp-json\/wp\/v2\/ingrediente-principale?post=192"},{"taxonomy":"product_brand","embeddable":true,"href":"https:\/\/derbe.it\/de\/wp-json\/wp\/v2\/product_brand?post=192"},{"taxonomy":"product_cat","embeddable":true,"href":"https:\/\/derbe.it\/de\/wp-json\/wp\/v2\/product_cat?post=192"},{"taxonomy":"product_tag","embeddable":true,"href":"https:\/\/derbe.it\/de\/wp-json\/wp\/v2\/product_tag?post=192"}],"curies":[{"name":"wp","href":"https:\/\/api.w.org\/{rel}","templated":true}]}}