{"id":199,"date":"2018-09-26T10:12:27","date_gmt":"2018-09-26T08:12:27","guid":{"rendered":"https:\/\/derbe.it\/prodotto\/olioderbe-capelli-normali\/"},"modified":"2025-11-12T11:00:43","modified_gmt":"2025-11-12T10:00:43","slug":"olioderbe-normales-haar","status":"publish","type":"product","link":"https:\/\/derbe.it\/de\/produkt\/olioderbe-normales-haar\/","title":{"rendered":"OlioDerbe \u2013 normales Haar"},"content":{"rendered":"<p>Olioderbe f\u00fcr normales Haar l\u00f6st fettige und schmutzige Kopfhaut auf und sp\u00fclt sie beim letzten Sp\u00fclgang aus. So wird eine gr\u00fcndliche und dennoch besonders schonende Reinigung gew\u00e4hrleistet. Das Haar wird kr\u00e4ftig und gl\u00e4nzend.<\/p>\n<ul>\n<li>mit <strong>Rizinus\u00f6l<\/strong>: Regt die lokale Mikrozirkulation an. Sch\u00fctzt vor \u00e4u\u00dferen Einfl\u00fcssen und bek\u00e4mpft Trockenheit.<\/li>\n<li>mit <strong>Menthol<\/strong>: mit erfrischender Wirkung<\/li>\n<li>mit <strong>Kampfer<\/strong>: mit anregender Wirkung<\/li>\n<\/ul>","protected":false},"excerpt":{"rendered":"<p>Olioderbe \u00e8 il primo, il vero e originale olio che lava i capelli. Funziona come uno sciampo ma non contiene acqua e non fa schiuma. Pulisce i capelli per affinit\u00e0, ossia combinandosi con il sebo e le particelle di sporcizia senza bisogno di acqua e senza penetrare nella cute e nelle strutture cheratiniche. Non aggredisce la cute e non sfibra il capello e pu\u00f2 essere utilizzato anche tutti i giorni. [&#8230;]<\/p>\n<p><a class=\"btn btn-secondary understrap-read-more-link\" href=\"https:\/\/derbe.it\/de\/produkt\/olioderbe-normales-haar\/\">Mehr lesen \u2026<span class=\"screen-reader-text\"> from OlioDerbe &#8211; capelli normali<\/span><\/a><\/p>","protected":false},"featured_media":941,"template":"","meta":{"_acf_changed":false},"caratteristica":[97,116,95],"collezione":[99],"formato":[],"funzione":[83],"utilizzo":[],"ingrediente-principale":[],"product_brand":[],"product_cat":[100],"product_tag":[],"class_list":{"0":"post-199","1":"product","2":"type-product","3":"status-publish","4":"has-post-thumbnail","6":"caratteristica-pack-riciclato","7":"caratteristica-sviluppato-da-biologi-esperti","8":"caratteristica-vegan","9":"collezione-olioderbe","10":"funzione-capelli-normali-equilibrati","11":"product_cat-olio-lavante","13":"first","14":"instock","15":"purchasable","16":"product-type-simple"},"acf":[],"yoast_head":"<!-- This site is optimized with the Yoast SEO Premium plugin v26.1 (Yoast SEO v26.8) - https:\/\/yoast.com\/product\/yoast-seo-premium-wordpress\/ -->\n<title>OlioDerbe - capelli normali - Derbe - cosmetici naturali<\/title>\n<meta name=\"description\" content=\"Olioderbe \u00e8 il primo, il vero e originale olio che lava i capelli. Funziona come uno sciampo ma non contiene acqua e non fa schiuma. Pulisce i capelli per affinit\u00e0, ossia combinandosi con il sebo e le particelle di sporcizia senza bisogno di acqua e senza penetrare nella cute e nelle strutture cheratiniche. Non aggredisce la cute e non sfibra il capello e pu\u00f2 essere utilizzato anche tutti i giorni.\" \/>\n<meta name=\"robots\" content=\"index, follow, max-snippet:-1, max-image-preview:large, max-video-preview:-1\" \/>\n<link rel=\"canonical\" href=\"https:\/\/derbe.it\/de\/produkt\/olioderbe-normales-haar\/\" \/>\n<meta property=\"og:locale\" content=\"de_DE\" \/>\n<meta property=\"og:type\" content=\"article\" \/>\n<meta property=\"og:title\" content=\"OlioDerbe - capelli normali\" \/>\n<meta property=\"og:description\" content=\"Olioderbe \u00e8 il primo, il vero e originale olio che lava i capelli. Funziona come uno sciampo ma non contiene acqua e non fa schiuma. Pulisce i capelli per affinit\u00e0, ossia combinandosi con il sebo e le particelle di sporcizia senza bisogno di acqua e senza penetrare nella cute e nelle strutture cheratiniche. Non aggredisce la cute e non sfibra il capello e pu\u00f2 essere utilizzato anche tutti i giorni.\" \/>\n<meta property=\"og:url\" content=\"https:\/\/derbe.it\/de\/produkt\/olioderbe-normales-haar\/\" \/>\n<meta property=\"og:site_name\" content=\"Derbe - cosmetici naturali\" \/>\n<meta property=\"article:publisher\" content=\"https:\/\/www.facebook.com\/evoderbebio\" \/>\n<meta property=\"article:modified_time\" content=\"2025-11-12T10:00:43+00:00\" \/>\n<meta property=\"og:image\" content=\"https:\/\/derbe.it\/wp-content\/uploads\/2018\/09\/olioderbe-capelli-normali.jpg\" \/>\n\t<meta property=\"og:image:width\" content=\"1600\" \/>\n\t<meta property=\"og:image:height\" content=\"2000\" \/>\n\t<meta property=\"og:image:type\" content=\"image\/jpeg\" \/>\n<meta name=\"twitter:card\" content=\"summary_large_image\" \/>\n<meta name=\"twitter:label1\" content=\"Gesch\u00e4tzte Lesezeit\" \/>\n\t<meta name=\"twitter:data1\" content=\"1\u00a0Minute\" \/>\n<script type=\"application\/ld+json\" class=\"yoast-schema-graph\">{\"@context\":\"https:\/\/schema.org\",\"@graph\":[{\"@type\":\"WebPage\",\"@id\":\"https:\/\/derbe.it\/prodotto\/olioderbe-capelli-normali\/\",\"url\":\"https:\/\/derbe.it\/prodotto\/olioderbe-capelli-normali\/\",\"name\":\"OlioDerbe - capelli normali - Derbe - cosmetici naturali\",\"isPartOf\":{\"@id\":\"https:\/\/derbe.it\/#website\"},\"primaryImageOfPage\":{\"@id\":\"https:\/\/derbe.it\/prodotto\/olioderbe-capelli-normali\/#primaryimage\"},\"image\":{\"@id\":\"https:\/\/derbe.it\/prodotto\/olioderbe-capelli-normali\/#primaryimage\"},\"thumbnailUrl\":\"https:\/\/derbe.it\/wp-content\/uploads\/2018\/09\/olioderbe-capelli-normali.jpg\",\"datePublished\":\"2018-09-26T08:12:27+00:00\",\"dateModified\":\"2025-11-12T10:00:43+00:00\",\"description\":\"Olioderbe \u00e8 il primo, il vero e originale olio che lava i capelli. Funziona come uno sciampo ma non contiene acqua e non fa schiuma. Pulisce i capelli per affinit\u00e0, ossia combinandosi con il sebo e le particelle di sporcizia senza bisogno di acqua e senza penetrare nella cute e nelle strutture cheratiniche. Non aggredisce la cute e non sfibra il capello e pu\u00f2 essere utilizzato anche tutti i giorni.\",\"breadcrumb\":{\"@id\":\"https:\/\/derbe.it\/prodotto\/olioderbe-capelli-normali\/#breadcrumb\"},\"inLanguage\":\"de\",\"potentialAction\":[{\"@type\":\"ReadAction\",\"target\":[\"https:\/\/derbe.it\/prodotto\/olioderbe-capelli-normali\/\"]}]},{\"@type\":\"ImageObject\",\"inLanguage\":\"de\",\"@id\":\"https:\/\/derbe.it\/prodotto\/olioderbe-capelli-normali\/#primaryimage\",\"url\":\"https:\/\/derbe.it\/wp-content\/uploads\/2018\/09\/olioderbe-capelli-normali.jpg\",\"contentUrl\":\"https:\/\/derbe.it\/wp-content\/uploads\/2018\/09\/olioderbe-capelli-normali.jpg\",\"width\":1600,\"height\":2000},{\"@type\":\"BreadcrumbList\",\"@id\":\"https:\/\/derbe.it\/prodotto\/olioderbe-capelli-normali\/#breadcrumb\",\"itemListElement\":[{\"@type\":\"ListItem\",\"position\":1,\"name\":\"Home\",\"item\":\"https:\/\/derbe.it\/\"},{\"@type\":\"ListItem\",\"position\":2,\"name\":\"Shop\",\"item\":\"https:\/\/derbe.it\/en\/shop\/\"},{\"@type\":\"ListItem\",\"position\":3,\"name\":\"Olio Lavante\",\"item\":\"https:\/\/derbe.it\/categoria-prodotto\/olio-lavante\/\"},{\"@type\":\"ListItem\",\"position\":4,\"name\":\"OlioDerbe &#8211; capelli normali\"}]},{\"@type\":\"WebSite\",\"@id\":\"https:\/\/derbe.it\/#website\",\"url\":\"https:\/\/derbe.it\/\",\"name\":\"Derbe\",\"description\":\"Da oltre 50 anni - Made in italy - prodotti per capelli e corpo con estratti vegetali e formule sostenibili\",\"publisher\":{\"@id\":\"https:\/\/derbe.it\/#organization\"},\"potentialAction\":[{\"@type\":\"SearchAction\",\"target\":{\"@type\":\"EntryPoint\",\"urlTemplate\":\"https:\/\/derbe.it\/?s={search_term_string}\"},\"query-input\":{\"@type\":\"PropertyValueSpecification\",\"valueRequired\":true,\"valueName\":\"search_term_string\"}}],\"inLanguage\":\"de\"},{\"@type\":\"Organization\",\"@id\":\"https:\/\/derbe.it\/#organization\",\"name\":\"Derbe\",\"url\":\"https:\/\/derbe.it\/\",\"logo\":{\"@type\":\"ImageObject\",\"inLanguage\":\"de\",\"@id\":\"https:\/\/derbe.it\/#\/schema\/logo\/image\/\",\"url\":\"https:\/\/derbe.it\/wp-content\/uploads\/2025\/06\/logo_derbe_firenze.png\",\"contentUrl\":\"https:\/\/derbe.it\/wp-content\/uploads\/2025\/06\/logo_derbe_firenze.png\",\"width\":1200,\"height\":497,\"caption\":\"Derbe\"},\"image\":{\"@id\":\"https:\/\/derbe.it\/#\/schema\/logo\/image\/\"},\"sameAs\":[\"https:\/\/www.facebook.com\/evoderbebio\",\"https:\/\/www.instagram.com\/derbe.official\/\"],\"email\":\"info@derbe.it\",\"telephone\":\"+39 055 42 11 799\",\"legalName\":\"Derbe S.r.l. a socio unico\",\"vatID\":\"07272610481\"}]}<\/script>\n<!-- \/ Yoast SEO Premium plugin. -->","yoast_head_json":{"title":"OlioDerbe \u2013 normales Haar \u2013 Derbe \u2013 Naturkosmetik","description":"Olioderbe ist das erste echte und originelle Haar\u00f6l. Es wirkt wie ein Shampoo, enth\u00e4lt jedoch kein Wasser und sch\u00e4umt nicht. Es reinigt das Haar durch Affinit\u00e4t, indem es Talg und Schmutzpartikel ohne Wasser entfernt und ohne in die Kopfhaut und die Keratinstrukturen einzudringen. Es reizt weder die Kopfhaut noch sch\u00e4digt es das Haar und kann t\u00e4glich angewendet werden.","robots":{"index":"index","follow":"follow","max-snippet":"max-snippet:-1","max-image-preview":"max-image-preview:large","max-video-preview":"max-video-preview:-1"},"canonical":"https:\/\/derbe.it\/de\/produkt\/olioderbe-normales-haar\/","og_locale":"de_DE","og_type":"article","og_title":"OlioDerbe - capelli normali","og_description":"Olioderbe \u00e8 il primo, il vero e originale olio che lava i capelli. Funziona come uno sciampo ma non contiene acqua e non fa schiuma. Pulisce i capelli per affinit\u00e0, ossia combinandosi con il sebo e le particelle di sporcizia senza bisogno di acqua e senza penetrare nella cute e nelle strutture cheratiniche. Non aggredisce la cute e non sfibra il capello e pu\u00f2 essere utilizzato anche tutti i giorni.","og_url":"https:\/\/derbe.it\/de\/produkt\/olioderbe-normales-haar\/","og_site_name":"Derbe - cosmetici naturali","article_publisher":"https:\/\/www.facebook.com\/evoderbebio","article_modified_time":"2025-11-12T10:00:43+00:00","og_image":[{"width":1600,"height":2000,"url":"https:\/\/derbe.it\/wp-content\/uploads\/2018\/09\/olioderbe-capelli-normali.jpg","type":"image\/jpeg"}],"twitter_card":"summary_large_image","twitter_misc":{"Gesch\u00e4tzte Lesezeit":"1\u00a0Minute"},"schema":{"@context":"https:\/\/schema.org","@graph":[{"@type":"WebPage","@id":"https:\/\/derbe.it\/prodotto\/olioderbe-capelli-normali\/","url":"https:\/\/derbe.it\/prodotto\/olioderbe-capelli-normali\/","name":"OlioDerbe \u2013 normales Haar \u2013 Derbe \u2013 Naturkosmetik","isPartOf":{"@id":"https:\/\/derbe.it\/#website"},"primaryImageOfPage":{"@id":"https:\/\/derbe.it\/prodotto\/olioderbe-capelli-normali\/#primaryimage"},"image":{"@id":"https:\/\/derbe.it\/prodotto\/olioderbe-capelli-normali\/#primaryimage"},"thumbnailUrl":"https:\/\/derbe.it\/wp-content\/uploads\/2018\/09\/olioderbe-capelli-normali.jpg","datePublished":"2018-09-26T08:12:27+00:00","dateModified":"2025-11-12T10:00:43+00:00","description":"Olioderbe ist das erste echte und originelle Haar\u00f6l. Es wirkt wie ein Shampoo, enth\u00e4lt jedoch kein Wasser und sch\u00e4umt nicht. Es reinigt das Haar durch Affinit\u00e4t, indem es Talg und Schmutzpartikel ohne Wasser entfernt und ohne in die Kopfhaut und die Keratinstrukturen einzudringen. Es reizt weder die Kopfhaut noch sch\u00e4digt es das Haar und kann t\u00e4glich angewendet werden.","breadcrumb":{"@id":"https:\/\/derbe.it\/prodotto\/olioderbe-capelli-normali\/#breadcrumb"},"inLanguage":"de","potentialAction":[{"@type":"ReadAction","target":["https:\/\/derbe.it\/prodotto\/olioderbe-capelli-normali\/"]}]},{"@type":"ImageObject","inLanguage":"de","@id":"https:\/\/derbe.it\/prodotto\/olioderbe-capelli-normali\/#primaryimage","url":"https:\/\/derbe.it\/wp-content\/uploads\/2018\/09\/olioderbe-capelli-normali.jpg","contentUrl":"https:\/\/derbe.it\/wp-content\/uploads\/2018\/09\/olioderbe-capelli-normali.jpg","width":1600,"height":2000},{"@type":"BreadcrumbList","@id":"https:\/\/derbe.it\/prodotto\/olioderbe-capelli-normali\/#breadcrumb","itemListElement":[{"@type":"ListItem","position":1,"name":"Home","item":"https:\/\/derbe.it\/"},{"@type":"ListItem","position":2,"name":"Shop","item":"https:\/\/derbe.it\/en\/shop\/"},{"@type":"ListItem","position":3,"name":"Olio Lavante","item":"https:\/\/derbe.it\/categoria-prodotto\/olio-lavante\/"},{"@type":"ListItem","position":4,"name":"OlioDerbe &#8211; capelli normali"}]},{"@type":"WebSite","@id":"https:\/\/derbe.it\/#website","url":"https:\/\/derbe.it\/","name":"Derbe","description":"Seit \u00fcber 50 Jahren \u2013 Hergestellt in Italien \u2013 Haar- und K\u00f6rperpflegeprodukte mit Pflanzenextrakten und nachhaltigen Rezepturen","publisher":{"@id":"https:\/\/derbe.it\/#organization"},"potentialAction":[{"@type":"SearchAction","target":{"@type":"EntryPoint","urlTemplate":"https:\/\/derbe.it\/?s={search_term_string}"},"query-input":{"@type":"PropertyValueSpecification","valueRequired":true,"valueName":"search_term_string"}}],"inLanguage":"de"},{"@type":"Organization","@id":"https:\/\/derbe.it\/#organization","name":"Derbe","url":"https:\/\/derbe.it\/","logo":{"@type":"ImageObject","inLanguage":"de","@id":"https:\/\/derbe.it\/#\/schema\/logo\/image\/","url":"https:\/\/derbe.it\/wp-content\/uploads\/2025\/06\/logo_derbe_firenze.png","contentUrl":"https:\/\/derbe.it\/wp-content\/uploads\/2025\/06\/logo_derbe_firenze.png","width":1200,"height":497,"caption":"Derbe"},"image":{"@id":"https:\/\/derbe.it\/#\/schema\/logo\/image\/"},"sameAs":["https:\/\/www.facebook.com\/evoderbebio","https:\/\/www.instagram.com\/derbe.official\/"],"email":"info@derbe.it","telephone":"+39 055 42 11 799","legalName":"Derbe S.r.l. a socio unico","vatID":"07272610481"}]}},"_links":{"self":[{"href":"https:\/\/derbe.it\/de\/wp-json\/wp\/v2\/product\/199","targetHints":{"allow":["GET"]}}],"collection":[{"href":"https:\/\/derbe.it\/de\/wp-json\/wp\/v2\/product"}],"about":[{"href":"https:\/\/derbe.it\/de\/wp-json\/wp\/v2\/types\/product"}],"wp:featuredmedia":[{"embeddable":true,"href":"https:\/\/derbe.it\/de\/wp-json\/wp\/v2\/media\/941"}],"wp:attachment":[{"href":"https:\/\/derbe.it\/de\/wp-json\/wp\/v2\/media?parent=199"}],"wp:term":[{"taxonomy":"caratteristica","embeddable":true,"href":"https:\/\/derbe.it\/de\/wp-json\/wp\/v2\/caratteristica?post=199"},{"taxonomy":"collezione","embeddable":true,"href":"https:\/\/derbe.it\/de\/wp-json\/wp\/v2\/collezione?post=199"},{"taxonomy":"formato","embeddable":true,"href":"https:\/\/derbe.it\/de\/wp-json\/wp\/v2\/formato?post=199"},{"taxonomy":"funzione","embeddable":true,"href":"https:\/\/derbe.it\/de\/wp-json\/wp\/v2\/funzione?post=199"},{"taxonomy":"utilizzo","embeddable":true,"href":"https:\/\/derbe.it\/de\/wp-json\/wp\/v2\/utilizzo?post=199"},{"taxonomy":"ingrediente-principale","embeddable":true,"href":"https:\/\/derbe.it\/de\/wp-json\/wp\/v2\/ingrediente-principale?post=199"},{"taxonomy":"product_brand","embeddable":true,"href":"https:\/\/derbe.it\/de\/wp-json\/wp\/v2\/product_brand?post=199"},{"taxonomy":"product_cat","embeddable":true,"href":"https:\/\/derbe.it\/de\/wp-json\/wp\/v2\/product_cat?post=199"},{"taxonomy":"product_tag","embeddable":true,"href":"https:\/\/derbe.it\/de\/wp-json\/wp\/v2\/product_tag?post=199"}],"curies":[{"name":"wp","href":"https:\/\/api.w.org\/{rel}","templated":true}]}}