{"id":240,"date":"2018-09-26T10:13:12","date_gmt":"2018-09-26T08:13:12","guid":{"rendered":"https:\/\/derbe.it\/prodotto\/sciampo-delicatissimo-zucchero-cocco\/"},"modified":"2026-05-06T11:58:30","modified_gmt":"2026-05-06T09:58:30","slug":"sehr-zartes-kokoszuckershampoo-3","status":"publish","type":"product","link":"https:\/\/derbe.it\/de\/produkt\/sehr-zartes-kokoszuckershampoo-3\/","title":{"rendered":"Zucker- und Kokosnussshampoo gegen Schuppen"},"content":{"rendered":"<p>Schuppen sind ein unangenehmer Makel, der oft l\u00e4stig und unansehnlich ist, da er Juckreiz und das unangenehme Ph\u00e4nomen des Wei\u00dfwerdens der Kleidung verursacht.<\/p>\n<p>Zur Entstehung dieses Problems gibt es verschiedene Hypothesen, darunter schlechte Ern\u00e4hrung, emotionaler Stress, \u00fcberm\u00e4\u00dfige Talgproduktion oder \u00fcberm\u00e4\u00dfiges oder seltenes Waschen mit ungeeigneten Produkten. Obwohl einige dieser Faktoren zur Verschlimmerung des Makels beitragen, ist es unwahrscheinlich, dass sie die Hauptursache sind.<\/p>\n<p><strong>In vielen F\u00e4llen wird das Auftreten von Schuppen tats\u00e4chlich durch die lipophile Aktivit\u00e4t der mikrobiellen Flora verursacht, aus der die Kopfhaut besteht<\/strong>.<\/p>\n<p>Zur sanften Bek\u00e4mpfung von Schuppen wurde das Zucker- und Kokosnuss-Shampoo mit Propolis und schwarzem Pfeffer entwickelt. Propolis-Derivate wirken desinfizierend und pflegend, w\u00e4hrend schwarzer Pfefferextrakt die Talgproduktion wiederherstellt. Es reinigt Haar und Kopfhaut, ohne den nat\u00fcrlichen Hydrolipid- und S\u00e4urehaushalt zu ver\u00e4ndern.<\/p>\n<ul>\n<li>mit <strong>Propolis<\/strong>Besitzt nat\u00fcrliche antibiotische und antibakterielle Eigenschaften<\/li>\n<li>mit <strong>Muskatnuss<\/strong>: beseitigt Verunreinigungen und reinigt<\/li>\n<li>mit <strong>schwarzer Pfeffer<\/strong>: Entgiftende Wirkung, reich an Magnesium, Eisen und Kalium<\/li>\n<li>mit <strong>inga dawn<\/strong>Reduziert Schuppen, Beschwerden im Zusammenhang mit Kopfhautver\u00e4nderungen und verbessert den Haarglanz.<\/li>\n<\/ul>","protected":false},"excerpt":{"rendered":"<p>Mit Propolis und schwarzem Pfeffer<strong> bek\u00e4mpft Schuppen sanft<\/strong>. I derivati della Propoli svolgono un\u2019azione igienizzante e nutriente mentre l\u2019estratto di Pepe Nero contribuisce al corretto ripristino dell\u2019attivit\u00e0 sebacea. Il loro utilizzo combinato rimuove la forfora e ne blocca la formazione. [&#8230;]<\/p>\n<p><a class=\"btn btn-secondary understrap-read-more-link\" href=\"https:\/\/derbe.it\/de\/produkt\/sehr-zartes-kokoszuckershampoo-3\/\">Mehr lesen \u2026<span class=\"screen-reader-text\"> from Shampoo zucchero e cocco forfora<\/span><\/a><\/p>","protected":false},"featured_media":241,"template":"","meta":{"_acf_changed":false},"caratteristica":[116],"collezione":[],"formato":[],"funzione":[84],"utilizzo":[],"ingrediente-principale":[],"product_brand":[],"product_cat":[23],"product_tag":[],"class_list":{"0":"post-240","1":"product","2":"type-product","3":"status-publish","4":"has-post-thumbnail","6":"caratteristica-sviluppato-da-biologi-esperti","7":"funzione-capelli-con-forfora","8":"product_cat-shampoo","10":"first","11":"instock","12":"purchasable","13":"product-type-simple"},"acf":[],"yoast_head":"<!-- This site is optimized with the Yoast SEO Premium plugin v26.1 (Yoast SEO v26.8) - https:\/\/yoast.com\/product\/yoast-seo-premium-wordpress\/ -->\n<title>Shampoo zucchero e cocco forfora - Derbe - cosmetici naturali<\/title>\n<meta name=\"description\" content=\"Con propoli e pepe nero combatte la forfora con delicatezza. I derivati della Propoli svolgono un\u2019azione igienizzante e nutriente mentre l\u2019estratto di Pepe Nero contribuisce al corretto ripristino dell\u2019attivit\u00e0 sebacea. Il loro utilizzo combinato rimuove la forfora e ne blocca la formazione.\" \/>\n<meta name=\"robots\" content=\"index, follow, max-snippet:-1, max-image-preview:large, max-video-preview:-1\" \/>\n<link rel=\"canonical\" href=\"https:\/\/derbe.it\/de\/produkt\/sehr-zartes-kokoszuckershampoo-3\/\" \/>\n<meta property=\"og:locale\" content=\"de_DE\" \/>\n<meta property=\"og:type\" content=\"article\" \/>\n<meta property=\"og:title\" content=\"Shampoo zucchero e cocco forfora\" \/>\n<meta property=\"og:description\" content=\"Con propoli e pepe nero combatte la forfora con delicatezza. I derivati della Propoli svolgono un\u2019azione igienizzante e nutriente mentre l\u2019estratto di Pepe Nero contribuisce al corretto ripristino dell\u2019attivit\u00e0 sebacea. Il loro utilizzo combinato rimuove la forfora e ne blocca la formazione.\" \/>\n<meta property=\"og:url\" content=\"https:\/\/derbe.it\/de\/produkt\/sehr-zartes-kokoszuckershampoo-3\/\" \/>\n<meta property=\"og:site_name\" content=\"Derbe - cosmetici naturali\" \/>\n<meta property=\"article:publisher\" content=\"https:\/\/www.facebook.com\/evoderbebio\" \/>\n<meta property=\"article:modified_time\" content=\"2026-05-06T09:58:30+00:00\" \/>\n<meta property=\"og:image\" content=\"https:\/\/derbe.it\/wp-content\/uploads\/2025\/05\/sciampo-delicatissimo-antiforfora-zucchero-cocco-propoli-pepe-nero-derbe.jpg\" \/>\n\t<meta property=\"og:image:width\" content=\"1600\" \/>\n\t<meta property=\"og:image:height\" content=\"2000\" \/>\n\t<meta property=\"og:image:type\" content=\"image\/jpeg\" \/>\n<meta name=\"twitter:card\" content=\"summary_large_image\" \/>\n<meta name=\"twitter:label1\" content=\"Gesch\u00e4tzte Lesezeit\" \/>\n\t<meta name=\"twitter:data1\" content=\"3\u00a0Minuten\" \/>\n<script type=\"application\/ld+json\" class=\"yoast-schema-graph\">{\"@context\":\"https:\/\/schema.org\",\"@graph\":[{\"@type\":\"WebPage\",\"@id\":\"https:\/\/derbe.it\/prodotto\/sciampo-delicatissimo-zucchero-cocco\/\",\"url\":\"https:\/\/derbe.it\/prodotto\/sciampo-delicatissimo-zucchero-cocco\/\",\"name\":\"Shampoo zucchero e cocco forfora - Derbe - cosmetici naturali\",\"isPartOf\":{\"@id\":\"https:\/\/derbe.it\/#website\"},\"primaryImageOfPage\":{\"@id\":\"https:\/\/derbe.it\/prodotto\/sciampo-delicatissimo-zucchero-cocco\/#primaryimage\"},\"image\":{\"@id\":\"https:\/\/derbe.it\/prodotto\/sciampo-delicatissimo-zucchero-cocco\/#primaryimage\"},\"thumbnailUrl\":\"https:\/\/derbe.it\/wp-content\/uploads\/2025\/05\/sciampo-delicatissimo-antiforfora-zucchero-cocco-propoli-pepe-nero-derbe.jpg\",\"datePublished\":\"2018-09-26T08:13:12+00:00\",\"dateModified\":\"2026-05-06T09:58:30+00:00\",\"description\":\"Con propoli e pepe nero combatte la forfora con delicatezza. I derivati della Propoli svolgono un\u2019azione igienizzante e nutriente mentre l\u2019estratto di Pepe Nero contribuisce al corretto ripristino dell\u2019attivit\u00e0 sebacea. Il loro utilizzo combinato rimuove la forfora e ne blocca la formazione.\",\"breadcrumb\":{\"@id\":\"https:\/\/derbe.it\/prodotto\/sciampo-delicatissimo-zucchero-cocco\/#breadcrumb\"},\"inLanguage\":\"de\",\"potentialAction\":[{\"@type\":\"ReadAction\",\"target\":[\"https:\/\/derbe.it\/prodotto\/sciampo-delicatissimo-zucchero-cocco\/\"]}]},{\"@type\":\"ImageObject\",\"inLanguage\":\"de\",\"@id\":\"https:\/\/derbe.it\/prodotto\/sciampo-delicatissimo-zucchero-cocco\/#primaryimage\",\"url\":\"https:\/\/derbe.it\/wp-content\/uploads\/2025\/05\/sciampo-delicatissimo-antiforfora-zucchero-cocco-propoli-pepe-nero-derbe.jpg\",\"contentUrl\":\"https:\/\/derbe.it\/wp-content\/uploads\/2025\/05\/sciampo-delicatissimo-antiforfora-zucchero-cocco-propoli-pepe-nero-derbe.jpg\",\"width\":1600,\"height\":2000,\"caption\":\"Shampoo delicatissimo per capelli, antiforfora - Derbe\"},{\"@type\":\"BreadcrumbList\",\"@id\":\"https:\/\/derbe.it\/prodotto\/sciampo-delicatissimo-zucchero-cocco\/#breadcrumb\",\"itemListElement\":[{\"@type\":\"ListItem\",\"position\":1,\"name\":\"Home\",\"item\":\"https:\/\/derbe.it\/\"},{\"@type\":\"ListItem\",\"position\":2,\"name\":\"Shop\",\"item\":\"https:\/\/derbe.it\/en\/shop\/\"},{\"@type\":\"ListItem\",\"position\":3,\"name\":\"Shampoo\",\"item\":\"https:\/\/derbe.it\/categoria-prodotto\/shampoo\/\"},{\"@type\":\"ListItem\",\"position\":4,\"name\":\"Shampoo zucchero e cocco forfora\"}]},{\"@type\":\"WebSite\",\"@id\":\"https:\/\/derbe.it\/#website\",\"url\":\"https:\/\/derbe.it\/\",\"name\":\"Derbe\",\"description\":\"Da oltre 50 anni - Made in italy - prodotti per capelli e corpo con estratti vegetali e formule sostenibili\",\"publisher\":{\"@id\":\"https:\/\/derbe.it\/#organization\"},\"potentialAction\":[{\"@type\":\"SearchAction\",\"target\":{\"@type\":\"EntryPoint\",\"urlTemplate\":\"https:\/\/derbe.it\/?s={search_term_string}\"},\"query-input\":{\"@type\":\"PropertyValueSpecification\",\"valueRequired\":true,\"valueName\":\"search_term_string\"}}],\"inLanguage\":\"de\"},{\"@type\":\"Organization\",\"@id\":\"https:\/\/derbe.it\/#organization\",\"name\":\"Derbe\",\"url\":\"https:\/\/derbe.it\/\",\"logo\":{\"@type\":\"ImageObject\",\"inLanguage\":\"de\",\"@id\":\"https:\/\/derbe.it\/#\/schema\/logo\/image\/\",\"url\":\"https:\/\/derbe.it\/wp-content\/uploads\/2025\/06\/logo_derbe_firenze.png\",\"contentUrl\":\"https:\/\/derbe.it\/wp-content\/uploads\/2025\/06\/logo_derbe_firenze.png\",\"width\":1200,\"height\":497,\"caption\":\"Derbe\"},\"image\":{\"@id\":\"https:\/\/derbe.it\/#\/schema\/logo\/image\/\"},\"sameAs\":[\"https:\/\/www.facebook.com\/evoderbebio\",\"https:\/\/www.instagram.com\/derbe.official\/\"],\"email\":\"info@derbe.it\",\"telephone\":\"+39 055 42 11 799\",\"legalName\":\"Derbe S.r.l. a socio unico\",\"vatID\":\"07272610481\"}]}<\/script>\n<!-- \/ Yoast SEO Premium plugin. -->","yoast_head_json":{"title":"Schuppenshampoo mit Zucker und Kokosnuss - Derbe - Naturkosmetik","description":"Mit Propolis und schwarzem Pfeffer bek\u00e4mpft es sanft Schuppen. Propolis-Derivate wirken desinfizierend und pflegend, w\u00e4hrend schwarzer Pfefferextrakt die nat\u00fcrliche Talgproduktion reguliert. Die kombinierte Anwendung entfernt Schuppen und beugt ihrer Neubildung vor.","robots":{"index":"index","follow":"follow","max-snippet":"max-snippet:-1","max-image-preview":"max-image-preview:large","max-video-preview":"max-video-preview:-1"},"canonical":"https:\/\/derbe.it\/de\/produkt\/sehr-zartes-kokoszuckershampoo-3\/","og_locale":"de_DE","og_type":"article","og_title":"Shampoo zucchero e cocco forfora","og_description":"Con propoli e pepe nero combatte la forfora con delicatezza. I derivati della Propoli svolgono un\u2019azione igienizzante e nutriente mentre l\u2019estratto di Pepe Nero contribuisce al corretto ripristino dell\u2019attivit\u00e0 sebacea. Il loro utilizzo combinato rimuove la forfora e ne blocca la formazione.","og_url":"https:\/\/derbe.it\/de\/produkt\/sehr-zartes-kokoszuckershampoo-3\/","og_site_name":"Derbe - cosmetici naturali","article_publisher":"https:\/\/www.facebook.com\/evoderbebio","article_modified_time":"2026-05-06T09:58:30+00:00","og_image":[{"width":1600,"height":2000,"url":"https:\/\/derbe.it\/wp-content\/uploads\/2025\/05\/sciampo-delicatissimo-antiforfora-zucchero-cocco-propoli-pepe-nero-derbe.jpg","type":"image\/jpeg"}],"twitter_card":"summary_large_image","twitter_misc":{"Gesch\u00e4tzte Lesezeit":"3\u00a0Minuten"},"schema":{"@context":"https:\/\/schema.org","@graph":[{"@type":"WebPage","@id":"https:\/\/derbe.it\/prodotto\/sciampo-delicatissimo-zucchero-cocco\/","url":"https:\/\/derbe.it\/prodotto\/sciampo-delicatissimo-zucchero-cocco\/","name":"Schuppenshampoo mit Zucker und Kokosnuss - Derbe - Naturkosmetik","isPartOf":{"@id":"https:\/\/derbe.it\/#website"},"primaryImageOfPage":{"@id":"https:\/\/derbe.it\/prodotto\/sciampo-delicatissimo-zucchero-cocco\/#primaryimage"},"image":{"@id":"https:\/\/derbe.it\/prodotto\/sciampo-delicatissimo-zucchero-cocco\/#primaryimage"},"thumbnailUrl":"https:\/\/derbe.it\/wp-content\/uploads\/2025\/05\/sciampo-delicatissimo-antiforfora-zucchero-cocco-propoli-pepe-nero-derbe.jpg","datePublished":"2018-09-26T08:13:12+00:00","dateModified":"2026-05-06T09:58:30+00:00","description":"Mit Propolis und schwarzem Pfeffer bek\u00e4mpft es sanft Schuppen. Propolis-Derivate wirken desinfizierend und pflegend, w\u00e4hrend schwarzer Pfefferextrakt die nat\u00fcrliche Talgproduktion reguliert. Die kombinierte Anwendung entfernt Schuppen und beugt ihrer Neubildung vor.","breadcrumb":{"@id":"https:\/\/derbe.it\/prodotto\/sciampo-delicatissimo-zucchero-cocco\/#breadcrumb"},"inLanguage":"de","potentialAction":[{"@type":"ReadAction","target":["https:\/\/derbe.it\/prodotto\/sciampo-delicatissimo-zucchero-cocco\/"]}]},{"@type":"ImageObject","inLanguage":"de","@id":"https:\/\/derbe.it\/prodotto\/sciampo-delicatissimo-zucchero-cocco\/#primaryimage","url":"https:\/\/derbe.it\/wp-content\/uploads\/2025\/05\/sciampo-delicatissimo-antiforfora-zucchero-cocco-propoli-pepe-nero-derbe.jpg","contentUrl":"https:\/\/derbe.it\/wp-content\/uploads\/2025\/05\/sciampo-delicatissimo-antiforfora-zucchero-cocco-propoli-pepe-nero-derbe.jpg","width":1600,"height":2000,"caption":"Shampoo delicatissimo per capelli, antiforfora - Derbe"},{"@type":"BreadcrumbList","@id":"https:\/\/derbe.it\/prodotto\/sciampo-delicatissimo-zucchero-cocco\/#breadcrumb","itemListElement":[{"@type":"ListItem","position":1,"name":"Home","item":"https:\/\/derbe.it\/"},{"@type":"ListItem","position":2,"name":"Shop","item":"https:\/\/derbe.it\/en\/shop\/"},{"@type":"ListItem","position":3,"name":"Shampoo","item":"https:\/\/derbe.it\/categoria-prodotto\/shampoo\/"},{"@type":"ListItem","position":4,"name":"Shampoo zucchero e cocco forfora"}]},{"@type":"WebSite","@id":"https:\/\/derbe.it\/#website","url":"https:\/\/derbe.it\/","name":"Derbe","description":"Seit \u00fcber 50 Jahren \u2013 Hergestellt in Italien \u2013 Haar- und K\u00f6rperpflegeprodukte mit Pflanzenextrakten und nachhaltigen Rezepturen","publisher":{"@id":"https:\/\/derbe.it\/#organization"},"potentialAction":[{"@type":"SearchAction","target":{"@type":"EntryPoint","urlTemplate":"https:\/\/derbe.it\/?s={search_term_string}"},"query-input":{"@type":"PropertyValueSpecification","valueRequired":true,"valueName":"search_term_string"}}],"inLanguage":"de"},{"@type":"Organization","@id":"https:\/\/derbe.it\/#organization","name":"Derbe","url":"https:\/\/derbe.it\/","logo":{"@type":"ImageObject","inLanguage":"de","@id":"https:\/\/derbe.it\/#\/schema\/logo\/image\/","url":"https:\/\/derbe.it\/wp-content\/uploads\/2025\/06\/logo_derbe_firenze.png","contentUrl":"https:\/\/derbe.it\/wp-content\/uploads\/2025\/06\/logo_derbe_firenze.png","width":1200,"height":497,"caption":"Derbe"},"image":{"@id":"https:\/\/derbe.it\/#\/schema\/logo\/image\/"},"sameAs":["https:\/\/www.facebook.com\/evoderbebio","https:\/\/www.instagram.com\/derbe.official\/"],"email":"info@derbe.it","telephone":"+39 055 42 11 799","legalName":"Derbe S.r.l. a socio unico","vatID":"07272610481"}]}},"_links":{"self":[{"href":"https:\/\/derbe.it\/de\/wp-json\/wp\/v2\/product\/240","targetHints":{"allow":["GET"]}}],"collection":[{"href":"https:\/\/derbe.it\/de\/wp-json\/wp\/v2\/product"}],"about":[{"href":"https:\/\/derbe.it\/de\/wp-json\/wp\/v2\/types\/product"}],"wp:featuredmedia":[{"embeddable":true,"href":"https:\/\/derbe.it\/de\/wp-json\/wp\/v2\/media\/241"}],"wp:attachment":[{"href":"https:\/\/derbe.it\/de\/wp-json\/wp\/v2\/media?parent=240"}],"wp:term":[{"taxonomy":"caratteristica","embeddable":true,"href":"https:\/\/derbe.it\/de\/wp-json\/wp\/v2\/caratteristica?post=240"},{"taxonomy":"collezione","embeddable":true,"href":"https:\/\/derbe.it\/de\/wp-json\/wp\/v2\/collezione?post=240"},{"taxonomy":"formato","embeddable":true,"href":"https:\/\/derbe.it\/de\/wp-json\/wp\/v2\/formato?post=240"},{"taxonomy":"funzione","embeddable":true,"href":"https:\/\/derbe.it\/de\/wp-json\/wp\/v2\/funzione?post=240"},{"taxonomy":"utilizzo","embeddable":true,"href":"https:\/\/derbe.it\/de\/wp-json\/wp\/v2\/utilizzo?post=240"},{"taxonomy":"ingrediente-principale","embeddable":true,"href":"https:\/\/derbe.it\/de\/wp-json\/wp\/v2\/ingrediente-principale?post=240"},{"taxonomy":"product_brand","embeddable":true,"href":"https:\/\/derbe.it\/de\/wp-json\/wp\/v2\/product_brand?post=240"},{"taxonomy":"product_cat","embeddable":true,"href":"https:\/\/derbe.it\/de\/wp-json\/wp\/v2\/product_cat?post=240"},{"taxonomy":"product_tag","embeddable":true,"href":"https:\/\/derbe.it\/de\/wp-json\/wp\/v2\/product_tag?post=240"}],"curies":[{"name":"wp","href":"https:\/\/api.w.org\/{rel}","templated":true}]}}