{"id":244,"date":"2018-09-26T10:13:18","date_gmt":"2018-09-26T08:13:18","guid":{"rendered":"https:\/\/derbe.it\/prodotto\/sciampo-delicatissimo-cocco-zucchero-3\/"},"modified":"2025-11-12T11:08:28","modified_gmt":"2025-11-12T10:08:28","slug":"sehr-zartes-kokoszuckershampoo-4","status":"publish","type":"product","link":"https:\/\/derbe.it\/de\/produkt\/sehr-zartes-kokoszuckershampoo-4\/","title":{"rendered":"Zucker- und Kokosnuss-Shampoo f\u00fcr gesch\u00e4digtes Haar"},"content":{"rendered":"<p>Sonne, Chlor, Salzwasser, aggressive Sch\u00f6nheitsbehandlungen, Stress und Umweltverschmutzung sind die Hauptursachen f\u00fcr br\u00fcchiges Haar. Die \u00e4u\u00dferste Schicht des Haares (Kutikula) franst aus und erm\u00f6glicht so das Eindringen von Substanzen, die f\u00fcr die Gesundheit der Haarfaser potenziell sch\u00e4dlich sind.<\/p>\n<p>Zun\u00e4chst sind die Sch\u00e4den nicht sichtbar, doch mit der Zeit verlieren die Haarsch\u00e4fte ihre Integrit\u00e4t. Das Haar beh\u00e4lt seine Form nicht mehr, wird stumpf, verliert an Volumen und degeneriert h\u00e4ufig, wodurch sich Spliss bildet. <strong>Um die richtige N\u00e4hrstoffversorgung gesch\u00e4digten Haares wiederherzustellen, sind Produkte erforderlich, deren Funktion darin besteht, die zwischen den Fasern der Haarrinde entstandenen Hohlr\u00e4ume zu schlie\u00dfen und die innere Struktur der Haarfaser zu verdichten.<\/strong>.<\/p>\n<p><strong>Das Zucker- und Kokosnuss-Shampoo f\u00fcr gesch\u00e4digtes Haar reinigt gr\u00fcndlich und schont dabei die Keratinstruktur.<\/strong>, wobei der Frauenhaarfarn-Extrakt dabei hilft, die \u00e4u\u00dfersten Schichten zu n\u00e4hren, w\u00e4hrend der Ginseng-Extrakt den Kapillartonus stimuliert.<\/p>\n<ul>\n<li><strong>Ginseng-Extrakte<\/strong>Versorgt Haar und Kopfhaut mit essenziellen N\u00e4hrstoffen und tr\u00e4gt so zu geschmeidigem, gl\u00e4nzendem Haar bei. Es hilft, freie Radikale zu bek\u00e4mpfen, die zu vorzeitiger Haaralterung beitragen k\u00f6nnen, und sorgt so f\u00fcr ein jugendliches und vitales Aussehen.<\/li>\n<li><strong>Frauenhaarfarn-Extrakt<\/strong>St\u00e4rkende Eigenschaften, die das Haarwachstum anregen. Die aktiven Inhaltsstoffe f\u00f6rdern gesunde Haarfollikel und sorgen so f\u00fcr kr\u00e4ftigeres, widerstandsf\u00e4higeres Haar.<\/li>\n<\/ul>","protected":false},"excerpt":{"rendered":"<p>Dieses Shampoo hat eine reinigende Wirkung, <strong>respektiert die Keratinstruktur<\/strong>, wodurch die \u00e4u\u00dfersten Schichten gen\u00e4hrt und die <strong>Kapillartonus<\/strong>. Diese Kombination funktioneller Substanzen ist in der Lage, Mikrorisse im Haar zu restrukturieren, indem sie sich gezielt und proportional in den Bereichen des Haares verteilen, die am meisten Heilung ben\u00f6tigen. Angereichert mit <strong>Vitamin B12<\/strong> Und <strong>Frauenhaarfarn-Extrakt<\/strong> Und <strong>Ginseng<\/strong> [\u2026]<\/p>\n<p><a class=\"btn btn-secondary understrap-read-more-link\" href=\"https:\/\/derbe.it\/de\/produkt\/sehr-zartes-kokoszuckershampoo-4\/\">Mehr lesen \u2026<span class=\"screen-reader-text\"> from Shampoo Zucchero E Cocco Capelli Sfibrati<\/span><\/a><\/p>","protected":false},"featured_media":245,"template":"","meta":{"_acf_changed":false},"caratteristica":[116],"collezione":[],"formato":[],"funzione":[86,85],"utilizzo":[],"ingrediente-principale":[],"product_brand":[],"product_cat":[23],"product_tag":[],"class_list":{"0":"post-244","1":"product","2":"type-product","3":"status-publish","4":"has-post-thumbnail","6":"caratteristica-sviluppato-da-biologi-esperti","7":"funzione-capellli-danneggiati","8":"funzione-capelli-secchi-disidratati","9":"product_cat-shampoo","11":"first","12":"instock","13":"purchasable","14":"product-type-simple"},"acf":[],"yoast_head":"<!-- This site is optimized with the Yoast SEO Premium plugin v26.1 (Yoast SEO v26.8) - https:\/\/yoast.com\/product\/yoast-seo-premium-wordpress\/ -->\n<title>Shampoo Zucchero E Cocco Capelli Sfibrati - Derbe - cosmetici naturali<\/title>\n<meta name=\"description\" content=\"Questo shampoo svolge un\u2019azione detergente che rispetta la struttura cheratinica, contribuendo a nutrire gli strati pi\u00f9 esterni e stimolando la tonicit\u00e0 capillare. Questa combinazione di sostanze funzionali ha la capacit\u00e0 di ristrutturare le microfessure del capello andando a distribuirsi in maniera adeguata e proporzionale nelle zone del capello che hanno maggiore necessit\u00e0 di essere risanate. Arricchito con vitamina B12 ed estratto di capelvenere e Ginseng\" \/>\n<meta name=\"robots\" content=\"index, follow, max-snippet:-1, max-image-preview:large, max-video-preview:-1\" \/>\n<link rel=\"canonical\" href=\"https:\/\/derbe.it\/de\/produkt\/sehr-zartes-kokoszuckershampoo-4\/\" \/>\n<meta property=\"og:locale\" content=\"de_DE\" \/>\n<meta property=\"og:type\" content=\"article\" \/>\n<meta property=\"og:title\" content=\"Shampoo Zucchero E Cocco Capelli Sfibrati\" \/>\n<meta property=\"og:description\" content=\"Questo shampoo svolge un\u2019azione detergente che rispetta la struttura cheratinica, contribuendo a nutrire gli strati pi\u00f9 esterni e stimolando la tonicit\u00e0 capillare. Questa combinazione di sostanze funzionali ha la capacit\u00e0 di ristrutturare le microfessure del capello andando a distribuirsi in maniera adeguata e proporzionale nelle zone del capello che hanno maggiore necessit\u00e0 di essere risanate. Arricchito con vitamina B12 ed estratto di capelvenere e Ginseng\" \/>\n<meta property=\"og:url\" content=\"https:\/\/derbe.it\/de\/produkt\/sehr-zartes-kokoszuckershampoo-4\/\" \/>\n<meta property=\"og:site_name\" content=\"Derbe - cosmetici naturali\" \/>\n<meta property=\"article:publisher\" content=\"https:\/\/www.facebook.com\/evoderbebio\" \/>\n<meta property=\"article:modified_time\" content=\"2025-11-12T10:08:28+00:00\" \/>\n<meta property=\"og:image\" content=\"https:\/\/derbe.it\/wp-content\/uploads\/2025\/05\/sciampo-delicatissimo-capelli-sfibrati-zucchero-cocco-ginseng-capalvenere-derbe.jpg\" \/>\n\t<meta property=\"og:image:width\" content=\"1600\" \/>\n\t<meta property=\"og:image:height\" content=\"2000\" \/>\n\t<meta property=\"og:image:type\" content=\"image\/jpeg\" \/>\n<meta name=\"twitter:card\" content=\"summary_large_image\" \/>\n<meta name=\"twitter:label1\" content=\"Gesch\u00e4tzte Lesezeit\" \/>\n\t<meta name=\"twitter:data1\" content=\"3\u00a0Minuten\" \/>\n<script type=\"application\/ld+json\" class=\"yoast-schema-graph\">{\"@context\":\"https:\/\/schema.org\",\"@graph\":[{\"@type\":\"WebPage\",\"@id\":\"https:\/\/derbe.it\/prodotto\/sciampo-delicatissimo-cocco-zucchero-3\/\",\"url\":\"https:\/\/derbe.it\/prodotto\/sciampo-delicatissimo-cocco-zucchero-3\/\",\"name\":\"Shampoo Zucchero E Cocco Capelli Sfibrati - Derbe - cosmetici naturali\",\"isPartOf\":{\"@id\":\"https:\/\/derbe.it\/#website\"},\"primaryImageOfPage\":{\"@id\":\"https:\/\/derbe.it\/prodotto\/sciampo-delicatissimo-cocco-zucchero-3\/#primaryimage\"},\"image\":{\"@id\":\"https:\/\/derbe.it\/prodotto\/sciampo-delicatissimo-cocco-zucchero-3\/#primaryimage\"},\"thumbnailUrl\":\"https:\/\/derbe.it\/wp-content\/uploads\/2025\/05\/sciampo-delicatissimo-capelli-sfibrati-zucchero-cocco-ginseng-capalvenere-derbe.jpg\",\"datePublished\":\"2018-09-26T08:13:18+00:00\",\"dateModified\":\"2025-11-12T10:08:28+00:00\",\"description\":\"Questo shampoo svolge un\u2019azione detergente che rispetta la struttura cheratinica, contribuendo a nutrire gli strati pi\u00f9 esterni e stimolando la tonicit\u00e0 capillare. Questa combinazione di sostanze funzionali ha la capacit\u00e0 di ristrutturare le microfessure del capello andando a distribuirsi in maniera adeguata e proporzionale nelle zone del capello che hanno maggiore necessit\u00e0 di essere risanate. Arricchito con vitamina B12 ed estratto di capelvenere e Ginseng\",\"breadcrumb\":{\"@id\":\"https:\/\/derbe.it\/prodotto\/sciampo-delicatissimo-cocco-zucchero-3\/#breadcrumb\"},\"inLanguage\":\"de\",\"potentialAction\":[{\"@type\":\"ReadAction\",\"target\":[\"https:\/\/derbe.it\/prodotto\/sciampo-delicatissimo-cocco-zucchero-3\/\"]}]},{\"@type\":\"ImageObject\",\"inLanguage\":\"de\",\"@id\":\"https:\/\/derbe.it\/prodotto\/sciampo-delicatissimo-cocco-zucchero-3\/#primaryimage\",\"url\":\"https:\/\/derbe.it\/wp-content\/uploads\/2025\/05\/sciampo-delicatissimo-capelli-sfibrati-zucchero-cocco-ginseng-capalvenere-derbe.jpg\",\"contentUrl\":\"https:\/\/derbe.it\/wp-content\/uploads\/2025\/05\/sciampo-delicatissimo-capelli-sfibrati-zucchero-cocco-ginseng-capalvenere-derbe.jpg\",\"width\":1600,\"height\":2000},{\"@type\":\"BreadcrumbList\",\"@id\":\"https:\/\/derbe.it\/prodotto\/sciampo-delicatissimo-cocco-zucchero-3\/#breadcrumb\",\"itemListElement\":[{\"@type\":\"ListItem\",\"position\":1,\"name\":\"Home\",\"item\":\"https:\/\/derbe.it\/\"},{\"@type\":\"ListItem\",\"position\":2,\"name\":\"Shop\",\"item\":\"https:\/\/derbe.it\/en\/shop\/\"},{\"@type\":\"ListItem\",\"position\":3,\"name\":\"Shampoo\",\"item\":\"https:\/\/derbe.it\/categoria-prodotto\/shampoo\/\"},{\"@type\":\"ListItem\",\"position\":4,\"name\":\"Shampoo Zucchero E Cocco Capelli Sfibrati\"}]},{\"@type\":\"WebSite\",\"@id\":\"https:\/\/derbe.it\/#website\",\"url\":\"https:\/\/derbe.it\/\",\"name\":\"Derbe\",\"description\":\"Da oltre 50 anni - Made in italy - prodotti per capelli e corpo con estratti vegetali e formule sostenibili\",\"publisher\":{\"@id\":\"https:\/\/derbe.it\/#organization\"},\"potentialAction\":[{\"@type\":\"SearchAction\",\"target\":{\"@type\":\"EntryPoint\",\"urlTemplate\":\"https:\/\/derbe.it\/?s={search_term_string}\"},\"query-input\":{\"@type\":\"PropertyValueSpecification\",\"valueRequired\":true,\"valueName\":\"search_term_string\"}}],\"inLanguage\":\"de\"},{\"@type\":\"Organization\",\"@id\":\"https:\/\/derbe.it\/#organization\",\"name\":\"Derbe\",\"url\":\"https:\/\/derbe.it\/\",\"logo\":{\"@type\":\"ImageObject\",\"inLanguage\":\"de\",\"@id\":\"https:\/\/derbe.it\/#\/schema\/logo\/image\/\",\"url\":\"https:\/\/derbe.it\/wp-content\/uploads\/2025\/06\/logo_derbe_firenze.png\",\"contentUrl\":\"https:\/\/derbe.it\/wp-content\/uploads\/2025\/06\/logo_derbe_firenze.png\",\"width\":1200,\"height\":497,\"caption\":\"Derbe\"},\"image\":{\"@id\":\"https:\/\/derbe.it\/#\/schema\/logo\/image\/\"},\"sameAs\":[\"https:\/\/www.facebook.com\/evoderbebio\",\"https:\/\/www.instagram.com\/derbe.official\/\"],\"email\":\"info@derbe.it\",\"telephone\":\"+39 055 42 11 799\",\"legalName\":\"Derbe S.r.l. a socio unico\",\"vatID\":\"07272610481\"}]}<\/script>\n<!-- \/ Yoast SEO Premium plugin. -->","yoast_head_json":{"title":"Zucker- und Kokosnuss-Shampoo f\u00fcr gesch\u00e4digtes Haar - Derbe - Naturkosmetik","description":"Dieses Shampoo reinigt sanft und schont dabei die Keratinstruktur. Es pflegt die \u00e4u\u00dferen Haarschichten und verleiht dem Haar neue Strahlkraft. Die Kombination aktiver Inhaltsstoffe repariert Mikrorisse im Haar und verteilt sich gezielt und gleichm\u00e4\u00dfig auf die Bereiche, die am meisten Pflege ben\u00f6tigen. Angereichert mit Vitamin B12, Frauenhaarfarn-Extrakt und Ginseng.","robots":{"index":"index","follow":"follow","max-snippet":"max-snippet:-1","max-image-preview":"max-image-preview:large","max-video-preview":"max-video-preview:-1"},"canonical":"https:\/\/derbe.it\/de\/produkt\/sehr-zartes-kokoszuckershampoo-4\/","og_locale":"de_DE","og_type":"article","og_title":"Shampoo Zucchero E Cocco Capelli Sfibrati","og_description":"Questo shampoo svolge un\u2019azione detergente che rispetta la struttura cheratinica, contribuendo a nutrire gli strati pi\u00f9 esterni e stimolando la tonicit\u00e0 capillare. Questa combinazione di sostanze funzionali ha la capacit\u00e0 di ristrutturare le microfessure del capello andando a distribuirsi in maniera adeguata e proporzionale nelle zone del capello che hanno maggiore necessit\u00e0 di essere risanate. Arricchito con vitamina B12 ed estratto di capelvenere e Ginseng","og_url":"https:\/\/derbe.it\/de\/produkt\/sehr-zartes-kokoszuckershampoo-4\/","og_site_name":"Derbe - cosmetici naturali","article_publisher":"https:\/\/www.facebook.com\/evoderbebio","article_modified_time":"2025-11-12T10:08:28+00:00","og_image":[{"width":1600,"height":2000,"url":"https:\/\/derbe.it\/wp-content\/uploads\/2025\/05\/sciampo-delicatissimo-capelli-sfibrati-zucchero-cocco-ginseng-capalvenere-derbe.jpg","type":"image\/jpeg"}],"twitter_card":"summary_large_image","twitter_misc":{"Gesch\u00e4tzte Lesezeit":"3\u00a0Minuten"},"schema":{"@context":"https:\/\/schema.org","@graph":[{"@type":"WebPage","@id":"https:\/\/derbe.it\/prodotto\/sciampo-delicatissimo-cocco-zucchero-3\/","url":"https:\/\/derbe.it\/prodotto\/sciampo-delicatissimo-cocco-zucchero-3\/","name":"Zucker- und Kokosnuss-Shampoo f\u00fcr gesch\u00e4digtes Haar - Derbe - Naturkosmetik","isPartOf":{"@id":"https:\/\/derbe.it\/#website"},"primaryImageOfPage":{"@id":"https:\/\/derbe.it\/prodotto\/sciampo-delicatissimo-cocco-zucchero-3\/#primaryimage"},"image":{"@id":"https:\/\/derbe.it\/prodotto\/sciampo-delicatissimo-cocco-zucchero-3\/#primaryimage"},"thumbnailUrl":"https:\/\/derbe.it\/wp-content\/uploads\/2025\/05\/sciampo-delicatissimo-capelli-sfibrati-zucchero-cocco-ginseng-capalvenere-derbe.jpg","datePublished":"2018-09-26T08:13:18+00:00","dateModified":"2025-11-12T10:08:28+00:00","description":"Dieses Shampoo reinigt sanft und schont dabei die Keratinstruktur. Es pflegt die \u00e4u\u00dferen Haarschichten und verleiht dem Haar neue Strahlkraft. Die Kombination aktiver Inhaltsstoffe repariert Mikrorisse im Haar und verteilt sich gezielt und gleichm\u00e4\u00dfig auf die Bereiche, die am meisten Pflege ben\u00f6tigen. Angereichert mit Vitamin B12, Frauenhaarfarn-Extrakt und Ginseng.","breadcrumb":{"@id":"https:\/\/derbe.it\/prodotto\/sciampo-delicatissimo-cocco-zucchero-3\/#breadcrumb"},"inLanguage":"de","potentialAction":[{"@type":"ReadAction","target":["https:\/\/derbe.it\/prodotto\/sciampo-delicatissimo-cocco-zucchero-3\/"]}]},{"@type":"ImageObject","inLanguage":"de","@id":"https:\/\/derbe.it\/prodotto\/sciampo-delicatissimo-cocco-zucchero-3\/#primaryimage","url":"https:\/\/derbe.it\/wp-content\/uploads\/2025\/05\/sciampo-delicatissimo-capelli-sfibrati-zucchero-cocco-ginseng-capalvenere-derbe.jpg","contentUrl":"https:\/\/derbe.it\/wp-content\/uploads\/2025\/05\/sciampo-delicatissimo-capelli-sfibrati-zucchero-cocco-ginseng-capalvenere-derbe.jpg","width":1600,"height":2000},{"@type":"BreadcrumbList","@id":"https:\/\/derbe.it\/prodotto\/sciampo-delicatissimo-cocco-zucchero-3\/#breadcrumb","itemListElement":[{"@type":"ListItem","position":1,"name":"Home","item":"https:\/\/derbe.it\/"},{"@type":"ListItem","position":2,"name":"Shop","item":"https:\/\/derbe.it\/en\/shop\/"},{"@type":"ListItem","position":3,"name":"Shampoo","item":"https:\/\/derbe.it\/categoria-prodotto\/shampoo\/"},{"@type":"ListItem","position":4,"name":"Shampoo Zucchero E Cocco Capelli Sfibrati"}]},{"@type":"WebSite","@id":"https:\/\/derbe.it\/#website","url":"https:\/\/derbe.it\/","name":"Derbe","description":"Seit \u00fcber 50 Jahren \u2013 Hergestellt in Italien \u2013 Haar- und K\u00f6rperpflegeprodukte mit Pflanzenextrakten und nachhaltigen Rezepturen","publisher":{"@id":"https:\/\/derbe.it\/#organization"},"potentialAction":[{"@type":"SearchAction","target":{"@type":"EntryPoint","urlTemplate":"https:\/\/derbe.it\/?s={search_term_string}"},"query-input":{"@type":"PropertyValueSpecification","valueRequired":true,"valueName":"search_term_string"}}],"inLanguage":"de"},{"@type":"Organization","@id":"https:\/\/derbe.it\/#organization","name":"Derbe","url":"https:\/\/derbe.it\/","logo":{"@type":"ImageObject","inLanguage":"de","@id":"https:\/\/derbe.it\/#\/schema\/logo\/image\/","url":"https:\/\/derbe.it\/wp-content\/uploads\/2025\/06\/logo_derbe_firenze.png","contentUrl":"https:\/\/derbe.it\/wp-content\/uploads\/2025\/06\/logo_derbe_firenze.png","width":1200,"height":497,"caption":"Derbe"},"image":{"@id":"https:\/\/derbe.it\/#\/schema\/logo\/image\/"},"sameAs":["https:\/\/www.facebook.com\/evoderbebio","https:\/\/www.instagram.com\/derbe.official\/"],"email":"info@derbe.it","telephone":"+39 055 42 11 799","legalName":"Derbe S.r.l. a socio unico","vatID":"07272610481"}]}},"_links":{"self":[{"href":"https:\/\/derbe.it\/de\/wp-json\/wp\/v2\/product\/244","targetHints":{"allow":["GET"]}}],"collection":[{"href":"https:\/\/derbe.it\/de\/wp-json\/wp\/v2\/product"}],"about":[{"href":"https:\/\/derbe.it\/de\/wp-json\/wp\/v2\/types\/product"}],"wp:featuredmedia":[{"embeddable":true,"href":"https:\/\/derbe.it\/de\/wp-json\/wp\/v2\/media\/245"}],"wp:attachment":[{"href":"https:\/\/derbe.it\/de\/wp-json\/wp\/v2\/media?parent=244"}],"wp:term":[{"taxonomy":"caratteristica","embeddable":true,"href":"https:\/\/derbe.it\/de\/wp-json\/wp\/v2\/caratteristica?post=244"},{"taxonomy":"collezione","embeddable":true,"href":"https:\/\/derbe.it\/de\/wp-json\/wp\/v2\/collezione?post=244"},{"taxonomy":"formato","embeddable":true,"href":"https:\/\/derbe.it\/de\/wp-json\/wp\/v2\/formato?post=244"},{"taxonomy":"funzione","embeddable":true,"href":"https:\/\/derbe.it\/de\/wp-json\/wp\/v2\/funzione?post=244"},{"taxonomy":"utilizzo","embeddable":true,"href":"https:\/\/derbe.it\/de\/wp-json\/wp\/v2\/utilizzo?post=244"},{"taxonomy":"ingrediente-principale","embeddable":true,"href":"https:\/\/derbe.it\/de\/wp-json\/wp\/v2\/ingrediente-principale?post=244"},{"taxonomy":"product_brand","embeddable":true,"href":"https:\/\/derbe.it\/de\/wp-json\/wp\/v2\/product_brand?post=244"},{"taxonomy":"product_cat","embeddable":true,"href":"https:\/\/derbe.it\/de\/wp-json\/wp\/v2\/product_cat?post=244"},{"taxonomy":"product_tag","embeddable":true,"href":"https:\/\/derbe.it\/de\/wp-json\/wp\/v2\/product_tag?post=244"}],"curies":[{"name":"wp","href":"https:\/\/api.w.org\/{rel}","templated":true}]}}