{"id":256,"date":"2018-09-26T10:10:44","date_gmt":"2018-09-26T08:10:44","guid":{"rendered":"https:\/\/derbe.it\/prodotto\/balsamo-schiumaderbe\/"},"modified":"2025-11-12T11:43:36","modified_gmt":"2025-11-12T10:43:36","slug":"schaumbalsam","status":"publish","type":"product","link":"https:\/\/derbe.it\/de\/produkt\/schaumbalsam\/","title":{"rendered":"Derbe Schaumbalsam"},"content":{"rendered":"<p>SchiumaDerbe Conditioner kombiniert kraftvolle Pflege mit beruhigender, reinigender und erfrischender Wirkung auf die Kopfhaut. Er entwirrt das Haar sanft, ohne es zu beschweren, und macht es gesund und seidig. Entdecken Sie mit Schiumaderbe Conditioner die Bedeutung der Pflege von Haar und Kopfhaut mit einem nat\u00fcrlichen Produkt neu.<\/p>\n<ul>\n<li>mit <strong>Crambe abyssinica Samen\u00f6l<\/strong>: Haaraufheller<\/li>\n<li>mit <strong>Vitamin E<\/strong>: mit Schutzwirkung<\/li>\n<li>mit <strong>Panthenol oder Provitamin B5<\/strong>Feuchtigkeitsspendend, beruhigend, elastizit\u00e4tsf\u00f6rdernd.<\/li>\n<\/ul>","protected":false},"excerpt":{"rendered":"<p>Der Schiumaderbe Conditioner wurde f\u00fcr alle entwickelt, die Wert auf Frische, Hygiene und Sicherheit legen. Er ist ein speziell f\u00fcr die Haarpflege konzipiertes Produkt, das ein umfassendes Programm zur Wiederherstellung des allgemeinen Wohlbefindens und des nat\u00fcrlichen physiologischen Zustands des Haares von der Kopfhaut bis in die Spitzen bietet. Der Schiumaderbe Conditioner vereint ein hohes Ma\u00df an \u2026 <strong>Konditionierungsleistung<\/strong> zu einer Aktivit\u00e4t <strong>beruhigend<\/strong>, <strong>Desinfektionsmittel<\/strong> Und <strong>erfrischend<\/strong> der Kopfhaut. Es entwirrt das Haar sanft, ohne es zu beschweren, und macht es gesund, gl\u00e4nzend und seidig.<span class=\"Apple-converted-space\">\u00a0<\/span> [\u2026]<\/p>\n<p><a class=\"btn btn-secondary understrap-read-more-link\" href=\"https:\/\/derbe.it\/de\/produkt\/schaumbalsam\/\">Mehr lesen \u2026<span class=\"screen-reader-text\"> from Balsamo SchiumaDerbe<\/span><\/a><\/p>","protected":false},"featured_media":257,"template":"","meta":{"_acf_changed":false},"caratteristica":[],"collezione":[105],"formato":[],"funzione":[87],"utilizzo":[],"ingrediente-principale":[],"product_brand":[],"product_cat":[101],"product_tag":[],"class_list":{"0":"post-256","1":"product","2":"type-product","3":"status-publish","4":"has-post-thumbnail","6":"collezione-schiumaderbe","7":"funzione-capelli-grassi","8":"product_cat-maschere-e-balsami","10":"first","11":"instock","12":"purchasable","13":"product-type-simple"},"acf":[],"yoast_head":"<!-- This site is optimized with the Yoast SEO Premium plugin v26.1 (Yoast SEO v26.8) - https:\/\/yoast.com\/product\/yoast-seo-premium-wordpress\/ -->\n<title>Balsamo SchiumaDerbe - Derbe - cosmetici naturali<\/title>\n<meta name=\"description\" content=\"Schiumaderbe balsamo nasce per coloro che necessitano di freschezza, igiene e sicurezza. \u00c8 un prodotto studiato per occuparsi in modo specifico della cura del capello, sviluppando un percorso completo di ripristino del benessere e del naturale stato fisiologico del capello nel suo complesso, dal cuoio capelluto alle punte. Schiumaderbe Balsamo \u00e8 un prodotto che abbina un elevato potere condizionante ad un\u2019attivit\u00e0 lenitiva, igienizzante e rinfrescante del cuoio capelluto. Districa i capelli delicatamente senza appesantirli e li lascia sani, lucenti e setosi.\u00a0\" \/>\n<meta name=\"robots\" content=\"index, follow, max-snippet:-1, max-image-preview:large, max-video-preview:-1\" \/>\n<link rel=\"canonical\" href=\"https:\/\/derbe.it\/de\/produkt\/schaumbalsam\/\" \/>\n<meta property=\"og:locale\" content=\"de_DE\" \/>\n<meta property=\"og:type\" content=\"article\" \/>\n<meta property=\"og:title\" content=\"Balsamo SchiumaDerbe\" \/>\n<meta property=\"og:description\" content=\"Schiumaderbe balsamo nasce per coloro che necessitano di freschezza, igiene e sicurezza. \u00c8 un prodotto studiato per occuparsi in modo specifico della cura del capello, sviluppando un percorso completo di ripristino del benessere e del naturale stato fisiologico del capello nel suo complesso, dal cuoio capelluto alle punte. Schiumaderbe Balsamo \u00e8 un prodotto che abbina un elevato potere condizionante ad un\u2019attivit\u00e0 lenitiva, igienizzante e rinfrescante del cuoio capelluto. Districa i capelli delicatamente senza appesantirli e li lascia sani, lucenti e setosi.\u00a0\" \/>\n<meta property=\"og:url\" content=\"https:\/\/derbe.it\/de\/produkt\/schaumbalsam\/\" \/>\n<meta property=\"og:site_name\" content=\"Derbe - cosmetici naturali\" \/>\n<meta property=\"article:publisher\" content=\"https:\/\/www.facebook.com\/evoderbebio\" \/>\n<meta property=\"article:modified_time\" content=\"2025-11-12T10:43:36+00:00\" \/>\n<meta property=\"og:image\" content=\"https:\/\/derbe.it\/wp-content\/uploads\/2025\/05\/balsamo-schiumaderbe-condizionante-capelli-derbe.jpg\" \/>\n\t<meta property=\"og:image:width\" content=\"1600\" \/>\n\t<meta property=\"og:image:height\" content=\"2000\" \/>\n\t<meta property=\"og:image:type\" content=\"image\/jpeg\" \/>\n<meta name=\"twitter:card\" content=\"summary_large_image\" \/>\n<meta name=\"twitter:label1\" content=\"Gesch\u00e4tzte Lesezeit\" \/>\n\t<meta name=\"twitter:data1\" content=\"2\u00a0Minuten\" \/>\n<script type=\"application\/ld+json\" class=\"yoast-schema-graph\">{\"@context\":\"https:\/\/schema.org\",\"@graph\":[{\"@type\":\"WebPage\",\"@id\":\"https:\/\/derbe.it\/prodotto\/balsamo-schiumaderbe\/\",\"url\":\"https:\/\/derbe.it\/prodotto\/balsamo-schiumaderbe\/\",\"name\":\"Balsamo SchiumaDerbe - Derbe - cosmetici naturali\",\"isPartOf\":{\"@id\":\"https:\/\/derbe.it\/#website\"},\"primaryImageOfPage\":{\"@id\":\"https:\/\/derbe.it\/prodotto\/balsamo-schiumaderbe\/#primaryimage\"},\"image\":{\"@id\":\"https:\/\/derbe.it\/prodotto\/balsamo-schiumaderbe\/#primaryimage\"},\"thumbnailUrl\":\"https:\/\/derbe.it\/wp-content\/uploads\/2025\/05\/balsamo-schiumaderbe-condizionante-capelli-derbe.jpg\",\"datePublished\":\"2018-09-26T08:10:44+00:00\",\"dateModified\":\"2025-11-12T10:43:36+00:00\",\"description\":\"Schiumaderbe balsamo nasce per coloro che necessitano di freschezza, igiene e sicurezza. \u00c8 un prodotto studiato per occuparsi in modo specifico della cura del capello, sviluppando un percorso completo di ripristino del benessere e del naturale stato fisiologico del capello nel suo complesso, dal cuoio capelluto alle punte. Schiumaderbe Balsamo \u00e8 un prodotto che abbina un elevato potere condizionante ad un\u2019attivit\u00e0 lenitiva, igienizzante e rinfrescante del cuoio capelluto. Districa i capelli delicatamente senza appesantirli e li lascia sani, lucenti e setosi.\u00a0\",\"breadcrumb\":{\"@id\":\"https:\/\/derbe.it\/prodotto\/balsamo-schiumaderbe\/#breadcrumb\"},\"inLanguage\":\"de\",\"potentialAction\":[{\"@type\":\"ReadAction\",\"target\":[\"https:\/\/derbe.it\/prodotto\/balsamo-schiumaderbe\/\"]}]},{\"@type\":\"ImageObject\",\"inLanguage\":\"de\",\"@id\":\"https:\/\/derbe.it\/prodotto\/balsamo-schiumaderbe\/#primaryimage\",\"url\":\"https:\/\/derbe.it\/wp-content\/uploads\/2025\/05\/balsamo-schiumaderbe-condizionante-capelli-derbe.jpg\",\"contentUrl\":\"https:\/\/derbe.it\/wp-content\/uploads\/2025\/05\/balsamo-schiumaderbe-condizionante-capelli-derbe.jpg\",\"width\":1600,\"height\":2000,\"caption\":\"Balsamo condizionante - Derbe\"},{\"@type\":\"BreadcrumbList\",\"@id\":\"https:\/\/derbe.it\/prodotto\/balsamo-schiumaderbe\/#breadcrumb\",\"itemListElement\":[{\"@type\":\"ListItem\",\"position\":1,\"name\":\"Home\",\"item\":\"https:\/\/derbe.it\/\"},{\"@type\":\"ListItem\",\"position\":2,\"name\":\"Shop\",\"item\":\"https:\/\/derbe.it\/en\/shop\/\"},{\"@type\":\"ListItem\",\"position\":3,\"name\":\"Maschere e balsami\",\"item\":\"https:\/\/derbe.it\/categoria-prodotto\/maschere-e-balsami\/\"},{\"@type\":\"ListItem\",\"position\":4,\"name\":\"Balsamo SchiumaDerbe\"}]},{\"@type\":\"WebSite\",\"@id\":\"https:\/\/derbe.it\/#website\",\"url\":\"https:\/\/derbe.it\/\",\"name\":\"Derbe\",\"description\":\"Da oltre 50 anni - Made in italy - prodotti per capelli e corpo con estratti vegetali e formule sostenibili\",\"publisher\":{\"@id\":\"https:\/\/derbe.it\/#organization\"},\"potentialAction\":[{\"@type\":\"SearchAction\",\"target\":{\"@type\":\"EntryPoint\",\"urlTemplate\":\"https:\/\/derbe.it\/?s={search_term_string}\"},\"query-input\":{\"@type\":\"PropertyValueSpecification\",\"valueRequired\":true,\"valueName\":\"search_term_string\"}}],\"inLanguage\":\"de\"},{\"@type\":\"Organization\",\"@id\":\"https:\/\/derbe.it\/#organization\",\"name\":\"Derbe\",\"url\":\"https:\/\/derbe.it\/\",\"logo\":{\"@type\":\"ImageObject\",\"inLanguage\":\"de\",\"@id\":\"https:\/\/derbe.it\/#\/schema\/logo\/image\/\",\"url\":\"https:\/\/derbe.it\/wp-content\/uploads\/2025\/06\/logo_derbe_firenze.png\",\"contentUrl\":\"https:\/\/derbe.it\/wp-content\/uploads\/2025\/06\/logo_derbe_firenze.png\",\"width\":1200,\"height\":497,\"caption\":\"Derbe\"},\"image\":{\"@id\":\"https:\/\/derbe.it\/#\/schema\/logo\/image\/\"},\"sameAs\":[\"https:\/\/www.facebook.com\/evoderbebio\",\"https:\/\/www.instagram.com\/derbe.official\/\"],\"email\":\"info@derbe.it\",\"telephone\":\"+39 055 42 11 799\",\"legalName\":\"Derbe S.r.l. a socio unico\",\"vatID\":\"07272610481\"}]}<\/script>\n<!-- \/ Yoast SEO Premium plugin. -->","yoast_head_json":{"title":"Derbe Schaumbalsam - Derbe - Naturkosmetik","description":"Der Schiumaderbe Conditioner wurde f\u00fcr alle entwickelt, die Wert auf Frische, Hygiene und Sicherheit legen. Er ist speziell f\u00fcr die Haarpflege konzipiert und bietet eine umfassende Behandlung, die das allgemeine Wohlbefinden und den nat\u00fcrlichen physiologischen Zustand des Haares von der Wurzel bis zur Spitze wiederherstellt. Der Schiumaderbe Conditioner kombiniert intensive Pflege mit einer beruhigenden, desinfizierenden und erfrischenden Wirkung auf die Kopfhaut. Er entwirrt das Haar sanft, ohne es zu beschweren, und verleiht ihm ein gesundes, gl\u00e4nzendes und seidiges Gef\u00fchl.\u00a0","robots":{"index":"index","follow":"follow","max-snippet":"max-snippet:-1","max-image-preview":"max-image-preview:large","max-video-preview":"max-video-preview:-1"},"canonical":"https:\/\/derbe.it\/de\/produkt\/schaumbalsam\/","og_locale":"de_DE","og_type":"article","og_title":"Balsamo SchiumaDerbe","og_description":"Schiumaderbe balsamo nasce per coloro che necessitano di freschezza, igiene e sicurezza. \u00c8 un prodotto studiato per occuparsi in modo specifico della cura del capello, sviluppando un percorso completo di ripristino del benessere e del naturale stato fisiologico del capello nel suo complesso, dal cuoio capelluto alle punte. Schiumaderbe Balsamo \u00e8 un prodotto che abbina un elevato potere condizionante ad un\u2019attivit\u00e0 lenitiva, igienizzante e rinfrescante del cuoio capelluto. Districa i capelli delicatamente senza appesantirli e li lascia sani, lucenti e setosi.\u00a0","og_url":"https:\/\/derbe.it\/de\/produkt\/schaumbalsam\/","og_site_name":"Derbe - cosmetici naturali","article_publisher":"https:\/\/www.facebook.com\/evoderbebio","article_modified_time":"2025-11-12T10:43:36+00:00","og_image":[{"width":1600,"height":2000,"url":"https:\/\/derbe.it\/wp-content\/uploads\/2025\/05\/balsamo-schiumaderbe-condizionante-capelli-derbe.jpg","type":"image\/jpeg"}],"twitter_card":"summary_large_image","twitter_misc":{"Gesch\u00e4tzte Lesezeit":"2\u00a0Minuten"},"schema":{"@context":"https:\/\/schema.org","@graph":[{"@type":"WebPage","@id":"https:\/\/derbe.it\/prodotto\/balsamo-schiumaderbe\/","url":"https:\/\/derbe.it\/prodotto\/balsamo-schiumaderbe\/","name":"Derbe Schaumbalsam - Derbe - Naturkosmetik","isPartOf":{"@id":"https:\/\/derbe.it\/#website"},"primaryImageOfPage":{"@id":"https:\/\/derbe.it\/prodotto\/balsamo-schiumaderbe\/#primaryimage"},"image":{"@id":"https:\/\/derbe.it\/prodotto\/balsamo-schiumaderbe\/#primaryimage"},"thumbnailUrl":"https:\/\/derbe.it\/wp-content\/uploads\/2025\/05\/balsamo-schiumaderbe-condizionante-capelli-derbe.jpg","datePublished":"2018-09-26T08:10:44+00:00","dateModified":"2025-11-12T10:43:36+00:00","description":"Der Schiumaderbe Conditioner wurde f\u00fcr alle entwickelt, die Wert auf Frische, Hygiene und Sicherheit legen. Er ist speziell f\u00fcr die Haarpflege konzipiert und bietet eine umfassende Behandlung, die das allgemeine Wohlbefinden und den nat\u00fcrlichen physiologischen Zustand des Haares von der Wurzel bis zur Spitze wiederherstellt. Der Schiumaderbe Conditioner kombiniert intensive Pflege mit einer beruhigenden, desinfizierenden und erfrischenden Wirkung auf die Kopfhaut. Er entwirrt das Haar sanft, ohne es zu beschweren, und verleiht ihm ein gesundes, gl\u00e4nzendes und seidiges Gef\u00fchl.\u00a0","breadcrumb":{"@id":"https:\/\/derbe.it\/prodotto\/balsamo-schiumaderbe\/#breadcrumb"},"inLanguage":"de","potentialAction":[{"@type":"ReadAction","target":["https:\/\/derbe.it\/prodotto\/balsamo-schiumaderbe\/"]}]},{"@type":"ImageObject","inLanguage":"de","@id":"https:\/\/derbe.it\/prodotto\/balsamo-schiumaderbe\/#primaryimage","url":"https:\/\/derbe.it\/wp-content\/uploads\/2025\/05\/balsamo-schiumaderbe-condizionante-capelli-derbe.jpg","contentUrl":"https:\/\/derbe.it\/wp-content\/uploads\/2025\/05\/balsamo-schiumaderbe-condizionante-capelli-derbe.jpg","width":1600,"height":2000,"caption":"Balsamo condizionante - Derbe"},{"@type":"BreadcrumbList","@id":"https:\/\/derbe.it\/prodotto\/balsamo-schiumaderbe\/#breadcrumb","itemListElement":[{"@type":"ListItem","position":1,"name":"Home","item":"https:\/\/derbe.it\/"},{"@type":"ListItem","position":2,"name":"Shop","item":"https:\/\/derbe.it\/en\/shop\/"},{"@type":"ListItem","position":3,"name":"Maschere e balsami","item":"https:\/\/derbe.it\/categoria-prodotto\/maschere-e-balsami\/"},{"@type":"ListItem","position":4,"name":"Balsamo SchiumaDerbe"}]},{"@type":"WebSite","@id":"https:\/\/derbe.it\/#website","url":"https:\/\/derbe.it\/","name":"Derbe","description":"Seit \u00fcber 50 Jahren \u2013 Hergestellt in Italien \u2013 Haar- und K\u00f6rperpflegeprodukte mit Pflanzenextrakten und nachhaltigen Rezepturen","publisher":{"@id":"https:\/\/derbe.it\/#organization"},"potentialAction":[{"@type":"SearchAction","target":{"@type":"EntryPoint","urlTemplate":"https:\/\/derbe.it\/?s={search_term_string}"},"query-input":{"@type":"PropertyValueSpecification","valueRequired":true,"valueName":"search_term_string"}}],"inLanguage":"de"},{"@type":"Organization","@id":"https:\/\/derbe.it\/#organization","name":"Derbe","url":"https:\/\/derbe.it\/","logo":{"@type":"ImageObject","inLanguage":"de","@id":"https:\/\/derbe.it\/#\/schema\/logo\/image\/","url":"https:\/\/derbe.it\/wp-content\/uploads\/2025\/06\/logo_derbe_firenze.png","contentUrl":"https:\/\/derbe.it\/wp-content\/uploads\/2025\/06\/logo_derbe_firenze.png","width":1200,"height":497,"caption":"Derbe"},"image":{"@id":"https:\/\/derbe.it\/#\/schema\/logo\/image\/"},"sameAs":["https:\/\/www.facebook.com\/evoderbebio","https:\/\/www.instagram.com\/derbe.official\/"],"email":"info@derbe.it","telephone":"+39 055 42 11 799","legalName":"Derbe S.r.l. a socio unico","vatID":"07272610481"}]}},"_links":{"self":[{"href":"https:\/\/derbe.it\/de\/wp-json\/wp\/v2\/product\/256","targetHints":{"allow":["GET"]}}],"collection":[{"href":"https:\/\/derbe.it\/de\/wp-json\/wp\/v2\/product"}],"about":[{"href":"https:\/\/derbe.it\/de\/wp-json\/wp\/v2\/types\/product"}],"wp:featuredmedia":[{"embeddable":true,"href":"https:\/\/derbe.it\/de\/wp-json\/wp\/v2\/media\/257"}],"wp:attachment":[{"href":"https:\/\/derbe.it\/de\/wp-json\/wp\/v2\/media?parent=256"}],"wp:term":[{"taxonomy":"caratteristica","embeddable":true,"href":"https:\/\/derbe.it\/de\/wp-json\/wp\/v2\/caratteristica?post=256"},{"taxonomy":"collezione","embeddable":true,"href":"https:\/\/derbe.it\/de\/wp-json\/wp\/v2\/collezione?post=256"},{"taxonomy":"formato","embeddable":true,"href":"https:\/\/derbe.it\/de\/wp-json\/wp\/v2\/formato?post=256"},{"taxonomy":"funzione","embeddable":true,"href":"https:\/\/derbe.it\/de\/wp-json\/wp\/v2\/funzione?post=256"},{"taxonomy":"utilizzo","embeddable":true,"href":"https:\/\/derbe.it\/de\/wp-json\/wp\/v2\/utilizzo?post=256"},{"taxonomy":"ingrediente-principale","embeddable":true,"href":"https:\/\/derbe.it\/de\/wp-json\/wp\/v2\/ingrediente-principale?post=256"},{"taxonomy":"product_brand","embeddable":true,"href":"https:\/\/derbe.it\/de\/wp-json\/wp\/v2\/product_brand?post=256"},{"taxonomy":"product_cat","embeddable":true,"href":"https:\/\/derbe.it\/de\/wp-json\/wp\/v2\/product_cat?post=256"},{"taxonomy":"product_tag","embeddable":true,"href":"https:\/\/derbe.it\/de\/wp-json\/wp\/v2\/product_tag?post=256"}],"curies":[{"name":"wp","href":"https:\/\/api.w.org\/{rel}","templated":true}]}}