{"id":363,"date":"2018-09-26T10:12:41","date_gmt":"2018-09-26T08:12:41","guid":{"rendered":"https:\/\/derbe.it\/prodotto\/pre-sciampo\/"},"modified":"2025-06-24T16:41:22","modified_gmt":"2025-06-24T14:41:22","slug":"vorshampoo","status":"publish","type":"product","link":"https:\/\/derbe.it\/de\/produkt\/vorshampoo\/","title":{"rendered":"Vor dem Shampoo"},"content":{"rendered":"<p>Um den typischen Problemen fettigen Haares entgegenzuwirken, ist regelm\u00e4\u00dfige Haarw\u00e4sche unerl\u00e4sslich. Zu h\u00e4ufiges oder falsches Waschen verschlimmert das Problem fast immer. Deshalb hat Derbe Laboratories eine Behandlung entwickelt, die auf zwei einfachen Schritten basiert: der Anwendung einer Vorbehandlung und eines Anti-Fett-Shampoos. Die Vorbehandlung enth\u00e4lt Grapefruitkernextrakt und Brennnesselextrakt, die beide f\u00fcr ihre talgregulierenden und adstringierenden Eigenschaften bekannt sind. Sie reinigen die Kopfhaut und bereiten sie optimal auf die anschlie\u00dfende Reinigung mit dem Anti-Fett-Shampoo vor.<\/p>","protected":false},"excerpt":{"rendered":"<p>La soluzione pre-sciampo \u00e8 un trattamento preliminare a base di semi di pompelmo ed estratto di ortica entrambi noti per le loro propriet\u00e0 sebo-normalizzanti e astringenti che igienizzano la cute e la predispongono alla giusta detergenza. [&#8230;]<\/p>\n<p><a class=\"btn btn-secondary understrap-read-more-link\" href=\"https:\/\/derbe.it\/de\/produkt\/vorshampoo\/\">Mehr lesen \u2026<span class=\"screen-reader-text\"> von der Zeit vor der Haarw\u00e4sche<\/span><\/a><\/p>","protected":false},"featured_media":364,"template":"","meta":{"_acf_changed":false},"caratteristica":[],"collezione":[],"formato":[],"funzione":[87],"utilizzo":[],"ingrediente-principale":[],"product_brand":[],"product_cat":[15],"product_tag":[],"class_list":{"0":"post-363","1":"product","2":"type-product","3":"status-publish","4":"has-post-thumbnail","6":"funzione-capelli-grassi","7":"product_cat-senza-categoria","9":"first","10":"instock","11":"purchasable","12":"product-type-simple"},"acf":[],"yoast_head":"<!-- This site is optimized with the Yoast SEO Premium plugin v26.1 (Yoast SEO v26.8) - https:\/\/yoast.com\/product\/yoast-seo-premium-wordpress\/ -->\n<title>Pre-Sciampo - Derbe - cosmetici naturali<\/title>\n<meta name=\"description\" content=\"La soluzione pre-sciampo \u00e8 un trattamento preliminare a base di semi di pompelmo ed estratto di ortica entrambi noti per le loro propriet\u00e0 sebo-normalizzanti e astringenti che igienizzano la cute e la predispongono alla giusta detergenza.\" \/>\n<meta name=\"robots\" content=\"index, follow, max-snippet:-1, max-image-preview:large, max-video-preview:-1\" \/>\n<link rel=\"canonical\" href=\"https:\/\/derbe.it\/de\/produkt\/vorshampoo\/\" \/>\n<meta property=\"og:locale\" content=\"de_DE\" \/>\n<meta property=\"og:type\" content=\"article\" \/>\n<meta property=\"og:title\" content=\"Pre-Sciampo\" \/>\n<meta property=\"og:description\" content=\"La soluzione pre-sciampo \u00e8 un trattamento preliminare a base di semi di pompelmo ed estratto di ortica entrambi noti per le loro propriet\u00e0 sebo-normalizzanti e astringenti che igienizzano la cute e la predispongono alla giusta detergenza.\" \/>\n<meta property=\"og:url\" content=\"https:\/\/derbe.it\/de\/produkt\/vorshampoo\/\" \/>\n<meta property=\"og:site_name\" content=\"Derbe - cosmetici naturali\" \/>\n<meta property=\"article:publisher\" content=\"https:\/\/www.facebook.com\/evoderbebio\" \/>\n<meta property=\"article:modified_time\" content=\"2025-06-24T14:41:22+00:00\" \/>\n<meta property=\"og:image\" content=\"https:\/\/derbe.it\/wp-content\/uploads\/2025\/05\/presciampo-capelli-grassi-ortica-pompelmo-derbe.jpg\" \/>\n\t<meta property=\"og:image:width\" content=\"1600\" \/>\n\t<meta property=\"og:image:height\" content=\"2000\" \/>\n\t<meta property=\"og:image:type\" content=\"image\/jpeg\" \/>\n<meta name=\"twitter:card\" content=\"summary_large_image\" \/>\n<script type=\"application\/ld+json\" class=\"yoast-schema-graph\">{\"@context\":\"https:\/\/schema.org\",\"@graph\":[{\"@type\":\"WebPage\",\"@id\":\"https:\/\/derbe.it\/prodotto\/pre-sciampo\/\",\"url\":\"https:\/\/derbe.it\/prodotto\/pre-sciampo\/\",\"name\":\"Pre-Sciampo - Derbe - cosmetici naturali\",\"isPartOf\":{\"@id\":\"https:\/\/derbe.it\/#website\"},\"primaryImageOfPage\":{\"@id\":\"https:\/\/derbe.it\/prodotto\/pre-sciampo\/#primaryimage\"},\"image\":{\"@id\":\"https:\/\/derbe.it\/prodotto\/pre-sciampo\/#primaryimage\"},\"thumbnailUrl\":\"https:\/\/derbe.it\/wp-content\/uploads\/2025\/05\/presciampo-capelli-grassi-ortica-pompelmo-derbe.jpg\",\"datePublished\":\"2018-09-26T08:12:41+00:00\",\"dateModified\":\"2025-06-24T14:41:22+00:00\",\"description\":\"La soluzione pre-sciampo \u00e8 un trattamento preliminare a base di semi di pompelmo ed estratto di ortica entrambi noti per le loro propriet\u00e0 sebo-normalizzanti e astringenti che igienizzano la cute e la predispongono alla giusta detergenza.\",\"breadcrumb\":{\"@id\":\"https:\/\/derbe.it\/prodotto\/pre-sciampo\/#breadcrumb\"},\"inLanguage\":\"de\",\"potentialAction\":[{\"@type\":\"ReadAction\",\"target\":[\"https:\/\/derbe.it\/prodotto\/pre-sciampo\/\"]}]},{\"@type\":\"ImageObject\",\"inLanguage\":\"de\",\"@id\":\"https:\/\/derbe.it\/prodotto\/pre-sciampo\/#primaryimage\",\"url\":\"https:\/\/derbe.it\/wp-content\/uploads\/2025\/05\/presciampo-capelli-grassi-ortica-pompelmo-derbe.jpg\",\"contentUrl\":\"https:\/\/derbe.it\/wp-content\/uploads\/2025\/05\/presciampo-capelli-grassi-ortica-pompelmo-derbe.jpg\",\"width\":1600,\"height\":2000,\"caption\":\"Pre-shampoo anti untuosit\u00e0 - Derbe\"},{\"@type\":\"BreadcrumbList\",\"@id\":\"https:\/\/derbe.it\/prodotto\/pre-sciampo\/#breadcrumb\",\"itemListElement\":[{\"@type\":\"ListItem\",\"position\":1,\"name\":\"Home\",\"item\":\"https:\/\/derbe.it\/\"},{\"@type\":\"ListItem\",\"position\":2,\"name\":\"Shop\",\"item\":\"https:\/\/derbe.it\/en\/shop\/\"},{\"@type\":\"ListItem\",\"position\":3,\"name\":\"Senza categoria\",\"item\":\"https:\/\/derbe.it\/categoria-prodotto\/senza-categoria\/\"},{\"@type\":\"ListItem\",\"position\":4,\"name\":\"Pre-Sciampo\"}]},{\"@type\":\"WebSite\",\"@id\":\"https:\/\/derbe.it\/#website\",\"url\":\"https:\/\/derbe.it\/\",\"name\":\"Derbe\",\"description\":\"Da oltre 50 anni - Made in italy - prodotti per capelli e corpo con estratti vegetali e formule sostenibili\",\"publisher\":{\"@id\":\"https:\/\/derbe.it\/#organization\"},\"potentialAction\":[{\"@type\":\"SearchAction\",\"target\":{\"@type\":\"EntryPoint\",\"urlTemplate\":\"https:\/\/derbe.it\/?s={search_term_string}\"},\"query-input\":{\"@type\":\"PropertyValueSpecification\",\"valueRequired\":true,\"valueName\":\"search_term_string\"}}],\"inLanguage\":\"de\"},{\"@type\":\"Organization\",\"@id\":\"https:\/\/derbe.it\/#organization\",\"name\":\"Derbe\",\"url\":\"https:\/\/derbe.it\/\",\"logo\":{\"@type\":\"ImageObject\",\"inLanguage\":\"de\",\"@id\":\"https:\/\/derbe.it\/#\/schema\/logo\/image\/\",\"url\":\"https:\/\/derbe.it\/wp-content\/uploads\/2025\/06\/logo_derbe_firenze.png\",\"contentUrl\":\"https:\/\/derbe.it\/wp-content\/uploads\/2025\/06\/logo_derbe_firenze.png\",\"width\":1200,\"height\":497,\"caption\":\"Derbe\"},\"image\":{\"@id\":\"https:\/\/derbe.it\/#\/schema\/logo\/image\/\"},\"sameAs\":[\"https:\/\/www.facebook.com\/evoderbebio\",\"https:\/\/www.instagram.com\/derbe.official\/\"],\"email\":\"info@derbe.it\",\"telephone\":\"+39 055 42 11 799\",\"legalName\":\"Derbe S.r.l. a socio unico\",\"vatID\":\"07272610481\"}]}<\/script>\n<!-- \/ Yoast SEO Premium plugin. -->","yoast_head_json":{"title":"Pre-Shampoo - Derbe - Naturkosmetik","description":"Die Vorbehandlung vor dem Shampoonieren basiert auf Grapefruitkernextrakt und Brennnesselextrakt, die beide f\u00fcr ihre talgregulierenden und adstringierenden Eigenschaften bekannt sind. Sie desinfiziert die Haut und bereitet sie auf die eigentliche Reinigung vor.","robots":{"index":"index","follow":"follow","max-snippet":"max-snippet:-1","max-image-preview":"max-image-preview:large","max-video-preview":"max-video-preview:-1"},"canonical":"https:\/\/derbe.it\/de\/produkt\/vorshampoo\/","og_locale":"de_DE","og_type":"article","og_title":"Pre-Sciampo","og_description":"La soluzione pre-sciampo \u00e8 un trattamento preliminare a base di semi di pompelmo ed estratto di ortica entrambi noti per le loro propriet\u00e0 sebo-normalizzanti e astringenti che igienizzano la cute e la predispongono alla giusta detergenza.","og_url":"https:\/\/derbe.it\/de\/produkt\/vorshampoo\/","og_site_name":"Derbe - cosmetici naturali","article_publisher":"https:\/\/www.facebook.com\/evoderbebio","article_modified_time":"2025-06-24T14:41:22+00:00","og_image":[{"width":1600,"height":2000,"url":"https:\/\/derbe.it\/wp-content\/uploads\/2025\/05\/presciampo-capelli-grassi-ortica-pompelmo-derbe.jpg","type":"image\/jpeg"}],"twitter_card":"summary_large_image","schema":{"@context":"https:\/\/schema.org","@graph":[{"@type":"WebPage","@id":"https:\/\/derbe.it\/prodotto\/pre-sciampo\/","url":"https:\/\/derbe.it\/prodotto\/pre-sciampo\/","name":"Pre-Shampoo - Derbe - Naturkosmetik","isPartOf":{"@id":"https:\/\/derbe.it\/#website"},"primaryImageOfPage":{"@id":"https:\/\/derbe.it\/prodotto\/pre-sciampo\/#primaryimage"},"image":{"@id":"https:\/\/derbe.it\/prodotto\/pre-sciampo\/#primaryimage"},"thumbnailUrl":"https:\/\/derbe.it\/wp-content\/uploads\/2025\/05\/presciampo-capelli-grassi-ortica-pompelmo-derbe.jpg","datePublished":"2018-09-26T08:12:41+00:00","dateModified":"2025-06-24T14:41:22+00:00","description":"Die Vorbehandlung vor dem Shampoonieren basiert auf Grapefruitkernextrakt und Brennnesselextrakt, die beide f\u00fcr ihre talgregulierenden und adstringierenden Eigenschaften bekannt sind. Sie desinfiziert die Haut und bereitet sie auf die eigentliche Reinigung vor.","breadcrumb":{"@id":"https:\/\/derbe.it\/prodotto\/pre-sciampo\/#breadcrumb"},"inLanguage":"de","potentialAction":[{"@type":"ReadAction","target":["https:\/\/derbe.it\/prodotto\/pre-sciampo\/"]}]},{"@type":"ImageObject","inLanguage":"de","@id":"https:\/\/derbe.it\/prodotto\/pre-sciampo\/#primaryimage","url":"https:\/\/derbe.it\/wp-content\/uploads\/2025\/05\/presciampo-capelli-grassi-ortica-pompelmo-derbe.jpg","contentUrl":"https:\/\/derbe.it\/wp-content\/uploads\/2025\/05\/presciampo-capelli-grassi-ortica-pompelmo-derbe.jpg","width":1600,"height":2000,"caption":"Pre-shampoo anti untuosit\u00e0 - Derbe"},{"@type":"BreadcrumbList","@id":"https:\/\/derbe.it\/prodotto\/pre-sciampo\/#breadcrumb","itemListElement":[{"@type":"ListItem","position":1,"name":"Home","item":"https:\/\/derbe.it\/"},{"@type":"ListItem","position":2,"name":"Shop","item":"https:\/\/derbe.it\/en\/shop\/"},{"@type":"ListItem","position":3,"name":"Senza categoria","item":"https:\/\/derbe.it\/categoria-prodotto\/senza-categoria\/"},{"@type":"ListItem","position":4,"name":"Pre-Sciampo"}]},{"@type":"WebSite","@id":"https:\/\/derbe.it\/#website","url":"https:\/\/derbe.it\/","name":"Derbe","description":"Seit \u00fcber 50 Jahren \u2013 Hergestellt in Italien \u2013 Haar- und K\u00f6rperpflegeprodukte mit Pflanzenextrakten und nachhaltigen Rezepturen","publisher":{"@id":"https:\/\/derbe.it\/#organization"},"potentialAction":[{"@type":"SearchAction","target":{"@type":"EntryPoint","urlTemplate":"https:\/\/derbe.it\/?s={search_term_string}"},"query-input":{"@type":"PropertyValueSpecification","valueRequired":true,"valueName":"search_term_string"}}],"inLanguage":"de"},{"@type":"Organization","@id":"https:\/\/derbe.it\/#organization","name":"Derbe","url":"https:\/\/derbe.it\/","logo":{"@type":"ImageObject","inLanguage":"de","@id":"https:\/\/derbe.it\/#\/schema\/logo\/image\/","url":"https:\/\/derbe.it\/wp-content\/uploads\/2025\/06\/logo_derbe_firenze.png","contentUrl":"https:\/\/derbe.it\/wp-content\/uploads\/2025\/06\/logo_derbe_firenze.png","width":1200,"height":497,"caption":"Derbe"},"image":{"@id":"https:\/\/derbe.it\/#\/schema\/logo\/image\/"},"sameAs":["https:\/\/www.facebook.com\/evoderbebio","https:\/\/www.instagram.com\/derbe.official\/"],"email":"info@derbe.it","telephone":"+39 055 42 11 799","legalName":"Derbe S.r.l. a socio unico","vatID":"07272610481"}]}},"_links":{"self":[{"href":"https:\/\/derbe.it\/de\/wp-json\/wp\/v2\/product\/363","targetHints":{"allow":["GET"]}}],"collection":[{"href":"https:\/\/derbe.it\/de\/wp-json\/wp\/v2\/product"}],"about":[{"href":"https:\/\/derbe.it\/de\/wp-json\/wp\/v2\/types\/product"}],"wp:featuredmedia":[{"embeddable":true,"href":"https:\/\/derbe.it\/de\/wp-json\/wp\/v2\/media\/364"}],"wp:attachment":[{"href":"https:\/\/derbe.it\/de\/wp-json\/wp\/v2\/media?parent=363"}],"wp:term":[{"taxonomy":"caratteristica","embeddable":true,"href":"https:\/\/derbe.it\/de\/wp-json\/wp\/v2\/caratteristica?post=363"},{"taxonomy":"collezione","embeddable":true,"href":"https:\/\/derbe.it\/de\/wp-json\/wp\/v2\/collezione?post=363"},{"taxonomy":"formato","embeddable":true,"href":"https:\/\/derbe.it\/de\/wp-json\/wp\/v2\/formato?post=363"},{"taxonomy":"funzione","embeddable":true,"href":"https:\/\/derbe.it\/de\/wp-json\/wp\/v2\/funzione?post=363"},{"taxonomy":"utilizzo","embeddable":true,"href":"https:\/\/derbe.it\/de\/wp-json\/wp\/v2\/utilizzo?post=363"},{"taxonomy":"ingrediente-principale","embeddable":true,"href":"https:\/\/derbe.it\/de\/wp-json\/wp\/v2\/ingrediente-principale?post=363"},{"taxonomy":"product_brand","embeddable":true,"href":"https:\/\/derbe.it\/de\/wp-json\/wp\/v2\/product_brand?post=363"},{"taxonomy":"product_cat","embeddable":true,"href":"https:\/\/derbe.it\/de\/wp-json\/wp\/v2\/product_cat?post=363"},{"taxonomy":"product_tag","embeddable":true,"href":"https:\/\/derbe.it\/de\/wp-json\/wp\/v2\/product_tag?post=363"}],"curies":[{"name":"wp","href":"https:\/\/api.w.org\/{rel}","templated":true}]}}