{"id":367,"date":"2018-09-26T10:12:50","date_gmt":"2018-09-26T08:12:50","guid":{"rendered":"https:\/\/derbe.it\/prodotto\/sciampo-anti-untuosita\/"},"modified":"2026-05-06T12:30:41","modified_gmt":"2026-05-06T10:30:41","slug":"anti-fett-shampoo","status":"publish","type":"product","link":"https:\/\/derbe.it\/de\/produkt\/anti-fett-shampoo\/","title":{"rendered":"Anti-Fettiges Shampoo"},"content":{"rendered":"<p>Um den typischen Problemen fettigen Haares entgegenzuwirken, ist regelm\u00e4\u00dfige Haarw\u00e4sche unerl\u00e4sslich. Zu h\u00e4ufiges oder falsches Waschen verschlimmert das Problem fast immer. Deshalb hat Derbe Laboratories eine Behandlung entwickelt, die auf zwei einfachen Schritten basiert: der Anwendung einer Pre-Shampoo-L\u00f6sung und eines Anti-Fett-Shampoos. Die regelm\u00e4\u00dfige Anwendung des Derbe Anti-Fett-Shampoos sorgt f\u00fcr sichtbar gesundes Haar und verl\u00e4ngert die reinigende Wirkung auf die Kopfhaut. Sein Geheimnis? Sanfte Reinigung ohne aggressive und reizende Tenside, wodurch die mit der Pre-Shampoo-L\u00f6sung eingeleitete talgregulierende Wirkung verl\u00e4ngert wird. Grapefruitkernextrakt f\u00f6rdert die Wiederherstellung des Gleichgewichts, w\u00e4hrend Johannisbeerextrakt \u00fcberaktive Talgdr\u00fcsen beruhigt und ihren empfindlichen Hydrolipidhaushalt wiederherstellt.<\/p>","protected":false},"excerpt":{"rendered":"<p>Lo shampoo per capelli grassi \u00e8 uno shampoo non aggressivo con una base lavante, costituita da tensioattivi delicati e non irritanti, particolarmente adatta per correggere l\u2019untuosit\u00e0 dei capelli grassi. [&#8230;]<\/p>\n<p><a class=\"btn btn-secondary understrap-read-more-link\" href=\"https:\/\/derbe.it\/de\/produkt\/anti-fett-shampoo\/\">Mehr lesen \u2026<span class=\"screen-reader-text\"> von Anti-Fett-Shampoo<\/span><\/a><\/p>","protected":false},"featured_media":368,"template":"","meta":{"_acf_changed":false},"caratteristica":[],"collezione":[],"formato":[],"funzione":[87],"utilizzo":[],"ingrediente-principale":[],"product_brand":[],"product_cat":[23],"product_tag":[],"class_list":{"0":"post-367","1":"product","2":"type-product","3":"status-publish","4":"has-post-thumbnail","6":"funzione-capelli-grassi","7":"product_cat-shampoo","9":"first","10":"instock","11":"purchasable","12":"product-type-simple"},"acf":[],"yoast_head":"<!-- This site is optimized with the Yoast SEO Premium plugin v26.1 (Yoast SEO v26.8) - https:\/\/yoast.com\/product\/yoast-seo-premium-wordpress\/ -->\n<title>Shampoo Anti-Untuosit\u00e0 - Derbe - cosmetici naturali<\/title>\n<meta name=\"description\" content=\"Lo shampoo per capelli grassi \u00e8 uno shampoo non aggressivo con una base lavante, costituita da tensioattivi delicati e non irritanti, particolarmente adatta per correggere l\u2019untuosit\u00e0 dei capelli grassi.\" \/>\n<meta name=\"robots\" content=\"index, follow, max-snippet:-1, max-image-preview:large, max-video-preview:-1\" \/>\n<link rel=\"canonical\" href=\"https:\/\/derbe.it\/de\/produkt\/anti-fett-shampoo\/\" \/>\n<meta property=\"og:locale\" content=\"de_DE\" \/>\n<meta property=\"og:type\" content=\"article\" \/>\n<meta property=\"og:title\" content=\"Shampoo Anti-Untuosit\u00e0\" \/>\n<meta property=\"og:description\" content=\"Lo shampoo per capelli grassi \u00e8 uno shampoo non aggressivo con una base lavante, costituita da tensioattivi delicati e non irritanti, particolarmente adatta per correggere l\u2019untuosit\u00e0 dei capelli grassi.\" \/>\n<meta property=\"og:url\" content=\"https:\/\/derbe.it\/de\/produkt\/anti-fett-shampoo\/\" \/>\n<meta property=\"og:site_name\" content=\"Derbe - cosmetici naturali\" \/>\n<meta property=\"article:publisher\" content=\"https:\/\/www.facebook.com\/evoderbebio\" \/>\n<meta property=\"article:modified_time\" content=\"2026-05-06T10:30:41+00:00\" \/>\n<meta property=\"og:image\" content=\"https:\/\/derbe.it\/wp-content\/uploads\/2025\/05\/sciampo-soluzioni-derbe-antiuntuosita-capelli-grassi-ribes-nero-pompelmo-derbe.jpg\" \/>\n\t<meta property=\"og:image:width\" content=\"1600\" \/>\n\t<meta property=\"og:image:height\" content=\"2000\" \/>\n\t<meta property=\"og:image:type\" content=\"image\/jpeg\" \/>\n<meta name=\"twitter:card\" content=\"summary_large_image\" \/>\n<meta name=\"twitter:label1\" content=\"Gesch\u00e4tzte Lesezeit\" \/>\n\t<meta name=\"twitter:data1\" content=\"2\u00a0Minuten\" \/>\n<script type=\"application\/ld+json\" class=\"yoast-schema-graph\">{\"@context\":\"https:\/\/schema.org\",\"@graph\":[{\"@type\":\"WebPage\",\"@id\":\"https:\/\/derbe.it\/prodotto\/sciampo-anti-untuosita\/\",\"url\":\"https:\/\/derbe.it\/prodotto\/sciampo-anti-untuosita\/\",\"name\":\"Shampoo Anti-Untuosit\u00e0 - Derbe - cosmetici naturali\",\"isPartOf\":{\"@id\":\"https:\/\/derbe.it\/#website\"},\"primaryImageOfPage\":{\"@id\":\"https:\/\/derbe.it\/prodotto\/sciampo-anti-untuosita\/#primaryimage\"},\"image\":{\"@id\":\"https:\/\/derbe.it\/prodotto\/sciampo-anti-untuosita\/#primaryimage\"},\"thumbnailUrl\":\"https:\/\/derbe.it\/wp-content\/uploads\/2025\/05\/sciampo-soluzioni-derbe-antiuntuosita-capelli-grassi-ribes-nero-pompelmo-derbe.jpg\",\"datePublished\":\"2018-09-26T08:12:50+00:00\",\"dateModified\":\"2026-05-06T10:30:41+00:00\",\"description\":\"Lo shampoo per capelli grassi \u00e8 uno shampoo non aggressivo con una base lavante, costituita da tensioattivi delicati e non irritanti, particolarmente adatta per correggere l\u2019untuosit\u00e0 dei capelli grassi.\",\"breadcrumb\":{\"@id\":\"https:\/\/derbe.it\/prodotto\/sciampo-anti-untuosita\/#breadcrumb\"},\"inLanguage\":\"de\",\"potentialAction\":[{\"@type\":\"ReadAction\",\"target\":[\"https:\/\/derbe.it\/prodotto\/sciampo-anti-untuosita\/\"]}]},{\"@type\":\"ImageObject\",\"inLanguage\":\"de\",\"@id\":\"https:\/\/derbe.it\/prodotto\/sciampo-anti-untuosita\/#primaryimage\",\"url\":\"https:\/\/derbe.it\/wp-content\/uploads\/2025\/05\/sciampo-soluzioni-derbe-antiuntuosita-capelli-grassi-ribes-nero-pompelmo-derbe.jpg\",\"contentUrl\":\"https:\/\/derbe.it\/wp-content\/uploads\/2025\/05\/sciampo-soluzioni-derbe-antiuntuosita-capelli-grassi-ribes-nero-pompelmo-derbe.jpg\",\"width\":1600,\"height\":2000,\"caption\":\"Shampoo per capelli grassi - Derbe\"},{\"@type\":\"BreadcrumbList\",\"@id\":\"https:\/\/derbe.it\/prodotto\/sciampo-anti-untuosita\/#breadcrumb\",\"itemListElement\":[{\"@type\":\"ListItem\",\"position\":1,\"name\":\"Home\",\"item\":\"https:\/\/derbe.it\/\"},{\"@type\":\"ListItem\",\"position\":2,\"name\":\"Shop\",\"item\":\"https:\/\/derbe.it\/en\/shop\/\"},{\"@type\":\"ListItem\",\"position\":3,\"name\":\"Shampoo\",\"item\":\"https:\/\/derbe.it\/categoria-prodotto\/shampoo\/\"},{\"@type\":\"ListItem\",\"position\":4,\"name\":\"Shampoo Anti-Untuosit\u00e0\"}]},{\"@type\":\"WebSite\",\"@id\":\"https:\/\/derbe.it\/#website\",\"url\":\"https:\/\/derbe.it\/\",\"name\":\"Derbe\",\"description\":\"Da oltre 50 anni - Made in italy - prodotti per capelli e corpo con estratti vegetali e formule sostenibili\",\"publisher\":{\"@id\":\"https:\/\/derbe.it\/#organization\"},\"potentialAction\":[{\"@type\":\"SearchAction\",\"target\":{\"@type\":\"EntryPoint\",\"urlTemplate\":\"https:\/\/derbe.it\/?s={search_term_string}\"},\"query-input\":{\"@type\":\"PropertyValueSpecification\",\"valueRequired\":true,\"valueName\":\"search_term_string\"}}],\"inLanguage\":\"de\"},{\"@type\":\"Organization\",\"@id\":\"https:\/\/derbe.it\/#organization\",\"name\":\"Derbe\",\"url\":\"https:\/\/derbe.it\/\",\"logo\":{\"@type\":\"ImageObject\",\"inLanguage\":\"de\",\"@id\":\"https:\/\/derbe.it\/#\/schema\/logo\/image\/\",\"url\":\"https:\/\/derbe.it\/wp-content\/uploads\/2025\/06\/logo_derbe_firenze.png\",\"contentUrl\":\"https:\/\/derbe.it\/wp-content\/uploads\/2025\/06\/logo_derbe_firenze.png\",\"width\":1200,\"height\":497,\"caption\":\"Derbe\"},\"image\":{\"@id\":\"https:\/\/derbe.it\/#\/schema\/logo\/image\/\"},\"sameAs\":[\"https:\/\/www.facebook.com\/evoderbebio\",\"https:\/\/www.instagram.com\/derbe.official\/\"],\"email\":\"info@derbe.it\",\"telephone\":\"+39 055 42 11 799\",\"legalName\":\"Derbe S.r.l. a socio unico\",\"vatID\":\"07272610481\"}]}<\/script>\n<!-- \/ Yoast SEO Premium plugin. -->","yoast_head_json":{"title":"Anti-Fettiges Shampoo - Derbe - Naturkosmetik","description":"Shampoo f\u00fcr fettiges Haar ist ein nicht aggressives Shampoo mit einer reinigenden Basis aus milden und nicht reizenden Tensiden, das sich besonders gut zur Korrektur von fettigem Haar eignet.","robots":{"index":"index","follow":"follow","max-snippet":"max-snippet:-1","max-image-preview":"max-image-preview:large","max-video-preview":"max-video-preview:-1"},"canonical":"https:\/\/derbe.it\/de\/produkt\/anti-fett-shampoo\/","og_locale":"de_DE","og_type":"article","og_title":"Shampoo Anti-Untuosit\u00e0","og_description":"Lo shampoo per capelli grassi \u00e8 uno shampoo non aggressivo con una base lavante, costituita da tensioattivi delicati e non irritanti, particolarmente adatta per correggere l\u2019untuosit\u00e0 dei capelli grassi.","og_url":"https:\/\/derbe.it\/de\/produkt\/anti-fett-shampoo\/","og_site_name":"Derbe - cosmetici naturali","article_publisher":"https:\/\/www.facebook.com\/evoderbebio","article_modified_time":"2026-05-06T10:30:41+00:00","og_image":[{"width":1600,"height":2000,"url":"https:\/\/derbe.it\/wp-content\/uploads\/2025\/05\/sciampo-soluzioni-derbe-antiuntuosita-capelli-grassi-ribes-nero-pompelmo-derbe.jpg","type":"image\/jpeg"}],"twitter_card":"summary_large_image","twitter_misc":{"Gesch\u00e4tzte Lesezeit":"2\u00a0Minuten"},"schema":{"@context":"https:\/\/schema.org","@graph":[{"@type":"WebPage","@id":"https:\/\/derbe.it\/prodotto\/sciampo-anti-untuosita\/","url":"https:\/\/derbe.it\/prodotto\/sciampo-anti-untuosita\/","name":"Anti-Fettiges Shampoo - Derbe - Naturkosmetik","isPartOf":{"@id":"https:\/\/derbe.it\/#website"},"primaryImageOfPage":{"@id":"https:\/\/derbe.it\/prodotto\/sciampo-anti-untuosita\/#primaryimage"},"image":{"@id":"https:\/\/derbe.it\/prodotto\/sciampo-anti-untuosita\/#primaryimage"},"thumbnailUrl":"https:\/\/derbe.it\/wp-content\/uploads\/2025\/05\/sciampo-soluzioni-derbe-antiuntuosita-capelli-grassi-ribes-nero-pompelmo-derbe.jpg","datePublished":"2018-09-26T08:12:50+00:00","dateModified":"2026-05-06T10:30:41+00:00","description":"Shampoo f\u00fcr fettiges Haar ist ein nicht aggressives Shampoo mit einer reinigenden Basis aus milden und nicht reizenden Tensiden, das sich besonders gut zur Korrektur von fettigem Haar eignet.","breadcrumb":{"@id":"https:\/\/derbe.it\/prodotto\/sciampo-anti-untuosita\/#breadcrumb"},"inLanguage":"de","potentialAction":[{"@type":"ReadAction","target":["https:\/\/derbe.it\/prodotto\/sciampo-anti-untuosita\/"]}]},{"@type":"ImageObject","inLanguage":"de","@id":"https:\/\/derbe.it\/prodotto\/sciampo-anti-untuosita\/#primaryimage","url":"https:\/\/derbe.it\/wp-content\/uploads\/2025\/05\/sciampo-soluzioni-derbe-antiuntuosita-capelli-grassi-ribes-nero-pompelmo-derbe.jpg","contentUrl":"https:\/\/derbe.it\/wp-content\/uploads\/2025\/05\/sciampo-soluzioni-derbe-antiuntuosita-capelli-grassi-ribes-nero-pompelmo-derbe.jpg","width":1600,"height":2000,"caption":"Shampoo per capelli grassi - Derbe"},{"@type":"BreadcrumbList","@id":"https:\/\/derbe.it\/prodotto\/sciampo-anti-untuosita\/#breadcrumb","itemListElement":[{"@type":"ListItem","position":1,"name":"Home","item":"https:\/\/derbe.it\/"},{"@type":"ListItem","position":2,"name":"Shop","item":"https:\/\/derbe.it\/en\/shop\/"},{"@type":"ListItem","position":3,"name":"Shampoo","item":"https:\/\/derbe.it\/categoria-prodotto\/shampoo\/"},{"@type":"ListItem","position":4,"name":"Shampoo Anti-Untuosit\u00e0"}]},{"@type":"WebSite","@id":"https:\/\/derbe.it\/#website","url":"https:\/\/derbe.it\/","name":"Derbe","description":"Seit \u00fcber 50 Jahren \u2013 Hergestellt in Italien \u2013 Haar- und K\u00f6rperpflegeprodukte mit Pflanzenextrakten und nachhaltigen Rezepturen","publisher":{"@id":"https:\/\/derbe.it\/#organization"},"potentialAction":[{"@type":"SearchAction","target":{"@type":"EntryPoint","urlTemplate":"https:\/\/derbe.it\/?s={search_term_string}"},"query-input":{"@type":"PropertyValueSpecification","valueRequired":true,"valueName":"search_term_string"}}],"inLanguage":"de"},{"@type":"Organization","@id":"https:\/\/derbe.it\/#organization","name":"Derbe","url":"https:\/\/derbe.it\/","logo":{"@type":"ImageObject","inLanguage":"de","@id":"https:\/\/derbe.it\/#\/schema\/logo\/image\/","url":"https:\/\/derbe.it\/wp-content\/uploads\/2025\/06\/logo_derbe_firenze.png","contentUrl":"https:\/\/derbe.it\/wp-content\/uploads\/2025\/06\/logo_derbe_firenze.png","width":1200,"height":497,"caption":"Derbe"},"image":{"@id":"https:\/\/derbe.it\/#\/schema\/logo\/image\/"},"sameAs":["https:\/\/www.facebook.com\/evoderbebio","https:\/\/www.instagram.com\/derbe.official\/"],"email":"info@derbe.it","telephone":"+39 055 42 11 799","legalName":"Derbe S.r.l. a socio unico","vatID":"07272610481"}]}},"_links":{"self":[{"href":"https:\/\/derbe.it\/de\/wp-json\/wp\/v2\/product\/367","targetHints":{"allow":["GET"]}}],"collection":[{"href":"https:\/\/derbe.it\/de\/wp-json\/wp\/v2\/product"}],"about":[{"href":"https:\/\/derbe.it\/de\/wp-json\/wp\/v2\/types\/product"}],"wp:featuredmedia":[{"embeddable":true,"href":"https:\/\/derbe.it\/de\/wp-json\/wp\/v2\/media\/368"}],"wp:attachment":[{"href":"https:\/\/derbe.it\/de\/wp-json\/wp\/v2\/media?parent=367"}],"wp:term":[{"taxonomy":"caratteristica","embeddable":true,"href":"https:\/\/derbe.it\/de\/wp-json\/wp\/v2\/caratteristica?post=367"},{"taxonomy":"collezione","embeddable":true,"href":"https:\/\/derbe.it\/de\/wp-json\/wp\/v2\/collezione?post=367"},{"taxonomy":"formato","embeddable":true,"href":"https:\/\/derbe.it\/de\/wp-json\/wp\/v2\/formato?post=367"},{"taxonomy":"funzione","embeddable":true,"href":"https:\/\/derbe.it\/de\/wp-json\/wp\/v2\/funzione?post=367"},{"taxonomy":"utilizzo","embeddable":true,"href":"https:\/\/derbe.it\/de\/wp-json\/wp\/v2\/utilizzo?post=367"},{"taxonomy":"ingrediente-principale","embeddable":true,"href":"https:\/\/derbe.it\/de\/wp-json\/wp\/v2\/ingrediente-principale?post=367"},{"taxonomy":"product_brand","embeddable":true,"href":"https:\/\/derbe.it\/de\/wp-json\/wp\/v2\/product_brand?post=367"},{"taxonomy":"product_cat","embeddable":true,"href":"https:\/\/derbe.it\/de\/wp-json\/wp\/v2\/product_cat?post=367"},{"taxonomy":"product_tag","embeddable":true,"href":"https:\/\/derbe.it\/de\/wp-json\/wp\/v2\/product_tag?post=367"}],"curies":[{"name":"wp","href":"https:\/\/api.w.org\/{rel}","templated":true}]}}