{"id":371,"date":"2018-09-26T10:13:23","date_gmt":"2018-09-26T08:13:23","guid":{"rendered":"https:\/\/derbe.it\/prodotto\/sciampo-crema-purificante\/"},"modified":"2025-11-12T11:42:51","modified_gmt":"2025-11-12T10:42:51","slug":"reinigendes-cremeshampoo","status":"publish","type":"product","link":"https:\/\/derbe.it\/de\/produkt\/reinigendes-cremeshampoo\/","title":{"rendered":"Reinigendes Creme-Shampoo"},"content":{"rendered":"<p>Mit wei\u00dfer Tonerde und Echinacea-Extrakt. Ein sch\u00e4umendes Pr\u00e4parat mit Detox-Effekt zur sanften Reinigung empfindlicher und schuppiger Kopfhaut. Wirkstoffe: Aloe Vera mit beruhigender, lindernder, feuchtigkeitsspendender und erfrischender Wirkung. Wei\u00dfe Tonerde mit beruhigender, reinigender und revitalisierender Wirkung. Sch\u00fctzende und beruhigende Echinacea. Klette mit reinigender und antiseptischer Wirkung. Birke mit desinfizierender und lindernder Wirkung.<\/p>","protected":false},"excerpt":{"rendered":"<p>Es reinigt die Kopfhaut sanft und nat\u00fcrlich und entfernt Unreinheiten. Dank des hohen Anteils an wei\u00dfer Tonerde pr\u00e4sentiert es sich als kompakte und reichhaltiges Pr\u00e4parat, das eine \u2026 <strong>entgiftende und reinigende Wirkung<\/strong>. Aloe vera wirkt gleichzeitig beruhigend, bes\u00e4nftigend, feuchtigkeitsspendend und erfrischend. <strong>gl\u00e4nzendes und geschmeidiges Haar<\/strong> e svolge un azione igienizzante nei confronti di Smog e agenti atmosferici. [&#8230;]<\/p>\n<p><a class=\"btn btn-secondary understrap-read-more-link\" href=\"https:\/\/derbe.it\/de\/produkt\/reinigendes-cremeshampoo\/\">Mehr lesen \u2026<span class=\"screen-reader-text\"> from Shampoo Crema Purificante<\/span><\/a><\/p>","protected":false},"featured_media":372,"template":"","meta":{"_acf_changed":false},"caratteristica":[],"collezione":[],"formato":[],"funzione":[84],"utilizzo":[],"ingrediente-principale":[],"product_brand":[],"product_cat":[23],"product_tag":[],"class_list":{"0":"post-371","1":"product","2":"type-product","3":"status-publish","4":"has-post-thumbnail","6":"funzione-capelli-con-forfora","7":"product_cat-shampoo","9":"first","10":"instock","11":"purchasable","12":"product-type-simple"},"acf":[],"yoast_head":"<!-- This site is optimized with the Yoast SEO Premium plugin v26.1 (Yoast SEO v26.8) - https:\/\/yoast.com\/product\/yoast-seo-premium-wordpress\/ -->\n<title>Shampoo Crema Purificante - Derbe - cosmetici naturali<\/title>\n<meta name=\"description\" content=\"Deterge e rimuove le impurit\u00e0 dal cuoio capelluto in modo equilibrato e naturale. Si presenta come una preparazione compatta e densa per la cospicua presenza di argilla bianca, che crea un effetto detossinante e purificante. L\u2019aloe vera svolge al contempo una funzione lenitiva, calmante, idratante e rinfrescante. Rende i capelli lucidi e brillanti e svolge un azione igienizzante nei confronti di Smog e agenti atmosferici.\" \/>\n<meta name=\"robots\" content=\"index, follow, max-snippet:-1, max-image-preview:large, max-video-preview:-1\" \/>\n<link rel=\"canonical\" href=\"https:\/\/derbe.it\/de\/produkt\/reinigendes-cremeshampoo\/\" \/>\n<meta property=\"og:locale\" content=\"de_DE\" \/>\n<meta property=\"og:type\" content=\"article\" \/>\n<meta property=\"og:title\" content=\"Shampoo Crema Purificante\" \/>\n<meta property=\"og:description\" content=\"Deterge e rimuove le impurit\u00e0 dal cuoio capelluto in modo equilibrato e naturale. Si presenta come una preparazione compatta e densa per la cospicua presenza di argilla bianca, che crea un effetto detossinante e purificante. L\u2019aloe vera svolge al contempo una funzione lenitiva, calmante, idratante e rinfrescante. Rende i capelli lucidi e brillanti e svolge un azione igienizzante nei confronti di Smog e agenti atmosferici.\" \/>\n<meta property=\"og:url\" content=\"https:\/\/derbe.it\/de\/produkt\/reinigendes-cremeshampoo\/\" \/>\n<meta property=\"og:site_name\" content=\"Derbe - cosmetici naturali\" \/>\n<meta property=\"article:publisher\" content=\"https:\/\/www.facebook.com\/evoderbebio\" \/>\n<meta property=\"article:modified_time\" content=\"2025-11-12T10:42:51+00:00\" \/>\n<meta property=\"og:image\" content=\"https:\/\/derbe.it\/wp-content\/uploads\/2025\/05\/sciampo-crema-purificante-effetto-detox-argilla-bianca-estratto-di-echinacea-derbe.jpg\" \/>\n\t<meta property=\"og:image:width\" content=\"1600\" \/>\n\t<meta property=\"og:image:height\" content=\"2000\" \/>\n\t<meta property=\"og:image:type\" content=\"image\/jpeg\" \/>\n<meta name=\"twitter:card\" content=\"summary_large_image\" \/>\n<meta name=\"twitter:label1\" content=\"Gesch\u00e4tzte Lesezeit\" \/>\n\t<meta name=\"twitter:data1\" content=\"2\u00a0Minuten\" \/>\n<script type=\"application\/ld+json\" class=\"yoast-schema-graph\">{\"@context\":\"https:\/\/schema.org\",\"@graph\":[{\"@type\":\"WebPage\",\"@id\":\"https:\/\/derbe.it\/prodotto\/sciampo-crema-purificante\/\",\"url\":\"https:\/\/derbe.it\/prodotto\/sciampo-crema-purificante\/\",\"name\":\"Shampoo Crema Purificante - Derbe - cosmetici naturali\",\"isPartOf\":{\"@id\":\"https:\/\/derbe.it\/#website\"},\"primaryImageOfPage\":{\"@id\":\"https:\/\/derbe.it\/prodotto\/sciampo-crema-purificante\/#primaryimage\"},\"image\":{\"@id\":\"https:\/\/derbe.it\/prodotto\/sciampo-crema-purificante\/#primaryimage\"},\"thumbnailUrl\":\"https:\/\/derbe.it\/wp-content\/uploads\/2025\/05\/sciampo-crema-purificante-effetto-detox-argilla-bianca-estratto-di-echinacea-derbe.jpg\",\"datePublished\":\"2018-09-26T08:13:23+00:00\",\"dateModified\":\"2025-11-12T10:42:51+00:00\",\"description\":\"Deterge e rimuove le impurit\u00e0 dal cuoio capelluto in modo equilibrato e naturale. Si presenta come una preparazione compatta e densa per la cospicua presenza di argilla bianca, che crea un effetto detossinante e purificante. L\u2019aloe vera svolge al contempo una funzione lenitiva, calmante, idratante e rinfrescante. Rende i capelli lucidi e brillanti e svolge un azione igienizzante nei confronti di Smog e agenti atmosferici.\",\"breadcrumb\":{\"@id\":\"https:\/\/derbe.it\/prodotto\/sciampo-crema-purificante\/#breadcrumb\"},\"inLanguage\":\"de\",\"potentialAction\":[{\"@type\":\"ReadAction\",\"target\":[\"https:\/\/derbe.it\/prodotto\/sciampo-crema-purificante\/\"]}]},{\"@type\":\"ImageObject\",\"inLanguage\":\"de\",\"@id\":\"https:\/\/derbe.it\/prodotto\/sciampo-crema-purificante\/#primaryimage\",\"url\":\"https:\/\/derbe.it\/wp-content\/uploads\/2025\/05\/sciampo-crema-purificante-effetto-detox-argilla-bianca-estratto-di-echinacea-derbe.jpg\",\"contentUrl\":\"https:\/\/derbe.it\/wp-content\/uploads\/2025\/05\/sciampo-crema-purificante-effetto-detox-argilla-bianca-estratto-di-echinacea-derbe.jpg\",\"width\":1600,\"height\":2000,\"caption\":\"Shampoo crema purificante detox - Derbe\"},{\"@type\":\"BreadcrumbList\",\"@id\":\"https:\/\/derbe.it\/prodotto\/sciampo-crema-purificante\/#breadcrumb\",\"itemListElement\":[{\"@type\":\"ListItem\",\"position\":1,\"name\":\"Home\",\"item\":\"https:\/\/derbe.it\/\"},{\"@type\":\"ListItem\",\"position\":2,\"name\":\"Shop\",\"item\":\"https:\/\/derbe.it\/en\/shop\/\"},{\"@type\":\"ListItem\",\"position\":3,\"name\":\"Shampoo\",\"item\":\"https:\/\/derbe.it\/categoria-prodotto\/shampoo\/\"},{\"@type\":\"ListItem\",\"position\":4,\"name\":\"Shampoo Crema Purificante\"}]},{\"@type\":\"WebSite\",\"@id\":\"https:\/\/derbe.it\/#website\",\"url\":\"https:\/\/derbe.it\/\",\"name\":\"Derbe\",\"description\":\"Da oltre 50 anni - Made in italy - prodotti per capelli e corpo con estratti vegetali e formule sostenibili\",\"publisher\":{\"@id\":\"https:\/\/derbe.it\/#organization\"},\"potentialAction\":[{\"@type\":\"SearchAction\",\"target\":{\"@type\":\"EntryPoint\",\"urlTemplate\":\"https:\/\/derbe.it\/?s={search_term_string}\"},\"query-input\":{\"@type\":\"PropertyValueSpecification\",\"valueRequired\":true,\"valueName\":\"search_term_string\"}}],\"inLanguage\":\"de\"},{\"@type\":\"Organization\",\"@id\":\"https:\/\/derbe.it\/#organization\",\"name\":\"Derbe\",\"url\":\"https:\/\/derbe.it\/\",\"logo\":{\"@type\":\"ImageObject\",\"inLanguage\":\"de\",\"@id\":\"https:\/\/derbe.it\/#\/schema\/logo\/image\/\",\"url\":\"https:\/\/derbe.it\/wp-content\/uploads\/2025\/06\/logo_derbe_firenze.png\",\"contentUrl\":\"https:\/\/derbe.it\/wp-content\/uploads\/2025\/06\/logo_derbe_firenze.png\",\"width\":1200,\"height\":497,\"caption\":\"Derbe\"},\"image\":{\"@id\":\"https:\/\/derbe.it\/#\/schema\/logo\/image\/\"},\"sameAs\":[\"https:\/\/www.facebook.com\/evoderbebio\",\"https:\/\/www.instagram.com\/derbe.official\/\"],\"email\":\"info@derbe.it\",\"telephone\":\"+39 055 42 11 799\",\"legalName\":\"Derbe S.r.l. a socio unico\",\"vatID\":\"07272610481\"}]}<\/script>\n<!-- \/ Yoast SEO Premium plugin. -->","yoast_head_json":{"title":"Reinigendes Creme-Shampoo - Derbe - Naturkosmetik","description":"Reinigt und entfernt Unreinheiten von der Kopfhaut auf sanfte und nat\u00fcrliche Weise. Dank des hohen Anteils an wei\u00dfer Tonerde ist es eine kompakte und reichhaltige Formel, die entgiftend und reinigend wirkt. Aloe vera wirkt gleichzeitig beruhigend, feuchtigkeitsspendend und erfrischend. Es verleiht dem Haar Glanz und sch\u00fctzt vor Smog und Umweltschadstoffen.","robots":{"index":"index","follow":"follow","max-snippet":"max-snippet:-1","max-image-preview":"max-image-preview:large","max-video-preview":"max-video-preview:-1"},"canonical":"https:\/\/derbe.it\/de\/produkt\/reinigendes-cremeshampoo\/","og_locale":"de_DE","og_type":"article","og_title":"Shampoo Crema Purificante","og_description":"Deterge e rimuove le impurit\u00e0 dal cuoio capelluto in modo equilibrato e naturale. Si presenta come una preparazione compatta e densa per la cospicua presenza di argilla bianca, che crea un effetto detossinante e purificante. L\u2019aloe vera svolge al contempo una funzione lenitiva, calmante, idratante e rinfrescante. Rende i capelli lucidi e brillanti e svolge un azione igienizzante nei confronti di Smog e agenti atmosferici.","og_url":"https:\/\/derbe.it\/de\/produkt\/reinigendes-cremeshampoo\/","og_site_name":"Derbe - cosmetici naturali","article_publisher":"https:\/\/www.facebook.com\/evoderbebio","article_modified_time":"2025-11-12T10:42:51+00:00","og_image":[{"width":1600,"height":2000,"url":"https:\/\/derbe.it\/wp-content\/uploads\/2025\/05\/sciampo-crema-purificante-effetto-detox-argilla-bianca-estratto-di-echinacea-derbe.jpg","type":"image\/jpeg"}],"twitter_card":"summary_large_image","twitter_misc":{"Gesch\u00e4tzte Lesezeit":"2\u00a0Minuten"},"schema":{"@context":"https:\/\/schema.org","@graph":[{"@type":"WebPage","@id":"https:\/\/derbe.it\/prodotto\/sciampo-crema-purificante\/","url":"https:\/\/derbe.it\/prodotto\/sciampo-crema-purificante\/","name":"Reinigendes Creme-Shampoo - Derbe - Naturkosmetik","isPartOf":{"@id":"https:\/\/derbe.it\/#website"},"primaryImageOfPage":{"@id":"https:\/\/derbe.it\/prodotto\/sciampo-crema-purificante\/#primaryimage"},"image":{"@id":"https:\/\/derbe.it\/prodotto\/sciampo-crema-purificante\/#primaryimage"},"thumbnailUrl":"https:\/\/derbe.it\/wp-content\/uploads\/2025\/05\/sciampo-crema-purificante-effetto-detox-argilla-bianca-estratto-di-echinacea-derbe.jpg","datePublished":"2018-09-26T08:13:23+00:00","dateModified":"2025-11-12T10:42:51+00:00","description":"Reinigt und entfernt Unreinheiten von der Kopfhaut auf sanfte und nat\u00fcrliche Weise. Dank des hohen Anteils an wei\u00dfer Tonerde ist es eine kompakte und reichhaltige Formel, die entgiftend und reinigend wirkt. Aloe vera wirkt gleichzeitig beruhigend, feuchtigkeitsspendend und erfrischend. Es verleiht dem Haar Glanz und sch\u00fctzt vor Smog und Umweltschadstoffen.","breadcrumb":{"@id":"https:\/\/derbe.it\/prodotto\/sciampo-crema-purificante\/#breadcrumb"},"inLanguage":"de","potentialAction":[{"@type":"ReadAction","target":["https:\/\/derbe.it\/prodotto\/sciampo-crema-purificante\/"]}]},{"@type":"ImageObject","inLanguage":"de","@id":"https:\/\/derbe.it\/prodotto\/sciampo-crema-purificante\/#primaryimage","url":"https:\/\/derbe.it\/wp-content\/uploads\/2025\/05\/sciampo-crema-purificante-effetto-detox-argilla-bianca-estratto-di-echinacea-derbe.jpg","contentUrl":"https:\/\/derbe.it\/wp-content\/uploads\/2025\/05\/sciampo-crema-purificante-effetto-detox-argilla-bianca-estratto-di-echinacea-derbe.jpg","width":1600,"height":2000,"caption":"Shampoo crema purificante detox - Derbe"},{"@type":"BreadcrumbList","@id":"https:\/\/derbe.it\/prodotto\/sciampo-crema-purificante\/#breadcrumb","itemListElement":[{"@type":"ListItem","position":1,"name":"Home","item":"https:\/\/derbe.it\/"},{"@type":"ListItem","position":2,"name":"Shop","item":"https:\/\/derbe.it\/en\/shop\/"},{"@type":"ListItem","position":3,"name":"Shampoo","item":"https:\/\/derbe.it\/categoria-prodotto\/shampoo\/"},{"@type":"ListItem","position":4,"name":"Shampoo Crema Purificante"}]},{"@type":"WebSite","@id":"https:\/\/derbe.it\/#website","url":"https:\/\/derbe.it\/","name":"Derbe","description":"Seit \u00fcber 50 Jahren \u2013 Hergestellt in Italien \u2013 Haar- und K\u00f6rperpflegeprodukte mit Pflanzenextrakten und nachhaltigen Rezepturen","publisher":{"@id":"https:\/\/derbe.it\/#organization"},"potentialAction":[{"@type":"SearchAction","target":{"@type":"EntryPoint","urlTemplate":"https:\/\/derbe.it\/?s={search_term_string}"},"query-input":{"@type":"PropertyValueSpecification","valueRequired":true,"valueName":"search_term_string"}}],"inLanguage":"de"},{"@type":"Organization","@id":"https:\/\/derbe.it\/#organization","name":"Derbe","url":"https:\/\/derbe.it\/","logo":{"@type":"ImageObject","inLanguage":"de","@id":"https:\/\/derbe.it\/#\/schema\/logo\/image\/","url":"https:\/\/derbe.it\/wp-content\/uploads\/2025\/06\/logo_derbe_firenze.png","contentUrl":"https:\/\/derbe.it\/wp-content\/uploads\/2025\/06\/logo_derbe_firenze.png","width":1200,"height":497,"caption":"Derbe"},"image":{"@id":"https:\/\/derbe.it\/#\/schema\/logo\/image\/"},"sameAs":["https:\/\/www.facebook.com\/evoderbebio","https:\/\/www.instagram.com\/derbe.official\/"],"email":"info@derbe.it","telephone":"+39 055 42 11 799","legalName":"Derbe S.r.l. a socio unico","vatID":"07272610481"}]}},"_links":{"self":[{"href":"https:\/\/derbe.it\/de\/wp-json\/wp\/v2\/product\/371","targetHints":{"allow":["GET"]}}],"collection":[{"href":"https:\/\/derbe.it\/de\/wp-json\/wp\/v2\/product"}],"about":[{"href":"https:\/\/derbe.it\/de\/wp-json\/wp\/v2\/types\/product"}],"wp:featuredmedia":[{"embeddable":true,"href":"https:\/\/derbe.it\/de\/wp-json\/wp\/v2\/media\/372"}],"wp:attachment":[{"href":"https:\/\/derbe.it\/de\/wp-json\/wp\/v2\/media?parent=371"}],"wp:term":[{"taxonomy":"caratteristica","embeddable":true,"href":"https:\/\/derbe.it\/de\/wp-json\/wp\/v2\/caratteristica?post=371"},{"taxonomy":"collezione","embeddable":true,"href":"https:\/\/derbe.it\/de\/wp-json\/wp\/v2\/collezione?post=371"},{"taxonomy":"formato","embeddable":true,"href":"https:\/\/derbe.it\/de\/wp-json\/wp\/v2\/formato?post=371"},{"taxonomy":"funzione","embeddable":true,"href":"https:\/\/derbe.it\/de\/wp-json\/wp\/v2\/funzione?post=371"},{"taxonomy":"utilizzo","embeddable":true,"href":"https:\/\/derbe.it\/de\/wp-json\/wp\/v2\/utilizzo?post=371"},{"taxonomy":"ingrediente-principale","embeddable":true,"href":"https:\/\/derbe.it\/de\/wp-json\/wp\/v2\/ingrediente-principale?post=371"},{"taxonomy":"product_brand","embeddable":true,"href":"https:\/\/derbe.it\/de\/wp-json\/wp\/v2\/product_brand?post=371"},{"taxonomy":"product_cat","embeddable":true,"href":"https:\/\/derbe.it\/de\/wp-json\/wp\/v2\/product_cat?post=371"},{"taxonomy":"product_tag","embeddable":true,"href":"https:\/\/derbe.it\/de\/wp-json\/wp\/v2\/product_tag?post=371"}],"curies":[{"name":"wp","href":"https:\/\/api.w.org\/{rel}","templated":true}]}}