{"id":3898,"date":"2025-09-16T16:17:35","date_gmt":"2025-09-16T14:17:35","guid":{"rendered":"https:\/\/derbe.it\/?post_type=product&#038;p=3898"},"modified":"2025-09-16T16:41:11","modified_gmt":"2025-09-16T14:41:11","slug":"goldene-flussigseife","status":"publish","type":"product","link":"https:\/\/derbe.it\/de\/produkt\/goldene-flussigseife\/","title":{"rendered":"Aurea Fl\u00fcssigseife"},"content":{"rendered":"<p>Es reinigt sanft und hinterl\u00e4sst die Haut weich, hydratisiert und angenehm duftend. Sein cremiger Schaum verw\u00f6hnt die H\u00e4nde mit einer goldenen Liebkosung, w\u00e4hrend der zitronige und strahlende Duft von Aurea \u2013 mit blumigen Nuancen und einer warmen Basis aus Holz und Amber \u2013 die t\u00e4gliche Geste in einen Moment puren Sinnesgenusses verwandelt.<\/p>","protected":false},"excerpt":{"rendered":"<p>Es reinigt sanft und hinterl\u00e4sst die Haut weich, hydratisiert und angenehm duftend. Sein cremiger Schaum verw\u00f6hnt die H\u00e4nde mit einer goldenen Liebkosung, w\u00e4hrend der zitronige und strahlende Aurea-Duft mit blumigen Nuancen und einer warmen Basis aus H\u00f6lzern und Amber die t\u00e4gliche Geste in einen Moment puren Sinnesgenusses verwandelt. [\u2026]<\/p>\n<p><a class=\"btn btn-secondary understrap-read-more-link\" href=\"https:\/\/derbe.it\/de\/produkt\/goldene-flussigseife\/\">Mehr lesen \u2026<span class=\"screen-reader-text\"> von Aurea Fl\u00fcssigseife<\/span><\/a><\/p>","protected":false},"featured_media":3907,"template":"","meta":{"_acf_changed":false},"caratteristica":[116],"collezione":[138,75],"formato":[],"funzione":[],"utilizzo":[],"ingrediente-principale":[],"product_brand":[],"product_cat":[109],"product_tag":[],"class_list":{"0":"post-3898","1":"product","2":"type-product","3":"status-publish","4":"has-post-thumbnail","6":"caratteristica-sviluppato-da-biologi-esperti","7":"collezione-aurea","8":"collezione-speziali-fiorentini","9":"product_cat-sapone-mani","11":"first","12":"instock","13":"purchasable","14":"product-type-simple"},"acf":[],"yoast_head":"<!-- This site is optimized with the Yoast SEO Premium plugin v26.1 (Yoast SEO v26.8) - https:\/\/yoast.com\/product\/yoast-seo-premium-wordpress\/ -->\n<title>Sapone Liquido Aurea - Derbe - cosmetici naturali<\/title>\n<meta name=\"description\" content=\"Deterge delicatamente lasciando la pelle morbida, idratata e piacevolmente profumata. La sua schiuma cremosa coccola le mani con una carezza dorata, mentre la fragranza Aurea \u2014 agrumata e luminosa, con sfumature floreali e un fondo caldo di legni e ambra \u2014 trasforma il gesto quotidiano in un momento di puro piacere sensoriale.\" \/>\n<meta name=\"robots\" content=\"index, follow, max-snippet:-1, max-image-preview:large, max-video-preview:-1\" \/>\n<link rel=\"canonical\" href=\"https:\/\/derbe.it\/de\/produkt\/goldene-flussigseife\/\" \/>\n<meta property=\"og:locale\" content=\"de_DE\" \/>\n<meta property=\"og:type\" content=\"article\" \/>\n<meta property=\"og:title\" content=\"Sapone Liquido Aurea\" \/>\n<meta property=\"og:description\" content=\"Deterge delicatamente lasciando la pelle morbida, idratata e piacevolmente profumata. La sua schiuma cremosa coccola le mani con una carezza dorata, mentre la fragranza Aurea \u2014 agrumata e luminosa, con sfumature floreali e un fondo caldo di legni e ambra \u2014 trasforma il gesto quotidiano in un momento di puro piacere sensoriale.\" \/>\n<meta property=\"og:url\" content=\"https:\/\/derbe.it\/de\/produkt\/goldene-flussigseife\/\" \/>\n<meta property=\"og:site_name\" content=\"Derbe - cosmetici naturali\" \/>\n<meta property=\"article:publisher\" content=\"https:\/\/www.facebook.com\/evoderbebio\" \/>\n<meta property=\"article:modified_time\" content=\"2025-09-16T14:41:11+00:00\" \/>\n<meta property=\"og:image\" content=\"https:\/\/derbe.it\/wp-content\/uploads\/2025\/09\/sapone-liquido-aurea-speziali-3.jpg\" \/>\n\t<meta property=\"og:image:width\" content=\"1600\" \/>\n\t<meta property=\"og:image:height\" content=\"2000\" \/>\n\t<meta property=\"og:image:type\" content=\"image\/jpeg\" \/>\n<meta name=\"twitter:card\" content=\"summary_large_image\" \/>\n<script type=\"application\/ld+json\" class=\"yoast-schema-graph\">{\"@context\":\"https:\/\/schema.org\",\"@graph\":[{\"@type\":\"WebPage\",\"@id\":\"https:\/\/derbe.it\/prodotto\/sapone-liquido-aurea\/\",\"url\":\"https:\/\/derbe.it\/prodotto\/sapone-liquido-aurea\/\",\"name\":\"Sapone Liquido Aurea - Derbe - cosmetici naturali\",\"isPartOf\":{\"@id\":\"https:\/\/derbe.it\/#website\"},\"primaryImageOfPage\":{\"@id\":\"https:\/\/derbe.it\/prodotto\/sapone-liquido-aurea\/#primaryimage\"},\"image\":{\"@id\":\"https:\/\/derbe.it\/prodotto\/sapone-liquido-aurea\/#primaryimage\"},\"thumbnailUrl\":\"https:\/\/derbe.it\/wp-content\/uploads\/2025\/09\/sapone-liquido-aurea-speziali-3.jpg\",\"datePublished\":\"2025-09-16T14:17:35+00:00\",\"dateModified\":\"2025-09-16T14:41:11+00:00\",\"description\":\"Deterge delicatamente lasciando la pelle morbida, idratata e piacevolmente profumata. La sua schiuma cremosa coccola le mani con una carezza dorata, mentre la fragranza Aurea \u2014 agrumata e luminosa, con sfumature floreali e un fondo caldo di legni e ambra \u2014 trasforma il gesto quotidiano in un momento di puro piacere sensoriale.\",\"breadcrumb\":{\"@id\":\"https:\/\/derbe.it\/prodotto\/sapone-liquido-aurea\/#breadcrumb\"},\"inLanguage\":\"de\",\"potentialAction\":[{\"@type\":\"ReadAction\",\"target\":[\"https:\/\/derbe.it\/prodotto\/sapone-liquido-aurea\/\"]}]},{\"@type\":\"ImageObject\",\"inLanguage\":\"de\",\"@id\":\"https:\/\/derbe.it\/prodotto\/sapone-liquido-aurea\/#primaryimage\",\"url\":\"https:\/\/derbe.it\/wp-content\/uploads\/2025\/09\/sapone-liquido-aurea-speziali-3.jpg\",\"contentUrl\":\"https:\/\/derbe.it\/wp-content\/uploads\/2025\/09\/sapone-liquido-aurea-speziali-3.jpg\",\"width\":1600,\"height\":2000},{\"@type\":\"BreadcrumbList\",\"@id\":\"https:\/\/derbe.it\/prodotto\/sapone-liquido-aurea\/#breadcrumb\",\"itemListElement\":[{\"@type\":\"ListItem\",\"position\":1,\"name\":\"Home\",\"item\":\"https:\/\/derbe.it\/\"},{\"@type\":\"ListItem\",\"position\":2,\"name\":\"Shop\",\"item\":\"https:\/\/derbe.it\/en\/shop\/\"},{\"@type\":\"ListItem\",\"position\":3,\"name\":\"Sapone Mani\",\"item\":\"https:\/\/derbe.it\/categoria-prodotto\/sapone-mani\/\"},{\"@type\":\"ListItem\",\"position\":4,\"name\":\"Sapone Liquido Aurea\"}]},{\"@type\":\"WebSite\",\"@id\":\"https:\/\/derbe.it\/#website\",\"url\":\"https:\/\/derbe.it\/\",\"name\":\"Derbe\",\"description\":\"Da oltre 50 anni - Made in italy - prodotti per capelli e corpo con estratti vegetali e formule sostenibili\",\"publisher\":{\"@id\":\"https:\/\/derbe.it\/#organization\"},\"potentialAction\":[{\"@type\":\"SearchAction\",\"target\":{\"@type\":\"EntryPoint\",\"urlTemplate\":\"https:\/\/derbe.it\/?s={search_term_string}\"},\"query-input\":{\"@type\":\"PropertyValueSpecification\",\"valueRequired\":true,\"valueName\":\"search_term_string\"}}],\"inLanguage\":\"de\"},{\"@type\":\"Organization\",\"@id\":\"https:\/\/derbe.it\/#organization\",\"name\":\"Derbe\",\"url\":\"https:\/\/derbe.it\/\",\"logo\":{\"@type\":\"ImageObject\",\"inLanguage\":\"de\",\"@id\":\"https:\/\/derbe.it\/#\/schema\/logo\/image\/\",\"url\":\"https:\/\/derbe.it\/wp-content\/uploads\/2025\/06\/logo_derbe_firenze.png\",\"contentUrl\":\"https:\/\/derbe.it\/wp-content\/uploads\/2025\/06\/logo_derbe_firenze.png\",\"width\":1200,\"height\":497,\"caption\":\"Derbe\"},\"image\":{\"@id\":\"https:\/\/derbe.it\/#\/schema\/logo\/image\/\"},\"sameAs\":[\"https:\/\/www.facebook.com\/evoderbebio\",\"https:\/\/www.instagram.com\/derbe.official\/\"],\"email\":\"info@derbe.it\",\"telephone\":\"+39 055 42 11 799\",\"legalName\":\"Derbe S.r.l. a socio unico\",\"vatID\":\"07272610481\"}]}<\/script>\n<!-- \/ Yoast SEO Premium plugin. -->","yoast_head_json":{"title":"Aurea Fl\u00fcssigseife - Derbe - Naturkosmetik","description":"Es reinigt sanft und hinterl\u00e4sst die Haut weich, hydratisiert und angenehm duftend. Sein cremiger Schaum verw\u00f6hnt die H\u00e4nde mit einer goldenen Liebkosung, w\u00e4hrend der zitronige und strahlende Duft von Aurea \u2013 mit blumigen Nuancen und einer warmen Basis aus Holz und Amber \u2013 die t\u00e4gliche Geste in einen Moment puren Sinnesgenusses verwandelt.","robots":{"index":"index","follow":"follow","max-snippet":"max-snippet:-1","max-image-preview":"max-image-preview:large","max-video-preview":"max-video-preview:-1"},"canonical":"https:\/\/derbe.it\/de\/produkt\/goldene-flussigseife\/","og_locale":"de_DE","og_type":"article","og_title":"Sapone Liquido Aurea","og_description":"Deterge delicatamente lasciando la pelle morbida, idratata e piacevolmente profumata. La sua schiuma cremosa coccola le mani con una carezza dorata, mentre la fragranza Aurea \u2014 agrumata e luminosa, con sfumature floreali e un fondo caldo di legni e ambra \u2014 trasforma il gesto quotidiano in un momento di puro piacere sensoriale.","og_url":"https:\/\/derbe.it\/de\/produkt\/goldene-flussigseife\/","og_site_name":"Derbe - cosmetici naturali","article_publisher":"https:\/\/www.facebook.com\/evoderbebio","article_modified_time":"2025-09-16T14:41:11+00:00","og_image":[{"width":1600,"height":2000,"url":"https:\/\/derbe.it\/wp-content\/uploads\/2025\/09\/sapone-liquido-aurea-speziali-3.jpg","type":"image\/jpeg"}],"twitter_card":"summary_large_image","schema":{"@context":"https:\/\/schema.org","@graph":[{"@type":"WebPage","@id":"https:\/\/derbe.it\/prodotto\/sapone-liquido-aurea\/","url":"https:\/\/derbe.it\/prodotto\/sapone-liquido-aurea\/","name":"Aurea Fl\u00fcssigseife - Derbe - Naturkosmetik","isPartOf":{"@id":"https:\/\/derbe.it\/#website"},"primaryImageOfPage":{"@id":"https:\/\/derbe.it\/prodotto\/sapone-liquido-aurea\/#primaryimage"},"image":{"@id":"https:\/\/derbe.it\/prodotto\/sapone-liquido-aurea\/#primaryimage"},"thumbnailUrl":"https:\/\/derbe.it\/wp-content\/uploads\/2025\/09\/sapone-liquido-aurea-speziali-3.jpg","datePublished":"2025-09-16T14:17:35+00:00","dateModified":"2025-09-16T14:41:11+00:00","description":"Es reinigt sanft und hinterl\u00e4sst die Haut weich, hydratisiert und angenehm duftend. Sein cremiger Schaum verw\u00f6hnt die H\u00e4nde mit einer goldenen Liebkosung, w\u00e4hrend der zitronige und strahlende Duft von Aurea \u2013 mit blumigen Nuancen und einer warmen Basis aus Holz und Amber \u2013 die t\u00e4gliche Geste in einen Moment puren Sinnesgenusses verwandelt.","breadcrumb":{"@id":"https:\/\/derbe.it\/prodotto\/sapone-liquido-aurea\/#breadcrumb"},"inLanguage":"de","potentialAction":[{"@type":"ReadAction","target":["https:\/\/derbe.it\/prodotto\/sapone-liquido-aurea\/"]}]},{"@type":"ImageObject","inLanguage":"de","@id":"https:\/\/derbe.it\/prodotto\/sapone-liquido-aurea\/#primaryimage","url":"https:\/\/derbe.it\/wp-content\/uploads\/2025\/09\/sapone-liquido-aurea-speziali-3.jpg","contentUrl":"https:\/\/derbe.it\/wp-content\/uploads\/2025\/09\/sapone-liquido-aurea-speziali-3.jpg","width":1600,"height":2000},{"@type":"BreadcrumbList","@id":"https:\/\/derbe.it\/prodotto\/sapone-liquido-aurea\/#breadcrumb","itemListElement":[{"@type":"ListItem","position":1,"name":"Home","item":"https:\/\/derbe.it\/"},{"@type":"ListItem","position":2,"name":"Shop","item":"https:\/\/derbe.it\/en\/shop\/"},{"@type":"ListItem","position":3,"name":"Sapone Mani","item":"https:\/\/derbe.it\/categoria-prodotto\/sapone-mani\/"},{"@type":"ListItem","position":4,"name":"Sapone Liquido Aurea"}]},{"@type":"WebSite","@id":"https:\/\/derbe.it\/#website","url":"https:\/\/derbe.it\/","name":"Derbe","description":"Seit \u00fcber 50 Jahren \u2013 Hergestellt in Italien \u2013 Haar- und K\u00f6rperpflegeprodukte mit Pflanzenextrakten und nachhaltigen Rezepturen","publisher":{"@id":"https:\/\/derbe.it\/#organization"},"potentialAction":[{"@type":"SearchAction","target":{"@type":"EntryPoint","urlTemplate":"https:\/\/derbe.it\/?s={search_term_string}"},"query-input":{"@type":"PropertyValueSpecification","valueRequired":true,"valueName":"search_term_string"}}],"inLanguage":"de"},{"@type":"Organization","@id":"https:\/\/derbe.it\/#organization","name":"Derbe","url":"https:\/\/derbe.it\/","logo":{"@type":"ImageObject","inLanguage":"de","@id":"https:\/\/derbe.it\/#\/schema\/logo\/image\/","url":"https:\/\/derbe.it\/wp-content\/uploads\/2025\/06\/logo_derbe_firenze.png","contentUrl":"https:\/\/derbe.it\/wp-content\/uploads\/2025\/06\/logo_derbe_firenze.png","width":1200,"height":497,"caption":"Derbe"},"image":{"@id":"https:\/\/derbe.it\/#\/schema\/logo\/image\/"},"sameAs":["https:\/\/www.facebook.com\/evoderbebio","https:\/\/www.instagram.com\/derbe.official\/"],"email":"info@derbe.it","telephone":"+39 055 42 11 799","legalName":"Derbe S.r.l. a socio unico","vatID":"07272610481"}]}},"_links":{"self":[{"href":"https:\/\/derbe.it\/de\/wp-json\/wp\/v2\/product\/3898","targetHints":{"allow":["GET"]}}],"collection":[{"href":"https:\/\/derbe.it\/de\/wp-json\/wp\/v2\/product"}],"about":[{"href":"https:\/\/derbe.it\/de\/wp-json\/wp\/v2\/types\/product"}],"wp:featuredmedia":[{"embeddable":true,"href":"https:\/\/derbe.it\/de\/wp-json\/wp\/v2\/media\/3907"}],"wp:attachment":[{"href":"https:\/\/derbe.it\/de\/wp-json\/wp\/v2\/media?parent=3898"}],"wp:term":[{"taxonomy":"caratteristica","embeddable":true,"href":"https:\/\/derbe.it\/de\/wp-json\/wp\/v2\/caratteristica?post=3898"},{"taxonomy":"collezione","embeddable":true,"href":"https:\/\/derbe.it\/de\/wp-json\/wp\/v2\/collezione?post=3898"},{"taxonomy":"formato","embeddable":true,"href":"https:\/\/derbe.it\/de\/wp-json\/wp\/v2\/formato?post=3898"},{"taxonomy":"funzione","embeddable":true,"href":"https:\/\/derbe.it\/de\/wp-json\/wp\/v2\/funzione?post=3898"},{"taxonomy":"utilizzo","embeddable":true,"href":"https:\/\/derbe.it\/de\/wp-json\/wp\/v2\/utilizzo?post=3898"},{"taxonomy":"ingrediente-principale","embeddable":true,"href":"https:\/\/derbe.it\/de\/wp-json\/wp\/v2\/ingrediente-principale?post=3898"},{"taxonomy":"product_brand","embeddable":true,"href":"https:\/\/derbe.it\/de\/wp-json\/wp\/v2\/product_brand?post=3898"},{"taxonomy":"product_cat","embeddable":true,"href":"https:\/\/derbe.it\/de\/wp-json\/wp\/v2\/product_cat?post=3898"},{"taxonomy":"product_tag","embeddable":true,"href":"https:\/\/derbe.it\/de\/wp-json\/wp\/v2\/product_tag?post=3898"}],"curies":[{"name":"wp","href":"https:\/\/api.w.org\/{rel}","templated":true}]}}