{"id":3900,"date":"2025-09-16T16:27:40","date_gmt":"2025-09-16T14:27:40","guid":{"rendered":"https:\/\/derbe.it\/?post_type=product&#038;p=3900"},"modified":"2025-09-16T16:40:29","modified_gmt":"2025-09-16T14:40:29","slug":"natursekt-duschgel","status":"publish","type":"product","link":"https:\/\/derbe.it\/de\/produkt\/natursekt-duschgel\/","title":{"rendered":"Aurea Duschgel"},"content":{"rendered":"<p>Tauchen Sie ein in die sanfte Ausstrahlung von Aurea, dem Duschgel, das die t\u00e4gliche Reinigung in ein Sch\u00f6nheits- und Wellnessritual verwandelt. Sein samtiger Schaum umh\u00fcllt die Haut mit den goldenen Noten seines Duftes: strahlende Zitrusfr\u00fcchte, elegante Blumen und eine warme Basis aus Gew\u00fcrzen, H\u00f6lzern und Amber.<br \/>\nEs reinigt sanft und hinterl\u00e4sst eine seidige, parf\u00fcmierte und nat\u00fcrlich strahlende Haut.<br \/>\nEine goldene Liebkosung f\u00fcr Ihre Haut.<\/p>","protected":false},"excerpt":{"rendered":"<p>Es reinigt sanft und hinterl\u00e4sst die Haut weich, hydratisiert und angenehm duftend. Sein cremiger Schaum verw\u00f6hnt die H\u00e4nde mit einer goldenen Liebkosung, w\u00e4hrend der zitronige und strahlende Aurea-Duft mit blumigen Nuancen und einer warmen Basis aus H\u00f6lzern und Amber die t\u00e4gliche Geste in einen Moment puren Sinnesgenusses verwandelt. [\u2026]<\/p>\n<p><a class=\"btn btn-secondary understrap-read-more-link\" href=\"https:\/\/derbe.it\/de\/produkt\/natursekt-duschgel\/\">Mehr lesen \u2026<span class=\"screen-reader-text\"> von Aurea Duschgel<\/span><\/a><\/p>","protected":false},"featured_media":3906,"template":"","meta":{"_acf_changed":false},"caratteristica":[],"collezione":[138,75],"formato":[],"funzione":[],"utilizzo":[],"ingrediente-principale":[],"product_brand":[],"product_cat":[22],"product_tag":[],"class_list":{"0":"post-3900","1":"product","2":"type-product","3":"status-publish","4":"has-post-thumbnail","6":"collezione-aurea","7":"collezione-speziali-fiorentini","8":"product_cat-bagnoschiuma","10":"first","11":"instock","12":"purchasable","13":"product-type-simple"},"acf":[],"yoast_head":"<!-- This site is optimized with the Yoast SEO Premium plugin v26.1 (Yoast SEO v26.8) - https:\/\/yoast.com\/product\/yoast-seo-premium-wordpress\/ -->\n<title>Bagnoschiuma Aurea - Derbe - cosmetici naturali<\/title>\n<meta name=\"description\" content=\"Deterge delicatamente lasciando la pelle morbida, idratata e piacevolmente profumata. La sua schiuma cremosa coccola le mani con una carezza dorata, mentre la fragranza Aurea \u2014 agrumata e luminosa, con sfumature floreali e un fondo caldo di legni e ambra \u2014 trasforma il gesto quotidiano in un momento di puro piacere sensoriale.\" \/>\n<meta name=\"robots\" content=\"index, follow, max-snippet:-1, max-image-preview:large, max-video-preview:-1\" \/>\n<link rel=\"canonical\" href=\"https:\/\/derbe.it\/de\/produkt\/natursekt-duschgel\/\" \/>\n<meta property=\"og:locale\" content=\"de_DE\" \/>\n<meta property=\"og:type\" content=\"article\" \/>\n<meta property=\"og:title\" content=\"Bagnoschiuma Aurea\" \/>\n<meta property=\"og:description\" content=\"Deterge delicatamente lasciando la pelle morbida, idratata e piacevolmente profumata. La sua schiuma cremosa coccola le mani con una carezza dorata, mentre la fragranza Aurea \u2014 agrumata e luminosa, con sfumature floreali e un fondo caldo di legni e ambra \u2014 trasforma il gesto quotidiano in un momento di puro piacere sensoriale.\" \/>\n<meta property=\"og:url\" content=\"https:\/\/derbe.it\/de\/produkt\/natursekt-duschgel\/\" \/>\n<meta property=\"og:site_name\" content=\"Derbe - cosmetici naturali\" \/>\n<meta property=\"article:publisher\" content=\"https:\/\/www.facebook.com\/evoderbebio\" \/>\n<meta property=\"article:modified_time\" content=\"2025-09-16T14:40:29+00:00\" \/>\n<meta property=\"og:image\" content=\"https:\/\/derbe.it\/wp-content\/uploads\/2025\/09\/bagnoschiuma-aurea-speziali-fiorentini-3.jpg\" \/>\n\t<meta property=\"og:image:width\" content=\"1600\" \/>\n\t<meta property=\"og:image:height\" content=\"2000\" \/>\n\t<meta property=\"og:image:type\" content=\"image\/jpeg\" \/>\n<meta name=\"twitter:card\" content=\"summary_large_image\" \/>\n<script type=\"application\/ld+json\" class=\"yoast-schema-graph\">{\"@context\":\"https:\/\/schema.org\",\"@graph\":[{\"@type\":\"WebPage\",\"@id\":\"https:\/\/derbe.it\/es\/producto\/gel-de-ducha-dorado\/\",\"url\":\"https:\/\/derbe.it\/es\/producto\/gel-de-ducha-dorado\/\",\"name\":\"Bagnoschiuma Aurea - Derbe - cosmetici naturali\",\"isPartOf\":{\"@id\":\"https:\/\/derbe.it\/#website\"},\"primaryImageOfPage\":{\"@id\":\"https:\/\/derbe.it\/es\/producto\/gel-de-ducha-dorado\/#primaryimage\"},\"image\":{\"@id\":\"https:\/\/derbe.it\/es\/producto\/gel-de-ducha-dorado\/#primaryimage\"},\"thumbnailUrl\":\"https:\/\/derbe.it\/wp-content\/uploads\/2025\/09\/bagnoschiuma-aurea-speziali-fiorentini-3.jpg\",\"datePublished\":\"2025-09-16T14:27:40+00:00\",\"dateModified\":\"2025-09-16T14:40:29+00:00\",\"description\":\"Deterge delicatamente lasciando la pelle morbida, idratata e piacevolmente profumata. La sua schiuma cremosa coccola le mani con una carezza dorata, mentre la fragranza Aurea \u2014 agrumata e luminosa, con sfumature floreali e un fondo caldo di legni e ambra \u2014 trasforma il gesto quotidiano in un momento di puro piacere sensoriale.\",\"breadcrumb\":{\"@id\":\"https:\/\/derbe.it\/es\/producto\/gel-de-ducha-dorado\/#breadcrumb\"},\"inLanguage\":\"de\",\"potentialAction\":[{\"@type\":\"ReadAction\",\"target\":[\"https:\/\/derbe.it\/es\/producto\/gel-de-ducha-dorado\/\"]}]},{\"@type\":\"ImageObject\",\"inLanguage\":\"de\",\"@id\":\"https:\/\/derbe.it\/es\/producto\/gel-de-ducha-dorado\/#primaryimage\",\"url\":\"https:\/\/derbe.it\/wp-content\/uploads\/2025\/09\/bagnoschiuma-aurea-speziali-fiorentini-3.jpg\",\"contentUrl\":\"https:\/\/derbe.it\/wp-content\/uploads\/2025\/09\/bagnoschiuma-aurea-speziali-fiorentini-3.jpg\",\"width\":1600,\"height\":2000},{\"@type\":\"BreadcrumbList\",\"@id\":\"https:\/\/derbe.it\/es\/producto\/gel-de-ducha-dorado\/#breadcrumb\",\"itemListElement\":[{\"@type\":\"ListItem\",\"position\":1,\"name\":\"Home\",\"item\":\"https:\/\/derbe.it\/\"},{\"@type\":\"ListItem\",\"position\":2,\"name\":\"Shop\",\"item\":\"https:\/\/derbe.it\/en\/shop\/\"},{\"@type\":\"ListItem\",\"position\":3,\"name\":\"Bagnoschiuma\",\"item\":\"https:\/\/derbe.it\/categoria-prodotto\/bagnoschiuma\/\"},{\"@type\":\"ListItem\",\"position\":4,\"name\":\"Bagnoschiuma Aurea\"}]},{\"@type\":\"WebSite\",\"@id\":\"https:\/\/derbe.it\/#website\",\"url\":\"https:\/\/derbe.it\/\",\"name\":\"Derbe\",\"description\":\"Da oltre 50 anni - Made in italy - prodotti per capelli e corpo con estratti vegetali e formule sostenibili\",\"publisher\":{\"@id\":\"https:\/\/derbe.it\/#organization\"},\"potentialAction\":[{\"@type\":\"SearchAction\",\"target\":{\"@type\":\"EntryPoint\",\"urlTemplate\":\"https:\/\/derbe.it\/?s={search_term_string}\"},\"query-input\":{\"@type\":\"PropertyValueSpecification\",\"valueRequired\":true,\"valueName\":\"search_term_string\"}}],\"inLanguage\":\"de\"},{\"@type\":\"Organization\",\"@id\":\"https:\/\/derbe.it\/#organization\",\"name\":\"Derbe\",\"url\":\"https:\/\/derbe.it\/\",\"logo\":{\"@type\":\"ImageObject\",\"inLanguage\":\"de\",\"@id\":\"https:\/\/derbe.it\/#\/schema\/logo\/image\/\",\"url\":\"https:\/\/derbe.it\/wp-content\/uploads\/2025\/06\/logo_derbe_firenze.png\",\"contentUrl\":\"https:\/\/derbe.it\/wp-content\/uploads\/2025\/06\/logo_derbe_firenze.png\",\"width\":1200,\"height\":497,\"caption\":\"Derbe\"},\"image\":{\"@id\":\"https:\/\/derbe.it\/#\/schema\/logo\/image\/\"},\"sameAs\":[\"https:\/\/www.facebook.com\/evoderbebio\",\"https:\/\/www.instagram.com\/derbe.official\/\"],\"email\":\"info@derbe.it\",\"telephone\":\"+39 055 42 11 799\",\"legalName\":\"Derbe S.r.l. a socio unico\",\"vatID\":\"07272610481\"}]}<\/script>\n<!-- \/ Yoast SEO Premium plugin. -->","yoast_head_json":{"title":"Aurea Duschgel - Derbe - Naturkosmetik","description":"Es reinigt sanft und hinterl\u00e4sst die Haut weich, hydratisiert und angenehm duftend. Sein cremiger Schaum verw\u00f6hnt die H\u00e4nde mit einer goldenen Liebkosung, w\u00e4hrend der zitronige und strahlende Duft von Aurea \u2013 mit blumigen Nuancen und einer warmen Basis aus Holz und Amber \u2013 die t\u00e4gliche Geste in einen Moment puren Sinnesgenusses verwandelt.","robots":{"index":"index","follow":"follow","max-snippet":"max-snippet:-1","max-image-preview":"max-image-preview:large","max-video-preview":"max-video-preview:-1"},"canonical":"https:\/\/derbe.it\/de\/produkt\/natursekt-duschgel\/","og_locale":"de_DE","og_type":"article","og_title":"Bagnoschiuma Aurea","og_description":"Deterge delicatamente lasciando la pelle morbida, idratata e piacevolmente profumata. La sua schiuma cremosa coccola le mani con una carezza dorata, mentre la fragranza Aurea \u2014 agrumata e luminosa, con sfumature floreali e un fondo caldo di legni e ambra \u2014 trasforma il gesto quotidiano in un momento di puro piacere sensoriale.","og_url":"https:\/\/derbe.it\/de\/produkt\/natursekt-duschgel\/","og_site_name":"Derbe - cosmetici naturali","article_publisher":"https:\/\/www.facebook.com\/evoderbebio","article_modified_time":"2025-09-16T14:40:29+00:00","og_image":[{"width":1600,"height":2000,"url":"https:\/\/derbe.it\/wp-content\/uploads\/2025\/09\/bagnoschiuma-aurea-speziali-fiorentini-3.jpg","type":"image\/jpeg"}],"twitter_card":"summary_large_image","schema":{"@context":"https:\/\/schema.org","@graph":[{"@type":"WebPage","@id":"https:\/\/derbe.it\/es\/producto\/gel-de-ducha-dorado\/","url":"https:\/\/derbe.it\/es\/producto\/gel-de-ducha-dorado\/","name":"Aurea Duschgel - Derbe - Naturkosmetik","isPartOf":{"@id":"https:\/\/derbe.it\/#website"},"primaryImageOfPage":{"@id":"https:\/\/derbe.it\/es\/producto\/gel-de-ducha-dorado\/#primaryimage"},"image":{"@id":"https:\/\/derbe.it\/es\/producto\/gel-de-ducha-dorado\/#primaryimage"},"thumbnailUrl":"https:\/\/derbe.it\/wp-content\/uploads\/2025\/09\/bagnoschiuma-aurea-speziali-fiorentini-3.jpg","datePublished":"2025-09-16T14:27:40+00:00","dateModified":"2025-09-16T14:40:29+00:00","description":"Es reinigt sanft und hinterl\u00e4sst die Haut weich, hydratisiert und angenehm duftend. Sein cremiger Schaum verw\u00f6hnt die H\u00e4nde mit einer goldenen Liebkosung, w\u00e4hrend der zitronige und strahlende Duft von Aurea \u2013 mit blumigen Nuancen und einer warmen Basis aus Holz und Amber \u2013 die t\u00e4gliche Geste in einen Moment puren Sinnesgenusses verwandelt.","breadcrumb":{"@id":"https:\/\/derbe.it\/es\/producto\/gel-de-ducha-dorado\/#breadcrumb"},"inLanguage":"de","potentialAction":[{"@type":"ReadAction","target":["https:\/\/derbe.it\/es\/producto\/gel-de-ducha-dorado\/"]}]},{"@type":"ImageObject","inLanguage":"de","@id":"https:\/\/derbe.it\/es\/producto\/gel-de-ducha-dorado\/#primaryimage","url":"https:\/\/derbe.it\/wp-content\/uploads\/2025\/09\/bagnoschiuma-aurea-speziali-fiorentini-3.jpg","contentUrl":"https:\/\/derbe.it\/wp-content\/uploads\/2025\/09\/bagnoschiuma-aurea-speziali-fiorentini-3.jpg","width":1600,"height":2000},{"@type":"BreadcrumbList","@id":"https:\/\/derbe.it\/es\/producto\/gel-de-ducha-dorado\/#breadcrumb","itemListElement":[{"@type":"ListItem","position":1,"name":"Home","item":"https:\/\/derbe.it\/"},{"@type":"ListItem","position":2,"name":"Shop","item":"https:\/\/derbe.it\/en\/shop\/"},{"@type":"ListItem","position":3,"name":"Bagnoschiuma","item":"https:\/\/derbe.it\/categoria-prodotto\/bagnoschiuma\/"},{"@type":"ListItem","position":4,"name":"Bagnoschiuma Aurea"}]},{"@type":"WebSite","@id":"https:\/\/derbe.it\/#website","url":"https:\/\/derbe.it\/","name":"Derbe","description":"Seit \u00fcber 50 Jahren \u2013 Hergestellt in Italien \u2013 Haar- und K\u00f6rperpflegeprodukte mit Pflanzenextrakten und nachhaltigen Rezepturen","publisher":{"@id":"https:\/\/derbe.it\/#organization"},"potentialAction":[{"@type":"SearchAction","target":{"@type":"EntryPoint","urlTemplate":"https:\/\/derbe.it\/?s={search_term_string}"},"query-input":{"@type":"PropertyValueSpecification","valueRequired":true,"valueName":"search_term_string"}}],"inLanguage":"de"},{"@type":"Organization","@id":"https:\/\/derbe.it\/#organization","name":"Derbe","url":"https:\/\/derbe.it\/","logo":{"@type":"ImageObject","inLanguage":"de","@id":"https:\/\/derbe.it\/#\/schema\/logo\/image\/","url":"https:\/\/derbe.it\/wp-content\/uploads\/2025\/06\/logo_derbe_firenze.png","contentUrl":"https:\/\/derbe.it\/wp-content\/uploads\/2025\/06\/logo_derbe_firenze.png","width":1200,"height":497,"caption":"Derbe"},"image":{"@id":"https:\/\/derbe.it\/#\/schema\/logo\/image\/"},"sameAs":["https:\/\/www.facebook.com\/evoderbebio","https:\/\/www.instagram.com\/derbe.official\/"],"email":"info@derbe.it","telephone":"+39 055 42 11 799","legalName":"Derbe S.r.l. a socio unico","vatID":"07272610481"}]}},"_links":{"self":[{"href":"https:\/\/derbe.it\/de\/wp-json\/wp\/v2\/product\/3900","targetHints":{"allow":["GET"]}}],"collection":[{"href":"https:\/\/derbe.it\/de\/wp-json\/wp\/v2\/product"}],"about":[{"href":"https:\/\/derbe.it\/de\/wp-json\/wp\/v2\/types\/product"}],"wp:featuredmedia":[{"embeddable":true,"href":"https:\/\/derbe.it\/de\/wp-json\/wp\/v2\/media\/3906"}],"wp:attachment":[{"href":"https:\/\/derbe.it\/de\/wp-json\/wp\/v2\/media?parent=3900"}],"wp:term":[{"taxonomy":"caratteristica","embeddable":true,"href":"https:\/\/derbe.it\/de\/wp-json\/wp\/v2\/caratteristica?post=3900"},{"taxonomy":"collezione","embeddable":true,"href":"https:\/\/derbe.it\/de\/wp-json\/wp\/v2\/collezione?post=3900"},{"taxonomy":"formato","embeddable":true,"href":"https:\/\/derbe.it\/de\/wp-json\/wp\/v2\/formato?post=3900"},{"taxonomy":"funzione","embeddable":true,"href":"https:\/\/derbe.it\/de\/wp-json\/wp\/v2\/funzione?post=3900"},{"taxonomy":"utilizzo","embeddable":true,"href":"https:\/\/derbe.it\/de\/wp-json\/wp\/v2\/utilizzo?post=3900"},{"taxonomy":"ingrediente-principale","embeddable":true,"href":"https:\/\/derbe.it\/de\/wp-json\/wp\/v2\/ingrediente-principale?post=3900"},{"taxonomy":"product_brand","embeddable":true,"href":"https:\/\/derbe.it\/de\/wp-json\/wp\/v2\/product_brand?post=3900"},{"taxonomy":"product_cat","embeddable":true,"href":"https:\/\/derbe.it\/de\/wp-json\/wp\/v2\/product_cat?post=3900"},{"taxonomy":"product_tag","embeddable":true,"href":"https:\/\/derbe.it\/de\/wp-json\/wp\/v2\/product_tag?post=3900"}],"curies":[{"name":"wp","href":"https:\/\/api.w.org\/{rel}","templated":true}]}}