{"id":3908,"date":"2025-09-16T16:45:16","date_gmt":"2025-09-16T14:45:16","guid":{"rendered":"https:\/\/derbe.it\/?post_type=product&#038;p=3908"},"modified":"2025-09-16T16:47:29","modified_gmt":"2025-09-16T14:47:29","slug":"goldene-korperfluidcreme","status":"publish","type":"product","link":"https:\/\/derbe.it\/de\/produkt\/goldene-korperfluidcreme\/","title":{"rendered":"Aurea K\u00f6rperfluidcreme"},"content":{"rendered":"<p>Ein Sch\u00f6nheitsritual, das die Haut wie ein goldener Strahl streichelt. Die samtige Textur verschmilzt nahtlos mit der Haut, pflegt sie tiefenwirksam und macht sie unglaublich weich und strahlend. Der Aurea-Duft \u2013 mit Zitrus- und Blumennoten und einer warmen Basis aus Gew\u00fcrzen, H\u00f6lzern und Amber \u2013 umh\u00fcllt den K\u00f6rper mit einer bet\u00f6renden und anhaltenden Umarmung. Ein Sch\u00f6nheitsritual, das Ihre Routine in ein goldenes Ritual des Wohlbefindens und der Harmonie verwandelt.<\/p>","protected":false},"excerpt":{"rendered":"<p>Ein Sch\u00f6nheitsritual, das die Haut wie ein goldener Strahl streichelt. Die samtige Textur verschmilzt nahtlos mit der Haut, pflegt sie tiefenwirksam und macht sie unglaublich weich und strahlend. Der Aurea-Duft \u2013 mit Zitrus- und Blumennoten und einer warmen Basis aus Gew\u00fcrzen, H\u00f6lzern und Amber \u2013 umh\u00fcllt den K\u00f6rper mit einer bet\u00f6renden und anhaltenden Umarmung. Ein Sch\u00f6nheitsritual, das Ihre Routine in ein goldenes Ritual des Wohlbefindens und der Harmonie verwandelt. [\u2026]<\/p>\n<p><a class=\"btn btn-secondary understrap-read-more-link\" href=\"https:\/\/derbe.it\/de\/produkt\/goldene-korperfluidcreme\/\">Mehr lesen \u2026<span class=\"screen-reader-text\"> von Aurea Body Fluid Cream<\/span><\/a><\/p>","protected":false},"featured_media":3909,"template":"","meta":{"_acf_changed":false},"caratteristica":[116],"collezione":[138,75],"formato":[],"funzione":[],"utilizzo":[],"ingrediente-principale":[],"product_brand":[],"product_cat":[17,106],"product_tag":[],"class_list":{"0":"post-3908","1":"product","2":"type-product","3":"status-publish","4":"has-post-thumbnail","6":"caratteristica-sviluppato-da-biologi-esperti","7":"collezione-aurea","8":"collezione-speziali-fiorentini","9":"product_cat-creme-corpo","10":"product_cat-gel-e-creme-corpo","12":"first","13":"instock","14":"purchasable","15":"product-type-simple"},"acf":[],"yoast_head":"<!-- This site is optimized with the Yoast SEO Premium plugin v26.1 (Yoast SEO v26.8) - https:\/\/yoast.com\/product\/yoast-seo-premium-wordpress\/ -->\n<title>Crema Fluida Corpo Aurea - Derbe - cosmetici naturali<\/title>\n<meta name=\"description\" content=\"Un rituale di bellezza che accarezza la pelle come un raggio dorato. La texture vellutata si fonde perfettamente con l\u2019epidermide, nutrendola in profondit\u00e0 e lasciandola incredibilmente morbida e luminosa. La fragranza di Aurea \u2014 con note agrumate, floreali e un fondo caldo di spezie, legni e ambra \u2014 avvolge il corpo in un abbraccio avvolgente e persistente. Un gesto di bellezza che trasforma la routine in un rituale dorato di benessere e armonia.\" \/>\n<meta name=\"robots\" content=\"index, follow, max-snippet:-1, max-image-preview:large, max-video-preview:-1\" \/>\n<link rel=\"canonical\" href=\"https:\/\/derbe.it\/de\/produkt\/goldene-korperfluidcreme\/\" \/>\n<meta property=\"og:locale\" content=\"de_DE\" \/>\n<meta property=\"og:type\" content=\"article\" \/>\n<meta property=\"og:title\" content=\"Crema Fluida Corpo Aurea\" \/>\n<meta property=\"og:description\" content=\"Un rituale di bellezza che accarezza la pelle come un raggio dorato. La texture vellutata si fonde perfettamente con l\u2019epidermide, nutrendola in profondit\u00e0 e lasciandola incredibilmente morbida e luminosa. La fragranza di Aurea \u2014 con note agrumate, floreali e un fondo caldo di spezie, legni e ambra \u2014 avvolge il corpo in un abbraccio avvolgente e persistente. Un gesto di bellezza che trasforma la routine in un rituale dorato di benessere e armonia.\" \/>\n<meta property=\"og:url\" content=\"https:\/\/derbe.it\/de\/produkt\/goldene-korperfluidcreme\/\" \/>\n<meta property=\"og:site_name\" content=\"Derbe - cosmetici naturali\" \/>\n<meta property=\"article:publisher\" content=\"https:\/\/www.facebook.com\/evoderbebio\" \/>\n<meta property=\"article:modified_time\" content=\"2025-09-16T14:47:29+00:00\" \/>\n<meta property=\"og:image\" content=\"https:\/\/derbe.it\/wp-content\/uploads\/2025\/09\/crema-corpo-aurea-fiorentini.jpg\" \/>\n\t<meta property=\"og:image:width\" content=\"1600\" \/>\n\t<meta property=\"og:image:height\" content=\"2000\" \/>\n\t<meta property=\"og:image:type\" content=\"image\/jpeg\" \/>\n<meta name=\"twitter:card\" content=\"summary_large_image\" \/>\n<script type=\"application\/ld+json\" class=\"yoast-schema-graph\">{\"@context\":\"https:\/\/schema.org\",\"@graph\":[{\"@type\":\"WebPage\",\"@id\":\"https:\/\/derbe.it\/prodotto\/crema-fluida-corpo-aurea\/\",\"url\":\"https:\/\/derbe.it\/prodotto\/crema-fluida-corpo-aurea\/\",\"name\":\"Crema Fluida Corpo Aurea - Derbe - cosmetici naturali\",\"isPartOf\":{\"@id\":\"https:\/\/derbe.it\/#website\"},\"primaryImageOfPage\":{\"@id\":\"https:\/\/derbe.it\/prodotto\/crema-fluida-corpo-aurea\/#primaryimage\"},\"image\":{\"@id\":\"https:\/\/derbe.it\/prodotto\/crema-fluida-corpo-aurea\/#primaryimage\"},\"thumbnailUrl\":\"https:\/\/derbe.it\/wp-content\/uploads\/2025\/09\/crema-corpo-aurea-fiorentini.jpg\",\"datePublished\":\"2025-09-16T14:45:16+00:00\",\"dateModified\":\"2025-09-16T14:47:29+00:00\",\"description\":\"Un rituale di bellezza che accarezza la pelle come un raggio dorato. La texture vellutata si fonde perfettamente con l\u2019epidermide, nutrendola in profondit\u00e0 e lasciandola incredibilmente morbida e luminosa. La fragranza di Aurea \u2014 con note agrumate, floreali e un fondo caldo di spezie, legni e ambra \u2014 avvolge il corpo in un abbraccio avvolgente e persistente. Un gesto di bellezza che trasforma la routine in un rituale dorato di benessere e armonia.\",\"breadcrumb\":{\"@id\":\"https:\/\/derbe.it\/prodotto\/crema-fluida-corpo-aurea\/#breadcrumb\"},\"inLanguage\":\"de\",\"potentialAction\":[{\"@type\":\"ReadAction\",\"target\":[\"https:\/\/derbe.it\/prodotto\/crema-fluida-corpo-aurea\/\"]}]},{\"@type\":\"ImageObject\",\"inLanguage\":\"de\",\"@id\":\"https:\/\/derbe.it\/prodotto\/crema-fluida-corpo-aurea\/#primaryimage\",\"url\":\"https:\/\/derbe.it\/wp-content\/uploads\/2025\/09\/crema-corpo-aurea-fiorentini.jpg\",\"contentUrl\":\"https:\/\/derbe.it\/wp-content\/uploads\/2025\/09\/crema-corpo-aurea-fiorentini.jpg\",\"width\":1600,\"height\":2000},{\"@type\":\"BreadcrumbList\",\"@id\":\"https:\/\/derbe.it\/prodotto\/crema-fluida-corpo-aurea\/#breadcrumb\",\"itemListElement\":[{\"@type\":\"ListItem\",\"position\":1,\"name\":\"Home\",\"item\":\"https:\/\/derbe.it\/\"},{\"@type\":\"ListItem\",\"position\":2,\"name\":\"Shop\",\"item\":\"https:\/\/derbe.it\/en\/shop\/\"},{\"@type\":\"ListItem\",\"position\":3,\"name\":\"Creme corpo\",\"item\":\"https:\/\/derbe.it\/categoria-prodotto\/creme-corpo\/\"},{\"@type\":\"ListItem\",\"position\":4,\"name\":\"Crema Fluida Corpo Aurea\"}]},{\"@type\":\"WebSite\",\"@id\":\"https:\/\/derbe.it\/#website\",\"url\":\"https:\/\/derbe.it\/\",\"name\":\"Derbe\",\"description\":\"Da oltre 50 anni - Made in italy - prodotti per capelli e corpo con estratti vegetali e formule sostenibili\",\"publisher\":{\"@id\":\"https:\/\/derbe.it\/#organization\"},\"potentialAction\":[{\"@type\":\"SearchAction\",\"target\":{\"@type\":\"EntryPoint\",\"urlTemplate\":\"https:\/\/derbe.it\/?s={search_term_string}\"},\"query-input\":{\"@type\":\"PropertyValueSpecification\",\"valueRequired\":true,\"valueName\":\"search_term_string\"}}],\"inLanguage\":\"de\"},{\"@type\":\"Organization\",\"@id\":\"https:\/\/derbe.it\/#organization\",\"name\":\"Derbe\",\"url\":\"https:\/\/derbe.it\/\",\"logo\":{\"@type\":\"ImageObject\",\"inLanguage\":\"de\",\"@id\":\"https:\/\/derbe.it\/#\/schema\/logo\/image\/\",\"url\":\"https:\/\/derbe.it\/wp-content\/uploads\/2025\/06\/logo_derbe_firenze.png\",\"contentUrl\":\"https:\/\/derbe.it\/wp-content\/uploads\/2025\/06\/logo_derbe_firenze.png\",\"width\":1200,\"height\":497,\"caption\":\"Derbe\"},\"image\":{\"@id\":\"https:\/\/derbe.it\/#\/schema\/logo\/image\/\"},\"sameAs\":[\"https:\/\/www.facebook.com\/evoderbebio\",\"https:\/\/www.instagram.com\/derbe.official\/\"],\"email\":\"info@derbe.it\",\"telephone\":\"+39 055 42 11 799\",\"legalName\":\"Derbe S.r.l. a socio unico\",\"vatID\":\"07272610481\"}]}<\/script>\n<!-- \/ Yoast SEO Premium plugin. -->","yoast_head_json":{"title":"Aurea K\u00f6rperfl\u00fcssigkeitscreme - Derbe - Naturkosmetik","description":"Ein Sch\u00f6nheitsritual, das die Haut wie ein goldener Strahl streichelt. Die samtige Textur verschmilzt nahtlos mit der Haut, pflegt sie tiefenwirksam und macht sie unglaublich weich und strahlend. Der Aurea-Duft \u2013 mit Zitrus- und Blumennoten und einer warmen Basis aus Gew\u00fcrzen, H\u00f6lzern und Amber \u2013 umh\u00fcllt den K\u00f6rper mit einer bet\u00f6renden und anhaltenden Umarmung. Ein Sch\u00f6nheitsritual, das Ihre Routine in ein goldenes Ritual des Wohlbefindens und der Harmonie verwandelt.","robots":{"index":"index","follow":"follow","max-snippet":"max-snippet:-1","max-image-preview":"max-image-preview:large","max-video-preview":"max-video-preview:-1"},"canonical":"https:\/\/derbe.it\/de\/produkt\/goldene-korperfluidcreme\/","og_locale":"de_DE","og_type":"article","og_title":"Crema Fluida Corpo Aurea","og_description":"Un rituale di bellezza che accarezza la pelle come un raggio dorato. La texture vellutata si fonde perfettamente con l\u2019epidermide, nutrendola in profondit\u00e0 e lasciandola incredibilmente morbida e luminosa. La fragranza di Aurea \u2014 con note agrumate, floreali e un fondo caldo di spezie, legni e ambra \u2014 avvolge il corpo in un abbraccio avvolgente e persistente. Un gesto di bellezza che trasforma la routine in un rituale dorato di benessere e armonia.","og_url":"https:\/\/derbe.it\/de\/produkt\/goldene-korperfluidcreme\/","og_site_name":"Derbe - cosmetici naturali","article_publisher":"https:\/\/www.facebook.com\/evoderbebio","article_modified_time":"2025-09-16T14:47:29+00:00","og_image":[{"width":1600,"height":2000,"url":"https:\/\/derbe.it\/wp-content\/uploads\/2025\/09\/crema-corpo-aurea-fiorentini.jpg","type":"image\/jpeg"}],"twitter_card":"summary_large_image","schema":{"@context":"https:\/\/schema.org","@graph":[{"@type":"WebPage","@id":"https:\/\/derbe.it\/prodotto\/crema-fluida-corpo-aurea\/","url":"https:\/\/derbe.it\/prodotto\/crema-fluida-corpo-aurea\/","name":"Aurea K\u00f6rperfl\u00fcssigkeitscreme - Derbe - Naturkosmetik","isPartOf":{"@id":"https:\/\/derbe.it\/#website"},"primaryImageOfPage":{"@id":"https:\/\/derbe.it\/prodotto\/crema-fluida-corpo-aurea\/#primaryimage"},"image":{"@id":"https:\/\/derbe.it\/prodotto\/crema-fluida-corpo-aurea\/#primaryimage"},"thumbnailUrl":"https:\/\/derbe.it\/wp-content\/uploads\/2025\/09\/crema-corpo-aurea-fiorentini.jpg","datePublished":"2025-09-16T14:45:16+00:00","dateModified":"2025-09-16T14:47:29+00:00","description":"Ein Sch\u00f6nheitsritual, das die Haut wie ein goldener Strahl streichelt. Die samtige Textur verschmilzt nahtlos mit der Haut, pflegt sie tiefenwirksam und macht sie unglaublich weich und strahlend. Der Aurea-Duft \u2013 mit Zitrus- und Blumennoten und einer warmen Basis aus Gew\u00fcrzen, H\u00f6lzern und Amber \u2013 umh\u00fcllt den K\u00f6rper mit einer bet\u00f6renden und anhaltenden Umarmung. Ein Sch\u00f6nheitsritual, das Ihre Routine in ein goldenes Ritual des Wohlbefindens und der Harmonie verwandelt.","breadcrumb":{"@id":"https:\/\/derbe.it\/prodotto\/crema-fluida-corpo-aurea\/#breadcrumb"},"inLanguage":"de","potentialAction":[{"@type":"ReadAction","target":["https:\/\/derbe.it\/prodotto\/crema-fluida-corpo-aurea\/"]}]},{"@type":"ImageObject","inLanguage":"de","@id":"https:\/\/derbe.it\/prodotto\/crema-fluida-corpo-aurea\/#primaryimage","url":"https:\/\/derbe.it\/wp-content\/uploads\/2025\/09\/crema-corpo-aurea-fiorentini.jpg","contentUrl":"https:\/\/derbe.it\/wp-content\/uploads\/2025\/09\/crema-corpo-aurea-fiorentini.jpg","width":1600,"height":2000},{"@type":"BreadcrumbList","@id":"https:\/\/derbe.it\/prodotto\/crema-fluida-corpo-aurea\/#breadcrumb","itemListElement":[{"@type":"ListItem","position":1,"name":"Home","item":"https:\/\/derbe.it\/"},{"@type":"ListItem","position":2,"name":"Shop","item":"https:\/\/derbe.it\/en\/shop\/"},{"@type":"ListItem","position":3,"name":"Creme corpo","item":"https:\/\/derbe.it\/categoria-prodotto\/creme-corpo\/"},{"@type":"ListItem","position":4,"name":"Crema Fluida Corpo Aurea"}]},{"@type":"WebSite","@id":"https:\/\/derbe.it\/#website","url":"https:\/\/derbe.it\/","name":"Derbe","description":"Seit \u00fcber 50 Jahren \u2013 Hergestellt in Italien \u2013 Haar- und K\u00f6rperpflegeprodukte mit Pflanzenextrakten und nachhaltigen Rezepturen","publisher":{"@id":"https:\/\/derbe.it\/#organization"},"potentialAction":[{"@type":"SearchAction","target":{"@type":"EntryPoint","urlTemplate":"https:\/\/derbe.it\/?s={search_term_string}"},"query-input":{"@type":"PropertyValueSpecification","valueRequired":true,"valueName":"search_term_string"}}],"inLanguage":"de"},{"@type":"Organization","@id":"https:\/\/derbe.it\/#organization","name":"Derbe","url":"https:\/\/derbe.it\/","logo":{"@type":"ImageObject","inLanguage":"de","@id":"https:\/\/derbe.it\/#\/schema\/logo\/image\/","url":"https:\/\/derbe.it\/wp-content\/uploads\/2025\/06\/logo_derbe_firenze.png","contentUrl":"https:\/\/derbe.it\/wp-content\/uploads\/2025\/06\/logo_derbe_firenze.png","width":1200,"height":497,"caption":"Derbe"},"image":{"@id":"https:\/\/derbe.it\/#\/schema\/logo\/image\/"},"sameAs":["https:\/\/www.facebook.com\/evoderbebio","https:\/\/www.instagram.com\/derbe.official\/"],"email":"info@derbe.it","telephone":"+39 055 42 11 799","legalName":"Derbe S.r.l. a socio unico","vatID":"07272610481"}]}},"_links":{"self":[{"href":"https:\/\/derbe.it\/de\/wp-json\/wp\/v2\/product\/3908","targetHints":{"allow":["GET"]}}],"collection":[{"href":"https:\/\/derbe.it\/de\/wp-json\/wp\/v2\/product"}],"about":[{"href":"https:\/\/derbe.it\/de\/wp-json\/wp\/v2\/types\/product"}],"wp:featuredmedia":[{"embeddable":true,"href":"https:\/\/derbe.it\/de\/wp-json\/wp\/v2\/media\/3909"}],"wp:attachment":[{"href":"https:\/\/derbe.it\/de\/wp-json\/wp\/v2\/media?parent=3908"}],"wp:term":[{"taxonomy":"caratteristica","embeddable":true,"href":"https:\/\/derbe.it\/de\/wp-json\/wp\/v2\/caratteristica?post=3908"},{"taxonomy":"collezione","embeddable":true,"href":"https:\/\/derbe.it\/de\/wp-json\/wp\/v2\/collezione?post=3908"},{"taxonomy":"formato","embeddable":true,"href":"https:\/\/derbe.it\/de\/wp-json\/wp\/v2\/formato?post=3908"},{"taxonomy":"funzione","embeddable":true,"href":"https:\/\/derbe.it\/de\/wp-json\/wp\/v2\/funzione?post=3908"},{"taxonomy":"utilizzo","embeddable":true,"href":"https:\/\/derbe.it\/de\/wp-json\/wp\/v2\/utilizzo?post=3908"},{"taxonomy":"ingrediente-principale","embeddable":true,"href":"https:\/\/derbe.it\/de\/wp-json\/wp\/v2\/ingrediente-principale?post=3908"},{"taxonomy":"product_brand","embeddable":true,"href":"https:\/\/derbe.it\/de\/wp-json\/wp\/v2\/product_brand?post=3908"},{"taxonomy":"product_cat","embeddable":true,"href":"https:\/\/derbe.it\/de\/wp-json\/wp\/v2\/product_cat?post=3908"},{"taxonomy":"product_tag","embeddable":true,"href":"https:\/\/derbe.it\/de\/wp-json\/wp\/v2\/product_tag?post=3908"}],"curies":[{"name":"wp","href":"https:\/\/api.w.org\/{rel}","templated":true}]}}