{"id":393,"date":"2018-09-26T10:10:02","date_gmt":"2018-09-26T08:10:02","guid":{"rendered":"https:\/\/derbe.it\/prodotto\/sciampo-balsamo-riparatore\/"},"modified":"2025-11-12T11:19:45","modified_gmt":"2025-11-12T10:19:45","slug":"reparierendes-shampoo-und-spulung","status":"publish","type":"product","link":"https:\/\/derbe.it\/de\/produkt\/reparierendes-shampoo-und-spulung\/","title":{"rendered":"Reparierendes Shampoo und Sp\u00fclung"},"content":{"rendered":"<p>Das reparierende Shampoo und der Conditioner reinigen das Haar sanft und sind ideal f\u00fcr sonnen- und strandempfindliche Kopfhaut. Dank seiner milden Tenside eignet es sich f\u00fcr die t\u00e4gliche Anwendung. Die Kombination aus Shampoo und Conditioner macht es sowohl am Strand als auch im Schwimmbad praktisch und n\u00fctzlich.<\/p>\n<ul>\n<li>mit <strong>Baobab-Extrakt<\/strong>Pflegt das Haar, verleiht Geschmeidigkeit und Glanz<\/li>\n<li>mit <strong>Aloe-Saft<\/strong>: mit erfrischender und wohltuender Wirkung<\/li>\n<li>mit <strong>Ringelblumenextrakt<\/strong>: restrukturiert das Haar und verleiht ihm Glanz<\/li>\n<\/ul>","protected":false},"excerpt":{"rendered":"<p>Das reparierende Conditioner-Shampoo ist ein mildes Haarreinigungsmittel., <strong>ideal f\u00fcr durch Sonneneinstrahlung sensibilisierte Kopfhaut<\/strong> und komm schon <strong>h\u00e4ufige Meeresb\u00e4der<\/strong>. [\u2026]<\/p>\n<p><a class=\"btn btn-secondary understrap-read-more-link\" href=\"https:\/\/derbe.it\/de\/produkt\/reparierendes-shampoo-und-spulung\/\">Mehr lesen \u2026<span class=\"screen-reader-text\"> aus dem Repairing Shampoo Conditioner<\/span><\/a><\/p>","protected":false},"featured_media":394,"template":"","meta":{"_acf_changed":false},"caratteristica":[116],"collezione":[70],"formato":[],"funzione":[91],"utilizzo":[],"ingrediente-principale":[],"product_brand":[],"product_cat":[23],"product_tag":[],"class_list":{"0":"post-393","1":"product","2":"type-product","3":"status-publish","4":"has-post-thumbnail","6":"caratteristica-sviluppato-da-biologi-esperti","7":"collezione-derbe-sole","8":"funzione-capelli-deboli","9":"product_cat-shampoo","11":"first","12":"instock","13":"purchasable","14":"product-type-simple"},"acf":[],"yoast_head":"<!-- This site is optimized with the Yoast SEO Premium plugin v26.1 (Yoast SEO v26.8) - https:\/\/yoast.com\/product\/yoast-seo-premium-wordpress\/ -->\n<title>Shampoo Balsamo Riparatore - Derbe - cosmetici naturali<\/title>\n<meta name=\"description\" content=\"Lo shampoo balsamo riparatore \u00e8 un delicato detergente per capelli, ideale per il cuoio capelluto sensibilizzato dall&#039;esposizione al sole e dai frequenti bagni marini.\" \/>\n<meta name=\"robots\" content=\"index, follow, max-snippet:-1, max-image-preview:large, max-video-preview:-1\" \/>\n<link rel=\"canonical\" href=\"https:\/\/derbe.it\/de\/produkt\/reparierendes-shampoo-und-spulung\/\" \/>\n<meta property=\"og:locale\" content=\"de_DE\" \/>\n<meta property=\"og:type\" content=\"article\" \/>\n<meta property=\"og:title\" content=\"Shampoo Balsamo Riparatore\" \/>\n<meta property=\"og:description\" content=\"Lo shampoo balsamo riparatore \u00e8 un delicato detergente per capelli, ideale per il cuoio capelluto sensibilizzato dall&#039;esposizione al sole e dai frequenti bagni marini.\" \/>\n<meta property=\"og:url\" content=\"https:\/\/derbe.it\/de\/produkt\/reparierendes-shampoo-und-spulung\/\" \/>\n<meta property=\"og:site_name\" content=\"Derbe - cosmetici naturali\" \/>\n<meta property=\"article:publisher\" content=\"https:\/\/www.facebook.com\/evoderbebio\" \/>\n<meta property=\"article:modified_time\" content=\"2025-11-12T10:19:45+00:00\" \/>\n<meta property=\"og:image\" content=\"https:\/\/derbe.it\/wp-content\/uploads\/2025\/05\/sciampo-balsamo-riparatore-baobab-succo-aloe-calendula-derbesole-derbe.jpg\" \/>\n\t<meta property=\"og:image:width\" content=\"1600\" \/>\n\t<meta property=\"og:image:height\" content=\"2000\" \/>\n\t<meta property=\"og:image:type\" content=\"image\/jpeg\" \/>\n<meta name=\"twitter:card\" content=\"summary_large_image\" \/>\n<meta name=\"twitter:label1\" content=\"Gesch\u00e4tzte Lesezeit\" \/>\n\t<meta name=\"twitter:data1\" content=\"2\u00a0Minuten\" \/>\n<script type=\"application\/ld+json\" class=\"yoast-schema-graph\">{\"@context\":\"https:\/\/schema.org\",\"@graph\":[{\"@type\":\"WebPage\",\"@id\":\"https:\/\/derbe.it\/prodotto\/sciampo-balsamo-riparatore\/\",\"url\":\"https:\/\/derbe.it\/prodotto\/sciampo-balsamo-riparatore\/\",\"name\":\"Shampoo Balsamo Riparatore - Derbe - cosmetici naturali\",\"isPartOf\":{\"@id\":\"https:\/\/derbe.it\/#website\"},\"primaryImageOfPage\":{\"@id\":\"https:\/\/derbe.it\/prodotto\/sciampo-balsamo-riparatore\/#primaryimage\"},\"image\":{\"@id\":\"https:\/\/derbe.it\/prodotto\/sciampo-balsamo-riparatore\/#primaryimage\"},\"thumbnailUrl\":\"https:\/\/derbe.it\/wp-content\/uploads\/2025\/05\/sciampo-balsamo-riparatore-baobab-succo-aloe-calendula-derbesole-derbe.jpg\",\"datePublished\":\"2018-09-26T08:10:02+00:00\",\"dateModified\":\"2025-11-12T10:19:45+00:00\",\"description\":\"Lo shampoo balsamo riparatore \u00e8 un delicato detergente per capelli, ideale per il cuoio capelluto sensibilizzato dall'esposizione al sole e dai frequenti bagni marini.\",\"breadcrumb\":{\"@id\":\"https:\/\/derbe.it\/prodotto\/sciampo-balsamo-riparatore\/#breadcrumb\"},\"inLanguage\":\"de\",\"potentialAction\":[{\"@type\":\"ReadAction\",\"target\":[\"https:\/\/derbe.it\/prodotto\/sciampo-balsamo-riparatore\/\"]}]},{\"@type\":\"ImageObject\",\"inLanguage\":\"de\",\"@id\":\"https:\/\/derbe.it\/prodotto\/sciampo-balsamo-riparatore\/#primaryimage\",\"url\":\"https:\/\/derbe.it\/wp-content\/uploads\/2025\/05\/sciampo-balsamo-riparatore-baobab-succo-aloe-calendula-derbesole-derbe.jpg\",\"contentUrl\":\"https:\/\/derbe.it\/wp-content\/uploads\/2025\/05\/sciampo-balsamo-riparatore-baobab-succo-aloe-calendula-derbesole-derbe.jpg\",\"width\":1600,\"height\":2000,\"caption\":\"Sciampo balsamo riparatore - Derbe\"},{\"@type\":\"BreadcrumbList\",\"@id\":\"https:\/\/derbe.it\/prodotto\/sciampo-balsamo-riparatore\/#breadcrumb\",\"itemListElement\":[{\"@type\":\"ListItem\",\"position\":1,\"name\":\"Home\",\"item\":\"https:\/\/derbe.it\/\"},{\"@type\":\"ListItem\",\"position\":2,\"name\":\"Shop\",\"item\":\"https:\/\/derbe.it\/en\/shop\/\"},{\"@type\":\"ListItem\",\"position\":3,\"name\":\"Shampoo\",\"item\":\"https:\/\/derbe.it\/categoria-prodotto\/shampoo\/\"},{\"@type\":\"ListItem\",\"position\":4,\"name\":\"Shampoo Balsamo Riparatore\"}]},{\"@type\":\"WebSite\",\"@id\":\"https:\/\/derbe.it\/#website\",\"url\":\"https:\/\/derbe.it\/\",\"name\":\"Derbe\",\"description\":\"Da oltre 50 anni - Made in italy - prodotti per capelli e corpo con estratti vegetali e formule sostenibili\",\"publisher\":{\"@id\":\"https:\/\/derbe.it\/#organization\"},\"potentialAction\":[{\"@type\":\"SearchAction\",\"target\":{\"@type\":\"EntryPoint\",\"urlTemplate\":\"https:\/\/derbe.it\/?s={search_term_string}\"},\"query-input\":{\"@type\":\"PropertyValueSpecification\",\"valueRequired\":true,\"valueName\":\"search_term_string\"}}],\"inLanguage\":\"de\"},{\"@type\":\"Organization\",\"@id\":\"https:\/\/derbe.it\/#organization\",\"name\":\"Derbe\",\"url\":\"https:\/\/derbe.it\/\",\"logo\":{\"@type\":\"ImageObject\",\"inLanguage\":\"de\",\"@id\":\"https:\/\/derbe.it\/#\/schema\/logo\/image\/\",\"url\":\"https:\/\/derbe.it\/wp-content\/uploads\/2025\/06\/logo_derbe_firenze.png\",\"contentUrl\":\"https:\/\/derbe.it\/wp-content\/uploads\/2025\/06\/logo_derbe_firenze.png\",\"width\":1200,\"height\":497,\"caption\":\"Derbe\"},\"image\":{\"@id\":\"https:\/\/derbe.it\/#\/schema\/logo\/image\/\"},\"sameAs\":[\"https:\/\/www.facebook.com\/evoderbebio\",\"https:\/\/www.instagram.com\/derbe.official\/\"],\"email\":\"info@derbe.it\",\"telephone\":\"+39 055 42 11 799\",\"legalName\":\"Derbe S.r.l. a socio unico\",\"vatID\":\"07272610481\"}]}<\/script>\n<!-- \/ Yoast SEO Premium plugin. -->","yoast_head_json":{"title":"Reparierendes Shampoo und Conditioner - Derbe - Naturkosmetik","description":"Das reparierende Conditioner-Shampoo ist ein sanftes Haarreinigungsmittel, ideal f\u00fcr durch Sonneneinstrahlung und h\u00e4ufiges Baden im Meer gereizte Kopfhaut.","robots":{"index":"index","follow":"follow","max-snippet":"max-snippet:-1","max-image-preview":"max-image-preview:large","max-video-preview":"max-video-preview:-1"},"canonical":"https:\/\/derbe.it\/de\/produkt\/reparierendes-shampoo-und-spulung\/","og_locale":"de_DE","og_type":"article","og_title":"Shampoo Balsamo Riparatore","og_description":"Lo shampoo balsamo riparatore \u00e8 un delicato detergente per capelli, ideale per il cuoio capelluto sensibilizzato dall'esposizione al sole e dai frequenti bagni marini.","og_url":"https:\/\/derbe.it\/de\/produkt\/reparierendes-shampoo-und-spulung\/","og_site_name":"Derbe - cosmetici naturali","article_publisher":"https:\/\/www.facebook.com\/evoderbebio","article_modified_time":"2025-11-12T10:19:45+00:00","og_image":[{"width":1600,"height":2000,"url":"https:\/\/derbe.it\/wp-content\/uploads\/2025\/05\/sciampo-balsamo-riparatore-baobab-succo-aloe-calendula-derbesole-derbe.jpg","type":"image\/jpeg"}],"twitter_card":"summary_large_image","twitter_misc":{"Gesch\u00e4tzte Lesezeit":"2\u00a0Minuten"},"schema":{"@context":"https:\/\/schema.org","@graph":[{"@type":"WebPage","@id":"https:\/\/derbe.it\/prodotto\/sciampo-balsamo-riparatore\/","url":"https:\/\/derbe.it\/prodotto\/sciampo-balsamo-riparatore\/","name":"Reparierendes Shampoo und Conditioner - Derbe - Naturkosmetik","isPartOf":{"@id":"https:\/\/derbe.it\/#website"},"primaryImageOfPage":{"@id":"https:\/\/derbe.it\/prodotto\/sciampo-balsamo-riparatore\/#primaryimage"},"image":{"@id":"https:\/\/derbe.it\/prodotto\/sciampo-balsamo-riparatore\/#primaryimage"},"thumbnailUrl":"https:\/\/derbe.it\/wp-content\/uploads\/2025\/05\/sciampo-balsamo-riparatore-baobab-succo-aloe-calendula-derbesole-derbe.jpg","datePublished":"2018-09-26T08:10:02+00:00","dateModified":"2025-11-12T10:19:45+00:00","description":"Das reparierende Conditioner-Shampoo ist ein sanftes Haarreinigungsmittel, ideal f\u00fcr durch Sonneneinstrahlung und h\u00e4ufiges Baden im Meer gereizte Kopfhaut.","breadcrumb":{"@id":"https:\/\/derbe.it\/prodotto\/sciampo-balsamo-riparatore\/#breadcrumb"},"inLanguage":"de","potentialAction":[{"@type":"ReadAction","target":["https:\/\/derbe.it\/prodotto\/sciampo-balsamo-riparatore\/"]}]},{"@type":"ImageObject","inLanguage":"de","@id":"https:\/\/derbe.it\/prodotto\/sciampo-balsamo-riparatore\/#primaryimage","url":"https:\/\/derbe.it\/wp-content\/uploads\/2025\/05\/sciampo-balsamo-riparatore-baobab-succo-aloe-calendula-derbesole-derbe.jpg","contentUrl":"https:\/\/derbe.it\/wp-content\/uploads\/2025\/05\/sciampo-balsamo-riparatore-baobab-succo-aloe-calendula-derbesole-derbe.jpg","width":1600,"height":2000,"caption":"Sciampo balsamo riparatore - Derbe"},{"@type":"BreadcrumbList","@id":"https:\/\/derbe.it\/prodotto\/sciampo-balsamo-riparatore\/#breadcrumb","itemListElement":[{"@type":"ListItem","position":1,"name":"Home","item":"https:\/\/derbe.it\/"},{"@type":"ListItem","position":2,"name":"Shop","item":"https:\/\/derbe.it\/en\/shop\/"},{"@type":"ListItem","position":3,"name":"Shampoo","item":"https:\/\/derbe.it\/categoria-prodotto\/shampoo\/"},{"@type":"ListItem","position":4,"name":"Shampoo Balsamo Riparatore"}]},{"@type":"WebSite","@id":"https:\/\/derbe.it\/#website","url":"https:\/\/derbe.it\/","name":"Derbe","description":"Seit \u00fcber 50 Jahren \u2013 Hergestellt in Italien \u2013 Haar- und K\u00f6rperpflegeprodukte mit Pflanzenextrakten und nachhaltigen Rezepturen","publisher":{"@id":"https:\/\/derbe.it\/#organization"},"potentialAction":[{"@type":"SearchAction","target":{"@type":"EntryPoint","urlTemplate":"https:\/\/derbe.it\/?s={search_term_string}"},"query-input":{"@type":"PropertyValueSpecification","valueRequired":true,"valueName":"search_term_string"}}],"inLanguage":"de"},{"@type":"Organization","@id":"https:\/\/derbe.it\/#organization","name":"Derbe","url":"https:\/\/derbe.it\/","logo":{"@type":"ImageObject","inLanguage":"de","@id":"https:\/\/derbe.it\/#\/schema\/logo\/image\/","url":"https:\/\/derbe.it\/wp-content\/uploads\/2025\/06\/logo_derbe_firenze.png","contentUrl":"https:\/\/derbe.it\/wp-content\/uploads\/2025\/06\/logo_derbe_firenze.png","width":1200,"height":497,"caption":"Derbe"},"image":{"@id":"https:\/\/derbe.it\/#\/schema\/logo\/image\/"},"sameAs":["https:\/\/www.facebook.com\/evoderbebio","https:\/\/www.instagram.com\/derbe.official\/"],"email":"info@derbe.it","telephone":"+39 055 42 11 799","legalName":"Derbe S.r.l. a socio unico","vatID":"07272610481"}]}},"_links":{"self":[{"href":"https:\/\/derbe.it\/de\/wp-json\/wp\/v2\/product\/393","targetHints":{"allow":["GET"]}}],"collection":[{"href":"https:\/\/derbe.it\/de\/wp-json\/wp\/v2\/product"}],"about":[{"href":"https:\/\/derbe.it\/de\/wp-json\/wp\/v2\/types\/product"}],"wp:featuredmedia":[{"embeddable":true,"href":"https:\/\/derbe.it\/de\/wp-json\/wp\/v2\/media\/394"}],"wp:attachment":[{"href":"https:\/\/derbe.it\/de\/wp-json\/wp\/v2\/media?parent=393"}],"wp:term":[{"taxonomy":"caratteristica","embeddable":true,"href":"https:\/\/derbe.it\/de\/wp-json\/wp\/v2\/caratteristica?post=393"},{"taxonomy":"collezione","embeddable":true,"href":"https:\/\/derbe.it\/de\/wp-json\/wp\/v2\/collezione?post=393"},{"taxonomy":"formato","embeddable":true,"href":"https:\/\/derbe.it\/de\/wp-json\/wp\/v2\/formato?post=393"},{"taxonomy":"funzione","embeddable":true,"href":"https:\/\/derbe.it\/de\/wp-json\/wp\/v2\/funzione?post=393"},{"taxonomy":"utilizzo","embeddable":true,"href":"https:\/\/derbe.it\/de\/wp-json\/wp\/v2\/utilizzo?post=393"},{"taxonomy":"ingrediente-principale","embeddable":true,"href":"https:\/\/derbe.it\/de\/wp-json\/wp\/v2\/ingrediente-principale?post=393"},{"taxonomy":"product_brand","embeddable":true,"href":"https:\/\/derbe.it\/de\/wp-json\/wp\/v2\/product_brand?post=393"},{"taxonomy":"product_cat","embeddable":true,"href":"https:\/\/derbe.it\/de\/wp-json\/wp\/v2\/product_cat?post=393"},{"taxonomy":"product_tag","embeddable":true,"href":"https:\/\/derbe.it\/de\/wp-json\/wp\/v2\/product_tag?post=393"}],"curies":[{"name":"wp","href":"https:\/\/api.w.org\/{rel}","templated":true}]}}