{"id":420,"date":"2018-09-26T10:15:44","date_gmt":"2018-09-26T08:15:44","guid":{"rendered":"https:\/\/derbe.it\/prodotto\/sciampo-di-pid\/"},"modified":"2025-11-05T17:23:55","modified_gmt":"2025-11-05T16:23:55","slug":"pid-shampoo","status":"publish","type":"product","link":"https:\/\/derbe.it\/de\/produkt\/pid-shampoo\/","title":{"rendered":"PID Shampoo"},"content":{"rendered":"<p>Kopfl\u00e4use sind in Schulen weit verbreitet und sollten nicht als Ursache mangelnder Hygiene angesehen werden: Sie werden von einem kleinen Parasiten, der Laus, verursacht, der ausschlie\u00dflich auf dem menschlichen Kopf lebt und sich von dessen Blut ern\u00e4hrt. Die Nissen (Eier), die meist hinter den Ohren und im Nacken abgelegt werden, haften dank einer klebrigen Substanz am Haar.<\/p>","protected":false},"excerpt":{"rendered":"<p>Lo shampoo di pid \u00e8 prima di tutto un fantastico sciampo di nuova generazione prodotto con i derivati del Cocco e del Mais. La presenza di specifici olii essenziali (Limone, Bergamotto, Timo, Lavanda e Geranio) lo rende efficace nella prevenzione creando un ambiente sfavorevole all&#8217;insediamento di sgraditi ospiti. [&#8230;]<\/p>\n<p><a class=\"btn btn-secondary understrap-read-more-link\" href=\"https:\/\/derbe.it\/de\/produkt\/pid-shampoo\/\">Mehr lesen \u2026<span class=\"screen-reader-text\"> from Shampoo di PID<\/span><\/a><\/p>","protected":false},"featured_media":421,"template":"","meta":{"_acf_changed":false},"caratteristica":[],"collezione":[108],"formato":[],"funzione":[],"utilizzo":[],"ingrediente-principale":[],"product_brand":[],"product_cat":[15],"product_tag":[],"class_list":{"0":"post-420","1":"product","2":"type-product","3":"status-publish","4":"has-post-thumbnail","6":"collezione-baby-kids","7":"product_cat-senza-categoria","9":"first","10":"instock","11":"purchasable","12":"product-type-simple"},"acf":[],"yoast_head":"<!-- This site is optimized with the Yoast SEO Premium plugin v26.1 (Yoast SEO v26.8) - https:\/\/yoast.com\/product\/yoast-seo-premium-wordpress\/ -->\n<title>Shampoo di PID - Derbe - cosmetici naturali<\/title>\n<meta name=\"description\" content=\"Lo shampoo di pid \u00e8 prima di tutto un fantastico sciampo di nuova generazione prodotto con i derivati del Cocco e del Mais. La presenza di specifici olii essenziali (Limone, Bergamotto, Timo, Lavanda e Geranio) lo rende efficace nella prevenzione creando un ambiente sfavorevole all&#039;insediamento di sgraditi ospiti.\" \/>\n<meta name=\"robots\" content=\"index, follow, max-snippet:-1, max-image-preview:large, max-video-preview:-1\" \/>\n<link rel=\"canonical\" href=\"https:\/\/derbe.it\/de\/produkt\/pid-shampoo\/\" \/>\n<meta property=\"og:locale\" content=\"de_DE\" \/>\n<meta property=\"og:type\" content=\"article\" \/>\n<meta property=\"og:title\" content=\"Shampoo di PID\" \/>\n<meta property=\"og:description\" content=\"Lo shampoo di pid \u00e8 prima di tutto un fantastico sciampo di nuova generazione prodotto con i derivati del Cocco e del Mais. La presenza di specifici olii essenziali (Limone, Bergamotto, Timo, Lavanda e Geranio) lo rende efficace nella prevenzione creando un ambiente sfavorevole all&#039;insediamento di sgraditi ospiti.\" \/>\n<meta property=\"og:url\" content=\"https:\/\/derbe.it\/de\/produkt\/pid-shampoo\/\" \/>\n<meta property=\"og:site_name\" content=\"Derbe - cosmetici naturali\" \/>\n<meta property=\"article:publisher\" content=\"https:\/\/www.facebook.com\/evoderbebio\" \/>\n<meta property=\"article:modified_time\" content=\"2025-11-05T16:23:55+00:00\" \/>\n<meta property=\"og:image\" content=\"https:\/\/derbe.it\/wp-content\/uploads\/2025\/05\/sciampo-di-pid-prevenzione-olii-essenziali-derbe.jpg\" \/>\n\t<meta property=\"og:image:width\" content=\"1600\" \/>\n\t<meta property=\"og:image:height\" content=\"2000\" \/>\n\t<meta property=\"og:image:type\" content=\"image\/jpeg\" \/>\n<meta name=\"twitter:card\" content=\"summary_large_image\" \/>\n<meta name=\"twitter:label1\" content=\"Gesch\u00e4tzte Lesezeit\" \/>\n\t<meta name=\"twitter:data1\" content=\"2\u00a0Minuten\" \/>\n<script type=\"application\/ld+json\" class=\"yoast-schema-graph\">{\"@context\":\"https:\/\/schema.org\",\"@graph\":[{\"@type\":\"WebPage\",\"@id\":\"https:\/\/derbe.it\/prodotto\/sciampo-di-pid\/\",\"url\":\"https:\/\/derbe.it\/prodotto\/sciampo-di-pid\/\",\"name\":\"Shampoo di PID - Derbe - cosmetici naturali\",\"isPartOf\":{\"@id\":\"https:\/\/derbe.it\/#website\"},\"primaryImageOfPage\":{\"@id\":\"https:\/\/derbe.it\/prodotto\/sciampo-di-pid\/#primaryimage\"},\"image\":{\"@id\":\"https:\/\/derbe.it\/prodotto\/sciampo-di-pid\/#primaryimage\"},\"thumbnailUrl\":\"https:\/\/derbe.it\/wp-content\/uploads\/2025\/05\/sciampo-di-pid-prevenzione-olii-essenziali-derbe.jpg\",\"datePublished\":\"2018-09-26T08:15:44+00:00\",\"dateModified\":\"2025-11-05T16:23:55+00:00\",\"description\":\"Lo shampoo di pid \u00e8 prima di tutto un fantastico sciampo di nuova generazione prodotto con i derivati del Cocco e del Mais. La presenza di specifici olii essenziali (Limone, Bergamotto, Timo, Lavanda e Geranio) lo rende efficace nella prevenzione creando un ambiente sfavorevole all'insediamento di sgraditi ospiti.\",\"breadcrumb\":{\"@id\":\"https:\/\/derbe.it\/prodotto\/sciampo-di-pid\/#breadcrumb\"},\"inLanguage\":\"de\",\"potentialAction\":[{\"@type\":\"ReadAction\",\"target\":[\"https:\/\/derbe.it\/prodotto\/sciampo-di-pid\/\"]}]},{\"@type\":\"ImageObject\",\"inLanguage\":\"de\",\"@id\":\"https:\/\/derbe.it\/prodotto\/sciampo-di-pid\/#primaryimage\",\"url\":\"https:\/\/derbe.it\/wp-content\/uploads\/2025\/05\/sciampo-di-pid-prevenzione-olii-essenziali-derbe.jpg\",\"contentUrl\":\"https:\/\/derbe.it\/wp-content\/uploads\/2025\/05\/sciampo-di-pid-prevenzione-olii-essenziali-derbe.jpg\",\"width\":1600,\"height\":2000,\"caption\":\"Shampoo di pid contro pidocchi - Derbe\"},{\"@type\":\"BreadcrumbList\",\"@id\":\"https:\/\/derbe.it\/prodotto\/sciampo-di-pid\/#breadcrumb\",\"itemListElement\":[{\"@type\":\"ListItem\",\"position\":1,\"name\":\"Home\",\"item\":\"https:\/\/derbe.it\/\"},{\"@type\":\"ListItem\",\"position\":2,\"name\":\"Shop\",\"item\":\"https:\/\/derbe.it\/en\/shop\/\"},{\"@type\":\"ListItem\",\"position\":3,\"name\":\"Senza categoria\",\"item\":\"https:\/\/derbe.it\/categoria-prodotto\/senza-categoria\/\"},{\"@type\":\"ListItem\",\"position\":4,\"name\":\"Shampoo di PID\"}]},{\"@type\":\"WebSite\",\"@id\":\"https:\/\/derbe.it\/#website\",\"url\":\"https:\/\/derbe.it\/\",\"name\":\"Derbe\",\"description\":\"Da oltre 50 anni - Made in italy - prodotti per capelli e corpo con estratti vegetali e formule sostenibili\",\"publisher\":{\"@id\":\"https:\/\/derbe.it\/#organization\"},\"potentialAction\":[{\"@type\":\"SearchAction\",\"target\":{\"@type\":\"EntryPoint\",\"urlTemplate\":\"https:\/\/derbe.it\/?s={search_term_string}\"},\"query-input\":{\"@type\":\"PropertyValueSpecification\",\"valueRequired\":true,\"valueName\":\"search_term_string\"}}],\"inLanguage\":\"de\"},{\"@type\":\"Organization\",\"@id\":\"https:\/\/derbe.it\/#organization\",\"name\":\"Derbe\",\"url\":\"https:\/\/derbe.it\/\",\"logo\":{\"@type\":\"ImageObject\",\"inLanguage\":\"de\",\"@id\":\"https:\/\/derbe.it\/#\/schema\/logo\/image\/\",\"url\":\"https:\/\/derbe.it\/wp-content\/uploads\/2025\/06\/logo_derbe_firenze.png\",\"contentUrl\":\"https:\/\/derbe.it\/wp-content\/uploads\/2025\/06\/logo_derbe_firenze.png\",\"width\":1200,\"height\":497,\"caption\":\"Derbe\"},\"image\":{\"@id\":\"https:\/\/derbe.it\/#\/schema\/logo\/image\/\"},\"sameAs\":[\"https:\/\/www.facebook.com\/evoderbebio\",\"https:\/\/www.instagram.com\/derbe.official\/\"],\"email\":\"info@derbe.it\",\"telephone\":\"+39 055 42 11 799\",\"legalName\":\"Derbe S.r.l. a socio unico\",\"vatID\":\"07272610481\"}]}<\/script>\n<!-- \/ Yoast SEO Premium plugin. -->","yoast_head_json":{"title":"PID Shampoo - Derbe - Naturkosmetik","description":"PID Shampoo ist in erster Linie ein fantastisches Shampoo der n\u00e4chsten Generation, hergestellt aus Kokosnuss- und Maisderivaten. Die enthaltenen \u00e4therischen \u00d6le (Zitrone, Bergamotte, Thymian, Lavendel und Geranie) machen es wirksam gegen Sch\u00e4dlinge, indem sie ein ung\u00fcnstiges Umfeld f\u00fcr ungebetene G\u00e4ste schaffen.","robots":{"index":"index","follow":"follow","max-snippet":"max-snippet:-1","max-image-preview":"max-image-preview:large","max-video-preview":"max-video-preview:-1"},"canonical":"https:\/\/derbe.it\/de\/produkt\/pid-shampoo\/","og_locale":"de_DE","og_type":"article","og_title":"Shampoo di PID","og_description":"Lo shampoo di pid \u00e8 prima di tutto un fantastico sciampo di nuova generazione prodotto con i derivati del Cocco e del Mais. La presenza di specifici olii essenziali (Limone, Bergamotto, Timo, Lavanda e Geranio) lo rende efficace nella prevenzione creando un ambiente sfavorevole all'insediamento di sgraditi ospiti.","og_url":"https:\/\/derbe.it\/de\/produkt\/pid-shampoo\/","og_site_name":"Derbe - cosmetici naturali","article_publisher":"https:\/\/www.facebook.com\/evoderbebio","article_modified_time":"2025-11-05T16:23:55+00:00","og_image":[{"width":1600,"height":2000,"url":"https:\/\/derbe.it\/wp-content\/uploads\/2025\/05\/sciampo-di-pid-prevenzione-olii-essenziali-derbe.jpg","type":"image\/jpeg"}],"twitter_card":"summary_large_image","twitter_misc":{"Gesch\u00e4tzte Lesezeit":"2\u00a0Minuten"},"schema":{"@context":"https:\/\/schema.org","@graph":[{"@type":"WebPage","@id":"https:\/\/derbe.it\/prodotto\/sciampo-di-pid\/","url":"https:\/\/derbe.it\/prodotto\/sciampo-di-pid\/","name":"PID Shampoo - Derbe - Naturkosmetik","isPartOf":{"@id":"https:\/\/derbe.it\/#website"},"primaryImageOfPage":{"@id":"https:\/\/derbe.it\/prodotto\/sciampo-di-pid\/#primaryimage"},"image":{"@id":"https:\/\/derbe.it\/prodotto\/sciampo-di-pid\/#primaryimage"},"thumbnailUrl":"https:\/\/derbe.it\/wp-content\/uploads\/2025\/05\/sciampo-di-pid-prevenzione-olii-essenziali-derbe.jpg","datePublished":"2018-09-26T08:15:44+00:00","dateModified":"2025-11-05T16:23:55+00:00","description":"PID Shampoo ist in erster Linie ein fantastisches Shampoo der n\u00e4chsten Generation, hergestellt aus Kokosnuss- und Maisderivaten. Die enthaltenen \u00e4therischen \u00d6le (Zitrone, Bergamotte, Thymian, Lavendel und Geranie) machen es wirksam gegen Sch\u00e4dlinge, indem sie ein ung\u00fcnstiges Umfeld f\u00fcr ungebetene G\u00e4ste schaffen.","breadcrumb":{"@id":"https:\/\/derbe.it\/prodotto\/sciampo-di-pid\/#breadcrumb"},"inLanguage":"de","potentialAction":[{"@type":"ReadAction","target":["https:\/\/derbe.it\/prodotto\/sciampo-di-pid\/"]}]},{"@type":"ImageObject","inLanguage":"de","@id":"https:\/\/derbe.it\/prodotto\/sciampo-di-pid\/#primaryimage","url":"https:\/\/derbe.it\/wp-content\/uploads\/2025\/05\/sciampo-di-pid-prevenzione-olii-essenziali-derbe.jpg","contentUrl":"https:\/\/derbe.it\/wp-content\/uploads\/2025\/05\/sciampo-di-pid-prevenzione-olii-essenziali-derbe.jpg","width":1600,"height":2000,"caption":"Shampoo di pid contro pidocchi - Derbe"},{"@type":"BreadcrumbList","@id":"https:\/\/derbe.it\/prodotto\/sciampo-di-pid\/#breadcrumb","itemListElement":[{"@type":"ListItem","position":1,"name":"Home","item":"https:\/\/derbe.it\/"},{"@type":"ListItem","position":2,"name":"Shop","item":"https:\/\/derbe.it\/en\/shop\/"},{"@type":"ListItem","position":3,"name":"Senza categoria","item":"https:\/\/derbe.it\/categoria-prodotto\/senza-categoria\/"},{"@type":"ListItem","position":4,"name":"Shampoo di PID"}]},{"@type":"WebSite","@id":"https:\/\/derbe.it\/#website","url":"https:\/\/derbe.it\/","name":"Derbe","description":"Seit \u00fcber 50 Jahren \u2013 Hergestellt in Italien \u2013 Haar- und K\u00f6rperpflegeprodukte mit Pflanzenextrakten und nachhaltigen Rezepturen","publisher":{"@id":"https:\/\/derbe.it\/#organization"},"potentialAction":[{"@type":"SearchAction","target":{"@type":"EntryPoint","urlTemplate":"https:\/\/derbe.it\/?s={search_term_string}"},"query-input":{"@type":"PropertyValueSpecification","valueRequired":true,"valueName":"search_term_string"}}],"inLanguage":"de"},{"@type":"Organization","@id":"https:\/\/derbe.it\/#organization","name":"Derbe","url":"https:\/\/derbe.it\/","logo":{"@type":"ImageObject","inLanguage":"de","@id":"https:\/\/derbe.it\/#\/schema\/logo\/image\/","url":"https:\/\/derbe.it\/wp-content\/uploads\/2025\/06\/logo_derbe_firenze.png","contentUrl":"https:\/\/derbe.it\/wp-content\/uploads\/2025\/06\/logo_derbe_firenze.png","width":1200,"height":497,"caption":"Derbe"},"image":{"@id":"https:\/\/derbe.it\/#\/schema\/logo\/image\/"},"sameAs":["https:\/\/www.facebook.com\/evoderbebio","https:\/\/www.instagram.com\/derbe.official\/"],"email":"info@derbe.it","telephone":"+39 055 42 11 799","legalName":"Derbe S.r.l. a socio unico","vatID":"07272610481"}]}},"_links":{"self":[{"href":"https:\/\/derbe.it\/de\/wp-json\/wp\/v2\/product\/420","targetHints":{"allow":["GET"]}}],"collection":[{"href":"https:\/\/derbe.it\/de\/wp-json\/wp\/v2\/product"}],"about":[{"href":"https:\/\/derbe.it\/de\/wp-json\/wp\/v2\/types\/product"}],"wp:featuredmedia":[{"embeddable":true,"href":"https:\/\/derbe.it\/de\/wp-json\/wp\/v2\/media\/421"}],"wp:attachment":[{"href":"https:\/\/derbe.it\/de\/wp-json\/wp\/v2\/media?parent=420"}],"wp:term":[{"taxonomy":"caratteristica","embeddable":true,"href":"https:\/\/derbe.it\/de\/wp-json\/wp\/v2\/caratteristica?post=420"},{"taxonomy":"collezione","embeddable":true,"href":"https:\/\/derbe.it\/de\/wp-json\/wp\/v2\/collezione?post=420"},{"taxonomy":"formato","embeddable":true,"href":"https:\/\/derbe.it\/de\/wp-json\/wp\/v2\/formato?post=420"},{"taxonomy":"funzione","embeddable":true,"href":"https:\/\/derbe.it\/de\/wp-json\/wp\/v2\/funzione?post=420"},{"taxonomy":"utilizzo","embeddable":true,"href":"https:\/\/derbe.it\/de\/wp-json\/wp\/v2\/utilizzo?post=420"},{"taxonomy":"ingrediente-principale","embeddable":true,"href":"https:\/\/derbe.it\/de\/wp-json\/wp\/v2\/ingrediente-principale?post=420"},{"taxonomy":"product_brand","embeddable":true,"href":"https:\/\/derbe.it\/de\/wp-json\/wp\/v2\/product_brand?post=420"},{"taxonomy":"product_cat","embeddable":true,"href":"https:\/\/derbe.it\/de\/wp-json\/wp\/v2\/product_cat?post=420"},{"taxonomy":"product_tag","embeddable":true,"href":"https:\/\/derbe.it\/de\/wp-json\/wp\/v2\/product_tag?post=420"}],"curies":[{"name":"wp","href":"https:\/\/api.w.org\/{rel}","templated":true}]}}