{"id":522,"date":"2018-09-26T09:21:09","date_gmt":"2018-09-26T07:21:09","guid":{"rendered":"https:\/\/derbe.it\/prodotto\/bagnoschiuma-silenzio-verde\/"},"modified":"2025-09-03T17:27:20","modified_gmt":"2025-09-03T15:27:20","slug":"green-silence-duschgel","status":"publish","type":"product","link":"https:\/\/derbe.it\/de\/produkt\/green-silence-duschgel\/","title":{"rendered":"Green Silence Duschgel"},"content":{"rendered":"<p>Tauchen Sie ein in ein Ritual der Reinheit und Gelassenheit mit \u201eSilenzio Verde\u201c, dem Duschgel, das Natur und Wohlbefinden vereint. Seine Formel, angereichert mit wertvollen Hanf- und Myrtenextrakten, reinigt den K\u00f6rper sanft, schonend und hautschonend und sorgt f\u00fcr ein balsamisches, regenerierendes und belebendes Erlebnis. Sein umh\u00fcllender und lang anhaltender Duft.<\/p>","protected":false},"excerpt":{"rendered":"<p>Immergiti in un rituale di purezza e serenit\u00e0 con \u201cSilenzio Verde\u201d, il bagnoschiuma che unisce natura e benessere. La sua formula, arricchita con preziosi estratti di canapa e mirto, deterge delicatamente il corpo, rispettando la tua pelle e regalando un\u2019esperienza balsamica, rigenerante e tonificante. Dal profumo avvolgente e duraturo. [&#8230;]<\/p>\n<p><a class=\"btn btn-secondary understrap-read-more-link\" href=\"https:\/\/derbe.it\/de\/produkt\/green-silence-duschgel\/\">Mehr lesen \u2026<span class=\"screen-reader-text\"> from Bagnoschiuma Silenzio Verde<\/span><\/a><\/p>","protected":false},"featured_media":523,"template":"","meta":{"_acf_changed":false},"caratteristica":[],"collezione":[120,75],"formato":[],"funzione":[],"utilizzo":[],"ingrediente-principale":[],"product_brand":[],"product_cat":[22],"product_tag":[],"class_list":{"0":"post-522","1":"product","2":"type-product","3":"status-publish","4":"has-post-thumbnail","6":"collezione-silenzio-verde","7":"collezione-speziali-fiorentini","8":"product_cat-bagnoschiuma","10":"first","11":"instock","12":"purchasable","13":"product-type-simple"},"acf":[],"yoast_head":"<!-- This site is optimized with the Yoast SEO Premium plugin v26.1 (Yoast SEO v26.8) - https:\/\/yoast.com\/product\/yoast-seo-premium-wordpress\/ -->\n<title>Bagnoschiuma Silenzio Verde - Derbe - cosmetici naturali<\/title>\n<meta name=\"description\" content=\"Immergiti in un rituale di purezza e serenit\u00e0 con \u201cSilenzio Verde\u201d, il bagnoschiuma che unisce natura e benessere. La sua formula, arricchita con preziosi estratti di canapa e mirto, deterge delicatamente il corpo, rispettando la tua pelle e regalando un\u2019esperienza balsamica, rigenerante e tonificante. Dal profumo avvolgente e duraturo.\" \/>\n<meta name=\"robots\" content=\"index, follow, max-snippet:-1, max-image-preview:large, max-video-preview:-1\" \/>\n<link rel=\"canonical\" href=\"https:\/\/derbe.it\/de\/produkt\/green-silence-duschgel\/\" \/>\n<meta property=\"og:locale\" content=\"de_DE\" \/>\n<meta property=\"og:type\" content=\"article\" \/>\n<meta property=\"og:title\" content=\"Bagnoschiuma Silenzio Verde\" \/>\n<meta property=\"og:description\" content=\"Immergiti in un rituale di purezza e serenit\u00e0 con \u201cSilenzio Verde\u201d, il bagnoschiuma che unisce natura e benessere. La sua formula, arricchita con preziosi estratti di canapa e mirto, deterge delicatamente il corpo, rispettando la tua pelle e regalando un\u2019esperienza balsamica, rigenerante e tonificante. Dal profumo avvolgente e duraturo.\" \/>\n<meta property=\"og:url\" content=\"https:\/\/derbe.it\/de\/produkt\/green-silence-duschgel\/\" \/>\n<meta property=\"og:site_name\" content=\"Derbe - cosmetici naturali\" \/>\n<meta property=\"article:publisher\" content=\"https:\/\/www.facebook.com\/evoderbebio\" \/>\n<meta property=\"article:modified_time\" content=\"2025-09-03T15:27:20+00:00\" \/>\n<meta property=\"og:image\" content=\"https:\/\/derbe.it\/wp-content\/uploads\/2025\/05\/bagnoschiuma-silenzio-verde-speziali-fiorentini.jpg\" \/>\n\t<meta property=\"og:image:width\" content=\"1600\" \/>\n\t<meta property=\"og:image:height\" content=\"2000\" \/>\n\t<meta property=\"og:image:type\" content=\"image\/jpeg\" \/>\n<meta name=\"twitter:card\" content=\"summary_large_image\" \/>\n<script type=\"application\/ld+json\" class=\"yoast-schema-graph\">{\"@context\":\"https:\/\/schema.org\",\"@graph\":[{\"@type\":\"WebPage\",\"@id\":\"https:\/\/derbe.it\/prodotto\/bagnoschiuma-silenzio-verde\/\",\"url\":\"https:\/\/derbe.it\/prodotto\/bagnoschiuma-silenzio-verde\/\",\"name\":\"Bagnoschiuma Silenzio Verde - Derbe - cosmetici naturali\",\"isPartOf\":{\"@id\":\"https:\/\/derbe.it\/#website\"},\"primaryImageOfPage\":{\"@id\":\"https:\/\/derbe.it\/prodotto\/bagnoschiuma-silenzio-verde\/#primaryimage\"},\"image\":{\"@id\":\"https:\/\/derbe.it\/prodotto\/bagnoschiuma-silenzio-verde\/#primaryimage\"},\"thumbnailUrl\":\"https:\/\/derbe.it\/wp-content\/uploads\/2025\/05\/bagnoschiuma-silenzio-verde-speziali-fiorentini.jpg\",\"datePublished\":\"2018-09-26T07:21:09+00:00\",\"dateModified\":\"2025-09-03T15:27:20+00:00\",\"description\":\"Immergiti in un rituale di purezza e serenit\u00e0 con \u201cSilenzio Verde\u201d, il bagnoschiuma che unisce natura e benessere. La sua formula, arricchita con preziosi estratti di canapa e mirto, deterge delicatamente il corpo, rispettando la tua pelle e regalando un\u2019esperienza balsamica, rigenerante e tonificante. Dal profumo avvolgente e duraturo.\",\"breadcrumb\":{\"@id\":\"https:\/\/derbe.it\/prodotto\/bagnoschiuma-silenzio-verde\/#breadcrumb\"},\"inLanguage\":\"de\",\"potentialAction\":[{\"@type\":\"ReadAction\",\"target\":[\"https:\/\/derbe.it\/prodotto\/bagnoschiuma-silenzio-verde\/\"]}]},{\"@type\":\"ImageObject\",\"inLanguage\":\"de\",\"@id\":\"https:\/\/derbe.it\/prodotto\/bagnoschiuma-silenzio-verde\/#primaryimage\",\"url\":\"https:\/\/derbe.it\/wp-content\/uploads\/2025\/05\/bagnoschiuma-silenzio-verde-speziali-fiorentini.jpg\",\"contentUrl\":\"https:\/\/derbe.it\/wp-content\/uploads\/2025\/05\/bagnoschiuma-silenzio-verde-speziali-fiorentini.jpg\",\"width\":1600,\"height\":2000},{\"@type\":\"BreadcrumbList\",\"@id\":\"https:\/\/derbe.it\/prodotto\/bagnoschiuma-silenzio-verde\/#breadcrumb\",\"itemListElement\":[{\"@type\":\"ListItem\",\"position\":1,\"name\":\"Home\",\"item\":\"https:\/\/derbe.it\/\"},{\"@type\":\"ListItem\",\"position\":2,\"name\":\"Shop\",\"item\":\"https:\/\/derbe.it\/en\/shop\/\"},{\"@type\":\"ListItem\",\"position\":3,\"name\":\"Bagnoschiuma\",\"item\":\"https:\/\/derbe.it\/categoria-prodotto\/bagnoschiuma\/\"},{\"@type\":\"ListItem\",\"position\":4,\"name\":\"Bagnoschiuma Silenzio Verde\"}]},{\"@type\":\"WebSite\",\"@id\":\"https:\/\/derbe.it\/#website\",\"url\":\"https:\/\/derbe.it\/\",\"name\":\"Derbe\",\"description\":\"Da oltre 50 anni - Made in italy - prodotti per capelli e corpo con estratti vegetali e formule sostenibili\",\"publisher\":{\"@id\":\"https:\/\/derbe.it\/#organization\"},\"potentialAction\":[{\"@type\":\"SearchAction\",\"target\":{\"@type\":\"EntryPoint\",\"urlTemplate\":\"https:\/\/derbe.it\/?s={search_term_string}\"},\"query-input\":{\"@type\":\"PropertyValueSpecification\",\"valueRequired\":true,\"valueName\":\"search_term_string\"}}],\"inLanguage\":\"de\"},{\"@type\":\"Organization\",\"@id\":\"https:\/\/derbe.it\/#organization\",\"name\":\"Derbe\",\"url\":\"https:\/\/derbe.it\/\",\"logo\":{\"@type\":\"ImageObject\",\"inLanguage\":\"de\",\"@id\":\"https:\/\/derbe.it\/#\/schema\/logo\/image\/\",\"url\":\"https:\/\/derbe.it\/wp-content\/uploads\/2025\/06\/logo_derbe_firenze.png\",\"contentUrl\":\"https:\/\/derbe.it\/wp-content\/uploads\/2025\/06\/logo_derbe_firenze.png\",\"width\":1200,\"height\":497,\"caption\":\"Derbe\"},\"image\":{\"@id\":\"https:\/\/derbe.it\/#\/schema\/logo\/image\/\"},\"sameAs\":[\"https:\/\/www.facebook.com\/evoderbebio\",\"https:\/\/www.instagram.com\/derbe.official\/\"],\"email\":\"info@derbe.it\",\"telephone\":\"+39 055 42 11 799\",\"legalName\":\"Derbe S.r.l. a socio unico\",\"vatID\":\"07272610481\"}]}<\/script>\n<!-- \/ Yoast SEO Premium plugin. -->","yoast_head_json":{"title":"Silence Green Duschgel - Derbe - Naturkosmetik","description":"Tauchen Sie ein in ein Ritual der Reinheit und Gelassenheit mit \u201eSilenzio Verde\u201c, dem Duschgel, das Natur und Wohlbefinden vereint. Seine Formel, angereichert mit wertvollen Hanf- und Myrtenextrakten, reinigt den K\u00f6rper sanft, schonend und hautschonend und sorgt f\u00fcr ein balsamisches, regenerierendes und belebendes Erlebnis. Sein umh\u00fcllender und lang anhaltender Duft.","robots":{"index":"index","follow":"follow","max-snippet":"max-snippet:-1","max-image-preview":"max-image-preview:large","max-video-preview":"max-video-preview:-1"},"canonical":"https:\/\/derbe.it\/de\/produkt\/green-silence-duschgel\/","og_locale":"de_DE","og_type":"article","og_title":"Bagnoschiuma Silenzio Verde","og_description":"Immergiti in un rituale di purezza e serenit\u00e0 con \u201cSilenzio Verde\u201d, il bagnoschiuma che unisce natura e benessere. La sua formula, arricchita con preziosi estratti di canapa e mirto, deterge delicatamente il corpo, rispettando la tua pelle e regalando un\u2019esperienza balsamica, rigenerante e tonificante. Dal profumo avvolgente e duraturo.","og_url":"https:\/\/derbe.it\/de\/produkt\/green-silence-duschgel\/","og_site_name":"Derbe - cosmetici naturali","article_publisher":"https:\/\/www.facebook.com\/evoderbebio","article_modified_time":"2025-09-03T15:27:20+00:00","og_image":[{"width":1600,"height":2000,"url":"https:\/\/derbe.it\/wp-content\/uploads\/2025\/05\/bagnoschiuma-silenzio-verde-speziali-fiorentini.jpg","type":"image\/jpeg"}],"twitter_card":"summary_large_image","schema":{"@context":"https:\/\/schema.org","@graph":[{"@type":"WebPage","@id":"https:\/\/derbe.it\/prodotto\/bagnoschiuma-silenzio-verde\/","url":"https:\/\/derbe.it\/prodotto\/bagnoschiuma-silenzio-verde\/","name":"Silence Green Duschgel - Derbe - Naturkosmetik","isPartOf":{"@id":"https:\/\/derbe.it\/#website"},"primaryImageOfPage":{"@id":"https:\/\/derbe.it\/prodotto\/bagnoschiuma-silenzio-verde\/#primaryimage"},"image":{"@id":"https:\/\/derbe.it\/prodotto\/bagnoschiuma-silenzio-verde\/#primaryimage"},"thumbnailUrl":"https:\/\/derbe.it\/wp-content\/uploads\/2025\/05\/bagnoschiuma-silenzio-verde-speziali-fiorentini.jpg","datePublished":"2018-09-26T07:21:09+00:00","dateModified":"2025-09-03T15:27:20+00:00","description":"Tauchen Sie ein in ein Ritual der Reinheit und Gelassenheit mit \u201eSilenzio Verde\u201c, dem Duschgel, das Natur und Wohlbefinden vereint. Seine Formel, angereichert mit wertvollen Hanf- und Myrtenextrakten, reinigt den K\u00f6rper sanft, schonend und hautschonend und sorgt f\u00fcr ein balsamisches, regenerierendes und belebendes Erlebnis. Sein umh\u00fcllender und lang anhaltender Duft.","breadcrumb":{"@id":"https:\/\/derbe.it\/prodotto\/bagnoschiuma-silenzio-verde\/#breadcrumb"},"inLanguage":"de","potentialAction":[{"@type":"ReadAction","target":["https:\/\/derbe.it\/prodotto\/bagnoschiuma-silenzio-verde\/"]}]},{"@type":"ImageObject","inLanguage":"de","@id":"https:\/\/derbe.it\/prodotto\/bagnoschiuma-silenzio-verde\/#primaryimage","url":"https:\/\/derbe.it\/wp-content\/uploads\/2025\/05\/bagnoschiuma-silenzio-verde-speziali-fiorentini.jpg","contentUrl":"https:\/\/derbe.it\/wp-content\/uploads\/2025\/05\/bagnoschiuma-silenzio-verde-speziali-fiorentini.jpg","width":1600,"height":2000},{"@type":"BreadcrumbList","@id":"https:\/\/derbe.it\/prodotto\/bagnoschiuma-silenzio-verde\/#breadcrumb","itemListElement":[{"@type":"ListItem","position":1,"name":"Home","item":"https:\/\/derbe.it\/"},{"@type":"ListItem","position":2,"name":"Shop","item":"https:\/\/derbe.it\/en\/shop\/"},{"@type":"ListItem","position":3,"name":"Bagnoschiuma","item":"https:\/\/derbe.it\/categoria-prodotto\/bagnoschiuma\/"},{"@type":"ListItem","position":4,"name":"Bagnoschiuma Silenzio Verde"}]},{"@type":"WebSite","@id":"https:\/\/derbe.it\/#website","url":"https:\/\/derbe.it\/","name":"Derbe","description":"Seit \u00fcber 50 Jahren \u2013 Hergestellt in Italien \u2013 Haar- und K\u00f6rperpflegeprodukte mit Pflanzenextrakten und nachhaltigen Rezepturen","publisher":{"@id":"https:\/\/derbe.it\/#organization"},"potentialAction":[{"@type":"SearchAction","target":{"@type":"EntryPoint","urlTemplate":"https:\/\/derbe.it\/?s={search_term_string}"},"query-input":{"@type":"PropertyValueSpecification","valueRequired":true,"valueName":"search_term_string"}}],"inLanguage":"de"},{"@type":"Organization","@id":"https:\/\/derbe.it\/#organization","name":"Derbe","url":"https:\/\/derbe.it\/","logo":{"@type":"ImageObject","inLanguage":"de","@id":"https:\/\/derbe.it\/#\/schema\/logo\/image\/","url":"https:\/\/derbe.it\/wp-content\/uploads\/2025\/06\/logo_derbe_firenze.png","contentUrl":"https:\/\/derbe.it\/wp-content\/uploads\/2025\/06\/logo_derbe_firenze.png","width":1200,"height":497,"caption":"Derbe"},"image":{"@id":"https:\/\/derbe.it\/#\/schema\/logo\/image\/"},"sameAs":["https:\/\/www.facebook.com\/evoderbebio","https:\/\/www.instagram.com\/derbe.official\/"],"email":"info@derbe.it","telephone":"+39 055 42 11 799","legalName":"Derbe S.r.l. a socio unico","vatID":"07272610481"}]}},"_links":{"self":[{"href":"https:\/\/derbe.it\/de\/wp-json\/wp\/v2\/product\/522","targetHints":{"allow":["GET"]}}],"collection":[{"href":"https:\/\/derbe.it\/de\/wp-json\/wp\/v2\/product"}],"about":[{"href":"https:\/\/derbe.it\/de\/wp-json\/wp\/v2\/types\/product"}],"wp:featuredmedia":[{"embeddable":true,"href":"https:\/\/derbe.it\/de\/wp-json\/wp\/v2\/media\/523"}],"wp:attachment":[{"href":"https:\/\/derbe.it\/de\/wp-json\/wp\/v2\/media?parent=522"}],"wp:term":[{"taxonomy":"caratteristica","embeddable":true,"href":"https:\/\/derbe.it\/de\/wp-json\/wp\/v2\/caratteristica?post=522"},{"taxonomy":"collezione","embeddable":true,"href":"https:\/\/derbe.it\/de\/wp-json\/wp\/v2\/collezione?post=522"},{"taxonomy":"formato","embeddable":true,"href":"https:\/\/derbe.it\/de\/wp-json\/wp\/v2\/formato?post=522"},{"taxonomy":"funzione","embeddable":true,"href":"https:\/\/derbe.it\/de\/wp-json\/wp\/v2\/funzione?post=522"},{"taxonomy":"utilizzo","embeddable":true,"href":"https:\/\/derbe.it\/de\/wp-json\/wp\/v2\/utilizzo?post=522"},{"taxonomy":"ingrediente-principale","embeddable":true,"href":"https:\/\/derbe.it\/de\/wp-json\/wp\/v2\/ingrediente-principale?post=522"},{"taxonomy":"product_brand","embeddable":true,"href":"https:\/\/derbe.it\/de\/wp-json\/wp\/v2\/product_brand?post=522"},{"taxonomy":"product_cat","embeddable":true,"href":"https:\/\/derbe.it\/de\/wp-json\/wp\/v2\/product_cat?post=522"},{"taxonomy":"product_tag","embeddable":true,"href":"https:\/\/derbe.it\/de\/wp-json\/wp\/v2\/product_tag?post=522"}],"curies":[{"name":"wp","href":"https:\/\/api.w.org\/{rel}","templated":true}]}}