{"id":594,"date":"2018-09-26T09:21:45","date_gmt":"2018-09-26T07:21:45","guid":{"rendered":"https:\/\/derbe.it\/prodotto\/crema-fluida-corpo-fiori-del-chianti\/"},"modified":"2025-09-03T18:01:59","modified_gmt":"2025-09-03T16:01:59","slug":"flussige-korpercreme-mit-chianti-bluten","status":"publish","type":"product","link":"https:\/\/derbe.it\/de\/produkt\/flussige-korpercreme-mit-chianti-bluten\/","title":{"rendered":"Chianti Flowers Fluid K\u00f6rpercreme"},"content":{"rendered":"<p>Einst pfl\u00fcckten junge M\u00e4dchen in den sanften H\u00fcgeln des Chianti, \u00fcbers\u00e4t mit Weinbergen und Wiesen, Str\u00e4u\u00dfe von Duftveilchen (Viola odorata), w\u00e4hrend junge M\u00e4nner Schwertlilien (Florentiner Schwertlilien) sammelten. Sie tauschten einen duftenden Tribut an die Jahreszeit der Liebe und des Lebens. Ist das der Grund, warum der berauschende Chianti-Wein einen blumigen Duft im Mund hinterl\u00e4sst?<br \/>\nEine herrliche fl\u00fcssige K\u00f6rpercreme mit einer modernen und dennoch sicheren Formel, die trockener Haut nach alten Kr\u00e4utertraditionen Weichheit und tiefe Feuchtigkeit verleiht. Sie ist mit Irisbl\u00fctenextrakt und s\u00fc\u00dfem Veilchenextrakt angereichert, die beruhigende, revitalisierende, erfrischende und stresslindernde Eigenschaften haben.<\/p>","protected":false},"excerpt":{"rendered":"<p>Ricca crema idratante al profumo di Fiori del Chianti con estratto di iris (giaggiolo) e viola mammola, fresca profumazione ispirata alle dolci colline toscane. [&#8230;]<\/p>\n<p><a class=\"btn btn-secondary understrap-read-more-link\" href=\"https:\/\/derbe.it\/de\/produkt\/flussige-korpercreme-mit-chianti-bluten\/\">Mehr lesen \u2026<span class=\"screen-reader-text\"> from Crema Fluida Corpo Fiori del Chianti<\/span><\/a><\/p>","protected":false},"featured_media":595,"template":"","meta":{"_acf_changed":false},"caratteristica":[],"collezione":[129,75],"formato":[],"funzione":[],"utilizzo":[],"ingrediente-principale":[],"product_brand":[],"product_cat":[17,106],"product_tag":[],"class_list":{"0":"post-594","1":"product","2":"type-product","3":"status-publish","4":"has-post-thumbnail","6":"collezione-fiori-del-chianti","7":"collezione-speziali-fiorentini","8":"product_cat-creme-corpo","9":"product_cat-gel-e-creme-corpo","11":"first","12":"instock","13":"purchasable","14":"product-type-simple"},"acf":[],"yoast_head":"<!-- This site is optimized with the Yoast SEO Premium plugin v26.1 (Yoast SEO v26.8) - https:\/\/yoast.com\/product\/yoast-seo-premium-wordpress\/ -->\n<title>Crema Fluida Corpo Fiori del Chianti - Derbe - cosmetici naturali<\/title>\n<meta name=\"description\" content=\"Ricca crema idratante al profumo di Fiori del Chianti con estratto di iris (giaggiolo) e viola mammola, fresca profumazione ispirata alle dolci colline toscane.\" \/>\n<meta name=\"robots\" content=\"index, follow, max-snippet:-1, max-image-preview:large, max-video-preview:-1\" \/>\n<link rel=\"canonical\" href=\"https:\/\/derbe.it\/de\/produkt\/flussige-korpercreme-mit-chianti-bluten\/\" \/>\n<meta property=\"og:locale\" content=\"de_DE\" \/>\n<meta property=\"og:type\" content=\"article\" \/>\n<meta property=\"og:title\" content=\"Crema Fluida Corpo Fiori del Chianti\" \/>\n<meta property=\"og:description\" content=\"Ricca crema idratante al profumo di Fiori del Chianti con estratto di iris (giaggiolo) e viola mammola, fresca profumazione ispirata alle dolci colline toscane.\" \/>\n<meta property=\"og:url\" content=\"https:\/\/derbe.it\/de\/produkt\/flussige-korpercreme-mit-chianti-bluten\/\" \/>\n<meta property=\"og:site_name\" content=\"Derbe - cosmetici naturali\" \/>\n<meta property=\"article:publisher\" content=\"https:\/\/www.facebook.com\/evoderbebio\" \/>\n<meta property=\"article:modified_time\" content=\"2025-09-03T16:01:59+00:00\" \/>\n<meta property=\"og:image\" content=\"https:\/\/derbe.it\/wp-content\/uploads\/2025\/05\/crema-fluida-corpo-fiori-del-chiannti-giaggolo-iris-fiorentini-viola-mammola-speziali-fiorentini-derbe.jpg\" \/>\n\t<meta property=\"og:image:width\" content=\"1600\" \/>\n\t<meta property=\"og:image:height\" content=\"2000\" \/>\n\t<meta property=\"og:image:type\" content=\"image\/jpeg\" \/>\n<meta name=\"twitter:card\" content=\"summary_large_image\" \/>\n<meta name=\"twitter:label1\" content=\"Gesch\u00e4tzte Lesezeit\" \/>\n\t<meta name=\"twitter:data1\" content=\"1\u00a0Minute\" \/>\n<script type=\"application\/ld+json\" class=\"yoast-schema-graph\">{\"@context\":\"https:\/\/schema.org\",\"@graph\":[{\"@type\":\"WebPage\",\"@id\":\"https:\/\/derbe.it\/prodotto\/crema-fluida-corpo-fiori-del-chianti\/\",\"url\":\"https:\/\/derbe.it\/prodotto\/crema-fluida-corpo-fiori-del-chianti\/\",\"name\":\"Crema Fluida Corpo Fiori del Chianti - Derbe - cosmetici naturali\",\"isPartOf\":{\"@id\":\"https:\/\/derbe.it\/#website\"},\"primaryImageOfPage\":{\"@id\":\"https:\/\/derbe.it\/prodotto\/crema-fluida-corpo-fiori-del-chianti\/#primaryimage\"},\"image\":{\"@id\":\"https:\/\/derbe.it\/prodotto\/crema-fluida-corpo-fiori-del-chianti\/#primaryimage\"},\"thumbnailUrl\":\"https:\/\/derbe.it\/wp-content\/uploads\/2025\/05\/crema-fluida-corpo-fiori-del-chiannti-giaggolo-iris-fiorentini-viola-mammola-speziali-fiorentini-derbe.jpg\",\"datePublished\":\"2018-09-26T07:21:45+00:00\",\"dateModified\":\"2025-09-03T16:01:59+00:00\",\"description\":\"Ricca crema idratante al profumo di Fiori del Chianti con estratto di iris (giaggiolo) e viola mammola, fresca profumazione ispirata alle dolci colline toscane.\",\"breadcrumb\":{\"@id\":\"https:\/\/derbe.it\/prodotto\/crema-fluida-corpo-fiori-del-chianti\/#breadcrumb\"},\"inLanguage\":\"de\",\"potentialAction\":[{\"@type\":\"ReadAction\",\"target\":[\"https:\/\/derbe.it\/prodotto\/crema-fluida-corpo-fiori-del-chianti\/\"]}]},{\"@type\":\"ImageObject\",\"inLanguage\":\"de\",\"@id\":\"https:\/\/derbe.it\/prodotto\/crema-fluida-corpo-fiori-del-chianti\/#primaryimage\",\"url\":\"https:\/\/derbe.it\/wp-content\/uploads\/2025\/05\/crema-fluida-corpo-fiori-del-chiannti-giaggolo-iris-fiorentini-viola-mammola-speziali-fiorentini-derbe.jpg\",\"contentUrl\":\"https:\/\/derbe.it\/wp-content\/uploads\/2025\/05\/crema-fluida-corpo-fiori-del-chiannti-giaggolo-iris-fiorentini-viola-mammola-speziali-fiorentini-derbe.jpg\",\"width\":1600,\"height\":2000,\"caption\":\"Crema fluida corpo fiori del Chianti - Speziali Fiorentini - Derbe\"},{\"@type\":\"BreadcrumbList\",\"@id\":\"https:\/\/derbe.it\/prodotto\/crema-fluida-corpo-fiori-del-chianti\/#breadcrumb\",\"itemListElement\":[{\"@type\":\"ListItem\",\"position\":1,\"name\":\"Home\",\"item\":\"https:\/\/derbe.it\/\"},{\"@type\":\"ListItem\",\"position\":2,\"name\":\"Shop\",\"item\":\"https:\/\/derbe.it\/en\/shop\/\"},{\"@type\":\"ListItem\",\"position\":3,\"name\":\"Creme corpo\",\"item\":\"https:\/\/derbe.it\/categoria-prodotto\/creme-corpo\/\"},{\"@type\":\"ListItem\",\"position\":4,\"name\":\"Crema Fluida Corpo Fiori del Chianti\"}]},{\"@type\":\"WebSite\",\"@id\":\"https:\/\/derbe.it\/#website\",\"url\":\"https:\/\/derbe.it\/\",\"name\":\"Derbe\",\"description\":\"Da oltre 50 anni - Made in italy - prodotti per capelli e corpo con estratti vegetali e formule sostenibili\",\"publisher\":{\"@id\":\"https:\/\/derbe.it\/#organization\"},\"potentialAction\":[{\"@type\":\"SearchAction\",\"target\":{\"@type\":\"EntryPoint\",\"urlTemplate\":\"https:\/\/derbe.it\/?s={search_term_string}\"},\"query-input\":{\"@type\":\"PropertyValueSpecification\",\"valueRequired\":true,\"valueName\":\"search_term_string\"}}],\"inLanguage\":\"de\"},{\"@type\":\"Organization\",\"@id\":\"https:\/\/derbe.it\/#organization\",\"name\":\"Derbe\",\"url\":\"https:\/\/derbe.it\/\",\"logo\":{\"@type\":\"ImageObject\",\"inLanguage\":\"de\",\"@id\":\"https:\/\/derbe.it\/#\/schema\/logo\/image\/\",\"url\":\"https:\/\/derbe.it\/wp-content\/uploads\/2025\/06\/logo_derbe_firenze.png\",\"contentUrl\":\"https:\/\/derbe.it\/wp-content\/uploads\/2025\/06\/logo_derbe_firenze.png\",\"width\":1200,\"height\":497,\"caption\":\"Derbe\"},\"image\":{\"@id\":\"https:\/\/derbe.it\/#\/schema\/logo\/image\/\"},\"sameAs\":[\"https:\/\/www.facebook.com\/evoderbebio\",\"https:\/\/www.instagram.com\/derbe.official\/\"],\"email\":\"info@derbe.it\",\"telephone\":\"+39 055 42 11 799\",\"legalName\":\"Derbe S.r.l. a socio unico\",\"vatID\":\"07272610481\"}]}<\/script>\n<!-- \/ Yoast SEO Premium plugin. -->","yoast_head_json":{"title":"Chianti Flowers K\u00f6rperlotion - Derbe - Naturkosmetik","description":"Reichhaltige Feuchtigkeitscreme mit dem Duft von Chianti-Bl\u00fcten mit Iris (Iris) und Veilchenextrakt, einem frischen Duft, inspiriert von den sanften H\u00fcgeln der Toskana.","robots":{"index":"index","follow":"follow","max-snippet":"max-snippet:-1","max-image-preview":"max-image-preview:large","max-video-preview":"max-video-preview:-1"},"canonical":"https:\/\/derbe.it\/de\/produkt\/flussige-korpercreme-mit-chianti-bluten\/","og_locale":"de_DE","og_type":"article","og_title":"Crema Fluida Corpo Fiori del Chianti","og_description":"Ricca crema idratante al profumo di Fiori del Chianti con estratto di iris (giaggiolo) e viola mammola, fresca profumazione ispirata alle dolci colline toscane.","og_url":"https:\/\/derbe.it\/de\/produkt\/flussige-korpercreme-mit-chianti-bluten\/","og_site_name":"Derbe - cosmetici naturali","article_publisher":"https:\/\/www.facebook.com\/evoderbebio","article_modified_time":"2025-09-03T16:01:59+00:00","og_image":[{"width":1600,"height":2000,"url":"https:\/\/derbe.it\/wp-content\/uploads\/2025\/05\/crema-fluida-corpo-fiori-del-chiannti-giaggolo-iris-fiorentini-viola-mammola-speziali-fiorentini-derbe.jpg","type":"image\/jpeg"}],"twitter_card":"summary_large_image","twitter_misc":{"Gesch\u00e4tzte Lesezeit":"1\u00a0Minute"},"schema":{"@context":"https:\/\/schema.org","@graph":[{"@type":"WebPage","@id":"https:\/\/derbe.it\/prodotto\/crema-fluida-corpo-fiori-del-chianti\/","url":"https:\/\/derbe.it\/prodotto\/crema-fluida-corpo-fiori-del-chianti\/","name":"Chianti Flowers K\u00f6rperlotion - Derbe - Naturkosmetik","isPartOf":{"@id":"https:\/\/derbe.it\/#website"},"primaryImageOfPage":{"@id":"https:\/\/derbe.it\/prodotto\/crema-fluida-corpo-fiori-del-chianti\/#primaryimage"},"image":{"@id":"https:\/\/derbe.it\/prodotto\/crema-fluida-corpo-fiori-del-chianti\/#primaryimage"},"thumbnailUrl":"https:\/\/derbe.it\/wp-content\/uploads\/2025\/05\/crema-fluida-corpo-fiori-del-chiannti-giaggolo-iris-fiorentini-viola-mammola-speziali-fiorentini-derbe.jpg","datePublished":"2018-09-26T07:21:45+00:00","dateModified":"2025-09-03T16:01:59+00:00","description":"Reichhaltige Feuchtigkeitscreme mit dem Duft von Chianti-Bl\u00fcten mit Iris (Iris) und Veilchenextrakt, einem frischen Duft, inspiriert von den sanften H\u00fcgeln der Toskana.","breadcrumb":{"@id":"https:\/\/derbe.it\/prodotto\/crema-fluida-corpo-fiori-del-chianti\/#breadcrumb"},"inLanguage":"de","potentialAction":[{"@type":"ReadAction","target":["https:\/\/derbe.it\/prodotto\/crema-fluida-corpo-fiori-del-chianti\/"]}]},{"@type":"ImageObject","inLanguage":"de","@id":"https:\/\/derbe.it\/prodotto\/crema-fluida-corpo-fiori-del-chianti\/#primaryimage","url":"https:\/\/derbe.it\/wp-content\/uploads\/2025\/05\/crema-fluida-corpo-fiori-del-chiannti-giaggolo-iris-fiorentini-viola-mammola-speziali-fiorentini-derbe.jpg","contentUrl":"https:\/\/derbe.it\/wp-content\/uploads\/2025\/05\/crema-fluida-corpo-fiori-del-chiannti-giaggolo-iris-fiorentini-viola-mammola-speziali-fiorentini-derbe.jpg","width":1600,"height":2000,"caption":"Crema fluida corpo fiori del Chianti - Speziali Fiorentini - Derbe"},{"@type":"BreadcrumbList","@id":"https:\/\/derbe.it\/prodotto\/crema-fluida-corpo-fiori-del-chianti\/#breadcrumb","itemListElement":[{"@type":"ListItem","position":1,"name":"Home","item":"https:\/\/derbe.it\/"},{"@type":"ListItem","position":2,"name":"Shop","item":"https:\/\/derbe.it\/en\/shop\/"},{"@type":"ListItem","position":3,"name":"Creme corpo","item":"https:\/\/derbe.it\/categoria-prodotto\/creme-corpo\/"},{"@type":"ListItem","position":4,"name":"Crema Fluida Corpo Fiori del Chianti"}]},{"@type":"WebSite","@id":"https:\/\/derbe.it\/#website","url":"https:\/\/derbe.it\/","name":"Derbe","description":"Seit \u00fcber 50 Jahren \u2013 Hergestellt in Italien \u2013 Haar- und K\u00f6rperpflegeprodukte mit Pflanzenextrakten und nachhaltigen Rezepturen","publisher":{"@id":"https:\/\/derbe.it\/#organization"},"potentialAction":[{"@type":"SearchAction","target":{"@type":"EntryPoint","urlTemplate":"https:\/\/derbe.it\/?s={search_term_string}"},"query-input":{"@type":"PropertyValueSpecification","valueRequired":true,"valueName":"search_term_string"}}],"inLanguage":"de"},{"@type":"Organization","@id":"https:\/\/derbe.it\/#organization","name":"Derbe","url":"https:\/\/derbe.it\/","logo":{"@type":"ImageObject","inLanguage":"de","@id":"https:\/\/derbe.it\/#\/schema\/logo\/image\/","url":"https:\/\/derbe.it\/wp-content\/uploads\/2025\/06\/logo_derbe_firenze.png","contentUrl":"https:\/\/derbe.it\/wp-content\/uploads\/2025\/06\/logo_derbe_firenze.png","width":1200,"height":497,"caption":"Derbe"},"image":{"@id":"https:\/\/derbe.it\/#\/schema\/logo\/image\/"},"sameAs":["https:\/\/www.facebook.com\/evoderbebio","https:\/\/www.instagram.com\/derbe.official\/"],"email":"info@derbe.it","telephone":"+39 055 42 11 799","legalName":"Derbe S.r.l. a socio unico","vatID":"07272610481"}]}},"_links":{"self":[{"href":"https:\/\/derbe.it\/de\/wp-json\/wp\/v2\/product\/594","targetHints":{"allow":["GET"]}}],"collection":[{"href":"https:\/\/derbe.it\/de\/wp-json\/wp\/v2\/product"}],"about":[{"href":"https:\/\/derbe.it\/de\/wp-json\/wp\/v2\/types\/product"}],"wp:featuredmedia":[{"embeddable":true,"href":"https:\/\/derbe.it\/de\/wp-json\/wp\/v2\/media\/595"}],"wp:attachment":[{"href":"https:\/\/derbe.it\/de\/wp-json\/wp\/v2\/media?parent=594"}],"wp:term":[{"taxonomy":"caratteristica","embeddable":true,"href":"https:\/\/derbe.it\/de\/wp-json\/wp\/v2\/caratteristica?post=594"},{"taxonomy":"collezione","embeddable":true,"href":"https:\/\/derbe.it\/de\/wp-json\/wp\/v2\/collezione?post=594"},{"taxonomy":"formato","embeddable":true,"href":"https:\/\/derbe.it\/de\/wp-json\/wp\/v2\/formato?post=594"},{"taxonomy":"funzione","embeddable":true,"href":"https:\/\/derbe.it\/de\/wp-json\/wp\/v2\/funzione?post=594"},{"taxonomy":"utilizzo","embeddable":true,"href":"https:\/\/derbe.it\/de\/wp-json\/wp\/v2\/utilizzo?post=594"},{"taxonomy":"ingrediente-principale","embeddable":true,"href":"https:\/\/derbe.it\/de\/wp-json\/wp\/v2\/ingrediente-principale?post=594"},{"taxonomy":"product_brand","embeddable":true,"href":"https:\/\/derbe.it\/de\/wp-json\/wp\/v2\/product_brand?post=594"},{"taxonomy":"product_cat","embeddable":true,"href":"https:\/\/derbe.it\/de\/wp-json\/wp\/v2\/product_cat?post=594"},{"taxonomy":"product_tag","embeddable":true,"href":"https:\/\/derbe.it\/de\/wp-json\/wp\/v2\/product_tag?post=594"}],"curies":[{"name":"wp","href":"https:\/\/api.w.org\/{rel}","templated":true}]}}