{"id":644,"date":"2018-09-26T09:26:56","date_gmt":"2018-09-26T07:26:56","guid":{"rendered":"https:\/\/derbe.it\/prodotto\/docciasciampo-gel-derbesport\/"},"modified":"2025-11-05T17:36:27","modified_gmt":"2025-11-05T16:36:27","slug":"derbesport-duschgel-shampoo","status":"publish","type":"product","link":"https:\/\/derbe.it\/de\/produkt\/derbesport-duschgel-shampoo\/","title":{"rendered":"Derbesport Duschgel Shampoo"},"content":{"rendered":"<p>Dieses vielseitige Reinigungsprodukt sorgt f\u00fcr ein nat\u00fcrliches, frisches Hautgef\u00fchl und reinigt sanft den gesamten K\u00f6rper, inklusive Intimbereich. Es eignet sich auch hervorragend als Haarshampoo und kann sogar in Kombination mit Meerwasser verwendet werden. Reich an Wirkstoffen wie Minze, Ginseng und Reisproteinen mit nat\u00fcrlichen Anti-Erm\u00fcdungs- und desinfizierenden Eigenschaften, ist es ideal nach jeder sportlichen Bet\u00e4tigung und immer dann, wenn Sie eine sanfte Reinigung mit vorbeugender und sch\u00fctzender Wirkung f\u00fcr Ihre Haut w\u00fcnschen. Die Anwendung ist im Schwimmbad, Fitnessstudio und auf dem Boot unverzichtbar. Zur Erg\u00e4nzung empfehlen wir das Derbesport Anti-Erm\u00fcdungs-K\u00f6rpergel.<\/p>","protected":false},"excerpt":{"rendered":"<p>Un unico detergente dalle molte qualit\u00e0, dona naturalit\u00e0 e freschezza, pulisce delicatamente tutto il corpo comprese le parti intime, \u00e8 un ottimo sciampo per i capelli e si pu\u00f2 adoperare anche con acqua di mare. E&#8217; ricco di principi attivi: menta, ginseng, proteine del riso dalle propriet\u00e0 defaticanti naturalmente igienizzanti ed \u00e8 quindi indicato dopo qualsiasi tipo di sport e in ogni occasione nella quale \u00e8 desiderata una detersione delicata insieme ad un&#8217;azione di prevenzione e di difesa della pelle. [&#8230;]<\/p>\n<p><a class=\"btn btn-secondary understrap-read-more-link\" href=\"https:\/\/derbe.it\/de\/produkt\/derbesport-duschgel-shampoo\/\">Mehr lesen \u2026<span class=\"screen-reader-text\"> from DocciaShampoo Gel Derbesport<\/span><\/a><\/p>","protected":false},"featured_media":645,"template":"","meta":{"_acf_changed":false},"caratteristica":[],"collezione":[56],"formato":[],"funzione":[],"utilizzo":[],"ingrediente-principale":[],"product_brand":[],"product_cat":[22],"product_tag":[],"class_list":{"0":"post-644","1":"product","2":"type-product","3":"status-publish","4":"has-post-thumbnail","6":"collezione-derbe-sport","7":"product_cat-bagnoschiuma","9":"first","10":"instock","11":"purchasable","12":"product-type-simple"},"acf":[],"yoast_head":"<!-- This site is optimized with the Yoast SEO Premium plugin v26.1 (Yoast SEO v26.8) - https:\/\/yoast.com\/product\/yoast-seo-premium-wordpress\/ -->\n<title>DocciaShampoo Gel Derbesport - Derbe - cosmetici naturali<\/title>\n<meta name=\"description\" content=\"Un unico detergente dalle molte qualit\u00e0, dona naturalit\u00e0 e freschezza, pulisce delicatamente tutto il corpo comprese le parti intime, \u00e8 un ottimo sciampo per i capelli e si pu\u00f2 adoperare anche con acqua di mare. E&#039; ricco di principi attivi: menta, ginseng, proteine del riso dalle propriet\u00e0 defaticanti naturalmente igienizzanti ed \u00e8 quindi indicato dopo qualsiasi tipo di sport e in ogni occasione nella quale \u00e8 desiderata una detersione delicata insieme ad un&#039;azione di prevenzione e di difesa della pelle.\" \/>\n<meta name=\"robots\" content=\"index, follow, max-snippet:-1, max-image-preview:large, max-video-preview:-1\" \/>\n<link rel=\"canonical\" href=\"https:\/\/derbe.it\/de\/produkt\/derbesport-duschgel-shampoo\/\" \/>\n<meta property=\"og:locale\" content=\"de_DE\" \/>\n<meta property=\"og:type\" content=\"article\" \/>\n<meta property=\"og:title\" content=\"DocciaShampoo Gel Derbesport\" \/>\n<meta property=\"og:description\" content=\"Un unico detergente dalle molte qualit\u00e0, dona naturalit\u00e0 e freschezza, pulisce delicatamente tutto il corpo comprese le parti intime, \u00e8 un ottimo sciampo per i capelli e si pu\u00f2 adoperare anche con acqua di mare. E&#039; ricco di principi attivi: menta, ginseng, proteine del riso dalle propriet\u00e0 defaticanti naturalmente igienizzanti ed \u00e8 quindi indicato dopo qualsiasi tipo di sport e in ogni occasione nella quale \u00e8 desiderata una detersione delicata insieme ad un&#039;azione di prevenzione e di difesa della pelle.\" \/>\n<meta property=\"og:url\" content=\"https:\/\/derbe.it\/de\/produkt\/derbesport-duschgel-shampoo\/\" \/>\n<meta property=\"og:site_name\" content=\"Derbe - cosmetici naturali\" \/>\n<meta property=\"article:publisher\" content=\"https:\/\/www.facebook.com\/evoderbebio\" \/>\n<meta property=\"article:modified_time\" content=\"2025-11-05T16:36:27+00:00\" \/>\n<meta property=\"og:image\" content=\"https:\/\/derbe.it\/wp-content\/uploads\/2025\/05\/docciasciampo-gel-defaticante-derbesport-derbe.jpg\" \/>\n\t<meta property=\"og:image:width\" content=\"1600\" \/>\n\t<meta property=\"og:image:height\" content=\"2000\" \/>\n\t<meta property=\"og:image:type\" content=\"image\/jpeg\" \/>\n<meta name=\"twitter:card\" content=\"summary_large_image\" \/>\n<meta name=\"twitter:label1\" content=\"Gesch\u00e4tzte Lesezeit\" \/>\n\t<meta name=\"twitter:data1\" content=\"2\u00a0Minuten\" \/>\n<script type=\"application\/ld+json\" class=\"yoast-schema-graph\">{\"@context\":\"https:\/\/schema.org\",\"@graph\":[{\"@type\":\"WebPage\",\"@id\":\"https:\/\/derbe.it\/prodotto\/docciasciampo-gel-derbesport\/\",\"url\":\"https:\/\/derbe.it\/prodotto\/docciasciampo-gel-derbesport\/\",\"name\":\"DocciaShampoo Gel Derbesport - Derbe - cosmetici naturali\",\"isPartOf\":{\"@id\":\"https:\/\/derbe.it\/#website\"},\"primaryImageOfPage\":{\"@id\":\"https:\/\/derbe.it\/prodotto\/docciasciampo-gel-derbesport\/#primaryimage\"},\"image\":{\"@id\":\"https:\/\/derbe.it\/prodotto\/docciasciampo-gel-derbesport\/#primaryimage\"},\"thumbnailUrl\":\"https:\/\/derbe.it\/wp-content\/uploads\/2025\/05\/docciasciampo-gel-defaticante-derbesport-derbe.jpg\",\"datePublished\":\"2018-09-26T07:26:56+00:00\",\"dateModified\":\"2025-11-05T16:36:27+00:00\",\"description\":\"Un unico detergente dalle molte qualit\u00e0, dona naturalit\u00e0 e freschezza, pulisce delicatamente tutto il corpo comprese le parti intime, \u00e8 un ottimo sciampo per i capelli e si pu\u00f2 adoperare anche con acqua di mare. E' ricco di principi attivi: menta, ginseng, proteine del riso dalle propriet\u00e0 defaticanti naturalmente igienizzanti ed \u00e8 quindi indicato dopo qualsiasi tipo di sport e in ogni occasione nella quale \u00e8 desiderata una detersione delicata insieme ad un'azione di prevenzione e di difesa della pelle.\",\"breadcrumb\":{\"@id\":\"https:\/\/derbe.it\/prodotto\/docciasciampo-gel-derbesport\/#breadcrumb\"},\"inLanguage\":\"de\",\"potentialAction\":[{\"@type\":\"ReadAction\",\"target\":[\"https:\/\/derbe.it\/prodotto\/docciasciampo-gel-derbesport\/\"]}]},{\"@type\":\"ImageObject\",\"inLanguage\":\"de\",\"@id\":\"https:\/\/derbe.it\/prodotto\/docciasciampo-gel-derbesport\/#primaryimage\",\"url\":\"https:\/\/derbe.it\/wp-content\/uploads\/2025\/05\/docciasciampo-gel-defaticante-derbesport-derbe.jpg\",\"contentUrl\":\"https:\/\/derbe.it\/wp-content\/uploads\/2025\/05\/docciasciampo-gel-defaticante-derbesport-derbe.jpg\",\"width\":1600,\"height\":2000,\"caption\":\"Doccia Sciampo gel per lo sport - Derbe\"},{\"@type\":\"BreadcrumbList\",\"@id\":\"https:\/\/derbe.it\/prodotto\/docciasciampo-gel-derbesport\/#breadcrumb\",\"itemListElement\":[{\"@type\":\"ListItem\",\"position\":1,\"name\":\"Home\",\"item\":\"https:\/\/derbe.it\/\"},{\"@type\":\"ListItem\",\"position\":2,\"name\":\"Shop\",\"item\":\"https:\/\/derbe.it\/en\/shop\/\"},{\"@type\":\"ListItem\",\"position\":3,\"name\":\"Bagnoschiuma\",\"item\":\"https:\/\/derbe.it\/categoria-prodotto\/bagnoschiuma\/\"},{\"@type\":\"ListItem\",\"position\":4,\"name\":\"DocciaShampoo Gel Derbesport\"}]},{\"@type\":\"WebSite\",\"@id\":\"https:\/\/derbe.it\/#website\",\"url\":\"https:\/\/derbe.it\/\",\"name\":\"Derbe\",\"description\":\"Da oltre 50 anni - Made in italy - prodotti per capelli e corpo con estratti vegetali e formule sostenibili\",\"publisher\":{\"@id\":\"https:\/\/derbe.it\/#organization\"},\"potentialAction\":[{\"@type\":\"SearchAction\",\"target\":{\"@type\":\"EntryPoint\",\"urlTemplate\":\"https:\/\/derbe.it\/?s={search_term_string}\"},\"query-input\":{\"@type\":\"PropertyValueSpecification\",\"valueRequired\":true,\"valueName\":\"search_term_string\"}}],\"inLanguage\":\"de\"},{\"@type\":\"Organization\",\"@id\":\"https:\/\/derbe.it\/#organization\",\"name\":\"Derbe\",\"url\":\"https:\/\/derbe.it\/\",\"logo\":{\"@type\":\"ImageObject\",\"inLanguage\":\"de\",\"@id\":\"https:\/\/derbe.it\/#\/schema\/logo\/image\/\",\"url\":\"https:\/\/derbe.it\/wp-content\/uploads\/2025\/06\/logo_derbe_firenze.png\",\"contentUrl\":\"https:\/\/derbe.it\/wp-content\/uploads\/2025\/06\/logo_derbe_firenze.png\",\"width\":1200,\"height\":497,\"caption\":\"Derbe\"},\"image\":{\"@id\":\"https:\/\/derbe.it\/#\/schema\/logo\/image\/\"},\"sameAs\":[\"https:\/\/www.facebook.com\/evoderbebio\",\"https:\/\/www.instagram.com\/derbe.official\/\"],\"email\":\"info@derbe.it\",\"telephone\":\"+39 055 42 11 799\",\"legalName\":\"Derbe S.r.l. a socio unico\",\"vatID\":\"07272610481\"}]}<\/script>\n<!-- \/ Yoast SEO Premium plugin. -->","yoast_head_json":{"title":"Derbesport Duschgel Shampoo - Derbe - Naturkosmetik","description":"Ein einziges Reinigungsmittel mit vielen Eigenschaften: Es sorgt f\u00fcr ein nat\u00fcrliches, frisches Gef\u00fchl und reinigt sanft den gesamten K\u00f6rper, einschlie\u00dflich der Intimbereiche. Es ist auch ein ausgezeichnetes Haarshampoo und kann auch mit Meerwasser verwendet werden. Es ist reich an Wirkstoffen: Minze, Ginseng und Reisproteine mit nat\u00fcrlichen Anti-M\u00fcdigkeits- und Desinfektionseigenschaften. Ideal nach jeder Sportart und immer dann, wenn Sie eine sanfte Reinigung mit vorbeugender und sch\u00fctzender Wirkung w\u00fcnschen.","robots":{"index":"index","follow":"follow","max-snippet":"max-snippet:-1","max-image-preview":"max-image-preview:large","max-video-preview":"max-video-preview:-1"},"canonical":"https:\/\/derbe.it\/de\/produkt\/derbesport-duschgel-shampoo\/","og_locale":"de_DE","og_type":"article","og_title":"DocciaShampoo Gel Derbesport","og_description":"Un unico detergente dalle molte qualit\u00e0, dona naturalit\u00e0 e freschezza, pulisce delicatamente tutto il corpo comprese le parti intime, \u00e8 un ottimo sciampo per i capelli e si pu\u00f2 adoperare anche con acqua di mare. E' ricco di principi attivi: menta, ginseng, proteine del riso dalle propriet\u00e0 defaticanti naturalmente igienizzanti ed \u00e8 quindi indicato dopo qualsiasi tipo di sport e in ogni occasione nella quale \u00e8 desiderata una detersione delicata insieme ad un'azione di prevenzione e di difesa della pelle.","og_url":"https:\/\/derbe.it\/de\/produkt\/derbesport-duschgel-shampoo\/","og_site_name":"Derbe - cosmetici naturali","article_publisher":"https:\/\/www.facebook.com\/evoderbebio","article_modified_time":"2025-11-05T16:36:27+00:00","og_image":[{"width":1600,"height":2000,"url":"https:\/\/derbe.it\/wp-content\/uploads\/2025\/05\/docciasciampo-gel-defaticante-derbesport-derbe.jpg","type":"image\/jpeg"}],"twitter_card":"summary_large_image","twitter_misc":{"Gesch\u00e4tzte Lesezeit":"2\u00a0Minuten"},"schema":{"@context":"https:\/\/schema.org","@graph":[{"@type":"WebPage","@id":"https:\/\/derbe.it\/prodotto\/docciasciampo-gel-derbesport\/","url":"https:\/\/derbe.it\/prodotto\/docciasciampo-gel-derbesport\/","name":"Derbesport Duschgel Shampoo - Derbe - Naturkosmetik","isPartOf":{"@id":"https:\/\/derbe.it\/#website"},"primaryImageOfPage":{"@id":"https:\/\/derbe.it\/prodotto\/docciasciampo-gel-derbesport\/#primaryimage"},"image":{"@id":"https:\/\/derbe.it\/prodotto\/docciasciampo-gel-derbesport\/#primaryimage"},"thumbnailUrl":"https:\/\/derbe.it\/wp-content\/uploads\/2025\/05\/docciasciampo-gel-defaticante-derbesport-derbe.jpg","datePublished":"2018-09-26T07:26:56+00:00","dateModified":"2025-11-05T16:36:27+00:00","description":"Ein einziges Reinigungsmittel mit vielen Eigenschaften: Es sorgt f\u00fcr ein nat\u00fcrliches, frisches Gef\u00fchl und reinigt sanft den gesamten K\u00f6rper, einschlie\u00dflich der Intimbereiche. Es ist auch ein ausgezeichnetes Haarshampoo und kann auch mit Meerwasser verwendet werden. Es ist reich an Wirkstoffen: Minze, Ginseng und Reisproteine mit nat\u00fcrlichen Anti-M\u00fcdigkeits- und Desinfektionseigenschaften. Ideal nach jeder Sportart und immer dann, wenn Sie eine sanfte Reinigung mit vorbeugender und sch\u00fctzender Wirkung w\u00fcnschen.","breadcrumb":{"@id":"https:\/\/derbe.it\/prodotto\/docciasciampo-gel-derbesport\/#breadcrumb"},"inLanguage":"de","potentialAction":[{"@type":"ReadAction","target":["https:\/\/derbe.it\/prodotto\/docciasciampo-gel-derbesport\/"]}]},{"@type":"ImageObject","inLanguage":"de","@id":"https:\/\/derbe.it\/prodotto\/docciasciampo-gel-derbesport\/#primaryimage","url":"https:\/\/derbe.it\/wp-content\/uploads\/2025\/05\/docciasciampo-gel-defaticante-derbesport-derbe.jpg","contentUrl":"https:\/\/derbe.it\/wp-content\/uploads\/2025\/05\/docciasciampo-gel-defaticante-derbesport-derbe.jpg","width":1600,"height":2000,"caption":"Doccia Sciampo gel per lo sport - Derbe"},{"@type":"BreadcrumbList","@id":"https:\/\/derbe.it\/prodotto\/docciasciampo-gel-derbesport\/#breadcrumb","itemListElement":[{"@type":"ListItem","position":1,"name":"Home","item":"https:\/\/derbe.it\/"},{"@type":"ListItem","position":2,"name":"Shop","item":"https:\/\/derbe.it\/en\/shop\/"},{"@type":"ListItem","position":3,"name":"Bagnoschiuma","item":"https:\/\/derbe.it\/categoria-prodotto\/bagnoschiuma\/"},{"@type":"ListItem","position":4,"name":"DocciaShampoo Gel Derbesport"}]},{"@type":"WebSite","@id":"https:\/\/derbe.it\/#website","url":"https:\/\/derbe.it\/","name":"Derbe","description":"Seit \u00fcber 50 Jahren \u2013 Hergestellt in Italien \u2013 Haar- und K\u00f6rperpflegeprodukte mit Pflanzenextrakten und nachhaltigen Rezepturen","publisher":{"@id":"https:\/\/derbe.it\/#organization"},"potentialAction":[{"@type":"SearchAction","target":{"@type":"EntryPoint","urlTemplate":"https:\/\/derbe.it\/?s={search_term_string}"},"query-input":{"@type":"PropertyValueSpecification","valueRequired":true,"valueName":"search_term_string"}}],"inLanguage":"de"},{"@type":"Organization","@id":"https:\/\/derbe.it\/#organization","name":"Derbe","url":"https:\/\/derbe.it\/","logo":{"@type":"ImageObject","inLanguage":"de","@id":"https:\/\/derbe.it\/#\/schema\/logo\/image\/","url":"https:\/\/derbe.it\/wp-content\/uploads\/2025\/06\/logo_derbe_firenze.png","contentUrl":"https:\/\/derbe.it\/wp-content\/uploads\/2025\/06\/logo_derbe_firenze.png","width":1200,"height":497,"caption":"Derbe"},"image":{"@id":"https:\/\/derbe.it\/#\/schema\/logo\/image\/"},"sameAs":["https:\/\/www.facebook.com\/evoderbebio","https:\/\/www.instagram.com\/derbe.official\/"],"email":"info@derbe.it","telephone":"+39 055 42 11 799","legalName":"Derbe S.r.l. a socio unico","vatID":"07272610481"}]}},"_links":{"self":[{"href":"https:\/\/derbe.it\/de\/wp-json\/wp\/v2\/product\/644","targetHints":{"allow":["GET"]}}],"collection":[{"href":"https:\/\/derbe.it\/de\/wp-json\/wp\/v2\/product"}],"about":[{"href":"https:\/\/derbe.it\/de\/wp-json\/wp\/v2\/types\/product"}],"wp:featuredmedia":[{"embeddable":true,"href":"https:\/\/derbe.it\/de\/wp-json\/wp\/v2\/media\/645"}],"wp:attachment":[{"href":"https:\/\/derbe.it\/de\/wp-json\/wp\/v2\/media?parent=644"}],"wp:term":[{"taxonomy":"caratteristica","embeddable":true,"href":"https:\/\/derbe.it\/de\/wp-json\/wp\/v2\/caratteristica?post=644"},{"taxonomy":"collezione","embeddable":true,"href":"https:\/\/derbe.it\/de\/wp-json\/wp\/v2\/collezione?post=644"},{"taxonomy":"formato","embeddable":true,"href":"https:\/\/derbe.it\/de\/wp-json\/wp\/v2\/formato?post=644"},{"taxonomy":"funzione","embeddable":true,"href":"https:\/\/derbe.it\/de\/wp-json\/wp\/v2\/funzione?post=644"},{"taxonomy":"utilizzo","embeddable":true,"href":"https:\/\/derbe.it\/de\/wp-json\/wp\/v2\/utilizzo?post=644"},{"taxonomy":"ingrediente-principale","embeddable":true,"href":"https:\/\/derbe.it\/de\/wp-json\/wp\/v2\/ingrediente-principale?post=644"},{"taxonomy":"product_brand","embeddable":true,"href":"https:\/\/derbe.it\/de\/wp-json\/wp\/v2\/product_brand?post=644"},{"taxonomy":"product_cat","embeddable":true,"href":"https:\/\/derbe.it\/de\/wp-json\/wp\/v2\/product_cat?post=644"},{"taxonomy":"product_tag","embeddable":true,"href":"https:\/\/derbe.it\/de\/wp-json\/wp\/v2\/product_tag?post=644"}],"curies":[{"name":"wp","href":"https:\/\/api.w.org\/{rel}","templated":true}]}}