{"id":759,"date":"2019-03-26T11:28:01","date_gmt":"2019-03-26T10:28:01","guid":{"rendered":"https:\/\/derbe.it\/prodotto\/sciampo-idratante\/"},"modified":"2025-11-05T17:22:03","modified_gmt":"2025-11-05T16:22:03","slug":"feuchtigkeitsspendendes-shampoo","status":"publish","type":"product","link":"https:\/\/derbe.it\/de\/produkt\/feuchtigkeitsspendendes-shampoo\/","title":{"rendered":"Feuchtigkeitsspendendes Shampoo"},"content":{"rendered":"<p>Heute ist das Haar mehr denn je verschiedenen Belastungen ausgesetzt (Waschen mit zu hei\u00dfem Wasser, aggressives Styling, Tragen eines Helms, Witterungseinfl\u00fcsse und Smog), die seine \u00c4sthetik beeintr\u00e4chtigen und zum unerw\u00fcnschten Frizz-Effekt beitragen.<br \/>\n<strong>Das feuchtigkeitsspendende Shampoo mit Hyalurons\u00e4ure und gr\u00fcnem Apfel stellt den nat\u00fcrlichen Glanz, die Geschmeidigkeit und die Weichheit des Haares wieder her und beseitigt den unangenehmen borstigen Effekt.<\/strong>.<\/p>\n<ul>\n<li><span class=\"Apple-converted-space\">\u00a0<\/span>Spendet Feuchtigkeit ohne zu beschweren<\/li>\n<li>Rekonstruiert die Haarfaser von behandeltem, strapaziertem und dehydriertem Haar.<\/li>\n<li>Reduziert Frizz und macht das Haar weich<\/li>\n<li>Es sch\u00fctzt die Haarfaser vor \u00e4u\u00dferen Einfl\u00fcssen.<\/li>\n<\/ul>","protected":false},"excerpt":{"rendered":"<p>Lo shampoo idratante con acido ialuronico e mela verde ripristina la naturale lucentezza, fluidit\u00e0 e morbidezza dei capelli. Particolarmente indicato per i capelli crespi. [&#8230;]<\/p>\n<p><a class=\"btn btn-secondary understrap-read-more-link\" href=\"https:\/\/derbe.it\/de\/produkt\/feuchtigkeitsspendendes-shampoo\/\">Mehr lesen \u2026<span class=\"screen-reader-text\"> from Shampoo Idratante<\/span><\/a><\/p>","protected":false},"featured_media":760,"template":"","meta":{"_acf_changed":false},"caratteristica":[],"collezione":[],"formato":[],"funzione":[85],"utilizzo":[],"ingrediente-principale":[],"product_brand":[],"product_cat":[23],"product_tag":[],"class_list":{"0":"post-759","1":"product","2":"type-product","3":"status-publish","4":"has-post-thumbnail","6":"funzione-capelli-secchi-disidratati","7":"product_cat-shampoo","9":"first","10":"instock","11":"purchasable","12":"product-type-simple"},"acf":[],"yoast_head":"<!-- This site is optimized with the Yoast SEO Premium plugin v26.1 (Yoast SEO v26.8) - https:\/\/yoast.com\/product\/yoast-seo-premium-wordpress\/ -->\n<title>Shampoo Idratante - Derbe - cosmetici naturali<\/title>\n<meta name=\"description\" content=\"Lo shampoo idratante con acido ialuronico e mela verde ripristina la naturale lucentezza, fluidit\u00e0 e morbidezza dei capelli. Particolarmente indicato per i capelli crespi.\" \/>\n<meta name=\"robots\" content=\"index, follow, max-snippet:-1, max-image-preview:large, max-video-preview:-1\" \/>\n<link rel=\"canonical\" href=\"https:\/\/derbe.it\/de\/produkt\/feuchtigkeitsspendendes-shampoo\/\" \/>\n<meta property=\"og:locale\" content=\"de_DE\" \/>\n<meta property=\"og:type\" content=\"article\" \/>\n<meta property=\"og:title\" content=\"Shampoo Idratante\" \/>\n<meta property=\"og:description\" content=\"Lo shampoo idratante con acido ialuronico e mela verde ripristina la naturale lucentezza, fluidit\u00e0 e morbidezza dei capelli. Particolarmente indicato per i capelli crespi.\" \/>\n<meta property=\"og:url\" content=\"https:\/\/derbe.it\/de\/produkt\/feuchtigkeitsspendendes-shampoo\/\" \/>\n<meta property=\"og:site_name\" content=\"Derbe - cosmetici naturali\" \/>\n<meta property=\"article:publisher\" content=\"https:\/\/www.facebook.com\/evoderbebio\" \/>\n<meta property=\"article:modified_time\" content=\"2025-11-05T16:22:03+00:00\" \/>\n<meta property=\"og:image\" content=\"https:\/\/derbe.it\/wp-content\/uploads\/2025\/05\/sciampo-idratante-capelli-crespi-mela-verde-acido-ialuronico-derbe.jpg\" \/>\n\t<meta property=\"og:image:width\" content=\"1600\" \/>\n\t<meta property=\"og:image:height\" content=\"2000\" \/>\n\t<meta property=\"og:image:type\" content=\"image\/jpeg\" \/>\n<meta name=\"twitter:card\" content=\"summary_large_image\" \/>\n<meta name=\"twitter:label1\" content=\"Gesch\u00e4tzte Lesezeit\" \/>\n\t<meta name=\"twitter:data1\" content=\"2\u00a0Minuten\" \/>\n<script type=\"application\/ld+json\" class=\"yoast-schema-graph\">{\"@context\":\"https:\/\/schema.org\",\"@graph\":[{\"@type\":\"WebPage\",\"@id\":\"https:\/\/derbe.it\/prodotto\/sciampo-idratante\/\",\"url\":\"https:\/\/derbe.it\/prodotto\/sciampo-idratante\/\",\"name\":\"Shampoo Idratante - Derbe - cosmetici naturali\",\"isPartOf\":{\"@id\":\"https:\/\/derbe.it\/#website\"},\"primaryImageOfPage\":{\"@id\":\"https:\/\/derbe.it\/prodotto\/sciampo-idratante\/#primaryimage\"},\"image\":{\"@id\":\"https:\/\/derbe.it\/prodotto\/sciampo-idratante\/#primaryimage\"},\"thumbnailUrl\":\"https:\/\/derbe.it\/wp-content\/uploads\/2025\/05\/sciampo-idratante-capelli-crespi-mela-verde-acido-ialuronico-derbe.jpg\",\"datePublished\":\"2019-03-26T10:28:01+00:00\",\"dateModified\":\"2025-11-05T16:22:03+00:00\",\"description\":\"Lo shampoo idratante con acido ialuronico e mela verde ripristina la naturale lucentezza, fluidit\u00e0 e morbidezza dei capelli. Particolarmente indicato per i capelli crespi.\",\"breadcrumb\":{\"@id\":\"https:\/\/derbe.it\/prodotto\/sciampo-idratante\/#breadcrumb\"},\"inLanguage\":\"de\",\"potentialAction\":[{\"@type\":\"ReadAction\",\"target\":[\"https:\/\/derbe.it\/prodotto\/sciampo-idratante\/\"]}]},{\"@type\":\"ImageObject\",\"inLanguage\":\"de\",\"@id\":\"https:\/\/derbe.it\/prodotto\/sciampo-idratante\/#primaryimage\",\"url\":\"https:\/\/derbe.it\/wp-content\/uploads\/2025\/05\/sciampo-idratante-capelli-crespi-mela-verde-acido-ialuronico-derbe.jpg\",\"contentUrl\":\"https:\/\/derbe.it\/wp-content\/uploads\/2025\/05\/sciampo-idratante-capelli-crespi-mela-verde-acido-ialuronico-derbe.jpg\",\"width\":1600,\"height\":2000,\"caption\":\"sciampo idratante capelli crespi mela verde acido ialuronico derbe\"},{\"@type\":\"BreadcrumbList\",\"@id\":\"https:\/\/derbe.it\/prodotto\/sciampo-idratante\/#breadcrumb\",\"itemListElement\":[{\"@type\":\"ListItem\",\"position\":1,\"name\":\"Home\",\"item\":\"https:\/\/derbe.it\/\"},{\"@type\":\"ListItem\",\"position\":2,\"name\":\"Shop\",\"item\":\"https:\/\/derbe.it\/en\/shop\/\"},{\"@type\":\"ListItem\",\"position\":3,\"name\":\"Shampoo\",\"item\":\"https:\/\/derbe.it\/categoria-prodotto\/shampoo\/\"},{\"@type\":\"ListItem\",\"position\":4,\"name\":\"Shampoo Idratante\"}]},{\"@type\":\"WebSite\",\"@id\":\"https:\/\/derbe.it\/#website\",\"url\":\"https:\/\/derbe.it\/\",\"name\":\"Derbe\",\"description\":\"Da oltre 50 anni - Made in italy - prodotti per capelli e corpo con estratti vegetali e formule sostenibili\",\"publisher\":{\"@id\":\"https:\/\/derbe.it\/#organization\"},\"potentialAction\":[{\"@type\":\"SearchAction\",\"target\":{\"@type\":\"EntryPoint\",\"urlTemplate\":\"https:\/\/derbe.it\/?s={search_term_string}\"},\"query-input\":{\"@type\":\"PropertyValueSpecification\",\"valueRequired\":true,\"valueName\":\"search_term_string\"}}],\"inLanguage\":\"de\"},{\"@type\":\"Organization\",\"@id\":\"https:\/\/derbe.it\/#organization\",\"name\":\"Derbe\",\"url\":\"https:\/\/derbe.it\/\",\"logo\":{\"@type\":\"ImageObject\",\"inLanguage\":\"de\",\"@id\":\"https:\/\/derbe.it\/#\/schema\/logo\/image\/\",\"url\":\"https:\/\/derbe.it\/wp-content\/uploads\/2025\/06\/logo_derbe_firenze.png\",\"contentUrl\":\"https:\/\/derbe.it\/wp-content\/uploads\/2025\/06\/logo_derbe_firenze.png\",\"width\":1200,\"height\":497,\"caption\":\"Derbe\"},\"image\":{\"@id\":\"https:\/\/derbe.it\/#\/schema\/logo\/image\/\"},\"sameAs\":[\"https:\/\/www.facebook.com\/evoderbebio\",\"https:\/\/www.instagram.com\/derbe.official\/\"],\"email\":\"info@derbe.it\",\"telephone\":\"+39 055 42 11 799\",\"legalName\":\"Derbe S.r.l. a socio unico\",\"vatID\":\"07272610481\"}]}<\/script>\n<!-- \/ Yoast SEO Premium plugin. -->","yoast_head_json":{"title":"Feuchtigkeitsspendendes Shampoo - Derbe - Naturkosmetik","description":"Dieses feuchtigkeitsspendende Shampoo mit Hyalurons\u00e4ure und gr\u00fcnem Apfel verleiht dem Haar seinen nat\u00fcrlichen Glanz, seine Geschmeidigkeit und Weichheit zur\u00fcck. Es eignet sich besonders f\u00fcr krauses Haar.","robots":{"index":"index","follow":"follow","max-snippet":"max-snippet:-1","max-image-preview":"max-image-preview:large","max-video-preview":"max-video-preview:-1"},"canonical":"https:\/\/derbe.it\/de\/produkt\/feuchtigkeitsspendendes-shampoo\/","og_locale":"de_DE","og_type":"article","og_title":"Shampoo Idratante","og_description":"Lo shampoo idratante con acido ialuronico e mela verde ripristina la naturale lucentezza, fluidit\u00e0 e morbidezza dei capelli. Particolarmente indicato per i capelli crespi.","og_url":"https:\/\/derbe.it\/de\/produkt\/feuchtigkeitsspendendes-shampoo\/","og_site_name":"Derbe - cosmetici naturali","article_publisher":"https:\/\/www.facebook.com\/evoderbebio","article_modified_time":"2025-11-05T16:22:03+00:00","og_image":[{"width":1600,"height":2000,"url":"https:\/\/derbe.it\/wp-content\/uploads\/2025\/05\/sciampo-idratante-capelli-crespi-mela-verde-acido-ialuronico-derbe.jpg","type":"image\/jpeg"}],"twitter_card":"summary_large_image","twitter_misc":{"Gesch\u00e4tzte Lesezeit":"2\u00a0Minuten"},"schema":{"@context":"https:\/\/schema.org","@graph":[{"@type":"WebPage","@id":"https:\/\/derbe.it\/prodotto\/sciampo-idratante\/","url":"https:\/\/derbe.it\/prodotto\/sciampo-idratante\/","name":"Feuchtigkeitsspendendes Shampoo - Derbe - Naturkosmetik","isPartOf":{"@id":"https:\/\/derbe.it\/#website"},"primaryImageOfPage":{"@id":"https:\/\/derbe.it\/prodotto\/sciampo-idratante\/#primaryimage"},"image":{"@id":"https:\/\/derbe.it\/prodotto\/sciampo-idratante\/#primaryimage"},"thumbnailUrl":"https:\/\/derbe.it\/wp-content\/uploads\/2025\/05\/sciampo-idratante-capelli-crespi-mela-verde-acido-ialuronico-derbe.jpg","datePublished":"2019-03-26T10:28:01+00:00","dateModified":"2025-11-05T16:22:03+00:00","description":"Dieses feuchtigkeitsspendende Shampoo mit Hyalurons\u00e4ure und gr\u00fcnem Apfel verleiht dem Haar seinen nat\u00fcrlichen Glanz, seine Geschmeidigkeit und Weichheit zur\u00fcck. Es eignet sich besonders f\u00fcr krauses Haar.","breadcrumb":{"@id":"https:\/\/derbe.it\/prodotto\/sciampo-idratante\/#breadcrumb"},"inLanguage":"de","potentialAction":[{"@type":"ReadAction","target":["https:\/\/derbe.it\/prodotto\/sciampo-idratante\/"]}]},{"@type":"ImageObject","inLanguage":"de","@id":"https:\/\/derbe.it\/prodotto\/sciampo-idratante\/#primaryimage","url":"https:\/\/derbe.it\/wp-content\/uploads\/2025\/05\/sciampo-idratante-capelli-crespi-mela-verde-acido-ialuronico-derbe.jpg","contentUrl":"https:\/\/derbe.it\/wp-content\/uploads\/2025\/05\/sciampo-idratante-capelli-crespi-mela-verde-acido-ialuronico-derbe.jpg","width":1600,"height":2000,"caption":"sciampo idratante capelli crespi mela verde acido ialuronico derbe"},{"@type":"BreadcrumbList","@id":"https:\/\/derbe.it\/prodotto\/sciampo-idratante\/#breadcrumb","itemListElement":[{"@type":"ListItem","position":1,"name":"Home","item":"https:\/\/derbe.it\/"},{"@type":"ListItem","position":2,"name":"Shop","item":"https:\/\/derbe.it\/en\/shop\/"},{"@type":"ListItem","position":3,"name":"Shampoo","item":"https:\/\/derbe.it\/categoria-prodotto\/shampoo\/"},{"@type":"ListItem","position":4,"name":"Shampoo Idratante"}]},{"@type":"WebSite","@id":"https:\/\/derbe.it\/#website","url":"https:\/\/derbe.it\/","name":"Derbe","description":"Seit \u00fcber 50 Jahren \u2013 Hergestellt in Italien \u2013 Haar- und K\u00f6rperpflegeprodukte mit Pflanzenextrakten und nachhaltigen Rezepturen","publisher":{"@id":"https:\/\/derbe.it\/#organization"},"potentialAction":[{"@type":"SearchAction","target":{"@type":"EntryPoint","urlTemplate":"https:\/\/derbe.it\/?s={search_term_string}"},"query-input":{"@type":"PropertyValueSpecification","valueRequired":true,"valueName":"search_term_string"}}],"inLanguage":"de"},{"@type":"Organization","@id":"https:\/\/derbe.it\/#organization","name":"Derbe","url":"https:\/\/derbe.it\/","logo":{"@type":"ImageObject","inLanguage":"de","@id":"https:\/\/derbe.it\/#\/schema\/logo\/image\/","url":"https:\/\/derbe.it\/wp-content\/uploads\/2025\/06\/logo_derbe_firenze.png","contentUrl":"https:\/\/derbe.it\/wp-content\/uploads\/2025\/06\/logo_derbe_firenze.png","width":1200,"height":497,"caption":"Derbe"},"image":{"@id":"https:\/\/derbe.it\/#\/schema\/logo\/image\/"},"sameAs":["https:\/\/www.facebook.com\/evoderbebio","https:\/\/www.instagram.com\/derbe.official\/"],"email":"info@derbe.it","telephone":"+39 055 42 11 799","legalName":"Derbe S.r.l. a socio unico","vatID":"07272610481"}]}},"_links":{"self":[{"href":"https:\/\/derbe.it\/de\/wp-json\/wp\/v2\/product\/759","targetHints":{"allow":["GET"]}}],"collection":[{"href":"https:\/\/derbe.it\/de\/wp-json\/wp\/v2\/product"}],"about":[{"href":"https:\/\/derbe.it\/de\/wp-json\/wp\/v2\/types\/product"}],"wp:featuredmedia":[{"embeddable":true,"href":"https:\/\/derbe.it\/de\/wp-json\/wp\/v2\/media\/760"}],"wp:attachment":[{"href":"https:\/\/derbe.it\/de\/wp-json\/wp\/v2\/media?parent=759"}],"wp:term":[{"taxonomy":"caratteristica","embeddable":true,"href":"https:\/\/derbe.it\/de\/wp-json\/wp\/v2\/caratteristica?post=759"},{"taxonomy":"collezione","embeddable":true,"href":"https:\/\/derbe.it\/de\/wp-json\/wp\/v2\/collezione?post=759"},{"taxonomy":"formato","embeddable":true,"href":"https:\/\/derbe.it\/de\/wp-json\/wp\/v2\/formato?post=759"},{"taxonomy":"funzione","embeddable":true,"href":"https:\/\/derbe.it\/de\/wp-json\/wp\/v2\/funzione?post=759"},{"taxonomy":"utilizzo","embeddable":true,"href":"https:\/\/derbe.it\/de\/wp-json\/wp\/v2\/utilizzo?post=759"},{"taxonomy":"ingrediente-principale","embeddable":true,"href":"https:\/\/derbe.it\/de\/wp-json\/wp\/v2\/ingrediente-principale?post=759"},{"taxonomy":"product_brand","embeddable":true,"href":"https:\/\/derbe.it\/de\/wp-json\/wp\/v2\/product_brand?post=759"},{"taxonomy":"product_cat","embeddable":true,"href":"https:\/\/derbe.it\/de\/wp-json\/wp\/v2\/product_cat?post=759"},{"taxonomy":"product_tag","embeddable":true,"href":"https:\/\/derbe.it\/de\/wp-json\/wp\/v2\/product_tag?post=759"}],"curies":[{"name":"wp","href":"https:\/\/api.w.org\/{rel}","templated":true}]}}