{"id":792,"date":"2020-09-24T09:06:44","date_gmt":"2020-09-24T07:06:44","guid":{"rendered":"https:\/\/derbe.it\/prodotto\/acqua-floreale-idratante-ciliegio-in-fiore\/"},"modified":"2025-09-03T18:34:15","modified_gmt":"2025-09-03T16:34:15","slug":"feuchtigkeitsspendendes-kirschblutenwasser","status":"publish","type":"product","link":"https:\/\/derbe.it\/de\/produkt\/feuchtigkeitsspendendes-kirschblutenwasser\/","title":{"rendered":"Feuchtigkeitsspendendes Kirschbl\u00fctenwasser"},"content":{"rendered":"<p>Das feuchtigkeitsspendende und tonisierende Wasser wird auf die Haut gespr\u00fcht und h\u00fcllt sie in einen zarten und angenehmen Blumenduft, der ein Gef\u00fchl des Wohlbefindens erzeugt.<\/p>","protected":false},"excerpt":{"rendered":"<p>Acqua idratante e tonificate, spruzzata sulla pelle del corpo, la avvolge in una delicata e piacevole fragranza floreale che crea una sensazione di benessere. Idrata la pelle del corpo e del viso grazie alla presenza di succo di aloe, acqua distillata di rose, bisabolo e proteine idrolizzate di soia ed estratto di ciliegio giapponese. [&#8230;]<\/p>\n<p><a class=\"btn btn-secondary understrap-read-more-link\" href=\"https:\/\/derbe.it\/de\/produkt\/feuchtigkeitsspendendes-kirschblutenwasser\/\">Mehr lesen \u2026<span class=\"screen-reader-text\"> from Acqua Floreale Idratante Ciliegio in Fiore<\/span><\/a><\/p>","protected":false},"featured_media":793,"template":"","meta":{"_acf_changed":false},"caratteristica":[],"collezione":[136,75],"formato":[],"funzione":[],"utilizzo":[],"ingrediente-principale":[],"product_brand":[],"product_cat":[107],"product_tag":[],"class_list":{"0":"post-792","1":"product","2":"type-product","3":"status-publish","4":"has-post-thumbnail","6":"collezione-ciliegio-in-fiore","7":"collezione-speziali-fiorentini","8":"product_cat-profumo","10":"first","11":"instock","12":"purchasable","13":"product-type-simple"},"acf":[],"yoast_head":"<!-- This site is optimized with the Yoast SEO Premium plugin v26.1 (Yoast SEO v26.8) - https:\/\/yoast.com\/product\/yoast-seo-premium-wordpress\/ -->\n<title>Acqua Floreale Idratante Ciliegio in Fiore - Derbe - cosmetici naturali<\/title>\n<meta name=\"description\" content=\"Acqua idratante e tonificate, spruzzata sulla pelle del corpo, la avvolge in una delicata e piacevole fragranza floreale che crea una sensazione di benessere. Idrata la pelle del corpo e del viso grazie alla presenza di succo di aloe, acqua distillata di rose, bisabolo e proteine idrolizzate di soia ed estratto di ciliegio giapponese.\" \/>\n<meta name=\"robots\" content=\"index, follow, max-snippet:-1, max-image-preview:large, max-video-preview:-1\" \/>\n<link rel=\"canonical\" href=\"https:\/\/derbe.it\/de\/produkt\/feuchtigkeitsspendendes-kirschblutenwasser\/\" \/>\n<meta property=\"og:locale\" content=\"de_DE\" \/>\n<meta property=\"og:type\" content=\"article\" \/>\n<meta property=\"og:title\" content=\"Acqua Floreale Idratante Ciliegio in Fiore\" \/>\n<meta property=\"og:description\" content=\"Acqua idratante e tonificate, spruzzata sulla pelle del corpo, la avvolge in una delicata e piacevole fragranza floreale che crea una sensazione di benessere. Idrata la pelle del corpo e del viso grazie alla presenza di succo di aloe, acqua distillata di rose, bisabolo e proteine idrolizzate di soia ed estratto di ciliegio giapponese.\" \/>\n<meta property=\"og:url\" content=\"https:\/\/derbe.it\/de\/produkt\/feuchtigkeitsspendendes-kirschblutenwasser\/\" \/>\n<meta property=\"og:site_name\" content=\"Derbe - cosmetici naturali\" \/>\n<meta property=\"article:publisher\" content=\"https:\/\/www.facebook.com\/evoderbebio\" \/>\n<meta property=\"article:modified_time\" content=\"2025-09-03T16:34:15+00:00\" \/>\n<meta property=\"og:image\" content=\"https:\/\/derbe.it\/wp-content\/uploads\/2025\/05\/acqua-floreale-idratante-ciliegio-in-fiore-speziali-fiorentini-derbe.jpg\" \/>\n\t<meta property=\"og:image:width\" content=\"1600\" \/>\n\t<meta property=\"og:image:height\" content=\"2000\" \/>\n\t<meta property=\"og:image:type\" content=\"image\/jpeg\" \/>\n<meta name=\"twitter:card\" content=\"summary_large_image\" \/>\n<script type=\"application\/ld+json\" class=\"yoast-schema-graph\">{\"@context\":\"https:\/\/schema.org\",\"@graph\":[{\"@type\":\"WebPage\",\"@id\":\"https:\/\/derbe.it\/prodotto\/acqua-floreale-idratante-ciliegio-in-fiore\/\",\"url\":\"https:\/\/derbe.it\/prodotto\/acqua-floreale-idratante-ciliegio-in-fiore\/\",\"name\":\"Acqua Floreale Idratante Ciliegio in Fiore - Derbe - cosmetici naturali\",\"isPartOf\":{\"@id\":\"https:\/\/derbe.it\/#website\"},\"primaryImageOfPage\":{\"@id\":\"https:\/\/derbe.it\/prodotto\/acqua-floreale-idratante-ciliegio-in-fiore\/#primaryimage\"},\"image\":{\"@id\":\"https:\/\/derbe.it\/prodotto\/acqua-floreale-idratante-ciliegio-in-fiore\/#primaryimage\"},\"thumbnailUrl\":\"https:\/\/derbe.it\/wp-content\/uploads\/2025\/05\/acqua-floreale-idratante-ciliegio-in-fiore-speziali-fiorentini-derbe.jpg\",\"datePublished\":\"2020-09-24T07:06:44+00:00\",\"dateModified\":\"2025-09-03T16:34:15+00:00\",\"description\":\"Acqua idratante e tonificate, spruzzata sulla pelle del corpo, la avvolge in una delicata e piacevole fragranza floreale che crea una sensazione di benessere. Idrata la pelle del corpo e del viso grazie alla presenza di succo di aloe, acqua distillata di rose, bisabolo e proteine idrolizzate di soia ed estratto di ciliegio giapponese.\",\"breadcrumb\":{\"@id\":\"https:\/\/derbe.it\/prodotto\/acqua-floreale-idratante-ciliegio-in-fiore\/#breadcrumb\"},\"inLanguage\":\"de\",\"potentialAction\":[{\"@type\":\"ReadAction\",\"target\":[\"https:\/\/derbe.it\/prodotto\/acqua-floreale-idratante-ciliegio-in-fiore\/\"]}]},{\"@type\":\"ImageObject\",\"inLanguage\":\"de\",\"@id\":\"https:\/\/derbe.it\/prodotto\/acqua-floreale-idratante-ciliegio-in-fiore\/#primaryimage\",\"url\":\"https:\/\/derbe.it\/wp-content\/uploads\/2025\/05\/acqua-floreale-idratante-ciliegio-in-fiore-speziali-fiorentini-derbe.jpg\",\"contentUrl\":\"https:\/\/derbe.it\/wp-content\/uploads\/2025\/05\/acqua-floreale-idratante-ciliegio-in-fiore-speziali-fiorentini-derbe.jpg\",\"width\":1600,\"height\":2000,\"caption\":\"Acqua idratante ciliegio in fiore Derbe - Speziali Fiorentini\"},{\"@type\":\"BreadcrumbList\",\"@id\":\"https:\/\/derbe.it\/prodotto\/acqua-floreale-idratante-ciliegio-in-fiore\/#breadcrumb\",\"itemListElement\":[{\"@type\":\"ListItem\",\"position\":1,\"name\":\"Home\",\"item\":\"https:\/\/derbe.it\/\"},{\"@type\":\"ListItem\",\"position\":2,\"name\":\"Shop\",\"item\":\"https:\/\/derbe.it\/en\/shop\/\"},{\"@type\":\"ListItem\",\"position\":3,\"name\":\"Profumo\",\"item\":\"https:\/\/derbe.it\/categoria-prodotto\/profumo\/\"},{\"@type\":\"ListItem\",\"position\":4,\"name\":\"Acqua Floreale Idratante Ciliegio in Fiore\"}]},{\"@type\":\"WebSite\",\"@id\":\"https:\/\/derbe.it\/#website\",\"url\":\"https:\/\/derbe.it\/\",\"name\":\"Derbe\",\"description\":\"Da oltre 50 anni - Made in italy - prodotti per capelli e corpo con estratti vegetali e formule sostenibili\",\"publisher\":{\"@id\":\"https:\/\/derbe.it\/#organization\"},\"potentialAction\":[{\"@type\":\"SearchAction\",\"target\":{\"@type\":\"EntryPoint\",\"urlTemplate\":\"https:\/\/derbe.it\/?s={search_term_string}\"},\"query-input\":{\"@type\":\"PropertyValueSpecification\",\"valueRequired\":true,\"valueName\":\"search_term_string\"}}],\"inLanguage\":\"de\"},{\"@type\":\"Organization\",\"@id\":\"https:\/\/derbe.it\/#organization\",\"name\":\"Derbe\",\"url\":\"https:\/\/derbe.it\/\",\"logo\":{\"@type\":\"ImageObject\",\"inLanguage\":\"de\",\"@id\":\"https:\/\/derbe.it\/#\/schema\/logo\/image\/\",\"url\":\"https:\/\/derbe.it\/wp-content\/uploads\/2025\/06\/logo_derbe_firenze.png\",\"contentUrl\":\"https:\/\/derbe.it\/wp-content\/uploads\/2025\/06\/logo_derbe_firenze.png\",\"width\":1200,\"height\":497,\"caption\":\"Derbe\"},\"image\":{\"@id\":\"https:\/\/derbe.it\/#\/schema\/logo\/image\/\"},\"sameAs\":[\"https:\/\/www.facebook.com\/evoderbebio\",\"https:\/\/www.instagram.com\/derbe.official\/\"],\"email\":\"info@derbe.it\",\"telephone\":\"+39 055 42 11 799\",\"legalName\":\"Derbe S.r.l. a socio unico\",\"vatID\":\"07272610481\"}]}<\/script>\n<!-- \/ Yoast SEO Premium plugin. -->","yoast_head_json":{"title":"Kirschbl\u00fcten-Feuchtigkeitswasser - Derbe - Naturkosmetik","description":"Dieses feuchtigkeitsspendende und straffende Wasser h\u00fcllt den K\u00f6rper beim Aufspr\u00fchen in einen zarten und angenehmen Blumenduft, der ein Gef\u00fchl des Wohlbefindens erzeugt. Es spendet der Haut von K\u00f6rper und Gesicht dank Aloe-Saft, destilliertem Rosenwasser, Bisabolol, hydrolysierten Sojaproteinen und japanischem Kirschextrakt Feuchtigkeit.","robots":{"index":"index","follow":"follow","max-snippet":"max-snippet:-1","max-image-preview":"max-image-preview:large","max-video-preview":"max-video-preview:-1"},"canonical":"https:\/\/derbe.it\/de\/produkt\/feuchtigkeitsspendendes-kirschblutenwasser\/","og_locale":"de_DE","og_type":"article","og_title":"Acqua Floreale Idratante Ciliegio in Fiore","og_description":"Acqua idratante e tonificate, spruzzata sulla pelle del corpo, la avvolge in una delicata e piacevole fragranza floreale che crea una sensazione di benessere. Idrata la pelle del corpo e del viso grazie alla presenza di succo di aloe, acqua distillata di rose, bisabolo e proteine idrolizzate di soia ed estratto di ciliegio giapponese.","og_url":"https:\/\/derbe.it\/de\/produkt\/feuchtigkeitsspendendes-kirschblutenwasser\/","og_site_name":"Derbe - cosmetici naturali","article_publisher":"https:\/\/www.facebook.com\/evoderbebio","article_modified_time":"2025-09-03T16:34:15+00:00","og_image":[{"width":1600,"height":2000,"url":"https:\/\/derbe.it\/wp-content\/uploads\/2025\/05\/acqua-floreale-idratante-ciliegio-in-fiore-speziali-fiorentini-derbe.jpg","type":"image\/jpeg"}],"twitter_card":"summary_large_image","schema":{"@context":"https:\/\/schema.org","@graph":[{"@type":"WebPage","@id":"https:\/\/derbe.it\/prodotto\/acqua-floreale-idratante-ciliegio-in-fiore\/","url":"https:\/\/derbe.it\/prodotto\/acqua-floreale-idratante-ciliegio-in-fiore\/","name":"Kirschbl\u00fcten-Feuchtigkeitswasser - Derbe - Naturkosmetik","isPartOf":{"@id":"https:\/\/derbe.it\/#website"},"primaryImageOfPage":{"@id":"https:\/\/derbe.it\/prodotto\/acqua-floreale-idratante-ciliegio-in-fiore\/#primaryimage"},"image":{"@id":"https:\/\/derbe.it\/prodotto\/acqua-floreale-idratante-ciliegio-in-fiore\/#primaryimage"},"thumbnailUrl":"https:\/\/derbe.it\/wp-content\/uploads\/2025\/05\/acqua-floreale-idratante-ciliegio-in-fiore-speziali-fiorentini-derbe.jpg","datePublished":"2020-09-24T07:06:44+00:00","dateModified":"2025-09-03T16:34:15+00:00","description":"Dieses feuchtigkeitsspendende und straffende Wasser h\u00fcllt den K\u00f6rper beim Aufspr\u00fchen in einen zarten und angenehmen Blumenduft, der ein Gef\u00fchl des Wohlbefindens erzeugt. Es spendet der Haut von K\u00f6rper und Gesicht dank Aloe-Saft, destilliertem Rosenwasser, Bisabolol, hydrolysierten Sojaproteinen und japanischem Kirschextrakt Feuchtigkeit.","breadcrumb":{"@id":"https:\/\/derbe.it\/prodotto\/acqua-floreale-idratante-ciliegio-in-fiore\/#breadcrumb"},"inLanguage":"de","potentialAction":[{"@type":"ReadAction","target":["https:\/\/derbe.it\/prodotto\/acqua-floreale-idratante-ciliegio-in-fiore\/"]}]},{"@type":"ImageObject","inLanguage":"de","@id":"https:\/\/derbe.it\/prodotto\/acqua-floreale-idratante-ciliegio-in-fiore\/#primaryimage","url":"https:\/\/derbe.it\/wp-content\/uploads\/2025\/05\/acqua-floreale-idratante-ciliegio-in-fiore-speziali-fiorentini-derbe.jpg","contentUrl":"https:\/\/derbe.it\/wp-content\/uploads\/2025\/05\/acqua-floreale-idratante-ciliegio-in-fiore-speziali-fiorentini-derbe.jpg","width":1600,"height":2000,"caption":"Acqua idratante ciliegio in fiore Derbe - Speziali Fiorentini"},{"@type":"BreadcrumbList","@id":"https:\/\/derbe.it\/prodotto\/acqua-floreale-idratante-ciliegio-in-fiore\/#breadcrumb","itemListElement":[{"@type":"ListItem","position":1,"name":"Home","item":"https:\/\/derbe.it\/"},{"@type":"ListItem","position":2,"name":"Shop","item":"https:\/\/derbe.it\/en\/shop\/"},{"@type":"ListItem","position":3,"name":"Profumo","item":"https:\/\/derbe.it\/categoria-prodotto\/profumo\/"},{"@type":"ListItem","position":4,"name":"Acqua Floreale Idratante Ciliegio in Fiore"}]},{"@type":"WebSite","@id":"https:\/\/derbe.it\/#website","url":"https:\/\/derbe.it\/","name":"Derbe","description":"Seit \u00fcber 50 Jahren \u2013 Hergestellt in Italien \u2013 Haar- und K\u00f6rperpflegeprodukte mit Pflanzenextrakten und nachhaltigen Rezepturen","publisher":{"@id":"https:\/\/derbe.it\/#organization"},"potentialAction":[{"@type":"SearchAction","target":{"@type":"EntryPoint","urlTemplate":"https:\/\/derbe.it\/?s={search_term_string}"},"query-input":{"@type":"PropertyValueSpecification","valueRequired":true,"valueName":"search_term_string"}}],"inLanguage":"de"},{"@type":"Organization","@id":"https:\/\/derbe.it\/#organization","name":"Derbe","url":"https:\/\/derbe.it\/","logo":{"@type":"ImageObject","inLanguage":"de","@id":"https:\/\/derbe.it\/#\/schema\/logo\/image\/","url":"https:\/\/derbe.it\/wp-content\/uploads\/2025\/06\/logo_derbe_firenze.png","contentUrl":"https:\/\/derbe.it\/wp-content\/uploads\/2025\/06\/logo_derbe_firenze.png","width":1200,"height":497,"caption":"Derbe"},"image":{"@id":"https:\/\/derbe.it\/#\/schema\/logo\/image\/"},"sameAs":["https:\/\/www.facebook.com\/evoderbebio","https:\/\/www.instagram.com\/derbe.official\/"],"email":"info@derbe.it","telephone":"+39 055 42 11 799","legalName":"Derbe S.r.l. a socio unico","vatID":"07272610481"}]}},"_links":{"self":[{"href":"https:\/\/derbe.it\/de\/wp-json\/wp\/v2\/product\/792","targetHints":{"allow":["GET"]}}],"collection":[{"href":"https:\/\/derbe.it\/de\/wp-json\/wp\/v2\/product"}],"about":[{"href":"https:\/\/derbe.it\/de\/wp-json\/wp\/v2\/types\/product"}],"wp:featuredmedia":[{"embeddable":true,"href":"https:\/\/derbe.it\/de\/wp-json\/wp\/v2\/media\/793"}],"wp:attachment":[{"href":"https:\/\/derbe.it\/de\/wp-json\/wp\/v2\/media?parent=792"}],"wp:term":[{"taxonomy":"caratteristica","embeddable":true,"href":"https:\/\/derbe.it\/de\/wp-json\/wp\/v2\/caratteristica?post=792"},{"taxonomy":"collezione","embeddable":true,"href":"https:\/\/derbe.it\/de\/wp-json\/wp\/v2\/collezione?post=792"},{"taxonomy":"formato","embeddable":true,"href":"https:\/\/derbe.it\/de\/wp-json\/wp\/v2\/formato?post=792"},{"taxonomy":"funzione","embeddable":true,"href":"https:\/\/derbe.it\/de\/wp-json\/wp\/v2\/funzione?post=792"},{"taxonomy":"utilizzo","embeddable":true,"href":"https:\/\/derbe.it\/de\/wp-json\/wp\/v2\/utilizzo?post=792"},{"taxonomy":"ingrediente-principale","embeddable":true,"href":"https:\/\/derbe.it\/de\/wp-json\/wp\/v2\/ingrediente-principale?post=792"},{"taxonomy":"product_brand","embeddable":true,"href":"https:\/\/derbe.it\/de\/wp-json\/wp\/v2\/product_brand?post=792"},{"taxonomy":"product_cat","embeddable":true,"href":"https:\/\/derbe.it\/de\/wp-json\/wp\/v2\/product_cat?post=792"},{"taxonomy":"product_tag","embeddable":true,"href":"https:\/\/derbe.it\/de\/wp-json\/wp\/v2\/product_tag?post=792"}],"curies":[{"name":"wp","href":"https:\/\/api.w.org\/{rel}","templated":true}]}}