{"id":801,"date":"2020-09-24T10:19:57","date_gmt":"2020-09-24T08:19:57","guid":{"rendered":"https:\/\/derbe.it\/prodotto\/profumo-per-ambienti-te-bianco\/"},"modified":"2025-12-05T11:33:13","modified_gmt":"2025-12-05T10:33:13","slug":"weiser-tee-raumduft","status":"publish","type":"product","link":"https:\/\/derbe.it\/de\/produkt\/weiser-tee-raumduft\/","title":{"rendered":"Wei\u00dfer Tee Raumduft"},"content":{"rendered":"<p>Der Raumduft-Diffusor White Tea verleiht Ihrem Zuhause einen zarten Duft \u2013 umweltfreundlich, effektiv, sauber und sicher. Er verbreitet den Duft ohne Flammen oder elektrische Ger\u00e4te mithilfe von Naturfaserst\u00e4bchen. Erfrischen Sie Ihr Schlafzimmer, Badezimmer, B\u00fcro, Ihre K\u00fcche und \u00fcberall dort, wo Sie einen zarten Duft ben\u00f6tigen.<\/p>","protected":false},"excerpt":{"rendered":"<p>Der Raumduft-Diffusor White Tea verleiht Ihrem Zuhause auf umweltfreundliche, effektive, saubere und sichere Weise einen zarten Duft.<\/p>\n<p>&nbsp; [\u2026]<\/p>\n<p><a class=\"btn btn-secondary understrap-read-more-link\" href=\"https:\/\/derbe.it\/de\/produkt\/weiser-tee-raumduft\/\">Mehr lesen \u2026<span class=\"screen-reader-text\"> Duftrichtung: White Tea Room<\/span><\/a><\/p>","protected":false},"featured_media":802,"template":"","meta":{"_acf_changed":false},"caratteristica":[],"collezione":[75,126],"formato":[],"funzione":[],"utilizzo":[],"ingrediente-principale":[],"product_brand":[],"product_cat":[37],"product_tag":[35],"class_list":{"0":"post-801","1":"product","2":"type-product","3":"status-publish","4":"has-post-thumbnail","6":"collezione-speziali-fiorentini","7":"collezione-te-bianco","8":"product_cat-purificante-per-ambienti","9":"product_tag-natale2023","11":"first","12":"instock","13":"purchasable","14":"product-type-simple"},"acf":[],"yoast_head":"<!-- This site is optimized with the Yoast SEO Premium plugin v26.1 (Yoast SEO v26.8) - https:\/\/yoast.com\/product\/yoast-seo-premium-wordpress\/ -->\n<title>Profumo per ambienti T\u00e8 Bianco - Derbe - cosmetici naturali<\/title>\n<meta name=\"description\" content=\"Il profumatore per ambiente al Te Bianco dona alla casa un profumo delicato in modo ecologico, efficace, pulito e sicuro. &nbsp;\" \/>\n<meta name=\"robots\" content=\"index, follow, max-snippet:-1, max-image-preview:large, max-video-preview:-1\" \/>\n<link rel=\"canonical\" href=\"https:\/\/derbe.it\/de\/produkt\/weiser-tee-raumduft\/\" \/>\n<meta property=\"og:locale\" content=\"de_DE\" \/>\n<meta property=\"og:type\" content=\"article\" \/>\n<meta property=\"og:title\" content=\"Profumo per ambienti T\u00e8 Bianco\" \/>\n<meta property=\"og:description\" content=\"Il profumatore per ambiente al Te Bianco dona alla casa un profumo delicato in modo ecologico, efficace, pulito e sicuro. &nbsp;\" \/>\n<meta property=\"og:url\" content=\"https:\/\/derbe.it\/de\/produkt\/weiser-tee-raumduft\/\" \/>\n<meta property=\"og:site_name\" content=\"Derbe - cosmetici naturali\" \/>\n<meta property=\"article:publisher\" content=\"https:\/\/www.facebook.com\/evoderbebio\" \/>\n<meta property=\"article:modified_time\" content=\"2025-12-05T10:33:13+00:00\" \/>\n<meta property=\"og:image\" content=\"https:\/\/derbe.it\/wp-content\/uploads\/2025\/05\/profumo-per-ambienti-te-bianco-speziali-fiorentini-scatola-prodotto-derbe.jpg\" \/>\n\t<meta property=\"og:image:width\" content=\"1600\" \/>\n\t<meta property=\"og:image:height\" content=\"2000\" \/>\n\t<meta property=\"og:image:type\" content=\"image\/jpeg\" \/>\n<meta name=\"twitter:card\" content=\"summary_large_image\" \/>\n<script type=\"application\/ld+json\" class=\"yoast-schema-graph\">{\"@context\":\"https:\/\/schema.org\",\"@graph\":[{\"@type\":\"WebPage\",\"@id\":\"https:\/\/derbe.it\/prodotto\/profumo-per-ambienti-te-bianco\/\",\"url\":\"https:\/\/derbe.it\/prodotto\/profumo-per-ambienti-te-bianco\/\",\"name\":\"Profumo per ambienti T\u00e8 Bianco - Derbe - cosmetici naturali\",\"isPartOf\":{\"@id\":\"https:\/\/derbe.it\/#website\"},\"primaryImageOfPage\":{\"@id\":\"https:\/\/derbe.it\/prodotto\/profumo-per-ambienti-te-bianco\/#primaryimage\"},\"image\":{\"@id\":\"https:\/\/derbe.it\/prodotto\/profumo-per-ambienti-te-bianco\/#primaryimage\"},\"thumbnailUrl\":\"https:\/\/derbe.it\/wp-content\/uploads\/2025\/05\/profumo-per-ambienti-te-bianco-speziali-fiorentini-scatola-prodotto-derbe.jpg\",\"datePublished\":\"2020-09-24T08:19:57+00:00\",\"dateModified\":\"2025-12-05T10:33:13+00:00\",\"description\":\"Il profumatore per ambiente al Te Bianco dona alla casa un profumo delicato in modo ecologico, efficace, pulito e sicuro. &nbsp;\",\"breadcrumb\":{\"@id\":\"https:\/\/derbe.it\/prodotto\/profumo-per-ambienti-te-bianco\/#breadcrumb\"},\"inLanguage\":\"de\",\"potentialAction\":[{\"@type\":\"ReadAction\",\"target\":[\"https:\/\/derbe.it\/prodotto\/profumo-per-ambienti-te-bianco\/\"]}]},{\"@type\":\"ImageObject\",\"inLanguage\":\"de\",\"@id\":\"https:\/\/derbe.it\/prodotto\/profumo-per-ambienti-te-bianco\/#primaryimage\",\"url\":\"https:\/\/derbe.it\/wp-content\/uploads\/2025\/05\/profumo-per-ambienti-te-bianco-speziali-fiorentini-scatola-prodotto-derbe.jpg\",\"contentUrl\":\"https:\/\/derbe.it\/wp-content\/uploads\/2025\/05\/profumo-per-ambienti-te-bianco-speziali-fiorentini-scatola-prodotto-derbe.jpg\",\"width\":1600,\"height\":2000,\"caption\":\"Profumo per ambienti t\u00e8 bianco - Speziali Fiorentini - Derbe\"},{\"@type\":\"BreadcrumbList\",\"@id\":\"https:\/\/derbe.it\/prodotto\/profumo-per-ambienti-te-bianco\/#breadcrumb\",\"itemListElement\":[{\"@type\":\"ListItem\",\"position\":1,\"name\":\"Home\",\"item\":\"https:\/\/derbe.it\/\"},{\"@type\":\"ListItem\",\"position\":2,\"name\":\"Shop\",\"item\":\"https:\/\/derbe.it\/en\/shop\/\"},{\"@type\":\"ListItem\",\"position\":3,\"name\":\"Purificante per ambienti\",\"item\":\"https:\/\/derbe.it\/categoria-prodotto\/purificante-per-ambienti\/\"},{\"@type\":\"ListItem\",\"position\":4,\"name\":\"Profumo per ambienti T\u00e8 Bianco\"}]},{\"@type\":\"WebSite\",\"@id\":\"https:\/\/derbe.it\/#website\",\"url\":\"https:\/\/derbe.it\/\",\"name\":\"Derbe\",\"description\":\"Da oltre 50 anni - Made in italy - prodotti per capelli e corpo con estratti vegetali e formule sostenibili\",\"publisher\":{\"@id\":\"https:\/\/derbe.it\/#organization\"},\"potentialAction\":[{\"@type\":\"SearchAction\",\"target\":{\"@type\":\"EntryPoint\",\"urlTemplate\":\"https:\/\/derbe.it\/?s={search_term_string}\"},\"query-input\":{\"@type\":\"PropertyValueSpecification\",\"valueRequired\":true,\"valueName\":\"search_term_string\"}}],\"inLanguage\":\"de\"},{\"@type\":\"Organization\",\"@id\":\"https:\/\/derbe.it\/#organization\",\"name\":\"Derbe\",\"url\":\"https:\/\/derbe.it\/\",\"logo\":{\"@type\":\"ImageObject\",\"inLanguage\":\"de\",\"@id\":\"https:\/\/derbe.it\/#\/schema\/logo\/image\/\",\"url\":\"https:\/\/derbe.it\/wp-content\/uploads\/2025\/06\/logo_derbe_firenze.png\",\"contentUrl\":\"https:\/\/derbe.it\/wp-content\/uploads\/2025\/06\/logo_derbe_firenze.png\",\"width\":1200,\"height\":497,\"caption\":\"Derbe\"},\"image\":{\"@id\":\"https:\/\/derbe.it\/#\/schema\/logo\/image\/\"},\"sameAs\":[\"https:\/\/www.facebook.com\/evoderbebio\",\"https:\/\/www.instagram.com\/derbe.official\/\"],\"email\":\"info@derbe.it\",\"telephone\":\"+39 055 42 11 799\",\"legalName\":\"Derbe S.r.l. a socio unico\",\"vatID\":\"07272610481\"}]}<\/script>\n<!-- \/ Yoast SEO Premium plugin. -->","yoast_head_json":{"title":"Raumduft \u201eWei\u00dfer Tee\u201c \u2013 Derbe \u2013 Naturkosmetik","description":"Der Raumduft-Diffusor White Tea verleiht Ihrem Zuhause auf umweltfreundliche, effektive, saubere und sichere Weise einen zarten Duft. &nbsp;","robots":{"index":"index","follow":"follow","max-snippet":"max-snippet:-1","max-image-preview":"max-image-preview:large","max-video-preview":"max-video-preview:-1"},"canonical":"https:\/\/derbe.it\/de\/produkt\/weiser-tee-raumduft\/","og_locale":"de_DE","og_type":"article","og_title":"Profumo per ambienti T\u00e8 Bianco","og_description":"Il profumatore per ambiente al Te Bianco dona alla casa un profumo delicato in modo ecologico, efficace, pulito e sicuro. &nbsp;","og_url":"https:\/\/derbe.it\/de\/produkt\/weiser-tee-raumduft\/","og_site_name":"Derbe - cosmetici naturali","article_publisher":"https:\/\/www.facebook.com\/evoderbebio","article_modified_time":"2025-12-05T10:33:13+00:00","og_image":[{"width":1600,"height":2000,"url":"https:\/\/derbe.it\/wp-content\/uploads\/2025\/05\/profumo-per-ambienti-te-bianco-speziali-fiorentini-scatola-prodotto-derbe.jpg","type":"image\/jpeg"}],"twitter_card":"summary_large_image","schema":{"@context":"https:\/\/schema.org","@graph":[{"@type":"WebPage","@id":"https:\/\/derbe.it\/prodotto\/profumo-per-ambienti-te-bianco\/","url":"https:\/\/derbe.it\/prodotto\/profumo-per-ambienti-te-bianco\/","name":"Raumduft \u201eWei\u00dfer Tee\u201c \u2013 Derbe \u2013 Naturkosmetik","isPartOf":{"@id":"https:\/\/derbe.it\/#website"},"primaryImageOfPage":{"@id":"https:\/\/derbe.it\/prodotto\/profumo-per-ambienti-te-bianco\/#primaryimage"},"image":{"@id":"https:\/\/derbe.it\/prodotto\/profumo-per-ambienti-te-bianco\/#primaryimage"},"thumbnailUrl":"https:\/\/derbe.it\/wp-content\/uploads\/2025\/05\/profumo-per-ambienti-te-bianco-speziali-fiorentini-scatola-prodotto-derbe.jpg","datePublished":"2020-09-24T08:19:57+00:00","dateModified":"2025-12-05T10:33:13+00:00","description":"Der Raumduft-Diffusor White Tea verleiht Ihrem Zuhause auf umweltfreundliche, effektive, saubere und sichere Weise einen zarten Duft. &nbsp;","breadcrumb":{"@id":"https:\/\/derbe.it\/prodotto\/profumo-per-ambienti-te-bianco\/#breadcrumb"},"inLanguage":"de","potentialAction":[{"@type":"ReadAction","target":["https:\/\/derbe.it\/prodotto\/profumo-per-ambienti-te-bianco\/"]}]},{"@type":"ImageObject","inLanguage":"de","@id":"https:\/\/derbe.it\/prodotto\/profumo-per-ambienti-te-bianco\/#primaryimage","url":"https:\/\/derbe.it\/wp-content\/uploads\/2025\/05\/profumo-per-ambienti-te-bianco-speziali-fiorentini-scatola-prodotto-derbe.jpg","contentUrl":"https:\/\/derbe.it\/wp-content\/uploads\/2025\/05\/profumo-per-ambienti-te-bianco-speziali-fiorentini-scatola-prodotto-derbe.jpg","width":1600,"height":2000,"caption":"Profumo per ambienti t\u00e8 bianco - Speziali Fiorentini - Derbe"},{"@type":"BreadcrumbList","@id":"https:\/\/derbe.it\/prodotto\/profumo-per-ambienti-te-bianco\/#breadcrumb","itemListElement":[{"@type":"ListItem","position":1,"name":"Home","item":"https:\/\/derbe.it\/"},{"@type":"ListItem","position":2,"name":"Shop","item":"https:\/\/derbe.it\/en\/shop\/"},{"@type":"ListItem","position":3,"name":"Purificante per ambienti","item":"https:\/\/derbe.it\/categoria-prodotto\/purificante-per-ambienti\/"},{"@type":"ListItem","position":4,"name":"Profumo per ambienti T\u00e8 Bianco"}]},{"@type":"WebSite","@id":"https:\/\/derbe.it\/#website","url":"https:\/\/derbe.it\/","name":"Derbe","description":"Seit \u00fcber 50 Jahren \u2013 Hergestellt in Italien \u2013 Haar- und K\u00f6rperpflegeprodukte mit Pflanzenextrakten und nachhaltigen Rezepturen","publisher":{"@id":"https:\/\/derbe.it\/#organization"},"potentialAction":[{"@type":"SearchAction","target":{"@type":"EntryPoint","urlTemplate":"https:\/\/derbe.it\/?s={search_term_string}"},"query-input":{"@type":"PropertyValueSpecification","valueRequired":true,"valueName":"search_term_string"}}],"inLanguage":"de"},{"@type":"Organization","@id":"https:\/\/derbe.it\/#organization","name":"Derbe","url":"https:\/\/derbe.it\/","logo":{"@type":"ImageObject","inLanguage":"de","@id":"https:\/\/derbe.it\/#\/schema\/logo\/image\/","url":"https:\/\/derbe.it\/wp-content\/uploads\/2025\/06\/logo_derbe_firenze.png","contentUrl":"https:\/\/derbe.it\/wp-content\/uploads\/2025\/06\/logo_derbe_firenze.png","width":1200,"height":497,"caption":"Derbe"},"image":{"@id":"https:\/\/derbe.it\/#\/schema\/logo\/image\/"},"sameAs":["https:\/\/www.facebook.com\/evoderbebio","https:\/\/www.instagram.com\/derbe.official\/"],"email":"info@derbe.it","telephone":"+39 055 42 11 799","legalName":"Derbe S.r.l. a socio unico","vatID":"07272610481"}]}},"_links":{"self":[{"href":"https:\/\/derbe.it\/de\/wp-json\/wp\/v2\/product\/801","targetHints":{"allow":["GET"]}}],"collection":[{"href":"https:\/\/derbe.it\/de\/wp-json\/wp\/v2\/product"}],"about":[{"href":"https:\/\/derbe.it\/de\/wp-json\/wp\/v2\/types\/product"}],"wp:featuredmedia":[{"embeddable":true,"href":"https:\/\/derbe.it\/de\/wp-json\/wp\/v2\/media\/802"}],"wp:attachment":[{"href":"https:\/\/derbe.it\/de\/wp-json\/wp\/v2\/media?parent=801"}],"wp:term":[{"taxonomy":"caratteristica","embeddable":true,"href":"https:\/\/derbe.it\/de\/wp-json\/wp\/v2\/caratteristica?post=801"},{"taxonomy":"collezione","embeddable":true,"href":"https:\/\/derbe.it\/de\/wp-json\/wp\/v2\/collezione?post=801"},{"taxonomy":"formato","embeddable":true,"href":"https:\/\/derbe.it\/de\/wp-json\/wp\/v2\/formato?post=801"},{"taxonomy":"funzione","embeddable":true,"href":"https:\/\/derbe.it\/de\/wp-json\/wp\/v2\/funzione?post=801"},{"taxonomy":"utilizzo","embeddable":true,"href":"https:\/\/derbe.it\/de\/wp-json\/wp\/v2\/utilizzo?post=801"},{"taxonomy":"ingrediente-principale","embeddable":true,"href":"https:\/\/derbe.it\/de\/wp-json\/wp\/v2\/ingrediente-principale?post=801"},{"taxonomy":"product_brand","embeddable":true,"href":"https:\/\/derbe.it\/de\/wp-json\/wp\/v2\/product_brand?post=801"},{"taxonomy":"product_cat","embeddable":true,"href":"https:\/\/derbe.it\/de\/wp-json\/wp\/v2\/product_cat?post=801"},{"taxonomy":"product_tag","embeddable":true,"href":"https:\/\/derbe.it\/de\/wp-json\/wp\/v2\/product_tag?post=801"}],"curies":[{"name":"wp","href":"https:\/\/api.w.org\/{rel}","templated":true}]}}