{"id":810,"date":"2020-10-06T13:35:47","date_gmt":"2020-10-06T11:35:47","guid":{"rendered":"https:\/\/derbe.it\/prodotto\/balsamo-anti-age-biancoperfetto\/"},"modified":"2025-09-12T16:53:55","modified_gmt":"2025-09-12T14:53:55","slug":"perfekter-weiser-anti-aging-balsam","status":"publish","type":"product","link":"https:\/\/derbe.it\/de\/produkt\/perfekter-weiser-anti-aging-balsam\/","title":{"rendered":"BiancoPerfetto Anti-Aging Balsam"},"content":{"rendered":"<p>Dieser Conditioner wurde speziell f\u00fcr graues Haar entwickelt, dem es oft an Feuchtigkeit und Vitalit\u00e4t mangelt. Er enth\u00e4lt nat\u00fcrliche Inhaltsstoffe wie \u00e4therisches Bergamotte\u00f6l sowie Extrakte aus Frauenhaarfarn und Malve. Er ist silikonfrei und verbessert das Aussehen des Haares und die Gesundheit der Haarfaser.<\/p>\n<p>Versiegelt den Haarschaft und schlie\u00dft die Feuchtigkeit ein, um Kr\u00e4useln vorzubeugen.<\/p>\n<p>Es enth\u00e4lt 95% nat\u00fcrliche Inhaltsstoffe und hat dank der Anwesenheit einer wunderbaren Mischung aus regenerierenden Aminos\u00e4uren, die seine spezielle Formel bereichern, eine reparierende und n\u00e4hrende Wirkung.<\/p>","protected":false},"excerpt":{"rendered":"<p><strong>Balsam<\/strong> studierte <strong>f\u00fcr wei\u00dfes Haar, dem es oft an Feuchtigkeit und Vitalit\u00e4t mangelt<\/strong>. Grazie alla presenza di pigmenti viola tonalizza i capelli bianchi. [&#8230;]<\/p>\n<p><a class=\"btn btn-secondary understrap-read-more-link\" href=\"https:\/\/derbe.it\/de\/produkt\/perfekter-weiser-anti-aging-balsam\/\">Mehr lesen \u2026<span class=\"screen-reader-text\"> from Balsamo anti-age BiancoPerfetto<\/span><\/a><\/p>","protected":false},"featured_media":811,"template":"","meta":{"_acf_changed":false},"caratteristica":[116],"collezione":[],"formato":[],"funzione":[89],"utilizzo":[],"ingrediente-principale":[],"product_brand":[],"product_cat":[101],"product_tag":[],"class_list":{"0":"post-810","1":"product","2":"type-product","3":"status-publish","4":"has-post-thumbnail","6":"caratteristica-sviluppato-da-biologi-esperti","7":"funzione-capelli-bianchi","8":"product_cat-maschere-e-balsami","10":"first","11":"instock","12":"purchasable","13":"product-type-simple"},"acf":[],"yoast_head":"<!-- This site is optimized with the Yoast SEO Premium plugin v26.1 (Yoast SEO v26.8) - https:\/\/yoast.com\/product\/yoast-seo-premium-wordpress\/ -->\n<title>Balsamo anti-age BiancoPerfetto - Derbe - cosmetici naturali<\/title>\n<meta name=\"description\" content=\"Balsamo studiato per i capelli bianchi che spesso mancano di idratazione e vitalit\u00e0. Grazie alla presenza di pigmenti viola tonalizza i capelli bianchi.\" \/>\n<meta name=\"robots\" content=\"index, follow, max-snippet:-1, max-image-preview:large, max-video-preview:-1\" \/>\n<link rel=\"canonical\" href=\"https:\/\/derbe.it\/de\/produkt\/perfekter-weiser-anti-aging-balsam\/\" \/>\n<meta property=\"og:locale\" content=\"de_DE\" \/>\n<meta property=\"og:type\" content=\"article\" \/>\n<meta property=\"og:title\" content=\"Balsamo anti-age BiancoPerfetto\" \/>\n<meta property=\"og:description\" content=\"Balsamo studiato per i capelli bianchi che spesso mancano di idratazione e vitalit\u00e0. Grazie alla presenza di pigmenti viola tonalizza i capelli bianchi.\" \/>\n<meta property=\"og:url\" content=\"https:\/\/derbe.it\/de\/produkt\/perfekter-weiser-anti-aging-balsam\/\" \/>\n<meta property=\"og:site_name\" content=\"Derbe - cosmetici naturali\" \/>\n<meta property=\"article:publisher\" content=\"https:\/\/www.facebook.com\/evoderbebio\" \/>\n<meta property=\"article:modified_time\" content=\"2025-09-12T14:53:55+00:00\" \/>\n<meta property=\"og:image\" content=\"https:\/\/derbe.it\/wp-content\/uploads\/2025\/05\/balsamo-capelli-grigi-bianchi-anti-age-bianco-perfetto-derbe.jpg\" \/>\n\t<meta property=\"og:image:width\" content=\"1600\" \/>\n\t<meta property=\"og:image:height\" content=\"2000\" \/>\n\t<meta property=\"og:image:type\" content=\"image\/jpeg\" \/>\n<meta name=\"twitter:card\" content=\"summary_large_image\" \/>\n<script type=\"application\/ld+json\" class=\"yoast-schema-graph\">{\"@context\":\"https:\/\/schema.org\",\"@graph\":[{\"@type\":\"WebPage\",\"@id\":\"https:\/\/derbe.it\/prodotto\/balsamo-anti-age-biancoperfetto\/\",\"url\":\"https:\/\/derbe.it\/prodotto\/balsamo-anti-age-biancoperfetto\/\",\"name\":\"Balsamo anti-age BiancoPerfetto - Derbe - cosmetici naturali\",\"isPartOf\":{\"@id\":\"https:\/\/derbe.it\/#website\"},\"primaryImageOfPage\":{\"@id\":\"https:\/\/derbe.it\/prodotto\/balsamo-anti-age-biancoperfetto\/#primaryimage\"},\"image\":{\"@id\":\"https:\/\/derbe.it\/prodotto\/balsamo-anti-age-biancoperfetto\/#primaryimage\"},\"thumbnailUrl\":\"https:\/\/derbe.it\/wp-content\/uploads\/2025\/05\/balsamo-capelli-grigi-bianchi-anti-age-bianco-perfetto-derbe.jpg\",\"datePublished\":\"2020-10-06T11:35:47+00:00\",\"dateModified\":\"2025-09-12T14:53:55+00:00\",\"description\":\"Balsamo studiato per i capelli bianchi che spesso mancano di idratazione e vitalit\u00e0. Grazie alla presenza di pigmenti viola tonalizza i capelli bianchi.\",\"breadcrumb\":{\"@id\":\"https:\/\/derbe.it\/prodotto\/balsamo-anti-age-biancoperfetto\/#breadcrumb\"},\"inLanguage\":\"de\",\"potentialAction\":[{\"@type\":\"ReadAction\",\"target\":[\"https:\/\/derbe.it\/prodotto\/balsamo-anti-age-biancoperfetto\/\"]}]},{\"@type\":\"ImageObject\",\"inLanguage\":\"de\",\"@id\":\"https:\/\/derbe.it\/prodotto\/balsamo-anti-age-biancoperfetto\/#primaryimage\",\"url\":\"https:\/\/derbe.it\/wp-content\/uploads\/2025\/05\/balsamo-capelli-grigi-bianchi-anti-age-bianco-perfetto-derbe.jpg\",\"contentUrl\":\"https:\/\/derbe.it\/wp-content\/uploads\/2025\/05\/balsamo-capelli-grigi-bianchi-anti-age-bianco-perfetto-derbe.jpg\",\"width\":1600,\"height\":2000},{\"@type\":\"BreadcrumbList\",\"@id\":\"https:\/\/derbe.it\/prodotto\/balsamo-anti-age-biancoperfetto\/#breadcrumb\",\"itemListElement\":[{\"@type\":\"ListItem\",\"position\":1,\"name\":\"Home\",\"item\":\"https:\/\/derbe.it\/\"},{\"@type\":\"ListItem\",\"position\":2,\"name\":\"Shop\",\"item\":\"https:\/\/derbe.it\/en\/shop\/\"},{\"@type\":\"ListItem\",\"position\":3,\"name\":\"Maschere e balsami\",\"item\":\"https:\/\/derbe.it\/categoria-prodotto\/maschere-e-balsami\/\"},{\"@type\":\"ListItem\",\"position\":4,\"name\":\"Balsamo anti-age BiancoPerfetto\"}]},{\"@type\":\"WebSite\",\"@id\":\"https:\/\/derbe.it\/#website\",\"url\":\"https:\/\/derbe.it\/\",\"name\":\"Derbe\",\"description\":\"Da oltre 50 anni - Made in italy - prodotti per capelli e corpo con estratti vegetali e formule sostenibili\",\"publisher\":{\"@id\":\"https:\/\/derbe.it\/#organization\"},\"potentialAction\":[{\"@type\":\"SearchAction\",\"target\":{\"@type\":\"EntryPoint\",\"urlTemplate\":\"https:\/\/derbe.it\/?s={search_term_string}\"},\"query-input\":{\"@type\":\"PropertyValueSpecification\",\"valueRequired\":true,\"valueName\":\"search_term_string\"}}],\"inLanguage\":\"de\"},{\"@type\":\"Organization\",\"@id\":\"https:\/\/derbe.it\/#organization\",\"name\":\"Derbe\",\"url\":\"https:\/\/derbe.it\/\",\"logo\":{\"@type\":\"ImageObject\",\"inLanguage\":\"de\",\"@id\":\"https:\/\/derbe.it\/#\/schema\/logo\/image\/\",\"url\":\"https:\/\/derbe.it\/wp-content\/uploads\/2025\/06\/logo_derbe_firenze.png\",\"contentUrl\":\"https:\/\/derbe.it\/wp-content\/uploads\/2025\/06\/logo_derbe_firenze.png\",\"width\":1200,\"height\":497,\"caption\":\"Derbe\"},\"image\":{\"@id\":\"https:\/\/derbe.it\/#\/schema\/logo\/image\/\"},\"sameAs\":[\"https:\/\/www.facebook.com\/evoderbebio\",\"https:\/\/www.instagram.com\/derbe.official\/\"],\"email\":\"info@derbe.it\",\"telephone\":\"+39 055 42 11 799\",\"legalName\":\"Derbe S.r.l. a socio unico\",\"vatID\":\"07272610481\"}]}<\/script>\n<!-- \/ Yoast SEO Premium plugin. -->","yoast_head_json":{"title":"BiancoPerfetto Anti-Aging Balsam - Derbe - Naturkosmetik","description":"Ein Conditioner f\u00fcr graues Haar, dem es oft an Feuchtigkeit und Vitalit\u00e4t mangelt. Dank der violetten Pigmente t\u00f6nt er graues Haar.","robots":{"index":"index","follow":"follow","max-snippet":"max-snippet:-1","max-image-preview":"max-image-preview:large","max-video-preview":"max-video-preview:-1"},"canonical":"https:\/\/derbe.it\/de\/produkt\/perfekter-weiser-anti-aging-balsam\/","og_locale":"de_DE","og_type":"article","og_title":"Balsamo anti-age BiancoPerfetto","og_description":"Balsamo studiato per i capelli bianchi che spesso mancano di idratazione e vitalit\u00e0. Grazie alla presenza di pigmenti viola tonalizza i capelli bianchi.","og_url":"https:\/\/derbe.it\/de\/produkt\/perfekter-weiser-anti-aging-balsam\/","og_site_name":"Derbe - cosmetici naturali","article_publisher":"https:\/\/www.facebook.com\/evoderbebio","article_modified_time":"2025-09-12T14:53:55+00:00","og_image":[{"width":1600,"height":2000,"url":"https:\/\/derbe.it\/wp-content\/uploads\/2025\/05\/balsamo-capelli-grigi-bianchi-anti-age-bianco-perfetto-derbe.jpg","type":"image\/jpeg"}],"twitter_card":"summary_large_image","schema":{"@context":"https:\/\/schema.org","@graph":[{"@type":"WebPage","@id":"https:\/\/derbe.it\/prodotto\/balsamo-anti-age-biancoperfetto\/","url":"https:\/\/derbe.it\/prodotto\/balsamo-anti-age-biancoperfetto\/","name":"BiancoPerfetto Anti-Aging Balsam - Derbe - Naturkosmetik","isPartOf":{"@id":"https:\/\/derbe.it\/#website"},"primaryImageOfPage":{"@id":"https:\/\/derbe.it\/prodotto\/balsamo-anti-age-biancoperfetto\/#primaryimage"},"image":{"@id":"https:\/\/derbe.it\/prodotto\/balsamo-anti-age-biancoperfetto\/#primaryimage"},"thumbnailUrl":"https:\/\/derbe.it\/wp-content\/uploads\/2025\/05\/balsamo-capelli-grigi-bianchi-anti-age-bianco-perfetto-derbe.jpg","datePublished":"2020-10-06T11:35:47+00:00","dateModified":"2025-09-12T14:53:55+00:00","description":"Ein Conditioner f\u00fcr graues Haar, dem es oft an Feuchtigkeit und Vitalit\u00e4t mangelt. Dank der violetten Pigmente t\u00f6nt er graues Haar.","breadcrumb":{"@id":"https:\/\/derbe.it\/prodotto\/balsamo-anti-age-biancoperfetto\/#breadcrumb"},"inLanguage":"de","potentialAction":[{"@type":"ReadAction","target":["https:\/\/derbe.it\/prodotto\/balsamo-anti-age-biancoperfetto\/"]}]},{"@type":"ImageObject","inLanguage":"de","@id":"https:\/\/derbe.it\/prodotto\/balsamo-anti-age-biancoperfetto\/#primaryimage","url":"https:\/\/derbe.it\/wp-content\/uploads\/2025\/05\/balsamo-capelli-grigi-bianchi-anti-age-bianco-perfetto-derbe.jpg","contentUrl":"https:\/\/derbe.it\/wp-content\/uploads\/2025\/05\/balsamo-capelli-grigi-bianchi-anti-age-bianco-perfetto-derbe.jpg","width":1600,"height":2000},{"@type":"BreadcrumbList","@id":"https:\/\/derbe.it\/prodotto\/balsamo-anti-age-biancoperfetto\/#breadcrumb","itemListElement":[{"@type":"ListItem","position":1,"name":"Home","item":"https:\/\/derbe.it\/"},{"@type":"ListItem","position":2,"name":"Shop","item":"https:\/\/derbe.it\/en\/shop\/"},{"@type":"ListItem","position":3,"name":"Maschere e balsami","item":"https:\/\/derbe.it\/categoria-prodotto\/maschere-e-balsami\/"},{"@type":"ListItem","position":4,"name":"Balsamo anti-age BiancoPerfetto"}]},{"@type":"WebSite","@id":"https:\/\/derbe.it\/#website","url":"https:\/\/derbe.it\/","name":"Derbe","description":"Seit \u00fcber 50 Jahren \u2013 Hergestellt in Italien \u2013 Haar- und K\u00f6rperpflegeprodukte mit Pflanzenextrakten und nachhaltigen Rezepturen","publisher":{"@id":"https:\/\/derbe.it\/#organization"},"potentialAction":[{"@type":"SearchAction","target":{"@type":"EntryPoint","urlTemplate":"https:\/\/derbe.it\/?s={search_term_string}"},"query-input":{"@type":"PropertyValueSpecification","valueRequired":true,"valueName":"search_term_string"}}],"inLanguage":"de"},{"@type":"Organization","@id":"https:\/\/derbe.it\/#organization","name":"Derbe","url":"https:\/\/derbe.it\/","logo":{"@type":"ImageObject","inLanguage":"de","@id":"https:\/\/derbe.it\/#\/schema\/logo\/image\/","url":"https:\/\/derbe.it\/wp-content\/uploads\/2025\/06\/logo_derbe_firenze.png","contentUrl":"https:\/\/derbe.it\/wp-content\/uploads\/2025\/06\/logo_derbe_firenze.png","width":1200,"height":497,"caption":"Derbe"},"image":{"@id":"https:\/\/derbe.it\/#\/schema\/logo\/image\/"},"sameAs":["https:\/\/www.facebook.com\/evoderbebio","https:\/\/www.instagram.com\/derbe.official\/"],"email":"info@derbe.it","telephone":"+39 055 42 11 799","legalName":"Derbe S.r.l. a socio unico","vatID":"07272610481"}]}},"_links":{"self":[{"href":"https:\/\/derbe.it\/de\/wp-json\/wp\/v2\/product\/810","targetHints":{"allow":["GET"]}}],"collection":[{"href":"https:\/\/derbe.it\/de\/wp-json\/wp\/v2\/product"}],"about":[{"href":"https:\/\/derbe.it\/de\/wp-json\/wp\/v2\/types\/product"}],"wp:featuredmedia":[{"embeddable":true,"href":"https:\/\/derbe.it\/de\/wp-json\/wp\/v2\/media\/811"}],"wp:attachment":[{"href":"https:\/\/derbe.it\/de\/wp-json\/wp\/v2\/media?parent=810"}],"wp:term":[{"taxonomy":"caratteristica","embeddable":true,"href":"https:\/\/derbe.it\/de\/wp-json\/wp\/v2\/caratteristica?post=810"},{"taxonomy":"collezione","embeddable":true,"href":"https:\/\/derbe.it\/de\/wp-json\/wp\/v2\/collezione?post=810"},{"taxonomy":"formato","embeddable":true,"href":"https:\/\/derbe.it\/de\/wp-json\/wp\/v2\/formato?post=810"},{"taxonomy":"funzione","embeddable":true,"href":"https:\/\/derbe.it\/de\/wp-json\/wp\/v2\/funzione?post=810"},{"taxonomy":"utilizzo","embeddable":true,"href":"https:\/\/derbe.it\/de\/wp-json\/wp\/v2\/utilizzo?post=810"},{"taxonomy":"ingrediente-principale","embeddable":true,"href":"https:\/\/derbe.it\/de\/wp-json\/wp\/v2\/ingrediente-principale?post=810"},{"taxonomy":"product_brand","embeddable":true,"href":"https:\/\/derbe.it\/de\/wp-json\/wp\/v2\/product_brand?post=810"},{"taxonomy":"product_cat","embeddable":true,"href":"https:\/\/derbe.it\/de\/wp-json\/wp\/v2\/product_cat?post=810"},{"taxonomy":"product_tag","embeddable":true,"href":"https:\/\/derbe.it\/de\/wp-json\/wp\/v2\/product_tag?post=810"}],"curies":[{"name":"wp","href":"https:\/\/api.w.org\/{rel}","templated":true}]}}