{"id":815,"date":"2020-10-08T07:10:47","date_gmt":"2020-10-08T05:10:47","guid":{"rendered":"https:\/\/derbe.it\/prodotto\/spray-purificante\/"},"modified":"2025-10-20T12:30:34","modified_gmt":"2025-10-20T10:30:34","slug":"reinigungsspray","status":"publish","type":"product","link":"https:\/\/derbe.it\/de\/produkt\/reinigungsspray\/","title":{"rendered":"Reinigungsspray"},"content":{"rendered":"<p>Hervorragend geeignet zur Reinigung von:<\/p>\n<ul>\n<li>Griffe (T\u00fcren, Autos)<\/li>\n<li>Druckknopftafeln (Aufz\u00fcge, Fernbedienungen)<\/li>\n<li>Computertastaturen, M\u00e4use<\/li>\n<li>Mobiltelefon<\/li>\n<li>Brille<\/li>\n<li>Schuhsohle<\/li>\n<li>Masken<\/li>\n<\/ul>\n<p>Reinigt die Luft in geschlossenen Umgebungen wie Wohnungen, B\u00fcros und sogar in Anwesenheit von Haustieren.<\/p>\n<p><strong>Kein Gasspender \u2013 keine Farbstoffe \u2013 keine synthetischen Duftstoffe\u00a0<\/strong><\/p>","protected":false},"excerpt":{"rendered":"<p><strong>F\u00fcr R\u00e4ume und Oberfl\u00e4chen mit 75% Alkohol und aktiven \u00e4therischen \u00d6len.<\/strong><\/p>\n<p>Lo spray purificante \u00e8 preparato con una miscela di oli essenziali, per purificare ambienti e superfici di ogni genere. [&#8230;]<\/p>\n<p><a class=\"btn btn-secondary understrap-read-more-link\" href=\"https:\/\/derbe.it\/de\/produkt\/reinigungsspray\/\">Mehr lesen \u2026<span class=\"screen-reader-text\"> aus dem Reinigungsspray<\/span><\/a><\/p>","protected":false},"featured_media":816,"template":"","meta":{"_acf_changed":false},"caratteristica":[],"collezione":[],"formato":[],"funzione":[],"utilizzo":[],"ingrediente-principale":[],"product_brand":[],"product_cat":[37],"product_tag":[],"class_list":{"0":"post-815","1":"product","2":"type-product","3":"status-publish","4":"has-post-thumbnail","6":"product_cat-purificante-per-ambienti","8":"first","9":"instock","10":"purchasable","11":"product-type-simple"},"acf":[],"yoast_head":"<!-- This site is optimized with the Yoast SEO Premium plugin v26.1 (Yoast SEO v26.8) - https:\/\/yoast.com\/product\/yoast-seo-premium-wordpress\/ -->\n<title>Spray Purificante - Derbe - cosmetici naturali<\/title>\n<meta name=\"description\" content=\"Per ambienti e superfici con il 75% di alcool ed oli essenziali attivi. Lo spray purificante \u00e8 preparato con una miscela di oli essenziali, per purificare ambienti e superfici di ogni genere.\" \/>\n<meta name=\"robots\" content=\"index, follow, max-snippet:-1, max-image-preview:large, max-video-preview:-1\" \/>\n<link rel=\"canonical\" href=\"https:\/\/derbe.it\/de\/produkt\/reinigungsspray\/\" \/>\n<meta property=\"og:locale\" content=\"de_DE\" \/>\n<meta property=\"og:type\" content=\"article\" \/>\n<meta property=\"og:title\" content=\"Spray Purificante\" \/>\n<meta property=\"og:description\" content=\"Per ambienti e superfici con il 75% di alcool ed oli essenziali attivi. Lo spray purificante \u00e8 preparato con una miscela di oli essenziali, per purificare ambienti e superfici di ogni genere.\" \/>\n<meta property=\"og:url\" content=\"https:\/\/derbe.it\/de\/produkt\/reinigungsspray\/\" \/>\n<meta property=\"og:site_name\" content=\"Derbe - cosmetici naturali\" \/>\n<meta property=\"article:publisher\" content=\"https:\/\/www.facebook.com\/evoderbebio\" \/>\n<meta property=\"article:modified_time\" content=\"2025-10-20T10:30:34+00:00\" \/>\n<meta property=\"og:image\" content=\"https:\/\/derbe.it\/wp-content\/uploads\/2025\/05\/COR0032-spray-purificante-ambienti-derbe.jpg\" \/>\n\t<meta property=\"og:image:width\" content=\"1400\" \/>\n\t<meta property=\"og:image:height\" content=\"1600\" \/>\n\t<meta property=\"og:image:type\" content=\"image\/jpeg\" \/>\n<meta name=\"twitter:card\" content=\"summary_large_image\" \/>\n<script type=\"application\/ld+json\" class=\"yoast-schema-graph\">{\"@context\":\"https:\/\/schema.org\",\"@graph\":[{\"@type\":\"WebPage\",\"@id\":\"https:\/\/derbe.it\/prodotto\/spray-purificante\/\",\"url\":\"https:\/\/derbe.it\/prodotto\/spray-purificante\/\",\"name\":\"Spray Purificante - Derbe - cosmetici naturali\",\"isPartOf\":{\"@id\":\"https:\/\/derbe.it\/#website\"},\"primaryImageOfPage\":{\"@id\":\"https:\/\/derbe.it\/prodotto\/spray-purificante\/#primaryimage\"},\"image\":{\"@id\":\"https:\/\/derbe.it\/prodotto\/spray-purificante\/#primaryimage\"},\"thumbnailUrl\":\"https:\/\/derbe.it\/wp-content\/uploads\/2025\/05\/COR0032-spray-purificante-ambienti-derbe.jpg\",\"datePublished\":\"2020-10-08T05:10:47+00:00\",\"dateModified\":\"2025-10-20T10:30:34+00:00\",\"description\":\"Per ambienti e superfici con il 75% di alcool ed oli essenziali attivi. Lo spray purificante \u00e8 preparato con una miscela di oli essenziali, per purificare ambienti e superfici di ogni genere.\",\"breadcrumb\":{\"@id\":\"https:\/\/derbe.it\/prodotto\/spray-purificante\/#breadcrumb\"},\"inLanguage\":\"de\",\"potentialAction\":[{\"@type\":\"ReadAction\",\"target\":[\"https:\/\/derbe.it\/prodotto\/spray-purificante\/\"]}]},{\"@type\":\"ImageObject\",\"inLanguage\":\"de\",\"@id\":\"https:\/\/derbe.it\/prodotto\/spray-purificante\/#primaryimage\",\"url\":\"https:\/\/derbe.it\/wp-content\/uploads\/2025\/05\/COR0032-spray-purificante-ambienti-derbe.jpg\",\"contentUrl\":\"https:\/\/derbe.it\/wp-content\/uploads\/2025\/05\/COR0032-spray-purificante-ambienti-derbe.jpg\",\"width\":1400,\"height\":1600,\"caption\":\"Spray purificante per ambienti e superfici - Derbe\"},{\"@type\":\"BreadcrumbList\",\"@id\":\"https:\/\/derbe.it\/prodotto\/spray-purificante\/#breadcrumb\",\"itemListElement\":[{\"@type\":\"ListItem\",\"position\":1,\"name\":\"Home\",\"item\":\"https:\/\/derbe.it\/\"},{\"@type\":\"ListItem\",\"position\":2,\"name\":\"Shop\",\"item\":\"https:\/\/derbe.it\/en\/shop\/\"},{\"@type\":\"ListItem\",\"position\":3,\"name\":\"Purificante per ambienti\",\"item\":\"https:\/\/derbe.it\/categoria-prodotto\/purificante-per-ambienti\/\"},{\"@type\":\"ListItem\",\"position\":4,\"name\":\"Spray Purificante\"}]},{\"@type\":\"WebSite\",\"@id\":\"https:\/\/derbe.it\/#website\",\"url\":\"https:\/\/derbe.it\/\",\"name\":\"Derbe\",\"description\":\"Da oltre 50 anni - Made in italy - prodotti per capelli e corpo con estratti vegetali e formule sostenibili\",\"publisher\":{\"@id\":\"https:\/\/derbe.it\/#organization\"},\"potentialAction\":[{\"@type\":\"SearchAction\",\"target\":{\"@type\":\"EntryPoint\",\"urlTemplate\":\"https:\/\/derbe.it\/?s={search_term_string}\"},\"query-input\":{\"@type\":\"PropertyValueSpecification\",\"valueRequired\":true,\"valueName\":\"search_term_string\"}}],\"inLanguage\":\"de\"},{\"@type\":\"Organization\",\"@id\":\"https:\/\/derbe.it\/#organization\",\"name\":\"Derbe\",\"url\":\"https:\/\/derbe.it\/\",\"logo\":{\"@type\":\"ImageObject\",\"inLanguage\":\"de\",\"@id\":\"https:\/\/derbe.it\/#\/schema\/logo\/image\/\",\"url\":\"https:\/\/derbe.it\/wp-content\/uploads\/2025\/06\/logo_derbe_firenze.png\",\"contentUrl\":\"https:\/\/derbe.it\/wp-content\/uploads\/2025\/06\/logo_derbe_firenze.png\",\"width\":1200,\"height\":497,\"caption\":\"Derbe\"},\"image\":{\"@id\":\"https:\/\/derbe.it\/#\/schema\/logo\/image\/\"},\"sameAs\":[\"https:\/\/www.facebook.com\/evoderbebio\",\"https:\/\/www.instagram.com\/derbe.official\/\"],\"email\":\"info@derbe.it\",\"telephone\":\"+39 055 42 11 799\",\"legalName\":\"Derbe S.r.l. a socio unico\",\"vatID\":\"07272610481\"}]}<\/script>\n<!-- \/ Yoast SEO Premium plugin. -->","yoast_head_json":{"title":"Reinigungsspray - Derbe - Naturkosmetik","description":"F\u00fcr R\u00e4ume und Oberfl\u00e4chen mit 75% Alkohol und aktiven \u00e4therischen \u00d6len. Das Reinigungsspray ist mit einer Mischung aus \u00e4therischen \u00d6len zubereitet, um alle Arten von R\u00e4umen und Oberfl\u00e4chen zu reinigen.","robots":{"index":"index","follow":"follow","max-snippet":"max-snippet:-1","max-image-preview":"max-image-preview:large","max-video-preview":"max-video-preview:-1"},"canonical":"https:\/\/derbe.it\/de\/produkt\/reinigungsspray\/","og_locale":"de_DE","og_type":"article","og_title":"Spray Purificante","og_description":"Per ambienti e superfici con il 75% di alcool ed oli essenziali attivi. Lo spray purificante \u00e8 preparato con una miscela di oli essenziali, per purificare ambienti e superfici di ogni genere.","og_url":"https:\/\/derbe.it\/de\/produkt\/reinigungsspray\/","og_site_name":"Derbe - cosmetici naturali","article_publisher":"https:\/\/www.facebook.com\/evoderbebio","article_modified_time":"2025-10-20T10:30:34+00:00","og_image":[{"width":1400,"height":1600,"url":"https:\/\/derbe.it\/wp-content\/uploads\/2025\/05\/COR0032-spray-purificante-ambienti-derbe.jpg","type":"image\/jpeg"}],"twitter_card":"summary_large_image","schema":{"@context":"https:\/\/schema.org","@graph":[{"@type":"WebPage","@id":"https:\/\/derbe.it\/prodotto\/spray-purificante\/","url":"https:\/\/derbe.it\/prodotto\/spray-purificante\/","name":"Reinigungsspray - Derbe - Naturkosmetik","isPartOf":{"@id":"https:\/\/derbe.it\/#website"},"primaryImageOfPage":{"@id":"https:\/\/derbe.it\/prodotto\/spray-purificante\/#primaryimage"},"image":{"@id":"https:\/\/derbe.it\/prodotto\/spray-purificante\/#primaryimage"},"thumbnailUrl":"https:\/\/derbe.it\/wp-content\/uploads\/2025\/05\/COR0032-spray-purificante-ambienti-derbe.jpg","datePublished":"2020-10-08T05:10:47+00:00","dateModified":"2025-10-20T10:30:34+00:00","description":"F\u00fcr R\u00e4ume und Oberfl\u00e4chen mit 75% Alkohol und aktiven \u00e4therischen \u00d6len. Das Reinigungsspray ist mit einer Mischung aus \u00e4therischen \u00d6len zubereitet, um alle Arten von R\u00e4umen und Oberfl\u00e4chen zu reinigen.","breadcrumb":{"@id":"https:\/\/derbe.it\/prodotto\/spray-purificante\/#breadcrumb"},"inLanguage":"de","potentialAction":[{"@type":"ReadAction","target":["https:\/\/derbe.it\/prodotto\/spray-purificante\/"]}]},{"@type":"ImageObject","inLanguage":"de","@id":"https:\/\/derbe.it\/prodotto\/spray-purificante\/#primaryimage","url":"https:\/\/derbe.it\/wp-content\/uploads\/2025\/05\/COR0032-spray-purificante-ambienti-derbe.jpg","contentUrl":"https:\/\/derbe.it\/wp-content\/uploads\/2025\/05\/COR0032-spray-purificante-ambienti-derbe.jpg","width":1400,"height":1600,"caption":"Spray purificante per ambienti e superfici - Derbe"},{"@type":"BreadcrumbList","@id":"https:\/\/derbe.it\/prodotto\/spray-purificante\/#breadcrumb","itemListElement":[{"@type":"ListItem","position":1,"name":"Home","item":"https:\/\/derbe.it\/"},{"@type":"ListItem","position":2,"name":"Shop","item":"https:\/\/derbe.it\/en\/shop\/"},{"@type":"ListItem","position":3,"name":"Purificante per ambienti","item":"https:\/\/derbe.it\/categoria-prodotto\/purificante-per-ambienti\/"},{"@type":"ListItem","position":4,"name":"Spray Purificante"}]},{"@type":"WebSite","@id":"https:\/\/derbe.it\/#website","url":"https:\/\/derbe.it\/","name":"Derbe","description":"Seit \u00fcber 50 Jahren \u2013 Hergestellt in Italien \u2013 Haar- und K\u00f6rperpflegeprodukte mit Pflanzenextrakten und nachhaltigen Rezepturen","publisher":{"@id":"https:\/\/derbe.it\/#organization"},"potentialAction":[{"@type":"SearchAction","target":{"@type":"EntryPoint","urlTemplate":"https:\/\/derbe.it\/?s={search_term_string}"},"query-input":{"@type":"PropertyValueSpecification","valueRequired":true,"valueName":"search_term_string"}}],"inLanguage":"de"},{"@type":"Organization","@id":"https:\/\/derbe.it\/#organization","name":"Derbe","url":"https:\/\/derbe.it\/","logo":{"@type":"ImageObject","inLanguage":"de","@id":"https:\/\/derbe.it\/#\/schema\/logo\/image\/","url":"https:\/\/derbe.it\/wp-content\/uploads\/2025\/06\/logo_derbe_firenze.png","contentUrl":"https:\/\/derbe.it\/wp-content\/uploads\/2025\/06\/logo_derbe_firenze.png","width":1200,"height":497,"caption":"Derbe"},"image":{"@id":"https:\/\/derbe.it\/#\/schema\/logo\/image\/"},"sameAs":["https:\/\/www.facebook.com\/evoderbebio","https:\/\/www.instagram.com\/derbe.official\/"],"email":"info@derbe.it","telephone":"+39 055 42 11 799","legalName":"Derbe S.r.l. a socio unico","vatID":"07272610481"}]}},"_links":{"self":[{"href":"https:\/\/derbe.it\/de\/wp-json\/wp\/v2\/product\/815","targetHints":{"allow":["GET"]}}],"collection":[{"href":"https:\/\/derbe.it\/de\/wp-json\/wp\/v2\/product"}],"about":[{"href":"https:\/\/derbe.it\/de\/wp-json\/wp\/v2\/types\/product"}],"wp:featuredmedia":[{"embeddable":true,"href":"https:\/\/derbe.it\/de\/wp-json\/wp\/v2\/media\/816"}],"wp:attachment":[{"href":"https:\/\/derbe.it\/de\/wp-json\/wp\/v2\/media?parent=815"}],"wp:term":[{"taxonomy":"caratteristica","embeddable":true,"href":"https:\/\/derbe.it\/de\/wp-json\/wp\/v2\/caratteristica?post=815"},{"taxonomy":"collezione","embeddable":true,"href":"https:\/\/derbe.it\/de\/wp-json\/wp\/v2\/collezione?post=815"},{"taxonomy":"formato","embeddable":true,"href":"https:\/\/derbe.it\/de\/wp-json\/wp\/v2\/formato?post=815"},{"taxonomy":"funzione","embeddable":true,"href":"https:\/\/derbe.it\/de\/wp-json\/wp\/v2\/funzione?post=815"},{"taxonomy":"utilizzo","embeddable":true,"href":"https:\/\/derbe.it\/de\/wp-json\/wp\/v2\/utilizzo?post=815"},{"taxonomy":"ingrediente-principale","embeddable":true,"href":"https:\/\/derbe.it\/de\/wp-json\/wp\/v2\/ingrediente-principale?post=815"},{"taxonomy":"product_brand","embeddable":true,"href":"https:\/\/derbe.it\/de\/wp-json\/wp\/v2\/product_brand?post=815"},{"taxonomy":"product_cat","embeddable":true,"href":"https:\/\/derbe.it\/de\/wp-json\/wp\/v2\/product_cat?post=815"},{"taxonomy":"product_tag","embeddable":true,"href":"https:\/\/derbe.it\/de\/wp-json\/wp\/v2\/product_tag?post=815"}],"curies":[{"name":"wp","href":"https:\/\/api.w.org\/{rel}","templated":true}]}}