{"id":830,"date":"2022-02-23T15:18:02","date_gmt":"2022-02-23T14:18:02","guid":{"rendered":"https:\/\/derbe.it\/prodotto\/sciampo-protegge\/"},"modified":"2026-05-06T13:45:08","modified_gmt":"2026-05-06T11:45:08","slug":"shampoo-schutzt","status":"publish","type":"product","link":"https:\/\/derbe.it\/de\/produkt\/shampoo-schutzt\/","title":{"rendered":"Sch\u00fctzt Shampoo"},"content":{"rendered":"<p>Dank seiner Zusammensetzung und seiner funktionellen Substanzen eignet sich Das Derbe Protects Shampoo f\u00fcr empfindliche Haut und h\u00e4ufiges Haarewaschen.<\/p>\n<p>Zusammenfassend hat das Shampoo diese Eigenschaften:<br \/>\n\u2022 Es hat eine pflegende und beruhigende Wirkung, die Juckreiz lindert und das Haar weich und elastisch macht.<br \/>\n\u2022 Begrenzt Frizz<br \/>\n\u2022 Hilft, lockiges Haar zu definieren<br \/>\n\u2022 Verleiht glattem Haar F\u00fclle<br \/>\n\u2022 Erm\u00f6glicht die t\u00e4gliche Reinigung, ohne die Hydrolipidschicht der Kopfhaut zu ersch\u00f6pfen<\/p>\n<ul>\n<li>mit <strong>Inulin<\/strong>Ein wirkungsvolles, nat\u00fcrliches Pr\u00e4biotikum tr\u00e4gt dazu bei, die Hautmikrobiota vital zu erhalten.<\/li>\n<li>mit <strong>Mischung aus Strukturaminos\u00e4uren<\/strong>Sie haben eine verdichtende Funktion und verleihen dem Haar Volumen.<\/li>\n<li>mit <strong>hydrolysiertes Sojaprotein<\/strong>Sie erf\u00fcllen eine verst\u00e4rkende Funktion<\/li>\n<li>mit <strong>Drachenfruchtextrakt<\/strong>Nat\u00fcrliches Probiotikum pflegt Haut und Haar<\/li>\n<li>mit <strong>Lindenextrakt<\/strong>: Pflegende Funktion f\u00fcr das Haar, die Volumen verleiht<span class=\"Apple-converted-space\">\u00a0<\/span><\/li>\n<li>mit <strong>Vitamin B12<\/strong>St\u00e4rkt und verleiht Glanz<span class=\"Apple-converted-space\">\u00a0<\/span><\/li>\n<\/ul>\n<p>&nbsp;<\/p>","protected":false},"excerpt":{"rendered":"<p>Ein hervorragendes Reinigungsmittel, das h\u00e4ufig angewendet werden kann, ohne den Hydrolipidfilm der Kopfhaut zu beeintr\u00e4chtigen. Dank des enthaltenen Limettenknospenextrakts wird der Wasserverlust reduziert und die Haarporosit\u00e4t verringert, wodurch das Haar vor Umwelteinfl\u00fcssen, Wind und Trockenheit gesch\u00fctzt wird.<span class=\"Apple-converted-space\">\u00a0<\/span> [\u2026]<\/p>\n<p><a class=\"btn btn-secondary understrap-read-more-link\" href=\"https:\/\/derbe.it\/de\/produkt\/shampoo-schutzt\/\">Mehr lesen \u2026<span class=\"screen-reader-text\"> from Shampoo Protegge<\/span><\/a><\/p>","protected":false},"featured_media":831,"template":"","meta":{"_acf_changed":false},"caratteristica":[96,97,116],"collezione":[],"formato":[],"funzione":[91,83],"utilizzo":[],"ingrediente-principale":[],"product_brand":[],"product_cat":[23],"product_tag":[],"class_list":{"0":"post-830","1":"product","2":"type-product","3":"status-publish","4":"has-post-thumbnail","6":"caratteristica-no-sls","7":"caratteristica-pack-riciclato","8":"caratteristica-sviluppato-da-biologi-esperti","9":"funzione-capelli-deboli","10":"funzione-capelli-normali-equilibrati","11":"product_cat-shampoo","13":"first","14":"instock","15":"purchasable","16":"product-type-simple"},"acf":[],"yoast_head":"<!-- This site is optimized with the Yoast SEO Premium plugin v26.1 (Yoast SEO v26.8) - https:\/\/yoast.com\/product\/yoast-seo-premium-wordpress\/ -->\n<title>Shampoo Protegge - Derbe - cosmetici naturali<\/title>\n<meta name=\"description\" content=\"Un ottimo detergente che consente un uso frequente senza compromettere lo strato idrolipidico del cuoio capelluto. Grazie all\u2019azione dell\u2019estratto delle gemme di tiglio limita la perdita di acqua e riduce la porosit\u00e0 del capello che risulta cos\u00ec, protetto dalle intemperie, dal vento e della secchezza.\u00a0\" \/>\n<meta name=\"robots\" content=\"index, follow, max-snippet:-1, max-image-preview:large, max-video-preview:-1\" \/>\n<link rel=\"canonical\" href=\"https:\/\/derbe.it\/de\/produkt\/shampoo-schutzt\/\" \/>\n<meta property=\"og:locale\" content=\"de_DE\" \/>\n<meta property=\"og:type\" content=\"article\" \/>\n<meta property=\"og:title\" content=\"Shampoo Protegge\" \/>\n<meta property=\"og:description\" content=\"Un ottimo detergente che consente un uso frequente senza compromettere lo strato idrolipidico del cuoio capelluto. Grazie all\u2019azione dell\u2019estratto delle gemme di tiglio limita la perdita di acqua e riduce la porosit\u00e0 del capello che risulta cos\u00ec, protetto dalle intemperie, dal vento e della secchezza.\u00a0\" \/>\n<meta property=\"og:url\" content=\"https:\/\/derbe.it\/de\/produkt\/shampoo-schutzt\/\" \/>\n<meta property=\"og:site_name\" content=\"Derbe - cosmetici naturali\" \/>\n<meta property=\"article:publisher\" content=\"https:\/\/www.facebook.com\/evoderbebio\" \/>\n<meta property=\"article:modified_time\" content=\"2026-05-06T11:45:08+00:00\" \/>\n<meta property=\"og:image\" content=\"https:\/\/derbe.it\/wp-content\/uploads\/2025\/05\/protegge_derbe.jpg\" \/>\n\t<meta property=\"og:image:width\" content=\"1600\" \/>\n\t<meta property=\"og:image:height\" content=\"2000\" \/>\n\t<meta property=\"og:image:type\" content=\"image\/jpeg\" \/>\n<meta name=\"twitter:card\" content=\"summary_large_image\" \/>\n<meta name=\"twitter:label1\" content=\"Gesch\u00e4tzte Lesezeit\" \/>\n\t<meta name=\"twitter:data1\" content=\"2\u00a0Minuten\" \/>\n<script type=\"application\/ld+json\" class=\"yoast-schema-graph\">{\"@context\":\"https:\/\/schema.org\",\"@graph\":[{\"@type\":\"WebPage\",\"@id\":\"https:\/\/derbe.it\/prodotto\/sciampo-protegge\/\",\"url\":\"https:\/\/derbe.it\/prodotto\/sciampo-protegge\/\",\"name\":\"Shampoo Protegge - Derbe - cosmetici naturali\",\"isPartOf\":{\"@id\":\"https:\/\/derbe.it\/#website\"},\"primaryImageOfPage\":{\"@id\":\"https:\/\/derbe.it\/prodotto\/sciampo-protegge\/#primaryimage\"},\"image\":{\"@id\":\"https:\/\/derbe.it\/prodotto\/sciampo-protegge\/#primaryimage\"},\"thumbnailUrl\":\"https:\/\/derbe.it\/wp-content\/uploads\/2025\/05\/protegge_derbe.jpg\",\"datePublished\":\"2022-02-23T14:18:02+00:00\",\"dateModified\":\"2026-05-06T11:45:08+00:00\",\"description\":\"Un ottimo detergente che consente un uso frequente senza compromettere lo strato idrolipidico del cuoio capelluto. Grazie all\u2019azione dell\u2019estratto delle gemme di tiglio limita la perdita di acqua e riduce la porosit\u00e0 del capello che risulta cos\u00ec, protetto dalle intemperie, dal vento e della secchezza.\u00a0\",\"breadcrumb\":{\"@id\":\"https:\/\/derbe.it\/prodotto\/sciampo-protegge\/#breadcrumb\"},\"inLanguage\":\"de\",\"potentialAction\":[{\"@type\":\"ReadAction\",\"target\":[\"https:\/\/derbe.it\/prodotto\/sciampo-protegge\/\"]}]},{\"@type\":\"ImageObject\",\"inLanguage\":\"de\",\"@id\":\"https:\/\/derbe.it\/prodotto\/sciampo-protegge\/#primaryimage\",\"url\":\"https:\/\/derbe.it\/wp-content\/uploads\/2025\/05\/protegge_derbe.jpg\",\"contentUrl\":\"https:\/\/derbe.it\/wp-content\/uploads\/2025\/05\/protegge_derbe.jpg\",\"width\":1600,\"height\":2000},{\"@type\":\"BreadcrumbList\",\"@id\":\"https:\/\/derbe.it\/prodotto\/sciampo-protegge\/#breadcrumb\",\"itemListElement\":[{\"@type\":\"ListItem\",\"position\":1,\"name\":\"Home\",\"item\":\"https:\/\/derbe.it\/\"},{\"@type\":\"ListItem\",\"position\":2,\"name\":\"Shop\",\"item\":\"https:\/\/derbe.it\/en\/shop\/\"},{\"@type\":\"ListItem\",\"position\":3,\"name\":\"Shampoo\",\"item\":\"https:\/\/derbe.it\/categoria-prodotto\/shampoo\/\"},{\"@type\":\"ListItem\",\"position\":4,\"name\":\"Shampoo Protegge\"}]},{\"@type\":\"WebSite\",\"@id\":\"https:\/\/derbe.it\/#website\",\"url\":\"https:\/\/derbe.it\/\",\"name\":\"Derbe\",\"description\":\"Da oltre 50 anni - Made in italy - prodotti per capelli e corpo con estratti vegetali e formule sostenibili\",\"publisher\":{\"@id\":\"https:\/\/derbe.it\/#organization\"},\"potentialAction\":[{\"@type\":\"SearchAction\",\"target\":{\"@type\":\"EntryPoint\",\"urlTemplate\":\"https:\/\/derbe.it\/?s={search_term_string}\"},\"query-input\":{\"@type\":\"PropertyValueSpecification\",\"valueRequired\":true,\"valueName\":\"search_term_string\"}}],\"inLanguage\":\"de\"},{\"@type\":\"Organization\",\"@id\":\"https:\/\/derbe.it\/#organization\",\"name\":\"Derbe\",\"url\":\"https:\/\/derbe.it\/\",\"logo\":{\"@type\":\"ImageObject\",\"inLanguage\":\"de\",\"@id\":\"https:\/\/derbe.it\/#\/schema\/logo\/image\/\",\"url\":\"https:\/\/derbe.it\/wp-content\/uploads\/2025\/06\/logo_derbe_firenze.png\",\"contentUrl\":\"https:\/\/derbe.it\/wp-content\/uploads\/2025\/06\/logo_derbe_firenze.png\",\"width\":1200,\"height\":497,\"caption\":\"Derbe\"},\"image\":{\"@id\":\"https:\/\/derbe.it\/#\/schema\/logo\/image\/\"},\"sameAs\":[\"https:\/\/www.facebook.com\/evoderbebio\",\"https:\/\/www.instagram.com\/derbe.official\/\"],\"email\":\"info@derbe.it\",\"telephone\":\"+39 055 42 11 799\",\"legalName\":\"Derbe S.r.l. a socio unico\",\"vatID\":\"07272610481\"}]}<\/script>\n<!-- \/ Yoast SEO Premium plugin. -->","yoast_head_json":{"title":"Protects Shampoo - Derbe - Naturkosmetik","description":"Ein hervorragendes Reinigungsmittel, das h\u00e4ufig angewendet werden kann, ohne den Hydrolipidfilm der Kopfhaut zu beeintr\u00e4chtigen. Dank des enthaltenen Limettenknospenextrakts wird der Wasserverlust reduziert und die Haarporosit\u00e4t verringert, wodurch das Haar vor Umwelteinfl\u00fcssen, Wind und Trockenheit gesch\u00fctzt wird.\u00a0","robots":{"index":"index","follow":"follow","max-snippet":"max-snippet:-1","max-image-preview":"max-image-preview:large","max-video-preview":"max-video-preview:-1"},"canonical":"https:\/\/derbe.it\/de\/produkt\/shampoo-schutzt\/","og_locale":"de_DE","og_type":"article","og_title":"Shampoo Protegge","og_description":"Un ottimo detergente che consente un uso frequente senza compromettere lo strato idrolipidico del cuoio capelluto. Grazie all\u2019azione dell\u2019estratto delle gemme di tiglio limita la perdita di acqua e riduce la porosit\u00e0 del capello che risulta cos\u00ec, protetto dalle intemperie, dal vento e della secchezza.\u00a0","og_url":"https:\/\/derbe.it\/de\/produkt\/shampoo-schutzt\/","og_site_name":"Derbe - cosmetici naturali","article_publisher":"https:\/\/www.facebook.com\/evoderbebio","article_modified_time":"2026-05-06T11:45:08+00:00","og_image":[{"width":1600,"height":2000,"url":"https:\/\/derbe.it\/wp-content\/uploads\/2025\/05\/protegge_derbe.jpg","type":"image\/jpeg"}],"twitter_card":"summary_large_image","twitter_misc":{"Gesch\u00e4tzte Lesezeit":"2\u00a0Minuten"},"schema":{"@context":"https:\/\/schema.org","@graph":[{"@type":"WebPage","@id":"https:\/\/derbe.it\/prodotto\/sciampo-protegge\/","url":"https:\/\/derbe.it\/prodotto\/sciampo-protegge\/","name":"Protects Shampoo - Derbe - Naturkosmetik","isPartOf":{"@id":"https:\/\/derbe.it\/#website"},"primaryImageOfPage":{"@id":"https:\/\/derbe.it\/prodotto\/sciampo-protegge\/#primaryimage"},"image":{"@id":"https:\/\/derbe.it\/prodotto\/sciampo-protegge\/#primaryimage"},"thumbnailUrl":"https:\/\/derbe.it\/wp-content\/uploads\/2025\/05\/protegge_derbe.jpg","datePublished":"2022-02-23T14:18:02+00:00","dateModified":"2026-05-06T11:45:08+00:00","description":"Ein hervorragendes Reinigungsmittel, das h\u00e4ufig angewendet werden kann, ohne den Hydrolipidfilm der Kopfhaut zu beeintr\u00e4chtigen. Dank des enthaltenen Limettenknospenextrakts wird der Wasserverlust reduziert und die Haarporosit\u00e4t verringert, wodurch das Haar vor Umwelteinfl\u00fcssen, Wind und Trockenheit gesch\u00fctzt wird.\u00a0","breadcrumb":{"@id":"https:\/\/derbe.it\/prodotto\/sciampo-protegge\/#breadcrumb"},"inLanguage":"de","potentialAction":[{"@type":"ReadAction","target":["https:\/\/derbe.it\/prodotto\/sciampo-protegge\/"]}]},{"@type":"ImageObject","inLanguage":"de","@id":"https:\/\/derbe.it\/prodotto\/sciampo-protegge\/#primaryimage","url":"https:\/\/derbe.it\/wp-content\/uploads\/2025\/05\/protegge_derbe.jpg","contentUrl":"https:\/\/derbe.it\/wp-content\/uploads\/2025\/05\/protegge_derbe.jpg","width":1600,"height":2000},{"@type":"BreadcrumbList","@id":"https:\/\/derbe.it\/prodotto\/sciampo-protegge\/#breadcrumb","itemListElement":[{"@type":"ListItem","position":1,"name":"Home","item":"https:\/\/derbe.it\/"},{"@type":"ListItem","position":2,"name":"Shop","item":"https:\/\/derbe.it\/en\/shop\/"},{"@type":"ListItem","position":3,"name":"Shampoo","item":"https:\/\/derbe.it\/categoria-prodotto\/shampoo\/"},{"@type":"ListItem","position":4,"name":"Shampoo Protegge"}]},{"@type":"WebSite","@id":"https:\/\/derbe.it\/#website","url":"https:\/\/derbe.it\/","name":"Derbe","description":"Seit \u00fcber 50 Jahren \u2013 Hergestellt in Italien \u2013 Haar- und K\u00f6rperpflegeprodukte mit Pflanzenextrakten und nachhaltigen Rezepturen","publisher":{"@id":"https:\/\/derbe.it\/#organization"},"potentialAction":[{"@type":"SearchAction","target":{"@type":"EntryPoint","urlTemplate":"https:\/\/derbe.it\/?s={search_term_string}"},"query-input":{"@type":"PropertyValueSpecification","valueRequired":true,"valueName":"search_term_string"}}],"inLanguage":"de"},{"@type":"Organization","@id":"https:\/\/derbe.it\/#organization","name":"Derbe","url":"https:\/\/derbe.it\/","logo":{"@type":"ImageObject","inLanguage":"de","@id":"https:\/\/derbe.it\/#\/schema\/logo\/image\/","url":"https:\/\/derbe.it\/wp-content\/uploads\/2025\/06\/logo_derbe_firenze.png","contentUrl":"https:\/\/derbe.it\/wp-content\/uploads\/2025\/06\/logo_derbe_firenze.png","width":1200,"height":497,"caption":"Derbe"},"image":{"@id":"https:\/\/derbe.it\/#\/schema\/logo\/image\/"},"sameAs":["https:\/\/www.facebook.com\/evoderbebio","https:\/\/www.instagram.com\/derbe.official\/"],"email":"info@derbe.it","telephone":"+39 055 42 11 799","legalName":"Derbe S.r.l. a socio unico","vatID":"07272610481"}]}},"_links":{"self":[{"href":"https:\/\/derbe.it\/de\/wp-json\/wp\/v2\/product\/830","targetHints":{"allow":["GET"]}}],"collection":[{"href":"https:\/\/derbe.it\/de\/wp-json\/wp\/v2\/product"}],"about":[{"href":"https:\/\/derbe.it\/de\/wp-json\/wp\/v2\/types\/product"}],"wp:featuredmedia":[{"embeddable":true,"href":"https:\/\/derbe.it\/de\/wp-json\/wp\/v2\/media\/831"}],"wp:attachment":[{"href":"https:\/\/derbe.it\/de\/wp-json\/wp\/v2\/media?parent=830"}],"wp:term":[{"taxonomy":"caratteristica","embeddable":true,"href":"https:\/\/derbe.it\/de\/wp-json\/wp\/v2\/caratteristica?post=830"},{"taxonomy":"collezione","embeddable":true,"href":"https:\/\/derbe.it\/de\/wp-json\/wp\/v2\/collezione?post=830"},{"taxonomy":"formato","embeddable":true,"href":"https:\/\/derbe.it\/de\/wp-json\/wp\/v2\/formato?post=830"},{"taxonomy":"funzione","embeddable":true,"href":"https:\/\/derbe.it\/de\/wp-json\/wp\/v2\/funzione?post=830"},{"taxonomy":"utilizzo","embeddable":true,"href":"https:\/\/derbe.it\/de\/wp-json\/wp\/v2\/utilizzo?post=830"},{"taxonomy":"ingrediente-principale","embeddable":true,"href":"https:\/\/derbe.it\/de\/wp-json\/wp\/v2\/ingrediente-principale?post=830"},{"taxonomy":"product_brand","embeddable":true,"href":"https:\/\/derbe.it\/de\/wp-json\/wp\/v2\/product_brand?post=830"},{"taxonomy":"product_cat","embeddable":true,"href":"https:\/\/derbe.it\/de\/wp-json\/wp\/v2\/product_cat?post=830"},{"taxonomy":"product_tag","embeddable":true,"href":"https:\/\/derbe.it\/de\/wp-json\/wp\/v2\/product_tag?post=830"}],"curies":[{"name":"wp","href":"https:\/\/api.w.org\/{rel}","templated":true}]}}