{"id":844,"date":"2023-03-06T13:28:10","date_gmt":"2023-03-06T12:28:10","guid":{"rendered":"https:\/\/derbe.it\/prodotto\/acqua-vivificante-fiori-darancio\/"},"modified":"2025-09-03T17:29:46","modified_gmt":"2025-09-03T15:29:46","slug":"orangenbluten-lebensspendendes-wasser","status":"publish","type":"product","link":"https:\/\/derbe.it\/de\/produkt\/orangenbluten-lebensspendendes-wasser\/","title":{"rendered":"Belebendes Orangenbl\u00fctenwasser"},"content":{"rendered":"<p>Dieses feuchtigkeitsspendende Wasser erfrischt und hydratisiert die Haut gleichzeitig. Es hinterl\u00e4sst einen leichten Duft und spendet intensiv Feuchtigkeit, ohne sich klebrig anzuf\u00fchlen. Es l\u00e4sst sich mit einem praktischen Spray auf den ganzen K\u00f6rper auftragen, das unmerkliche Mikrotr\u00f6pfchen erzeugt, die das Auftragen des Produkts erleichtern.<\/p>","protected":false},"excerpt":{"rendered":"<p>E\u2019 un acqua idratante pensata per rinfrescare ed idratare la pelle allo stesso tempo. [&#8230;]<\/p>\n<p><a class=\"btn btn-secondary understrap-read-more-link\" href=\"https:\/\/derbe.it\/de\/produkt\/orangenbluten-lebensspendendes-wasser\/\">Mehr lesen \u2026<span class=\"screen-reader-text\"> from Acqua Vivificante Fiori d&#8217;Arancio<\/span><\/a><\/p>","protected":false},"featured_media":845,"template":"","meta":{"_acf_changed":false},"caratteristica":[],"collezione":[124,75],"formato":[],"funzione":[],"utilizzo":[],"ingrediente-principale":[],"product_brand":[],"product_cat":[107],"product_tag":[],"class_list":{"0":"post-844","1":"product","2":"type-product","3":"status-publish","4":"has-post-thumbnail","6":"collezione-fiori-darancio","7":"collezione-speziali-fiorentini","8":"product_cat-profumo","10":"first","11":"instock","12":"purchasable","13":"product-type-simple"},"acf":[],"yoast_head":"<!-- This site is optimized with the Yoast SEO Premium plugin v26.1 (Yoast SEO v26.8) - https:\/\/yoast.com\/product\/yoast-seo-premium-wordpress\/ -->\n<title>Acqua Vivificante Fiori d&#039;Arancio - Derbe - cosmetici naturali<\/title>\n<meta name=\"description\" content=\"E\u2019 un acqua idratante pensata per rinfrescare ed idratare la pelle allo stesso tempo.\" \/>\n<meta name=\"robots\" content=\"index, follow, max-snippet:-1, max-image-preview:large, max-video-preview:-1\" \/>\n<link rel=\"canonical\" href=\"https:\/\/derbe.it\/de\/produkt\/orangenbluten-lebensspendendes-wasser\/\" \/>\n<meta property=\"og:locale\" content=\"de_DE\" \/>\n<meta property=\"og:type\" content=\"article\" \/>\n<meta property=\"og:title\" content=\"Acqua Vivificante Fiori d&#039;Arancio\" \/>\n<meta property=\"og:description\" content=\"E\u2019 un acqua idratante pensata per rinfrescare ed idratare la pelle allo stesso tempo.\" \/>\n<meta property=\"og:url\" content=\"https:\/\/derbe.it\/de\/produkt\/orangenbluten-lebensspendendes-wasser\/\" \/>\n<meta property=\"og:site_name\" content=\"Derbe - cosmetici naturali\" \/>\n<meta property=\"article:publisher\" content=\"https:\/\/www.facebook.com\/evoderbebio\" \/>\n<meta property=\"article:modified_time\" content=\"2025-09-03T15:29:46+00:00\" \/>\n<meta property=\"og:image\" content=\"https:\/\/derbe.it\/wp-content\/uploads\/2025\/05\/acqua-vivificante-arancio-derbe.jpg\" \/>\n\t<meta property=\"og:image:width\" content=\"1600\" \/>\n\t<meta property=\"og:image:height\" content=\"2000\" \/>\n\t<meta property=\"og:image:type\" content=\"image\/jpeg\" \/>\n<meta name=\"twitter:card\" content=\"summary_large_image\" \/>\n<script type=\"application\/ld+json\" class=\"yoast-schema-graph\">{\"@context\":\"https:\/\/schema.org\",\"@graph\":[{\"@type\":\"WebPage\",\"@id\":\"https:\/\/derbe.it\/en\/product\/orange-blossom-life-giving-water\/\",\"url\":\"https:\/\/derbe.it\/en\/product\/orange-blossom-life-giving-water\/\",\"name\":\"Acqua Vivificante Fiori d'Arancio - Derbe - cosmetici naturali\",\"isPartOf\":{\"@id\":\"https:\/\/derbe.it\/#website\"},\"primaryImageOfPage\":{\"@id\":\"https:\/\/derbe.it\/en\/product\/orange-blossom-life-giving-water\/#primaryimage\"},\"image\":{\"@id\":\"https:\/\/derbe.it\/en\/product\/orange-blossom-life-giving-water\/#primaryimage\"},\"thumbnailUrl\":\"https:\/\/derbe.it\/wp-content\/uploads\/2025\/05\/acqua-vivificante-arancio-derbe.jpg\",\"datePublished\":\"2023-03-06T12:28:10+00:00\",\"dateModified\":\"2025-09-03T15:29:46+00:00\",\"description\":\"E\u2019 un acqua idratante pensata per rinfrescare ed idratare la pelle allo stesso tempo.\",\"breadcrumb\":{\"@id\":\"https:\/\/derbe.it\/en\/product\/orange-blossom-life-giving-water\/#breadcrumb\"},\"inLanguage\":\"de\",\"potentialAction\":[{\"@type\":\"ReadAction\",\"target\":[\"https:\/\/derbe.it\/en\/product\/orange-blossom-life-giving-water\/\"]}]},{\"@type\":\"ImageObject\",\"inLanguage\":\"de\",\"@id\":\"https:\/\/derbe.it\/en\/product\/orange-blossom-life-giving-water\/#primaryimage\",\"url\":\"https:\/\/derbe.it\/wp-content\/uploads\/2025\/05\/acqua-vivificante-arancio-derbe.jpg\",\"contentUrl\":\"https:\/\/derbe.it\/wp-content\/uploads\/2025\/05\/acqua-vivificante-arancio-derbe.jpg\",\"width\":1600,\"height\":2000},{\"@type\":\"BreadcrumbList\",\"@id\":\"https:\/\/derbe.it\/en\/product\/orange-blossom-life-giving-water\/#breadcrumb\",\"itemListElement\":[{\"@type\":\"ListItem\",\"position\":1,\"name\":\"Home\",\"item\":\"https:\/\/derbe.it\/\"},{\"@type\":\"ListItem\",\"position\":2,\"name\":\"Shop\",\"item\":\"https:\/\/derbe.it\/en\/shop\/\"},{\"@type\":\"ListItem\",\"position\":3,\"name\":\"Profumo\",\"item\":\"https:\/\/derbe.it\/categoria-prodotto\/profumo\/\"},{\"@type\":\"ListItem\",\"position\":4,\"name\":\"Acqua Vivificante Fiori d&#8217;Arancio\"}]},{\"@type\":\"WebSite\",\"@id\":\"https:\/\/derbe.it\/#website\",\"url\":\"https:\/\/derbe.it\/\",\"name\":\"Derbe\",\"description\":\"Da oltre 50 anni - Made in italy - prodotti per capelli e corpo con estratti vegetali e formule sostenibili\",\"publisher\":{\"@id\":\"https:\/\/derbe.it\/#organization\"},\"potentialAction\":[{\"@type\":\"SearchAction\",\"target\":{\"@type\":\"EntryPoint\",\"urlTemplate\":\"https:\/\/derbe.it\/?s={search_term_string}\"},\"query-input\":{\"@type\":\"PropertyValueSpecification\",\"valueRequired\":true,\"valueName\":\"search_term_string\"}}],\"inLanguage\":\"de\"},{\"@type\":\"Organization\",\"@id\":\"https:\/\/derbe.it\/#organization\",\"name\":\"Derbe\",\"url\":\"https:\/\/derbe.it\/\",\"logo\":{\"@type\":\"ImageObject\",\"inLanguage\":\"de\",\"@id\":\"https:\/\/derbe.it\/#\/schema\/logo\/image\/\",\"url\":\"https:\/\/derbe.it\/wp-content\/uploads\/2025\/06\/logo_derbe_firenze.png\",\"contentUrl\":\"https:\/\/derbe.it\/wp-content\/uploads\/2025\/06\/logo_derbe_firenze.png\",\"width\":1200,\"height\":497,\"caption\":\"Derbe\"},\"image\":{\"@id\":\"https:\/\/derbe.it\/#\/schema\/logo\/image\/\"},\"sameAs\":[\"https:\/\/www.facebook.com\/evoderbebio\",\"https:\/\/www.instagram.com\/derbe.official\/\"],\"email\":\"info@derbe.it\",\"telephone\":\"+39 055 42 11 799\",\"legalName\":\"Derbe S.r.l. a socio unico\",\"vatID\":\"07272610481\"}]}<\/script>\n<!-- \/ Yoast SEO Premium plugin. -->","yoast_head_json":{"title":"Belebendes Orangenbl\u00fctenwasser - Derbe - Naturkosmetik","description":"Es handelt sich um ein feuchtigkeitsspendendes Wasser, das die Haut gleichzeitig erfrischt und mit Feuchtigkeit versorgt.","robots":{"index":"index","follow":"follow","max-snippet":"max-snippet:-1","max-image-preview":"max-image-preview:large","max-video-preview":"max-video-preview:-1"},"canonical":"https:\/\/derbe.it\/de\/produkt\/orangenbluten-lebensspendendes-wasser\/","og_locale":"de_DE","og_type":"article","og_title":"Acqua Vivificante Fiori d'Arancio","og_description":"E\u2019 un acqua idratante pensata per rinfrescare ed idratare la pelle allo stesso tempo.","og_url":"https:\/\/derbe.it\/de\/produkt\/orangenbluten-lebensspendendes-wasser\/","og_site_name":"Derbe - cosmetici naturali","article_publisher":"https:\/\/www.facebook.com\/evoderbebio","article_modified_time":"2025-09-03T15:29:46+00:00","og_image":[{"width":1600,"height":2000,"url":"https:\/\/derbe.it\/wp-content\/uploads\/2025\/05\/acqua-vivificante-arancio-derbe.jpg","type":"image\/jpeg"}],"twitter_card":"summary_large_image","schema":{"@context":"https:\/\/schema.org","@graph":[{"@type":"WebPage","@id":"https:\/\/derbe.it\/en\/product\/orange-blossom-life-giving-water\/","url":"https:\/\/derbe.it\/en\/product\/orange-blossom-life-giving-water\/","name":"Belebendes Orangenbl\u00fctenwasser - Derbe - Naturkosmetik","isPartOf":{"@id":"https:\/\/derbe.it\/#website"},"primaryImageOfPage":{"@id":"https:\/\/derbe.it\/en\/product\/orange-blossom-life-giving-water\/#primaryimage"},"image":{"@id":"https:\/\/derbe.it\/en\/product\/orange-blossom-life-giving-water\/#primaryimage"},"thumbnailUrl":"https:\/\/derbe.it\/wp-content\/uploads\/2025\/05\/acqua-vivificante-arancio-derbe.jpg","datePublished":"2023-03-06T12:28:10+00:00","dateModified":"2025-09-03T15:29:46+00:00","description":"Es handelt sich um ein feuchtigkeitsspendendes Wasser, das die Haut gleichzeitig erfrischt und mit Feuchtigkeit versorgt.","breadcrumb":{"@id":"https:\/\/derbe.it\/en\/product\/orange-blossom-life-giving-water\/#breadcrumb"},"inLanguage":"de","potentialAction":[{"@type":"ReadAction","target":["https:\/\/derbe.it\/en\/product\/orange-blossom-life-giving-water\/"]}]},{"@type":"ImageObject","inLanguage":"de","@id":"https:\/\/derbe.it\/en\/product\/orange-blossom-life-giving-water\/#primaryimage","url":"https:\/\/derbe.it\/wp-content\/uploads\/2025\/05\/acqua-vivificante-arancio-derbe.jpg","contentUrl":"https:\/\/derbe.it\/wp-content\/uploads\/2025\/05\/acqua-vivificante-arancio-derbe.jpg","width":1600,"height":2000},{"@type":"BreadcrumbList","@id":"https:\/\/derbe.it\/en\/product\/orange-blossom-life-giving-water\/#breadcrumb","itemListElement":[{"@type":"ListItem","position":1,"name":"Home","item":"https:\/\/derbe.it\/"},{"@type":"ListItem","position":2,"name":"Shop","item":"https:\/\/derbe.it\/en\/shop\/"},{"@type":"ListItem","position":3,"name":"Profumo","item":"https:\/\/derbe.it\/categoria-prodotto\/profumo\/"},{"@type":"ListItem","position":4,"name":"Acqua Vivificante Fiori d&#8217;Arancio"}]},{"@type":"WebSite","@id":"https:\/\/derbe.it\/#website","url":"https:\/\/derbe.it\/","name":"Derbe","description":"Seit \u00fcber 50 Jahren \u2013 Hergestellt in Italien \u2013 Haar- und K\u00f6rperpflegeprodukte mit Pflanzenextrakten und nachhaltigen Rezepturen","publisher":{"@id":"https:\/\/derbe.it\/#organization"},"potentialAction":[{"@type":"SearchAction","target":{"@type":"EntryPoint","urlTemplate":"https:\/\/derbe.it\/?s={search_term_string}"},"query-input":{"@type":"PropertyValueSpecification","valueRequired":true,"valueName":"search_term_string"}}],"inLanguage":"de"},{"@type":"Organization","@id":"https:\/\/derbe.it\/#organization","name":"Derbe","url":"https:\/\/derbe.it\/","logo":{"@type":"ImageObject","inLanguage":"de","@id":"https:\/\/derbe.it\/#\/schema\/logo\/image\/","url":"https:\/\/derbe.it\/wp-content\/uploads\/2025\/06\/logo_derbe_firenze.png","contentUrl":"https:\/\/derbe.it\/wp-content\/uploads\/2025\/06\/logo_derbe_firenze.png","width":1200,"height":497,"caption":"Derbe"},"image":{"@id":"https:\/\/derbe.it\/#\/schema\/logo\/image\/"},"sameAs":["https:\/\/www.facebook.com\/evoderbebio","https:\/\/www.instagram.com\/derbe.official\/"],"email":"info@derbe.it","telephone":"+39 055 42 11 799","legalName":"Derbe S.r.l. a socio unico","vatID":"07272610481"}]}},"_links":{"self":[{"href":"https:\/\/derbe.it\/de\/wp-json\/wp\/v2\/product\/844","targetHints":{"allow":["GET"]}}],"collection":[{"href":"https:\/\/derbe.it\/de\/wp-json\/wp\/v2\/product"}],"about":[{"href":"https:\/\/derbe.it\/de\/wp-json\/wp\/v2\/types\/product"}],"wp:featuredmedia":[{"embeddable":true,"href":"https:\/\/derbe.it\/de\/wp-json\/wp\/v2\/media\/845"}],"wp:attachment":[{"href":"https:\/\/derbe.it\/de\/wp-json\/wp\/v2\/media?parent=844"}],"wp:term":[{"taxonomy":"caratteristica","embeddable":true,"href":"https:\/\/derbe.it\/de\/wp-json\/wp\/v2\/caratteristica?post=844"},{"taxonomy":"collezione","embeddable":true,"href":"https:\/\/derbe.it\/de\/wp-json\/wp\/v2\/collezione?post=844"},{"taxonomy":"formato","embeddable":true,"href":"https:\/\/derbe.it\/de\/wp-json\/wp\/v2\/formato?post=844"},{"taxonomy":"funzione","embeddable":true,"href":"https:\/\/derbe.it\/de\/wp-json\/wp\/v2\/funzione?post=844"},{"taxonomy":"utilizzo","embeddable":true,"href":"https:\/\/derbe.it\/de\/wp-json\/wp\/v2\/utilizzo?post=844"},{"taxonomy":"ingrediente-principale","embeddable":true,"href":"https:\/\/derbe.it\/de\/wp-json\/wp\/v2\/ingrediente-principale?post=844"},{"taxonomy":"product_brand","embeddable":true,"href":"https:\/\/derbe.it\/de\/wp-json\/wp\/v2\/product_brand?post=844"},{"taxonomy":"product_cat","embeddable":true,"href":"https:\/\/derbe.it\/de\/wp-json\/wp\/v2\/product_cat?post=844"},{"taxonomy":"product_tag","embeddable":true,"href":"https:\/\/derbe.it\/de\/wp-json\/wp\/v2\/product_tag?post=844"}],"curies":[{"name":"wp","href":"https:\/\/api.w.org\/{rel}","templated":true}]}}