{"id":854,"date":"2023-06-09T08:42:58","date_gmt":"2023-06-09T06:42:58","guid":{"rendered":"https:\/\/derbe.it\/prodotto\/fluido-ristrutturante-2\/"},"modified":"2025-09-11T13:03:04","modified_gmt":"2025-09-11T11:03:04","slug":"restrukturierungsflussigkeit-2","status":"publish","type":"product","link":"https:\/\/derbe.it\/de\/produkt\/restrukturierungsflussigkeit-2\/","title":{"rendered":"Restrukturierungsfl\u00fcssigkeit"},"content":{"rendered":"<p>Das Restrukturierungsfluid wurde speziell f\u00fcr trockenes, spr\u00f6des, por\u00f6ses und stumpfes Haar entwickelt, dem es an Vitalit\u00e4t, Volumen und Flexibilit\u00e4t mangelt. Besch\u00e4digtes Haar mit Spliss. Haar, das seine Form nicht beh\u00e4lt.<\/p>","protected":false},"excerpt":{"rendered":"<p>Il fluido ristrutturante \u00e8 specifico per i capelli aridi, fragili, porosi, opachi, privi di vitalit\u00e0, di volume e di flessibilit\u00e0. [&#8230;]<\/p>\n<p><a class=\"btn btn-secondary understrap-read-more-link\" href=\"https:\/\/derbe.it\/de\/produkt\/restrukturierungsflussigkeit-2\/\">Mehr lesen \u2026<span class=\"screen-reader-text\"> from Fluido ristrutturante<\/span><\/a><\/p>","protected":false},"featured_media":855,"template":"","meta":{"_acf_changed":false},"caratteristica":[116],"collezione":[],"formato":[],"funzione":[86,85],"utilizzo":[],"ingrediente-principale":[],"product_brand":[],"product_cat":[102],"product_tag":[],"class_list":{"0":"post-854","1":"product","2":"type-product","3":"status-publish","4":"has-post-thumbnail","6":"caratteristica-sviluppato-da-biologi-esperti","7":"funzione-capellli-danneggiati","8":"funzione-capelli-secchi-disidratati","9":"product_cat-styling","11":"first","12":"instock","13":"purchasable","14":"product-type-simple"},"acf":[],"yoast_head":"<!-- This site is optimized with the Yoast SEO Premium plugin v26.1 (Yoast SEO v26.8) - https:\/\/yoast.com\/product\/yoast-seo-premium-wordpress\/ -->\n<title>Fluido ristrutturante - Derbe - cosmetici naturali<\/title>\n<meta name=\"description\" content=\"Il fluido ristrutturante \u00e8 specifico per i capelli aridi, fragili, porosi, opachi, privi di vitalit\u00e0, di volume e di flessibilit\u00e0.\" \/>\n<meta name=\"robots\" content=\"index, follow, max-snippet:-1, max-image-preview:large, max-video-preview:-1\" \/>\n<link rel=\"canonical\" href=\"https:\/\/derbe.it\/de\/produkt\/restrukturierungsflussigkeit-2\/\" \/>\n<meta property=\"og:locale\" content=\"de_DE\" \/>\n<meta property=\"og:type\" content=\"article\" \/>\n<meta property=\"og:title\" content=\"Fluido ristrutturante\" \/>\n<meta property=\"og:description\" content=\"Il fluido ristrutturante \u00e8 specifico per i capelli aridi, fragili, porosi, opachi, privi di vitalit\u00e0, di volume e di flessibilit\u00e0.\" \/>\n<meta property=\"og:url\" content=\"https:\/\/derbe.it\/de\/produkt\/restrukturierungsflussigkeit-2\/\" \/>\n<meta property=\"og:site_name\" content=\"Derbe - cosmetici naturali\" \/>\n<meta property=\"article:publisher\" content=\"https:\/\/www.facebook.com\/evoderbebio\" \/>\n<meta property=\"article:modified_time\" content=\"2025-09-11T11:03:04+00:00\" \/>\n<meta property=\"og:image\" content=\"https:\/\/derbe.it\/wp-content\/uploads\/2025\/05\/fluido-ristruttturante-per-capelli-derbe.jpg\" \/>\n\t<meta property=\"og:image:width\" content=\"1600\" \/>\n\t<meta property=\"og:image:height\" content=\"2000\" \/>\n\t<meta property=\"og:image:type\" content=\"image\/jpeg\" \/>\n<meta name=\"twitter:card\" content=\"summary_large_image\" \/>\n<script type=\"application\/ld+json\" class=\"yoast-schema-graph\">{\"@context\":\"https:\/\/schema.org\",\"@graph\":[{\"@type\":\"WebPage\",\"@id\":\"https:\/\/derbe.it\/prodotto\/fluido-ristrutturante-2\/\",\"url\":\"https:\/\/derbe.it\/prodotto\/fluido-ristrutturante-2\/\",\"name\":\"Fluido ristrutturante - Derbe - cosmetici naturali\",\"isPartOf\":{\"@id\":\"https:\/\/derbe.it\/#website\"},\"primaryImageOfPage\":{\"@id\":\"https:\/\/derbe.it\/prodotto\/fluido-ristrutturante-2\/#primaryimage\"},\"image\":{\"@id\":\"https:\/\/derbe.it\/prodotto\/fluido-ristrutturante-2\/#primaryimage\"},\"thumbnailUrl\":\"https:\/\/derbe.it\/wp-content\/uploads\/2025\/05\/fluido-ristruttturante-per-capelli-derbe.jpg\",\"datePublished\":\"2023-06-09T06:42:58+00:00\",\"dateModified\":\"2025-09-11T11:03:04+00:00\",\"description\":\"Il fluido ristrutturante \u00e8 specifico per i capelli aridi, fragili, porosi, opachi, privi di vitalit\u00e0, di volume e di flessibilit\u00e0.\",\"breadcrumb\":{\"@id\":\"https:\/\/derbe.it\/prodotto\/fluido-ristrutturante-2\/#breadcrumb\"},\"inLanguage\":\"de\",\"potentialAction\":[{\"@type\":\"ReadAction\",\"target\":[\"https:\/\/derbe.it\/prodotto\/fluido-ristrutturante-2\/\"]}]},{\"@type\":\"ImageObject\",\"inLanguage\":\"de\",\"@id\":\"https:\/\/derbe.it\/prodotto\/fluido-ristrutturante-2\/#primaryimage\",\"url\":\"https:\/\/derbe.it\/wp-content\/uploads\/2025\/05\/fluido-ristruttturante-per-capelli-derbe.jpg\",\"contentUrl\":\"https:\/\/derbe.it\/wp-content\/uploads\/2025\/05\/fluido-ristruttturante-per-capelli-derbe.jpg\",\"width\":1600,\"height\":2000,\"caption\":\"Fluido ristrutturante per capelli - Derbe\"},{\"@type\":\"BreadcrumbList\",\"@id\":\"https:\/\/derbe.it\/prodotto\/fluido-ristrutturante-2\/#breadcrumb\",\"itemListElement\":[{\"@type\":\"ListItem\",\"position\":1,\"name\":\"Home\",\"item\":\"https:\/\/derbe.it\/\"},{\"@type\":\"ListItem\",\"position\":2,\"name\":\"Shop\",\"item\":\"https:\/\/derbe.it\/en\/shop\/\"},{\"@type\":\"ListItem\",\"position\":3,\"name\":\"Styling\",\"item\":\"https:\/\/derbe.it\/categoria-prodotto\/styling\/\"},{\"@type\":\"ListItem\",\"position\":4,\"name\":\"Fluido ristrutturante\"}]},{\"@type\":\"WebSite\",\"@id\":\"https:\/\/derbe.it\/#website\",\"url\":\"https:\/\/derbe.it\/\",\"name\":\"Derbe\",\"description\":\"Da oltre 50 anni - Made in italy - prodotti per capelli e corpo con estratti vegetali e formule sostenibili\",\"publisher\":{\"@id\":\"https:\/\/derbe.it\/#organization\"},\"potentialAction\":[{\"@type\":\"SearchAction\",\"target\":{\"@type\":\"EntryPoint\",\"urlTemplate\":\"https:\/\/derbe.it\/?s={search_term_string}\"},\"query-input\":{\"@type\":\"PropertyValueSpecification\",\"valueRequired\":true,\"valueName\":\"search_term_string\"}}],\"inLanguage\":\"de\"},{\"@type\":\"Organization\",\"@id\":\"https:\/\/derbe.it\/#organization\",\"name\":\"Derbe\",\"url\":\"https:\/\/derbe.it\/\",\"logo\":{\"@type\":\"ImageObject\",\"inLanguage\":\"de\",\"@id\":\"https:\/\/derbe.it\/#\/schema\/logo\/image\/\",\"url\":\"https:\/\/derbe.it\/wp-content\/uploads\/2025\/06\/logo_derbe_firenze.png\",\"contentUrl\":\"https:\/\/derbe.it\/wp-content\/uploads\/2025\/06\/logo_derbe_firenze.png\",\"width\":1200,\"height\":497,\"caption\":\"Derbe\"},\"image\":{\"@id\":\"https:\/\/derbe.it\/#\/schema\/logo\/image\/\"},\"sameAs\":[\"https:\/\/www.facebook.com\/evoderbebio\",\"https:\/\/www.instagram.com\/derbe.official\/\"],\"email\":\"info@derbe.it\",\"telephone\":\"+39 055 42 11 799\",\"legalName\":\"Derbe S.r.l. a socio unico\",\"vatID\":\"07272610481\"}]}<\/script>\n<!-- \/ Yoast SEO Premium plugin. -->","yoast_head_json":{"title":"Restrukturierendes Fluid - Derbe - Naturkosmetik","description":"Das Restrukturierungsfluid ist speziell f\u00fcr trockenes, br\u00fcchiges, por\u00f6ses und stumpfes Haar geeignet, dem es an Vitalit\u00e4t, Volumen und Flexibilit\u00e4t mangelt.","robots":{"index":"index","follow":"follow","max-snippet":"max-snippet:-1","max-image-preview":"max-image-preview:large","max-video-preview":"max-video-preview:-1"},"canonical":"https:\/\/derbe.it\/de\/produkt\/restrukturierungsflussigkeit-2\/","og_locale":"de_DE","og_type":"article","og_title":"Fluido ristrutturante","og_description":"Il fluido ristrutturante \u00e8 specifico per i capelli aridi, fragili, porosi, opachi, privi di vitalit\u00e0, di volume e di flessibilit\u00e0.","og_url":"https:\/\/derbe.it\/de\/produkt\/restrukturierungsflussigkeit-2\/","og_site_name":"Derbe - cosmetici naturali","article_publisher":"https:\/\/www.facebook.com\/evoderbebio","article_modified_time":"2025-09-11T11:03:04+00:00","og_image":[{"width":1600,"height":2000,"url":"https:\/\/derbe.it\/wp-content\/uploads\/2025\/05\/fluido-ristruttturante-per-capelli-derbe.jpg","type":"image\/jpeg"}],"twitter_card":"summary_large_image","schema":{"@context":"https:\/\/schema.org","@graph":[{"@type":"WebPage","@id":"https:\/\/derbe.it\/prodotto\/fluido-ristrutturante-2\/","url":"https:\/\/derbe.it\/prodotto\/fluido-ristrutturante-2\/","name":"Restrukturierendes Fluid - Derbe - Naturkosmetik","isPartOf":{"@id":"https:\/\/derbe.it\/#website"},"primaryImageOfPage":{"@id":"https:\/\/derbe.it\/prodotto\/fluido-ristrutturante-2\/#primaryimage"},"image":{"@id":"https:\/\/derbe.it\/prodotto\/fluido-ristrutturante-2\/#primaryimage"},"thumbnailUrl":"https:\/\/derbe.it\/wp-content\/uploads\/2025\/05\/fluido-ristruttturante-per-capelli-derbe.jpg","datePublished":"2023-06-09T06:42:58+00:00","dateModified":"2025-09-11T11:03:04+00:00","description":"Das Restrukturierungsfluid ist speziell f\u00fcr trockenes, br\u00fcchiges, por\u00f6ses und stumpfes Haar geeignet, dem es an Vitalit\u00e4t, Volumen und Flexibilit\u00e4t mangelt.","breadcrumb":{"@id":"https:\/\/derbe.it\/prodotto\/fluido-ristrutturante-2\/#breadcrumb"},"inLanguage":"de","potentialAction":[{"@type":"ReadAction","target":["https:\/\/derbe.it\/prodotto\/fluido-ristrutturante-2\/"]}]},{"@type":"ImageObject","inLanguage":"de","@id":"https:\/\/derbe.it\/prodotto\/fluido-ristrutturante-2\/#primaryimage","url":"https:\/\/derbe.it\/wp-content\/uploads\/2025\/05\/fluido-ristruttturante-per-capelli-derbe.jpg","contentUrl":"https:\/\/derbe.it\/wp-content\/uploads\/2025\/05\/fluido-ristruttturante-per-capelli-derbe.jpg","width":1600,"height":2000,"caption":"Fluido ristrutturante per capelli - Derbe"},{"@type":"BreadcrumbList","@id":"https:\/\/derbe.it\/prodotto\/fluido-ristrutturante-2\/#breadcrumb","itemListElement":[{"@type":"ListItem","position":1,"name":"Home","item":"https:\/\/derbe.it\/"},{"@type":"ListItem","position":2,"name":"Shop","item":"https:\/\/derbe.it\/en\/shop\/"},{"@type":"ListItem","position":3,"name":"Styling","item":"https:\/\/derbe.it\/categoria-prodotto\/styling\/"},{"@type":"ListItem","position":4,"name":"Fluido ristrutturante"}]},{"@type":"WebSite","@id":"https:\/\/derbe.it\/#website","url":"https:\/\/derbe.it\/","name":"Derbe","description":"Seit \u00fcber 50 Jahren \u2013 Hergestellt in Italien \u2013 Haar- und K\u00f6rperpflegeprodukte mit Pflanzenextrakten und nachhaltigen Rezepturen","publisher":{"@id":"https:\/\/derbe.it\/#organization"},"potentialAction":[{"@type":"SearchAction","target":{"@type":"EntryPoint","urlTemplate":"https:\/\/derbe.it\/?s={search_term_string}"},"query-input":{"@type":"PropertyValueSpecification","valueRequired":true,"valueName":"search_term_string"}}],"inLanguage":"de"},{"@type":"Organization","@id":"https:\/\/derbe.it\/#organization","name":"Derbe","url":"https:\/\/derbe.it\/","logo":{"@type":"ImageObject","inLanguage":"de","@id":"https:\/\/derbe.it\/#\/schema\/logo\/image\/","url":"https:\/\/derbe.it\/wp-content\/uploads\/2025\/06\/logo_derbe_firenze.png","contentUrl":"https:\/\/derbe.it\/wp-content\/uploads\/2025\/06\/logo_derbe_firenze.png","width":1200,"height":497,"caption":"Derbe"},"image":{"@id":"https:\/\/derbe.it\/#\/schema\/logo\/image\/"},"sameAs":["https:\/\/www.facebook.com\/evoderbebio","https:\/\/www.instagram.com\/derbe.official\/"],"email":"info@derbe.it","telephone":"+39 055 42 11 799","legalName":"Derbe S.r.l. a socio unico","vatID":"07272610481"}]}},"_links":{"self":[{"href":"https:\/\/derbe.it\/de\/wp-json\/wp\/v2\/product\/854","targetHints":{"allow":["GET"]}}],"collection":[{"href":"https:\/\/derbe.it\/de\/wp-json\/wp\/v2\/product"}],"about":[{"href":"https:\/\/derbe.it\/de\/wp-json\/wp\/v2\/types\/product"}],"wp:featuredmedia":[{"embeddable":true,"href":"https:\/\/derbe.it\/de\/wp-json\/wp\/v2\/media\/855"}],"wp:attachment":[{"href":"https:\/\/derbe.it\/de\/wp-json\/wp\/v2\/media?parent=854"}],"wp:term":[{"taxonomy":"caratteristica","embeddable":true,"href":"https:\/\/derbe.it\/de\/wp-json\/wp\/v2\/caratteristica?post=854"},{"taxonomy":"collezione","embeddable":true,"href":"https:\/\/derbe.it\/de\/wp-json\/wp\/v2\/collezione?post=854"},{"taxonomy":"formato","embeddable":true,"href":"https:\/\/derbe.it\/de\/wp-json\/wp\/v2\/formato?post=854"},{"taxonomy":"funzione","embeddable":true,"href":"https:\/\/derbe.it\/de\/wp-json\/wp\/v2\/funzione?post=854"},{"taxonomy":"utilizzo","embeddable":true,"href":"https:\/\/derbe.it\/de\/wp-json\/wp\/v2\/utilizzo?post=854"},{"taxonomy":"ingrediente-principale","embeddable":true,"href":"https:\/\/derbe.it\/de\/wp-json\/wp\/v2\/ingrediente-principale?post=854"},{"taxonomy":"product_brand","embeddable":true,"href":"https:\/\/derbe.it\/de\/wp-json\/wp\/v2\/product_brand?post=854"},{"taxonomy":"product_cat","embeddable":true,"href":"https:\/\/derbe.it\/de\/wp-json\/wp\/v2\/product_cat?post=854"},{"taxonomy":"product_tag","embeddable":true,"href":"https:\/\/derbe.it\/de\/wp-json\/wp\/v2\/product_tag?post=854"}],"curies":[{"name":"wp","href":"https:\/\/api.w.org\/{rel}","templated":true}]}}