{"id":906,"date":"2024-09-19T14:39:14","date_gmt":"2024-09-19T12:39:14","guid":{"rendered":"https:\/\/derbe.it\/prodotto\/balsamo-idratante\/"},"modified":"2025-09-11T13:01:02","modified_gmt":"2025-09-11T11:01:02","slug":"feuchtigkeitsbalsam","status":"publish","type":"product","link":"https:\/\/derbe.it\/de\/produkt\/feuchtigkeitsbalsam\/","title":{"rendered":"Feuchtigkeitsspendende Sp\u00fclung"},"content":{"rendered":"<p>Bio-Conditioner, angereichert mit wertvollen Pflanzenhydrolaten, reich an hautfreundlichen Eigenschaften. Dank einer exklusiven Wirkstoffmischung bietet er eine intensive Pflege, die dem Haar Feuchtigkeit und Vitalit\u00e4t zur\u00fcckgibt und es weich, glatt und prall macht.<\/p>\n<p>SILIKONFREI: Auch ohne Silikone ist das Haar leichter k\u00e4mmbar und geschmeidiger.<\/p>","protected":false},"excerpt":{"rendered":"<p>Bio-Conditioner, angereichert mit wertvollen Pflanzenhydrolaten, reich an hautfreundlichen Eigenschaften. Dank einer exklusiven Wirkstoffmischung bietet er eine intensive Pflege, die dem Haar Feuchtigkeit und Vitalit\u00e4t zur\u00fcckgibt und es weich, glatt und prall macht.<\/p>\n<p>SILICONE FREE: capelli pi\u00f9 facili da pettinare e pi\u00f9 flessibili anche senza siliconi. [&#8230;]<\/p>\n<p><a class=\"btn btn-secondary understrap-read-more-link\" href=\"https:\/\/derbe.it\/de\/produkt\/feuchtigkeitsbalsam\/\">Mehr lesen \u2026<span class=\"screen-reader-text\"> from Balsamo Idratante<\/span><\/a><\/p>","protected":false},"featured_media":1008,"template":"","meta":{"_acf_changed":false},"caratteristica":[94,97,116],"collezione":[81],"formato":[],"funzione":[85],"utilizzo":[],"ingrediente-principale":[],"product_brand":[],"product_cat":[101],"product_tag":[],"class_list":{"0":"post-906","1":"product","2":"type-product","3":"status-publish","4":"has-post-thumbnail","6":"caratteristica-bio","7":"caratteristica-pack-riciclato","8":"caratteristica-sviluppato-da-biologi-esperti","9":"collezione-botanitech","10":"funzione-capelli-secchi-disidratati","11":"product_cat-maschere-e-balsami","13":"first","14":"instock","15":"purchasable","16":"product-type-simple"},"acf":[],"yoast_head":"<!-- This site is optimized with the Yoast SEO Premium plugin v26.1 (Yoast SEO v26.8) - https:\/\/yoast.com\/product\/yoast-seo-premium-wordpress\/ -->\n<title>Balsamo Idratante - Derbe - cosmetici naturali<\/title>\n<meta name=\"description\" content=\"Balsamo biologico arricchito con preziosi idrolati vegetali, ricchi di propriet\u00e0 eudermiche. Grazie ad un mix esclusivo di sostanze funzionali, offre un trattamento intensivo che ripristina l\u2019idratazione e la vitalit\u00e0 dei capelli, rendendoli morbidi, lisci e rimpolpati.  SILICONE FREE: capelli pi\u00f9 facili da pettinare e pi\u00f9 flessibili anche senza siliconi.\" \/>\n<meta name=\"robots\" content=\"index, follow, max-snippet:-1, max-image-preview:large, max-video-preview:-1\" \/>\n<link rel=\"canonical\" href=\"https:\/\/derbe.it\/de\/produkt\/feuchtigkeitsbalsam\/\" \/>\n<meta property=\"og:locale\" content=\"de_DE\" \/>\n<meta property=\"og:type\" content=\"article\" \/>\n<meta property=\"og:title\" content=\"Balsamo Idratante\" \/>\n<meta property=\"og:description\" content=\"Balsamo biologico arricchito con preziosi idrolati vegetali, ricchi di propriet\u00e0 eudermiche. Grazie ad un mix esclusivo di sostanze funzionali, offre un trattamento intensivo che ripristina l\u2019idratazione e la vitalit\u00e0 dei capelli, rendendoli morbidi, lisci e rimpolpati.  SILICONE FREE: capelli pi\u00f9 facili da pettinare e pi\u00f9 flessibili anche senza siliconi.\" \/>\n<meta property=\"og:url\" content=\"https:\/\/derbe.it\/de\/produkt\/feuchtigkeitsbalsam\/\" \/>\n<meta property=\"og:site_name\" content=\"Derbe - cosmetici naturali\" \/>\n<meta property=\"article:publisher\" content=\"https:\/\/www.facebook.com\/evoderbebio\" \/>\n<meta property=\"article:modified_time\" content=\"2025-09-11T11:01:02+00:00\" \/>\n<meta property=\"og:image\" content=\"https:\/\/derbe.it\/wp-content\/uploads\/2024\/09\/balsamo-idratante-mare.jpg\" \/>\n\t<meta property=\"og:image:width\" content=\"1600\" \/>\n\t<meta property=\"og:image:height\" content=\"2000\" \/>\n\t<meta property=\"og:image:type\" content=\"image\/jpeg\" \/>\n<meta name=\"twitter:card\" content=\"summary_large_image\" \/>\n<script type=\"application\/ld+json\" class=\"yoast-schema-graph\">{\"@context\":\"https:\/\/schema.org\",\"@graph\":[{\"@type\":\"WebPage\",\"@id\":\"https:\/\/derbe.it\/prodotto\/balsamo-idratante\/\",\"url\":\"https:\/\/derbe.it\/prodotto\/balsamo-idratante\/\",\"name\":\"Balsamo Idratante - Derbe - cosmetici naturali\",\"isPartOf\":{\"@id\":\"https:\/\/derbe.it\/#website\"},\"primaryImageOfPage\":{\"@id\":\"https:\/\/derbe.it\/prodotto\/balsamo-idratante\/#primaryimage\"},\"image\":{\"@id\":\"https:\/\/derbe.it\/prodotto\/balsamo-idratante\/#primaryimage\"},\"thumbnailUrl\":\"https:\/\/derbe.it\/wp-content\/uploads\/2024\/09\/balsamo-idratante-mare.jpg\",\"datePublished\":\"2024-09-19T12:39:14+00:00\",\"dateModified\":\"2025-09-11T11:01:02+00:00\",\"description\":\"Balsamo biologico arricchito con preziosi idrolati vegetali, ricchi di propriet\u00e0 eudermiche. Grazie ad un mix esclusivo di sostanze funzionali, offre un trattamento intensivo che ripristina l\u2019idratazione e la vitalit\u00e0 dei capelli, rendendoli morbidi, lisci e rimpolpati. SILICONE FREE: capelli pi\u00f9 facili da pettinare e pi\u00f9 flessibili anche senza siliconi.\",\"breadcrumb\":{\"@id\":\"https:\/\/derbe.it\/prodotto\/balsamo-idratante\/#breadcrumb\"},\"inLanguage\":\"de\",\"potentialAction\":[{\"@type\":\"ReadAction\",\"target\":[\"https:\/\/derbe.it\/prodotto\/balsamo-idratante\/\"]}]},{\"@type\":\"ImageObject\",\"inLanguage\":\"de\",\"@id\":\"https:\/\/derbe.it\/prodotto\/balsamo-idratante\/#primaryimage\",\"url\":\"https:\/\/derbe.it\/wp-content\/uploads\/2024\/09\/balsamo-idratante-mare.jpg\",\"contentUrl\":\"https:\/\/derbe.it\/wp-content\/uploads\/2024\/09\/balsamo-idratante-mare.jpg\",\"width\":1600,\"height\":2000},{\"@type\":\"BreadcrumbList\",\"@id\":\"https:\/\/derbe.it\/prodotto\/balsamo-idratante\/#breadcrumb\",\"itemListElement\":[{\"@type\":\"ListItem\",\"position\":1,\"name\":\"Home\",\"item\":\"https:\/\/derbe.it\/\"},{\"@type\":\"ListItem\",\"position\":2,\"name\":\"Shop\",\"item\":\"https:\/\/derbe.it\/en\/shop\/\"},{\"@type\":\"ListItem\",\"position\":3,\"name\":\"Maschere e balsami\",\"item\":\"https:\/\/derbe.it\/categoria-prodotto\/maschere-e-balsami\/\"},{\"@type\":\"ListItem\",\"position\":4,\"name\":\"Balsamo Idratante\"}]},{\"@type\":\"WebSite\",\"@id\":\"https:\/\/derbe.it\/#website\",\"url\":\"https:\/\/derbe.it\/\",\"name\":\"Derbe\",\"description\":\"Da oltre 50 anni - Made in italy - prodotti per capelli e corpo con estratti vegetali e formule sostenibili\",\"publisher\":{\"@id\":\"https:\/\/derbe.it\/#organization\"},\"potentialAction\":[{\"@type\":\"SearchAction\",\"target\":{\"@type\":\"EntryPoint\",\"urlTemplate\":\"https:\/\/derbe.it\/?s={search_term_string}\"},\"query-input\":{\"@type\":\"PropertyValueSpecification\",\"valueRequired\":true,\"valueName\":\"search_term_string\"}}],\"inLanguage\":\"de\"},{\"@type\":\"Organization\",\"@id\":\"https:\/\/derbe.it\/#organization\",\"name\":\"Derbe\",\"url\":\"https:\/\/derbe.it\/\",\"logo\":{\"@type\":\"ImageObject\",\"inLanguage\":\"de\",\"@id\":\"https:\/\/derbe.it\/#\/schema\/logo\/image\/\",\"url\":\"https:\/\/derbe.it\/wp-content\/uploads\/2025\/06\/logo_derbe_firenze.png\",\"contentUrl\":\"https:\/\/derbe.it\/wp-content\/uploads\/2025\/06\/logo_derbe_firenze.png\",\"width\":1200,\"height\":497,\"caption\":\"Derbe\"},\"image\":{\"@id\":\"https:\/\/derbe.it\/#\/schema\/logo\/image\/\"},\"sameAs\":[\"https:\/\/www.facebook.com\/evoderbebio\",\"https:\/\/www.instagram.com\/derbe.official\/\"],\"email\":\"info@derbe.it\",\"telephone\":\"+39 055 42 11 799\",\"legalName\":\"Derbe S.r.l. a socio unico\",\"vatID\":\"07272610481\"}]}<\/script>\n<!-- \/ Yoast SEO Premium plugin. -->","yoast_head_json":{"title":"Feuchtigkeitsbalsam - Derbe - Naturkosmetik","description":"Bio-Conditioner, angereichert mit wertvollen Pflanzenhydrolaten, reich an hautfreundlichen Eigenschaften. Dank einer exklusiven Wirkstoffmischung bietet er eine intensive Pflege, die dem Haar Feuchtigkeit und Vitalit\u00e4t zur\u00fcckgibt und es weich, geschmeidig und prall macht. SILIKONFREI: Das Haar ist auch ohne Silikone leichter k\u00e4mmbar und geschmeidiger.","robots":{"index":"index","follow":"follow","max-snippet":"max-snippet:-1","max-image-preview":"max-image-preview:large","max-video-preview":"max-video-preview:-1"},"canonical":"https:\/\/derbe.it\/de\/produkt\/feuchtigkeitsbalsam\/","og_locale":"de_DE","og_type":"article","og_title":"Balsamo Idratante","og_description":"Balsamo biologico arricchito con preziosi idrolati vegetali, ricchi di propriet\u00e0 eudermiche. Grazie ad un mix esclusivo di sostanze funzionali, offre un trattamento intensivo che ripristina l\u2019idratazione e la vitalit\u00e0 dei capelli, rendendoli morbidi, lisci e rimpolpati.  SILICONE FREE: capelli pi\u00f9 facili da pettinare e pi\u00f9 flessibili anche senza siliconi.","og_url":"https:\/\/derbe.it\/de\/produkt\/feuchtigkeitsbalsam\/","og_site_name":"Derbe - cosmetici naturali","article_publisher":"https:\/\/www.facebook.com\/evoderbebio","article_modified_time":"2025-09-11T11:01:02+00:00","og_image":[{"width":1600,"height":2000,"url":"https:\/\/derbe.it\/wp-content\/uploads\/2024\/09\/balsamo-idratante-mare.jpg","type":"image\/jpeg"}],"twitter_card":"summary_large_image","schema":{"@context":"https:\/\/schema.org","@graph":[{"@type":"WebPage","@id":"https:\/\/derbe.it\/prodotto\/balsamo-idratante\/","url":"https:\/\/derbe.it\/prodotto\/balsamo-idratante\/","name":"Feuchtigkeitsbalsam - Derbe - Naturkosmetik","isPartOf":{"@id":"https:\/\/derbe.it\/#website"},"primaryImageOfPage":{"@id":"https:\/\/derbe.it\/prodotto\/balsamo-idratante\/#primaryimage"},"image":{"@id":"https:\/\/derbe.it\/prodotto\/balsamo-idratante\/#primaryimage"},"thumbnailUrl":"https:\/\/derbe.it\/wp-content\/uploads\/2024\/09\/balsamo-idratante-mare.jpg","datePublished":"2024-09-19T12:39:14+00:00","dateModified":"2025-09-11T11:01:02+00:00","description":"Bio-Conditioner, angereichert mit wertvollen Pflanzenhydrolaten und reichhaltigen hautpflegenden Eigenschaften. Dank einer exklusiven Wirkstoffkombination bietet er eine intensive Pflege, die dem Haar Feuchtigkeit und Vitalit\u00e4t zur\u00fcckgibt und es weich, geschmeidig und volumin\u00f6s macht. SILIKONFREI: Das Haar ist leichter k\u00e4mmbar und geschmeidiger, auch ohne Silikone.","breadcrumb":{"@id":"https:\/\/derbe.it\/prodotto\/balsamo-idratante\/#breadcrumb"},"inLanguage":"de","potentialAction":[{"@type":"ReadAction","target":["https:\/\/derbe.it\/prodotto\/balsamo-idratante\/"]}]},{"@type":"ImageObject","inLanguage":"de","@id":"https:\/\/derbe.it\/prodotto\/balsamo-idratante\/#primaryimage","url":"https:\/\/derbe.it\/wp-content\/uploads\/2024\/09\/balsamo-idratante-mare.jpg","contentUrl":"https:\/\/derbe.it\/wp-content\/uploads\/2024\/09\/balsamo-idratante-mare.jpg","width":1600,"height":2000},{"@type":"BreadcrumbList","@id":"https:\/\/derbe.it\/prodotto\/balsamo-idratante\/#breadcrumb","itemListElement":[{"@type":"ListItem","position":1,"name":"Home","item":"https:\/\/derbe.it\/"},{"@type":"ListItem","position":2,"name":"Shop","item":"https:\/\/derbe.it\/en\/shop\/"},{"@type":"ListItem","position":3,"name":"Maschere e balsami","item":"https:\/\/derbe.it\/categoria-prodotto\/maschere-e-balsami\/"},{"@type":"ListItem","position":4,"name":"Balsamo Idratante"}]},{"@type":"WebSite","@id":"https:\/\/derbe.it\/#website","url":"https:\/\/derbe.it\/","name":"Derbe","description":"Seit \u00fcber 50 Jahren \u2013 Hergestellt in Italien \u2013 Haar- und K\u00f6rperpflegeprodukte mit Pflanzenextrakten und nachhaltigen Rezepturen","publisher":{"@id":"https:\/\/derbe.it\/#organization"},"potentialAction":[{"@type":"SearchAction","target":{"@type":"EntryPoint","urlTemplate":"https:\/\/derbe.it\/?s={search_term_string}"},"query-input":{"@type":"PropertyValueSpecification","valueRequired":true,"valueName":"search_term_string"}}],"inLanguage":"de"},{"@type":"Organization","@id":"https:\/\/derbe.it\/#organization","name":"Derbe","url":"https:\/\/derbe.it\/","logo":{"@type":"ImageObject","inLanguage":"de","@id":"https:\/\/derbe.it\/#\/schema\/logo\/image\/","url":"https:\/\/derbe.it\/wp-content\/uploads\/2025\/06\/logo_derbe_firenze.png","contentUrl":"https:\/\/derbe.it\/wp-content\/uploads\/2025\/06\/logo_derbe_firenze.png","width":1200,"height":497,"caption":"Derbe"},"image":{"@id":"https:\/\/derbe.it\/#\/schema\/logo\/image\/"},"sameAs":["https:\/\/www.facebook.com\/evoderbebio","https:\/\/www.instagram.com\/derbe.official\/"],"email":"info@derbe.it","telephone":"+39 055 42 11 799","legalName":"Derbe S.r.l. a socio unico","vatID":"07272610481"}]}},"_links":{"self":[{"href":"https:\/\/derbe.it\/de\/wp-json\/wp\/v2\/product\/906","targetHints":{"allow":["GET"]}}],"collection":[{"href":"https:\/\/derbe.it\/de\/wp-json\/wp\/v2\/product"}],"about":[{"href":"https:\/\/derbe.it\/de\/wp-json\/wp\/v2\/types\/product"}],"wp:featuredmedia":[{"embeddable":true,"href":"https:\/\/derbe.it\/de\/wp-json\/wp\/v2\/media\/1008"}],"wp:attachment":[{"href":"https:\/\/derbe.it\/de\/wp-json\/wp\/v2\/media?parent=906"}],"wp:term":[{"taxonomy":"caratteristica","embeddable":true,"href":"https:\/\/derbe.it\/de\/wp-json\/wp\/v2\/caratteristica?post=906"},{"taxonomy":"collezione","embeddable":true,"href":"https:\/\/derbe.it\/de\/wp-json\/wp\/v2\/collezione?post=906"},{"taxonomy":"formato","embeddable":true,"href":"https:\/\/derbe.it\/de\/wp-json\/wp\/v2\/formato?post=906"},{"taxonomy":"funzione","embeddable":true,"href":"https:\/\/derbe.it\/de\/wp-json\/wp\/v2\/funzione?post=906"},{"taxonomy":"utilizzo","embeddable":true,"href":"https:\/\/derbe.it\/de\/wp-json\/wp\/v2\/utilizzo?post=906"},{"taxonomy":"ingrediente-principale","embeddable":true,"href":"https:\/\/derbe.it\/de\/wp-json\/wp\/v2\/ingrediente-principale?post=906"},{"taxonomy":"product_brand","embeddable":true,"href":"https:\/\/derbe.it\/de\/wp-json\/wp\/v2\/product_brand?post=906"},{"taxonomy":"product_cat","embeddable":true,"href":"https:\/\/derbe.it\/de\/wp-json\/wp\/v2\/product_cat?post=906"},{"taxonomy":"product_tag","embeddable":true,"href":"https:\/\/derbe.it\/de\/wp-json\/wp\/v2\/product_tag?post=906"}],"curies":[{"name":"wp","href":"https:\/\/api.w.org\/{rel}","templated":true}]}}