{"id":907,"date":"2024-09-19T14:41:53","date_gmt":"2024-09-19T12:41:53","guid":{"rendered":"https:\/\/derbe.it\/prodotto\/hair-mist-idratante\/"},"modified":"2025-09-11T11:50:50","modified_gmt":"2025-09-11T09:50:50","slug":"feuchtigkeitsspendender-haarnebel","status":"publish","type":"product","link":"https:\/\/derbe.it\/de\/produkt\/feuchtigkeitsspendender-haarnebel\/","title":{"rendered":"Feuchtigkeitsspendender Haarnebel"},"content":{"rendered":"<p>Organic Hair Mist, ein zart duftender Haarnebel mit nat\u00fcrlichen und biologischen Inhaltsstoffen, erfrischt und pflegt trockenes, gef\u00f6hntes oder gegl\u00e4ttetes Haar. Perfekt f\u00fcr trockenes Haar, sorgt es den ganzen Tag \u00fcber f\u00fcr einen schnellen Frischekick. Es erfrischt und hydratisiert das Haar in einem einzigen Schritt und ist ideal f\u00fcr die Revitalisierung zwischen den Haarw\u00e4schen. Es wirkt Anti-Frizz und Hitzeschutz.<\/p>","protected":false},"excerpt":{"rendered":"<p>Hair Mist Biologica, una delicata nebbia profumata per capelli, formulata con ingredienti naturali e biologici per donare freschezza e nutrimento ai capelli aridi, rovinati dal phon o dalla piastra. Perfetta per i capelli secchi, dona un rapido tocco di freschezza durante la giornata. Rinfresca e idrata i capelli in un solo gesto, ideale per ravvivare la chioma tra un lavaggio e l\u2019altro. Anticrespo e svolge una funzione termoprotettiva. [&#8230;]<\/p>\n<p><a class=\"btn btn-secondary understrap-read-more-link\" href=\"https:\/\/derbe.it\/de\/produkt\/feuchtigkeitsspendender-haarnebel\/\">Mehr lesen \u2026<span class=\"screen-reader-text\"> from Hair Mist Idratante<\/span><\/a><\/p>","protected":false},"featured_media":898,"template":"","meta":{"_acf_changed":false},"caratteristica":[94,97,116],"collezione":[81],"formato":[],"funzione":[85],"utilizzo":[],"ingrediente-principale":[],"product_brand":[],"product_cat":[102],"product_tag":[],"class_list":{"0":"post-907","1":"product","2":"type-product","3":"status-publish","4":"has-post-thumbnail","6":"caratteristica-bio","7":"caratteristica-pack-riciclato","8":"caratteristica-sviluppato-da-biologi-esperti","9":"collezione-botanitech","10":"funzione-capelli-secchi-disidratati","11":"product_cat-styling","13":"first","14":"instock","15":"purchasable","16":"product-type-simple"},"acf":[],"yoast_head":"<!-- This site is optimized with the Yoast SEO Premium plugin v26.1 (Yoast SEO v26.8) - https:\/\/yoast.com\/product\/yoast-seo-premium-wordpress\/ -->\n<title>Hair Mist Idratante - Derbe - cosmetici naturali<\/title>\n<meta name=\"description\" content=\"Hair Mist Biologica, una delicata nebbia profumata per capelli, formulata con ingredienti naturali e biologici per donare freschezza e nutrimento ai capelli aridi, rovinati dal phon o dalla piastra. Perfetta per i capelli secchi, dona un rapido tocco di freschezza durante la giornata. Rinfresca e idrata i capelli in un solo gesto, ideale per ravvivare la chioma tra un lavaggio e l\u2019altro. Anticrespo e svolge una funzione termoprotettiva.\" \/>\n<meta name=\"robots\" content=\"index, follow, max-snippet:-1, max-image-preview:large, max-video-preview:-1\" \/>\n<link rel=\"canonical\" href=\"https:\/\/derbe.it\/de\/produkt\/feuchtigkeitsspendender-haarnebel\/\" \/>\n<meta property=\"og:locale\" content=\"de_DE\" \/>\n<meta property=\"og:type\" content=\"article\" \/>\n<meta property=\"og:title\" content=\"Hair Mist Idratante\" \/>\n<meta property=\"og:description\" content=\"Hair Mist Biologica, una delicata nebbia profumata per capelli, formulata con ingredienti naturali e biologici per donare freschezza e nutrimento ai capelli aridi, rovinati dal phon o dalla piastra. Perfetta per i capelli secchi, dona un rapido tocco di freschezza durante la giornata. Rinfresca e idrata i capelli in un solo gesto, ideale per ravvivare la chioma tra un lavaggio e l\u2019altro. Anticrespo e svolge una funzione termoprotettiva.\" \/>\n<meta property=\"og:url\" content=\"https:\/\/derbe.it\/de\/produkt\/feuchtigkeitsspendender-haarnebel\/\" \/>\n<meta property=\"og:site_name\" content=\"Derbe - cosmetici naturali\" \/>\n<meta property=\"article:publisher\" content=\"https:\/\/www.facebook.com\/evoderbebio\" \/>\n<meta property=\"article:modified_time\" content=\"2025-09-11T09:50:50+00:00\" \/>\n<meta property=\"og:image\" content=\"https:\/\/derbe.it\/wp-content\/uploads\/2025\/05\/hairmist-idratante-1.jpg\" \/>\n\t<meta property=\"og:image:width\" content=\"1600\" \/>\n\t<meta property=\"og:image:height\" content=\"2000\" \/>\n\t<meta property=\"og:image:type\" content=\"image\/jpeg\" \/>\n<meta name=\"twitter:card\" content=\"summary_large_image\" \/>\n<script type=\"application\/ld+json\" class=\"yoast-schema-graph\">{\"@context\":\"https:\/\/schema.org\",\"@graph\":[{\"@type\":\"WebPage\",\"@id\":\"https:\/\/derbe.it\/prodotto\/hair-mist-idratante\/\",\"url\":\"https:\/\/derbe.it\/prodotto\/hair-mist-idratante\/\",\"name\":\"Hair Mist Idratante - Derbe - cosmetici naturali\",\"isPartOf\":{\"@id\":\"https:\/\/derbe.it\/#website\"},\"primaryImageOfPage\":{\"@id\":\"https:\/\/derbe.it\/prodotto\/hair-mist-idratante\/#primaryimage\"},\"image\":{\"@id\":\"https:\/\/derbe.it\/prodotto\/hair-mist-idratante\/#primaryimage\"},\"thumbnailUrl\":\"https:\/\/derbe.it\/wp-content\/uploads\/2025\/05\/hairmist-idratante-1.jpg\",\"datePublished\":\"2024-09-19T12:41:53+00:00\",\"dateModified\":\"2025-09-11T09:50:50+00:00\",\"description\":\"Hair Mist Biologica, una delicata nebbia profumata per capelli, formulata con ingredienti naturali e biologici per donare freschezza e nutrimento ai capelli aridi, rovinati dal phon o dalla piastra. Perfetta per i capelli secchi, dona un rapido tocco di freschezza durante la giornata. Rinfresca e idrata i capelli in un solo gesto, ideale per ravvivare la chioma tra un lavaggio e l\u2019altro. Anticrespo e svolge una funzione termoprotettiva.\",\"breadcrumb\":{\"@id\":\"https:\/\/derbe.it\/prodotto\/hair-mist-idratante\/#breadcrumb\"},\"inLanguage\":\"de\",\"potentialAction\":[{\"@type\":\"ReadAction\",\"target\":[\"https:\/\/derbe.it\/prodotto\/hair-mist-idratante\/\"]}]},{\"@type\":\"ImageObject\",\"inLanguage\":\"de\",\"@id\":\"https:\/\/derbe.it\/prodotto\/hair-mist-idratante\/#primaryimage\",\"url\":\"https:\/\/derbe.it\/wp-content\/uploads\/2025\/05\/hairmist-idratante-1.jpg\",\"contentUrl\":\"https:\/\/derbe.it\/wp-content\/uploads\/2025\/05\/hairmist-idratante-1.jpg\",\"width\":1600,\"height\":2000},{\"@type\":\"BreadcrumbList\",\"@id\":\"https:\/\/derbe.it\/prodotto\/hair-mist-idratante\/#breadcrumb\",\"itemListElement\":[{\"@type\":\"ListItem\",\"position\":1,\"name\":\"Home\",\"item\":\"https:\/\/derbe.it\/\"},{\"@type\":\"ListItem\",\"position\":2,\"name\":\"Shop\",\"item\":\"https:\/\/derbe.it\/en\/shop\/\"},{\"@type\":\"ListItem\",\"position\":3,\"name\":\"Styling\",\"item\":\"https:\/\/derbe.it\/categoria-prodotto\/styling\/\"},{\"@type\":\"ListItem\",\"position\":4,\"name\":\"Hair Mist Idratante\"}]},{\"@type\":\"WebSite\",\"@id\":\"https:\/\/derbe.it\/#website\",\"url\":\"https:\/\/derbe.it\/\",\"name\":\"Derbe\",\"description\":\"Da oltre 50 anni - Made in italy - prodotti per capelli e corpo con estratti vegetali e formule sostenibili\",\"publisher\":{\"@id\":\"https:\/\/derbe.it\/#organization\"},\"potentialAction\":[{\"@type\":\"SearchAction\",\"target\":{\"@type\":\"EntryPoint\",\"urlTemplate\":\"https:\/\/derbe.it\/?s={search_term_string}\"},\"query-input\":{\"@type\":\"PropertyValueSpecification\",\"valueRequired\":true,\"valueName\":\"search_term_string\"}}],\"inLanguage\":\"de\"},{\"@type\":\"Organization\",\"@id\":\"https:\/\/derbe.it\/#organization\",\"name\":\"Derbe\",\"url\":\"https:\/\/derbe.it\/\",\"logo\":{\"@type\":\"ImageObject\",\"inLanguage\":\"de\",\"@id\":\"https:\/\/derbe.it\/#\/schema\/logo\/image\/\",\"url\":\"https:\/\/derbe.it\/wp-content\/uploads\/2025\/06\/logo_derbe_firenze.png\",\"contentUrl\":\"https:\/\/derbe.it\/wp-content\/uploads\/2025\/06\/logo_derbe_firenze.png\",\"width\":1200,\"height\":497,\"caption\":\"Derbe\"},\"image\":{\"@id\":\"https:\/\/derbe.it\/#\/schema\/logo\/image\/\"},\"sameAs\":[\"https:\/\/www.facebook.com\/evoderbebio\",\"https:\/\/www.instagram.com\/derbe.official\/\"],\"email\":\"info@derbe.it\",\"telephone\":\"+39 055 42 11 799\",\"legalName\":\"Derbe S.r.l. a socio unico\",\"vatID\":\"07272610481\"}]}<\/script>\n<!-- \/ Yoast SEO Premium plugin. -->","yoast_head_json":{"title":"Feuchtigkeitsspendendes Haarspray - Derbe - Naturkosmetik","description":"Organic Hair Mist, ein zart duftender Haarnebel mit nat\u00fcrlichen und biologischen Inhaltsstoffen, erfrischt und pflegt trockenes, gef\u00f6hntes oder gegl\u00e4ttetes Haar. Perfekt f\u00fcr trockenes Haar, sorgt es den ganzen Tag \u00fcber f\u00fcr einen schnellen Frischekick. Es erfrischt und hydratisiert das Haar in einem einzigen Schritt und ist ideal f\u00fcr die Revitalisierung zwischen den Haarw\u00e4schen. Es wirkt Anti-Frizz und Hitzeschutz.","robots":{"index":"index","follow":"follow","max-snippet":"max-snippet:-1","max-image-preview":"max-image-preview:large","max-video-preview":"max-video-preview:-1"},"canonical":"https:\/\/derbe.it\/de\/produkt\/feuchtigkeitsspendender-haarnebel\/","og_locale":"de_DE","og_type":"article","og_title":"Hair Mist Idratante","og_description":"Hair Mist Biologica, una delicata nebbia profumata per capelli, formulata con ingredienti naturali e biologici per donare freschezza e nutrimento ai capelli aridi, rovinati dal phon o dalla piastra. Perfetta per i capelli secchi, dona un rapido tocco di freschezza durante la giornata. Rinfresca e idrata i capelli in un solo gesto, ideale per ravvivare la chioma tra un lavaggio e l\u2019altro. Anticrespo e svolge una funzione termoprotettiva.","og_url":"https:\/\/derbe.it\/de\/produkt\/feuchtigkeitsspendender-haarnebel\/","og_site_name":"Derbe - cosmetici naturali","article_publisher":"https:\/\/www.facebook.com\/evoderbebio","article_modified_time":"2025-09-11T09:50:50+00:00","og_image":[{"width":1600,"height":2000,"url":"https:\/\/derbe.it\/wp-content\/uploads\/2025\/05\/hairmist-idratante-1.jpg","type":"image\/jpeg"}],"twitter_card":"summary_large_image","schema":{"@context":"https:\/\/schema.org","@graph":[{"@type":"WebPage","@id":"https:\/\/derbe.it\/prodotto\/hair-mist-idratante\/","url":"https:\/\/derbe.it\/prodotto\/hair-mist-idratante\/","name":"Feuchtigkeitsspendendes Haarspray - Derbe - Naturkosmetik","isPartOf":{"@id":"https:\/\/derbe.it\/#website"},"primaryImageOfPage":{"@id":"https:\/\/derbe.it\/prodotto\/hair-mist-idratante\/#primaryimage"},"image":{"@id":"https:\/\/derbe.it\/prodotto\/hair-mist-idratante\/#primaryimage"},"thumbnailUrl":"https:\/\/derbe.it\/wp-content\/uploads\/2025\/05\/hairmist-idratante-1.jpg","datePublished":"2024-09-19T12:41:53+00:00","dateModified":"2025-09-11T09:50:50+00:00","description":"Organic Hair Mist, ein zart duftender Haarnebel mit nat\u00fcrlichen und biologischen Inhaltsstoffen, erfrischt und pflegt trockenes, gef\u00f6hntes oder gegl\u00e4ttetes Haar. Perfekt f\u00fcr trockenes Haar, sorgt es den ganzen Tag \u00fcber f\u00fcr einen schnellen Frischekick. Es erfrischt und hydratisiert das Haar in einem einzigen Schritt und ist ideal f\u00fcr die Revitalisierung zwischen den Haarw\u00e4schen. Es wirkt Anti-Frizz und Hitzeschutz.","breadcrumb":{"@id":"https:\/\/derbe.it\/prodotto\/hair-mist-idratante\/#breadcrumb"},"inLanguage":"de","potentialAction":[{"@type":"ReadAction","target":["https:\/\/derbe.it\/prodotto\/hair-mist-idratante\/"]}]},{"@type":"ImageObject","inLanguage":"de","@id":"https:\/\/derbe.it\/prodotto\/hair-mist-idratante\/#primaryimage","url":"https:\/\/derbe.it\/wp-content\/uploads\/2025\/05\/hairmist-idratante-1.jpg","contentUrl":"https:\/\/derbe.it\/wp-content\/uploads\/2025\/05\/hairmist-idratante-1.jpg","width":1600,"height":2000},{"@type":"BreadcrumbList","@id":"https:\/\/derbe.it\/prodotto\/hair-mist-idratante\/#breadcrumb","itemListElement":[{"@type":"ListItem","position":1,"name":"Home","item":"https:\/\/derbe.it\/"},{"@type":"ListItem","position":2,"name":"Shop","item":"https:\/\/derbe.it\/en\/shop\/"},{"@type":"ListItem","position":3,"name":"Styling","item":"https:\/\/derbe.it\/categoria-prodotto\/styling\/"},{"@type":"ListItem","position":4,"name":"Hair Mist Idratante"}]},{"@type":"WebSite","@id":"https:\/\/derbe.it\/#website","url":"https:\/\/derbe.it\/","name":"Derbe","description":"Seit \u00fcber 50 Jahren \u2013 Hergestellt in Italien \u2013 Haar- und K\u00f6rperpflegeprodukte mit Pflanzenextrakten und nachhaltigen Rezepturen","publisher":{"@id":"https:\/\/derbe.it\/#organization"},"potentialAction":[{"@type":"SearchAction","target":{"@type":"EntryPoint","urlTemplate":"https:\/\/derbe.it\/?s={search_term_string}"},"query-input":{"@type":"PropertyValueSpecification","valueRequired":true,"valueName":"search_term_string"}}],"inLanguage":"de"},{"@type":"Organization","@id":"https:\/\/derbe.it\/#organization","name":"Derbe","url":"https:\/\/derbe.it\/","logo":{"@type":"ImageObject","inLanguage":"de","@id":"https:\/\/derbe.it\/#\/schema\/logo\/image\/","url":"https:\/\/derbe.it\/wp-content\/uploads\/2025\/06\/logo_derbe_firenze.png","contentUrl":"https:\/\/derbe.it\/wp-content\/uploads\/2025\/06\/logo_derbe_firenze.png","width":1200,"height":497,"caption":"Derbe"},"image":{"@id":"https:\/\/derbe.it\/#\/schema\/logo\/image\/"},"sameAs":["https:\/\/www.facebook.com\/evoderbebio","https:\/\/www.instagram.com\/derbe.official\/"],"email":"info@derbe.it","telephone":"+39 055 42 11 799","legalName":"Derbe S.r.l. a socio unico","vatID":"07272610481"}]}},"_links":{"self":[{"href":"https:\/\/derbe.it\/de\/wp-json\/wp\/v2\/product\/907","targetHints":{"allow":["GET"]}}],"collection":[{"href":"https:\/\/derbe.it\/de\/wp-json\/wp\/v2\/product"}],"about":[{"href":"https:\/\/derbe.it\/de\/wp-json\/wp\/v2\/types\/product"}],"wp:featuredmedia":[{"embeddable":true,"href":"https:\/\/derbe.it\/de\/wp-json\/wp\/v2\/media\/898"}],"wp:attachment":[{"href":"https:\/\/derbe.it\/de\/wp-json\/wp\/v2\/media?parent=907"}],"wp:term":[{"taxonomy":"caratteristica","embeddable":true,"href":"https:\/\/derbe.it\/de\/wp-json\/wp\/v2\/caratteristica?post=907"},{"taxonomy":"collezione","embeddable":true,"href":"https:\/\/derbe.it\/de\/wp-json\/wp\/v2\/collezione?post=907"},{"taxonomy":"formato","embeddable":true,"href":"https:\/\/derbe.it\/de\/wp-json\/wp\/v2\/formato?post=907"},{"taxonomy":"funzione","embeddable":true,"href":"https:\/\/derbe.it\/de\/wp-json\/wp\/v2\/funzione?post=907"},{"taxonomy":"utilizzo","embeddable":true,"href":"https:\/\/derbe.it\/de\/wp-json\/wp\/v2\/utilizzo?post=907"},{"taxonomy":"ingrediente-principale","embeddable":true,"href":"https:\/\/derbe.it\/de\/wp-json\/wp\/v2\/ingrediente-principale?post=907"},{"taxonomy":"product_brand","embeddable":true,"href":"https:\/\/derbe.it\/de\/wp-json\/wp\/v2\/product_brand?post=907"},{"taxonomy":"product_cat","embeddable":true,"href":"https:\/\/derbe.it\/de\/wp-json\/wp\/v2\/product_cat?post=907"},{"taxonomy":"product_tag","embeddable":true,"href":"https:\/\/derbe.it\/de\/wp-json\/wp\/v2\/product_tag?post=907"}],"curies":[{"name":"wp","href":"https:\/\/api.w.org\/{rel}","templated":true}]}}