{"id":912,"date":"2024-09-19T14:54:06","date_gmt":"2024-09-19T12:54:06","guid":{"rendered":"https:\/\/derbe.it\/prodotto\/balsamo-antiforfora\/"},"modified":"2025-06-24T16:41:20","modified_gmt":"2025-06-24T14:41:20","slug":"anti-schuppen-conditioner","status":"publish","type":"product","link":"https:\/\/derbe.it\/de\/produkt\/anti-schuppen-conditioner\/","title":{"rendered":"Anti-Schuppen-Conditioner"},"content":{"rendered":"<p>Antischuppen-Conditioner, angereichert mit wertvollen Pflanzenhydrolaten und reich an hautpflegenden Eigenschaften: Er gleicht die Mikrobiota der Haut dank der enthaltenen funktionellen Substanzen mit reinigenden und ausgleichenden Eigenschaften aus. Er verleiht dem Haar Weichheit und Glanz und wirkt als Erg\u00e4nzung zu Antischuppen-Shampoos, wodurch Schuppen und Abschuppungen reduziert werden.<span class=\"Apple-converted-space\">\u00a0<\/span><\/p>\n<p>SILIKONFREI: Auch ohne Silikone ist das Haar leichter k\u00e4mmbar und geschmeidiger.<\/p>","protected":false},"excerpt":{"rendered":"<p>Antischuppen-Conditioner, angereichert mit wertvollen Pflanzenhydrolaten und reich an hautpflegenden Eigenschaften: Er gleicht die Mikrobiota der Haut dank der enthaltenen funktionellen Substanzen mit reinigenden und ausgleichenden Eigenschaften aus. Er verleiht dem Haar Weichheit und Glanz und wirkt als Erg\u00e4nzung zu Antischuppen-Shampoos, wodurch Schuppen und Abschuppungen reduziert werden.<span class=\"Apple-converted-space\">\u00a0<\/span><\/p>\n<p>SILICONE FREE: capelli pi\u00f9 facili da pettinare e pi\u00f9 flessibili anche senza siliconi. [&#8230;]<\/p>\n<p><a class=\"btn btn-secondary understrap-read-more-link\" href=\"https:\/\/derbe.it\/de\/produkt\/anti-schuppen-conditioner\/\">Mehr lesen \u2026<span class=\"screen-reader-text\"> von Anti-Schuppen-Sp\u00fclung<\/span><\/a><\/p>","protected":false},"featured_media":899,"template":"","meta":{"_acf_changed":false},"caratteristica":[],"collezione":[81],"formato":[],"funzione":[84],"utilizzo":[],"ingrediente-principale":[],"product_brand":[],"product_cat":[101],"product_tag":[],"class_list":{"0":"post-912","1":"product","2":"type-product","3":"status-publish","4":"has-post-thumbnail","6":"collezione-botanitech","7":"funzione-capelli-con-forfora","8":"product_cat-maschere-e-balsami","10":"first","11":"instock","12":"purchasable","13":"product-type-simple"},"acf":[],"yoast_head":"<!-- This site is optimized with the Yoast SEO Premium plugin v26.1 (Yoast SEO v26.8) - https:\/\/yoast.com\/product\/yoast-seo-premium-wordpress\/ -->\n<title>Balsamo Antiforfora - Derbe - cosmetici naturali<\/title>\n<meta name=\"description\" content=\"Balsamo Antiforfora arricchito con preziosi idrolati vegetali, ricchi di propriet\u00e0 eudermiche: bilancia il microbiota cutaneo grazie alla presenza di sostanze funzionali dalle propriet\u00e0 purificanti e riequilibranti. Dona morbidezza e lucentezza ai capelli e svolge un\u2019azione coadiuvante allo shampoo antiforfora, riducendo il problema della forfora e della disquamazione.\u00a0 SILICONE FREE: capelli pi\u00f9 facili da pettinare e pi\u00f9 flessibili anche senza siliconi.\" \/>\n<meta name=\"robots\" content=\"index, follow, max-snippet:-1, max-image-preview:large, max-video-preview:-1\" \/>\n<link rel=\"canonical\" href=\"https:\/\/derbe.it\/de\/produkt\/anti-schuppen-conditioner\/\" \/>\n<meta property=\"og:locale\" content=\"de_DE\" \/>\n<meta property=\"og:type\" content=\"article\" \/>\n<meta property=\"og:title\" content=\"Balsamo Antiforfora\" \/>\n<meta property=\"og:description\" content=\"Balsamo Antiforfora arricchito con preziosi idrolati vegetali, ricchi di propriet\u00e0 eudermiche: bilancia il microbiota cutaneo grazie alla presenza di sostanze funzionali dalle propriet\u00e0 purificanti e riequilibranti. Dona morbidezza e lucentezza ai capelli e svolge un\u2019azione coadiuvante allo shampoo antiforfora, riducendo il problema della forfora e della disquamazione.\u00a0 SILICONE FREE: capelli pi\u00f9 facili da pettinare e pi\u00f9 flessibili anche senza siliconi.\" \/>\n<meta property=\"og:url\" content=\"https:\/\/derbe.it\/de\/produkt\/anti-schuppen-conditioner\/\" \/>\n<meta property=\"og:site_name\" content=\"Derbe - cosmetici naturali\" \/>\n<meta property=\"article:publisher\" content=\"https:\/\/www.facebook.com\/evoderbebio\" \/>\n<meta property=\"article:modified_time\" content=\"2025-06-24T14:41:20+00:00\" \/>\n<meta property=\"og:image\" content=\"https:\/\/derbe.it\/wp-content\/uploads\/2025\/05\/balsamo-antiforfora-1.jpg\" \/>\n\t<meta property=\"og:image:width\" content=\"1600\" \/>\n\t<meta property=\"og:image:height\" content=\"2000\" \/>\n\t<meta property=\"og:image:type\" content=\"image\/jpeg\" \/>\n<meta name=\"twitter:card\" content=\"summary_large_image\" \/>\n<script type=\"application\/ld+json\" class=\"yoast-schema-graph\">{\"@context\":\"https:\/\/schema.org\",\"@graph\":[{\"@type\":\"WebPage\",\"@id\":\"https:\/\/derbe.it\/prodotto\/balsamo-antiforfora\/\",\"url\":\"https:\/\/derbe.it\/prodotto\/balsamo-antiforfora\/\",\"name\":\"Balsamo Antiforfora - Derbe - cosmetici naturali\",\"isPartOf\":{\"@id\":\"https:\/\/derbe.it\/#website\"},\"primaryImageOfPage\":{\"@id\":\"https:\/\/derbe.it\/prodotto\/balsamo-antiforfora\/#primaryimage\"},\"image\":{\"@id\":\"https:\/\/derbe.it\/prodotto\/balsamo-antiforfora\/#primaryimage\"},\"thumbnailUrl\":\"https:\/\/derbe.it\/wp-content\/uploads\/2025\/05\/balsamo-antiforfora-1.jpg\",\"datePublished\":\"2024-09-19T12:54:06+00:00\",\"dateModified\":\"2025-06-24T14:41:20+00:00\",\"description\":\"Balsamo Antiforfora arricchito con preziosi idrolati vegetali, ricchi di propriet\u00e0 eudermiche: bilancia il microbiota cutaneo grazie alla presenza di sostanze funzionali dalle propriet\u00e0 purificanti e riequilibranti. Dona morbidezza e lucentezza ai capelli e svolge un\u2019azione coadiuvante allo shampoo antiforfora, riducendo il problema della forfora e della disquamazione.\u00a0 SILICONE FREE: capelli pi\u00f9 facili da pettinare e pi\u00f9 flessibili anche senza siliconi.\",\"breadcrumb\":{\"@id\":\"https:\/\/derbe.it\/prodotto\/balsamo-antiforfora\/#breadcrumb\"},\"inLanguage\":\"de\",\"potentialAction\":[{\"@type\":\"ReadAction\",\"target\":[\"https:\/\/derbe.it\/prodotto\/balsamo-antiforfora\/\"]}]},{\"@type\":\"ImageObject\",\"inLanguage\":\"de\",\"@id\":\"https:\/\/derbe.it\/prodotto\/balsamo-antiforfora\/#primaryimage\",\"url\":\"https:\/\/derbe.it\/wp-content\/uploads\/2025\/05\/balsamo-antiforfora-1.jpg\",\"contentUrl\":\"https:\/\/derbe.it\/wp-content\/uploads\/2025\/05\/balsamo-antiforfora-1.jpg\",\"width\":1600,\"height\":2000},{\"@type\":\"BreadcrumbList\",\"@id\":\"https:\/\/derbe.it\/prodotto\/balsamo-antiforfora\/#breadcrumb\",\"itemListElement\":[{\"@type\":\"ListItem\",\"position\":1,\"name\":\"Home\",\"item\":\"https:\/\/derbe.it\/\"},{\"@type\":\"ListItem\",\"position\":2,\"name\":\"Shop\",\"item\":\"https:\/\/derbe.it\/en\/shop\/\"},{\"@type\":\"ListItem\",\"position\":3,\"name\":\"Maschere e balsami\",\"item\":\"https:\/\/derbe.it\/categoria-prodotto\/maschere-e-balsami\/\"},{\"@type\":\"ListItem\",\"position\":4,\"name\":\"Balsamo Antiforfora\"}]},{\"@type\":\"WebSite\",\"@id\":\"https:\/\/derbe.it\/#website\",\"url\":\"https:\/\/derbe.it\/\",\"name\":\"Derbe\",\"description\":\"Da oltre 50 anni - Made in italy - prodotti per capelli e corpo con estratti vegetali e formule sostenibili\",\"publisher\":{\"@id\":\"https:\/\/derbe.it\/#organization\"},\"potentialAction\":[{\"@type\":\"SearchAction\",\"target\":{\"@type\":\"EntryPoint\",\"urlTemplate\":\"https:\/\/derbe.it\/?s={search_term_string}\"},\"query-input\":{\"@type\":\"PropertyValueSpecification\",\"valueRequired\":true,\"valueName\":\"search_term_string\"}}],\"inLanguage\":\"de\"},{\"@type\":\"Organization\",\"@id\":\"https:\/\/derbe.it\/#organization\",\"name\":\"Derbe\",\"url\":\"https:\/\/derbe.it\/\",\"logo\":{\"@type\":\"ImageObject\",\"inLanguage\":\"de\",\"@id\":\"https:\/\/derbe.it\/#\/schema\/logo\/image\/\",\"url\":\"https:\/\/derbe.it\/wp-content\/uploads\/2025\/06\/logo_derbe_firenze.png\",\"contentUrl\":\"https:\/\/derbe.it\/wp-content\/uploads\/2025\/06\/logo_derbe_firenze.png\",\"width\":1200,\"height\":497,\"caption\":\"Derbe\"},\"image\":{\"@id\":\"https:\/\/derbe.it\/#\/schema\/logo\/image\/\"},\"sameAs\":[\"https:\/\/www.facebook.com\/evoderbebio\",\"https:\/\/www.instagram.com\/derbe.official\/\"],\"email\":\"info@derbe.it\",\"telephone\":\"+39 055 42 11 799\",\"legalName\":\"Derbe S.r.l. a socio unico\",\"vatID\":\"07272610481\"}]}<\/script>\n<!-- \/ Yoast SEO Premium plugin. -->","yoast_head_json":{"title":"Anti-Schuppen-Sp\u00fclung - Derbe - Naturkosmetik","description":"Antischuppen-Conditioner, angereichert mit wertvollen Pflanzenhydrolaten und reich an hautpflegenden Eigenschaften: Er gleicht die Hautmikrobiota dank der enthaltenen funktionellen Substanzen mit reinigender und ausgleichender Wirkung aus. Verleiht dem Haar Weichheit und Glanz und wirkt als Erg\u00e4nzung zu Antischuppenshampoos, wodurch Schuppenbildung reduziert wird. SILIKONFREI: Das Haar l\u00e4sst sich auch ohne Silikone leichter k\u00e4mmen und ist geschmeidiger.","robots":{"index":"index","follow":"follow","max-snippet":"max-snippet:-1","max-image-preview":"max-image-preview:large","max-video-preview":"max-video-preview:-1"},"canonical":"https:\/\/derbe.it\/de\/produkt\/anti-schuppen-conditioner\/","og_locale":"de_DE","og_type":"article","og_title":"Balsamo Antiforfora","og_description":"Balsamo Antiforfora arricchito con preziosi idrolati vegetali, ricchi di propriet\u00e0 eudermiche: bilancia il microbiota cutaneo grazie alla presenza di sostanze funzionali dalle propriet\u00e0 purificanti e riequilibranti. Dona morbidezza e lucentezza ai capelli e svolge un\u2019azione coadiuvante allo shampoo antiforfora, riducendo il problema della forfora e della disquamazione.\u00a0 SILICONE FREE: capelli pi\u00f9 facili da pettinare e pi\u00f9 flessibili anche senza siliconi.","og_url":"https:\/\/derbe.it\/de\/produkt\/anti-schuppen-conditioner\/","og_site_name":"Derbe - cosmetici naturali","article_publisher":"https:\/\/www.facebook.com\/evoderbebio","article_modified_time":"2025-06-24T14:41:20+00:00","og_image":[{"width":1600,"height":2000,"url":"https:\/\/derbe.it\/wp-content\/uploads\/2025\/05\/balsamo-antiforfora-1.jpg","type":"image\/jpeg"}],"twitter_card":"summary_large_image","schema":{"@context":"https:\/\/schema.org","@graph":[{"@type":"WebPage","@id":"https:\/\/derbe.it\/prodotto\/balsamo-antiforfora\/","url":"https:\/\/derbe.it\/prodotto\/balsamo-antiforfora\/","name":"Anti-Schuppen-Sp\u00fclung - Derbe - Naturkosmetik","isPartOf":{"@id":"https:\/\/derbe.it\/#website"},"primaryImageOfPage":{"@id":"https:\/\/derbe.it\/prodotto\/balsamo-antiforfora\/#primaryimage"},"image":{"@id":"https:\/\/derbe.it\/prodotto\/balsamo-antiforfora\/#primaryimage"},"thumbnailUrl":"https:\/\/derbe.it\/wp-content\/uploads\/2025\/05\/balsamo-antiforfora-1.jpg","datePublished":"2024-09-19T12:54:06+00:00","dateModified":"2025-06-24T14:41:20+00:00","description":"Antischuppen-Conditioner, angereichert mit wertvollen Pflanzenhydrolaten und reich an hautpflegenden Eigenschaften: Er gleicht die Hautmikrobiota dank der enthaltenen funktionellen Substanzen mit reinigender und ausgleichender Wirkung aus. Verleiht dem Haar Weichheit und Glanz und wirkt als Erg\u00e4nzung zu Antischuppenshampoos, wodurch Schuppenbildung reduziert wird. SILIKONFREI: Das Haar l\u00e4sst sich auch ohne Silikone leichter k\u00e4mmen und ist geschmeidiger.","breadcrumb":{"@id":"https:\/\/derbe.it\/prodotto\/balsamo-antiforfora\/#breadcrumb"},"inLanguage":"de","potentialAction":[{"@type":"ReadAction","target":["https:\/\/derbe.it\/prodotto\/balsamo-antiforfora\/"]}]},{"@type":"ImageObject","inLanguage":"de","@id":"https:\/\/derbe.it\/prodotto\/balsamo-antiforfora\/#primaryimage","url":"https:\/\/derbe.it\/wp-content\/uploads\/2025\/05\/balsamo-antiforfora-1.jpg","contentUrl":"https:\/\/derbe.it\/wp-content\/uploads\/2025\/05\/balsamo-antiforfora-1.jpg","width":1600,"height":2000},{"@type":"BreadcrumbList","@id":"https:\/\/derbe.it\/prodotto\/balsamo-antiforfora\/#breadcrumb","itemListElement":[{"@type":"ListItem","position":1,"name":"Home","item":"https:\/\/derbe.it\/"},{"@type":"ListItem","position":2,"name":"Shop","item":"https:\/\/derbe.it\/en\/shop\/"},{"@type":"ListItem","position":3,"name":"Maschere e balsami","item":"https:\/\/derbe.it\/categoria-prodotto\/maschere-e-balsami\/"},{"@type":"ListItem","position":4,"name":"Balsamo Antiforfora"}]},{"@type":"WebSite","@id":"https:\/\/derbe.it\/#website","url":"https:\/\/derbe.it\/","name":"Derbe","description":"Seit \u00fcber 50 Jahren \u2013 Hergestellt in Italien \u2013 Haar- und K\u00f6rperpflegeprodukte mit Pflanzenextrakten und nachhaltigen Rezepturen","publisher":{"@id":"https:\/\/derbe.it\/#organization"},"potentialAction":[{"@type":"SearchAction","target":{"@type":"EntryPoint","urlTemplate":"https:\/\/derbe.it\/?s={search_term_string}"},"query-input":{"@type":"PropertyValueSpecification","valueRequired":true,"valueName":"search_term_string"}}],"inLanguage":"de"},{"@type":"Organization","@id":"https:\/\/derbe.it\/#organization","name":"Derbe","url":"https:\/\/derbe.it\/","logo":{"@type":"ImageObject","inLanguage":"de","@id":"https:\/\/derbe.it\/#\/schema\/logo\/image\/","url":"https:\/\/derbe.it\/wp-content\/uploads\/2025\/06\/logo_derbe_firenze.png","contentUrl":"https:\/\/derbe.it\/wp-content\/uploads\/2025\/06\/logo_derbe_firenze.png","width":1200,"height":497,"caption":"Derbe"},"image":{"@id":"https:\/\/derbe.it\/#\/schema\/logo\/image\/"},"sameAs":["https:\/\/www.facebook.com\/evoderbebio","https:\/\/www.instagram.com\/derbe.official\/"],"email":"info@derbe.it","telephone":"+39 055 42 11 799","legalName":"Derbe S.r.l. a socio unico","vatID":"07272610481"}]}},"_links":{"self":[{"href":"https:\/\/derbe.it\/de\/wp-json\/wp\/v2\/product\/912","targetHints":{"allow":["GET"]}}],"collection":[{"href":"https:\/\/derbe.it\/de\/wp-json\/wp\/v2\/product"}],"about":[{"href":"https:\/\/derbe.it\/de\/wp-json\/wp\/v2\/types\/product"}],"wp:featuredmedia":[{"embeddable":true,"href":"https:\/\/derbe.it\/de\/wp-json\/wp\/v2\/media\/899"}],"wp:attachment":[{"href":"https:\/\/derbe.it\/de\/wp-json\/wp\/v2\/media?parent=912"}],"wp:term":[{"taxonomy":"caratteristica","embeddable":true,"href":"https:\/\/derbe.it\/de\/wp-json\/wp\/v2\/caratteristica?post=912"},{"taxonomy":"collezione","embeddable":true,"href":"https:\/\/derbe.it\/de\/wp-json\/wp\/v2\/collezione?post=912"},{"taxonomy":"formato","embeddable":true,"href":"https:\/\/derbe.it\/de\/wp-json\/wp\/v2\/formato?post=912"},{"taxonomy":"funzione","embeddable":true,"href":"https:\/\/derbe.it\/de\/wp-json\/wp\/v2\/funzione?post=912"},{"taxonomy":"utilizzo","embeddable":true,"href":"https:\/\/derbe.it\/de\/wp-json\/wp\/v2\/utilizzo?post=912"},{"taxonomy":"ingrediente-principale","embeddable":true,"href":"https:\/\/derbe.it\/de\/wp-json\/wp\/v2\/ingrediente-principale?post=912"},{"taxonomy":"product_brand","embeddable":true,"href":"https:\/\/derbe.it\/de\/wp-json\/wp\/v2\/product_brand?post=912"},{"taxonomy":"product_cat","embeddable":true,"href":"https:\/\/derbe.it\/de\/wp-json\/wp\/v2\/product_cat?post=912"},{"taxonomy":"product_tag","embeddable":true,"href":"https:\/\/derbe.it\/de\/wp-json\/wp\/v2\/product_tag?post=912"}],"curies":[{"name":"wp","href":"https:\/\/api.w.org\/{rel}","templated":true}]}}