{"id":913,"date":"2024-09-19T14:56:00","date_gmt":"2024-09-19T12:56:00","guid":{"rendered":"https:\/\/derbe.it\/prodotto\/hair-mist-antiforfora\/"},"modified":"2025-06-24T16:41:20","modified_gmt":"2025-06-24T14:41:20","slug":"anti-schuppen-haarspray","status":"publish","type":"product","link":"https:\/\/derbe.it\/de\/produkt\/anti-schuppen-haarspray\/","title":{"rendered":"Anti-Schuppen-Haarspray"},"content":{"rendered":"<p>Das Anti-Schuppen-Haarspray ist perfekt f\u00fcr den t\u00e4glichen Gebrauch und verleiht ausgeglichenem, frischem und strahlendem Haar den letzten Schliff. Es erfrischt und belebt das Haar jeden Tag. Angereichert mit einer Mischung aus nat\u00fcrlichen Bio-Inhaltsstoffen, die Schuppen bek\u00e4mpfen, das Haar praller machen und einen Anti-Frizz-Effekt haben.<\/p>\n<p>Bio-Produkt, hergestellt in recycelter Verpackung<span class=\"Apple-converted-space\">\u00a0<\/span><\/p>","protected":false},"excerpt":{"rendered":"<p>Das Anti-Schuppen-Haarspray ist perfekt f\u00fcr den t\u00e4glichen Gebrauch und verleiht ausgeglichenem, frischem und strahlendem Haar den letzten Schliff. Es erfrischt und belebt das Haar jeden Tag. Angereichert mit einer Mischung aus nat\u00fcrlichen Bio-Inhaltsstoffen, die Schuppen bek\u00e4mpfen, das Haar praller machen und einen Anti-Frizz-Effekt haben.<\/p>\n<p>Bio-Produkt, hergestellt in recycelter Verpackung<span class=\"Apple-converted-space\">\u00a0<\/span> [\u2026]<\/p>\n<p><a class=\"btn btn-secondary understrap-read-more-link\" href=\"https:\/\/derbe.it\/de\/produkt\/anti-schuppen-haarspray\/\">Mehr lesen \u2026<span class=\"screen-reader-text\"> von Hair Mist Anti-Schuppen<\/span><\/a><\/p>","protected":false},"featured_media":897,"template":"","meta":{"_acf_changed":false},"caratteristica":[],"collezione":[81],"formato":[],"funzione":[84],"utilizzo":[],"ingrediente-principale":[],"product_brand":[],"product_cat":[102],"product_tag":[],"class_list":{"0":"post-913","1":"product","2":"type-product","3":"status-publish","4":"has-post-thumbnail","6":"collezione-botanitech","7":"funzione-capelli-con-forfora","8":"product_cat-styling","10":"first","11":"instock","12":"purchasable","13":"product-type-simple"},"acf":[],"yoast_head":"<!-- This site is optimized with the Yoast SEO Premium plugin v26.1 (Yoast SEO v26.8) - https:\/\/yoast.com\/product\/yoast-seo-premium-wordpress\/ -->\n<title>Hair Mist Antiforfora - Derbe - cosmetici naturali<\/title>\n<meta name=\"description\" content=\"Perfetta per l\u2019uso quotidiano, la Hair Mist Antiforfora \u00e8 il tocco finale ideale per una chioma equilibrata, fresca e radiosa. Rinfresca e tonifica i capelli ogni giorno. Arricchita con una miscela di ingredienti biologici naturali che combattono la forfora e rimpolpano i capelli e svolgono un\u2019azione anti-crespo. Prodotto Biologico, realizzato in pack riciclato\u00a0\" \/>\n<meta name=\"robots\" content=\"index, follow, max-snippet:-1, max-image-preview:large, max-video-preview:-1\" \/>\n<link rel=\"canonical\" href=\"https:\/\/derbe.it\/de\/produkt\/anti-schuppen-haarspray\/\" \/>\n<meta property=\"og:locale\" content=\"de_DE\" \/>\n<meta property=\"og:type\" content=\"article\" \/>\n<meta property=\"og:title\" content=\"Hair Mist Antiforfora\" \/>\n<meta property=\"og:description\" content=\"Perfetta per l\u2019uso quotidiano, la Hair Mist Antiforfora \u00e8 il tocco finale ideale per una chioma equilibrata, fresca e radiosa. Rinfresca e tonifica i capelli ogni giorno. Arricchita con una miscela di ingredienti biologici naturali che combattono la forfora e rimpolpano i capelli e svolgono un\u2019azione anti-crespo. Prodotto Biologico, realizzato in pack riciclato\u00a0\" \/>\n<meta property=\"og:url\" content=\"https:\/\/derbe.it\/de\/produkt\/anti-schuppen-haarspray\/\" \/>\n<meta property=\"og:site_name\" content=\"Derbe - cosmetici naturali\" \/>\n<meta property=\"article:publisher\" content=\"https:\/\/www.facebook.com\/evoderbebio\" \/>\n<meta property=\"article:modified_time\" content=\"2025-06-24T14:41:20+00:00\" \/>\n<meta property=\"og:image\" content=\"https:\/\/derbe.it\/wp-content\/uploads\/2025\/05\/hairmist-antiforfora-1.jpg\" \/>\n\t<meta property=\"og:image:width\" content=\"1600\" \/>\n\t<meta property=\"og:image:height\" content=\"2000\" \/>\n\t<meta property=\"og:image:type\" content=\"image\/jpeg\" \/>\n<meta name=\"twitter:card\" content=\"summary_large_image\" \/>\n<script type=\"application\/ld+json\" class=\"yoast-schema-graph\">{\"@context\":\"https:\/\/schema.org\",\"@graph\":[{\"@type\":\"WebPage\",\"@id\":\"https:\/\/derbe.it\/prodotto\/hair-mist-antiforfora\/\",\"url\":\"https:\/\/derbe.it\/prodotto\/hair-mist-antiforfora\/\",\"name\":\"Hair Mist Antiforfora - Derbe - cosmetici naturali\",\"isPartOf\":{\"@id\":\"https:\/\/derbe.it\/#website\"},\"primaryImageOfPage\":{\"@id\":\"https:\/\/derbe.it\/prodotto\/hair-mist-antiforfora\/#primaryimage\"},\"image\":{\"@id\":\"https:\/\/derbe.it\/prodotto\/hair-mist-antiforfora\/#primaryimage\"},\"thumbnailUrl\":\"https:\/\/derbe.it\/wp-content\/uploads\/2025\/05\/hairmist-antiforfora-1.jpg\",\"datePublished\":\"2024-09-19T12:56:00+00:00\",\"dateModified\":\"2025-06-24T14:41:20+00:00\",\"description\":\"Perfetta per l\u2019uso quotidiano, la Hair Mist Antiforfora \u00e8 il tocco finale ideale per una chioma equilibrata, fresca e radiosa. Rinfresca e tonifica i capelli ogni giorno. Arricchita con una miscela di ingredienti biologici naturali che combattono la forfora e rimpolpano i capelli e svolgono un\u2019azione anti-crespo. Prodotto Biologico, realizzato in pack riciclato\u00a0\",\"breadcrumb\":{\"@id\":\"https:\/\/derbe.it\/prodotto\/hair-mist-antiforfora\/#breadcrumb\"},\"inLanguage\":\"de\",\"potentialAction\":[{\"@type\":\"ReadAction\",\"target\":[\"https:\/\/derbe.it\/prodotto\/hair-mist-antiforfora\/\"]}]},{\"@type\":\"ImageObject\",\"inLanguage\":\"de\",\"@id\":\"https:\/\/derbe.it\/prodotto\/hair-mist-antiforfora\/#primaryimage\",\"url\":\"https:\/\/derbe.it\/wp-content\/uploads\/2025\/05\/hairmist-antiforfora-1.jpg\",\"contentUrl\":\"https:\/\/derbe.it\/wp-content\/uploads\/2025\/05\/hairmist-antiforfora-1.jpg\",\"width\":1600,\"height\":2000},{\"@type\":\"BreadcrumbList\",\"@id\":\"https:\/\/derbe.it\/prodotto\/hair-mist-antiforfora\/#breadcrumb\",\"itemListElement\":[{\"@type\":\"ListItem\",\"position\":1,\"name\":\"Home\",\"item\":\"https:\/\/derbe.it\/\"},{\"@type\":\"ListItem\",\"position\":2,\"name\":\"Shop\",\"item\":\"https:\/\/derbe.it\/en\/shop\/\"},{\"@type\":\"ListItem\",\"position\":3,\"name\":\"Styling\",\"item\":\"https:\/\/derbe.it\/categoria-prodotto\/styling\/\"},{\"@type\":\"ListItem\",\"position\":4,\"name\":\"Hair Mist Antiforfora\"}]},{\"@type\":\"WebSite\",\"@id\":\"https:\/\/derbe.it\/#website\",\"url\":\"https:\/\/derbe.it\/\",\"name\":\"Derbe\",\"description\":\"Da oltre 50 anni - Made in italy - prodotti per capelli e corpo con estratti vegetali e formule sostenibili\",\"publisher\":{\"@id\":\"https:\/\/derbe.it\/#organization\"},\"potentialAction\":[{\"@type\":\"SearchAction\",\"target\":{\"@type\":\"EntryPoint\",\"urlTemplate\":\"https:\/\/derbe.it\/?s={search_term_string}\"},\"query-input\":{\"@type\":\"PropertyValueSpecification\",\"valueRequired\":true,\"valueName\":\"search_term_string\"}}],\"inLanguage\":\"de\"},{\"@type\":\"Organization\",\"@id\":\"https:\/\/derbe.it\/#organization\",\"name\":\"Derbe\",\"url\":\"https:\/\/derbe.it\/\",\"logo\":{\"@type\":\"ImageObject\",\"inLanguage\":\"de\",\"@id\":\"https:\/\/derbe.it\/#\/schema\/logo\/image\/\",\"url\":\"https:\/\/derbe.it\/wp-content\/uploads\/2025\/06\/logo_derbe_firenze.png\",\"contentUrl\":\"https:\/\/derbe.it\/wp-content\/uploads\/2025\/06\/logo_derbe_firenze.png\",\"width\":1200,\"height\":497,\"caption\":\"Derbe\"},\"image\":{\"@id\":\"https:\/\/derbe.it\/#\/schema\/logo\/image\/\"},\"sameAs\":[\"https:\/\/www.facebook.com\/evoderbebio\",\"https:\/\/www.instagram.com\/derbe.official\/\"],\"email\":\"info@derbe.it\",\"telephone\":\"+39 055 42 11 799\",\"legalName\":\"Derbe S.r.l. a socio unico\",\"vatID\":\"07272610481\"}]}<\/script>\n<!-- \/ Yoast SEO Premium plugin. -->","yoast_head_json":{"title":"Anti-Schuppen-Haarspray - Derbe - Naturkosmetik","description":"Perfekt f\u00fcr den t\u00e4glichen Gebrauch ist das Anti-Schuppen-Haarspray der ideale Abschluss f\u00fcr ausgeglichenes, frisches und strahlendes Haar. Es erfrischt und belebt das Haar jeden Tag. Angereichert mit einer Mischung aus nat\u00fcrlichen Bio-Inhaltsstoffen, die Schuppen bek\u00e4mpfen, das Haar praller machen und einen Anti-Frizz-Effekt haben. Bio-Produkt, hergestellt in recycelter Verpackung.\u00a0","robots":{"index":"index","follow":"follow","max-snippet":"max-snippet:-1","max-image-preview":"max-image-preview:large","max-video-preview":"max-video-preview:-1"},"canonical":"https:\/\/derbe.it\/de\/produkt\/anti-schuppen-haarspray\/","og_locale":"de_DE","og_type":"article","og_title":"Hair Mist Antiforfora","og_description":"Perfetta per l\u2019uso quotidiano, la Hair Mist Antiforfora \u00e8 il tocco finale ideale per una chioma equilibrata, fresca e radiosa. Rinfresca e tonifica i capelli ogni giorno. Arricchita con una miscela di ingredienti biologici naturali che combattono la forfora e rimpolpano i capelli e svolgono un\u2019azione anti-crespo. Prodotto Biologico, realizzato in pack riciclato\u00a0","og_url":"https:\/\/derbe.it\/de\/produkt\/anti-schuppen-haarspray\/","og_site_name":"Derbe - cosmetici naturali","article_publisher":"https:\/\/www.facebook.com\/evoderbebio","article_modified_time":"2025-06-24T14:41:20+00:00","og_image":[{"width":1600,"height":2000,"url":"https:\/\/derbe.it\/wp-content\/uploads\/2025\/05\/hairmist-antiforfora-1.jpg","type":"image\/jpeg"}],"twitter_card":"summary_large_image","schema":{"@context":"https:\/\/schema.org","@graph":[{"@type":"WebPage","@id":"https:\/\/derbe.it\/prodotto\/hair-mist-antiforfora\/","url":"https:\/\/derbe.it\/prodotto\/hair-mist-antiforfora\/","name":"Anti-Schuppen-Haarspray - Derbe - Naturkosmetik","isPartOf":{"@id":"https:\/\/derbe.it\/#website"},"primaryImageOfPage":{"@id":"https:\/\/derbe.it\/prodotto\/hair-mist-antiforfora\/#primaryimage"},"image":{"@id":"https:\/\/derbe.it\/prodotto\/hair-mist-antiforfora\/#primaryimage"},"thumbnailUrl":"https:\/\/derbe.it\/wp-content\/uploads\/2025\/05\/hairmist-antiforfora-1.jpg","datePublished":"2024-09-19T12:56:00+00:00","dateModified":"2025-06-24T14:41:20+00:00","description":"Perfekt f\u00fcr den t\u00e4glichen Gebrauch ist das Anti-Schuppen-Haarspray der ideale Abschluss f\u00fcr ausgeglichenes, frisches und strahlendes Haar. Es erfrischt und belebt das Haar jeden Tag. Angereichert mit einer Mischung aus nat\u00fcrlichen Bio-Inhaltsstoffen, die Schuppen bek\u00e4mpfen, das Haar praller machen und einen Anti-Frizz-Effekt haben. Bio-Produkt, hergestellt in recycelter Verpackung.\u00a0","breadcrumb":{"@id":"https:\/\/derbe.it\/prodotto\/hair-mist-antiforfora\/#breadcrumb"},"inLanguage":"de","potentialAction":[{"@type":"ReadAction","target":["https:\/\/derbe.it\/prodotto\/hair-mist-antiforfora\/"]}]},{"@type":"ImageObject","inLanguage":"de","@id":"https:\/\/derbe.it\/prodotto\/hair-mist-antiforfora\/#primaryimage","url":"https:\/\/derbe.it\/wp-content\/uploads\/2025\/05\/hairmist-antiforfora-1.jpg","contentUrl":"https:\/\/derbe.it\/wp-content\/uploads\/2025\/05\/hairmist-antiforfora-1.jpg","width":1600,"height":2000},{"@type":"BreadcrumbList","@id":"https:\/\/derbe.it\/prodotto\/hair-mist-antiforfora\/#breadcrumb","itemListElement":[{"@type":"ListItem","position":1,"name":"Home","item":"https:\/\/derbe.it\/"},{"@type":"ListItem","position":2,"name":"Shop","item":"https:\/\/derbe.it\/en\/shop\/"},{"@type":"ListItem","position":3,"name":"Styling","item":"https:\/\/derbe.it\/categoria-prodotto\/styling\/"},{"@type":"ListItem","position":4,"name":"Hair Mist Antiforfora"}]},{"@type":"WebSite","@id":"https:\/\/derbe.it\/#website","url":"https:\/\/derbe.it\/","name":"Derbe","description":"Seit \u00fcber 50 Jahren \u2013 Hergestellt in Italien \u2013 Haar- und K\u00f6rperpflegeprodukte mit Pflanzenextrakten und nachhaltigen Rezepturen","publisher":{"@id":"https:\/\/derbe.it\/#organization"},"potentialAction":[{"@type":"SearchAction","target":{"@type":"EntryPoint","urlTemplate":"https:\/\/derbe.it\/?s={search_term_string}"},"query-input":{"@type":"PropertyValueSpecification","valueRequired":true,"valueName":"search_term_string"}}],"inLanguage":"de"},{"@type":"Organization","@id":"https:\/\/derbe.it\/#organization","name":"Derbe","url":"https:\/\/derbe.it\/","logo":{"@type":"ImageObject","inLanguage":"de","@id":"https:\/\/derbe.it\/#\/schema\/logo\/image\/","url":"https:\/\/derbe.it\/wp-content\/uploads\/2025\/06\/logo_derbe_firenze.png","contentUrl":"https:\/\/derbe.it\/wp-content\/uploads\/2025\/06\/logo_derbe_firenze.png","width":1200,"height":497,"caption":"Derbe"},"image":{"@id":"https:\/\/derbe.it\/#\/schema\/logo\/image\/"},"sameAs":["https:\/\/www.facebook.com\/evoderbebio","https:\/\/www.instagram.com\/derbe.official\/"],"email":"info@derbe.it","telephone":"+39 055 42 11 799","legalName":"Derbe S.r.l. a socio unico","vatID":"07272610481"}]}},"_links":{"self":[{"href":"https:\/\/derbe.it\/de\/wp-json\/wp\/v2\/product\/913","targetHints":{"allow":["GET"]}}],"collection":[{"href":"https:\/\/derbe.it\/de\/wp-json\/wp\/v2\/product"}],"about":[{"href":"https:\/\/derbe.it\/de\/wp-json\/wp\/v2\/types\/product"}],"wp:featuredmedia":[{"embeddable":true,"href":"https:\/\/derbe.it\/de\/wp-json\/wp\/v2\/media\/897"}],"wp:attachment":[{"href":"https:\/\/derbe.it\/de\/wp-json\/wp\/v2\/media?parent=913"}],"wp:term":[{"taxonomy":"caratteristica","embeddable":true,"href":"https:\/\/derbe.it\/de\/wp-json\/wp\/v2\/caratteristica?post=913"},{"taxonomy":"collezione","embeddable":true,"href":"https:\/\/derbe.it\/de\/wp-json\/wp\/v2\/collezione?post=913"},{"taxonomy":"formato","embeddable":true,"href":"https:\/\/derbe.it\/de\/wp-json\/wp\/v2\/formato?post=913"},{"taxonomy":"funzione","embeddable":true,"href":"https:\/\/derbe.it\/de\/wp-json\/wp\/v2\/funzione?post=913"},{"taxonomy":"utilizzo","embeddable":true,"href":"https:\/\/derbe.it\/de\/wp-json\/wp\/v2\/utilizzo?post=913"},{"taxonomy":"ingrediente-principale","embeddable":true,"href":"https:\/\/derbe.it\/de\/wp-json\/wp\/v2\/ingrediente-principale?post=913"},{"taxonomy":"product_brand","embeddable":true,"href":"https:\/\/derbe.it\/de\/wp-json\/wp\/v2\/product_brand?post=913"},{"taxonomy":"product_cat","embeddable":true,"href":"https:\/\/derbe.it\/de\/wp-json\/wp\/v2\/product_cat?post=913"},{"taxonomy":"product_tag","embeddable":true,"href":"https:\/\/derbe.it\/de\/wp-json\/wp\/v2\/product_tag?post=913"}],"curies":[{"name":"wp","href":"https:\/\/api.w.org\/{rel}","templated":true}]}}