{"id":925,"date":"2025-04-28T09:32:20","date_gmt":"2025-04-28T07:32:20","guid":{"rendered":"https:\/\/derbe.it\/prodotto\/sapone-liquido-silenzio-verde\/"},"modified":"2025-12-01T11:58:02","modified_gmt":"2025-12-01T10:58:02","slug":"green-silence-flussigseife","status":"publish","type":"product","link":"https:\/\/derbe.it\/de\/produkt\/green-silence-flussigseife\/","title":{"rendered":"Green Silence Fl\u00fcssigseife"},"content":{"rendered":"<p>Reinigen Sie Ihre H\u00e4nde sanft und gr\u00fcndlich mit der Fl\u00fcssigseife \u201cSilenzio Verde\u201d, einer Seife, die Natur und Wohlbefinden vereint. Ihre Formel macht Ihre H\u00e4nde weich und seidig und verleiht ihnen einen einzigartigen, au\u00dfergew\u00f6hnlichen und lang anhaltenden Duft.<\/p>","protected":false},"excerpt":{"rendered":"<p>La sua formula, rende la pelle delle tue mani morbida e setosa regalando un\u2019esperienza olfattiva unica, eccezionale e duratura. [&#8230;]<\/p>\n<p><a class=\"btn btn-secondary understrap-read-more-link\" href=\"https:\/\/derbe.it\/de\/produkt\/green-silence-flussigseife\/\">Mehr lesen \u2026<span class=\"screen-reader-text\"> from Sapone Liquido Silenzio Verde<\/span><\/a><\/p>","protected":false},"featured_media":926,"template":"","meta":{"_acf_changed":false},"caratteristica":[],"collezione":[120,75],"formato":[],"funzione":[],"utilizzo":[],"ingrediente-principale":[],"product_brand":[],"product_cat":[109],"product_tag":[],"class_list":{"0":"post-925","1":"product","2":"type-product","3":"status-publish","4":"has-post-thumbnail","6":"collezione-silenzio-verde","7":"collezione-speziali-fiorentini","8":"product_cat-sapone-mani","10":"first","11":"instock","12":"purchasable","13":"product-type-simple"},"acf":[],"yoast_head":"<!-- This site is optimized with the Yoast SEO Premium plugin v26.1 (Yoast SEO v26.8) - https:\/\/yoast.com\/product\/yoast-seo-premium-wordpress\/ -->\n<title>Sapone Liquido Silenzio Verde - Derbe - cosmetici naturali<\/title>\n<meta name=\"description\" content=\"La sua formula, rende la pelle delle tue mani morbida e setosa regalando un\u2019esperienza olfattiva unica, eccezionale e duratura.\" \/>\n<meta name=\"robots\" content=\"index, follow, max-snippet:-1, max-image-preview:large, max-video-preview:-1\" \/>\n<link rel=\"canonical\" href=\"https:\/\/derbe.it\/de\/produkt\/green-silence-flussigseife\/\" \/>\n<meta property=\"og:locale\" content=\"de_DE\" \/>\n<meta property=\"og:type\" content=\"article\" \/>\n<meta property=\"og:title\" content=\"Sapone Liquido Silenzio Verde\" \/>\n<meta property=\"og:description\" content=\"La sua formula, rende la pelle delle tue mani morbida e setosa regalando un\u2019esperienza olfattiva unica, eccezionale e duratura.\" \/>\n<meta property=\"og:url\" content=\"https:\/\/derbe.it\/de\/produkt\/green-silence-flussigseife\/\" \/>\n<meta property=\"og:site_name\" content=\"Derbe - cosmetici naturali\" \/>\n<meta property=\"article:publisher\" content=\"https:\/\/www.facebook.com\/evoderbebio\" \/>\n<meta property=\"article:modified_time\" content=\"2025-12-01T10:58:02+00:00\" \/>\n<meta property=\"og:image\" content=\"https:\/\/derbe.it\/wp-content\/uploads\/2025\/05\/sapone-liquido-silenzio-verde-speziali.jpg\" \/>\n\t<meta property=\"og:image:width\" content=\"1600\" \/>\n\t<meta property=\"og:image:height\" content=\"2000\" \/>\n\t<meta property=\"og:image:type\" content=\"image\/jpeg\" \/>\n<meta name=\"twitter:card\" content=\"summary_large_image\" \/>\n<meta name=\"twitter:label1\" content=\"Gesch\u00e4tzte Lesezeit\" \/>\n\t<meta name=\"twitter:data1\" content=\"1\u00a0Minute\" \/>\n<script type=\"application\/ld+json\" class=\"yoast-schema-graph\">{\"@context\":\"https:\/\/schema.org\",\"@graph\":[{\"@type\":\"WebPage\",\"@id\":\"https:\/\/derbe.it\/prodotto\/sapone-liquido-silenzio-verde\/\",\"url\":\"https:\/\/derbe.it\/prodotto\/sapone-liquido-silenzio-verde\/\",\"name\":\"Sapone Liquido Silenzio Verde - Derbe - cosmetici naturali\",\"isPartOf\":{\"@id\":\"https:\/\/derbe.it\/#website\"},\"primaryImageOfPage\":{\"@id\":\"https:\/\/derbe.it\/prodotto\/sapone-liquido-silenzio-verde\/#primaryimage\"},\"image\":{\"@id\":\"https:\/\/derbe.it\/prodotto\/sapone-liquido-silenzio-verde\/#primaryimage\"},\"thumbnailUrl\":\"https:\/\/derbe.it\/wp-content\/uploads\/2025\/05\/sapone-liquido-silenzio-verde-speziali.jpg\",\"datePublished\":\"2025-04-28T07:32:20+00:00\",\"dateModified\":\"2025-12-01T10:58:02+00:00\",\"description\":\"La sua formula, rende la pelle delle tue mani morbida e setosa regalando un\u2019esperienza olfattiva unica, eccezionale e duratura.\",\"breadcrumb\":{\"@id\":\"https:\/\/derbe.it\/prodotto\/sapone-liquido-silenzio-verde\/#breadcrumb\"},\"inLanguage\":\"de\",\"potentialAction\":[{\"@type\":\"ReadAction\",\"target\":[\"https:\/\/derbe.it\/prodotto\/sapone-liquido-silenzio-verde\/\"]}]},{\"@type\":\"ImageObject\",\"inLanguage\":\"de\",\"@id\":\"https:\/\/derbe.it\/prodotto\/sapone-liquido-silenzio-verde\/#primaryimage\",\"url\":\"https:\/\/derbe.it\/wp-content\/uploads\/2025\/05\/sapone-liquido-silenzio-verde-speziali.jpg\",\"contentUrl\":\"https:\/\/derbe.it\/wp-content\/uploads\/2025\/05\/sapone-liquido-silenzio-verde-speziali.jpg\",\"width\":1600,\"height\":2000},{\"@type\":\"BreadcrumbList\",\"@id\":\"https:\/\/derbe.it\/prodotto\/sapone-liquido-silenzio-verde\/#breadcrumb\",\"itemListElement\":[{\"@type\":\"ListItem\",\"position\":1,\"name\":\"Home\",\"item\":\"https:\/\/derbe.it\/\"},{\"@type\":\"ListItem\",\"position\":2,\"name\":\"Shop\",\"item\":\"https:\/\/derbe.it\/en\/shop\/\"},{\"@type\":\"ListItem\",\"position\":3,\"name\":\"Sapone Mani\",\"item\":\"https:\/\/derbe.it\/categoria-prodotto\/sapone-mani\/\"},{\"@type\":\"ListItem\",\"position\":4,\"name\":\"Sapone Liquido Silenzio Verde\"}]},{\"@type\":\"WebSite\",\"@id\":\"https:\/\/derbe.it\/#website\",\"url\":\"https:\/\/derbe.it\/\",\"name\":\"Derbe\",\"description\":\"Da oltre 50 anni - Made in italy - prodotti per capelli e corpo con estratti vegetali e formule sostenibili\",\"publisher\":{\"@id\":\"https:\/\/derbe.it\/#organization\"},\"potentialAction\":[{\"@type\":\"SearchAction\",\"target\":{\"@type\":\"EntryPoint\",\"urlTemplate\":\"https:\/\/derbe.it\/?s={search_term_string}\"},\"query-input\":{\"@type\":\"PropertyValueSpecification\",\"valueRequired\":true,\"valueName\":\"search_term_string\"}}],\"inLanguage\":\"de\"},{\"@type\":\"Organization\",\"@id\":\"https:\/\/derbe.it\/#organization\",\"name\":\"Derbe\",\"url\":\"https:\/\/derbe.it\/\",\"logo\":{\"@type\":\"ImageObject\",\"inLanguage\":\"de\",\"@id\":\"https:\/\/derbe.it\/#\/schema\/logo\/image\/\",\"url\":\"https:\/\/derbe.it\/wp-content\/uploads\/2025\/06\/logo_derbe_firenze.png\",\"contentUrl\":\"https:\/\/derbe.it\/wp-content\/uploads\/2025\/06\/logo_derbe_firenze.png\",\"width\":1200,\"height\":497,\"caption\":\"Derbe\"},\"image\":{\"@id\":\"https:\/\/derbe.it\/#\/schema\/logo\/image\/\"},\"sameAs\":[\"https:\/\/www.facebook.com\/evoderbebio\",\"https:\/\/www.instagram.com\/derbe.official\/\"],\"email\":\"info@derbe.it\",\"telephone\":\"+39 055 42 11 799\",\"legalName\":\"Derbe S.r.l. a socio unico\",\"vatID\":\"07272610481\"}]}<\/script>\n<!-- \/ Yoast SEO Premium plugin. -->","yoast_head_json":{"title":"Silence Green Fl\u00fcssigseife - Derbe - Naturkosmetik","description":"Dank seiner Formel wird die Haut Ihrer H\u00e4nde weich und seidig und bietet ein einzigartiges, au\u00dfergew\u00f6hnliches und lang anhaltendes Dufterlebnis.","robots":{"index":"index","follow":"follow","max-snippet":"max-snippet:-1","max-image-preview":"max-image-preview:large","max-video-preview":"max-video-preview:-1"},"canonical":"https:\/\/derbe.it\/de\/produkt\/green-silence-flussigseife\/","og_locale":"de_DE","og_type":"article","og_title":"Sapone Liquido Silenzio Verde","og_description":"La sua formula, rende la pelle delle tue mani morbida e setosa regalando un\u2019esperienza olfattiva unica, eccezionale e duratura.","og_url":"https:\/\/derbe.it\/de\/produkt\/green-silence-flussigseife\/","og_site_name":"Derbe - cosmetici naturali","article_publisher":"https:\/\/www.facebook.com\/evoderbebio","article_modified_time":"2025-12-01T10:58:02+00:00","og_image":[{"width":1600,"height":2000,"url":"https:\/\/derbe.it\/wp-content\/uploads\/2025\/05\/sapone-liquido-silenzio-verde-speziali.jpg","type":"image\/jpeg"}],"twitter_card":"summary_large_image","twitter_misc":{"Gesch\u00e4tzte Lesezeit":"1\u00a0Minute"},"schema":{"@context":"https:\/\/schema.org","@graph":[{"@type":"WebPage","@id":"https:\/\/derbe.it\/prodotto\/sapone-liquido-silenzio-verde\/","url":"https:\/\/derbe.it\/prodotto\/sapone-liquido-silenzio-verde\/","name":"Silence Green Fl\u00fcssigseife - Derbe - Naturkosmetik","isPartOf":{"@id":"https:\/\/derbe.it\/#website"},"primaryImageOfPage":{"@id":"https:\/\/derbe.it\/prodotto\/sapone-liquido-silenzio-verde\/#primaryimage"},"image":{"@id":"https:\/\/derbe.it\/prodotto\/sapone-liquido-silenzio-verde\/#primaryimage"},"thumbnailUrl":"https:\/\/derbe.it\/wp-content\/uploads\/2025\/05\/sapone-liquido-silenzio-verde-speziali.jpg","datePublished":"2025-04-28T07:32:20+00:00","dateModified":"2025-12-01T10:58:02+00:00","description":"Dank seiner Formel wird die Haut Ihrer H\u00e4nde weich und seidig und bietet ein einzigartiges, au\u00dfergew\u00f6hnliches und lang anhaltendes Dufterlebnis.","breadcrumb":{"@id":"https:\/\/derbe.it\/prodotto\/sapone-liquido-silenzio-verde\/#breadcrumb"},"inLanguage":"de","potentialAction":[{"@type":"ReadAction","target":["https:\/\/derbe.it\/prodotto\/sapone-liquido-silenzio-verde\/"]}]},{"@type":"ImageObject","inLanguage":"de","@id":"https:\/\/derbe.it\/prodotto\/sapone-liquido-silenzio-verde\/#primaryimage","url":"https:\/\/derbe.it\/wp-content\/uploads\/2025\/05\/sapone-liquido-silenzio-verde-speziali.jpg","contentUrl":"https:\/\/derbe.it\/wp-content\/uploads\/2025\/05\/sapone-liquido-silenzio-verde-speziali.jpg","width":1600,"height":2000},{"@type":"BreadcrumbList","@id":"https:\/\/derbe.it\/prodotto\/sapone-liquido-silenzio-verde\/#breadcrumb","itemListElement":[{"@type":"ListItem","position":1,"name":"Home","item":"https:\/\/derbe.it\/"},{"@type":"ListItem","position":2,"name":"Shop","item":"https:\/\/derbe.it\/en\/shop\/"},{"@type":"ListItem","position":3,"name":"Sapone Mani","item":"https:\/\/derbe.it\/categoria-prodotto\/sapone-mani\/"},{"@type":"ListItem","position":4,"name":"Sapone Liquido Silenzio Verde"}]},{"@type":"WebSite","@id":"https:\/\/derbe.it\/#website","url":"https:\/\/derbe.it\/","name":"Derbe","description":"Seit \u00fcber 50 Jahren \u2013 Hergestellt in Italien \u2013 Haar- und K\u00f6rperpflegeprodukte mit Pflanzenextrakten und nachhaltigen Rezepturen","publisher":{"@id":"https:\/\/derbe.it\/#organization"},"potentialAction":[{"@type":"SearchAction","target":{"@type":"EntryPoint","urlTemplate":"https:\/\/derbe.it\/?s={search_term_string}"},"query-input":{"@type":"PropertyValueSpecification","valueRequired":true,"valueName":"search_term_string"}}],"inLanguage":"de"},{"@type":"Organization","@id":"https:\/\/derbe.it\/#organization","name":"Derbe","url":"https:\/\/derbe.it\/","logo":{"@type":"ImageObject","inLanguage":"de","@id":"https:\/\/derbe.it\/#\/schema\/logo\/image\/","url":"https:\/\/derbe.it\/wp-content\/uploads\/2025\/06\/logo_derbe_firenze.png","contentUrl":"https:\/\/derbe.it\/wp-content\/uploads\/2025\/06\/logo_derbe_firenze.png","width":1200,"height":497,"caption":"Derbe"},"image":{"@id":"https:\/\/derbe.it\/#\/schema\/logo\/image\/"},"sameAs":["https:\/\/www.facebook.com\/evoderbebio","https:\/\/www.instagram.com\/derbe.official\/"],"email":"info@derbe.it","telephone":"+39 055 42 11 799","legalName":"Derbe S.r.l. a socio unico","vatID":"07272610481"}]}},"_links":{"self":[{"href":"https:\/\/derbe.it\/de\/wp-json\/wp\/v2\/product\/925","targetHints":{"allow":["GET"]}}],"collection":[{"href":"https:\/\/derbe.it\/de\/wp-json\/wp\/v2\/product"}],"about":[{"href":"https:\/\/derbe.it\/de\/wp-json\/wp\/v2\/types\/product"}],"wp:featuredmedia":[{"embeddable":true,"href":"https:\/\/derbe.it\/de\/wp-json\/wp\/v2\/media\/926"}],"wp:attachment":[{"href":"https:\/\/derbe.it\/de\/wp-json\/wp\/v2\/media?parent=925"}],"wp:term":[{"taxonomy":"caratteristica","embeddable":true,"href":"https:\/\/derbe.it\/de\/wp-json\/wp\/v2\/caratteristica?post=925"},{"taxonomy":"collezione","embeddable":true,"href":"https:\/\/derbe.it\/de\/wp-json\/wp\/v2\/collezione?post=925"},{"taxonomy":"formato","embeddable":true,"href":"https:\/\/derbe.it\/de\/wp-json\/wp\/v2\/formato?post=925"},{"taxonomy":"funzione","embeddable":true,"href":"https:\/\/derbe.it\/de\/wp-json\/wp\/v2\/funzione?post=925"},{"taxonomy":"utilizzo","embeddable":true,"href":"https:\/\/derbe.it\/de\/wp-json\/wp\/v2\/utilizzo?post=925"},{"taxonomy":"ingrediente-principale","embeddable":true,"href":"https:\/\/derbe.it\/de\/wp-json\/wp\/v2\/ingrediente-principale?post=925"},{"taxonomy":"product_brand","embeddable":true,"href":"https:\/\/derbe.it\/de\/wp-json\/wp\/v2\/product_brand?post=925"},{"taxonomy":"product_cat","embeddable":true,"href":"https:\/\/derbe.it\/de\/wp-json\/wp\/v2\/product_cat?post=925"},{"taxonomy":"product_tag","embeddable":true,"href":"https:\/\/derbe.it\/de\/wp-json\/wp\/v2\/product_tag?post=925"}],"curies":[{"name":"wp","href":"https:\/\/api.w.org\/{rel}","templated":true}]}}