{"id":927,"date":"2025-04-28T09:38:22","date_gmt":"2025-04-28T07:38:22","guid":{"rendered":"https:\/\/derbe.it\/prodotto\/sapone-liquido-sakura\/"},"modified":"2025-09-03T16:01:59","modified_gmt":"2025-09-03T14:01:59","slug":"sakura-flussigseife","status":"publish","type":"product","link":"https:\/\/derbe.it\/de\/produkt\/sakura-flussigseife\/","title":{"rendered":"Sakura Fl\u00fcssigseife"},"content":{"rendered":"<p>Bei der Reinigung Ihrer H\u00e4nde mit der Handseife \u201eSakura\u201c tauchen Sie ein in ein einzigartiges Dufterlebnis, das an den japanischen Fr\u00fchling erinnert und einen zarten, langanhaltenden Duft nach Kirschbl\u00fcten verstr\u00f6mt. Ihre H\u00e4nde bleiben weich, gl\u00e4nzend und geschmeidig.<\/p>","protected":false},"excerpt":{"rendered":"<p>Dona morbidezza, lucentezza ed elasticit\u00e0 alla pelle delle tue mani. [&#8230;]<\/p>\n<p><a class=\"btn btn-secondary understrap-read-more-link\" href=\"https:\/\/derbe.it\/de\/produkt\/sakura-flussigseife\/\">Mehr lesen \u2026<span class=\"screen-reader-text\"> from Sapone Liquido Sakura<\/span><\/a><\/p>","protected":false},"featured_media":928,"template":"","meta":{"_acf_changed":false},"caratteristica":[],"collezione":[119,75],"formato":[],"funzione":[],"utilizzo":[],"ingrediente-principale":[],"product_brand":[],"product_cat":[109],"product_tag":[],"class_list":{"0":"post-927","1":"product","2":"type-product","3":"status-publish","4":"has-post-thumbnail","6":"collezione-sakura","7":"collezione-speziali-fiorentini","8":"product_cat-sapone-mani","10":"first","11":"instock","12":"purchasable","13":"product-type-simple"},"acf":[],"yoast_head":"<!-- This site is optimized with the Yoast SEO Premium plugin v26.1 (Yoast SEO v26.8) - https:\/\/yoast.com\/product\/yoast-seo-premium-wordpress\/ -->\n<title>Sapone Liquido Sakura - Derbe - cosmetici naturali<\/title>\n<meta name=\"description\" content=\"Dona morbidezza, lucentezza ed elasticit\u00e0 alla pelle delle tue mani.\" \/>\n<meta name=\"robots\" content=\"index, follow, max-snippet:-1, max-image-preview:large, max-video-preview:-1\" \/>\n<link rel=\"canonical\" href=\"https:\/\/derbe.it\/de\/produkt\/sakura-flussigseife\/\" \/>\n<meta property=\"og:locale\" content=\"de_DE\" \/>\n<meta property=\"og:type\" content=\"article\" \/>\n<meta property=\"og:title\" content=\"Sapone Liquido Sakura\" \/>\n<meta property=\"og:description\" content=\"Dona morbidezza, lucentezza ed elasticit\u00e0 alla pelle delle tue mani.\" \/>\n<meta property=\"og:url\" content=\"https:\/\/derbe.it\/de\/produkt\/sakura-flussigseife\/\" \/>\n<meta property=\"og:site_name\" content=\"Derbe - cosmetici naturali\" \/>\n<meta property=\"article:publisher\" content=\"https:\/\/www.facebook.com\/evoderbebio\" \/>\n<meta property=\"article:modified_time\" content=\"2025-09-03T14:01:59+00:00\" \/>\n<meta property=\"og:image\" content=\"https:\/\/derbe.it\/wp-content\/uploads\/2025\/05\/sapone-liquido-sakura-speziali.jpg\" \/>\n\t<meta property=\"og:image:width\" content=\"1600\" \/>\n\t<meta property=\"og:image:height\" content=\"2000\" \/>\n\t<meta property=\"og:image:type\" content=\"image\/jpeg\" \/>\n<meta name=\"twitter:card\" content=\"summary_large_image\" \/>\n<script type=\"application\/ld+json\" class=\"yoast-schema-graph\">{\"@context\":\"https:\/\/schema.org\",\"@graph\":[{\"@type\":\"WebPage\",\"@id\":\"https:\/\/derbe.it\/ja\/product\/%e3%81%95%e3%81%8f%e3%82%89%e6%b6%b2%e4%bd%93%e7%9f%b3%e9%b9%b8\/\",\"url\":\"https:\/\/derbe.it\/ja\/product\/%e3%81%95%e3%81%8f%e3%82%89%e6%b6%b2%e4%bd%93%e7%9f%b3%e9%b9%b8\/\",\"name\":\"Sapone Liquido Sakura - Derbe - cosmetici naturali\",\"isPartOf\":{\"@id\":\"https:\/\/derbe.it\/#website\"},\"primaryImageOfPage\":{\"@id\":\"https:\/\/derbe.it\/ja\/product\/%e3%81%95%e3%81%8f%e3%82%89%e6%b6%b2%e4%bd%93%e7%9f%b3%e9%b9%b8\/#primaryimage\"},\"image\":{\"@id\":\"https:\/\/derbe.it\/ja\/product\/%e3%81%95%e3%81%8f%e3%82%89%e6%b6%b2%e4%bd%93%e7%9f%b3%e9%b9%b8\/#primaryimage\"},\"thumbnailUrl\":\"https:\/\/derbe.it\/wp-content\/uploads\/2025\/05\/sapone-liquido-sakura-speziali.jpg\",\"datePublished\":\"2025-04-28T07:38:22+00:00\",\"dateModified\":\"2025-09-03T14:01:59+00:00\",\"description\":\"Dona morbidezza, lucentezza ed elasticit\u00e0 alla pelle delle tue mani.\",\"breadcrumb\":{\"@id\":\"https:\/\/derbe.it\/ja\/product\/%e3%81%95%e3%81%8f%e3%82%89%e6%b6%b2%e4%bd%93%e7%9f%b3%e9%b9%b8\/#breadcrumb\"},\"inLanguage\":\"de\",\"potentialAction\":[{\"@type\":\"ReadAction\",\"target\":[\"https:\/\/derbe.it\/ja\/product\/%e3%81%95%e3%81%8f%e3%82%89%e6%b6%b2%e4%bd%93%e7%9f%b3%e9%b9%b8\/\"]}]},{\"@type\":\"ImageObject\",\"inLanguage\":\"de\",\"@id\":\"https:\/\/derbe.it\/ja\/product\/%e3%81%95%e3%81%8f%e3%82%89%e6%b6%b2%e4%bd%93%e7%9f%b3%e9%b9%b8\/#primaryimage\",\"url\":\"https:\/\/derbe.it\/wp-content\/uploads\/2025\/05\/sapone-liquido-sakura-speziali.jpg\",\"contentUrl\":\"https:\/\/derbe.it\/wp-content\/uploads\/2025\/05\/sapone-liquido-sakura-speziali.jpg\",\"width\":1600,\"height\":2000},{\"@type\":\"BreadcrumbList\",\"@id\":\"https:\/\/derbe.it\/ja\/product\/%e3%81%95%e3%81%8f%e3%82%89%e6%b6%b2%e4%bd%93%e7%9f%b3%e9%b9%b8\/#breadcrumb\",\"itemListElement\":[{\"@type\":\"ListItem\",\"position\":1,\"name\":\"Home\",\"item\":\"https:\/\/derbe.it\/\"},{\"@type\":\"ListItem\",\"position\":2,\"name\":\"Shop\",\"item\":\"https:\/\/derbe.it\/en\/shop\/\"},{\"@type\":\"ListItem\",\"position\":3,\"name\":\"Sapone Mani\",\"item\":\"https:\/\/derbe.it\/categoria-prodotto\/sapone-mani\/\"},{\"@type\":\"ListItem\",\"position\":4,\"name\":\"Sapone Liquido Sakura\"}]},{\"@type\":\"WebSite\",\"@id\":\"https:\/\/derbe.it\/#website\",\"url\":\"https:\/\/derbe.it\/\",\"name\":\"Derbe\",\"description\":\"Da oltre 50 anni - Made in italy - prodotti per capelli e corpo con estratti vegetali e formule sostenibili\",\"publisher\":{\"@id\":\"https:\/\/derbe.it\/#organization\"},\"potentialAction\":[{\"@type\":\"SearchAction\",\"target\":{\"@type\":\"EntryPoint\",\"urlTemplate\":\"https:\/\/derbe.it\/?s={search_term_string}\"},\"query-input\":{\"@type\":\"PropertyValueSpecification\",\"valueRequired\":true,\"valueName\":\"search_term_string\"}}],\"inLanguage\":\"de\"},{\"@type\":\"Organization\",\"@id\":\"https:\/\/derbe.it\/#organization\",\"name\":\"Derbe\",\"url\":\"https:\/\/derbe.it\/\",\"logo\":{\"@type\":\"ImageObject\",\"inLanguage\":\"de\",\"@id\":\"https:\/\/derbe.it\/#\/schema\/logo\/image\/\",\"url\":\"https:\/\/derbe.it\/wp-content\/uploads\/2025\/06\/logo_derbe_firenze.png\",\"contentUrl\":\"https:\/\/derbe.it\/wp-content\/uploads\/2025\/06\/logo_derbe_firenze.png\",\"width\":1200,\"height\":497,\"caption\":\"Derbe\"},\"image\":{\"@id\":\"https:\/\/derbe.it\/#\/schema\/logo\/image\/\"},\"sameAs\":[\"https:\/\/www.facebook.com\/evoderbebio\",\"https:\/\/www.instagram.com\/derbe.official\/\"],\"email\":\"info@derbe.it\",\"telephone\":\"+39 055 42 11 799\",\"legalName\":\"Derbe S.r.l. a socio unico\",\"vatID\":\"07272610481\"}]}<\/script>\n<!-- \/ Yoast SEO Premium plugin. -->","yoast_head_json":{"title":"Sakura Fl\u00fcssigseife - Derbe - Naturkosmetik","description":"Es verleiht der Haut Ihrer H\u00e4nde Weichheit, Glanz und Elastizit\u00e4t.","robots":{"index":"index","follow":"follow","max-snippet":"max-snippet:-1","max-image-preview":"max-image-preview:large","max-video-preview":"max-video-preview:-1"},"canonical":"https:\/\/derbe.it\/de\/produkt\/sakura-flussigseife\/","og_locale":"de_DE","og_type":"article","og_title":"Sapone Liquido Sakura","og_description":"Dona morbidezza, lucentezza ed elasticit\u00e0 alla pelle delle tue mani.","og_url":"https:\/\/derbe.it\/de\/produkt\/sakura-flussigseife\/","og_site_name":"Derbe - cosmetici naturali","article_publisher":"https:\/\/www.facebook.com\/evoderbebio","article_modified_time":"2025-09-03T14:01:59+00:00","og_image":[{"width":1600,"height":2000,"url":"https:\/\/derbe.it\/wp-content\/uploads\/2025\/05\/sapone-liquido-sakura-speziali.jpg","type":"image\/jpeg"}],"twitter_card":"summary_large_image","schema":{"@context":"https:\/\/schema.org","@graph":[{"@type":"WebPage","@id":"https:\/\/derbe.it\/ja\/product\/%e3%81%95%e3%81%8f%e3%82%89%e6%b6%b2%e4%bd%93%e7%9f%b3%e9%b9%b8\/","url":"https:\/\/derbe.it\/ja\/product\/%e3%81%95%e3%81%8f%e3%82%89%e6%b6%b2%e4%bd%93%e7%9f%b3%e9%b9%b8\/","name":"Sakura Fl\u00fcssigseife - Derbe - Naturkosmetik","isPartOf":{"@id":"https:\/\/derbe.it\/#website"},"primaryImageOfPage":{"@id":"https:\/\/derbe.it\/ja\/product\/%e3%81%95%e3%81%8f%e3%82%89%e6%b6%b2%e4%bd%93%e7%9f%b3%e9%b9%b8\/#primaryimage"},"image":{"@id":"https:\/\/derbe.it\/ja\/product\/%e3%81%95%e3%81%8f%e3%82%89%e6%b6%b2%e4%bd%93%e7%9f%b3%e9%b9%b8\/#primaryimage"},"thumbnailUrl":"https:\/\/derbe.it\/wp-content\/uploads\/2025\/05\/sapone-liquido-sakura-speziali.jpg","datePublished":"2025-04-28T07:38:22+00:00","dateModified":"2025-09-03T14:01:59+00:00","description":"Es verleiht der Haut Ihrer H\u00e4nde Weichheit, Glanz und Elastizit\u00e4t.","breadcrumb":{"@id":"https:\/\/derbe.it\/ja\/product\/%e3%81%95%e3%81%8f%e3%82%89%e6%b6%b2%e4%bd%93%e7%9f%b3%e9%b9%b8\/#breadcrumb"},"inLanguage":"de","potentialAction":[{"@type":"ReadAction","target":["https:\/\/derbe.it\/ja\/product\/%e3%81%95%e3%81%8f%e3%82%89%e6%b6%b2%e4%bd%93%e7%9f%b3%e9%b9%b8\/"]}]},{"@type":"ImageObject","inLanguage":"de","@id":"https:\/\/derbe.it\/ja\/product\/%e3%81%95%e3%81%8f%e3%82%89%e6%b6%b2%e4%bd%93%e7%9f%b3%e9%b9%b8\/#primaryimage","url":"https:\/\/derbe.it\/wp-content\/uploads\/2025\/05\/sapone-liquido-sakura-speziali.jpg","contentUrl":"https:\/\/derbe.it\/wp-content\/uploads\/2025\/05\/sapone-liquido-sakura-speziali.jpg","width":1600,"height":2000},{"@type":"BreadcrumbList","@id":"https:\/\/derbe.it\/ja\/product\/%e3%81%95%e3%81%8f%e3%82%89%e6%b6%b2%e4%bd%93%e7%9f%b3%e9%b9%b8\/#breadcrumb","itemListElement":[{"@type":"ListItem","position":1,"name":"Home","item":"https:\/\/derbe.it\/"},{"@type":"ListItem","position":2,"name":"Shop","item":"https:\/\/derbe.it\/en\/shop\/"},{"@type":"ListItem","position":3,"name":"Sapone Mani","item":"https:\/\/derbe.it\/categoria-prodotto\/sapone-mani\/"},{"@type":"ListItem","position":4,"name":"Sapone Liquido Sakura"}]},{"@type":"WebSite","@id":"https:\/\/derbe.it\/#website","url":"https:\/\/derbe.it\/","name":"Derbe","description":"Seit \u00fcber 50 Jahren \u2013 Hergestellt in Italien \u2013 Haar- und K\u00f6rperpflegeprodukte mit Pflanzenextrakten und nachhaltigen Rezepturen","publisher":{"@id":"https:\/\/derbe.it\/#organization"},"potentialAction":[{"@type":"SearchAction","target":{"@type":"EntryPoint","urlTemplate":"https:\/\/derbe.it\/?s={search_term_string}"},"query-input":{"@type":"PropertyValueSpecification","valueRequired":true,"valueName":"search_term_string"}}],"inLanguage":"de"},{"@type":"Organization","@id":"https:\/\/derbe.it\/#organization","name":"Derbe","url":"https:\/\/derbe.it\/","logo":{"@type":"ImageObject","inLanguage":"de","@id":"https:\/\/derbe.it\/#\/schema\/logo\/image\/","url":"https:\/\/derbe.it\/wp-content\/uploads\/2025\/06\/logo_derbe_firenze.png","contentUrl":"https:\/\/derbe.it\/wp-content\/uploads\/2025\/06\/logo_derbe_firenze.png","width":1200,"height":497,"caption":"Derbe"},"image":{"@id":"https:\/\/derbe.it\/#\/schema\/logo\/image\/"},"sameAs":["https:\/\/www.facebook.com\/evoderbebio","https:\/\/www.instagram.com\/derbe.official\/"],"email":"info@derbe.it","telephone":"+39 055 42 11 799","legalName":"Derbe S.r.l. a socio unico","vatID":"07272610481"}]}},"_links":{"self":[{"href":"https:\/\/derbe.it\/de\/wp-json\/wp\/v2\/product\/927","targetHints":{"allow":["GET"]}}],"collection":[{"href":"https:\/\/derbe.it\/de\/wp-json\/wp\/v2\/product"}],"about":[{"href":"https:\/\/derbe.it\/de\/wp-json\/wp\/v2\/types\/product"}],"wp:featuredmedia":[{"embeddable":true,"href":"https:\/\/derbe.it\/de\/wp-json\/wp\/v2\/media\/928"}],"wp:attachment":[{"href":"https:\/\/derbe.it\/de\/wp-json\/wp\/v2\/media?parent=927"}],"wp:term":[{"taxonomy":"caratteristica","embeddable":true,"href":"https:\/\/derbe.it\/de\/wp-json\/wp\/v2\/caratteristica?post=927"},{"taxonomy":"collezione","embeddable":true,"href":"https:\/\/derbe.it\/de\/wp-json\/wp\/v2\/collezione?post=927"},{"taxonomy":"formato","embeddable":true,"href":"https:\/\/derbe.it\/de\/wp-json\/wp\/v2\/formato?post=927"},{"taxonomy":"funzione","embeddable":true,"href":"https:\/\/derbe.it\/de\/wp-json\/wp\/v2\/funzione?post=927"},{"taxonomy":"utilizzo","embeddable":true,"href":"https:\/\/derbe.it\/de\/wp-json\/wp\/v2\/utilizzo?post=927"},{"taxonomy":"ingrediente-principale","embeddable":true,"href":"https:\/\/derbe.it\/de\/wp-json\/wp\/v2\/ingrediente-principale?post=927"},{"taxonomy":"product_brand","embeddable":true,"href":"https:\/\/derbe.it\/de\/wp-json\/wp\/v2\/product_brand?post=927"},{"taxonomy":"product_cat","embeddable":true,"href":"https:\/\/derbe.it\/de\/wp-json\/wp\/v2\/product_cat?post=927"},{"taxonomy":"product_tag","embeddable":true,"href":"https:\/\/derbe.it\/de\/wp-json\/wp\/v2\/product_tag?post=927"}],"curies":[{"name":"wp","href":"https:\/\/api.w.org\/{rel}","templated":true}]}}