{"id":158,"date":"2018-09-26T09:26:39","date_gmt":"2018-09-26T07:26:39","guid":{"rendered":"https:\/\/derbe.it\/prodotto\/doccia-sciampo\/"},"modified":"2026-02-02T10:03:20","modified_gmt":"2026-02-02T09:03:20","slug":"shower-shampoo","status":"publish","type":"product","link":"https:\/\/derbe.it\/en\/product\/shower-shampoo\/","title":{"rendered":"Shower Shampoo"},"content":{"rendered":"<p>A single cleanser with many qualities: it foams, provides a natural, fresh feel, gently cleanses the entire body, including intimate areas, is an excellent shampoo for hair, and... you can even use it with sea water! It&#039;s rich in naturally sanitizing extracts, making it ideal for use after any form of sport and any time you want gentle cleansing combined with preventive and protective action on the skin. Its use is essential in the pool, at the gym, in the shower, in the bath, and on a boat. &quot;Terre di Amerigo&quot; is dedicated to the women and men who sail the seas of life freely and genuinely, sublime adventurers, astute navigators: a little poet, a little pirate, a little lover.<\/p>","protected":false},"excerpt":{"rendered":"<p>Un unico detergente dalle molte qualit\u00e0: \u00e8 schiumogeno, dona naturalit\u00e0 e freschezza, pulisce delicatamente tutto il corpo, comprese le parti intime, \u00e8 un ottimo sciampo per i capelli e&#8230;.lo puoi adoperare anche con l&#8217;acqua di mare. E&#8217; ricco di olii essenziali naturalmente igienizzati ed \u00e8 quindi ideale per essere utilizzato dopo ogni forma di sport e in ogni occasione nella quale \u00e8 desiderata una detersione delicata insieme ad una azione di prevenzione e di difesa della pelle. Il suo uso \u00e8 indispensabile in piscina, in palestra, nella doccia, nel bagno, in barca. [&#8230;]<\/p>\n<p><a class=\"btn btn-secondary understrap-read-more-link\" href=\"https:\/\/derbe.it\/en\/product\/shower-shampoo\/\">Read More\u2026<span class=\"screen-reader-text\"> from Shower Shampoo<\/span><\/a><\/p>","protected":false},"featured_media":159,"template":"","meta":{"_acf_changed":false},"caratteristica":[],"collezione":[75,133],"formato":[],"funzione":[],"utilizzo":[],"ingrediente-principale":[],"product_brand":[],"product_cat":[22],"product_tag":[],"class_list":{"0":"post-158","1":"product","2":"type-product","3":"status-publish","4":"has-post-thumbnail","6":"collezione-speziali-fiorentini","7":"collezione-terre-di-amerigo","8":"product_cat-bagnoschiuma","10":"first","11":"instock","12":"purchasable","13":"product-type-simple"},"acf":[],"yoast_head":"<!-- This site is optimized with the Yoast SEO Premium plugin v26.1 (Yoast SEO v26.8) - https:\/\/yoast.com\/product\/yoast-seo-premium-wordpress\/ -->\n<title>Doccia Shampoo - Derbe - cosmetici naturali<\/title>\n<meta name=\"description\" content=\"Un unico detergente dalle molte qualit\u00e0: \u00e8 schiumogeno, dona naturalit\u00e0 e freschezza, pulisce delicatamente tutto il corpo, comprese le parti intime, \u00e8 un ottimo sciampo per i capelli e....lo puoi adoperare anche con l&#039;acqua di mare. E&#039; ricco di olii essenziali naturalmente igienizzati ed \u00e8 quindi ideale per essere utilizzato dopo ogni forma di sport e in ogni occasione nella quale \u00e8 desiderata una detersione delicata insieme ad una azione di prevenzione e di difesa della pelle. Il suo uso \u00e8 indispensabile in piscina, in palestra, nella doccia, nel bagno, in barca.\" \/>\n<meta name=\"robots\" content=\"index, follow, max-snippet:-1, max-image-preview:large, max-video-preview:-1\" \/>\n<link rel=\"canonical\" href=\"https:\/\/derbe.it\/en\/product\/shower-shampoo\/\" \/>\n<meta property=\"og:locale\" content=\"en_GB\" \/>\n<meta property=\"og:type\" content=\"article\" \/>\n<meta property=\"og:title\" content=\"Doccia Shampoo\" \/>\n<meta property=\"og:description\" content=\"Un unico detergente dalle molte qualit\u00e0: \u00e8 schiumogeno, dona naturalit\u00e0 e freschezza, pulisce delicatamente tutto il corpo, comprese le parti intime, \u00e8 un ottimo sciampo per i capelli e....lo puoi adoperare anche con l&#039;acqua di mare. E&#039; ricco di olii essenziali naturalmente igienizzati ed \u00e8 quindi ideale per essere utilizzato dopo ogni forma di sport e in ogni occasione nella quale \u00e8 desiderata una detersione delicata insieme ad una azione di prevenzione e di difesa della pelle. Il suo uso \u00e8 indispensabile in piscina, in palestra, nella doccia, nel bagno, in barca.\" \/>\n<meta property=\"og:url\" content=\"https:\/\/derbe.it\/en\/product\/shower-shampoo\/\" \/>\n<meta property=\"og:site_name\" content=\"Derbe - cosmetici naturali\" \/>\n<meta property=\"article:publisher\" content=\"https:\/\/www.facebook.com\/evoderbebio\" \/>\n<meta property=\"article:modified_time\" content=\"2026-02-02T09:03:20+00:00\" \/>\n<meta property=\"og:image\" content=\"https:\/\/derbe.it\/wp-content\/uploads\/2025\/05\/doccia-sciampo-menta-echinacea-terre-di-amerigo-derbe.jpg\" \/>\n\t<meta property=\"og:image:width\" content=\"1600\" \/>\n\t<meta property=\"og:image:height\" content=\"2000\" \/>\n\t<meta property=\"og:image:type\" content=\"image\/jpeg\" \/>\n<meta name=\"twitter:card\" content=\"summary_large_image\" \/>\n<meta name=\"twitter:label1\" content=\"Estimated reading time\" \/>\n\t<meta name=\"twitter:data1\" content=\"2 minutes\" \/>\n<script type=\"application\/ld+json\" class=\"yoast-schema-graph\">{\"@context\":\"https:\/\/schema.org\",\"@graph\":[{\"@type\":\"WebPage\",\"@id\":\"https:\/\/derbe.it\/prodotto\/doccia-sciampo\/\",\"url\":\"https:\/\/derbe.it\/prodotto\/doccia-sciampo\/\",\"name\":\"Doccia Shampoo - Derbe - cosmetici naturali\",\"isPartOf\":{\"@id\":\"https:\/\/derbe.it\/#website\"},\"primaryImageOfPage\":{\"@id\":\"https:\/\/derbe.it\/prodotto\/doccia-sciampo\/#primaryimage\"},\"image\":{\"@id\":\"https:\/\/derbe.it\/prodotto\/doccia-sciampo\/#primaryimage\"},\"thumbnailUrl\":\"https:\/\/derbe.it\/wp-content\/uploads\/2025\/05\/doccia-sciampo-menta-echinacea-terre-di-amerigo-derbe.jpg\",\"datePublished\":\"2018-09-26T07:26:39+00:00\",\"dateModified\":\"2026-02-02T09:03:20+00:00\",\"description\":\"Un unico detergente dalle molte qualit\u00e0: \u00e8 schiumogeno, dona naturalit\u00e0 e freschezza, pulisce delicatamente tutto il corpo, comprese le parti intime, \u00e8 un ottimo sciampo per i capelli e....lo puoi adoperare anche con l'acqua di mare. E' ricco di olii essenziali naturalmente igienizzati ed \u00e8 quindi ideale per essere utilizzato dopo ogni forma di sport e in ogni occasione nella quale \u00e8 desiderata una detersione delicata insieme ad una azione di prevenzione e di difesa della pelle. Il suo uso \u00e8 indispensabile in piscina, in palestra, nella doccia, nel bagno, in barca.\",\"breadcrumb\":{\"@id\":\"https:\/\/derbe.it\/prodotto\/doccia-sciampo\/#breadcrumb\"},\"inLanguage\":\"en-GB\",\"potentialAction\":[{\"@type\":\"ReadAction\",\"target\":[\"https:\/\/derbe.it\/prodotto\/doccia-sciampo\/\"]}]},{\"@type\":\"ImageObject\",\"inLanguage\":\"en-GB\",\"@id\":\"https:\/\/derbe.it\/prodotto\/doccia-sciampo\/#primaryimage\",\"url\":\"https:\/\/derbe.it\/wp-content\/uploads\/2025\/05\/doccia-sciampo-menta-echinacea-terre-di-amerigo-derbe.jpg\",\"contentUrl\":\"https:\/\/derbe.it\/wp-content\/uploads\/2025\/05\/doccia-sciampo-menta-echinacea-terre-di-amerigo-derbe.jpg\",\"width\":1600,\"height\":2000,\"caption\":\"Doccia sciampo Terre di Amerigo - Derbe\"},{\"@type\":\"BreadcrumbList\",\"@id\":\"https:\/\/derbe.it\/prodotto\/doccia-sciampo\/#breadcrumb\",\"itemListElement\":[{\"@type\":\"ListItem\",\"position\":1,\"name\":\"Home\",\"item\":\"https:\/\/derbe.it\/\"},{\"@type\":\"ListItem\",\"position\":2,\"name\":\"Shop\",\"item\":\"https:\/\/derbe.it\/en\/shop\/\"},{\"@type\":\"ListItem\",\"position\":3,\"name\":\"Bagnoschiuma\",\"item\":\"https:\/\/derbe.it\/categoria-prodotto\/bagnoschiuma\/\"},{\"@type\":\"ListItem\",\"position\":4,\"name\":\"Doccia Shampoo\"}]},{\"@type\":\"WebSite\",\"@id\":\"https:\/\/derbe.it\/#website\",\"url\":\"https:\/\/derbe.it\/\",\"name\":\"Derbe\",\"description\":\"Da oltre 50 anni - Made in italy - prodotti per capelli e corpo con estratti vegetali e formule sostenibili\",\"publisher\":{\"@id\":\"https:\/\/derbe.it\/#organization\"},\"potentialAction\":[{\"@type\":\"SearchAction\",\"target\":{\"@type\":\"EntryPoint\",\"urlTemplate\":\"https:\/\/derbe.it\/?s={search_term_string}\"},\"query-input\":{\"@type\":\"PropertyValueSpecification\",\"valueRequired\":true,\"valueName\":\"search_term_string\"}}],\"inLanguage\":\"en-GB\"},{\"@type\":\"Organization\",\"@id\":\"https:\/\/derbe.it\/#organization\",\"name\":\"Derbe\",\"url\":\"https:\/\/derbe.it\/\",\"logo\":{\"@type\":\"ImageObject\",\"inLanguage\":\"en-GB\",\"@id\":\"https:\/\/derbe.it\/#\/schema\/logo\/image\/\",\"url\":\"https:\/\/derbe.it\/wp-content\/uploads\/2025\/06\/logo_derbe_firenze.png\",\"contentUrl\":\"https:\/\/derbe.it\/wp-content\/uploads\/2025\/06\/logo_derbe_firenze.png\",\"width\":1200,\"height\":497,\"caption\":\"Derbe\"},\"image\":{\"@id\":\"https:\/\/derbe.it\/#\/schema\/logo\/image\/\"},\"sameAs\":[\"https:\/\/www.facebook.com\/evoderbebio\",\"https:\/\/www.instagram.com\/derbe.official\/\"],\"email\":\"info@derbe.it\",\"telephone\":\"+39 055 42 11 799\",\"legalName\":\"Derbe S.r.l. a socio unico\",\"vatID\":\"07272610481\"}]}<\/script>\n<!-- \/ Yoast SEO Premium plugin. -->","yoast_head_json":{"title":"Shower Shampoo - Derbe - natural cosmetics","description":"A single cleanser with many qualities: it foams, provides a natural, fresh feel, gently cleanses the entire body, including intimate areas, is an excellent shampoo for hair, and...you can even use it with sea water. It&#039;s rich in naturally sanitizing essential oils, making it ideal for use after any form of sport and anytime you want gentle cleansing combined with preventative and protective action on the skin. Its use is essential in the pool, gym, shower, bath, and on a boat.","robots":{"index":"index","follow":"follow","max-snippet":"max-snippet:-1","max-image-preview":"max-image-preview:large","max-video-preview":"max-video-preview:-1"},"canonical":"https:\/\/derbe.it\/en\/product\/shower-shampoo\/","og_locale":"en_GB","og_type":"article","og_title":"Doccia Shampoo","og_description":"Un unico detergente dalle molte qualit\u00e0: \u00e8 schiumogeno, dona naturalit\u00e0 e freschezza, pulisce delicatamente tutto il corpo, comprese le parti intime, \u00e8 un ottimo sciampo per i capelli e....lo puoi adoperare anche con l'acqua di mare. E' ricco di olii essenziali naturalmente igienizzati ed \u00e8 quindi ideale per essere utilizzato dopo ogni forma di sport e in ogni occasione nella quale \u00e8 desiderata una detersione delicata insieme ad una azione di prevenzione e di difesa della pelle. Il suo uso \u00e8 indispensabile in piscina, in palestra, nella doccia, nel bagno, in barca.","og_url":"https:\/\/derbe.it\/en\/product\/shower-shampoo\/","og_site_name":"Derbe - cosmetici naturali","article_publisher":"https:\/\/www.facebook.com\/evoderbebio","article_modified_time":"2026-02-02T09:03:20+00:00","og_image":[{"width":1600,"height":2000,"url":"https:\/\/derbe.it\/wp-content\/uploads\/2025\/05\/doccia-sciampo-menta-echinacea-terre-di-amerigo-derbe.jpg","type":"image\/jpeg"}],"twitter_card":"summary_large_image","twitter_misc":{"Estimated reading time":"2 minutes"},"schema":{"@context":"https:\/\/schema.org","@graph":[{"@type":"WebPage","@id":"https:\/\/derbe.it\/prodotto\/doccia-sciampo\/","url":"https:\/\/derbe.it\/prodotto\/doccia-sciampo\/","name":"Shower Shampoo - Derbe - natural cosmetics","isPartOf":{"@id":"https:\/\/derbe.it\/#website"},"primaryImageOfPage":{"@id":"https:\/\/derbe.it\/prodotto\/doccia-sciampo\/#primaryimage"},"image":{"@id":"https:\/\/derbe.it\/prodotto\/doccia-sciampo\/#primaryimage"},"thumbnailUrl":"https:\/\/derbe.it\/wp-content\/uploads\/2025\/05\/doccia-sciampo-menta-echinacea-terre-di-amerigo-derbe.jpg","datePublished":"2018-09-26T07:26:39+00:00","dateModified":"2026-02-02T09:03:20+00:00","description":"A single cleanser with many qualities: it foams, provides a natural, fresh feel, gently cleanses the entire body, including intimate areas, is an excellent shampoo for hair, and...you can even use it with sea water. It&#039;s rich in naturally sanitizing essential oils, making it ideal for use after any form of sport and anytime you want gentle cleansing combined with preventative and protective action on the skin. Its use is essential in the pool, gym, shower, bath, and on a boat.","breadcrumb":{"@id":"https:\/\/derbe.it\/prodotto\/doccia-sciampo\/#breadcrumb"},"inLanguage":"en-GB","potentialAction":[{"@type":"ReadAction","target":["https:\/\/derbe.it\/prodotto\/doccia-sciampo\/"]}]},{"@type":"ImageObject","inLanguage":"en-GB","@id":"https:\/\/derbe.it\/prodotto\/doccia-sciampo\/#primaryimage","url":"https:\/\/derbe.it\/wp-content\/uploads\/2025\/05\/doccia-sciampo-menta-echinacea-terre-di-amerigo-derbe.jpg","contentUrl":"https:\/\/derbe.it\/wp-content\/uploads\/2025\/05\/doccia-sciampo-menta-echinacea-terre-di-amerigo-derbe.jpg","width":1600,"height":2000,"caption":"Doccia sciampo Terre di Amerigo - Derbe"},{"@type":"BreadcrumbList","@id":"https:\/\/derbe.it\/prodotto\/doccia-sciampo\/#breadcrumb","itemListElement":[{"@type":"ListItem","position":1,"name":"Home","item":"https:\/\/derbe.it\/"},{"@type":"ListItem","position":2,"name":"Shop","item":"https:\/\/derbe.it\/en\/shop\/"},{"@type":"ListItem","position":3,"name":"Bagnoschiuma","item":"https:\/\/derbe.it\/categoria-prodotto\/bagnoschiuma\/"},{"@type":"ListItem","position":4,"name":"Doccia Shampoo"}]},{"@type":"WebSite","@id":"https:\/\/derbe.it\/#website","url":"https:\/\/derbe.it\/","name":"Derbe","description":"For over 50 years - Made in Italy - hair and body products with plant extracts and sustainable formulas","publisher":{"@id":"https:\/\/derbe.it\/#organization"},"potentialAction":[{"@type":"SearchAction","target":{"@type":"EntryPoint","urlTemplate":"https:\/\/derbe.it\/?s={search_term_string}"},"query-input":{"@type":"PropertyValueSpecification","valueRequired":true,"valueName":"search_term_string"}}],"inLanguage":"en-GB"},{"@type":"Organization","@id":"https:\/\/derbe.it\/#organization","name":"Derbe","url":"https:\/\/derbe.it\/","logo":{"@type":"ImageObject","inLanguage":"en-GB","@id":"https:\/\/derbe.it\/#\/schema\/logo\/image\/","url":"https:\/\/derbe.it\/wp-content\/uploads\/2025\/06\/logo_derbe_firenze.png","contentUrl":"https:\/\/derbe.it\/wp-content\/uploads\/2025\/06\/logo_derbe_firenze.png","width":1200,"height":497,"caption":"Derbe"},"image":{"@id":"https:\/\/derbe.it\/#\/schema\/logo\/image\/"},"sameAs":["https:\/\/www.facebook.com\/evoderbebio","https:\/\/www.instagram.com\/derbe.official\/"],"email":"info@derbe.it","telephone":"+39 055 42 11 799","legalName":"Derbe S.r.l. a socio unico","vatID":"07272610481"}]}},"_links":{"self":[{"href":"https:\/\/derbe.it\/en\/wp-json\/wp\/v2\/product\/158","targetHints":{"allow":["GET"]}}],"collection":[{"href":"https:\/\/derbe.it\/en\/wp-json\/wp\/v2\/product"}],"about":[{"href":"https:\/\/derbe.it\/en\/wp-json\/wp\/v2\/types\/product"}],"wp:featuredmedia":[{"embeddable":true,"href":"https:\/\/derbe.it\/en\/wp-json\/wp\/v2\/media\/159"}],"wp:attachment":[{"href":"https:\/\/derbe.it\/en\/wp-json\/wp\/v2\/media?parent=158"}],"wp:term":[{"taxonomy":"caratteristica","embeddable":true,"href":"https:\/\/derbe.it\/en\/wp-json\/wp\/v2\/caratteristica?post=158"},{"taxonomy":"collezione","embeddable":true,"href":"https:\/\/derbe.it\/en\/wp-json\/wp\/v2\/collezione?post=158"},{"taxonomy":"formato","embeddable":true,"href":"https:\/\/derbe.it\/en\/wp-json\/wp\/v2\/formato?post=158"},{"taxonomy":"funzione","embeddable":true,"href":"https:\/\/derbe.it\/en\/wp-json\/wp\/v2\/funzione?post=158"},{"taxonomy":"utilizzo","embeddable":true,"href":"https:\/\/derbe.it\/en\/wp-json\/wp\/v2\/utilizzo?post=158"},{"taxonomy":"ingrediente-principale","embeddable":true,"href":"https:\/\/derbe.it\/en\/wp-json\/wp\/v2\/ingrediente-principale?post=158"},{"taxonomy":"product_brand","embeddable":true,"href":"https:\/\/derbe.it\/en\/wp-json\/wp\/v2\/product_brand?post=158"},{"taxonomy":"product_cat","embeddable":true,"href":"https:\/\/derbe.it\/en\/wp-json\/wp\/v2\/product_cat?post=158"},{"taxonomy":"product_tag","embeddable":true,"href":"https:\/\/derbe.it\/en\/wp-json\/wp\/v2\/product_tag?post=158"}],"curies":[{"name":"wp","href":"https:\/\/api.w.org\/{rel}","templated":true}]}}