{"id":244,"date":"2018-09-26T10:13:18","date_gmt":"2018-09-26T08:13:18","guid":{"rendered":"https:\/\/derbe.it\/prodotto\/sciampo-delicatissimo-cocco-zucchero-3\/"},"modified":"2025-11-12T11:08:28","modified_gmt":"2025-11-12T10:08:28","slug":"very-delicate-coconut-sugar-shampoo-3","status":"publish","type":"product","link":"https:\/\/derbe.it\/en\/product\/very-delicate-coconut-sugar-shampoo-3\/","title":{"rendered":"Sugar and Coconut Shampoo for Damaged Hair"},"content":{"rendered":"<p>Sun, chlorine, salt water, harsh beauty treatments, stress, and pollution are the main causes of hair fragility. The outermost layer of the hair (cuticle) frays, allowing substances that are potentially harmful to the health of the hair fiber to penetrate.<\/p>\n<p>At first, the damage isn&#039;t visible, but over time, the hair shafts lose their integrity. Hair no longer holds its shape, becomes dull, lacks volume, and often degenerates, forming split ends. <strong>To restore the correct supply of nutrients to damaged hair, products are needed that have the function of closing the empty spaces that have been created between the fibres of the cortex and of redensifying the internal structure of the hair fibre.<\/strong>.<\/p>\n<p><strong>Sugar and Coconut Shampoo for damaged hair performs a cleansing action while fully respecting the keratin structure<\/strong>, helping with the Maidenhair Fern extract to nourish the outermost layers while the Ginseng extract stimulates capillary tone.<\/p>\n<ul>\n<li><strong>ginseng extracts<\/strong>: Provides essential nutrients to the hair and scalp, helping keep hair hydrated, soft, and shiny. It helps fight free radicals, which can contribute to premature aging of hair, keeping it younger and more vibrant.<\/li>\n<li><strong>maidenhair fern extract<\/strong>Strengthening properties that help stimulate hair growth. Its active ingredients promote healthy hair follicles, promoting stronger, more vigorous hair.<\/li>\n<\/ul>","protected":false},"excerpt":{"rendered":"<p>This shampoo has a cleansing action that <strong>respects the keratin structure<\/strong>, helping to nourish the outermost layers and stimulating the <strong>capillary tone<\/strong>. This combination of functional substances has the ability to restructure the microcracks of the hair by distributing themselves adequately and proportionally in the areas of the hair that are most in need of healing. Enriched with <strong>vitamin B12<\/strong> and <strong>maidenhair fern extract<\/strong> And <strong>Ginseng<\/strong> [\u2026]<\/p>\n<p><a class=\"btn btn-secondary understrap-read-more-link\" href=\"https:\/\/derbe.it\/en\/product\/very-delicate-coconut-sugar-shampoo-3\/\">Read More\u2026<span class=\"screen-reader-text\"> from Shampoo Zucchero E Cocco Capelli Sfibrati<\/span><\/a><\/p>","protected":false},"featured_media":245,"template":"","meta":{"_acf_changed":false},"caratteristica":[116],"collezione":[],"formato":[],"funzione":[86,85],"utilizzo":[],"ingrediente-principale":[],"product_brand":[],"product_cat":[23],"product_tag":[],"class_list":{"0":"post-244","1":"product","2":"type-product","3":"status-publish","4":"has-post-thumbnail","6":"caratteristica-sviluppato-da-biologi-esperti","7":"funzione-capellli-danneggiati","8":"funzione-capelli-secchi-disidratati","9":"product_cat-shampoo","11":"first","12":"instock","13":"purchasable","14":"product-type-simple"},"acf":[],"yoast_head":"<!-- This site is optimized with the Yoast SEO Premium plugin v26.1 (Yoast SEO v26.8) - https:\/\/yoast.com\/product\/yoast-seo-premium-wordpress\/ -->\n<title>Shampoo Zucchero E Cocco Capelli Sfibrati - Derbe - cosmetici naturali<\/title>\n<meta name=\"description\" content=\"Questo shampoo svolge un\u2019azione detergente che rispetta la struttura cheratinica, contribuendo a nutrire gli strati pi\u00f9 esterni e stimolando la tonicit\u00e0 capillare. Questa combinazione di sostanze funzionali ha la capacit\u00e0 di ristrutturare le microfessure del capello andando a distribuirsi in maniera adeguata e proporzionale nelle zone del capello che hanno maggiore necessit\u00e0 di essere risanate. Arricchito con vitamina B12 ed estratto di capelvenere e Ginseng\" \/>\n<meta name=\"robots\" content=\"index, follow, max-snippet:-1, max-image-preview:large, max-video-preview:-1\" \/>\n<link rel=\"canonical\" href=\"https:\/\/derbe.it\/en\/product\/very-delicate-coconut-sugar-shampoo-3\/\" \/>\n<meta property=\"og:locale\" content=\"en_GB\" \/>\n<meta property=\"og:type\" content=\"article\" \/>\n<meta property=\"og:title\" content=\"Shampoo Zucchero E Cocco Capelli Sfibrati\" \/>\n<meta property=\"og:description\" content=\"Questo shampoo svolge un\u2019azione detergente che rispetta la struttura cheratinica, contribuendo a nutrire gli strati pi\u00f9 esterni e stimolando la tonicit\u00e0 capillare. Questa combinazione di sostanze funzionali ha la capacit\u00e0 di ristrutturare le microfessure del capello andando a distribuirsi in maniera adeguata e proporzionale nelle zone del capello che hanno maggiore necessit\u00e0 di essere risanate. Arricchito con vitamina B12 ed estratto di capelvenere e Ginseng\" \/>\n<meta property=\"og:url\" content=\"https:\/\/derbe.it\/en\/product\/very-delicate-coconut-sugar-shampoo-3\/\" \/>\n<meta property=\"og:site_name\" content=\"Derbe - cosmetici naturali\" \/>\n<meta property=\"article:publisher\" content=\"https:\/\/www.facebook.com\/evoderbebio\" \/>\n<meta property=\"article:modified_time\" content=\"2025-11-12T10:08:28+00:00\" \/>\n<meta property=\"og:image\" content=\"https:\/\/derbe.it\/wp-content\/uploads\/2025\/05\/sciampo-delicatissimo-capelli-sfibrati-zucchero-cocco-ginseng-capalvenere-derbe.jpg\" \/>\n\t<meta property=\"og:image:width\" content=\"1600\" \/>\n\t<meta property=\"og:image:height\" content=\"2000\" \/>\n\t<meta property=\"og:image:type\" content=\"image\/jpeg\" \/>\n<meta name=\"twitter:card\" content=\"summary_large_image\" \/>\n<meta name=\"twitter:label1\" content=\"Estimated reading time\" \/>\n\t<meta name=\"twitter:data1\" content=\"3 minutes\" \/>\n<script type=\"application\/ld+json\" class=\"yoast-schema-graph\">{\"@context\":\"https:\/\/schema.org\",\"@graph\":[{\"@type\":\"WebPage\",\"@id\":\"https:\/\/derbe.it\/prodotto\/sciampo-delicatissimo-cocco-zucchero-3\/\",\"url\":\"https:\/\/derbe.it\/prodotto\/sciampo-delicatissimo-cocco-zucchero-3\/\",\"name\":\"Shampoo Zucchero E Cocco Capelli Sfibrati - Derbe - cosmetici naturali\",\"isPartOf\":{\"@id\":\"https:\/\/derbe.it\/#website\"},\"primaryImageOfPage\":{\"@id\":\"https:\/\/derbe.it\/prodotto\/sciampo-delicatissimo-cocco-zucchero-3\/#primaryimage\"},\"image\":{\"@id\":\"https:\/\/derbe.it\/prodotto\/sciampo-delicatissimo-cocco-zucchero-3\/#primaryimage\"},\"thumbnailUrl\":\"https:\/\/derbe.it\/wp-content\/uploads\/2025\/05\/sciampo-delicatissimo-capelli-sfibrati-zucchero-cocco-ginseng-capalvenere-derbe.jpg\",\"datePublished\":\"2018-09-26T08:13:18+00:00\",\"dateModified\":\"2025-11-12T10:08:28+00:00\",\"description\":\"Questo shampoo svolge un\u2019azione detergente che rispetta la struttura cheratinica, contribuendo a nutrire gli strati pi\u00f9 esterni e stimolando la tonicit\u00e0 capillare. Questa combinazione di sostanze funzionali ha la capacit\u00e0 di ristrutturare le microfessure del capello andando a distribuirsi in maniera adeguata e proporzionale nelle zone del capello che hanno maggiore necessit\u00e0 di essere risanate. Arricchito con vitamina B12 ed estratto di capelvenere e Ginseng\",\"breadcrumb\":{\"@id\":\"https:\/\/derbe.it\/prodotto\/sciampo-delicatissimo-cocco-zucchero-3\/#breadcrumb\"},\"inLanguage\":\"en-GB\",\"potentialAction\":[{\"@type\":\"ReadAction\",\"target\":[\"https:\/\/derbe.it\/prodotto\/sciampo-delicatissimo-cocco-zucchero-3\/\"]}]},{\"@type\":\"ImageObject\",\"inLanguage\":\"en-GB\",\"@id\":\"https:\/\/derbe.it\/prodotto\/sciampo-delicatissimo-cocco-zucchero-3\/#primaryimage\",\"url\":\"https:\/\/derbe.it\/wp-content\/uploads\/2025\/05\/sciampo-delicatissimo-capelli-sfibrati-zucchero-cocco-ginseng-capalvenere-derbe.jpg\",\"contentUrl\":\"https:\/\/derbe.it\/wp-content\/uploads\/2025\/05\/sciampo-delicatissimo-capelli-sfibrati-zucchero-cocco-ginseng-capalvenere-derbe.jpg\",\"width\":1600,\"height\":2000},{\"@type\":\"BreadcrumbList\",\"@id\":\"https:\/\/derbe.it\/prodotto\/sciampo-delicatissimo-cocco-zucchero-3\/#breadcrumb\",\"itemListElement\":[{\"@type\":\"ListItem\",\"position\":1,\"name\":\"Home\",\"item\":\"https:\/\/derbe.it\/\"},{\"@type\":\"ListItem\",\"position\":2,\"name\":\"Shop\",\"item\":\"https:\/\/derbe.it\/en\/shop\/\"},{\"@type\":\"ListItem\",\"position\":3,\"name\":\"Shampoo\",\"item\":\"https:\/\/derbe.it\/categoria-prodotto\/shampoo\/\"},{\"@type\":\"ListItem\",\"position\":4,\"name\":\"Shampoo Zucchero E Cocco Capelli Sfibrati\"}]},{\"@type\":\"WebSite\",\"@id\":\"https:\/\/derbe.it\/#website\",\"url\":\"https:\/\/derbe.it\/\",\"name\":\"Derbe\",\"description\":\"Da oltre 50 anni - Made in italy - prodotti per capelli e corpo con estratti vegetali e formule sostenibili\",\"publisher\":{\"@id\":\"https:\/\/derbe.it\/#organization\"},\"potentialAction\":[{\"@type\":\"SearchAction\",\"target\":{\"@type\":\"EntryPoint\",\"urlTemplate\":\"https:\/\/derbe.it\/?s={search_term_string}\"},\"query-input\":{\"@type\":\"PropertyValueSpecification\",\"valueRequired\":true,\"valueName\":\"search_term_string\"}}],\"inLanguage\":\"en-GB\"},{\"@type\":\"Organization\",\"@id\":\"https:\/\/derbe.it\/#organization\",\"name\":\"Derbe\",\"url\":\"https:\/\/derbe.it\/\",\"logo\":{\"@type\":\"ImageObject\",\"inLanguage\":\"en-GB\",\"@id\":\"https:\/\/derbe.it\/#\/schema\/logo\/image\/\",\"url\":\"https:\/\/derbe.it\/wp-content\/uploads\/2025\/06\/logo_derbe_firenze.png\",\"contentUrl\":\"https:\/\/derbe.it\/wp-content\/uploads\/2025\/06\/logo_derbe_firenze.png\",\"width\":1200,\"height\":497,\"caption\":\"Derbe\"},\"image\":{\"@id\":\"https:\/\/derbe.it\/#\/schema\/logo\/image\/\"},\"sameAs\":[\"https:\/\/www.facebook.com\/evoderbebio\",\"https:\/\/www.instagram.com\/derbe.official\/\"],\"email\":\"info@derbe.it\",\"telephone\":\"+39 055 42 11 799\",\"legalName\":\"Derbe S.r.l. a socio unico\",\"vatID\":\"07272610481\"}]}<\/script>\n<!-- \/ Yoast SEO Premium plugin. -->","yoast_head_json":{"title":"Sugar and Coconut Shampoo for Damaged Hair - Derbe - natural cosmetics","description":"This shampoo cleanses while respecting the keratin structure, helping nourish the outer layers and stimulating hair tone. This combination of active ingredients restructures the hair&#039;s microcracks, distributing itself appropriately and proportionally to the areas of the hair most in need of repair. Enriched with vitamin B12, maidenhair fern extract, and ginseng.","robots":{"index":"index","follow":"follow","max-snippet":"max-snippet:-1","max-image-preview":"max-image-preview:large","max-video-preview":"max-video-preview:-1"},"canonical":"https:\/\/derbe.it\/en\/product\/very-delicate-coconut-sugar-shampoo-3\/","og_locale":"en_GB","og_type":"article","og_title":"Shampoo Zucchero E Cocco Capelli Sfibrati","og_description":"Questo shampoo svolge un\u2019azione detergente che rispetta la struttura cheratinica, contribuendo a nutrire gli strati pi\u00f9 esterni e stimolando la tonicit\u00e0 capillare. Questa combinazione di sostanze funzionali ha la capacit\u00e0 di ristrutturare le microfessure del capello andando a distribuirsi in maniera adeguata e proporzionale nelle zone del capello che hanno maggiore necessit\u00e0 di essere risanate. Arricchito con vitamina B12 ed estratto di capelvenere e Ginseng","og_url":"https:\/\/derbe.it\/en\/product\/very-delicate-coconut-sugar-shampoo-3\/","og_site_name":"Derbe - cosmetici naturali","article_publisher":"https:\/\/www.facebook.com\/evoderbebio","article_modified_time":"2025-11-12T10:08:28+00:00","og_image":[{"width":1600,"height":2000,"url":"https:\/\/derbe.it\/wp-content\/uploads\/2025\/05\/sciampo-delicatissimo-capelli-sfibrati-zucchero-cocco-ginseng-capalvenere-derbe.jpg","type":"image\/jpeg"}],"twitter_card":"summary_large_image","twitter_misc":{"Estimated reading time":"3 minutes"},"schema":{"@context":"https:\/\/schema.org","@graph":[{"@type":"WebPage","@id":"https:\/\/derbe.it\/prodotto\/sciampo-delicatissimo-cocco-zucchero-3\/","url":"https:\/\/derbe.it\/prodotto\/sciampo-delicatissimo-cocco-zucchero-3\/","name":"Sugar and Coconut Shampoo for Damaged Hair - Derbe - natural cosmetics","isPartOf":{"@id":"https:\/\/derbe.it\/#website"},"primaryImageOfPage":{"@id":"https:\/\/derbe.it\/prodotto\/sciampo-delicatissimo-cocco-zucchero-3\/#primaryimage"},"image":{"@id":"https:\/\/derbe.it\/prodotto\/sciampo-delicatissimo-cocco-zucchero-3\/#primaryimage"},"thumbnailUrl":"https:\/\/derbe.it\/wp-content\/uploads\/2025\/05\/sciampo-delicatissimo-capelli-sfibrati-zucchero-cocco-ginseng-capalvenere-derbe.jpg","datePublished":"2018-09-26T08:13:18+00:00","dateModified":"2025-11-12T10:08:28+00:00","description":"This shampoo cleanses while respecting the keratin structure, helping nourish the outer layers and stimulating hair tone. This combination of active ingredients restructures the hair&#039;s microcracks, distributing itself appropriately and proportionally to the areas of the hair most in need of repair. Enriched with vitamin B12, maidenhair fern extract, and ginseng.","breadcrumb":{"@id":"https:\/\/derbe.it\/prodotto\/sciampo-delicatissimo-cocco-zucchero-3\/#breadcrumb"},"inLanguage":"en-GB","potentialAction":[{"@type":"ReadAction","target":["https:\/\/derbe.it\/prodotto\/sciampo-delicatissimo-cocco-zucchero-3\/"]}]},{"@type":"ImageObject","inLanguage":"en-GB","@id":"https:\/\/derbe.it\/prodotto\/sciampo-delicatissimo-cocco-zucchero-3\/#primaryimage","url":"https:\/\/derbe.it\/wp-content\/uploads\/2025\/05\/sciampo-delicatissimo-capelli-sfibrati-zucchero-cocco-ginseng-capalvenere-derbe.jpg","contentUrl":"https:\/\/derbe.it\/wp-content\/uploads\/2025\/05\/sciampo-delicatissimo-capelli-sfibrati-zucchero-cocco-ginseng-capalvenere-derbe.jpg","width":1600,"height":2000},{"@type":"BreadcrumbList","@id":"https:\/\/derbe.it\/prodotto\/sciampo-delicatissimo-cocco-zucchero-3\/#breadcrumb","itemListElement":[{"@type":"ListItem","position":1,"name":"Home","item":"https:\/\/derbe.it\/"},{"@type":"ListItem","position":2,"name":"Shop","item":"https:\/\/derbe.it\/en\/shop\/"},{"@type":"ListItem","position":3,"name":"Shampoo","item":"https:\/\/derbe.it\/categoria-prodotto\/shampoo\/"},{"@type":"ListItem","position":4,"name":"Shampoo Zucchero E Cocco Capelli Sfibrati"}]},{"@type":"WebSite","@id":"https:\/\/derbe.it\/#website","url":"https:\/\/derbe.it\/","name":"Derbe","description":"For over 50 years - Made in Italy - hair and body products with plant extracts and sustainable formulas","publisher":{"@id":"https:\/\/derbe.it\/#organization"},"potentialAction":[{"@type":"SearchAction","target":{"@type":"EntryPoint","urlTemplate":"https:\/\/derbe.it\/?s={search_term_string}"},"query-input":{"@type":"PropertyValueSpecification","valueRequired":true,"valueName":"search_term_string"}}],"inLanguage":"en-GB"},{"@type":"Organization","@id":"https:\/\/derbe.it\/#organization","name":"Derbe","url":"https:\/\/derbe.it\/","logo":{"@type":"ImageObject","inLanguage":"en-GB","@id":"https:\/\/derbe.it\/#\/schema\/logo\/image\/","url":"https:\/\/derbe.it\/wp-content\/uploads\/2025\/06\/logo_derbe_firenze.png","contentUrl":"https:\/\/derbe.it\/wp-content\/uploads\/2025\/06\/logo_derbe_firenze.png","width":1200,"height":497,"caption":"Derbe"},"image":{"@id":"https:\/\/derbe.it\/#\/schema\/logo\/image\/"},"sameAs":["https:\/\/www.facebook.com\/evoderbebio","https:\/\/www.instagram.com\/derbe.official\/"],"email":"info@derbe.it","telephone":"+39 055 42 11 799","legalName":"Derbe S.r.l. a socio unico","vatID":"07272610481"}]}},"_links":{"self":[{"href":"https:\/\/derbe.it\/en\/wp-json\/wp\/v2\/product\/244","targetHints":{"allow":["GET"]}}],"collection":[{"href":"https:\/\/derbe.it\/en\/wp-json\/wp\/v2\/product"}],"about":[{"href":"https:\/\/derbe.it\/en\/wp-json\/wp\/v2\/types\/product"}],"wp:featuredmedia":[{"embeddable":true,"href":"https:\/\/derbe.it\/en\/wp-json\/wp\/v2\/media\/245"}],"wp:attachment":[{"href":"https:\/\/derbe.it\/en\/wp-json\/wp\/v2\/media?parent=244"}],"wp:term":[{"taxonomy":"caratteristica","embeddable":true,"href":"https:\/\/derbe.it\/en\/wp-json\/wp\/v2\/caratteristica?post=244"},{"taxonomy":"collezione","embeddable":true,"href":"https:\/\/derbe.it\/en\/wp-json\/wp\/v2\/collezione?post=244"},{"taxonomy":"formato","embeddable":true,"href":"https:\/\/derbe.it\/en\/wp-json\/wp\/v2\/formato?post=244"},{"taxonomy":"funzione","embeddable":true,"href":"https:\/\/derbe.it\/en\/wp-json\/wp\/v2\/funzione?post=244"},{"taxonomy":"utilizzo","embeddable":true,"href":"https:\/\/derbe.it\/en\/wp-json\/wp\/v2\/utilizzo?post=244"},{"taxonomy":"ingrediente-principale","embeddable":true,"href":"https:\/\/derbe.it\/en\/wp-json\/wp\/v2\/ingrediente-principale?post=244"},{"taxonomy":"product_brand","embeddable":true,"href":"https:\/\/derbe.it\/en\/wp-json\/wp\/v2\/product_brand?post=244"},{"taxonomy":"product_cat","embeddable":true,"href":"https:\/\/derbe.it\/en\/wp-json\/wp\/v2\/product_cat?post=244"},{"taxonomy":"product_tag","embeddable":true,"href":"https:\/\/derbe.it\/en\/wp-json\/wp\/v2\/product_tag?post=244"}],"curies":[{"name":"wp","href":"https:\/\/api.w.org\/{rel}","templated":true}]}}