{"id":333,"date":"2018-09-26T10:13:08","date_gmt":"2018-09-26T08:13:08","guid":{"rendered":"https:\/\/derbe.it\/prodotto\/sciampo-setificante\/"},"modified":"2025-11-12T11:25:00","modified_gmt":"2025-11-12T10:25:00","slug":"silky-shampoo","status":"publish","type":"product","link":"https:\/\/derbe.it\/en\/product\/silky-shampoo\/","title":{"rendered":"Silky shampoo"},"content":{"rendered":"<p>This silkening shampoo, thanks to the active ingredients of sunflower ceramides, rice proteins, and millet extracts, deeply cleanses and hydrates all hair types, especially treated, damaged, bleached, dry, and dull hair, restoring body and protection. Regular use of this shampoo maintains hair color and adds shine.<\/p>","protected":false},"excerpt":{"rendered":"<p>Silky shampoo is one <strong>restorative shampoo<\/strong> That <strong>repairs, revitalizes and restores brightness<\/strong> for weakened hair and is suitable for those who have <strong>fragile, damaged hair with split ends<\/strong>.<br \/>\nRistruttura ogni fibra capillare dall\u2019interno, d\u00e0 nuova vita ai capelli, rendendoli di nuovo forti e robusti e ripristina la loro naturale luminosit\u00e0. Un uso regolare di questo shampoo mantiene brillante il colore dei capelli e dona loro lucentezza. [&#8230;]<\/p>\n<p><a class=\"btn btn-secondary understrap-read-more-link\" href=\"https:\/\/derbe.it\/en\/product\/silky-shampoo\/\">Read More\u2026<span class=\"screen-reader-text\"> from Shampoo setificante<\/span><\/a><\/p>","protected":false},"featured_media":334,"template":"","meta":{"_acf_changed":false},"caratteristica":[116],"collezione":[],"formato":[],"funzione":[86,90],"utilizzo":[],"ingrediente-principale":[],"product_brand":[],"product_cat":[23],"product_tag":[],"class_list":{"0":"post-333","1":"product","2":"type-product","3":"status-publish","4":"has-post-thumbnail","6":"caratteristica-sviluppato-da-biologi-esperti","7":"funzione-capellli-danneggiati","8":"funzione-capelli-lisci","9":"product_cat-shampoo","11":"first","12":"instock","13":"purchasable","14":"product-type-simple"},"acf":[],"yoast_head":"<!-- This site is optimized with the Yoast SEO Premium plugin v26.1 (Yoast SEO v26.8) - https:\/\/yoast.com\/product\/yoast-seo-premium-wordpress\/ -->\n<title>Shampoo setificante - Derbe - cosmetici naturali<\/title>\n<meta name=\"description\" content=\"Lo shampoo setificante \u00e8 uno shampoo ricostituente che ripara, rivitalizza e ridona luminosit\u00e0 ai capelli indeboliti ed \u00e8 indicato per chi ha capelli fragili, danneggiati e con doppie punte. Ristruttura ogni fibra capillare dall\u2019interno, d\u00e0 nuova vita ai capelli, rendendoli di nuovo forti e robusti e ripristina la loro naturale luminosit\u00e0. Un uso regolare di questo shampoo mantiene brillante il colore dei capelli e dona loro lucentezza.\" \/>\n<meta name=\"robots\" content=\"index, follow, max-snippet:-1, max-image-preview:large, max-video-preview:-1\" \/>\n<link rel=\"canonical\" href=\"https:\/\/derbe.it\/en\/product\/silky-shampoo\/\" \/>\n<meta property=\"og:locale\" content=\"en_GB\" \/>\n<meta property=\"og:type\" content=\"article\" \/>\n<meta property=\"og:title\" content=\"Shampoo setificante\" \/>\n<meta property=\"og:description\" content=\"Lo shampoo setificante \u00e8 uno shampoo ricostituente che ripara, rivitalizza e ridona luminosit\u00e0 ai capelli indeboliti ed \u00e8 indicato per chi ha capelli fragili, danneggiati e con doppie punte. Ristruttura ogni fibra capillare dall\u2019interno, d\u00e0 nuova vita ai capelli, rendendoli di nuovo forti e robusti e ripristina la loro naturale luminosit\u00e0. Un uso regolare di questo shampoo mantiene brillante il colore dei capelli e dona loro lucentezza.\" \/>\n<meta property=\"og:url\" content=\"https:\/\/derbe.it\/en\/product\/silky-shampoo\/\" \/>\n<meta property=\"og:site_name\" content=\"Derbe - cosmetici naturali\" \/>\n<meta property=\"article:publisher\" content=\"https:\/\/www.facebook.com\/evoderbebio\" \/>\n<meta property=\"article:modified_time\" content=\"2025-11-12T10:25:00+00:00\" \/>\n<meta property=\"og:image\" content=\"https:\/\/derbe.it\/wp-content\/uploads\/2025\/05\/sciampo-setificante-capelli-stressati-ceramidi-girasole-miglio-proteine-riso-derbe.jpg\" \/>\n\t<meta property=\"og:image:width\" content=\"1600\" \/>\n\t<meta property=\"og:image:height\" content=\"2000\" \/>\n\t<meta property=\"og:image:type\" content=\"image\/jpeg\" \/>\n<meta name=\"twitter:card\" content=\"summary_large_image\" \/>\n<meta name=\"twitter:label1\" content=\"Estimated reading time\" \/>\n\t<meta name=\"twitter:data1\" content=\"1 minute\" \/>\n<script type=\"application\/ld+json\" class=\"yoast-schema-graph\">{\"@context\":\"https:\/\/schema.org\",\"@graph\":[{\"@type\":\"WebPage\",\"@id\":\"https:\/\/derbe.it\/prodotto\/sciampo-setificante\/\",\"url\":\"https:\/\/derbe.it\/prodotto\/sciampo-setificante\/\",\"name\":\"Shampoo setificante - Derbe - cosmetici naturali\",\"isPartOf\":{\"@id\":\"https:\/\/derbe.it\/#website\"},\"primaryImageOfPage\":{\"@id\":\"https:\/\/derbe.it\/prodotto\/sciampo-setificante\/#primaryimage\"},\"image\":{\"@id\":\"https:\/\/derbe.it\/prodotto\/sciampo-setificante\/#primaryimage\"},\"thumbnailUrl\":\"https:\/\/derbe.it\/wp-content\/uploads\/2025\/05\/sciampo-setificante-capelli-stressati-ceramidi-girasole-miglio-proteine-riso-derbe.jpg\",\"datePublished\":\"2018-09-26T08:13:08+00:00\",\"dateModified\":\"2025-11-12T10:25:00+00:00\",\"description\":\"Lo shampoo setificante \u00e8 uno shampoo ricostituente che ripara, rivitalizza e ridona luminosit\u00e0 ai capelli indeboliti ed \u00e8 indicato per chi ha capelli fragili, danneggiati e con doppie punte. Ristruttura ogni fibra capillare dall\u2019interno, d\u00e0 nuova vita ai capelli, rendendoli di nuovo forti e robusti e ripristina la loro naturale luminosit\u00e0. Un uso regolare di questo shampoo mantiene brillante il colore dei capelli e dona loro lucentezza.\",\"breadcrumb\":{\"@id\":\"https:\/\/derbe.it\/prodotto\/sciampo-setificante\/#breadcrumb\"},\"inLanguage\":\"en-GB\",\"potentialAction\":[{\"@type\":\"ReadAction\",\"target\":[\"https:\/\/derbe.it\/prodotto\/sciampo-setificante\/\"]}]},{\"@type\":\"ImageObject\",\"inLanguage\":\"en-GB\",\"@id\":\"https:\/\/derbe.it\/prodotto\/sciampo-setificante\/#primaryimage\",\"url\":\"https:\/\/derbe.it\/wp-content\/uploads\/2025\/05\/sciampo-setificante-capelli-stressati-ceramidi-girasole-miglio-proteine-riso-derbe.jpg\",\"contentUrl\":\"https:\/\/derbe.it\/wp-content\/uploads\/2025\/05\/sciampo-setificante-capelli-stressati-ceramidi-girasole-miglio-proteine-riso-derbe.jpg\",\"width\":1600,\"height\":2000},{\"@type\":\"BreadcrumbList\",\"@id\":\"https:\/\/derbe.it\/prodotto\/sciampo-setificante\/#breadcrumb\",\"itemListElement\":[{\"@type\":\"ListItem\",\"position\":1,\"name\":\"Home\",\"item\":\"https:\/\/derbe.it\/\"},{\"@type\":\"ListItem\",\"position\":2,\"name\":\"Shop\",\"item\":\"https:\/\/derbe.it\/en\/shop\/\"},{\"@type\":\"ListItem\",\"position\":3,\"name\":\"Shampoo\",\"item\":\"https:\/\/derbe.it\/categoria-prodotto\/shampoo\/\"},{\"@type\":\"ListItem\",\"position\":4,\"name\":\"Shampoo setificante\"}]},{\"@type\":\"WebSite\",\"@id\":\"https:\/\/derbe.it\/#website\",\"url\":\"https:\/\/derbe.it\/\",\"name\":\"Derbe\",\"description\":\"Da oltre 50 anni - Made in italy - prodotti per capelli e corpo con estratti vegetali e formule sostenibili\",\"publisher\":{\"@id\":\"https:\/\/derbe.it\/#organization\"},\"potentialAction\":[{\"@type\":\"SearchAction\",\"target\":{\"@type\":\"EntryPoint\",\"urlTemplate\":\"https:\/\/derbe.it\/?s={search_term_string}\"},\"query-input\":{\"@type\":\"PropertyValueSpecification\",\"valueRequired\":true,\"valueName\":\"search_term_string\"}}],\"inLanguage\":\"en-GB\"},{\"@type\":\"Organization\",\"@id\":\"https:\/\/derbe.it\/#organization\",\"name\":\"Derbe\",\"url\":\"https:\/\/derbe.it\/\",\"logo\":{\"@type\":\"ImageObject\",\"inLanguage\":\"en-GB\",\"@id\":\"https:\/\/derbe.it\/#\/schema\/logo\/image\/\",\"url\":\"https:\/\/derbe.it\/wp-content\/uploads\/2025\/06\/logo_derbe_firenze.png\",\"contentUrl\":\"https:\/\/derbe.it\/wp-content\/uploads\/2025\/06\/logo_derbe_firenze.png\",\"width\":1200,\"height\":497,\"caption\":\"Derbe\"},\"image\":{\"@id\":\"https:\/\/derbe.it\/#\/schema\/logo\/image\/\"},\"sameAs\":[\"https:\/\/www.facebook.com\/evoderbebio\",\"https:\/\/www.instagram.com\/derbe.official\/\"],\"email\":\"info@derbe.it\",\"telephone\":\"+39 055 42 11 799\",\"legalName\":\"Derbe S.r.l. a socio unico\",\"vatID\":\"07272610481\"}]}<\/script>\n<!-- \/ Yoast SEO Premium plugin. -->","yoast_head_json":{"title":"Silky Shampoo - Derbe - Natural Cosmetics","description":"Silkening Shampoo is a restorative shampoo that repairs, revitalizes, and restores shine to weakened hair and is suitable for those with brittle, damaged, and split ends. It restructures each hair fiber from within, revitalizing hair, making it strong and robust again and restoring its natural shine. Regular use of this shampoo maintains hair color and adds shine.","robots":{"index":"index","follow":"follow","max-snippet":"max-snippet:-1","max-image-preview":"max-image-preview:large","max-video-preview":"max-video-preview:-1"},"canonical":"https:\/\/derbe.it\/en\/product\/silky-shampoo\/","og_locale":"en_GB","og_type":"article","og_title":"Shampoo setificante","og_description":"Lo shampoo setificante \u00e8 uno shampoo ricostituente che ripara, rivitalizza e ridona luminosit\u00e0 ai capelli indeboliti ed \u00e8 indicato per chi ha capelli fragili, danneggiati e con doppie punte. Ristruttura ogni fibra capillare dall\u2019interno, d\u00e0 nuova vita ai capelli, rendendoli di nuovo forti e robusti e ripristina la loro naturale luminosit\u00e0. Un uso regolare di questo shampoo mantiene brillante il colore dei capelli e dona loro lucentezza.","og_url":"https:\/\/derbe.it\/en\/product\/silky-shampoo\/","og_site_name":"Derbe - cosmetici naturali","article_publisher":"https:\/\/www.facebook.com\/evoderbebio","article_modified_time":"2025-11-12T10:25:00+00:00","og_image":[{"width":1600,"height":2000,"url":"https:\/\/derbe.it\/wp-content\/uploads\/2025\/05\/sciampo-setificante-capelli-stressati-ceramidi-girasole-miglio-proteine-riso-derbe.jpg","type":"image\/jpeg"}],"twitter_card":"summary_large_image","twitter_misc":{"Estimated reading time":"1 minute"},"schema":{"@context":"https:\/\/schema.org","@graph":[{"@type":"WebPage","@id":"https:\/\/derbe.it\/prodotto\/sciampo-setificante\/","url":"https:\/\/derbe.it\/prodotto\/sciampo-setificante\/","name":"Silky Shampoo - Derbe - Natural Cosmetics","isPartOf":{"@id":"https:\/\/derbe.it\/#website"},"primaryImageOfPage":{"@id":"https:\/\/derbe.it\/prodotto\/sciampo-setificante\/#primaryimage"},"image":{"@id":"https:\/\/derbe.it\/prodotto\/sciampo-setificante\/#primaryimage"},"thumbnailUrl":"https:\/\/derbe.it\/wp-content\/uploads\/2025\/05\/sciampo-setificante-capelli-stressati-ceramidi-girasole-miglio-proteine-riso-derbe.jpg","datePublished":"2018-09-26T08:13:08+00:00","dateModified":"2025-11-12T10:25:00+00:00","description":"Silkening Shampoo is a restorative shampoo that repairs, revitalizes, and restores shine to weakened hair and is suitable for those with brittle, damaged, and split ends. It restructures each hair fiber from within, revitalizing hair, making it strong and robust again and restoring its natural shine. Regular use of this shampoo maintains hair color and adds shine.","breadcrumb":{"@id":"https:\/\/derbe.it\/prodotto\/sciampo-setificante\/#breadcrumb"},"inLanguage":"en-GB","potentialAction":[{"@type":"ReadAction","target":["https:\/\/derbe.it\/prodotto\/sciampo-setificante\/"]}]},{"@type":"ImageObject","inLanguage":"en-GB","@id":"https:\/\/derbe.it\/prodotto\/sciampo-setificante\/#primaryimage","url":"https:\/\/derbe.it\/wp-content\/uploads\/2025\/05\/sciampo-setificante-capelli-stressati-ceramidi-girasole-miglio-proteine-riso-derbe.jpg","contentUrl":"https:\/\/derbe.it\/wp-content\/uploads\/2025\/05\/sciampo-setificante-capelli-stressati-ceramidi-girasole-miglio-proteine-riso-derbe.jpg","width":1600,"height":2000},{"@type":"BreadcrumbList","@id":"https:\/\/derbe.it\/prodotto\/sciampo-setificante\/#breadcrumb","itemListElement":[{"@type":"ListItem","position":1,"name":"Home","item":"https:\/\/derbe.it\/"},{"@type":"ListItem","position":2,"name":"Shop","item":"https:\/\/derbe.it\/en\/shop\/"},{"@type":"ListItem","position":3,"name":"Shampoo","item":"https:\/\/derbe.it\/categoria-prodotto\/shampoo\/"},{"@type":"ListItem","position":4,"name":"Shampoo setificante"}]},{"@type":"WebSite","@id":"https:\/\/derbe.it\/#website","url":"https:\/\/derbe.it\/","name":"Derbe","description":"For over 50 years - Made in Italy - hair and body products with plant extracts and sustainable formulas","publisher":{"@id":"https:\/\/derbe.it\/#organization"},"potentialAction":[{"@type":"SearchAction","target":{"@type":"EntryPoint","urlTemplate":"https:\/\/derbe.it\/?s={search_term_string}"},"query-input":{"@type":"PropertyValueSpecification","valueRequired":true,"valueName":"search_term_string"}}],"inLanguage":"en-GB"},{"@type":"Organization","@id":"https:\/\/derbe.it\/#organization","name":"Derbe","url":"https:\/\/derbe.it\/","logo":{"@type":"ImageObject","inLanguage":"en-GB","@id":"https:\/\/derbe.it\/#\/schema\/logo\/image\/","url":"https:\/\/derbe.it\/wp-content\/uploads\/2025\/06\/logo_derbe_firenze.png","contentUrl":"https:\/\/derbe.it\/wp-content\/uploads\/2025\/06\/logo_derbe_firenze.png","width":1200,"height":497,"caption":"Derbe"},"image":{"@id":"https:\/\/derbe.it\/#\/schema\/logo\/image\/"},"sameAs":["https:\/\/www.facebook.com\/evoderbebio","https:\/\/www.instagram.com\/derbe.official\/"],"email":"info@derbe.it","telephone":"+39 055 42 11 799","legalName":"Derbe S.r.l. a socio unico","vatID":"07272610481"}]}},"_links":{"self":[{"href":"https:\/\/derbe.it\/en\/wp-json\/wp\/v2\/product\/333","targetHints":{"allow":["GET"]}}],"collection":[{"href":"https:\/\/derbe.it\/en\/wp-json\/wp\/v2\/product"}],"about":[{"href":"https:\/\/derbe.it\/en\/wp-json\/wp\/v2\/types\/product"}],"wp:featuredmedia":[{"embeddable":true,"href":"https:\/\/derbe.it\/en\/wp-json\/wp\/v2\/media\/334"}],"wp:attachment":[{"href":"https:\/\/derbe.it\/en\/wp-json\/wp\/v2\/media?parent=333"}],"wp:term":[{"taxonomy":"caratteristica","embeddable":true,"href":"https:\/\/derbe.it\/en\/wp-json\/wp\/v2\/caratteristica?post=333"},{"taxonomy":"collezione","embeddable":true,"href":"https:\/\/derbe.it\/en\/wp-json\/wp\/v2\/collezione?post=333"},{"taxonomy":"formato","embeddable":true,"href":"https:\/\/derbe.it\/en\/wp-json\/wp\/v2\/formato?post=333"},{"taxonomy":"funzione","embeddable":true,"href":"https:\/\/derbe.it\/en\/wp-json\/wp\/v2\/funzione?post=333"},{"taxonomy":"utilizzo","embeddable":true,"href":"https:\/\/derbe.it\/en\/wp-json\/wp\/v2\/utilizzo?post=333"},{"taxonomy":"ingrediente-principale","embeddable":true,"href":"https:\/\/derbe.it\/en\/wp-json\/wp\/v2\/ingrediente-principale?post=333"},{"taxonomy":"product_brand","embeddable":true,"href":"https:\/\/derbe.it\/en\/wp-json\/wp\/v2\/product_brand?post=333"},{"taxonomy":"product_cat","embeddable":true,"href":"https:\/\/derbe.it\/en\/wp-json\/wp\/v2\/product_cat?post=333"},{"taxonomy":"product_tag","embeddable":true,"href":"https:\/\/derbe.it\/en\/wp-json\/wp\/v2\/product_tag?post=333"}],"curies":[{"name":"wp","href":"https:\/\/api.w.org\/{rel}","templated":true}]}}