{"id":602,"date":"2018-09-26T09:23:35","date_gmt":"2018-09-26T07:23:35","guid":{"rendered":"https:\/\/derbe.it\/prodotto\/deodorante-mandorla-e-menta\/"},"modified":"2025-10-20T11:30:13","modified_gmt":"2025-10-20T09:30:13","slug":"almond-and-mint-deodorant","status":"publish","type":"product","link":"https:\/\/derbe.it\/en\/product\/almond-and-mint-deodorant\/","title":{"rendered":"Almond and Mint Deodorant"},"content":{"rendered":"<p>Non-alcoholic deodorant with sweet almond oil and mint extract. This excellent deodorant is ideal for excessive sweating. Its natural ingredients make it particularly suitable for even the most sensitive and delicate skin. It can be applied once or several times a day for optimal sweat regulation.<\/p>","protected":false},"excerpt":{"rendered":"<p>Non-alcoholic deodorant with sweet almond oil and mint extract. This excellent deodorant is ideal for excessive sweating. Its natural ingredients make it particularly suitable for even the most sensitive and delicate skin. It can be applied once or several times a day for optimal sweat regulation.<\/p>\n<p>THE PRODUCT IS SHIPPED WITHOUT A CASE<\/p>\n<p>&nbsp; [\u2026]<\/p>\n<p><a class=\"btn btn-secondary understrap-read-more-link\" href=\"https:\/\/derbe.it\/en\/product\/almond-and-mint-deodorant\/\">Read More\u2026<span class=\"screen-reader-text\"> from Almond and Mint Deodorant<\/span><\/a><\/p>","protected":false},"featured_media":24894,"template":"","meta":{"_acf_changed":false},"caratteristica":[],"collezione":[75],"formato":[],"funzione":[],"utilizzo":[],"ingrediente-principale":[],"product_brand":[],"product_cat":[20],"product_tag":[],"class_list":{"0":"post-602","1":"product","2":"type-product","3":"status-publish","4":"has-post-thumbnail","6":"collezione-speziali-fiorentini","7":"product_cat-deodorante","9":"first","10":"instock","11":"purchasable","12":"product-type-simple"},"acf":[],"yoast_head":"<!-- This site is optimized with the Yoast SEO Premium plugin v26.1 (Yoast SEO v26.8) - https:\/\/yoast.com\/product\/yoast-seo-premium-wordpress\/ -->\n<title>Deodorante Mandorla e Menta - Derbe - cosmetici naturali<\/title>\n<meta name=\"description\" content=\"Deodorante non alcolico con Olio di Mandorle dolci ed estratto di Menta. Questo eccellente deodorante \u00e8 ideale nei casi di sudorazione eccessiva. La sua naturalezza lo rende particolarmente adatto anche alla pelle pi\u00f9 sensibile e delicata. Si pu\u00f2 applicare una o pi\u00f9 volte al giorno per ottenere un&#039;ottimale regolazione della sudorazione.  IL PRODOTTO VIENE SPEDITO SENZA ASTUCCIO  &nbsp;\" \/>\n<meta name=\"robots\" content=\"index, follow, max-snippet:-1, max-image-preview:large, max-video-preview:-1\" \/>\n<link rel=\"canonical\" href=\"https:\/\/derbe.it\/en\/product\/almond-and-mint-deodorant\/\" \/>\n<meta property=\"og:locale\" content=\"en_GB\" \/>\n<meta property=\"og:type\" content=\"article\" \/>\n<meta property=\"og:title\" content=\"Deodorante Mandorla e Menta\" \/>\n<meta property=\"og:description\" content=\"Deodorante non alcolico con Olio di Mandorle dolci ed estratto di Menta. Questo eccellente deodorante \u00e8 ideale nei casi di sudorazione eccessiva. La sua naturalezza lo rende particolarmente adatto anche alla pelle pi\u00f9 sensibile e delicata. Si pu\u00f2 applicare una o pi\u00f9 volte al giorno per ottenere un&#039;ottimale regolazione della sudorazione.  IL PRODOTTO VIENE SPEDITO SENZA ASTUCCIO  &nbsp;\" \/>\n<meta property=\"og:url\" content=\"https:\/\/derbe.it\/en\/product\/almond-and-mint-deodorant\/\" \/>\n<meta property=\"og:site_name\" content=\"Derbe - cosmetici naturali\" \/>\n<meta property=\"article:publisher\" content=\"https:\/\/www.facebook.com\/evoderbebio\" \/>\n<meta property=\"article:modified_time\" content=\"2025-10-20T09:30:13+00:00\" \/>\n<meta property=\"og:image\" content=\"https:\/\/derbe.it\/wp-content\/uploads\/2018\/09\/deodorante_mandorla_e_menta.jpg\" \/>\n\t<meta property=\"og:image:width\" content=\"1229\" \/>\n\t<meta property=\"og:image:height\" content=\"1536\" \/>\n\t<meta property=\"og:image:type\" content=\"image\/jpeg\" \/>\n<meta name=\"twitter:card\" content=\"summary_large_image\" \/>\n<meta name=\"twitter:label1\" content=\"Estimated reading time\" \/>\n\t<meta name=\"twitter:data1\" content=\"1 minute\" \/>\n<script type=\"application\/ld+json\" class=\"yoast-schema-graph\">{\"@context\":\"https:\/\/schema.org\",\"@graph\":[{\"@type\":\"WebPage\",\"@id\":\"https:\/\/derbe.it\/prodotto\/deodorante-mandorla-e-menta\/\",\"url\":\"https:\/\/derbe.it\/prodotto\/deodorante-mandorla-e-menta\/\",\"name\":\"Deodorante Mandorla e Menta - Derbe - cosmetici naturali\",\"isPartOf\":{\"@id\":\"https:\/\/derbe.it\/#website\"},\"primaryImageOfPage\":{\"@id\":\"https:\/\/derbe.it\/prodotto\/deodorante-mandorla-e-menta\/#primaryimage\"},\"image\":{\"@id\":\"https:\/\/derbe.it\/prodotto\/deodorante-mandorla-e-menta\/#primaryimage\"},\"thumbnailUrl\":\"https:\/\/derbe.it\/wp-content\/uploads\/2018\/09\/deodorante_mandorla_e_menta.jpg\",\"datePublished\":\"2018-09-26T07:23:35+00:00\",\"dateModified\":\"2025-10-20T09:30:13+00:00\",\"description\":\"Deodorante non alcolico con Olio di Mandorle dolci ed estratto di Menta. Questo eccellente deodorante \u00e8 ideale nei casi di sudorazione eccessiva. La sua naturalezza lo rende particolarmente adatto anche alla pelle pi\u00f9 sensibile e delicata. Si pu\u00f2 applicare una o pi\u00f9 volte al giorno per ottenere un'ottimale regolazione della sudorazione. IL PRODOTTO VIENE SPEDITO SENZA ASTUCCIO &nbsp;\",\"breadcrumb\":{\"@id\":\"https:\/\/derbe.it\/prodotto\/deodorante-mandorla-e-menta\/#breadcrumb\"},\"inLanguage\":\"en-GB\",\"potentialAction\":[{\"@type\":\"ReadAction\",\"target\":[\"https:\/\/derbe.it\/prodotto\/deodorante-mandorla-e-menta\/\"]}]},{\"@type\":\"ImageObject\",\"inLanguage\":\"en-GB\",\"@id\":\"https:\/\/derbe.it\/prodotto\/deodorante-mandorla-e-menta\/#primaryimage\",\"url\":\"https:\/\/derbe.it\/wp-content\/uploads\/2018\/09\/deodorante_mandorla_e_menta.jpg\",\"contentUrl\":\"https:\/\/derbe.it\/wp-content\/uploads\/2018\/09\/deodorante_mandorla_e_menta.jpg\",\"width\":1229,\"height\":1536},{\"@type\":\"BreadcrumbList\",\"@id\":\"https:\/\/derbe.it\/prodotto\/deodorante-mandorla-e-menta\/#breadcrumb\",\"itemListElement\":[{\"@type\":\"ListItem\",\"position\":1,\"name\":\"Home\",\"item\":\"https:\/\/derbe.it\/\"},{\"@type\":\"ListItem\",\"position\":2,\"name\":\"Shop\",\"item\":\"https:\/\/derbe.it\/en\/shop\/\"},{\"@type\":\"ListItem\",\"position\":3,\"name\":\"Deodorante\",\"item\":\"https:\/\/derbe.it\/categoria-prodotto\/deodorante\/\"},{\"@type\":\"ListItem\",\"position\":4,\"name\":\"Deodorante Mandorla e Menta\"}]},{\"@type\":\"WebSite\",\"@id\":\"https:\/\/derbe.it\/#website\",\"url\":\"https:\/\/derbe.it\/\",\"name\":\"Derbe\",\"description\":\"Da oltre 50 anni - Made in italy - prodotti per capelli e corpo con estratti vegetali e formule sostenibili\",\"publisher\":{\"@id\":\"https:\/\/derbe.it\/#organization\"},\"potentialAction\":[{\"@type\":\"SearchAction\",\"target\":{\"@type\":\"EntryPoint\",\"urlTemplate\":\"https:\/\/derbe.it\/?s={search_term_string}\"},\"query-input\":{\"@type\":\"PropertyValueSpecification\",\"valueRequired\":true,\"valueName\":\"search_term_string\"}}],\"inLanguage\":\"en-GB\"},{\"@type\":\"Organization\",\"@id\":\"https:\/\/derbe.it\/#organization\",\"name\":\"Derbe\",\"url\":\"https:\/\/derbe.it\/\",\"logo\":{\"@type\":\"ImageObject\",\"inLanguage\":\"en-GB\",\"@id\":\"https:\/\/derbe.it\/#\/schema\/logo\/image\/\",\"url\":\"https:\/\/derbe.it\/wp-content\/uploads\/2025\/06\/logo_derbe_firenze.png\",\"contentUrl\":\"https:\/\/derbe.it\/wp-content\/uploads\/2025\/06\/logo_derbe_firenze.png\",\"width\":1200,\"height\":497,\"caption\":\"Derbe\"},\"image\":{\"@id\":\"https:\/\/derbe.it\/#\/schema\/logo\/image\/\"},\"sameAs\":[\"https:\/\/www.facebook.com\/evoderbebio\",\"https:\/\/www.instagram.com\/derbe.official\/\"],\"email\":\"info@derbe.it\",\"telephone\":\"+39 055 42 11 799\",\"legalName\":\"Derbe S.r.l. a socio unico\",\"vatID\":\"07272610481\"}]}<\/script>\n<!-- \/ Yoast SEO Premium plugin. -->","yoast_head_json":{"title":"Almond and Mint Deodorant - Derbe - natural cosmetics","description":"Non-alcoholic deodorant with sweet almond oil and mint extract. This excellent deodorant is ideal for excessive sweating. Its natural ingredients make it particularly suitable for even the most sensitive and delicate skin. It can be applied once or several times a day for optimal sweat regulation. THIS PRODUCT IS SHIPPED WITHOUT A CASE.  &nbsp;","robots":{"index":"index","follow":"follow","max-snippet":"max-snippet:-1","max-image-preview":"max-image-preview:large","max-video-preview":"max-video-preview:-1"},"canonical":"https:\/\/derbe.it\/en\/product\/almond-and-mint-deodorant\/","og_locale":"en_GB","og_type":"article","og_title":"Deodorante Mandorla e Menta","og_description":"Deodorante non alcolico con Olio di Mandorle dolci ed estratto di Menta. Questo eccellente deodorante \u00e8 ideale nei casi di sudorazione eccessiva. La sua naturalezza lo rende particolarmente adatto anche alla pelle pi\u00f9 sensibile e delicata. Si pu\u00f2 applicare una o pi\u00f9 volte al giorno per ottenere un'ottimale regolazione della sudorazione.  IL PRODOTTO VIENE SPEDITO SENZA ASTUCCIO  &nbsp;","og_url":"https:\/\/derbe.it\/en\/product\/almond-and-mint-deodorant\/","og_site_name":"Derbe - cosmetici naturali","article_publisher":"https:\/\/www.facebook.com\/evoderbebio","article_modified_time":"2025-10-20T09:30:13+00:00","og_image":[{"width":1229,"height":1536,"url":"https:\/\/derbe.it\/wp-content\/uploads\/2018\/09\/deodorante_mandorla_e_menta.jpg","type":"image\/jpeg"}],"twitter_card":"summary_large_image","twitter_misc":{"Estimated reading time":"1 minute"},"schema":{"@context":"https:\/\/schema.org","@graph":[{"@type":"WebPage","@id":"https:\/\/derbe.it\/prodotto\/deodorante-mandorla-e-menta\/","url":"https:\/\/derbe.it\/prodotto\/deodorante-mandorla-e-menta\/","name":"Almond and Mint Deodorant - Derbe - natural cosmetics","isPartOf":{"@id":"https:\/\/derbe.it\/#website"},"primaryImageOfPage":{"@id":"https:\/\/derbe.it\/prodotto\/deodorante-mandorla-e-menta\/#primaryimage"},"image":{"@id":"https:\/\/derbe.it\/prodotto\/deodorante-mandorla-e-menta\/#primaryimage"},"thumbnailUrl":"https:\/\/derbe.it\/wp-content\/uploads\/2018\/09\/deodorante_mandorla_e_menta.jpg","datePublished":"2018-09-26T07:23:35+00:00","dateModified":"2025-10-20T09:30:13+00:00","description":"Non-alcoholic deodorant with sweet almond oil and mint extract. This excellent deodorant is ideal for excessive sweating. Its natural ingredients make it particularly suitable for even the most sensitive and delicate skin. It can be applied once or several times a day for optimal sweat regulation. THIS PRODUCT IS SHIPPED WITHOUT A CASE. &nbsp;","breadcrumb":{"@id":"https:\/\/derbe.it\/prodotto\/deodorante-mandorla-e-menta\/#breadcrumb"},"inLanguage":"en-GB","potentialAction":[{"@type":"ReadAction","target":["https:\/\/derbe.it\/prodotto\/deodorante-mandorla-e-menta\/"]}]},{"@type":"ImageObject","inLanguage":"en-GB","@id":"https:\/\/derbe.it\/prodotto\/deodorante-mandorla-e-menta\/#primaryimage","url":"https:\/\/derbe.it\/wp-content\/uploads\/2018\/09\/deodorante_mandorla_e_menta.jpg","contentUrl":"https:\/\/derbe.it\/wp-content\/uploads\/2018\/09\/deodorante_mandorla_e_menta.jpg","width":1229,"height":1536},{"@type":"BreadcrumbList","@id":"https:\/\/derbe.it\/prodotto\/deodorante-mandorla-e-menta\/#breadcrumb","itemListElement":[{"@type":"ListItem","position":1,"name":"Home","item":"https:\/\/derbe.it\/"},{"@type":"ListItem","position":2,"name":"Shop","item":"https:\/\/derbe.it\/en\/shop\/"},{"@type":"ListItem","position":3,"name":"Deodorante","item":"https:\/\/derbe.it\/categoria-prodotto\/deodorante\/"},{"@type":"ListItem","position":4,"name":"Deodorante Mandorla e Menta"}]},{"@type":"WebSite","@id":"https:\/\/derbe.it\/#website","url":"https:\/\/derbe.it\/","name":"Derbe","description":"For over 50 years - Made in Italy - hair and body products with plant extracts and sustainable formulas","publisher":{"@id":"https:\/\/derbe.it\/#organization"},"potentialAction":[{"@type":"SearchAction","target":{"@type":"EntryPoint","urlTemplate":"https:\/\/derbe.it\/?s={search_term_string}"},"query-input":{"@type":"PropertyValueSpecification","valueRequired":true,"valueName":"search_term_string"}}],"inLanguage":"en-GB"},{"@type":"Organization","@id":"https:\/\/derbe.it\/#organization","name":"Derbe","url":"https:\/\/derbe.it\/","logo":{"@type":"ImageObject","inLanguage":"en-GB","@id":"https:\/\/derbe.it\/#\/schema\/logo\/image\/","url":"https:\/\/derbe.it\/wp-content\/uploads\/2025\/06\/logo_derbe_firenze.png","contentUrl":"https:\/\/derbe.it\/wp-content\/uploads\/2025\/06\/logo_derbe_firenze.png","width":1200,"height":497,"caption":"Derbe"},"image":{"@id":"https:\/\/derbe.it\/#\/schema\/logo\/image\/"},"sameAs":["https:\/\/www.facebook.com\/evoderbebio","https:\/\/www.instagram.com\/derbe.official\/"],"email":"info@derbe.it","telephone":"+39 055 42 11 799","legalName":"Derbe S.r.l. a socio unico","vatID":"07272610481"}]}},"_links":{"self":[{"href":"https:\/\/derbe.it\/en\/wp-json\/wp\/v2\/product\/602","targetHints":{"allow":["GET"]}}],"collection":[{"href":"https:\/\/derbe.it\/en\/wp-json\/wp\/v2\/product"}],"about":[{"href":"https:\/\/derbe.it\/en\/wp-json\/wp\/v2\/types\/product"}],"wp:featuredmedia":[{"embeddable":true,"href":"https:\/\/derbe.it\/en\/wp-json\/wp\/v2\/media\/24894"}],"wp:attachment":[{"href":"https:\/\/derbe.it\/en\/wp-json\/wp\/v2\/media?parent=602"}],"wp:term":[{"taxonomy":"caratteristica","embeddable":true,"href":"https:\/\/derbe.it\/en\/wp-json\/wp\/v2\/caratteristica?post=602"},{"taxonomy":"collezione","embeddable":true,"href":"https:\/\/derbe.it\/en\/wp-json\/wp\/v2\/collezione?post=602"},{"taxonomy":"formato","embeddable":true,"href":"https:\/\/derbe.it\/en\/wp-json\/wp\/v2\/formato?post=602"},{"taxonomy":"funzione","embeddable":true,"href":"https:\/\/derbe.it\/en\/wp-json\/wp\/v2\/funzione?post=602"},{"taxonomy":"utilizzo","embeddable":true,"href":"https:\/\/derbe.it\/en\/wp-json\/wp\/v2\/utilizzo?post=602"},{"taxonomy":"ingrediente-principale","embeddable":true,"href":"https:\/\/derbe.it\/en\/wp-json\/wp\/v2\/ingrediente-principale?post=602"},{"taxonomy":"product_brand","embeddable":true,"href":"https:\/\/derbe.it\/en\/wp-json\/wp\/v2\/product_brand?post=602"},{"taxonomy":"product_cat","embeddable":true,"href":"https:\/\/derbe.it\/en\/wp-json\/wp\/v2\/product_cat?post=602"},{"taxonomy":"product_tag","embeddable":true,"href":"https:\/\/derbe.it\/en\/wp-json\/wp\/v2\/product_tag?post=602"}],"curies":[{"name":"wp","href":"https:\/\/api.w.org\/{rel}","templated":true}]}}