{"id":906,"date":"2024-09-19T14:39:14","date_gmt":"2024-09-19T12:39:14","guid":{"rendered":"https:\/\/derbe.it\/prodotto\/balsamo-idratante\/"},"modified":"2025-09-11T13:01:02","modified_gmt":"2025-09-11T11:01:02","slug":"moisturizing-balm","status":"publish","type":"product","link":"https:\/\/derbe.it\/en\/product\/moisturizing-balm\/","title":{"rendered":"Moisturizing Conditioner"},"content":{"rendered":"<p>Organic conditioner enriched with precious plant hydrolates, rich in eudermic properties. Thanks to an exclusive blend of active ingredients, it offers an intensive treatment that restores hydration and vitality to hair, leaving it soft, smooth, and plump.<\/p>\n<p>SILICONE FREE: hair is easier to comb and more flexible even without silicones.<\/p>","protected":false},"excerpt":{"rendered":"<p>Organic conditioner enriched with precious plant hydrolates, rich in eudermic properties. Thanks to an exclusive blend of active ingredients, it offers an intensive treatment that restores hydration and vitality to hair, leaving it soft, smooth, and plump.<\/p>\n<p>SILICONE FREE: capelli pi\u00f9 facili da pettinare e pi\u00f9 flessibili anche senza siliconi. [&#8230;]<\/p>\n<p><a class=\"btn btn-secondary understrap-read-more-link\" href=\"https:\/\/derbe.it\/en\/product\/moisturizing-balm\/\">Read More\u2026<span class=\"screen-reader-text\"> from Balsamo Idratante<\/span><\/a><\/p>","protected":false},"featured_media":1008,"template":"","meta":{"_acf_changed":false},"caratteristica":[94,97,116],"collezione":[81],"formato":[],"funzione":[85],"utilizzo":[],"ingrediente-principale":[],"product_brand":[],"product_cat":[101],"product_tag":[],"class_list":{"0":"post-906","1":"product","2":"type-product","3":"status-publish","4":"has-post-thumbnail","6":"caratteristica-bio","7":"caratteristica-pack-riciclato","8":"caratteristica-sviluppato-da-biologi-esperti","9":"collezione-botanitech","10":"funzione-capelli-secchi-disidratati","11":"product_cat-maschere-e-balsami","13":"first","14":"instock","15":"purchasable","16":"product-type-simple"},"acf":[],"yoast_head":"<!-- This site is optimized with the Yoast SEO Premium plugin v26.1 (Yoast SEO v26.8) - https:\/\/yoast.com\/product\/yoast-seo-premium-wordpress\/ -->\n<title>Balsamo Idratante - Derbe - cosmetici naturali<\/title>\n<meta name=\"description\" content=\"Balsamo biologico arricchito con preziosi idrolati vegetali, ricchi di propriet\u00e0 eudermiche. Grazie ad un mix esclusivo di sostanze funzionali, offre un trattamento intensivo che ripristina l\u2019idratazione e la vitalit\u00e0 dei capelli, rendendoli morbidi, lisci e rimpolpati.  SILICONE FREE: capelli pi\u00f9 facili da pettinare e pi\u00f9 flessibili anche senza siliconi.\" \/>\n<meta name=\"robots\" content=\"index, follow, max-snippet:-1, max-image-preview:large, max-video-preview:-1\" \/>\n<link rel=\"canonical\" href=\"https:\/\/derbe.it\/en\/product\/moisturizing-balm\/\" \/>\n<meta property=\"og:locale\" content=\"en_GB\" \/>\n<meta property=\"og:type\" content=\"article\" \/>\n<meta property=\"og:title\" content=\"Balsamo Idratante\" \/>\n<meta property=\"og:description\" content=\"Balsamo biologico arricchito con preziosi idrolati vegetali, ricchi di propriet\u00e0 eudermiche. Grazie ad un mix esclusivo di sostanze funzionali, offre un trattamento intensivo che ripristina l\u2019idratazione e la vitalit\u00e0 dei capelli, rendendoli morbidi, lisci e rimpolpati.  SILICONE FREE: capelli pi\u00f9 facili da pettinare e pi\u00f9 flessibili anche senza siliconi.\" \/>\n<meta property=\"og:url\" content=\"https:\/\/derbe.it\/en\/product\/moisturizing-balm\/\" \/>\n<meta property=\"og:site_name\" content=\"Derbe - cosmetici naturali\" \/>\n<meta property=\"article:publisher\" content=\"https:\/\/www.facebook.com\/evoderbebio\" \/>\n<meta property=\"article:modified_time\" content=\"2025-09-11T11:01:02+00:00\" \/>\n<meta property=\"og:image\" content=\"https:\/\/derbe.it\/wp-content\/uploads\/2024\/09\/balsamo-idratante-mare.jpg\" \/>\n\t<meta property=\"og:image:width\" content=\"1600\" \/>\n\t<meta property=\"og:image:height\" content=\"2000\" \/>\n\t<meta property=\"og:image:type\" content=\"image\/jpeg\" \/>\n<meta name=\"twitter:card\" content=\"summary_large_image\" \/>\n<script type=\"application\/ld+json\" class=\"yoast-schema-graph\">{\"@context\":\"https:\/\/schema.org\",\"@graph\":[{\"@type\":\"WebPage\",\"@id\":\"https:\/\/derbe.it\/prodotto\/balsamo-idratante\/\",\"url\":\"https:\/\/derbe.it\/prodotto\/balsamo-idratante\/\",\"name\":\"Balsamo Idratante - Derbe - cosmetici naturali\",\"isPartOf\":{\"@id\":\"https:\/\/derbe.it\/#website\"},\"primaryImageOfPage\":{\"@id\":\"https:\/\/derbe.it\/prodotto\/balsamo-idratante\/#primaryimage\"},\"image\":{\"@id\":\"https:\/\/derbe.it\/prodotto\/balsamo-idratante\/#primaryimage\"},\"thumbnailUrl\":\"https:\/\/derbe.it\/wp-content\/uploads\/2024\/09\/balsamo-idratante-mare.jpg\",\"datePublished\":\"2024-09-19T12:39:14+00:00\",\"dateModified\":\"2025-09-11T11:01:02+00:00\",\"description\":\"Balsamo biologico arricchito con preziosi idrolati vegetali, ricchi di propriet\u00e0 eudermiche. Grazie ad un mix esclusivo di sostanze funzionali, offre un trattamento intensivo che ripristina l\u2019idratazione e la vitalit\u00e0 dei capelli, rendendoli morbidi, lisci e rimpolpati. SILICONE FREE: capelli pi\u00f9 facili da pettinare e pi\u00f9 flessibili anche senza siliconi.\",\"breadcrumb\":{\"@id\":\"https:\/\/derbe.it\/prodotto\/balsamo-idratante\/#breadcrumb\"},\"inLanguage\":\"en-GB\",\"potentialAction\":[{\"@type\":\"ReadAction\",\"target\":[\"https:\/\/derbe.it\/prodotto\/balsamo-idratante\/\"]}]},{\"@type\":\"ImageObject\",\"inLanguage\":\"en-GB\",\"@id\":\"https:\/\/derbe.it\/prodotto\/balsamo-idratante\/#primaryimage\",\"url\":\"https:\/\/derbe.it\/wp-content\/uploads\/2024\/09\/balsamo-idratante-mare.jpg\",\"contentUrl\":\"https:\/\/derbe.it\/wp-content\/uploads\/2024\/09\/balsamo-idratante-mare.jpg\",\"width\":1600,\"height\":2000},{\"@type\":\"BreadcrumbList\",\"@id\":\"https:\/\/derbe.it\/prodotto\/balsamo-idratante\/#breadcrumb\",\"itemListElement\":[{\"@type\":\"ListItem\",\"position\":1,\"name\":\"Home\",\"item\":\"https:\/\/derbe.it\/\"},{\"@type\":\"ListItem\",\"position\":2,\"name\":\"Shop\",\"item\":\"https:\/\/derbe.it\/en\/shop\/\"},{\"@type\":\"ListItem\",\"position\":3,\"name\":\"Maschere e balsami\",\"item\":\"https:\/\/derbe.it\/categoria-prodotto\/maschere-e-balsami\/\"},{\"@type\":\"ListItem\",\"position\":4,\"name\":\"Balsamo Idratante\"}]},{\"@type\":\"WebSite\",\"@id\":\"https:\/\/derbe.it\/#website\",\"url\":\"https:\/\/derbe.it\/\",\"name\":\"Derbe\",\"description\":\"Da oltre 50 anni - Made in italy - prodotti per capelli e corpo con estratti vegetali e formule sostenibili\",\"publisher\":{\"@id\":\"https:\/\/derbe.it\/#organization\"},\"potentialAction\":[{\"@type\":\"SearchAction\",\"target\":{\"@type\":\"EntryPoint\",\"urlTemplate\":\"https:\/\/derbe.it\/?s={search_term_string}\"},\"query-input\":{\"@type\":\"PropertyValueSpecification\",\"valueRequired\":true,\"valueName\":\"search_term_string\"}}],\"inLanguage\":\"en-GB\"},{\"@type\":\"Organization\",\"@id\":\"https:\/\/derbe.it\/#organization\",\"name\":\"Derbe\",\"url\":\"https:\/\/derbe.it\/\",\"logo\":{\"@type\":\"ImageObject\",\"inLanguage\":\"en-GB\",\"@id\":\"https:\/\/derbe.it\/#\/schema\/logo\/image\/\",\"url\":\"https:\/\/derbe.it\/wp-content\/uploads\/2025\/06\/logo_derbe_firenze.png\",\"contentUrl\":\"https:\/\/derbe.it\/wp-content\/uploads\/2025\/06\/logo_derbe_firenze.png\",\"width\":1200,\"height\":497,\"caption\":\"Derbe\"},\"image\":{\"@id\":\"https:\/\/derbe.it\/#\/schema\/logo\/image\/\"},\"sameAs\":[\"https:\/\/www.facebook.com\/evoderbebio\",\"https:\/\/www.instagram.com\/derbe.official\/\"],\"email\":\"info@derbe.it\",\"telephone\":\"+39 055 42 11 799\",\"legalName\":\"Derbe S.r.l. a socio unico\",\"vatID\":\"07272610481\"}]}<\/script>\n<!-- \/ Yoast SEO Premium plugin. -->","yoast_head_json":{"title":"Hydrating Balm - Derbe - natural cosmetics","description":"Organic conditioner enriched with precious plant hydrolates, rich in eudermic properties. Thanks to an exclusive blend of active ingredients, it offers an intensive treatment that restores hydration and vitality to hair, leaving it soft, smooth, and plump. SILICONE FREE: hair is easier to comb and more flexible, even without silicones.","robots":{"index":"index","follow":"follow","max-snippet":"max-snippet:-1","max-image-preview":"max-image-preview:large","max-video-preview":"max-video-preview:-1"},"canonical":"https:\/\/derbe.it\/en\/product\/moisturizing-balm\/","og_locale":"en_GB","og_type":"article","og_title":"Balsamo Idratante","og_description":"Balsamo biologico arricchito con preziosi idrolati vegetali, ricchi di propriet\u00e0 eudermiche. Grazie ad un mix esclusivo di sostanze funzionali, offre un trattamento intensivo che ripristina l\u2019idratazione e la vitalit\u00e0 dei capelli, rendendoli morbidi, lisci e rimpolpati.  SILICONE FREE: capelli pi\u00f9 facili da pettinare e pi\u00f9 flessibili anche senza siliconi.","og_url":"https:\/\/derbe.it\/en\/product\/moisturizing-balm\/","og_site_name":"Derbe - cosmetici naturali","article_publisher":"https:\/\/www.facebook.com\/evoderbebio","article_modified_time":"2025-09-11T11:01:02+00:00","og_image":[{"width":1600,"height":2000,"url":"https:\/\/derbe.it\/wp-content\/uploads\/2024\/09\/balsamo-idratante-mare.jpg","type":"image\/jpeg"}],"twitter_card":"summary_large_image","schema":{"@context":"https:\/\/schema.org","@graph":[{"@type":"WebPage","@id":"https:\/\/derbe.it\/prodotto\/balsamo-idratante\/","url":"https:\/\/derbe.it\/prodotto\/balsamo-idratante\/","name":"Hydrating Balm - Derbe - natural cosmetics","isPartOf":{"@id":"https:\/\/derbe.it\/#website"},"primaryImageOfPage":{"@id":"https:\/\/derbe.it\/prodotto\/balsamo-idratante\/#primaryimage"},"image":{"@id":"https:\/\/derbe.it\/prodotto\/balsamo-idratante\/#primaryimage"},"thumbnailUrl":"https:\/\/derbe.it\/wp-content\/uploads\/2024\/09\/balsamo-idratante-mare.jpg","datePublished":"2024-09-19T12:39:14+00:00","dateModified":"2025-09-11T11:01:02+00:00","description":"Organic conditioner enriched with precious plant hydrolates, rich in eudermic properties. Thanks to an exclusive blend of active ingredients, it offers an intensive treatment that restores hydration and vitality to hair, leaving it soft, smooth, and plump. SILICONE FREE: hair is easier to comb and more flexible, even without silicones.","breadcrumb":{"@id":"https:\/\/derbe.it\/prodotto\/balsamo-idratante\/#breadcrumb"},"inLanguage":"en-GB","potentialAction":[{"@type":"ReadAction","target":["https:\/\/derbe.it\/prodotto\/balsamo-idratante\/"]}]},{"@type":"ImageObject","inLanguage":"en-GB","@id":"https:\/\/derbe.it\/prodotto\/balsamo-idratante\/#primaryimage","url":"https:\/\/derbe.it\/wp-content\/uploads\/2024\/09\/balsamo-idratante-mare.jpg","contentUrl":"https:\/\/derbe.it\/wp-content\/uploads\/2024\/09\/balsamo-idratante-mare.jpg","width":1600,"height":2000},{"@type":"BreadcrumbList","@id":"https:\/\/derbe.it\/prodotto\/balsamo-idratante\/#breadcrumb","itemListElement":[{"@type":"ListItem","position":1,"name":"Home","item":"https:\/\/derbe.it\/"},{"@type":"ListItem","position":2,"name":"Shop","item":"https:\/\/derbe.it\/en\/shop\/"},{"@type":"ListItem","position":3,"name":"Maschere e balsami","item":"https:\/\/derbe.it\/categoria-prodotto\/maschere-e-balsami\/"},{"@type":"ListItem","position":4,"name":"Balsamo Idratante"}]},{"@type":"WebSite","@id":"https:\/\/derbe.it\/#website","url":"https:\/\/derbe.it\/","name":"Derbe","description":"For over 50 years - Made in Italy - hair and body products with plant extracts and sustainable formulas","publisher":{"@id":"https:\/\/derbe.it\/#organization"},"potentialAction":[{"@type":"SearchAction","target":{"@type":"EntryPoint","urlTemplate":"https:\/\/derbe.it\/?s={search_term_string}"},"query-input":{"@type":"PropertyValueSpecification","valueRequired":true,"valueName":"search_term_string"}}],"inLanguage":"en-GB"},{"@type":"Organization","@id":"https:\/\/derbe.it\/#organization","name":"Derbe","url":"https:\/\/derbe.it\/","logo":{"@type":"ImageObject","inLanguage":"en-GB","@id":"https:\/\/derbe.it\/#\/schema\/logo\/image\/","url":"https:\/\/derbe.it\/wp-content\/uploads\/2025\/06\/logo_derbe_firenze.png","contentUrl":"https:\/\/derbe.it\/wp-content\/uploads\/2025\/06\/logo_derbe_firenze.png","width":1200,"height":497,"caption":"Derbe"},"image":{"@id":"https:\/\/derbe.it\/#\/schema\/logo\/image\/"},"sameAs":["https:\/\/www.facebook.com\/evoderbebio","https:\/\/www.instagram.com\/derbe.official\/"],"email":"info@derbe.it","telephone":"+39 055 42 11 799","legalName":"Derbe S.r.l. a socio unico","vatID":"07272610481"}]}},"_links":{"self":[{"href":"https:\/\/derbe.it\/en\/wp-json\/wp\/v2\/product\/906","targetHints":{"allow":["GET"]}}],"collection":[{"href":"https:\/\/derbe.it\/en\/wp-json\/wp\/v2\/product"}],"about":[{"href":"https:\/\/derbe.it\/en\/wp-json\/wp\/v2\/types\/product"}],"wp:featuredmedia":[{"embeddable":true,"href":"https:\/\/derbe.it\/en\/wp-json\/wp\/v2\/media\/1008"}],"wp:attachment":[{"href":"https:\/\/derbe.it\/en\/wp-json\/wp\/v2\/media?parent=906"}],"wp:term":[{"taxonomy":"caratteristica","embeddable":true,"href":"https:\/\/derbe.it\/en\/wp-json\/wp\/v2\/caratteristica?post=906"},{"taxonomy":"collezione","embeddable":true,"href":"https:\/\/derbe.it\/en\/wp-json\/wp\/v2\/collezione?post=906"},{"taxonomy":"formato","embeddable":true,"href":"https:\/\/derbe.it\/en\/wp-json\/wp\/v2\/formato?post=906"},{"taxonomy":"funzione","embeddable":true,"href":"https:\/\/derbe.it\/en\/wp-json\/wp\/v2\/funzione?post=906"},{"taxonomy":"utilizzo","embeddable":true,"href":"https:\/\/derbe.it\/en\/wp-json\/wp\/v2\/utilizzo?post=906"},{"taxonomy":"ingrediente-principale","embeddable":true,"href":"https:\/\/derbe.it\/en\/wp-json\/wp\/v2\/ingrediente-principale?post=906"},{"taxonomy":"product_brand","embeddable":true,"href":"https:\/\/derbe.it\/en\/wp-json\/wp\/v2\/product_brand?post=906"},{"taxonomy":"product_cat","embeddable":true,"href":"https:\/\/derbe.it\/en\/wp-json\/wp\/v2\/product_cat?post=906"},{"taxonomy":"product_tag","embeddable":true,"href":"https:\/\/derbe.it\/en\/wp-json\/wp\/v2\/product_tag?post=906"}],"curies":[{"name":"wp","href":"https:\/\/api.w.org\/{rel}","templated":true}]}}