{"id":204,"date":"2018-09-26T10:12:16","date_gmt":"2018-09-26T08:12:16","guid":{"rendered":"https:\/\/derbe.it\/prodotto\/olioderbe-aloe-capelli-danneggiati\/"},"modified":"2025-11-12T10:59:32","modified_gmt":"2025-11-12T09:59:32","slug":"olioderbe-aloe-para-cabello-danado","status":"publish","type":"product","link":"https:\/\/derbe.it\/es\/producto\/olioderbe-aloe-para-cabello-danado\/","title":{"rendered":"OlioDerbe Aloe \u2013 cabello da\u00f1ado"},"content":{"rendered":"<p>Aceite para cabello da\u00f1ado, formulado espec\u00edficamente para cueros cabelludos sensibilizados por tratamientos de belleza, coloraci\u00f3n y decoloraci\u00f3n. Limpia profundamente respetando el cuero cabelludo e hidratando el cabello, dej\u00e1ndolo brillante y con un aspecto saludable.<\/p>\n<ul>\n<li><strong>con aceite de ricino<\/strong>Estimula la microcirculaci\u00f3n local. Protege contra las agresiones externas y combate la sequedad.<\/li>\n<li><strong>extracto de aloe<\/strong>Rico en sustancias funcionales que hidratan profundamente y previenen la sequedad y la fragilidad del cabello.<\/li>\n<\/ul>","protected":false},"excerpt":{"rendered":"<p>OlioDerbe \u00e8 un olio detergente per capelli che non aggredisce la cute e non sfibra il capello. Contiene estratto di aloe vera che svolge un&#8217;\u00a0azione lenitiva e calmante sulla cute irritata e contrasta la forfora. [&#8230;]<\/p>\n<p><a class=\"btn btn-secondary understrap-read-more-link\" href=\"https:\/\/derbe.it\/es\/producto\/olioderbe-aloe-para-cabello-danado\/\">Leer m\u00e1s\u2026<span class=\"screen-reader-text\"> from OlioDerbe Aloe &#8211; capelli danneggiati<\/span><\/a><\/p>","protected":false},"featured_media":205,"template":"","meta":{"_acf_changed":false},"caratteristica":[97,116,95],"collezione":[99],"formato":[],"funzione":[86],"utilizzo":[],"ingrediente-principale":[],"product_brand":[],"product_cat":[100],"product_tag":[],"class_list":{"0":"post-204","1":"product","2":"type-product","3":"status-publish","4":"has-post-thumbnail","6":"caratteristica-pack-riciclato","7":"caratteristica-sviluppato-da-biologi-esperti","8":"caratteristica-vegan","9":"collezione-olioderbe","10":"funzione-capellli-danneggiati","11":"product_cat-olio-lavante","13":"first","14":"instock","15":"purchasable","16":"product-type-simple"},"acf":[],"yoast_head":"<!-- This site is optimized with the Yoast SEO Premium plugin v26.1 (Yoast SEO v26.8) - https:\/\/yoast.com\/product\/yoast-seo-premium-wordpress\/ -->\n<title>OlioDerbe Aloe - capelli danneggiati - Derbe - cosmetici naturali<\/title>\n<meta name=\"description\" content=\"OlioDerbe \u00e8 un olio detergente per capelli che non aggredisce la cute e non sfibra il capello. Contiene estratto di aloe vera che svolge un&#039;\u00a0azione lenitiva e calmante sulla cute irritata e contrasta la forfora.\" \/>\n<meta name=\"robots\" content=\"index, follow, max-snippet:-1, max-image-preview:large, max-video-preview:-1\" \/>\n<link rel=\"canonical\" href=\"https:\/\/derbe.it\/es\/producto\/olioderbe-aloe-para-cabello-danado\/\" \/>\n<meta property=\"og:locale\" content=\"es_ES\" \/>\n<meta property=\"og:type\" content=\"article\" \/>\n<meta property=\"og:title\" content=\"OlioDerbe Aloe - capelli danneggiati\" \/>\n<meta property=\"og:description\" content=\"OlioDerbe \u00e8 un olio detergente per capelli che non aggredisce la cute e non sfibra il capello. Contiene estratto di aloe vera che svolge un&#039;\u00a0azione lenitiva e calmante sulla cute irritata e contrasta la forfora.\" \/>\n<meta property=\"og:url\" content=\"https:\/\/derbe.it\/es\/producto\/olioderbe-aloe-para-cabello-danado\/\" \/>\n<meta property=\"og:site_name\" content=\"Derbe - cosmetici naturali\" \/>\n<meta property=\"article:publisher\" content=\"https:\/\/www.facebook.com\/evoderbebio\" \/>\n<meta property=\"article:modified_time\" content=\"2025-11-12T09:59:32+00:00\" \/>\n<meta property=\"og:image\" content=\"https:\/\/derbe.it\/wp-content\/uploads\/2025\/05\/olioderbe-capelli-danneggiati.jpg\" \/>\n\t<meta property=\"og:image:width\" content=\"1600\" \/>\n\t<meta property=\"og:image:height\" content=\"2000\" \/>\n\t<meta property=\"og:image:type\" content=\"image\/jpeg\" \/>\n<meta name=\"twitter:card\" content=\"summary_large_image\" \/>\n<meta name=\"twitter:label1\" content=\"Tiempo de lectura\" \/>\n\t<meta name=\"twitter:data1\" content=\"2 minutos\" \/>\n<script type=\"application\/ld+json\" class=\"yoast-schema-graph\">{\"@context\":\"https:\/\/schema.org\",\"@graph\":[{\"@type\":\"WebPage\",\"@id\":\"https:\/\/derbe.it\/prodotto\/olioderbe-aloe-capelli-danneggiati\/\",\"url\":\"https:\/\/derbe.it\/prodotto\/olioderbe-aloe-capelli-danneggiati\/\",\"name\":\"OlioDerbe Aloe - capelli danneggiati - Derbe - cosmetici naturali\",\"isPartOf\":{\"@id\":\"https:\/\/derbe.it\/#website\"},\"primaryImageOfPage\":{\"@id\":\"https:\/\/derbe.it\/prodotto\/olioderbe-aloe-capelli-danneggiati\/#primaryimage\"},\"image\":{\"@id\":\"https:\/\/derbe.it\/prodotto\/olioderbe-aloe-capelli-danneggiati\/#primaryimage\"},\"thumbnailUrl\":\"https:\/\/derbe.it\/wp-content\/uploads\/2025\/05\/olioderbe-capelli-danneggiati.jpg\",\"datePublished\":\"2018-09-26T08:12:16+00:00\",\"dateModified\":\"2025-11-12T09:59:32+00:00\",\"description\":\"OlioDerbe \u00e8 un olio detergente per capelli che non aggredisce la cute e non sfibra il capello. Contiene estratto di aloe vera che svolge un'\u00a0azione lenitiva e calmante sulla cute irritata e contrasta la forfora.\",\"breadcrumb\":{\"@id\":\"https:\/\/derbe.it\/prodotto\/olioderbe-aloe-capelli-danneggiati\/#breadcrumb\"},\"inLanguage\":\"es\",\"potentialAction\":[{\"@type\":\"ReadAction\",\"target\":[\"https:\/\/derbe.it\/prodotto\/olioderbe-aloe-capelli-danneggiati\/\"]}]},{\"@type\":\"ImageObject\",\"inLanguage\":\"es\",\"@id\":\"https:\/\/derbe.it\/prodotto\/olioderbe-aloe-capelli-danneggiati\/#primaryimage\",\"url\":\"https:\/\/derbe.it\/wp-content\/uploads\/2025\/05\/olioderbe-capelli-danneggiati.jpg\",\"contentUrl\":\"https:\/\/derbe.it\/wp-content\/uploads\/2025\/05\/olioderbe-capelli-danneggiati.jpg\",\"width\":1600,\"height\":2000},{\"@type\":\"BreadcrumbList\",\"@id\":\"https:\/\/derbe.it\/prodotto\/olioderbe-aloe-capelli-danneggiati\/#breadcrumb\",\"itemListElement\":[{\"@type\":\"ListItem\",\"position\":1,\"name\":\"Home\",\"item\":\"https:\/\/derbe.it\/\"},{\"@type\":\"ListItem\",\"position\":2,\"name\":\"Shop\",\"item\":\"https:\/\/derbe.it\/en\/shop\/\"},{\"@type\":\"ListItem\",\"position\":3,\"name\":\"Olio Lavante\",\"item\":\"https:\/\/derbe.it\/categoria-prodotto\/olio-lavante\/\"},{\"@type\":\"ListItem\",\"position\":4,\"name\":\"OlioDerbe Aloe &#8211; capelli danneggiati\"}]},{\"@type\":\"WebSite\",\"@id\":\"https:\/\/derbe.it\/#website\",\"url\":\"https:\/\/derbe.it\/\",\"name\":\"Derbe\",\"description\":\"Da oltre 50 anni - Made in italy - prodotti per capelli e corpo con estratti vegetali e formule sostenibili\",\"publisher\":{\"@id\":\"https:\/\/derbe.it\/#organization\"},\"potentialAction\":[{\"@type\":\"SearchAction\",\"target\":{\"@type\":\"EntryPoint\",\"urlTemplate\":\"https:\/\/derbe.it\/?s={search_term_string}\"},\"query-input\":{\"@type\":\"PropertyValueSpecification\",\"valueRequired\":true,\"valueName\":\"search_term_string\"}}],\"inLanguage\":\"es\"},{\"@type\":\"Organization\",\"@id\":\"https:\/\/derbe.it\/#organization\",\"name\":\"Derbe\",\"url\":\"https:\/\/derbe.it\/\",\"logo\":{\"@type\":\"ImageObject\",\"inLanguage\":\"es\",\"@id\":\"https:\/\/derbe.it\/#\/schema\/logo\/image\/\",\"url\":\"https:\/\/derbe.it\/wp-content\/uploads\/2025\/06\/logo_derbe_firenze.png\",\"contentUrl\":\"https:\/\/derbe.it\/wp-content\/uploads\/2025\/06\/logo_derbe_firenze.png\",\"width\":1200,\"height\":497,\"caption\":\"Derbe\"},\"image\":{\"@id\":\"https:\/\/derbe.it\/#\/schema\/logo\/image\/\"},\"sameAs\":[\"https:\/\/www.facebook.com\/evoderbebio\",\"https:\/\/www.instagram.com\/derbe.official\/\"],\"email\":\"info@derbe.it\",\"telephone\":\"+39 055 42 11 799\",\"legalName\":\"Derbe S.r.l. a socio unico\",\"vatID\":\"07272610481\"}]}<\/script>\n<!-- \/ Yoast SEO Premium plugin. -->","yoast_head_json":{"title":"OlioDerbe Aloe - cabello da\u00f1ado - Derbe - cosm\u00e9tica natural","description":"OlioDerbe es un aceite limpiador capilar suave con el cuero cabelludo que no da\u00f1a el cabello. Contiene extracto de aloe vera, que calma el cuero cabelludo irritado y combate la caspa.","robots":{"index":"index","follow":"follow","max-snippet":"max-snippet:-1","max-image-preview":"max-image-preview:large","max-video-preview":"max-video-preview:-1"},"canonical":"https:\/\/derbe.it\/es\/producto\/olioderbe-aloe-para-cabello-danado\/","og_locale":"es_ES","og_type":"article","og_title":"OlioDerbe Aloe - capelli danneggiati","og_description":"OlioDerbe \u00e8 un olio detergente per capelli che non aggredisce la cute e non sfibra il capello. Contiene estratto di aloe vera che svolge un'\u00a0azione lenitiva e calmante sulla cute irritata e contrasta la forfora.","og_url":"https:\/\/derbe.it\/es\/producto\/olioderbe-aloe-para-cabello-danado\/","og_site_name":"Derbe - cosmetici naturali","article_publisher":"https:\/\/www.facebook.com\/evoderbebio","article_modified_time":"2025-11-12T09:59:32+00:00","og_image":[{"width":1600,"height":2000,"url":"https:\/\/derbe.it\/wp-content\/uploads\/2025\/05\/olioderbe-capelli-danneggiati.jpg","type":"image\/jpeg"}],"twitter_card":"summary_large_image","twitter_misc":{"Tiempo de lectura":"2 minutos"},"schema":{"@context":"https:\/\/schema.org","@graph":[{"@type":"WebPage","@id":"https:\/\/derbe.it\/prodotto\/olioderbe-aloe-capelli-danneggiati\/","url":"https:\/\/derbe.it\/prodotto\/olioderbe-aloe-capelli-danneggiati\/","name":"OlioDerbe Aloe - cabello da\u00f1ado - Derbe - cosm\u00e9tica natural","isPartOf":{"@id":"https:\/\/derbe.it\/#website"},"primaryImageOfPage":{"@id":"https:\/\/derbe.it\/prodotto\/olioderbe-aloe-capelli-danneggiati\/#primaryimage"},"image":{"@id":"https:\/\/derbe.it\/prodotto\/olioderbe-aloe-capelli-danneggiati\/#primaryimage"},"thumbnailUrl":"https:\/\/derbe.it\/wp-content\/uploads\/2025\/05\/olioderbe-capelli-danneggiati.jpg","datePublished":"2018-09-26T08:12:16+00:00","dateModified":"2025-11-12T09:59:32+00:00","description":"OlioDerbe es un aceite limpiador capilar suave con el cuero cabelludo que no da\u00f1a el cabello. Contiene extracto de aloe vera, que calma el cuero cabelludo irritado y combate la caspa.","breadcrumb":{"@id":"https:\/\/derbe.it\/prodotto\/olioderbe-aloe-capelli-danneggiati\/#breadcrumb"},"inLanguage":"es","potentialAction":[{"@type":"ReadAction","target":["https:\/\/derbe.it\/prodotto\/olioderbe-aloe-capelli-danneggiati\/"]}]},{"@type":"ImageObject","inLanguage":"es","@id":"https:\/\/derbe.it\/prodotto\/olioderbe-aloe-capelli-danneggiati\/#primaryimage","url":"https:\/\/derbe.it\/wp-content\/uploads\/2025\/05\/olioderbe-capelli-danneggiati.jpg","contentUrl":"https:\/\/derbe.it\/wp-content\/uploads\/2025\/05\/olioderbe-capelli-danneggiati.jpg","width":1600,"height":2000},{"@type":"BreadcrumbList","@id":"https:\/\/derbe.it\/prodotto\/olioderbe-aloe-capelli-danneggiati\/#breadcrumb","itemListElement":[{"@type":"ListItem","position":1,"name":"Home","item":"https:\/\/derbe.it\/"},{"@type":"ListItem","position":2,"name":"Shop","item":"https:\/\/derbe.it\/en\/shop\/"},{"@type":"ListItem","position":3,"name":"Olio Lavante","item":"https:\/\/derbe.it\/categoria-prodotto\/olio-lavante\/"},{"@type":"ListItem","position":4,"name":"OlioDerbe Aloe &#8211; capelli danneggiati"}]},{"@type":"WebSite","@id":"https:\/\/derbe.it\/#website","url":"https:\/\/derbe.it\/","name":"Derbe","description":"Desde hace m\u00e1s de 50 a\u00f1os - Hecho en Italia - Productos para el cabello y el cuerpo con extractos de plantas y f\u00f3rmulas sostenibles","publisher":{"@id":"https:\/\/derbe.it\/#organization"},"potentialAction":[{"@type":"SearchAction","target":{"@type":"EntryPoint","urlTemplate":"https:\/\/derbe.it\/?s={search_term_string}"},"query-input":{"@type":"PropertyValueSpecification","valueRequired":true,"valueName":"search_term_string"}}],"inLanguage":"es"},{"@type":"Organization","@id":"https:\/\/derbe.it\/#organization","name":"Derbe","url":"https:\/\/derbe.it\/","logo":{"@type":"ImageObject","inLanguage":"es","@id":"https:\/\/derbe.it\/#\/schema\/logo\/image\/","url":"https:\/\/derbe.it\/wp-content\/uploads\/2025\/06\/logo_derbe_firenze.png","contentUrl":"https:\/\/derbe.it\/wp-content\/uploads\/2025\/06\/logo_derbe_firenze.png","width":1200,"height":497,"caption":"Derbe"},"image":{"@id":"https:\/\/derbe.it\/#\/schema\/logo\/image\/"},"sameAs":["https:\/\/www.facebook.com\/evoderbebio","https:\/\/www.instagram.com\/derbe.official\/"],"email":"info@derbe.it","telephone":"+39 055 42 11 799","legalName":"Derbe S.r.l. a socio unico","vatID":"07272610481"}]}},"_links":{"self":[{"href":"https:\/\/derbe.it\/es\/wp-json\/wp\/v2\/product\/204","targetHints":{"allow":["GET"]}}],"collection":[{"href":"https:\/\/derbe.it\/es\/wp-json\/wp\/v2\/product"}],"about":[{"href":"https:\/\/derbe.it\/es\/wp-json\/wp\/v2\/types\/product"}],"wp:featuredmedia":[{"embeddable":true,"href":"https:\/\/derbe.it\/es\/wp-json\/wp\/v2\/media\/205"}],"wp:attachment":[{"href":"https:\/\/derbe.it\/es\/wp-json\/wp\/v2\/media?parent=204"}],"wp:term":[{"taxonomy":"caratteristica","embeddable":true,"href":"https:\/\/derbe.it\/es\/wp-json\/wp\/v2\/caratteristica?post=204"},{"taxonomy":"collezione","embeddable":true,"href":"https:\/\/derbe.it\/es\/wp-json\/wp\/v2\/collezione?post=204"},{"taxonomy":"formato","embeddable":true,"href":"https:\/\/derbe.it\/es\/wp-json\/wp\/v2\/formato?post=204"},{"taxonomy":"funzione","embeddable":true,"href":"https:\/\/derbe.it\/es\/wp-json\/wp\/v2\/funzione?post=204"},{"taxonomy":"utilizzo","embeddable":true,"href":"https:\/\/derbe.it\/es\/wp-json\/wp\/v2\/utilizzo?post=204"},{"taxonomy":"ingrediente-principale","embeddable":true,"href":"https:\/\/derbe.it\/es\/wp-json\/wp\/v2\/ingrediente-principale?post=204"},{"taxonomy":"product_brand","embeddable":true,"href":"https:\/\/derbe.it\/es\/wp-json\/wp\/v2\/product_brand?post=204"},{"taxonomy":"product_cat","embeddable":true,"href":"https:\/\/derbe.it\/es\/wp-json\/wp\/v2\/product_cat?post=204"},{"taxonomy":"product_tag","embeddable":true,"href":"https:\/\/derbe.it\/es\/wp-json\/wp\/v2\/product_tag?post=204"}],"curies":[{"name":"wp","href":"https:\/\/api.w.org\/{rel}","templated":true}]}}