{"id":240,"date":"2018-09-26T10:13:12","date_gmt":"2018-09-26T08:13:12","guid":{"rendered":"https:\/\/derbe.it\/prodotto\/sciampo-delicatissimo-zucchero-cocco\/"},"modified":"2025-11-12T11:16:32","modified_gmt":"2025-11-12T10:16:32","slug":"champu-de-azucar-de-coco-muy-delicado-4","status":"publish","type":"product","link":"https:\/\/derbe.it\/es\/producto\/champu-de-azucar-de-coco-muy-delicado-4\/","title":{"rendered":"Champ\u00fa de az\u00facar y coco para la caspa"},"content":{"rendered":"<p>La caspa es una imperfecci\u00f3n desagradable, a menudo molesta y antiest\u00e9tica ya que provoca picor y el desagradable fen\u00f3meno de que la ropa se vuelva blanca.<\/p>\n<p>Se han planteado diversas hip\u00f3tesis sobre el origen de este problema, como la mala alimentaci\u00f3n, el estr\u00e9s emocional, la producci\u00f3n excesiva de sebo o el lavado excesivo o poco frecuente con productos inadecuados. Si bien algunos de estos factores contribuyen a acentuar esta imperfecci\u00f3n, es poco probable que sean la causa principal.<\/p>\n<p><strong>En muchos casos, de hecho, la aparici\u00f3n de caspa est\u00e1 causada por la actividad lipof\u00edlica de la flora microbiana que constituye el cuero cabelludo.<\/strong>.<\/p>\n<p>Para combatir suavemente la caspa, se ha formulado el Champ\u00fa de Az\u00facar y Coco con Prop\u00f3leo y Pimienta Negra. Los derivados del prop\u00f3leo tienen un efecto desinfectante y nutritivo, mientras que el extracto de pimienta negra ayuda a restaurar la producci\u00f3n adecuada de sebo. Limpia el cabello y el cuero cabelludo sin alterar su equilibrio hidrolip\u00eddico y \u00e1cido natural.<\/p>\n<ul>\n<li>con <strong>prop\u00f3leos<\/strong>Posee propiedades antibi\u00f3ticas y antibacterianas naturales.<\/li>\n<li>con <strong>nuez moscada<\/strong>Elimina impurezas y purifica<\/li>\n<li>con <strong>pimienta negra<\/strong>Efecto desintoxicante, rico en magnesio, hierro y potasio.<\/li>\n<li>con <strong>Amanecer de Inga<\/strong>Reduce la caspa, las molestias relacionadas con alteraciones del cuero cabelludo y mejora el brillo del cabello.<\/li>\n<\/ul>","protected":false},"excerpt":{"rendered":"<p>Con prop\u00f3leo y pimienta negra<strong> combate la caspa suavemente<\/strong>. I derivati della Propoli svolgono un\u2019azione igienizzante e nutriente mentre l\u2019estratto di Pepe Nero contribuisce al corretto ripristino dell\u2019attivit\u00e0 sebacea. Il loro utilizzo combinato rimuove la forfora e ne blocca la formazione. [&#8230;]<\/p>\n<p><a class=\"btn btn-secondary understrap-read-more-link\" href=\"https:\/\/derbe.it\/es\/producto\/champu-de-azucar-de-coco-muy-delicado-4\/\">Leer m\u00e1s\u2026<span class=\"screen-reader-text\"> from Shampoo zucchero e cocco forfora<\/span><\/a><\/p>","protected":false},"featured_media":241,"template":"","meta":{"_acf_changed":false},"caratteristica":[116],"collezione":[],"formato":[],"funzione":[84],"utilizzo":[],"ingrediente-principale":[],"product_brand":[],"product_cat":[23],"product_tag":[],"class_list":{"0":"post-240","1":"product","2":"type-product","3":"status-publish","4":"has-post-thumbnail","6":"caratteristica-sviluppato-da-biologi-esperti","7":"funzione-capelli-con-forfora","8":"product_cat-shampoo","10":"first","11":"instock","12":"purchasable","13":"product-type-simple"},"acf":[],"yoast_head":"<!-- This site is optimized with the Yoast SEO Premium plugin v26.1 (Yoast SEO v26.8) - https:\/\/yoast.com\/product\/yoast-seo-premium-wordpress\/ -->\n<title>Shampoo zucchero e cocco forfora - Derbe - cosmetici naturali<\/title>\n<meta name=\"description\" content=\"Con propoli e pepe nero combatte la forfora con delicatezza. I derivati della Propoli svolgono un\u2019azione igienizzante e nutriente mentre l\u2019estratto di Pepe Nero contribuisce al corretto ripristino dell\u2019attivit\u00e0 sebacea. Il loro utilizzo combinato rimuove la forfora e ne blocca la formazione.\" \/>\n<meta name=\"robots\" content=\"index, follow, max-snippet:-1, max-image-preview:large, max-video-preview:-1\" \/>\n<link rel=\"canonical\" href=\"https:\/\/derbe.it\/es\/producto\/champu-de-azucar-de-coco-muy-delicado-4\/\" \/>\n<meta property=\"og:locale\" content=\"es_ES\" \/>\n<meta property=\"og:type\" content=\"article\" \/>\n<meta property=\"og:title\" content=\"Shampoo zucchero e cocco forfora\" \/>\n<meta property=\"og:description\" content=\"Con propoli e pepe nero combatte la forfora con delicatezza. I derivati della Propoli svolgono un\u2019azione igienizzante e nutriente mentre l\u2019estratto di Pepe Nero contribuisce al corretto ripristino dell\u2019attivit\u00e0 sebacea. Il loro utilizzo combinato rimuove la forfora e ne blocca la formazione.\" \/>\n<meta property=\"og:url\" content=\"https:\/\/derbe.it\/es\/producto\/champu-de-azucar-de-coco-muy-delicado-4\/\" \/>\n<meta property=\"og:site_name\" content=\"Derbe - cosmetici naturali\" \/>\n<meta property=\"article:publisher\" content=\"https:\/\/www.facebook.com\/evoderbebio\" \/>\n<meta property=\"article:modified_time\" content=\"2025-11-12T10:16:32+00:00\" \/>\n<meta property=\"og:image\" content=\"https:\/\/derbe.it\/wp-content\/uploads\/2025\/05\/sciampo-delicatissimo-antiforfora-zucchero-cocco-propoli-pepe-nero-derbe.jpg\" \/>\n\t<meta property=\"og:image:width\" content=\"1600\" \/>\n\t<meta property=\"og:image:height\" content=\"2000\" \/>\n\t<meta property=\"og:image:type\" content=\"image\/jpeg\" \/>\n<meta name=\"twitter:card\" content=\"summary_large_image\" \/>\n<meta name=\"twitter:label1\" content=\"Tiempo de lectura\" \/>\n\t<meta name=\"twitter:data1\" content=\"3 minutos\" \/>\n<script type=\"application\/ld+json\" class=\"yoast-schema-graph\">{\"@context\":\"https:\/\/schema.org\",\"@graph\":[{\"@type\":\"WebPage\",\"@id\":\"https:\/\/derbe.it\/prodotto\/sciampo-delicatissimo-zucchero-cocco\/\",\"url\":\"https:\/\/derbe.it\/prodotto\/sciampo-delicatissimo-zucchero-cocco\/\",\"name\":\"Shampoo zucchero e cocco forfora - Derbe - cosmetici naturali\",\"isPartOf\":{\"@id\":\"https:\/\/derbe.it\/#website\"},\"primaryImageOfPage\":{\"@id\":\"https:\/\/derbe.it\/prodotto\/sciampo-delicatissimo-zucchero-cocco\/#primaryimage\"},\"image\":{\"@id\":\"https:\/\/derbe.it\/prodotto\/sciampo-delicatissimo-zucchero-cocco\/#primaryimage\"},\"thumbnailUrl\":\"https:\/\/derbe.it\/wp-content\/uploads\/2025\/05\/sciampo-delicatissimo-antiforfora-zucchero-cocco-propoli-pepe-nero-derbe.jpg\",\"datePublished\":\"2018-09-26T08:13:12+00:00\",\"dateModified\":\"2025-11-12T10:16:32+00:00\",\"description\":\"Con propoli e pepe nero combatte la forfora con delicatezza. I derivati della Propoli svolgono un\u2019azione igienizzante e nutriente mentre l\u2019estratto di Pepe Nero contribuisce al corretto ripristino dell\u2019attivit\u00e0 sebacea. Il loro utilizzo combinato rimuove la forfora e ne blocca la formazione.\",\"breadcrumb\":{\"@id\":\"https:\/\/derbe.it\/prodotto\/sciampo-delicatissimo-zucchero-cocco\/#breadcrumb\"},\"inLanguage\":\"es\",\"potentialAction\":[{\"@type\":\"ReadAction\",\"target\":[\"https:\/\/derbe.it\/prodotto\/sciampo-delicatissimo-zucchero-cocco\/\"]}]},{\"@type\":\"ImageObject\",\"inLanguage\":\"es\",\"@id\":\"https:\/\/derbe.it\/prodotto\/sciampo-delicatissimo-zucchero-cocco\/#primaryimage\",\"url\":\"https:\/\/derbe.it\/wp-content\/uploads\/2025\/05\/sciampo-delicatissimo-antiforfora-zucchero-cocco-propoli-pepe-nero-derbe.jpg\",\"contentUrl\":\"https:\/\/derbe.it\/wp-content\/uploads\/2025\/05\/sciampo-delicatissimo-antiforfora-zucchero-cocco-propoli-pepe-nero-derbe.jpg\",\"width\":1600,\"height\":2000,\"caption\":\"Shampoo delicatissimo per capelli, antiforfora - Derbe\"},{\"@type\":\"BreadcrumbList\",\"@id\":\"https:\/\/derbe.it\/prodotto\/sciampo-delicatissimo-zucchero-cocco\/#breadcrumb\",\"itemListElement\":[{\"@type\":\"ListItem\",\"position\":1,\"name\":\"Home\",\"item\":\"https:\/\/derbe.it\/\"},{\"@type\":\"ListItem\",\"position\":2,\"name\":\"Shop\",\"item\":\"https:\/\/derbe.it\/en\/shop\/\"},{\"@type\":\"ListItem\",\"position\":3,\"name\":\"Shampoo\",\"item\":\"https:\/\/derbe.it\/categoria-prodotto\/shampoo\/\"},{\"@type\":\"ListItem\",\"position\":4,\"name\":\"Shampoo zucchero e cocco forfora\"}]},{\"@type\":\"WebSite\",\"@id\":\"https:\/\/derbe.it\/#website\",\"url\":\"https:\/\/derbe.it\/\",\"name\":\"Derbe\",\"description\":\"Da oltre 50 anni - Made in italy - prodotti per capelli e corpo con estratti vegetali e formule sostenibili\",\"publisher\":{\"@id\":\"https:\/\/derbe.it\/#organization\"},\"potentialAction\":[{\"@type\":\"SearchAction\",\"target\":{\"@type\":\"EntryPoint\",\"urlTemplate\":\"https:\/\/derbe.it\/?s={search_term_string}\"},\"query-input\":{\"@type\":\"PropertyValueSpecification\",\"valueRequired\":true,\"valueName\":\"search_term_string\"}}],\"inLanguage\":\"es\"},{\"@type\":\"Organization\",\"@id\":\"https:\/\/derbe.it\/#organization\",\"name\":\"Derbe\",\"url\":\"https:\/\/derbe.it\/\",\"logo\":{\"@type\":\"ImageObject\",\"inLanguage\":\"es\",\"@id\":\"https:\/\/derbe.it\/#\/schema\/logo\/image\/\",\"url\":\"https:\/\/derbe.it\/wp-content\/uploads\/2025\/06\/logo_derbe_firenze.png\",\"contentUrl\":\"https:\/\/derbe.it\/wp-content\/uploads\/2025\/06\/logo_derbe_firenze.png\",\"width\":1200,\"height\":497,\"caption\":\"Derbe\"},\"image\":{\"@id\":\"https:\/\/derbe.it\/#\/schema\/logo\/image\/\"},\"sameAs\":[\"https:\/\/www.facebook.com\/evoderbebio\",\"https:\/\/www.instagram.com\/derbe.official\/\"],\"email\":\"info@derbe.it\",\"telephone\":\"+39 055 42 11 799\",\"legalName\":\"Derbe S.r.l. a socio unico\",\"vatID\":\"07272610481\"}]}<\/script>\n<!-- \/ Yoast SEO Premium plugin. -->","yoast_head_json":{"title":"Champ\u00fa anticaspa de az\u00facar y coco - Derbe - Cosm\u00e9ticos naturales","description":"Con prop\u00f3leo y pimienta negra, combate suavemente la caspa. Los derivados del prop\u00f3leo tienen un efecto desinfectante y nutritivo, mientras que el extracto de pimienta negra ayuda a restaurar la producci\u00f3n adecuada de sebo. Su uso combinado elimina la caspa y previene su aparici\u00f3n.","robots":{"index":"index","follow":"follow","max-snippet":"max-snippet:-1","max-image-preview":"max-image-preview:large","max-video-preview":"max-video-preview:-1"},"canonical":"https:\/\/derbe.it\/es\/producto\/champu-de-azucar-de-coco-muy-delicado-4\/","og_locale":"es_ES","og_type":"article","og_title":"Shampoo zucchero e cocco forfora","og_description":"Con propoli e pepe nero combatte la forfora con delicatezza. I derivati della Propoli svolgono un\u2019azione igienizzante e nutriente mentre l\u2019estratto di Pepe Nero contribuisce al corretto ripristino dell\u2019attivit\u00e0 sebacea. Il loro utilizzo combinato rimuove la forfora e ne blocca la formazione.","og_url":"https:\/\/derbe.it\/es\/producto\/champu-de-azucar-de-coco-muy-delicado-4\/","og_site_name":"Derbe - cosmetici naturali","article_publisher":"https:\/\/www.facebook.com\/evoderbebio","article_modified_time":"2025-11-12T10:16:32+00:00","og_image":[{"width":1600,"height":2000,"url":"https:\/\/derbe.it\/wp-content\/uploads\/2025\/05\/sciampo-delicatissimo-antiforfora-zucchero-cocco-propoli-pepe-nero-derbe.jpg","type":"image\/jpeg"}],"twitter_card":"summary_large_image","twitter_misc":{"Tiempo de lectura":"3 minutos"},"schema":{"@context":"https:\/\/schema.org","@graph":[{"@type":"WebPage","@id":"https:\/\/derbe.it\/prodotto\/sciampo-delicatissimo-zucchero-cocco\/","url":"https:\/\/derbe.it\/prodotto\/sciampo-delicatissimo-zucchero-cocco\/","name":"Champ\u00fa anticaspa de az\u00facar y coco - Derbe - Cosm\u00e9ticos naturales","isPartOf":{"@id":"https:\/\/derbe.it\/#website"},"primaryImageOfPage":{"@id":"https:\/\/derbe.it\/prodotto\/sciampo-delicatissimo-zucchero-cocco\/#primaryimage"},"image":{"@id":"https:\/\/derbe.it\/prodotto\/sciampo-delicatissimo-zucchero-cocco\/#primaryimage"},"thumbnailUrl":"https:\/\/derbe.it\/wp-content\/uploads\/2025\/05\/sciampo-delicatissimo-antiforfora-zucchero-cocco-propoli-pepe-nero-derbe.jpg","datePublished":"2018-09-26T08:13:12+00:00","dateModified":"2025-11-12T10:16:32+00:00","description":"Con prop\u00f3leo y pimienta negra, combate suavemente la caspa. Los derivados del prop\u00f3leo tienen un efecto desinfectante y nutritivo, mientras que el extracto de pimienta negra ayuda a restaurar la producci\u00f3n adecuada de sebo. Su uso combinado elimina la caspa y previene su aparici\u00f3n.","breadcrumb":{"@id":"https:\/\/derbe.it\/prodotto\/sciampo-delicatissimo-zucchero-cocco\/#breadcrumb"},"inLanguage":"es","potentialAction":[{"@type":"ReadAction","target":["https:\/\/derbe.it\/prodotto\/sciampo-delicatissimo-zucchero-cocco\/"]}]},{"@type":"ImageObject","inLanguage":"es","@id":"https:\/\/derbe.it\/prodotto\/sciampo-delicatissimo-zucchero-cocco\/#primaryimage","url":"https:\/\/derbe.it\/wp-content\/uploads\/2025\/05\/sciampo-delicatissimo-antiforfora-zucchero-cocco-propoli-pepe-nero-derbe.jpg","contentUrl":"https:\/\/derbe.it\/wp-content\/uploads\/2025\/05\/sciampo-delicatissimo-antiforfora-zucchero-cocco-propoli-pepe-nero-derbe.jpg","width":1600,"height":2000,"caption":"Shampoo delicatissimo per capelli, antiforfora - Derbe"},{"@type":"BreadcrumbList","@id":"https:\/\/derbe.it\/prodotto\/sciampo-delicatissimo-zucchero-cocco\/#breadcrumb","itemListElement":[{"@type":"ListItem","position":1,"name":"Home","item":"https:\/\/derbe.it\/"},{"@type":"ListItem","position":2,"name":"Shop","item":"https:\/\/derbe.it\/en\/shop\/"},{"@type":"ListItem","position":3,"name":"Shampoo","item":"https:\/\/derbe.it\/categoria-prodotto\/shampoo\/"},{"@type":"ListItem","position":4,"name":"Shampoo zucchero e cocco forfora"}]},{"@type":"WebSite","@id":"https:\/\/derbe.it\/#website","url":"https:\/\/derbe.it\/","name":"Derbe","description":"Desde hace m\u00e1s de 50 a\u00f1os - Hecho en Italia - Productos para el cabello y el cuerpo con extractos de plantas y f\u00f3rmulas sostenibles","publisher":{"@id":"https:\/\/derbe.it\/#organization"},"potentialAction":[{"@type":"SearchAction","target":{"@type":"EntryPoint","urlTemplate":"https:\/\/derbe.it\/?s={search_term_string}"},"query-input":{"@type":"PropertyValueSpecification","valueRequired":true,"valueName":"search_term_string"}}],"inLanguage":"es"},{"@type":"Organization","@id":"https:\/\/derbe.it\/#organization","name":"Derbe","url":"https:\/\/derbe.it\/","logo":{"@type":"ImageObject","inLanguage":"es","@id":"https:\/\/derbe.it\/#\/schema\/logo\/image\/","url":"https:\/\/derbe.it\/wp-content\/uploads\/2025\/06\/logo_derbe_firenze.png","contentUrl":"https:\/\/derbe.it\/wp-content\/uploads\/2025\/06\/logo_derbe_firenze.png","width":1200,"height":497,"caption":"Derbe"},"image":{"@id":"https:\/\/derbe.it\/#\/schema\/logo\/image\/"},"sameAs":["https:\/\/www.facebook.com\/evoderbebio","https:\/\/www.instagram.com\/derbe.official\/"],"email":"info@derbe.it","telephone":"+39 055 42 11 799","legalName":"Derbe S.r.l. a socio unico","vatID":"07272610481"}]}},"_links":{"self":[{"href":"https:\/\/derbe.it\/es\/wp-json\/wp\/v2\/product\/240","targetHints":{"allow":["GET"]}}],"collection":[{"href":"https:\/\/derbe.it\/es\/wp-json\/wp\/v2\/product"}],"about":[{"href":"https:\/\/derbe.it\/es\/wp-json\/wp\/v2\/types\/product"}],"wp:featuredmedia":[{"embeddable":true,"href":"https:\/\/derbe.it\/es\/wp-json\/wp\/v2\/media\/241"}],"wp:attachment":[{"href":"https:\/\/derbe.it\/es\/wp-json\/wp\/v2\/media?parent=240"}],"wp:term":[{"taxonomy":"caratteristica","embeddable":true,"href":"https:\/\/derbe.it\/es\/wp-json\/wp\/v2\/caratteristica?post=240"},{"taxonomy":"collezione","embeddable":true,"href":"https:\/\/derbe.it\/es\/wp-json\/wp\/v2\/collezione?post=240"},{"taxonomy":"formato","embeddable":true,"href":"https:\/\/derbe.it\/es\/wp-json\/wp\/v2\/formato?post=240"},{"taxonomy":"funzione","embeddable":true,"href":"https:\/\/derbe.it\/es\/wp-json\/wp\/v2\/funzione?post=240"},{"taxonomy":"utilizzo","embeddable":true,"href":"https:\/\/derbe.it\/es\/wp-json\/wp\/v2\/utilizzo?post=240"},{"taxonomy":"ingrediente-principale","embeddable":true,"href":"https:\/\/derbe.it\/es\/wp-json\/wp\/v2\/ingrediente-principale?post=240"},{"taxonomy":"product_brand","embeddable":true,"href":"https:\/\/derbe.it\/es\/wp-json\/wp\/v2\/product_brand?post=240"},{"taxonomy":"product_cat","embeddable":true,"href":"https:\/\/derbe.it\/es\/wp-json\/wp\/v2\/product_cat?post=240"},{"taxonomy":"product_tag","embeddable":true,"href":"https:\/\/derbe.it\/es\/wp-json\/wp\/v2\/product_tag?post=240"}],"curies":[{"name":"wp","href":"https:\/\/api.w.org\/{rel}","templated":true}]}}