{"id":248,"date":"2018-09-26T10:12:44","date_gmt":"2018-09-26T08:12:44","guid":{"rendered":"https:\/\/derbe.it\/prodotto\/sciampo-doccia-schiumaderbe\/"},"modified":"2025-11-05T17:31:43","modified_gmt":"2025-11-05T16:31:43","slug":"champu-de-ducha-espumoso","status":"publish","type":"product","link":"https:\/\/derbe.it\/es\/producto\/champu-de-ducha-espumoso\/","title":{"rendered":"Champ\u00fa de espuma para ducha Derbe"},"content":{"rendered":"<p>Las sensaciones que experimentas cuando utilizas Schiumaderbe para ba\u00f1arte, ducharte y lavarte el cabello son tan \u00fanicas como las que experimentas cuando te transportas en un telesilla a lo alto de las monta\u00f1as, cuando corres por la playa en primavera, o cuando te estiras en un prado lleno de flores entre las colinas, o cuando caminas por el bosque buscando setas.<\/p>\n<p>Schiumaderbe te devuelve naturalmente a estas sensaciones, a estos sentimientos que, dormidos en esta vida fren\u00e9tica de humo, de paredes, de cajas cerradas, vuelven a cobrar vida maravillosamente cuando lo utilizas para limpiar tu cuerpo y tu cabello.<\/p>\n<p>Schiumaderbe es de hecho una preparaci\u00f3n \u00fanica por el equilibrio de sus componentes internos: desde el delicado agente espumoso, pasando por los suaves aceites hidr\u00f3filos, hasta la fragancia natural compuesta de menta, alcanfor, tomillo, etc., es decir, las esencias de las maderas m\u00e1s puras, hasta su acidez eud\u00e9rmica.<\/p>\n<p>Schiumaderbe es \u00fanico porque limpia a la perfecci\u00f3n todo el cuerpo, incluidas las zonas \u00edntimas, dejando la piel suave y tonificada, y el cabello suave y brillante. Schiumaderbe es un tesoro natural, un placer natural, un deseo de &quot;regresar&quot; a las cosas buenas del pasado, a la naturaleza.<\/p>\n<p>Es tan rico en recursos que se puede usar muy poco. \u00a1Incluso se puede usar con agua de mar!<\/p>","protected":false},"excerpt":{"rendered":"<p>Detergente unico per l&#8217;equilibrio dei suoi componenti: gli olii essenziali, lo schiumogeno delicato, la sua profumazione inconfondibile e la sua freschezza lo rendono indimenticabile. Grazie alle sue propriet\u00e0 rinfrescanti ed antisettiche se ne consiglia l&#8217;uso per la doccia in piscina e in palestra. [&#8230;]<\/p>\n<p><a class=\"btn btn-secondary understrap-read-more-link\" href=\"https:\/\/derbe.it\/es\/producto\/champu-de-ducha-espumoso\/\">Leer m\u00e1s\u2026<span class=\"screen-reader-text\"> from Shampoo Doccia SchiumaDerbe<\/span><\/a><\/p>","protected":false},"featured_media":249,"template":"","meta":{"_acf_changed":false},"caratteristica":[],"collezione":[105],"formato":[],"funzione":[],"utilizzo":[],"ingrediente-principale":[],"product_brand":[],"product_cat":[22],"product_tag":[],"class_list":{"0":"post-248","1":"product","2":"type-product","3":"status-publish","4":"has-post-thumbnail","6":"collezione-schiumaderbe","7":"product_cat-bagnoschiuma","9":"first","10":"instock","11":"purchasable","12":"product-type-simple"},"acf":[],"yoast_head":"<!-- This site is optimized with the Yoast SEO Premium plugin v26.1 (Yoast SEO v26.8) - https:\/\/yoast.com\/product\/yoast-seo-premium-wordpress\/ -->\n<title>Shampoo Doccia SchiumaDerbe - Derbe - cosmetici naturali<\/title>\n<meta name=\"description\" content=\"Detergente unico per l&#039;equilibrio dei suoi componenti: gli olii essenziali, lo schiumogeno delicato, la sua profumazione inconfondibile e la sua freschezza lo rendono indimenticabile. Grazie alle sue propriet\u00e0 rinfrescanti ed antisettiche se ne consiglia l&#039;uso per la doccia in piscina e in palestra.\" \/>\n<meta name=\"robots\" content=\"index, follow, max-snippet:-1, max-image-preview:large, max-video-preview:-1\" \/>\n<link rel=\"canonical\" href=\"https:\/\/derbe.it\/es\/producto\/champu-de-ducha-espumoso\/\" \/>\n<meta property=\"og:locale\" content=\"es_ES\" \/>\n<meta property=\"og:type\" content=\"article\" \/>\n<meta property=\"og:title\" content=\"Shampoo Doccia SchiumaDerbe\" \/>\n<meta property=\"og:description\" content=\"Detergente unico per l&#039;equilibrio dei suoi componenti: gli olii essenziali, lo schiumogeno delicato, la sua profumazione inconfondibile e la sua freschezza lo rendono indimenticabile. Grazie alle sue propriet\u00e0 rinfrescanti ed antisettiche se ne consiglia l&#039;uso per la doccia in piscina e in palestra.\" \/>\n<meta property=\"og:url\" content=\"https:\/\/derbe.it\/es\/producto\/champu-de-ducha-espumoso\/\" \/>\n<meta property=\"og:site_name\" content=\"Derbe - cosmetici naturali\" \/>\n<meta property=\"article:publisher\" content=\"https:\/\/www.facebook.com\/evoderbebio\" \/>\n<meta property=\"article:modified_time\" content=\"2025-11-05T16:31:43+00:00\" \/>\n<meta property=\"og:image\" content=\"https:\/\/derbe.it\/wp-content\/uploads\/2025\/05\/schiumaderbe-sciampodoccia-capelli-corpo-derbe.jpg\" \/>\n\t<meta property=\"og:image:width\" content=\"1600\" \/>\n\t<meta property=\"og:image:height\" content=\"2000\" \/>\n\t<meta property=\"og:image:type\" content=\"image\/jpeg\" \/>\n<meta name=\"twitter:card\" content=\"summary_large_image\" \/>\n<meta name=\"twitter:label1\" content=\"Tiempo de lectura\" \/>\n\t<meta name=\"twitter:data1\" content=\"2 minutos\" \/>\n<script type=\"application\/ld+json\" class=\"yoast-schema-graph\">{\"@context\":\"https:\/\/schema.org\",\"@graph\":[{\"@type\":\"WebPage\",\"@id\":\"https:\/\/derbe.it\/prodotto\/sciampo-doccia-schiumaderbe\/\",\"url\":\"https:\/\/derbe.it\/prodotto\/sciampo-doccia-schiumaderbe\/\",\"name\":\"Shampoo Doccia SchiumaDerbe - Derbe - cosmetici naturali\",\"isPartOf\":{\"@id\":\"https:\/\/derbe.it\/#website\"},\"primaryImageOfPage\":{\"@id\":\"https:\/\/derbe.it\/prodotto\/sciampo-doccia-schiumaderbe\/#primaryimage\"},\"image\":{\"@id\":\"https:\/\/derbe.it\/prodotto\/sciampo-doccia-schiumaderbe\/#primaryimage\"},\"thumbnailUrl\":\"https:\/\/derbe.it\/wp-content\/uploads\/2025\/05\/schiumaderbe-sciampodoccia-capelli-corpo-derbe.jpg\",\"datePublished\":\"2018-09-26T08:12:44+00:00\",\"dateModified\":\"2025-11-05T16:31:43+00:00\",\"description\":\"Detergente unico per l'equilibrio dei suoi componenti: gli olii essenziali, lo schiumogeno delicato, la sua profumazione inconfondibile e la sua freschezza lo rendono indimenticabile. Grazie alle sue propriet\u00e0 rinfrescanti ed antisettiche se ne consiglia l'uso per la doccia in piscina e in palestra.\",\"breadcrumb\":{\"@id\":\"https:\/\/derbe.it\/prodotto\/sciampo-doccia-schiumaderbe\/#breadcrumb\"},\"inLanguage\":\"es\",\"potentialAction\":[{\"@type\":\"ReadAction\",\"target\":[\"https:\/\/derbe.it\/prodotto\/sciampo-doccia-schiumaderbe\/\"]}]},{\"@type\":\"ImageObject\",\"inLanguage\":\"es\",\"@id\":\"https:\/\/derbe.it\/prodotto\/sciampo-doccia-schiumaderbe\/#primaryimage\",\"url\":\"https:\/\/derbe.it\/wp-content\/uploads\/2025\/05\/schiumaderbe-sciampodoccia-capelli-corpo-derbe.jpg\",\"contentUrl\":\"https:\/\/derbe.it\/wp-content\/uploads\/2025\/05\/schiumaderbe-sciampodoccia-capelli-corpo-derbe.jpg\",\"width\":1600,\"height\":2000},{\"@type\":\"BreadcrumbList\",\"@id\":\"https:\/\/derbe.it\/prodotto\/sciampo-doccia-schiumaderbe\/#breadcrumb\",\"itemListElement\":[{\"@type\":\"ListItem\",\"position\":1,\"name\":\"Home\",\"item\":\"https:\/\/derbe.it\/\"},{\"@type\":\"ListItem\",\"position\":2,\"name\":\"Shop\",\"item\":\"https:\/\/derbe.it\/en\/shop\/\"},{\"@type\":\"ListItem\",\"position\":3,\"name\":\"Bagnoschiuma\",\"item\":\"https:\/\/derbe.it\/categoria-prodotto\/bagnoschiuma\/\"},{\"@type\":\"ListItem\",\"position\":4,\"name\":\"Shampoo Doccia SchiumaDerbe\"}]},{\"@type\":\"WebSite\",\"@id\":\"https:\/\/derbe.it\/#website\",\"url\":\"https:\/\/derbe.it\/\",\"name\":\"Derbe\",\"description\":\"Da oltre 50 anni - Made in italy - prodotti per capelli e corpo con estratti vegetali e formule sostenibili\",\"publisher\":{\"@id\":\"https:\/\/derbe.it\/#organization\"},\"potentialAction\":[{\"@type\":\"SearchAction\",\"target\":{\"@type\":\"EntryPoint\",\"urlTemplate\":\"https:\/\/derbe.it\/?s={search_term_string}\"},\"query-input\":{\"@type\":\"PropertyValueSpecification\",\"valueRequired\":true,\"valueName\":\"search_term_string\"}}],\"inLanguage\":\"es\"},{\"@type\":\"Organization\",\"@id\":\"https:\/\/derbe.it\/#organization\",\"name\":\"Derbe\",\"url\":\"https:\/\/derbe.it\/\",\"logo\":{\"@type\":\"ImageObject\",\"inLanguage\":\"es\",\"@id\":\"https:\/\/derbe.it\/#\/schema\/logo\/image\/\",\"url\":\"https:\/\/derbe.it\/wp-content\/uploads\/2025\/06\/logo_derbe_firenze.png\",\"contentUrl\":\"https:\/\/derbe.it\/wp-content\/uploads\/2025\/06\/logo_derbe_firenze.png\",\"width\":1200,\"height\":497,\"caption\":\"Derbe\"},\"image\":{\"@id\":\"https:\/\/derbe.it\/#\/schema\/logo\/image\/\"},\"sameAs\":[\"https:\/\/www.facebook.com\/evoderbebio\",\"https:\/\/www.instagram.com\/derbe.official\/\"],\"email\":\"info@derbe.it\",\"telephone\":\"+39 055 42 11 799\",\"legalName\":\"Derbe S.r.l. a socio unico\",\"vatID\":\"07272610481\"}]}<\/script>\n<!-- \/ Yoast SEO Premium plugin. -->","yoast_head_json":{"title":"Champ\u00fa de espuma de ducha Derbe - Derbe - cosm\u00e9tica natural","description":"Un limpiador \u00fanico gracias al equilibrio de sus ingredientes: aceites esenciales, una espuma delicada, su inconfundible fragancia y su frescura lo hacen inolvidable. Gracias a sus propiedades refrescantes y antis\u00e9pticas, se recomienda para ducharse en la piscina y el gimnasio.","robots":{"index":"index","follow":"follow","max-snippet":"max-snippet:-1","max-image-preview":"max-image-preview:large","max-video-preview":"max-video-preview:-1"},"canonical":"https:\/\/derbe.it\/es\/producto\/champu-de-ducha-espumoso\/","og_locale":"es_ES","og_type":"article","og_title":"Shampoo Doccia SchiumaDerbe","og_description":"Detergente unico per l'equilibrio dei suoi componenti: gli olii essenziali, lo schiumogeno delicato, la sua profumazione inconfondibile e la sua freschezza lo rendono indimenticabile. Grazie alle sue propriet\u00e0 rinfrescanti ed antisettiche se ne consiglia l'uso per la doccia in piscina e in palestra.","og_url":"https:\/\/derbe.it\/es\/producto\/champu-de-ducha-espumoso\/","og_site_name":"Derbe - cosmetici naturali","article_publisher":"https:\/\/www.facebook.com\/evoderbebio","article_modified_time":"2025-11-05T16:31:43+00:00","og_image":[{"width":1600,"height":2000,"url":"https:\/\/derbe.it\/wp-content\/uploads\/2025\/05\/schiumaderbe-sciampodoccia-capelli-corpo-derbe.jpg","type":"image\/jpeg"}],"twitter_card":"summary_large_image","twitter_misc":{"Tiempo de lectura":"2 minutos"},"schema":{"@context":"https:\/\/schema.org","@graph":[{"@type":"WebPage","@id":"https:\/\/derbe.it\/prodotto\/sciampo-doccia-schiumaderbe\/","url":"https:\/\/derbe.it\/prodotto\/sciampo-doccia-schiumaderbe\/","name":"Champ\u00fa de espuma de ducha Derbe - Derbe - cosm\u00e9tica natural","isPartOf":{"@id":"https:\/\/derbe.it\/#website"},"primaryImageOfPage":{"@id":"https:\/\/derbe.it\/prodotto\/sciampo-doccia-schiumaderbe\/#primaryimage"},"image":{"@id":"https:\/\/derbe.it\/prodotto\/sciampo-doccia-schiumaderbe\/#primaryimage"},"thumbnailUrl":"https:\/\/derbe.it\/wp-content\/uploads\/2025\/05\/schiumaderbe-sciampodoccia-capelli-corpo-derbe.jpg","datePublished":"2018-09-26T08:12:44+00:00","dateModified":"2025-11-05T16:31:43+00:00","description":"Un limpiador \u00fanico gracias al equilibrio de sus ingredientes: aceites esenciales, una espuma delicada, su inconfundible fragancia y su frescura lo hacen inolvidable. Gracias a sus propiedades refrescantes y antis\u00e9pticas, se recomienda para ducharse en la piscina y el gimnasio.","breadcrumb":{"@id":"https:\/\/derbe.it\/prodotto\/sciampo-doccia-schiumaderbe\/#breadcrumb"},"inLanguage":"es","potentialAction":[{"@type":"ReadAction","target":["https:\/\/derbe.it\/prodotto\/sciampo-doccia-schiumaderbe\/"]}]},{"@type":"ImageObject","inLanguage":"es","@id":"https:\/\/derbe.it\/prodotto\/sciampo-doccia-schiumaderbe\/#primaryimage","url":"https:\/\/derbe.it\/wp-content\/uploads\/2025\/05\/schiumaderbe-sciampodoccia-capelli-corpo-derbe.jpg","contentUrl":"https:\/\/derbe.it\/wp-content\/uploads\/2025\/05\/schiumaderbe-sciampodoccia-capelli-corpo-derbe.jpg","width":1600,"height":2000},{"@type":"BreadcrumbList","@id":"https:\/\/derbe.it\/prodotto\/sciampo-doccia-schiumaderbe\/#breadcrumb","itemListElement":[{"@type":"ListItem","position":1,"name":"Home","item":"https:\/\/derbe.it\/"},{"@type":"ListItem","position":2,"name":"Shop","item":"https:\/\/derbe.it\/en\/shop\/"},{"@type":"ListItem","position":3,"name":"Bagnoschiuma","item":"https:\/\/derbe.it\/categoria-prodotto\/bagnoschiuma\/"},{"@type":"ListItem","position":4,"name":"Shampoo Doccia SchiumaDerbe"}]},{"@type":"WebSite","@id":"https:\/\/derbe.it\/#website","url":"https:\/\/derbe.it\/","name":"Derbe","description":"Desde hace m\u00e1s de 50 a\u00f1os - Hecho en Italia - Productos para el cabello y el cuerpo con extractos de plantas y f\u00f3rmulas sostenibles","publisher":{"@id":"https:\/\/derbe.it\/#organization"},"potentialAction":[{"@type":"SearchAction","target":{"@type":"EntryPoint","urlTemplate":"https:\/\/derbe.it\/?s={search_term_string}"},"query-input":{"@type":"PropertyValueSpecification","valueRequired":true,"valueName":"search_term_string"}}],"inLanguage":"es"},{"@type":"Organization","@id":"https:\/\/derbe.it\/#organization","name":"Derbe","url":"https:\/\/derbe.it\/","logo":{"@type":"ImageObject","inLanguage":"es","@id":"https:\/\/derbe.it\/#\/schema\/logo\/image\/","url":"https:\/\/derbe.it\/wp-content\/uploads\/2025\/06\/logo_derbe_firenze.png","contentUrl":"https:\/\/derbe.it\/wp-content\/uploads\/2025\/06\/logo_derbe_firenze.png","width":1200,"height":497,"caption":"Derbe"},"image":{"@id":"https:\/\/derbe.it\/#\/schema\/logo\/image\/"},"sameAs":["https:\/\/www.facebook.com\/evoderbebio","https:\/\/www.instagram.com\/derbe.official\/"],"email":"info@derbe.it","telephone":"+39 055 42 11 799","legalName":"Derbe S.r.l. a socio unico","vatID":"07272610481"}]}},"_links":{"self":[{"href":"https:\/\/derbe.it\/es\/wp-json\/wp\/v2\/product\/248","targetHints":{"allow":["GET"]}}],"collection":[{"href":"https:\/\/derbe.it\/es\/wp-json\/wp\/v2\/product"}],"about":[{"href":"https:\/\/derbe.it\/es\/wp-json\/wp\/v2\/types\/product"}],"wp:featuredmedia":[{"embeddable":true,"href":"https:\/\/derbe.it\/es\/wp-json\/wp\/v2\/media\/249"}],"wp:attachment":[{"href":"https:\/\/derbe.it\/es\/wp-json\/wp\/v2\/media?parent=248"}],"wp:term":[{"taxonomy":"caratteristica","embeddable":true,"href":"https:\/\/derbe.it\/es\/wp-json\/wp\/v2\/caratteristica?post=248"},{"taxonomy":"collezione","embeddable":true,"href":"https:\/\/derbe.it\/es\/wp-json\/wp\/v2\/collezione?post=248"},{"taxonomy":"formato","embeddable":true,"href":"https:\/\/derbe.it\/es\/wp-json\/wp\/v2\/formato?post=248"},{"taxonomy":"funzione","embeddable":true,"href":"https:\/\/derbe.it\/es\/wp-json\/wp\/v2\/funzione?post=248"},{"taxonomy":"utilizzo","embeddable":true,"href":"https:\/\/derbe.it\/es\/wp-json\/wp\/v2\/utilizzo?post=248"},{"taxonomy":"ingrediente-principale","embeddable":true,"href":"https:\/\/derbe.it\/es\/wp-json\/wp\/v2\/ingrediente-principale?post=248"},{"taxonomy":"product_brand","embeddable":true,"href":"https:\/\/derbe.it\/es\/wp-json\/wp\/v2\/product_brand?post=248"},{"taxonomy":"product_cat","embeddable":true,"href":"https:\/\/derbe.it\/es\/wp-json\/wp\/v2\/product_cat?post=248"},{"taxonomy":"product_tag","embeddable":true,"href":"https:\/\/derbe.it\/es\/wp-json\/wp\/v2\/product_tag?post=248"}],"curies":[{"name":"wp","href":"https:\/\/api.w.org\/{rel}","templated":true}]}}