{"id":256,"date":"2018-09-26T10:10:44","date_gmt":"2018-09-26T08:10:44","guid":{"rendered":"https:\/\/derbe.it\/prodotto\/balsamo-schiumaderbe\/"},"modified":"2025-11-12T11:43:36","modified_gmt":"2025-11-12T10:43:36","slug":"balsamo-espumoso","status":"publish","type":"product","link":"https:\/\/derbe.it\/es\/producto\/balsamo-espumoso\/","title":{"rendered":"B\u00e1lsamo espumoso Derbe"},"content":{"rendered":"<p>El Acondicionador SchiumaDerbe combina un potente acondicionador con una acci\u00f3n calmante, limpiadora y refrescante para el cuero cabelludo. Desenreda suavemente el cabello sin apelmazarlo, dej\u00e1ndolo sano y sedoso. Con el Acondicionador Schiumaderbe, redescubre la importancia de cuidar tu cabello y cuero cabelludo con un producto natural.<\/p>\n<ul>\n<li>con <strong>aceite de semilla de Crambe abyssinica<\/strong>iluminador capilar<\/li>\n<li>con <strong>vitamina E<\/strong>con efecto protector<\/li>\n<li>con <strong>pantenol o provitamina B5<\/strong>Hidratante, calmante, el\u00e1stico.<\/li>\n<\/ul>","protected":false},"excerpt":{"rendered":"<p>El acondicionador Schiumaderbe fue creado para quienes buscan frescura, higiene y seguridad. Es un producto dise\u00f1ado espec\u00edficamente para el cuidado del cabello, que desarrolla un programa integral para restaurar el bienestar general del cabello y su condici\u00f3n fisiol\u00f3gica natural, desde la ra\u00edz hasta las puntas. El acondicionador Schiumaderbe es un producto que combina un alto nivel de <strong>potencia de acondicionamiento<\/strong> a una actividad <strong>calmante<\/strong>, <strong>desinfectante<\/strong> Y <strong>refrescante<\/strong> del cuero cabelludo. Desenreda suavemente el cabello sin apelmazarlo y lo deja sano, brillante y sedoso.<span class=\"Apple-converted-space\">\u00a0<\/span> [\u2026]<\/p>\n<p><a class=\"btn btn-secondary understrap-read-more-link\" href=\"https:\/\/derbe.it\/es\/producto\/balsamo-espumoso\/\">Leer m\u00e1s\u2026<span class=\"screen-reader-text\"> de Balsamo SchiumaDerbe<\/span><\/a><\/p>","protected":false},"featured_media":257,"template":"","meta":{"_acf_changed":false},"caratteristica":[],"collezione":[105],"formato":[],"funzione":[87],"utilizzo":[],"ingrediente-principale":[],"product_brand":[],"product_cat":[101],"product_tag":[],"class_list":{"0":"post-256","1":"product","2":"type-product","3":"status-publish","4":"has-post-thumbnail","6":"collezione-schiumaderbe","7":"funzione-capelli-grassi","8":"product_cat-maschere-e-balsami","10":"first","11":"instock","12":"purchasable","13":"product-type-simple"},"acf":[],"yoast_head":"<!-- This site is optimized with the Yoast SEO Premium plugin v26.1 (Yoast SEO v26.8) - https:\/\/yoast.com\/product\/yoast-seo-premium-wordpress\/ -->\n<title>Balsamo SchiumaDerbe - Derbe - cosmetici naturali<\/title>\n<meta name=\"description\" content=\"Schiumaderbe balsamo nasce per coloro che necessitano di freschezza, igiene e sicurezza. \u00c8 un prodotto studiato per occuparsi in modo specifico della cura del capello, sviluppando un percorso completo di ripristino del benessere e del naturale stato fisiologico del capello nel suo complesso, dal cuoio capelluto alle punte. Schiumaderbe Balsamo \u00e8 un prodotto che abbina un elevato potere condizionante ad un\u2019attivit\u00e0 lenitiva, igienizzante e rinfrescante del cuoio capelluto. Districa i capelli delicatamente senza appesantirli e li lascia sani, lucenti e setosi.\u00a0\" \/>\n<meta name=\"robots\" content=\"index, follow, max-snippet:-1, max-image-preview:large, max-video-preview:-1\" \/>\n<link rel=\"canonical\" href=\"https:\/\/derbe.it\/es\/producto\/balsamo-espumoso\/\" \/>\n<meta property=\"og:locale\" content=\"es_ES\" \/>\n<meta property=\"og:type\" content=\"article\" \/>\n<meta property=\"og:title\" content=\"Balsamo SchiumaDerbe\" \/>\n<meta property=\"og:description\" content=\"Schiumaderbe balsamo nasce per coloro che necessitano di freschezza, igiene e sicurezza. \u00c8 un prodotto studiato per occuparsi in modo specifico della cura del capello, sviluppando un percorso completo di ripristino del benessere e del naturale stato fisiologico del capello nel suo complesso, dal cuoio capelluto alle punte. Schiumaderbe Balsamo \u00e8 un prodotto che abbina un elevato potere condizionante ad un\u2019attivit\u00e0 lenitiva, igienizzante e rinfrescante del cuoio capelluto. Districa i capelli delicatamente senza appesantirli e li lascia sani, lucenti e setosi.\u00a0\" \/>\n<meta property=\"og:url\" content=\"https:\/\/derbe.it\/es\/producto\/balsamo-espumoso\/\" \/>\n<meta property=\"og:site_name\" content=\"Derbe - cosmetici naturali\" \/>\n<meta property=\"article:publisher\" content=\"https:\/\/www.facebook.com\/evoderbebio\" \/>\n<meta property=\"article:modified_time\" content=\"2025-11-12T10:43:36+00:00\" \/>\n<meta property=\"og:image\" content=\"https:\/\/derbe.it\/wp-content\/uploads\/2025\/05\/balsamo-schiumaderbe-condizionante-capelli-derbe.jpg\" \/>\n\t<meta property=\"og:image:width\" content=\"1600\" \/>\n\t<meta property=\"og:image:height\" content=\"2000\" \/>\n\t<meta property=\"og:image:type\" content=\"image\/jpeg\" \/>\n<meta name=\"twitter:card\" content=\"summary_large_image\" \/>\n<meta name=\"twitter:label1\" content=\"Tiempo de lectura\" \/>\n\t<meta name=\"twitter:data1\" content=\"2 minutos\" \/>\n<script type=\"application\/ld+json\" class=\"yoast-schema-graph\">{\"@context\":\"https:\/\/schema.org\",\"@graph\":[{\"@type\":\"WebPage\",\"@id\":\"https:\/\/derbe.it\/prodotto\/balsamo-schiumaderbe\/\",\"url\":\"https:\/\/derbe.it\/prodotto\/balsamo-schiumaderbe\/\",\"name\":\"Balsamo SchiumaDerbe - Derbe - cosmetici naturali\",\"isPartOf\":{\"@id\":\"https:\/\/derbe.it\/#website\"},\"primaryImageOfPage\":{\"@id\":\"https:\/\/derbe.it\/prodotto\/balsamo-schiumaderbe\/#primaryimage\"},\"image\":{\"@id\":\"https:\/\/derbe.it\/prodotto\/balsamo-schiumaderbe\/#primaryimage\"},\"thumbnailUrl\":\"https:\/\/derbe.it\/wp-content\/uploads\/2025\/05\/balsamo-schiumaderbe-condizionante-capelli-derbe.jpg\",\"datePublished\":\"2018-09-26T08:10:44+00:00\",\"dateModified\":\"2025-11-12T10:43:36+00:00\",\"description\":\"Schiumaderbe balsamo nasce per coloro che necessitano di freschezza, igiene e sicurezza. \u00c8 un prodotto studiato per occuparsi in modo specifico della cura del capello, sviluppando un percorso completo di ripristino del benessere e del naturale stato fisiologico del capello nel suo complesso, dal cuoio capelluto alle punte. Schiumaderbe Balsamo \u00e8 un prodotto che abbina un elevato potere condizionante ad un\u2019attivit\u00e0 lenitiva, igienizzante e rinfrescante del cuoio capelluto. Districa i capelli delicatamente senza appesantirli e li lascia sani, lucenti e setosi.\u00a0\",\"breadcrumb\":{\"@id\":\"https:\/\/derbe.it\/prodotto\/balsamo-schiumaderbe\/#breadcrumb\"},\"inLanguage\":\"es\",\"potentialAction\":[{\"@type\":\"ReadAction\",\"target\":[\"https:\/\/derbe.it\/prodotto\/balsamo-schiumaderbe\/\"]}]},{\"@type\":\"ImageObject\",\"inLanguage\":\"es\",\"@id\":\"https:\/\/derbe.it\/prodotto\/balsamo-schiumaderbe\/#primaryimage\",\"url\":\"https:\/\/derbe.it\/wp-content\/uploads\/2025\/05\/balsamo-schiumaderbe-condizionante-capelli-derbe.jpg\",\"contentUrl\":\"https:\/\/derbe.it\/wp-content\/uploads\/2025\/05\/balsamo-schiumaderbe-condizionante-capelli-derbe.jpg\",\"width\":1600,\"height\":2000,\"caption\":\"Balsamo condizionante - Derbe\"},{\"@type\":\"BreadcrumbList\",\"@id\":\"https:\/\/derbe.it\/prodotto\/balsamo-schiumaderbe\/#breadcrumb\",\"itemListElement\":[{\"@type\":\"ListItem\",\"position\":1,\"name\":\"Home\",\"item\":\"https:\/\/derbe.it\/\"},{\"@type\":\"ListItem\",\"position\":2,\"name\":\"Shop\",\"item\":\"https:\/\/derbe.it\/en\/shop\/\"},{\"@type\":\"ListItem\",\"position\":3,\"name\":\"Maschere e balsami\",\"item\":\"https:\/\/derbe.it\/categoria-prodotto\/maschere-e-balsami\/\"},{\"@type\":\"ListItem\",\"position\":4,\"name\":\"Balsamo SchiumaDerbe\"}]},{\"@type\":\"WebSite\",\"@id\":\"https:\/\/derbe.it\/#website\",\"url\":\"https:\/\/derbe.it\/\",\"name\":\"Derbe\",\"description\":\"Da oltre 50 anni - Made in italy - prodotti per capelli e corpo con estratti vegetali e formule sostenibili\",\"publisher\":{\"@id\":\"https:\/\/derbe.it\/#organization\"},\"potentialAction\":[{\"@type\":\"SearchAction\",\"target\":{\"@type\":\"EntryPoint\",\"urlTemplate\":\"https:\/\/derbe.it\/?s={search_term_string}\"},\"query-input\":{\"@type\":\"PropertyValueSpecification\",\"valueRequired\":true,\"valueName\":\"search_term_string\"}}],\"inLanguage\":\"es\"},{\"@type\":\"Organization\",\"@id\":\"https:\/\/derbe.it\/#organization\",\"name\":\"Derbe\",\"url\":\"https:\/\/derbe.it\/\",\"logo\":{\"@type\":\"ImageObject\",\"inLanguage\":\"es\",\"@id\":\"https:\/\/derbe.it\/#\/schema\/logo\/image\/\",\"url\":\"https:\/\/derbe.it\/wp-content\/uploads\/2025\/06\/logo_derbe_firenze.png\",\"contentUrl\":\"https:\/\/derbe.it\/wp-content\/uploads\/2025\/06\/logo_derbe_firenze.png\",\"width\":1200,\"height\":497,\"caption\":\"Derbe\"},\"image\":{\"@id\":\"https:\/\/derbe.it\/#\/schema\/logo\/image\/\"},\"sameAs\":[\"https:\/\/www.facebook.com\/evoderbebio\",\"https:\/\/www.instagram.com\/derbe.official\/\"],\"email\":\"info@derbe.it\",\"telephone\":\"+39 055 42 11 799\",\"legalName\":\"Derbe S.r.l. a socio unico\",\"vatID\":\"07272610481\"}]}<\/script>\n<!-- \/ Yoast SEO Premium plugin. -->","yoast_head_json":{"title":"B\u00e1lsamo espumoso Derbe - Derbe - cosm\u00e9tica natural","description":"El Acondicionador Schiumaderbe fue creado para quienes necesitan frescura, higiene y seguridad. Est\u00e1 espec\u00edficamente dise\u00f1ado para el cuidado capilar, ofreciendo un tratamiento integral para restaurar el bienestar general y el estado fisiol\u00f3gico natural del cabello, desde el cuero cabelludo hasta las puntas. El Acondicionador Schiumaderbe combina un potente acondicionador con una acci\u00f3n calmante, higienizante y refrescante en el cuero cabelludo. Desenreda suavemente el cabello sin apelmazarlo, dej\u00e1ndolo sano, brillante y sedoso.\u00a0","robots":{"index":"index","follow":"follow","max-snippet":"max-snippet:-1","max-image-preview":"max-image-preview:large","max-video-preview":"max-video-preview:-1"},"canonical":"https:\/\/derbe.it\/es\/producto\/balsamo-espumoso\/","og_locale":"es_ES","og_type":"article","og_title":"Balsamo SchiumaDerbe","og_description":"Schiumaderbe balsamo nasce per coloro che necessitano di freschezza, igiene e sicurezza. \u00c8 un prodotto studiato per occuparsi in modo specifico della cura del capello, sviluppando un percorso completo di ripristino del benessere e del naturale stato fisiologico del capello nel suo complesso, dal cuoio capelluto alle punte. Schiumaderbe Balsamo \u00e8 un prodotto che abbina un elevato potere condizionante ad un\u2019attivit\u00e0 lenitiva, igienizzante e rinfrescante del cuoio capelluto. Districa i capelli delicatamente senza appesantirli e li lascia sani, lucenti e setosi.\u00a0","og_url":"https:\/\/derbe.it\/es\/producto\/balsamo-espumoso\/","og_site_name":"Derbe - cosmetici naturali","article_publisher":"https:\/\/www.facebook.com\/evoderbebio","article_modified_time":"2025-11-12T10:43:36+00:00","og_image":[{"width":1600,"height":2000,"url":"https:\/\/derbe.it\/wp-content\/uploads\/2025\/05\/balsamo-schiumaderbe-condizionante-capelli-derbe.jpg","type":"image\/jpeg"}],"twitter_card":"summary_large_image","twitter_misc":{"Tiempo de lectura":"2 minutos"},"schema":{"@context":"https:\/\/schema.org","@graph":[{"@type":"WebPage","@id":"https:\/\/derbe.it\/prodotto\/balsamo-schiumaderbe\/","url":"https:\/\/derbe.it\/prodotto\/balsamo-schiumaderbe\/","name":"B\u00e1lsamo espumoso Derbe - Derbe - cosm\u00e9tica natural","isPartOf":{"@id":"https:\/\/derbe.it\/#website"},"primaryImageOfPage":{"@id":"https:\/\/derbe.it\/prodotto\/balsamo-schiumaderbe\/#primaryimage"},"image":{"@id":"https:\/\/derbe.it\/prodotto\/balsamo-schiumaderbe\/#primaryimage"},"thumbnailUrl":"https:\/\/derbe.it\/wp-content\/uploads\/2025\/05\/balsamo-schiumaderbe-condizionante-capelli-derbe.jpg","datePublished":"2018-09-26T08:10:44+00:00","dateModified":"2025-11-12T10:43:36+00:00","description":"El Acondicionador Schiumaderbe fue creado para quienes necesitan frescura, higiene y seguridad. Est\u00e1 espec\u00edficamente dise\u00f1ado para el cuidado capilar, ofreciendo un tratamiento integral para restaurar el bienestar general y el estado fisiol\u00f3gico natural del cabello, desde el cuero cabelludo hasta las puntas. El Acondicionador Schiumaderbe combina un potente acondicionador con una acci\u00f3n calmante, higienizante y refrescante en el cuero cabelludo. Desenreda suavemente el cabello sin apelmazarlo, dej\u00e1ndolo sano, brillante y sedoso.\u00a0","breadcrumb":{"@id":"https:\/\/derbe.it\/prodotto\/balsamo-schiumaderbe\/#breadcrumb"},"inLanguage":"es","potentialAction":[{"@type":"ReadAction","target":["https:\/\/derbe.it\/prodotto\/balsamo-schiumaderbe\/"]}]},{"@type":"ImageObject","inLanguage":"es","@id":"https:\/\/derbe.it\/prodotto\/balsamo-schiumaderbe\/#primaryimage","url":"https:\/\/derbe.it\/wp-content\/uploads\/2025\/05\/balsamo-schiumaderbe-condizionante-capelli-derbe.jpg","contentUrl":"https:\/\/derbe.it\/wp-content\/uploads\/2025\/05\/balsamo-schiumaderbe-condizionante-capelli-derbe.jpg","width":1600,"height":2000,"caption":"Balsamo condizionante - Derbe"},{"@type":"BreadcrumbList","@id":"https:\/\/derbe.it\/prodotto\/balsamo-schiumaderbe\/#breadcrumb","itemListElement":[{"@type":"ListItem","position":1,"name":"Home","item":"https:\/\/derbe.it\/"},{"@type":"ListItem","position":2,"name":"Shop","item":"https:\/\/derbe.it\/en\/shop\/"},{"@type":"ListItem","position":3,"name":"Maschere e balsami","item":"https:\/\/derbe.it\/categoria-prodotto\/maschere-e-balsami\/"},{"@type":"ListItem","position":4,"name":"Balsamo SchiumaDerbe"}]},{"@type":"WebSite","@id":"https:\/\/derbe.it\/#website","url":"https:\/\/derbe.it\/","name":"Derbe","description":"Desde hace m\u00e1s de 50 a\u00f1os - Hecho en Italia - Productos para el cabello y el cuerpo con extractos de plantas y f\u00f3rmulas sostenibles","publisher":{"@id":"https:\/\/derbe.it\/#organization"},"potentialAction":[{"@type":"SearchAction","target":{"@type":"EntryPoint","urlTemplate":"https:\/\/derbe.it\/?s={search_term_string}"},"query-input":{"@type":"PropertyValueSpecification","valueRequired":true,"valueName":"search_term_string"}}],"inLanguage":"es"},{"@type":"Organization","@id":"https:\/\/derbe.it\/#organization","name":"Derbe","url":"https:\/\/derbe.it\/","logo":{"@type":"ImageObject","inLanguage":"es","@id":"https:\/\/derbe.it\/#\/schema\/logo\/image\/","url":"https:\/\/derbe.it\/wp-content\/uploads\/2025\/06\/logo_derbe_firenze.png","contentUrl":"https:\/\/derbe.it\/wp-content\/uploads\/2025\/06\/logo_derbe_firenze.png","width":1200,"height":497,"caption":"Derbe"},"image":{"@id":"https:\/\/derbe.it\/#\/schema\/logo\/image\/"},"sameAs":["https:\/\/www.facebook.com\/evoderbebio","https:\/\/www.instagram.com\/derbe.official\/"],"email":"info@derbe.it","telephone":"+39 055 42 11 799","legalName":"Derbe S.r.l. a socio unico","vatID":"07272610481"}]}},"_links":{"self":[{"href":"https:\/\/derbe.it\/es\/wp-json\/wp\/v2\/product\/256","targetHints":{"allow":["GET"]}}],"collection":[{"href":"https:\/\/derbe.it\/es\/wp-json\/wp\/v2\/product"}],"about":[{"href":"https:\/\/derbe.it\/es\/wp-json\/wp\/v2\/types\/product"}],"wp:featuredmedia":[{"embeddable":true,"href":"https:\/\/derbe.it\/es\/wp-json\/wp\/v2\/media\/257"}],"wp:attachment":[{"href":"https:\/\/derbe.it\/es\/wp-json\/wp\/v2\/media?parent=256"}],"wp:term":[{"taxonomy":"caratteristica","embeddable":true,"href":"https:\/\/derbe.it\/es\/wp-json\/wp\/v2\/caratteristica?post=256"},{"taxonomy":"collezione","embeddable":true,"href":"https:\/\/derbe.it\/es\/wp-json\/wp\/v2\/collezione?post=256"},{"taxonomy":"formato","embeddable":true,"href":"https:\/\/derbe.it\/es\/wp-json\/wp\/v2\/formato?post=256"},{"taxonomy":"funzione","embeddable":true,"href":"https:\/\/derbe.it\/es\/wp-json\/wp\/v2\/funzione?post=256"},{"taxonomy":"utilizzo","embeddable":true,"href":"https:\/\/derbe.it\/es\/wp-json\/wp\/v2\/utilizzo?post=256"},{"taxonomy":"ingrediente-principale","embeddable":true,"href":"https:\/\/derbe.it\/es\/wp-json\/wp\/v2\/ingrediente-principale?post=256"},{"taxonomy":"product_brand","embeddable":true,"href":"https:\/\/derbe.it\/es\/wp-json\/wp\/v2\/product_brand?post=256"},{"taxonomy":"product_cat","embeddable":true,"href":"https:\/\/derbe.it\/es\/wp-json\/wp\/v2\/product_cat?post=256"},{"taxonomy":"product_tag","embeddable":true,"href":"https:\/\/derbe.it\/es\/wp-json\/wp\/v2\/product_tag?post=256"}],"curies":[{"name":"wp","href":"https:\/\/api.w.org\/{rel}","templated":true}]}}