{"id":279,"date":"2018-09-26T10:11:29","date_gmt":"2018-09-26T08:11:29","guid":{"rendered":"https:\/\/derbe.it\/prodotto\/emulsione-balsamo\/"},"modified":"2026-05-06T12:36:59","modified_gmt":"2026-05-06T10:36:59","slug":"emulsion-acondicionadora","status":"publish","type":"product","link":"https:\/\/derbe.it\/es\/producto\/emulsion-acondicionadora\/","title":{"rendered":"B\u00e1lsamo en emulsi\u00f3n"},"content":{"rendered":"<p>Emulsi\u00f3n acondicionadora de pH \u00e1cido para cuero cabelludo y cabello con m\u00faltiples funciones: da brillo, flexibilidad, suavidad, consistencia y peinabilidad a todo tipo de cabello.<\/p>\n<p>Aporta volumen y fuerza al cabello fino, ca\u00eddo y falto de cuerpo y vitalidad, combatiendo la opacidad, las puntas abiertas y la electricidad est\u00e1tica, volvi\u00e9ndolo perfectamente manejable.<br \/>\nProtege el cabello del agua salada, del cloro de las piscinas y de los tratamientos qu\u00edmicos capilares, combatiendo toda forma de degradaci\u00f3n est\u00e9tica.<\/p>\n<p><strong>Protege la piel<\/strong> y ayuda a mantener su estado nutricional, su pel\u00edcula hidrolip\u00eddica y su acidez natural, ayud\u00e1ndola a mantenerse suave y por tanto bien nutrida y bien irrigada.<\/p>","protected":false},"excerpt":{"rendered":"<p>Maravilloso <strong>b\u00e1lsamo<\/strong> Para <strong>Piel y cabello da\u00f1ados, secos y con puntas abiertas<\/strong> y atacados por tratamientos cosm\u00e9ticos o factores clim\u00e1ticos adversos. Donar <strong>brillar<\/strong>, <strong>peinabilidad<\/strong> Y <strong>volumen<\/strong> ai capelli fini.\u00a0Contiene olii essenziali di lavanda che rafforza, timo e propoli che igienizzano, mentolo che rinfresca e polline che nutre. [&#8230;]<\/p>\n<p><a class=\"btn btn-secondary understrap-read-more-link\" href=\"https:\/\/derbe.it\/es\/producto\/emulsion-acondicionadora\/\">Leer m\u00e1s\u2026<span class=\"screen-reader-text\"> from Emulsione Balsamo<\/span><\/a><\/p>","protected":false},"featured_media":280,"template":"","meta":{"_acf_changed":false},"caratteristica":[],"collezione":[],"formato":[],"funzione":[86,85],"utilizzo":[],"ingrediente-principale":[],"product_brand":[],"product_cat":[101],"product_tag":[],"class_list":{"0":"post-279","1":"product","2":"type-product","3":"status-publish","4":"has-post-thumbnail","6":"funzione-capellli-danneggiati","7":"funzione-capelli-secchi-disidratati","8":"product_cat-maschere-e-balsami","10":"first","11":"instock","12":"purchasable","13":"product-type-simple"},"acf":[],"yoast_head":"<!-- This site is optimized with the Yoast SEO Premium plugin v26.1 (Yoast SEO v26.8) - https:\/\/yoast.com\/product\/yoast-seo-premium-wordpress\/ -->\n<title>Emulsione Balsamo - Derbe - cosmetici naturali<\/title>\n<meta name=\"description\" content=\"Meraviglioso balsamo per cute e capelli sfibrati, aridi, con doppie punte e aggrediti da trattamenti cosmetici o da fattori climatici avversi. Dona lucentezza, pettinabilit\u00e0 e volume ai capelli fini.\u00a0Contiene olii essenziali di lavanda che rafforza, timo e propoli che igienizzano, mentolo che rinfresca e polline che nutre.\" \/>\n<meta name=\"robots\" content=\"index, follow, max-snippet:-1, max-image-preview:large, max-video-preview:-1\" \/>\n<link rel=\"canonical\" href=\"https:\/\/derbe.it\/es\/producto\/emulsion-acondicionadora\/\" \/>\n<meta property=\"og:locale\" content=\"es_ES\" \/>\n<meta property=\"og:type\" content=\"article\" \/>\n<meta property=\"og:title\" content=\"Emulsione Balsamo\" \/>\n<meta property=\"og:description\" content=\"Meraviglioso balsamo per cute e capelli sfibrati, aridi, con doppie punte e aggrediti da trattamenti cosmetici o da fattori climatici avversi. Dona lucentezza, pettinabilit\u00e0 e volume ai capelli fini.\u00a0Contiene olii essenziali di lavanda che rafforza, timo e propoli che igienizzano, mentolo che rinfresca e polline che nutre.\" \/>\n<meta property=\"og:url\" content=\"https:\/\/derbe.it\/es\/producto\/emulsion-acondicionadora\/\" \/>\n<meta property=\"og:site_name\" content=\"Derbe - cosmetici naturali\" \/>\n<meta property=\"article:publisher\" content=\"https:\/\/www.facebook.com\/evoderbebio\" \/>\n<meta property=\"article:modified_time\" content=\"2026-05-06T10:36:59+00:00\" \/>\n<meta property=\"og:image\" content=\"https:\/\/derbe.it\/wp-content\/uploads\/2025\/05\/balsamo-emulsione-derbe-capelli-aridi-opachi-doppie-punte-derbe.jpg\" \/>\n\t<meta property=\"og:image:width\" content=\"1600\" \/>\n\t<meta property=\"og:image:height\" content=\"2000\" \/>\n\t<meta property=\"og:image:type\" content=\"image\/jpeg\" \/>\n<meta name=\"twitter:card\" content=\"summary_large_image\" \/>\n<meta name=\"twitter:label1\" content=\"Tiempo de lectura\" \/>\n\t<meta name=\"twitter:data1\" content=\"1 minuto\" \/>\n<script type=\"application\/ld+json\" class=\"yoast-schema-graph\">{\"@context\":\"https:\/\/schema.org\",\"@graph\":[{\"@type\":\"WebPage\",\"@id\":\"https:\/\/derbe.it\/prodotto\/emulsione-balsamo\/\",\"url\":\"https:\/\/derbe.it\/prodotto\/emulsione-balsamo\/\",\"name\":\"Emulsione Balsamo - Derbe - cosmetici naturali\",\"isPartOf\":{\"@id\":\"https:\/\/derbe.it\/#website\"},\"primaryImageOfPage\":{\"@id\":\"https:\/\/derbe.it\/prodotto\/emulsione-balsamo\/#primaryimage\"},\"image\":{\"@id\":\"https:\/\/derbe.it\/prodotto\/emulsione-balsamo\/#primaryimage\"},\"thumbnailUrl\":\"https:\/\/derbe.it\/wp-content\/uploads\/2025\/05\/balsamo-emulsione-derbe-capelli-aridi-opachi-doppie-punte-derbe.jpg\",\"datePublished\":\"2018-09-26T08:11:29+00:00\",\"dateModified\":\"2026-05-06T10:36:59+00:00\",\"description\":\"Meraviglioso balsamo per cute e capelli sfibrati, aridi, con doppie punte e aggrediti da trattamenti cosmetici o da fattori climatici avversi. Dona lucentezza, pettinabilit\u00e0 e volume ai capelli fini.\u00a0Contiene olii essenziali di lavanda che rafforza, timo e propoli che igienizzano, mentolo che rinfresca e polline che nutre.\",\"breadcrumb\":{\"@id\":\"https:\/\/derbe.it\/prodotto\/emulsione-balsamo\/#breadcrumb\"},\"inLanguage\":\"es\",\"potentialAction\":[{\"@type\":\"ReadAction\",\"target\":[\"https:\/\/derbe.it\/prodotto\/emulsione-balsamo\/\"]}]},{\"@type\":\"ImageObject\",\"inLanguage\":\"es\",\"@id\":\"https:\/\/derbe.it\/prodotto\/emulsione-balsamo\/#primaryimage\",\"url\":\"https:\/\/derbe.it\/wp-content\/uploads\/2025\/05\/balsamo-emulsione-derbe-capelli-aridi-opachi-doppie-punte-derbe.jpg\",\"contentUrl\":\"https:\/\/derbe.it\/wp-content\/uploads\/2025\/05\/balsamo-emulsione-derbe-capelli-aridi-opachi-doppie-punte-derbe.jpg\",\"width\":1600,\"height\":2000},{\"@type\":\"BreadcrumbList\",\"@id\":\"https:\/\/derbe.it\/prodotto\/emulsione-balsamo\/#breadcrumb\",\"itemListElement\":[{\"@type\":\"ListItem\",\"position\":1,\"name\":\"Home\",\"item\":\"https:\/\/derbe.it\/\"},{\"@type\":\"ListItem\",\"position\":2,\"name\":\"Shop\",\"item\":\"https:\/\/derbe.it\/en\/shop\/\"},{\"@type\":\"ListItem\",\"position\":3,\"name\":\"Maschere e balsami\",\"item\":\"https:\/\/derbe.it\/categoria-prodotto\/maschere-e-balsami\/\"},{\"@type\":\"ListItem\",\"position\":4,\"name\":\"Emulsione Balsamo\"}]},{\"@type\":\"WebSite\",\"@id\":\"https:\/\/derbe.it\/#website\",\"url\":\"https:\/\/derbe.it\/\",\"name\":\"Derbe\",\"description\":\"Da oltre 50 anni - Made in italy - prodotti per capelli e corpo con estratti vegetali e formule sostenibili\",\"publisher\":{\"@id\":\"https:\/\/derbe.it\/#organization\"},\"potentialAction\":[{\"@type\":\"SearchAction\",\"target\":{\"@type\":\"EntryPoint\",\"urlTemplate\":\"https:\/\/derbe.it\/?s={search_term_string}\"},\"query-input\":{\"@type\":\"PropertyValueSpecification\",\"valueRequired\":true,\"valueName\":\"search_term_string\"}}],\"inLanguage\":\"es\"},{\"@type\":\"Organization\",\"@id\":\"https:\/\/derbe.it\/#organization\",\"name\":\"Derbe\",\"url\":\"https:\/\/derbe.it\/\",\"logo\":{\"@type\":\"ImageObject\",\"inLanguage\":\"es\",\"@id\":\"https:\/\/derbe.it\/#\/schema\/logo\/image\/\",\"url\":\"https:\/\/derbe.it\/wp-content\/uploads\/2025\/06\/logo_derbe_firenze.png\",\"contentUrl\":\"https:\/\/derbe.it\/wp-content\/uploads\/2025\/06\/logo_derbe_firenze.png\",\"width\":1200,\"height\":497,\"caption\":\"Derbe\"},\"image\":{\"@id\":\"https:\/\/derbe.it\/#\/schema\/logo\/image\/\"},\"sameAs\":[\"https:\/\/www.facebook.com\/evoderbebio\",\"https:\/\/www.instagram.com\/derbe.official\/\"],\"email\":\"info@derbe.it\",\"telephone\":\"+39 055 42 11 799\",\"legalName\":\"Derbe S.r.l. a socio unico\",\"vatID\":\"07272610481\"}]}<\/script>\n<!-- \/ Yoast SEO Premium plugin. -->","yoast_head_json":{"title":"B\u00e1lsamo emulsionante - Derbe - cosm\u00e9tica natural","description":"Un acondicionador maravilloso para el cuero cabelludo y el cabello da\u00f1ados y secos, con puntas abiertas y da\u00f1ados por tratamientos cosm\u00e9ticos o condiciones clim\u00e1ticas adversas. Aporta brillo, manejabilidad y volumen al cabello fino. Contiene aceites esenciales de lavanda para fortalecer, tomillo y prop\u00f3leo para desinfectar, mentol para refrescar y polen para nutrir.","robots":{"index":"index","follow":"follow","max-snippet":"max-snippet:-1","max-image-preview":"max-image-preview:large","max-video-preview":"max-video-preview:-1"},"canonical":"https:\/\/derbe.it\/es\/producto\/emulsion-acondicionadora\/","og_locale":"es_ES","og_type":"article","og_title":"Emulsione Balsamo","og_description":"Meraviglioso balsamo per cute e capelli sfibrati, aridi, con doppie punte e aggrediti da trattamenti cosmetici o da fattori climatici avversi. Dona lucentezza, pettinabilit\u00e0 e volume ai capelli fini.\u00a0Contiene olii essenziali di lavanda che rafforza, timo e propoli che igienizzano, mentolo che rinfresca e polline che nutre.","og_url":"https:\/\/derbe.it\/es\/producto\/emulsion-acondicionadora\/","og_site_name":"Derbe - cosmetici naturali","article_publisher":"https:\/\/www.facebook.com\/evoderbebio","article_modified_time":"2026-05-06T10:36:59+00:00","og_image":[{"width":1600,"height":2000,"url":"https:\/\/derbe.it\/wp-content\/uploads\/2025\/05\/balsamo-emulsione-derbe-capelli-aridi-opachi-doppie-punte-derbe.jpg","type":"image\/jpeg"}],"twitter_card":"summary_large_image","twitter_misc":{"Tiempo de lectura":"1 minuto"},"schema":{"@context":"https:\/\/schema.org","@graph":[{"@type":"WebPage","@id":"https:\/\/derbe.it\/prodotto\/emulsione-balsamo\/","url":"https:\/\/derbe.it\/prodotto\/emulsione-balsamo\/","name":"B\u00e1lsamo emulsionante - Derbe - cosm\u00e9tica natural","isPartOf":{"@id":"https:\/\/derbe.it\/#website"},"primaryImageOfPage":{"@id":"https:\/\/derbe.it\/prodotto\/emulsione-balsamo\/#primaryimage"},"image":{"@id":"https:\/\/derbe.it\/prodotto\/emulsione-balsamo\/#primaryimage"},"thumbnailUrl":"https:\/\/derbe.it\/wp-content\/uploads\/2025\/05\/balsamo-emulsione-derbe-capelli-aridi-opachi-doppie-punte-derbe.jpg","datePublished":"2018-09-26T08:11:29+00:00","dateModified":"2026-05-06T10:36:59+00:00","description":"Un acondicionador maravilloso para el cuero cabelludo y el cabello da\u00f1ados y secos, con puntas abiertas y da\u00f1ados por tratamientos cosm\u00e9ticos o condiciones clim\u00e1ticas adversas. Aporta brillo, manejabilidad y volumen al cabello fino. Contiene aceites esenciales de lavanda para fortalecer, tomillo y prop\u00f3leo para desinfectar, mentol para refrescar y polen para nutrir.","breadcrumb":{"@id":"https:\/\/derbe.it\/prodotto\/emulsione-balsamo\/#breadcrumb"},"inLanguage":"es","potentialAction":[{"@type":"ReadAction","target":["https:\/\/derbe.it\/prodotto\/emulsione-balsamo\/"]}]},{"@type":"ImageObject","inLanguage":"es","@id":"https:\/\/derbe.it\/prodotto\/emulsione-balsamo\/#primaryimage","url":"https:\/\/derbe.it\/wp-content\/uploads\/2025\/05\/balsamo-emulsione-derbe-capelli-aridi-opachi-doppie-punte-derbe.jpg","contentUrl":"https:\/\/derbe.it\/wp-content\/uploads\/2025\/05\/balsamo-emulsione-derbe-capelli-aridi-opachi-doppie-punte-derbe.jpg","width":1600,"height":2000},{"@type":"BreadcrumbList","@id":"https:\/\/derbe.it\/prodotto\/emulsione-balsamo\/#breadcrumb","itemListElement":[{"@type":"ListItem","position":1,"name":"Home","item":"https:\/\/derbe.it\/"},{"@type":"ListItem","position":2,"name":"Shop","item":"https:\/\/derbe.it\/en\/shop\/"},{"@type":"ListItem","position":3,"name":"Maschere e balsami","item":"https:\/\/derbe.it\/categoria-prodotto\/maschere-e-balsami\/"},{"@type":"ListItem","position":4,"name":"Emulsione Balsamo"}]},{"@type":"WebSite","@id":"https:\/\/derbe.it\/#website","url":"https:\/\/derbe.it\/","name":"Derbe","description":"Desde hace m\u00e1s de 50 a\u00f1os - Hecho en Italia - Productos para el cabello y el cuerpo con extractos de plantas y f\u00f3rmulas sostenibles","publisher":{"@id":"https:\/\/derbe.it\/#organization"},"potentialAction":[{"@type":"SearchAction","target":{"@type":"EntryPoint","urlTemplate":"https:\/\/derbe.it\/?s={search_term_string}"},"query-input":{"@type":"PropertyValueSpecification","valueRequired":true,"valueName":"search_term_string"}}],"inLanguage":"es"},{"@type":"Organization","@id":"https:\/\/derbe.it\/#organization","name":"Derbe","url":"https:\/\/derbe.it\/","logo":{"@type":"ImageObject","inLanguage":"es","@id":"https:\/\/derbe.it\/#\/schema\/logo\/image\/","url":"https:\/\/derbe.it\/wp-content\/uploads\/2025\/06\/logo_derbe_firenze.png","contentUrl":"https:\/\/derbe.it\/wp-content\/uploads\/2025\/06\/logo_derbe_firenze.png","width":1200,"height":497,"caption":"Derbe"},"image":{"@id":"https:\/\/derbe.it\/#\/schema\/logo\/image\/"},"sameAs":["https:\/\/www.facebook.com\/evoderbebio","https:\/\/www.instagram.com\/derbe.official\/"],"email":"info@derbe.it","telephone":"+39 055 42 11 799","legalName":"Derbe S.r.l. a socio unico","vatID":"07272610481"}]}},"_links":{"self":[{"href":"https:\/\/derbe.it\/es\/wp-json\/wp\/v2\/product\/279","targetHints":{"allow":["GET"]}}],"collection":[{"href":"https:\/\/derbe.it\/es\/wp-json\/wp\/v2\/product"}],"about":[{"href":"https:\/\/derbe.it\/es\/wp-json\/wp\/v2\/types\/product"}],"wp:featuredmedia":[{"embeddable":true,"href":"https:\/\/derbe.it\/es\/wp-json\/wp\/v2\/media\/280"}],"wp:attachment":[{"href":"https:\/\/derbe.it\/es\/wp-json\/wp\/v2\/media?parent=279"}],"wp:term":[{"taxonomy":"caratteristica","embeddable":true,"href":"https:\/\/derbe.it\/es\/wp-json\/wp\/v2\/caratteristica?post=279"},{"taxonomy":"collezione","embeddable":true,"href":"https:\/\/derbe.it\/es\/wp-json\/wp\/v2\/collezione?post=279"},{"taxonomy":"formato","embeddable":true,"href":"https:\/\/derbe.it\/es\/wp-json\/wp\/v2\/formato?post=279"},{"taxonomy":"funzione","embeddable":true,"href":"https:\/\/derbe.it\/es\/wp-json\/wp\/v2\/funzione?post=279"},{"taxonomy":"utilizzo","embeddable":true,"href":"https:\/\/derbe.it\/es\/wp-json\/wp\/v2\/utilizzo?post=279"},{"taxonomy":"ingrediente-principale","embeddable":true,"href":"https:\/\/derbe.it\/es\/wp-json\/wp\/v2\/ingrediente-principale?post=279"},{"taxonomy":"product_brand","embeddable":true,"href":"https:\/\/derbe.it\/es\/wp-json\/wp\/v2\/product_brand?post=279"},{"taxonomy":"product_cat","embeddable":true,"href":"https:\/\/derbe.it\/es\/wp-json\/wp\/v2\/product_cat?post=279"},{"taxonomy":"product_tag","embeddable":true,"href":"https:\/\/derbe.it\/es\/wp-json\/wp\/v2\/product_tag?post=279"}],"curies":[{"name":"wp","href":"https:\/\/api.w.org\/{rel}","templated":true}]}}