{"id":297,"date":"2018-09-26T10:11:55","date_gmt":"2018-09-26T08:11:55","guid":{"rendered":"https:\/\/derbe.it\/prodotto\/lozione-gel-anticaduta\/"},"modified":"2025-09-11T12:52:44","modified_gmt":"2025-09-11T10:52:44","slug":"locion-en-gel-anticaida","status":"publish","type":"product","link":"https:\/\/derbe.it\/es\/producto\/locion-en-gel-anticaida\/","title":{"rendered":"Loci\u00f3n en gel antica\u00edda"},"content":{"rendered":"<p>Esta maravillosa loci\u00f3n en gel contiene un complejo de sustancias funcionales derivadas de plantas (ginseng, arctium majus, hamamelis, naranja amarga, escaramujo, ortiga, culantrillo, romero, enebro, salvia, pimiento, quina, milenrama, ajedrea, jalea real, polen). Tambi\u00e9n contiene un complejo equilibrado de vitaminas C y PP.<span class=\"Apple-converted-space\">\u00a0 <\/span>su conjunto de sustancias<span class=\"Apple-converted-space\">\u00a0 <\/span>funcionales (vitaminas, extractos de plantas)<span class=\"Apple-converted-space\">\u00a0<\/span>y compite<span class=\"Apple-converted-space\">\u00a0<\/span>a<span class=\"Apple-converted-space\">\u00a0<\/span>obstaculizar<span class=\"Apple-converted-space\">\u00a0<\/span>all\u00e1<span class=\"Apple-converted-space\">\u00a0<\/span>difusi\u00f3n para<span class=\"Apple-converted-space\">\u00a0<\/span>proceso de capilar<span class=\"Apple-converted-space\">\u00a0<\/span>desde<span class=\"Apple-converted-space\">\u00a0<\/span>El exceso de grasa da m\u00e1s volumen y<span class=\"Apple-converted-space\">\u00a0<\/span>Textura al cabello, da un efecto suave.<span class=\"Apple-converted-space\">\u00a0<\/span>Est\u00e9tica inmediata porque el cabello,<span class=\"Apple-converted-space\">\u00a0<\/span>Despu\u00e9s de su aplicaci\u00f3n, aparecer\u00e1 m\u00e1s<span class=\"Apple-converted-space\">\u00a0<\/span>voluminoso con cabello m\u00e1s fuerte y<span class=\"Apple-converted-space\">\u00a0<\/span>apoyado en la base.<br \/>\nEstimula y nutre con<span class=\"Apple-converted-space\">\u00a0 <\/span>Acci\u00f3n duradera sobre el cuero.<span class=\"Apple-converted-space\">\u00a0<\/span>cuero cabelludo que combate la ca\u00edda del cabello<span class=\"Apple-converted-space\">\u00a0<\/span>exceso de vello.<\/p>","protected":false},"excerpt":{"rendered":"<p>Esta loci\u00f3n en gel <strong>estimula<\/strong> junto con el masaje\u2019<strong>suministro de sangre<\/strong> y pone a disposici\u00f3n del cuero cabelludo todo su conjunto de productos, con una acci\u00f3n de conservaci\u00f3n de larga duraci\u00f3n. <strong>ingredientes activos<\/strong>, <strong>lucha contra la ca\u00edda del cabello<\/strong>. [&#8230;]<\/p>\n<p><a class=\"btn btn-secondary understrap-read-more-link\" href=\"https:\/\/derbe.it\/es\/producto\/locion-en-gel-anticaida\/\">Leer m\u00e1s\u2026<span class=\"screen-reader-text\"> from Lozione Gel Anticaduta<\/span><\/a><\/p>","protected":false},"featured_media":298,"template":"","meta":{"_acf_changed":false},"caratteristica":[116],"collezione":[],"formato":[],"funzione":[137],"utilizzo":[],"ingrediente-principale":[],"product_brand":[],"product_cat":[104],"product_tag":[],"class_list":{"0":"post-297","1":"product","2":"type-product","3":"status-publish","4":"has-post-thumbnail","6":"caratteristica-sviluppato-da-biologi-esperti","7":"funzione-capelli-tendenti-alla-caduta","8":"product_cat-trattamento-anticaduta","10":"first","11":"instock","12":"purchasable","13":"product-type-simple"},"acf":[],"yoast_head":"<!-- This site is optimized with the Yoast SEO Premium plugin v26.1 (Yoast SEO v26.8) - https:\/\/yoast.com\/product\/yoast-seo-premium-wordpress\/ -->\n<title>Lozione Gel Anticaduta - Derbe - cosmetici naturali<\/title>\n<meta name=\"description\" content=\"Questa lozione gelificata stimola insieme al massaggio l&#039;irrorazione sanguigna e mette a disposizione del cuoio capelluto, con un&#039;azione di deposito che si protrae nel tempo, il suo corredo di principi attivi, combattendo la caduta dei capelli.\" \/>\n<meta name=\"robots\" content=\"index, follow, max-snippet:-1, max-image-preview:large, max-video-preview:-1\" \/>\n<link rel=\"canonical\" href=\"https:\/\/derbe.it\/es\/producto\/locion-en-gel-anticaida\/\" \/>\n<meta property=\"og:locale\" content=\"es_ES\" \/>\n<meta property=\"og:type\" content=\"article\" \/>\n<meta property=\"og:title\" content=\"Lozione Gel Anticaduta\" \/>\n<meta property=\"og:description\" content=\"Questa lozione gelificata stimola insieme al massaggio l&#039;irrorazione sanguigna e mette a disposizione del cuoio capelluto, con un&#039;azione di deposito che si protrae nel tempo, il suo corredo di principi attivi, combattendo la caduta dei capelli.\" \/>\n<meta property=\"og:url\" content=\"https:\/\/derbe.it\/es\/producto\/locion-en-gel-anticaida\/\" \/>\n<meta property=\"og:site_name\" content=\"Derbe - cosmetici naturali\" \/>\n<meta property=\"article:publisher\" content=\"https:\/\/www.facebook.com\/evoderbebio\" \/>\n<meta property=\"article:modified_time\" content=\"2025-09-11T10:52:44+00:00\" \/>\n<meta property=\"og:image\" content=\"https:\/\/derbe.it\/wp-content\/uploads\/2025\/05\/h-vitalis-anticaduta-lozione-gel-complesso-vitaminico-estratti-vegetali-derbe.jpg\" \/>\n\t<meta property=\"og:image:width\" content=\"1600\" \/>\n\t<meta property=\"og:image:height\" content=\"2000\" \/>\n\t<meta property=\"og:image:type\" content=\"image\/jpeg\" \/>\n<meta name=\"twitter:card\" content=\"summary_large_image\" \/>\n<meta name=\"twitter:label1\" content=\"Tiempo de lectura\" \/>\n\t<meta name=\"twitter:data1\" content=\"1 minuto\" \/>\n<script type=\"application\/ld+json\" class=\"yoast-schema-graph\">{\"@context\":\"https:\/\/schema.org\",\"@graph\":[{\"@type\":\"WebPage\",\"@id\":\"https:\/\/derbe.it\/prodotto\/lozione-gel-anticaduta\/\",\"url\":\"https:\/\/derbe.it\/prodotto\/lozione-gel-anticaduta\/\",\"name\":\"Lozione Gel Anticaduta - Derbe - cosmetici naturali\",\"isPartOf\":{\"@id\":\"https:\/\/derbe.it\/#website\"},\"primaryImageOfPage\":{\"@id\":\"https:\/\/derbe.it\/prodotto\/lozione-gel-anticaduta\/#primaryimage\"},\"image\":{\"@id\":\"https:\/\/derbe.it\/prodotto\/lozione-gel-anticaduta\/#primaryimage\"},\"thumbnailUrl\":\"https:\/\/derbe.it\/wp-content\/uploads\/2025\/05\/h-vitalis-anticaduta-lozione-gel-complesso-vitaminico-estratti-vegetali-derbe.jpg\",\"datePublished\":\"2018-09-26T08:11:55+00:00\",\"dateModified\":\"2025-09-11T10:52:44+00:00\",\"description\":\"Questa lozione gelificata stimola insieme al massaggio l'irrorazione sanguigna e mette a disposizione del cuoio capelluto, con un'azione di deposito che si protrae nel tempo, il suo corredo di principi attivi, combattendo la caduta dei capelli.\",\"breadcrumb\":{\"@id\":\"https:\/\/derbe.it\/prodotto\/lozione-gel-anticaduta\/#breadcrumb\"},\"inLanguage\":\"es\",\"potentialAction\":[{\"@type\":\"ReadAction\",\"target\":[\"https:\/\/derbe.it\/prodotto\/lozione-gel-anticaduta\/\"]}]},{\"@type\":\"ImageObject\",\"inLanguage\":\"es\",\"@id\":\"https:\/\/derbe.it\/prodotto\/lozione-gel-anticaduta\/#primaryimage\",\"url\":\"https:\/\/derbe.it\/wp-content\/uploads\/2025\/05\/h-vitalis-anticaduta-lozione-gel-complesso-vitaminico-estratti-vegetali-derbe.jpg\",\"contentUrl\":\"https:\/\/derbe.it\/wp-content\/uploads\/2025\/05\/h-vitalis-anticaduta-lozione-gel-complesso-vitaminico-estratti-vegetali-derbe.jpg\",\"width\":1600,\"height\":2000,\"caption\":\"Lozione gel anticaduta - Derbe\"},{\"@type\":\"BreadcrumbList\",\"@id\":\"https:\/\/derbe.it\/prodotto\/lozione-gel-anticaduta\/#breadcrumb\",\"itemListElement\":[{\"@type\":\"ListItem\",\"position\":1,\"name\":\"Home\",\"item\":\"https:\/\/derbe.it\/\"},{\"@type\":\"ListItem\",\"position\":2,\"name\":\"Shop\",\"item\":\"https:\/\/derbe.it\/en\/shop\/\"},{\"@type\":\"ListItem\",\"position\":3,\"name\":\"Trattamento Anticaduta\",\"item\":\"https:\/\/derbe.it\/categoria-prodotto\/trattamento-anticaduta\/\"},{\"@type\":\"ListItem\",\"position\":4,\"name\":\"Lozione Gel Anticaduta\"}]},{\"@type\":\"WebSite\",\"@id\":\"https:\/\/derbe.it\/#website\",\"url\":\"https:\/\/derbe.it\/\",\"name\":\"Derbe\",\"description\":\"Da oltre 50 anni - Made in italy - prodotti per capelli e corpo con estratti vegetali e formule sostenibili\",\"publisher\":{\"@id\":\"https:\/\/derbe.it\/#organization\"},\"potentialAction\":[{\"@type\":\"SearchAction\",\"target\":{\"@type\":\"EntryPoint\",\"urlTemplate\":\"https:\/\/derbe.it\/?s={search_term_string}\"},\"query-input\":{\"@type\":\"PropertyValueSpecification\",\"valueRequired\":true,\"valueName\":\"search_term_string\"}}],\"inLanguage\":\"es\"},{\"@type\":\"Organization\",\"@id\":\"https:\/\/derbe.it\/#organization\",\"name\":\"Derbe\",\"url\":\"https:\/\/derbe.it\/\",\"logo\":{\"@type\":\"ImageObject\",\"inLanguage\":\"es\",\"@id\":\"https:\/\/derbe.it\/#\/schema\/logo\/image\/\",\"url\":\"https:\/\/derbe.it\/wp-content\/uploads\/2025\/06\/logo_derbe_firenze.png\",\"contentUrl\":\"https:\/\/derbe.it\/wp-content\/uploads\/2025\/06\/logo_derbe_firenze.png\",\"width\":1200,\"height\":497,\"caption\":\"Derbe\"},\"image\":{\"@id\":\"https:\/\/derbe.it\/#\/schema\/logo\/image\/\"},\"sameAs\":[\"https:\/\/www.facebook.com\/evoderbebio\",\"https:\/\/www.instagram.com\/derbe.official\/\"],\"email\":\"info@derbe.it\",\"telephone\":\"+39 055 42 11 799\",\"legalName\":\"Derbe S.r.l. a socio unico\",\"vatID\":\"07272610481\"}]}<\/script>\n<!-- \/ Yoast SEO Premium plugin. -->","yoast_head_json":{"title":"Gel-loci\u00f3n antica\u00edda - Derbe - cosm\u00e9tica natural","description":"Esta loci\u00f3n en forma de gel estimula el flujo sangu\u00edneo a trav\u00e9s del cuero cabelludo a trav\u00e9s del masaje, proporcionando un suministro duradero de ingredientes activos para combatir la ca\u00edda del cabello.","robots":{"index":"index","follow":"follow","max-snippet":"max-snippet:-1","max-image-preview":"max-image-preview:large","max-video-preview":"max-video-preview:-1"},"canonical":"https:\/\/derbe.it\/es\/producto\/locion-en-gel-anticaida\/","og_locale":"es_ES","og_type":"article","og_title":"Lozione Gel Anticaduta","og_description":"Questa lozione gelificata stimola insieme al massaggio l'irrorazione sanguigna e mette a disposizione del cuoio capelluto, con un'azione di deposito che si protrae nel tempo, il suo corredo di principi attivi, combattendo la caduta dei capelli.","og_url":"https:\/\/derbe.it\/es\/producto\/locion-en-gel-anticaida\/","og_site_name":"Derbe - cosmetici naturali","article_publisher":"https:\/\/www.facebook.com\/evoderbebio","article_modified_time":"2025-09-11T10:52:44+00:00","og_image":[{"width":1600,"height":2000,"url":"https:\/\/derbe.it\/wp-content\/uploads\/2025\/05\/h-vitalis-anticaduta-lozione-gel-complesso-vitaminico-estratti-vegetali-derbe.jpg","type":"image\/jpeg"}],"twitter_card":"summary_large_image","twitter_misc":{"Tiempo de lectura":"1 minuto"},"schema":{"@context":"https:\/\/schema.org","@graph":[{"@type":"WebPage","@id":"https:\/\/derbe.it\/prodotto\/lozione-gel-anticaduta\/","url":"https:\/\/derbe.it\/prodotto\/lozione-gel-anticaduta\/","name":"Gel-loci\u00f3n antica\u00edda - Derbe - cosm\u00e9tica natural","isPartOf":{"@id":"https:\/\/derbe.it\/#website"},"primaryImageOfPage":{"@id":"https:\/\/derbe.it\/prodotto\/lozione-gel-anticaduta\/#primaryimage"},"image":{"@id":"https:\/\/derbe.it\/prodotto\/lozione-gel-anticaduta\/#primaryimage"},"thumbnailUrl":"https:\/\/derbe.it\/wp-content\/uploads\/2025\/05\/h-vitalis-anticaduta-lozione-gel-complesso-vitaminico-estratti-vegetali-derbe.jpg","datePublished":"2018-09-26T08:11:55+00:00","dateModified":"2025-09-11T10:52:44+00:00","description":"Esta loci\u00f3n en forma de gel estimula el flujo sangu\u00edneo a trav\u00e9s del cuero cabelludo a trav\u00e9s del masaje, proporcionando un suministro duradero de ingredientes activos para combatir la ca\u00edda del cabello.","breadcrumb":{"@id":"https:\/\/derbe.it\/prodotto\/lozione-gel-anticaduta\/#breadcrumb"},"inLanguage":"es","potentialAction":[{"@type":"ReadAction","target":["https:\/\/derbe.it\/prodotto\/lozione-gel-anticaduta\/"]}]},{"@type":"ImageObject","inLanguage":"es","@id":"https:\/\/derbe.it\/prodotto\/lozione-gel-anticaduta\/#primaryimage","url":"https:\/\/derbe.it\/wp-content\/uploads\/2025\/05\/h-vitalis-anticaduta-lozione-gel-complesso-vitaminico-estratti-vegetali-derbe.jpg","contentUrl":"https:\/\/derbe.it\/wp-content\/uploads\/2025\/05\/h-vitalis-anticaduta-lozione-gel-complesso-vitaminico-estratti-vegetali-derbe.jpg","width":1600,"height":2000,"caption":"Lozione gel anticaduta - Derbe"},{"@type":"BreadcrumbList","@id":"https:\/\/derbe.it\/prodotto\/lozione-gel-anticaduta\/#breadcrumb","itemListElement":[{"@type":"ListItem","position":1,"name":"Home","item":"https:\/\/derbe.it\/"},{"@type":"ListItem","position":2,"name":"Shop","item":"https:\/\/derbe.it\/en\/shop\/"},{"@type":"ListItem","position":3,"name":"Trattamento Anticaduta","item":"https:\/\/derbe.it\/categoria-prodotto\/trattamento-anticaduta\/"},{"@type":"ListItem","position":4,"name":"Lozione Gel Anticaduta"}]},{"@type":"WebSite","@id":"https:\/\/derbe.it\/#website","url":"https:\/\/derbe.it\/","name":"Derbe","description":"Desde hace m\u00e1s de 50 a\u00f1os - Hecho en Italia - Productos para el cabello y el cuerpo con extractos de plantas y f\u00f3rmulas sostenibles","publisher":{"@id":"https:\/\/derbe.it\/#organization"},"potentialAction":[{"@type":"SearchAction","target":{"@type":"EntryPoint","urlTemplate":"https:\/\/derbe.it\/?s={search_term_string}"},"query-input":{"@type":"PropertyValueSpecification","valueRequired":true,"valueName":"search_term_string"}}],"inLanguage":"es"},{"@type":"Organization","@id":"https:\/\/derbe.it\/#organization","name":"Derbe","url":"https:\/\/derbe.it\/","logo":{"@type":"ImageObject","inLanguage":"es","@id":"https:\/\/derbe.it\/#\/schema\/logo\/image\/","url":"https:\/\/derbe.it\/wp-content\/uploads\/2025\/06\/logo_derbe_firenze.png","contentUrl":"https:\/\/derbe.it\/wp-content\/uploads\/2025\/06\/logo_derbe_firenze.png","width":1200,"height":497,"caption":"Derbe"},"image":{"@id":"https:\/\/derbe.it\/#\/schema\/logo\/image\/"},"sameAs":["https:\/\/www.facebook.com\/evoderbebio","https:\/\/www.instagram.com\/derbe.official\/"],"email":"info@derbe.it","telephone":"+39 055 42 11 799","legalName":"Derbe S.r.l. a socio unico","vatID":"07272610481"}]}},"_links":{"self":[{"href":"https:\/\/derbe.it\/es\/wp-json\/wp\/v2\/product\/297","targetHints":{"allow":["GET"]}}],"collection":[{"href":"https:\/\/derbe.it\/es\/wp-json\/wp\/v2\/product"}],"about":[{"href":"https:\/\/derbe.it\/es\/wp-json\/wp\/v2\/types\/product"}],"wp:featuredmedia":[{"embeddable":true,"href":"https:\/\/derbe.it\/es\/wp-json\/wp\/v2\/media\/298"}],"wp:attachment":[{"href":"https:\/\/derbe.it\/es\/wp-json\/wp\/v2\/media?parent=297"}],"wp:term":[{"taxonomy":"caratteristica","embeddable":true,"href":"https:\/\/derbe.it\/es\/wp-json\/wp\/v2\/caratteristica?post=297"},{"taxonomy":"collezione","embeddable":true,"href":"https:\/\/derbe.it\/es\/wp-json\/wp\/v2\/collezione?post=297"},{"taxonomy":"formato","embeddable":true,"href":"https:\/\/derbe.it\/es\/wp-json\/wp\/v2\/formato?post=297"},{"taxonomy":"funzione","embeddable":true,"href":"https:\/\/derbe.it\/es\/wp-json\/wp\/v2\/funzione?post=297"},{"taxonomy":"utilizzo","embeddable":true,"href":"https:\/\/derbe.it\/es\/wp-json\/wp\/v2\/utilizzo?post=297"},{"taxonomy":"ingrediente-principale","embeddable":true,"href":"https:\/\/derbe.it\/es\/wp-json\/wp\/v2\/ingrediente-principale?post=297"},{"taxonomy":"product_brand","embeddable":true,"href":"https:\/\/derbe.it\/es\/wp-json\/wp\/v2\/product_brand?post=297"},{"taxonomy":"product_cat","embeddable":true,"href":"https:\/\/derbe.it\/es\/wp-json\/wp\/v2\/product_cat?post=297"},{"taxonomy":"product_tag","embeddable":true,"href":"https:\/\/derbe.it\/es\/wp-json\/wp\/v2\/product_tag?post=297"}],"curies":[{"name":"wp","href":"https:\/\/api.w.org\/{rel}","templated":true}]}}