{"id":301,"date":"2018-09-26T10:12:12","date_gmt":"2018-09-26T08:12:12","guid":{"rendered":"https:\/\/derbe.it\/prodotto\/olio-detergente-anticaduta\/"},"modified":"2025-09-11T12:53:13","modified_gmt":"2025-09-11T10:53:13","slug":"aceite-limpiador-anticaida","status":"publish","type":"product","link":"https:\/\/derbe.it\/es\/producto\/aceite-limpiador-anticaida\/","title":{"rendered":"Aceite limpiador antica\u00edda"},"content":{"rendered":"<p>La fase inicial del tratamiento (acci\u00f3n limpiadora) consiste en un aceite limpiador rico en un complejo de esencias naturales (lavanda, menta, romero, enebro, \u00e1rbol de t\u00e9, tomillo, salvia, ylang ylang, geranio, bergamota, cedro, alcanfor), espec\u00edficamente dise\u00f1ado para calmar y reeducar las gl\u00e1ndulas seb\u00e1ceas, restablecer el equilibrio hidrolip\u00eddico y \u00e1cido del cuero cabelludo y estimular la circulaci\u00f3n sangu\u00ednea. Esta limpieza especial es indispensable para que el cuero cabelludo reciba y asimile los ingredientes activos y nutrientes de la loci\u00f3n humusvitalis. Este aceite es un tratamiento limpiador eud\u00e9rmico perfecto, y su uso regular ayuda a normalizar el equilibrio hidrolip\u00eddico y \u00e1cido del cuero cabelludo, sanitiz\u00e1ndolo, suaviz\u00e1ndolo y tonific\u00e1ndolo.<\/p>","protected":false},"excerpt":{"rendered":"<p>Meraviglioso olio detergente anticaduta composto da un ricco complesso di essenze naturali, specifico per ripristinare l&#8217;equilibrio idrolipidico e per calmare e rieducare le ghiandole sebacee. [&#8230;]<\/p>\n<p><a class=\"btn btn-secondary understrap-read-more-link\" href=\"https:\/\/derbe.it\/es\/producto\/aceite-limpiador-anticaida\/\">Leer m\u00e1s\u2026<span class=\"screen-reader-text\"> from Olio Detergente Anticaduta<\/span><\/a><\/p>","protected":false},"featured_media":302,"template":"","meta":{"_acf_changed":false},"caratteristica":[116],"collezione":[],"formato":[],"funzione":[137],"utilizzo":[],"ingrediente-principale":[],"product_brand":[],"product_cat":[104],"product_tag":[],"class_list":{"0":"post-301","1":"product","2":"type-product","3":"status-publish","4":"has-post-thumbnail","6":"caratteristica-sviluppato-da-biologi-esperti","7":"funzione-capelli-tendenti-alla-caduta","8":"product_cat-trattamento-anticaduta","10":"first","11":"instock","12":"purchasable","13":"product-type-simple"},"acf":[],"yoast_head":"<!-- This site is optimized with the Yoast SEO Premium plugin v26.1 (Yoast SEO v26.8) - https:\/\/yoast.com\/product\/yoast-seo-premium-wordpress\/ -->\n<title>Olio Detergente Anticaduta - Derbe - cosmetici naturali<\/title>\n<meta name=\"description\" content=\"Meraviglioso olio detergente anticaduta composto da un ricco complesso di essenze naturali, specifico per ripristinare l&#039;equilibrio idrolipidico e per calmare e rieducare le ghiandole sebacee.\" \/>\n<meta name=\"robots\" content=\"index, follow, max-snippet:-1, max-image-preview:large, max-video-preview:-1\" \/>\n<link rel=\"canonical\" href=\"https:\/\/derbe.it\/es\/producto\/aceite-limpiador-anticaida\/\" \/>\n<meta property=\"og:locale\" content=\"es_ES\" \/>\n<meta property=\"og:type\" content=\"article\" \/>\n<meta property=\"og:title\" content=\"Olio Detergente Anticaduta\" \/>\n<meta property=\"og:description\" content=\"Meraviglioso olio detergente anticaduta composto da un ricco complesso di essenze naturali, specifico per ripristinare l&#039;equilibrio idrolipidico e per calmare e rieducare le ghiandole sebacee.\" \/>\n<meta property=\"og:url\" content=\"https:\/\/derbe.it\/es\/producto\/aceite-limpiador-anticaida\/\" \/>\n<meta property=\"og:site_name\" content=\"Derbe - cosmetici naturali\" \/>\n<meta property=\"article:publisher\" content=\"https:\/\/www.facebook.com\/evoderbebio\" \/>\n<meta property=\"article:modified_time\" content=\"2025-09-11T10:53:13+00:00\" \/>\n<meta property=\"og:image\" content=\"https:\/\/derbe.it\/wp-content\/uploads\/2025\/05\/h-vitalis-anticaduta-olio-detergente-complesso-vitaminico-estratti-vegetali-derbe.jpg\" \/>\n\t<meta property=\"og:image:width\" content=\"1600\" \/>\n\t<meta property=\"og:image:height\" content=\"2000\" \/>\n\t<meta property=\"og:image:type\" content=\"image\/jpeg\" \/>\n<meta name=\"twitter:card\" content=\"summary_large_image\" \/>\n<script type=\"application\/ld+json\" class=\"yoast-schema-graph\">{\"@context\":\"https:\/\/schema.org\",\"@graph\":[{\"@type\":\"WebPage\",\"@id\":\"https:\/\/derbe.it\/prodotto\/olio-detergente-anticaduta\/\",\"url\":\"https:\/\/derbe.it\/prodotto\/olio-detergente-anticaduta\/\",\"name\":\"Olio Detergente Anticaduta - Derbe - cosmetici naturali\",\"isPartOf\":{\"@id\":\"https:\/\/derbe.it\/#website\"},\"primaryImageOfPage\":{\"@id\":\"https:\/\/derbe.it\/prodotto\/olio-detergente-anticaduta\/#primaryimage\"},\"image\":{\"@id\":\"https:\/\/derbe.it\/prodotto\/olio-detergente-anticaduta\/#primaryimage\"},\"thumbnailUrl\":\"https:\/\/derbe.it\/wp-content\/uploads\/2025\/05\/h-vitalis-anticaduta-olio-detergente-complesso-vitaminico-estratti-vegetali-derbe.jpg\",\"datePublished\":\"2018-09-26T08:12:12+00:00\",\"dateModified\":\"2025-09-11T10:53:13+00:00\",\"description\":\"Meraviglioso olio detergente anticaduta composto da un ricco complesso di essenze naturali, specifico per ripristinare l'equilibrio idrolipidico e per calmare e rieducare le ghiandole sebacee.\",\"breadcrumb\":{\"@id\":\"https:\/\/derbe.it\/prodotto\/olio-detergente-anticaduta\/#breadcrumb\"},\"inLanguage\":\"es\",\"potentialAction\":[{\"@type\":\"ReadAction\",\"target\":[\"https:\/\/derbe.it\/prodotto\/olio-detergente-anticaduta\/\"]}]},{\"@type\":\"ImageObject\",\"inLanguage\":\"es\",\"@id\":\"https:\/\/derbe.it\/prodotto\/olio-detergente-anticaduta\/#primaryimage\",\"url\":\"https:\/\/derbe.it\/wp-content\/uploads\/2025\/05\/h-vitalis-anticaduta-olio-detergente-complesso-vitaminico-estratti-vegetali-derbe.jpg\",\"contentUrl\":\"https:\/\/derbe.it\/wp-content\/uploads\/2025\/05\/h-vitalis-anticaduta-olio-detergente-complesso-vitaminico-estratti-vegetali-derbe.jpg\",\"width\":1600,\"height\":2000,\"caption\":\"Olio detergente anticaduta - Derbe\"},{\"@type\":\"BreadcrumbList\",\"@id\":\"https:\/\/derbe.it\/prodotto\/olio-detergente-anticaduta\/#breadcrumb\",\"itemListElement\":[{\"@type\":\"ListItem\",\"position\":1,\"name\":\"Home\",\"item\":\"https:\/\/derbe.it\/\"},{\"@type\":\"ListItem\",\"position\":2,\"name\":\"Shop\",\"item\":\"https:\/\/derbe.it\/en\/shop\/\"},{\"@type\":\"ListItem\",\"position\":3,\"name\":\"Trattamento Anticaduta\",\"item\":\"https:\/\/derbe.it\/categoria-prodotto\/trattamento-anticaduta\/\"},{\"@type\":\"ListItem\",\"position\":4,\"name\":\"Olio Detergente Anticaduta\"}]},{\"@type\":\"WebSite\",\"@id\":\"https:\/\/derbe.it\/#website\",\"url\":\"https:\/\/derbe.it\/\",\"name\":\"Derbe\",\"description\":\"Da oltre 50 anni - Made in italy - prodotti per capelli e corpo con estratti vegetali e formule sostenibili\",\"publisher\":{\"@id\":\"https:\/\/derbe.it\/#organization\"},\"potentialAction\":[{\"@type\":\"SearchAction\",\"target\":{\"@type\":\"EntryPoint\",\"urlTemplate\":\"https:\/\/derbe.it\/?s={search_term_string}\"},\"query-input\":{\"@type\":\"PropertyValueSpecification\",\"valueRequired\":true,\"valueName\":\"search_term_string\"}}],\"inLanguage\":\"es\"},{\"@type\":\"Organization\",\"@id\":\"https:\/\/derbe.it\/#organization\",\"name\":\"Derbe\",\"url\":\"https:\/\/derbe.it\/\",\"logo\":{\"@type\":\"ImageObject\",\"inLanguage\":\"es\",\"@id\":\"https:\/\/derbe.it\/#\/schema\/logo\/image\/\",\"url\":\"https:\/\/derbe.it\/wp-content\/uploads\/2025\/06\/logo_derbe_firenze.png\",\"contentUrl\":\"https:\/\/derbe.it\/wp-content\/uploads\/2025\/06\/logo_derbe_firenze.png\",\"width\":1200,\"height\":497,\"caption\":\"Derbe\"},\"image\":{\"@id\":\"https:\/\/derbe.it\/#\/schema\/logo\/image\/\"},\"sameAs\":[\"https:\/\/www.facebook.com\/evoderbebio\",\"https:\/\/www.instagram.com\/derbe.official\/\"],\"email\":\"info@derbe.it\",\"telephone\":\"+39 055 42 11 799\",\"legalName\":\"Derbe S.r.l. a socio unico\",\"vatID\":\"07272610481\"}]}<\/script>\n<!-- \/ Yoast SEO Premium plugin. -->","yoast_head_json":{"title":"Aceite limpiador antica\u00edda - Derbe - cosm\u00e9tica natural","description":"Maravilloso aceite limpiador antica\u00edda compuesto por un rico complejo de esencias naturales, espec\u00edficamente dise\u00f1ado para restablecer el equilibrio hidrolip\u00eddico y calmar y reeducar las gl\u00e1ndulas seb\u00e1ceas.","robots":{"index":"index","follow":"follow","max-snippet":"max-snippet:-1","max-image-preview":"max-image-preview:large","max-video-preview":"max-video-preview:-1"},"canonical":"https:\/\/derbe.it\/es\/producto\/aceite-limpiador-anticaida\/","og_locale":"es_ES","og_type":"article","og_title":"Olio Detergente Anticaduta","og_description":"Meraviglioso olio detergente anticaduta composto da un ricco complesso di essenze naturali, specifico per ripristinare l'equilibrio idrolipidico e per calmare e rieducare le ghiandole sebacee.","og_url":"https:\/\/derbe.it\/es\/producto\/aceite-limpiador-anticaida\/","og_site_name":"Derbe - cosmetici naturali","article_publisher":"https:\/\/www.facebook.com\/evoderbebio","article_modified_time":"2025-09-11T10:53:13+00:00","og_image":[{"width":1600,"height":2000,"url":"https:\/\/derbe.it\/wp-content\/uploads\/2025\/05\/h-vitalis-anticaduta-olio-detergente-complesso-vitaminico-estratti-vegetali-derbe.jpg","type":"image\/jpeg"}],"twitter_card":"summary_large_image","schema":{"@context":"https:\/\/schema.org","@graph":[{"@type":"WebPage","@id":"https:\/\/derbe.it\/prodotto\/olio-detergente-anticaduta\/","url":"https:\/\/derbe.it\/prodotto\/olio-detergente-anticaduta\/","name":"Aceite limpiador antica\u00edda - Derbe - cosm\u00e9tica natural","isPartOf":{"@id":"https:\/\/derbe.it\/#website"},"primaryImageOfPage":{"@id":"https:\/\/derbe.it\/prodotto\/olio-detergente-anticaduta\/#primaryimage"},"image":{"@id":"https:\/\/derbe.it\/prodotto\/olio-detergente-anticaduta\/#primaryimage"},"thumbnailUrl":"https:\/\/derbe.it\/wp-content\/uploads\/2025\/05\/h-vitalis-anticaduta-olio-detergente-complesso-vitaminico-estratti-vegetali-derbe.jpg","datePublished":"2018-09-26T08:12:12+00:00","dateModified":"2025-09-11T10:53:13+00:00","description":"Maravilloso aceite limpiador antica\u00edda compuesto por un rico complejo de esencias naturales, espec\u00edficamente dise\u00f1ado para restablecer el equilibrio hidrolip\u00eddico y calmar y reeducar las gl\u00e1ndulas seb\u00e1ceas.","breadcrumb":{"@id":"https:\/\/derbe.it\/prodotto\/olio-detergente-anticaduta\/#breadcrumb"},"inLanguage":"es","potentialAction":[{"@type":"ReadAction","target":["https:\/\/derbe.it\/prodotto\/olio-detergente-anticaduta\/"]}]},{"@type":"ImageObject","inLanguage":"es","@id":"https:\/\/derbe.it\/prodotto\/olio-detergente-anticaduta\/#primaryimage","url":"https:\/\/derbe.it\/wp-content\/uploads\/2025\/05\/h-vitalis-anticaduta-olio-detergente-complesso-vitaminico-estratti-vegetali-derbe.jpg","contentUrl":"https:\/\/derbe.it\/wp-content\/uploads\/2025\/05\/h-vitalis-anticaduta-olio-detergente-complesso-vitaminico-estratti-vegetali-derbe.jpg","width":1600,"height":2000,"caption":"Olio detergente anticaduta - Derbe"},{"@type":"BreadcrumbList","@id":"https:\/\/derbe.it\/prodotto\/olio-detergente-anticaduta\/#breadcrumb","itemListElement":[{"@type":"ListItem","position":1,"name":"Home","item":"https:\/\/derbe.it\/"},{"@type":"ListItem","position":2,"name":"Shop","item":"https:\/\/derbe.it\/en\/shop\/"},{"@type":"ListItem","position":3,"name":"Trattamento Anticaduta","item":"https:\/\/derbe.it\/categoria-prodotto\/trattamento-anticaduta\/"},{"@type":"ListItem","position":4,"name":"Olio Detergente Anticaduta"}]},{"@type":"WebSite","@id":"https:\/\/derbe.it\/#website","url":"https:\/\/derbe.it\/","name":"Derbe","description":"Desde hace m\u00e1s de 50 a\u00f1os - Hecho en Italia - Productos para el cabello y el cuerpo con extractos de plantas y f\u00f3rmulas sostenibles","publisher":{"@id":"https:\/\/derbe.it\/#organization"},"potentialAction":[{"@type":"SearchAction","target":{"@type":"EntryPoint","urlTemplate":"https:\/\/derbe.it\/?s={search_term_string}"},"query-input":{"@type":"PropertyValueSpecification","valueRequired":true,"valueName":"search_term_string"}}],"inLanguage":"es"},{"@type":"Organization","@id":"https:\/\/derbe.it\/#organization","name":"Derbe","url":"https:\/\/derbe.it\/","logo":{"@type":"ImageObject","inLanguage":"es","@id":"https:\/\/derbe.it\/#\/schema\/logo\/image\/","url":"https:\/\/derbe.it\/wp-content\/uploads\/2025\/06\/logo_derbe_firenze.png","contentUrl":"https:\/\/derbe.it\/wp-content\/uploads\/2025\/06\/logo_derbe_firenze.png","width":1200,"height":497,"caption":"Derbe"},"image":{"@id":"https:\/\/derbe.it\/#\/schema\/logo\/image\/"},"sameAs":["https:\/\/www.facebook.com\/evoderbebio","https:\/\/www.instagram.com\/derbe.official\/"],"email":"info@derbe.it","telephone":"+39 055 42 11 799","legalName":"Derbe S.r.l. a socio unico","vatID":"07272610481"}]}},"_links":{"self":[{"href":"https:\/\/derbe.it\/es\/wp-json\/wp\/v2\/product\/301","targetHints":{"allow":["GET"]}}],"collection":[{"href":"https:\/\/derbe.it\/es\/wp-json\/wp\/v2\/product"}],"about":[{"href":"https:\/\/derbe.it\/es\/wp-json\/wp\/v2\/types\/product"}],"wp:featuredmedia":[{"embeddable":true,"href":"https:\/\/derbe.it\/es\/wp-json\/wp\/v2\/media\/302"}],"wp:attachment":[{"href":"https:\/\/derbe.it\/es\/wp-json\/wp\/v2\/media?parent=301"}],"wp:term":[{"taxonomy":"caratteristica","embeddable":true,"href":"https:\/\/derbe.it\/es\/wp-json\/wp\/v2\/caratteristica?post=301"},{"taxonomy":"collezione","embeddable":true,"href":"https:\/\/derbe.it\/es\/wp-json\/wp\/v2\/collezione?post=301"},{"taxonomy":"formato","embeddable":true,"href":"https:\/\/derbe.it\/es\/wp-json\/wp\/v2\/formato?post=301"},{"taxonomy":"funzione","embeddable":true,"href":"https:\/\/derbe.it\/es\/wp-json\/wp\/v2\/funzione?post=301"},{"taxonomy":"utilizzo","embeddable":true,"href":"https:\/\/derbe.it\/es\/wp-json\/wp\/v2\/utilizzo?post=301"},{"taxonomy":"ingrediente-principale","embeddable":true,"href":"https:\/\/derbe.it\/es\/wp-json\/wp\/v2\/ingrediente-principale?post=301"},{"taxonomy":"product_brand","embeddable":true,"href":"https:\/\/derbe.it\/es\/wp-json\/wp\/v2\/product_brand?post=301"},{"taxonomy":"product_cat","embeddable":true,"href":"https:\/\/derbe.it\/es\/wp-json\/wp\/v2\/product_cat?post=301"},{"taxonomy":"product_tag","embeddable":true,"href":"https:\/\/derbe.it\/es\/wp-json\/wp\/v2\/product_tag?post=301"}],"curies":[{"name":"wp","href":"https:\/\/api.w.org\/{rel}","templated":true}]}}