{"id":305,"date":"2018-09-26T10:10:31","date_gmt":"2018-09-26T08:10:31","guid":{"rendered":"https:\/\/derbe.it\/prodotto\/spray-anticaduta-intensivo\/"},"modified":"2026-05-06T13:36:02","modified_gmt":"2026-05-06T11:36:02","slug":"spray-intensivo-anticaida","status":"publish","type":"product","link":"https:\/\/derbe.it\/es\/producto\/spray-intensivo-anticaida\/","title":{"rendered":"Spray intensivo antica\u00edda"},"content":{"rendered":"<p>El spray antica\u00edda Derbe contiene un complejo de ingredientes activos vegetales con propiedades antioxidantes que contribuyen positivamente al mantenimiento del ciclo de vida del cabello. Tambi\u00e9n contiene c\u00e9lulas merism\u00e1ticas pluripotentes derivadas de la uva, que estimulan la microcirculaci\u00f3n y desempe\u00f1an una importante funci\u00f3n antioxidante que mantiene la salud del cabello.<br \/>\nFavorece la estimulaci\u00f3n y el aporte de sustancias funcionales al fol\u00edculo piloso.<br \/>\nAyuda a restablecer la microcirculaci\u00f3n y rehabilitar el cuero cabelludo durante el masaje.<br \/>\nRefuerza las defensas de la piel gracias a la compleja mezcla de extractos de plantas y c\u00e9lulas vegetales merism\u00e1ticas de uva.<br \/>\nContiene vitamina E antioxidante y vitamina B3 con propiedades depurativas.<br \/>\nContribuye al desarrollo de un entorno saludable para un cabello sano.<\/p>","protected":false},"excerpt":{"rendered":"<p>Lo spray anticaduta Derbe contiene un complesso di sostanze funzionali di origine vegetale con attivit\u00e0 antiossidanti che contribuisce in modo positivo al mantenimento del ciclo vitale del capello. [&#8230;]<\/p>\n<p><a class=\"btn btn-secondary understrap-read-more-link\" href=\"https:\/\/derbe.it\/es\/producto\/spray-intensivo-anticaida\/\">Leer m\u00e1s\u2026<span class=\"screen-reader-text\"> from Spray Anticaduta Intensivo<\/span><\/a><\/p>","protected":false},"featured_media":306,"template":"","meta":{"_acf_changed":false},"caratteristica":[116],"collezione":[],"formato":[],"funzione":[137],"utilizzo":[],"ingrediente-principale":[],"product_brand":[],"product_cat":[104],"product_tag":[],"class_list":{"0":"post-305","1":"product","2":"type-product","3":"status-publish","4":"has-post-thumbnail","6":"caratteristica-sviluppato-da-biologi-esperti","7":"funzione-capelli-tendenti-alla-caduta","8":"product_cat-trattamento-anticaduta","10":"first","11":"instock","12":"purchasable","13":"product-type-simple"},"acf":[],"yoast_head":"<!-- This site is optimized with the Yoast SEO Premium plugin v26.1 (Yoast SEO v26.8) - https:\/\/yoast.com\/product\/yoast-seo-premium-wordpress\/ -->\n<title>Spray Anticaduta Intensivo - Derbe - cosmetici naturali<\/title>\n<meta name=\"description\" content=\"Lo spray anticaduta Derbe contiene un complesso di sostanze funzionali di origine vegetale con attivit\u00e0 antiossidanti che contribuisce in modo positivo al mantenimento del ciclo vitale del capello.\" \/>\n<meta name=\"robots\" content=\"index, follow, max-snippet:-1, max-image-preview:large, max-video-preview:-1\" \/>\n<link rel=\"canonical\" href=\"https:\/\/derbe.it\/es\/producto\/spray-intensivo-anticaida\/\" \/>\n<meta property=\"og:locale\" content=\"es_ES\" \/>\n<meta property=\"og:type\" content=\"article\" \/>\n<meta property=\"og:title\" content=\"Spray Anticaduta Intensivo\" \/>\n<meta property=\"og:description\" content=\"Lo spray anticaduta Derbe contiene un complesso di sostanze funzionali di origine vegetale con attivit\u00e0 antiossidanti che contribuisce in modo positivo al mantenimento del ciclo vitale del capello.\" \/>\n<meta property=\"og:url\" content=\"https:\/\/derbe.it\/es\/producto\/spray-intensivo-anticaida\/\" \/>\n<meta property=\"og:site_name\" content=\"Derbe - cosmetici naturali\" \/>\n<meta property=\"article:publisher\" content=\"https:\/\/www.facebook.com\/evoderbebio\" \/>\n<meta property=\"article:modified_time\" content=\"2026-05-06T11:36:02+00:00\" \/>\n<meta property=\"og:image\" content=\"https:\/\/derbe.it\/wp-content\/uploads\/2025\/05\/h-vitalis-anticaduta-intensivo-spray-anti-radicali-liberi-anti-glicazione-cellule-meristematiche-uva-derbe.jpg\" \/>\n\t<meta property=\"og:image:width\" content=\"1600\" \/>\n\t<meta property=\"og:image:height\" content=\"2000\" \/>\n\t<meta property=\"og:image:type\" content=\"image\/jpeg\" \/>\n<meta name=\"twitter:card\" content=\"summary_large_image\" \/>\n<meta name=\"twitter:label1\" content=\"Tiempo de lectura\" \/>\n\t<meta name=\"twitter:data1\" content=\"1 minuto\" \/>\n<script type=\"application\/ld+json\" class=\"yoast-schema-graph\">{\"@context\":\"https:\/\/schema.org\",\"@graph\":[{\"@type\":\"WebPage\",\"@id\":\"https:\/\/derbe.it\/prodotto\/spray-anticaduta-intensivo\/\",\"url\":\"https:\/\/derbe.it\/prodotto\/spray-anticaduta-intensivo\/\",\"name\":\"Spray Anticaduta Intensivo - Derbe - cosmetici naturali\",\"isPartOf\":{\"@id\":\"https:\/\/derbe.it\/#website\"},\"primaryImageOfPage\":{\"@id\":\"https:\/\/derbe.it\/prodotto\/spray-anticaduta-intensivo\/#primaryimage\"},\"image\":{\"@id\":\"https:\/\/derbe.it\/prodotto\/spray-anticaduta-intensivo\/#primaryimage\"},\"thumbnailUrl\":\"https:\/\/derbe.it\/wp-content\/uploads\/2025\/05\/h-vitalis-anticaduta-intensivo-spray-anti-radicali-liberi-anti-glicazione-cellule-meristematiche-uva-derbe.jpg\",\"datePublished\":\"2018-09-26T08:10:31+00:00\",\"dateModified\":\"2026-05-06T11:36:02+00:00\",\"description\":\"Lo spray anticaduta Derbe contiene un complesso di sostanze funzionali di origine vegetale con attivit\u00e0 antiossidanti che contribuisce in modo positivo al mantenimento del ciclo vitale del capello.\",\"breadcrumb\":{\"@id\":\"https:\/\/derbe.it\/prodotto\/spray-anticaduta-intensivo\/#breadcrumb\"},\"inLanguage\":\"es\",\"potentialAction\":[{\"@type\":\"ReadAction\",\"target\":[\"https:\/\/derbe.it\/prodotto\/spray-anticaduta-intensivo\/\"]}]},{\"@type\":\"ImageObject\",\"inLanguage\":\"es\",\"@id\":\"https:\/\/derbe.it\/prodotto\/spray-anticaduta-intensivo\/#primaryimage\",\"url\":\"https:\/\/derbe.it\/wp-content\/uploads\/2025\/05\/h-vitalis-anticaduta-intensivo-spray-anti-radicali-liberi-anti-glicazione-cellule-meristematiche-uva-derbe.jpg\",\"contentUrl\":\"https:\/\/derbe.it\/wp-content\/uploads\/2025\/05\/h-vitalis-anticaduta-intensivo-spray-anti-radicali-liberi-anti-glicazione-cellule-meristematiche-uva-derbe.jpg\",\"width\":1600,\"height\":2000,\"caption\":\"h vitalis anticaduta intensivo spray anti radicali liberi anti glicazione cellule meristematiche uva derbe\"},{\"@type\":\"BreadcrumbList\",\"@id\":\"https:\/\/derbe.it\/prodotto\/spray-anticaduta-intensivo\/#breadcrumb\",\"itemListElement\":[{\"@type\":\"ListItem\",\"position\":1,\"name\":\"Home\",\"item\":\"https:\/\/derbe.it\/\"},{\"@type\":\"ListItem\",\"position\":2,\"name\":\"Shop\",\"item\":\"https:\/\/derbe.it\/en\/shop\/\"},{\"@type\":\"ListItem\",\"position\":3,\"name\":\"Trattamento Anticaduta\",\"item\":\"https:\/\/derbe.it\/categoria-prodotto\/trattamento-anticaduta\/\"},{\"@type\":\"ListItem\",\"position\":4,\"name\":\"Spray Anticaduta Intensivo\"}]},{\"@type\":\"WebSite\",\"@id\":\"https:\/\/derbe.it\/#website\",\"url\":\"https:\/\/derbe.it\/\",\"name\":\"Derbe\",\"description\":\"Da oltre 50 anni - Made in italy - prodotti per capelli e corpo con estratti vegetali e formule sostenibili\",\"publisher\":{\"@id\":\"https:\/\/derbe.it\/#organization\"},\"potentialAction\":[{\"@type\":\"SearchAction\",\"target\":{\"@type\":\"EntryPoint\",\"urlTemplate\":\"https:\/\/derbe.it\/?s={search_term_string}\"},\"query-input\":{\"@type\":\"PropertyValueSpecification\",\"valueRequired\":true,\"valueName\":\"search_term_string\"}}],\"inLanguage\":\"es\"},{\"@type\":\"Organization\",\"@id\":\"https:\/\/derbe.it\/#organization\",\"name\":\"Derbe\",\"url\":\"https:\/\/derbe.it\/\",\"logo\":{\"@type\":\"ImageObject\",\"inLanguage\":\"es\",\"@id\":\"https:\/\/derbe.it\/#\/schema\/logo\/image\/\",\"url\":\"https:\/\/derbe.it\/wp-content\/uploads\/2025\/06\/logo_derbe_firenze.png\",\"contentUrl\":\"https:\/\/derbe.it\/wp-content\/uploads\/2025\/06\/logo_derbe_firenze.png\",\"width\":1200,\"height\":497,\"caption\":\"Derbe\"},\"image\":{\"@id\":\"https:\/\/derbe.it\/#\/schema\/logo\/image\/\"},\"sameAs\":[\"https:\/\/www.facebook.com\/evoderbebio\",\"https:\/\/www.instagram.com\/derbe.official\/\"],\"email\":\"info@derbe.it\",\"telephone\":\"+39 055 42 11 799\",\"legalName\":\"Derbe S.r.l. a socio unico\",\"vatID\":\"07272610481\"}]}<\/script>\n<!-- \/ Yoast SEO Premium plugin. -->","yoast_head_json":{"title":"Spray intensivo antica\u00edda - Derbe - cosm\u00e9tica natural","description":"El spray antica\u00edda Derbe contiene un complejo de sustancias funcionales de origen vegetal con propiedades antioxidantes que contribuyen positivamente a mantener el ciclo de vida del cabello.","robots":{"index":"index","follow":"follow","max-snippet":"max-snippet:-1","max-image-preview":"max-image-preview:large","max-video-preview":"max-video-preview:-1"},"canonical":"https:\/\/derbe.it\/es\/producto\/spray-intensivo-anticaida\/","og_locale":"es_ES","og_type":"article","og_title":"Spray Anticaduta Intensivo","og_description":"Lo spray anticaduta Derbe contiene un complesso di sostanze funzionali di origine vegetale con attivit\u00e0 antiossidanti che contribuisce in modo positivo al mantenimento del ciclo vitale del capello.","og_url":"https:\/\/derbe.it\/es\/producto\/spray-intensivo-anticaida\/","og_site_name":"Derbe - cosmetici naturali","article_publisher":"https:\/\/www.facebook.com\/evoderbebio","article_modified_time":"2026-05-06T11:36:02+00:00","og_image":[{"width":1600,"height":2000,"url":"https:\/\/derbe.it\/wp-content\/uploads\/2025\/05\/h-vitalis-anticaduta-intensivo-spray-anti-radicali-liberi-anti-glicazione-cellule-meristematiche-uva-derbe.jpg","type":"image\/jpeg"}],"twitter_card":"summary_large_image","twitter_misc":{"Tiempo de lectura":"1 minuto"},"schema":{"@context":"https:\/\/schema.org","@graph":[{"@type":"WebPage","@id":"https:\/\/derbe.it\/prodotto\/spray-anticaduta-intensivo\/","url":"https:\/\/derbe.it\/prodotto\/spray-anticaduta-intensivo\/","name":"Spray intensivo antica\u00edda - Derbe - cosm\u00e9tica natural","isPartOf":{"@id":"https:\/\/derbe.it\/#website"},"primaryImageOfPage":{"@id":"https:\/\/derbe.it\/prodotto\/spray-anticaduta-intensivo\/#primaryimage"},"image":{"@id":"https:\/\/derbe.it\/prodotto\/spray-anticaduta-intensivo\/#primaryimage"},"thumbnailUrl":"https:\/\/derbe.it\/wp-content\/uploads\/2025\/05\/h-vitalis-anticaduta-intensivo-spray-anti-radicali-liberi-anti-glicazione-cellule-meristematiche-uva-derbe.jpg","datePublished":"2018-09-26T08:10:31+00:00","dateModified":"2026-05-06T11:36:02+00:00","description":"El spray antica\u00edda Derbe contiene un complejo de sustancias funcionales de origen vegetal con propiedades antioxidantes que contribuyen positivamente a mantener el ciclo de vida del cabello.","breadcrumb":{"@id":"https:\/\/derbe.it\/prodotto\/spray-anticaduta-intensivo\/#breadcrumb"},"inLanguage":"es","potentialAction":[{"@type":"ReadAction","target":["https:\/\/derbe.it\/prodotto\/spray-anticaduta-intensivo\/"]}]},{"@type":"ImageObject","inLanguage":"es","@id":"https:\/\/derbe.it\/prodotto\/spray-anticaduta-intensivo\/#primaryimage","url":"https:\/\/derbe.it\/wp-content\/uploads\/2025\/05\/h-vitalis-anticaduta-intensivo-spray-anti-radicali-liberi-anti-glicazione-cellule-meristematiche-uva-derbe.jpg","contentUrl":"https:\/\/derbe.it\/wp-content\/uploads\/2025\/05\/h-vitalis-anticaduta-intensivo-spray-anti-radicali-liberi-anti-glicazione-cellule-meristematiche-uva-derbe.jpg","width":1600,"height":2000,"caption":"h vitalis anticaduta intensivo spray anti radicali liberi anti glicazione cellule meristematiche uva derbe"},{"@type":"BreadcrumbList","@id":"https:\/\/derbe.it\/prodotto\/spray-anticaduta-intensivo\/#breadcrumb","itemListElement":[{"@type":"ListItem","position":1,"name":"Home","item":"https:\/\/derbe.it\/"},{"@type":"ListItem","position":2,"name":"Shop","item":"https:\/\/derbe.it\/en\/shop\/"},{"@type":"ListItem","position":3,"name":"Trattamento Anticaduta","item":"https:\/\/derbe.it\/categoria-prodotto\/trattamento-anticaduta\/"},{"@type":"ListItem","position":4,"name":"Spray Anticaduta Intensivo"}]},{"@type":"WebSite","@id":"https:\/\/derbe.it\/#website","url":"https:\/\/derbe.it\/","name":"Derbe","description":"Desde hace m\u00e1s de 50 a\u00f1os - Hecho en Italia - Productos para el cabello y el cuerpo con extractos de plantas y f\u00f3rmulas sostenibles","publisher":{"@id":"https:\/\/derbe.it\/#organization"},"potentialAction":[{"@type":"SearchAction","target":{"@type":"EntryPoint","urlTemplate":"https:\/\/derbe.it\/?s={search_term_string}"},"query-input":{"@type":"PropertyValueSpecification","valueRequired":true,"valueName":"search_term_string"}}],"inLanguage":"es"},{"@type":"Organization","@id":"https:\/\/derbe.it\/#organization","name":"Derbe","url":"https:\/\/derbe.it\/","logo":{"@type":"ImageObject","inLanguage":"es","@id":"https:\/\/derbe.it\/#\/schema\/logo\/image\/","url":"https:\/\/derbe.it\/wp-content\/uploads\/2025\/06\/logo_derbe_firenze.png","contentUrl":"https:\/\/derbe.it\/wp-content\/uploads\/2025\/06\/logo_derbe_firenze.png","width":1200,"height":497,"caption":"Derbe"},"image":{"@id":"https:\/\/derbe.it\/#\/schema\/logo\/image\/"},"sameAs":["https:\/\/www.facebook.com\/evoderbebio","https:\/\/www.instagram.com\/derbe.official\/"],"email":"info@derbe.it","telephone":"+39 055 42 11 799","legalName":"Derbe S.r.l. a socio unico","vatID":"07272610481"}]}},"_links":{"self":[{"href":"https:\/\/derbe.it\/es\/wp-json\/wp\/v2\/product\/305","targetHints":{"allow":["GET"]}}],"collection":[{"href":"https:\/\/derbe.it\/es\/wp-json\/wp\/v2\/product"}],"about":[{"href":"https:\/\/derbe.it\/es\/wp-json\/wp\/v2\/types\/product"}],"wp:featuredmedia":[{"embeddable":true,"href":"https:\/\/derbe.it\/es\/wp-json\/wp\/v2\/media\/306"}],"wp:attachment":[{"href":"https:\/\/derbe.it\/es\/wp-json\/wp\/v2\/media?parent=305"}],"wp:term":[{"taxonomy":"caratteristica","embeddable":true,"href":"https:\/\/derbe.it\/es\/wp-json\/wp\/v2\/caratteristica?post=305"},{"taxonomy":"collezione","embeddable":true,"href":"https:\/\/derbe.it\/es\/wp-json\/wp\/v2\/collezione?post=305"},{"taxonomy":"formato","embeddable":true,"href":"https:\/\/derbe.it\/es\/wp-json\/wp\/v2\/formato?post=305"},{"taxonomy":"funzione","embeddable":true,"href":"https:\/\/derbe.it\/es\/wp-json\/wp\/v2\/funzione?post=305"},{"taxonomy":"utilizzo","embeddable":true,"href":"https:\/\/derbe.it\/es\/wp-json\/wp\/v2\/utilizzo?post=305"},{"taxonomy":"ingrediente-principale","embeddable":true,"href":"https:\/\/derbe.it\/es\/wp-json\/wp\/v2\/ingrediente-principale?post=305"},{"taxonomy":"product_brand","embeddable":true,"href":"https:\/\/derbe.it\/es\/wp-json\/wp\/v2\/product_brand?post=305"},{"taxonomy":"product_cat","embeddable":true,"href":"https:\/\/derbe.it\/es\/wp-json\/wp\/v2\/product_cat?post=305"},{"taxonomy":"product_tag","embeddable":true,"href":"https:\/\/derbe.it\/es\/wp-json\/wp\/v2\/product_tag?post=305"}],"curies":[{"name":"wp","href":"https:\/\/api.w.org\/{rel}","templated":true}]}}