{"id":324,"date":"2018-09-26T10:12:02","date_gmt":"2018-09-26T08:12:02","guid":{"rendered":"https:\/\/derbe.it\/prodotto\/mousse-volumizzante\/"},"modified":"2025-06-24T16:41:28","modified_gmt":"2025-06-24T14:41:28","slug":"mousse-voluminizadora","status":"publish","type":"product","link":"https:\/\/derbe.it\/es\/producto\/mousse-voluminizadora\/","title":{"rendered":"Mousse voluminizadora"},"content":{"rendered":"<p>Espuma capilar voluminizadora. Aporta cuerpo, brillo y volumen al cabello. Su f\u00f3rmula cosm\u00e9tica no apelmaza el cabello y le aporta belleza y suavidad naturales.<\/p>","protected":false},"excerpt":{"rendered":"<p>Este <strong>mousse ecol\u00f3gica profesional<\/strong>, aplicado sobre el cabello mojado proporciona un <strong>efecto moldeador suave<\/strong>, aplicado sobre el cabello seco da <strong>volumen<\/strong> Y <strong>brillar<\/strong>. [&#8230;]<\/p>\n<p><a class=\"btn btn-secondary understrap-read-more-link\" href=\"https:\/\/derbe.it\/es\/producto\/mousse-voluminizadora\/\">Leer m\u00e1s\u2026<span class=\"screen-reader-text\"> from Mousse Volumizzante<\/span><\/a><\/p>","protected":false},"featured_media":325,"template":"","meta":{"_acf_changed":false},"caratteristica":[],"collezione":[],"formato":[],"funzione":[92],"utilizzo":[],"ingrediente-principale":[],"product_brand":[],"product_cat":[102],"product_tag":[],"class_list":{"0":"post-324","1":"product","2":"type-product","3":"status-publish","4":"has-post-thumbnail","6":"funzione-capelli-ricci-mossi","7":"product_cat-styling","9":"first","10":"instock","11":"purchasable","12":"product-type-simple"},"acf":[],"yoast_head":"<!-- This site is optimized with the Yoast SEO Premium plugin v26.1 (Yoast SEO v26.8) - https:\/\/yoast.com\/product\/yoast-seo-premium-wordpress\/ -->\n<title>Mousse Volumizzante - Derbe - cosmetici naturali<\/title>\n<meta name=\"description\" content=\"Questa mousse ecologica professionale, applicata sui capelli bagnati dona un effetto dolcemente modellante, applicata sui capelli asciutti dona volume e lucentezza.\" \/>\n<meta name=\"robots\" content=\"index, follow, max-snippet:-1, max-image-preview:large, max-video-preview:-1\" \/>\n<link rel=\"canonical\" href=\"https:\/\/derbe.it\/es\/producto\/mousse-voluminizadora\/\" \/>\n<meta property=\"og:locale\" content=\"es_ES\" \/>\n<meta property=\"og:type\" content=\"article\" \/>\n<meta property=\"og:title\" content=\"Mousse Volumizzante\" \/>\n<meta property=\"og:description\" content=\"Questa mousse ecologica professionale, applicata sui capelli bagnati dona un effetto dolcemente modellante, applicata sui capelli asciutti dona volume e lucentezza.\" \/>\n<meta property=\"og:url\" content=\"https:\/\/derbe.it\/es\/producto\/mousse-voluminizadora\/\" \/>\n<meta property=\"og:site_name\" content=\"Derbe - cosmetici naturali\" \/>\n<meta property=\"article:publisher\" content=\"https:\/\/www.facebook.com\/evoderbebio\" \/>\n<meta property=\"article:modified_time\" content=\"2025-06-24T14:41:28+00:00\" \/>\n<meta property=\"og:image\" content=\"https:\/\/derbe.it\/wp-content\/uploads\/2025\/05\/mousse-volumizzante-per-capellli-derbe.jpg\" \/>\n\t<meta property=\"og:image:width\" content=\"1600\" \/>\n\t<meta property=\"og:image:height\" content=\"2000\" \/>\n\t<meta property=\"og:image:type\" content=\"image\/jpeg\" \/>\n<meta name=\"twitter:card\" content=\"summary_large_image\" \/>\n<script type=\"application\/ld+json\" class=\"yoast-schema-graph\">{\"@context\":\"https:\/\/schema.org\",\"@graph\":[{\"@type\":\"WebPage\",\"@id\":\"https:\/\/derbe.it\/prodotto\/mousse-volumizzante\/\",\"url\":\"https:\/\/derbe.it\/prodotto\/mousse-volumizzante\/\",\"name\":\"Mousse Volumizzante - Derbe - cosmetici naturali\",\"isPartOf\":{\"@id\":\"https:\/\/derbe.it\/#website\"},\"primaryImageOfPage\":{\"@id\":\"https:\/\/derbe.it\/prodotto\/mousse-volumizzante\/#primaryimage\"},\"image\":{\"@id\":\"https:\/\/derbe.it\/prodotto\/mousse-volumizzante\/#primaryimage\"},\"thumbnailUrl\":\"https:\/\/derbe.it\/wp-content\/uploads\/2025\/05\/mousse-volumizzante-per-capellli-derbe.jpg\",\"datePublished\":\"2018-09-26T08:12:02+00:00\",\"dateModified\":\"2025-06-24T14:41:28+00:00\",\"description\":\"Questa mousse ecologica professionale, applicata sui capelli bagnati dona un effetto dolcemente modellante, applicata sui capelli asciutti dona volume e lucentezza.\",\"breadcrumb\":{\"@id\":\"https:\/\/derbe.it\/prodotto\/mousse-volumizzante\/#breadcrumb\"},\"inLanguage\":\"es\",\"potentialAction\":[{\"@type\":\"ReadAction\",\"target\":[\"https:\/\/derbe.it\/prodotto\/mousse-volumizzante\/\"]}]},{\"@type\":\"ImageObject\",\"inLanguage\":\"es\",\"@id\":\"https:\/\/derbe.it\/prodotto\/mousse-volumizzante\/#primaryimage\",\"url\":\"https:\/\/derbe.it\/wp-content\/uploads\/2025\/05\/mousse-volumizzante-per-capellli-derbe.jpg\",\"contentUrl\":\"https:\/\/derbe.it\/wp-content\/uploads\/2025\/05\/mousse-volumizzante-per-capellli-derbe.jpg\",\"width\":1600,\"height\":2000},{\"@type\":\"BreadcrumbList\",\"@id\":\"https:\/\/derbe.it\/prodotto\/mousse-volumizzante\/#breadcrumb\",\"itemListElement\":[{\"@type\":\"ListItem\",\"position\":1,\"name\":\"Home\",\"item\":\"https:\/\/derbe.it\/\"},{\"@type\":\"ListItem\",\"position\":2,\"name\":\"Shop\",\"item\":\"https:\/\/derbe.it\/en\/shop\/\"},{\"@type\":\"ListItem\",\"position\":3,\"name\":\"Styling\",\"item\":\"https:\/\/derbe.it\/categoria-prodotto\/styling\/\"},{\"@type\":\"ListItem\",\"position\":4,\"name\":\"Mousse Volumizzante\"}]},{\"@type\":\"WebSite\",\"@id\":\"https:\/\/derbe.it\/#website\",\"url\":\"https:\/\/derbe.it\/\",\"name\":\"Derbe\",\"description\":\"Da oltre 50 anni - Made in italy - prodotti per capelli e corpo con estratti vegetali e formule sostenibili\",\"publisher\":{\"@id\":\"https:\/\/derbe.it\/#organization\"},\"potentialAction\":[{\"@type\":\"SearchAction\",\"target\":{\"@type\":\"EntryPoint\",\"urlTemplate\":\"https:\/\/derbe.it\/?s={search_term_string}\"},\"query-input\":{\"@type\":\"PropertyValueSpecification\",\"valueRequired\":true,\"valueName\":\"search_term_string\"}}],\"inLanguage\":\"es\"},{\"@type\":\"Organization\",\"@id\":\"https:\/\/derbe.it\/#organization\",\"name\":\"Derbe\",\"url\":\"https:\/\/derbe.it\/\",\"logo\":{\"@type\":\"ImageObject\",\"inLanguage\":\"es\",\"@id\":\"https:\/\/derbe.it\/#\/schema\/logo\/image\/\",\"url\":\"https:\/\/derbe.it\/wp-content\/uploads\/2025\/06\/logo_derbe_firenze.png\",\"contentUrl\":\"https:\/\/derbe.it\/wp-content\/uploads\/2025\/06\/logo_derbe_firenze.png\",\"width\":1200,\"height\":497,\"caption\":\"Derbe\"},\"image\":{\"@id\":\"https:\/\/derbe.it\/#\/schema\/logo\/image\/\"},\"sameAs\":[\"https:\/\/www.facebook.com\/evoderbebio\",\"https:\/\/www.instagram.com\/derbe.official\/\"],\"email\":\"info@derbe.it\",\"telephone\":\"+39 055 42 11 799\",\"legalName\":\"Derbe S.r.l. a socio unico\",\"vatID\":\"07272610481\"}]}<\/script>\n<!-- \/ Yoast SEO Premium plugin. -->","yoast_head_json":{"title":"Mousse voluminizadora - Derbe - cosm\u00e9tica natural","description":"Esta mousse ecol\u00f3gica profesional, aplicada sobre el cabello mojado, proporciona un efecto modelador suave; aplicada sobre el cabello seco, aporta volumen y brillo.","robots":{"index":"index","follow":"follow","max-snippet":"max-snippet:-1","max-image-preview":"max-image-preview:large","max-video-preview":"max-video-preview:-1"},"canonical":"https:\/\/derbe.it\/es\/producto\/mousse-voluminizadora\/","og_locale":"es_ES","og_type":"article","og_title":"Mousse Volumizzante","og_description":"Questa mousse ecologica professionale, applicata sui capelli bagnati dona un effetto dolcemente modellante, applicata sui capelli asciutti dona volume e lucentezza.","og_url":"https:\/\/derbe.it\/es\/producto\/mousse-voluminizadora\/","og_site_name":"Derbe - cosmetici naturali","article_publisher":"https:\/\/www.facebook.com\/evoderbebio","article_modified_time":"2025-06-24T14:41:28+00:00","og_image":[{"width":1600,"height":2000,"url":"https:\/\/derbe.it\/wp-content\/uploads\/2025\/05\/mousse-volumizzante-per-capellli-derbe.jpg","type":"image\/jpeg"}],"twitter_card":"summary_large_image","schema":{"@context":"https:\/\/schema.org","@graph":[{"@type":"WebPage","@id":"https:\/\/derbe.it\/prodotto\/mousse-volumizzante\/","url":"https:\/\/derbe.it\/prodotto\/mousse-volumizzante\/","name":"Mousse voluminizadora - Derbe - cosm\u00e9tica natural","isPartOf":{"@id":"https:\/\/derbe.it\/#website"},"primaryImageOfPage":{"@id":"https:\/\/derbe.it\/prodotto\/mousse-volumizzante\/#primaryimage"},"image":{"@id":"https:\/\/derbe.it\/prodotto\/mousse-volumizzante\/#primaryimage"},"thumbnailUrl":"https:\/\/derbe.it\/wp-content\/uploads\/2025\/05\/mousse-volumizzante-per-capellli-derbe.jpg","datePublished":"2018-09-26T08:12:02+00:00","dateModified":"2025-06-24T14:41:28+00:00","description":"Esta mousse ecol\u00f3gica profesional, aplicada sobre el cabello mojado, proporciona un efecto modelador suave; aplicada sobre el cabello seco, aporta volumen y brillo.","breadcrumb":{"@id":"https:\/\/derbe.it\/prodotto\/mousse-volumizzante\/#breadcrumb"},"inLanguage":"es","potentialAction":[{"@type":"ReadAction","target":["https:\/\/derbe.it\/prodotto\/mousse-volumizzante\/"]}]},{"@type":"ImageObject","inLanguage":"es","@id":"https:\/\/derbe.it\/prodotto\/mousse-volumizzante\/#primaryimage","url":"https:\/\/derbe.it\/wp-content\/uploads\/2025\/05\/mousse-volumizzante-per-capellli-derbe.jpg","contentUrl":"https:\/\/derbe.it\/wp-content\/uploads\/2025\/05\/mousse-volumizzante-per-capellli-derbe.jpg","width":1600,"height":2000},{"@type":"BreadcrumbList","@id":"https:\/\/derbe.it\/prodotto\/mousse-volumizzante\/#breadcrumb","itemListElement":[{"@type":"ListItem","position":1,"name":"Home","item":"https:\/\/derbe.it\/"},{"@type":"ListItem","position":2,"name":"Shop","item":"https:\/\/derbe.it\/en\/shop\/"},{"@type":"ListItem","position":3,"name":"Styling","item":"https:\/\/derbe.it\/categoria-prodotto\/styling\/"},{"@type":"ListItem","position":4,"name":"Mousse Volumizzante"}]},{"@type":"WebSite","@id":"https:\/\/derbe.it\/#website","url":"https:\/\/derbe.it\/","name":"Derbe","description":"Desde hace m\u00e1s de 50 a\u00f1os - Hecho en Italia - Productos para el cabello y el cuerpo con extractos de plantas y f\u00f3rmulas sostenibles","publisher":{"@id":"https:\/\/derbe.it\/#organization"},"potentialAction":[{"@type":"SearchAction","target":{"@type":"EntryPoint","urlTemplate":"https:\/\/derbe.it\/?s={search_term_string}"},"query-input":{"@type":"PropertyValueSpecification","valueRequired":true,"valueName":"search_term_string"}}],"inLanguage":"es"},{"@type":"Organization","@id":"https:\/\/derbe.it\/#organization","name":"Derbe","url":"https:\/\/derbe.it\/","logo":{"@type":"ImageObject","inLanguage":"es","@id":"https:\/\/derbe.it\/#\/schema\/logo\/image\/","url":"https:\/\/derbe.it\/wp-content\/uploads\/2025\/06\/logo_derbe_firenze.png","contentUrl":"https:\/\/derbe.it\/wp-content\/uploads\/2025\/06\/logo_derbe_firenze.png","width":1200,"height":497,"caption":"Derbe"},"image":{"@id":"https:\/\/derbe.it\/#\/schema\/logo\/image\/"},"sameAs":["https:\/\/www.facebook.com\/evoderbebio","https:\/\/www.instagram.com\/derbe.official\/"],"email":"info@derbe.it","telephone":"+39 055 42 11 799","legalName":"Derbe S.r.l. a socio unico","vatID":"07272610481"}]}},"_links":{"self":[{"href":"https:\/\/derbe.it\/es\/wp-json\/wp\/v2\/product\/324","targetHints":{"allow":["GET"]}}],"collection":[{"href":"https:\/\/derbe.it\/es\/wp-json\/wp\/v2\/product"}],"about":[{"href":"https:\/\/derbe.it\/es\/wp-json\/wp\/v2\/types\/product"}],"wp:featuredmedia":[{"embeddable":true,"href":"https:\/\/derbe.it\/es\/wp-json\/wp\/v2\/media\/325"}],"wp:attachment":[{"href":"https:\/\/derbe.it\/es\/wp-json\/wp\/v2\/media?parent=324"}],"wp:term":[{"taxonomy":"caratteristica","embeddable":true,"href":"https:\/\/derbe.it\/es\/wp-json\/wp\/v2\/caratteristica?post=324"},{"taxonomy":"collezione","embeddable":true,"href":"https:\/\/derbe.it\/es\/wp-json\/wp\/v2\/collezione?post=324"},{"taxonomy":"formato","embeddable":true,"href":"https:\/\/derbe.it\/es\/wp-json\/wp\/v2\/formato?post=324"},{"taxonomy":"funzione","embeddable":true,"href":"https:\/\/derbe.it\/es\/wp-json\/wp\/v2\/funzione?post=324"},{"taxonomy":"utilizzo","embeddable":true,"href":"https:\/\/derbe.it\/es\/wp-json\/wp\/v2\/utilizzo?post=324"},{"taxonomy":"ingrediente-principale","embeddable":true,"href":"https:\/\/derbe.it\/es\/wp-json\/wp\/v2\/ingrediente-principale?post=324"},{"taxonomy":"product_brand","embeddable":true,"href":"https:\/\/derbe.it\/es\/wp-json\/wp\/v2\/product_brand?post=324"},{"taxonomy":"product_cat","embeddable":true,"href":"https:\/\/derbe.it\/es\/wp-json\/wp\/v2\/product_cat?post=324"},{"taxonomy":"product_tag","embeddable":true,"href":"https:\/\/derbe.it\/es\/wp-json\/wp\/v2\/product_tag?post=324"}],"curies":[{"name":"wp","href":"https:\/\/api.w.org\/{rel}","templated":true}]}}