{"id":342,"date":"2018-09-26T10:11:01","date_gmt":"2018-09-26T08:11:01","guid":{"rendered":"https:\/\/derbe.it\/prodotto\/scrub-pre-sciampo-igienizzante-antiforfora\/"},"modified":"2025-06-24T16:41:22","modified_gmt":"2025-06-24T14:41:22","slug":"exfoliante-anticaspa-prechampu-higienizante","status":"publish","type":"product","link":"https:\/\/derbe.it\/es\/producto\/exfoliante-anticaspa-prechampu-higienizante\/","title":{"rendered":"Exfoliante anticaspa prechamp\u00fa higienizante"},"content":{"rendered":"<p>Este<span class=\"Apple-converted-space\">\u00a0 <\/span>Amable exfoliante gracias<span class=\"Apple-converted-space\">\u00a0 <\/span>en presencia de gr\u00e1nulos<span class=\"Apple-converted-space\">\u00a0 <\/span>derivados<span class=\"Apple-converted-space\">\u00a0 <\/span>desde<span class=\"Apple-converted-space\">\u00a0 <\/span>caparaz\u00f3n<span class=\"Apple-converted-space\">\u00a0 <\/span>De<span class=\"Apple-converted-space\">\u00a0 <\/span>Nueces<span class=\"Apple-converted-space\">\u00a0 <\/span>eliminar de<span class=\"Apple-converted-space\">\u00a0 <\/span>cuero<span class=\"Apple-converted-space\">\u00a0 <\/span>cuero cabelludo<span class=\"Apple-converted-space\">\u00a0 <\/span>todo<span class=\"Apple-converted-space\">\u00a0 <\/span>el<span class=\"Apple-converted-space\">\u00a0 <\/span>impureza<span class=\"Apple-converted-space\">\u00a0 <\/span>\u00a1Qu\u00e9 caspa,<span class=\"Apple-converted-space\">\u00a0 <\/span>c\u00e9lulas<span class=\"Apple-converted-space\">\u00a0 <\/span>muerte<span class=\"Apple-converted-space\">\u00a0 <\/span>Y<span class=\"Apple-converted-space\">\u00a0 <\/span>sebo<span class=\"Apple-converted-space\">\u00a0 <\/span>en<span class=\"Apple-converted-space\">\u00a0 <\/span>exceso. Contiene extractos de Menta, Tomillo y Manzanilla de<span class=\"Apple-converted-space\">\u00a0 <\/span>propiedad<span class=\"Apple-converted-space\">\u00a0 <\/span>viraje,<span class=\"Apple-converted-space\">\u00a0 <\/span>desinfectantes<span class=\"Apple-converted-space\">\u00a0 <\/span>y calmante; con gel de Aloe para un efecto refrescante.<\/p>","protected":false},"excerpt":{"rendered":"<p>Este suave exfoliante, gracias a la presencia de gr\u00e1nulos derivados de la c\u00e1scara de nuez, elimina todas las impurezas como caspa, c\u00e9lulas muertas y exceso de sebo del cuero cabelludo.<br \/>\nContiene estratto di Menta, Timo e Camomilla dalle propriet\u00e0 tonificanti, igienizzanti e lenitive; con gel di Aloe ad effetto rinfrescante. [&#8230;]<\/p>\n<p><a class=\"btn btn-secondary understrap-read-more-link\" href=\"https:\/\/derbe.it\/es\/producto\/exfoliante-anticaspa-prechampu-higienizante\/\">Leer m\u00e1s\u2026<span class=\"screen-reader-text\"> from Scrub pre-sciampo igienizzante antiforfora<\/span><\/a><\/p>","protected":false},"featured_media":343,"template":"","meta":{"_acf_changed":false},"caratteristica":[],"collezione":[],"formato":[],"funzione":[84],"utilizzo":[],"ingrediente-principale":[],"product_brand":[],"product_cat":[15],"product_tag":[],"class_list":{"0":"post-342","1":"product","2":"type-product","3":"status-publish","4":"has-post-thumbnail","6":"funzione-capelli-con-forfora","7":"product_cat-senza-categoria","9":"first","10":"instock","11":"purchasable","12":"product-type-simple"},"acf":[],"yoast_head":"<!-- This site is optimized with the Yoast SEO Premium plugin v26.1 (Yoast SEO v26.8) - https:\/\/yoast.com\/product\/yoast-seo-premium-wordpress\/ -->\n<title>Scrub pre-sciampo igienizzante antiforfora - Derbe - cosmetici naturali<\/title>\n<meta name=\"description\" content=\"Questo gentile scrub grazie alla presenza di granuli derivati dal guscio di Noce elimina dal cuoio capelluto tutte le impurit\u00e0 quali forfora, cellule morte e sebo in eccesso. Contiene estratto di Menta, Timo e Camomilla dalle propriet\u00e0 tonificanti, igienizzanti e lenitive; con gel di Aloe ad effetto rinfrescante.\" \/>\n<meta name=\"robots\" content=\"index, follow, max-snippet:-1, max-image-preview:large, max-video-preview:-1\" \/>\n<link rel=\"canonical\" href=\"https:\/\/derbe.it\/es\/producto\/exfoliante-anticaspa-prechampu-higienizante\/\" \/>\n<meta property=\"og:locale\" content=\"es_ES\" \/>\n<meta property=\"og:type\" content=\"article\" \/>\n<meta property=\"og:title\" content=\"Scrub pre-sciampo igienizzante antiforfora\" \/>\n<meta property=\"og:description\" content=\"Questo gentile scrub grazie alla presenza di granuli derivati dal guscio di Noce elimina dal cuoio capelluto tutte le impurit\u00e0 quali forfora, cellule morte e sebo in eccesso. Contiene estratto di Menta, Timo e Camomilla dalle propriet\u00e0 tonificanti, igienizzanti e lenitive; con gel di Aloe ad effetto rinfrescante.\" \/>\n<meta property=\"og:url\" content=\"https:\/\/derbe.it\/es\/producto\/exfoliante-anticaspa-prechampu-higienizante\/\" \/>\n<meta property=\"og:site_name\" content=\"Derbe - cosmetici naturali\" \/>\n<meta property=\"article:publisher\" content=\"https:\/\/www.facebook.com\/evoderbebio\" \/>\n<meta property=\"article:modified_time\" content=\"2025-06-24T14:41:22+00:00\" \/>\n<meta property=\"og:image\" content=\"https:\/\/derbe.it\/wp-content\/uploads\/2025\/05\/scrub-granuli-noce-presciampo-igenizzante-tutti-i-tipi-forfora-derbe.jpg\" \/>\n\t<meta property=\"og:image:width\" content=\"1600\" \/>\n\t<meta property=\"og:image:height\" content=\"2000\" \/>\n\t<meta property=\"og:image:type\" content=\"image\/jpeg\" \/>\n<meta name=\"twitter:card\" content=\"summary_large_image\" \/>\n<script type=\"application\/ld+json\" class=\"yoast-schema-graph\">{\"@context\":\"https:\/\/schema.org\",\"@graph\":[{\"@type\":\"WebPage\",\"@id\":\"https:\/\/derbe.it\/prodotto\/scrub-pre-sciampo-igienizzante-antiforfora\/\",\"url\":\"https:\/\/derbe.it\/prodotto\/scrub-pre-sciampo-igienizzante-antiforfora\/\",\"name\":\"Scrub pre-sciampo igienizzante antiforfora - Derbe - cosmetici naturali\",\"isPartOf\":{\"@id\":\"https:\/\/derbe.it\/#website\"},\"primaryImageOfPage\":{\"@id\":\"https:\/\/derbe.it\/prodotto\/scrub-pre-sciampo-igienizzante-antiforfora\/#primaryimage\"},\"image\":{\"@id\":\"https:\/\/derbe.it\/prodotto\/scrub-pre-sciampo-igienizzante-antiforfora\/#primaryimage\"},\"thumbnailUrl\":\"https:\/\/derbe.it\/wp-content\/uploads\/2025\/05\/scrub-granuli-noce-presciampo-igenizzante-tutti-i-tipi-forfora-derbe.jpg\",\"datePublished\":\"2018-09-26T08:11:01+00:00\",\"dateModified\":\"2025-06-24T14:41:22+00:00\",\"description\":\"Questo gentile scrub grazie alla presenza di granuli derivati dal guscio di Noce elimina dal cuoio capelluto tutte le impurit\u00e0 quali forfora, cellule morte e sebo in eccesso. Contiene estratto di Menta, Timo e Camomilla dalle propriet\u00e0 tonificanti, igienizzanti e lenitive; con gel di Aloe ad effetto rinfrescante.\",\"breadcrumb\":{\"@id\":\"https:\/\/derbe.it\/prodotto\/scrub-pre-sciampo-igienizzante-antiforfora\/#breadcrumb\"},\"inLanguage\":\"es\",\"potentialAction\":[{\"@type\":\"ReadAction\",\"target\":[\"https:\/\/derbe.it\/prodotto\/scrub-pre-sciampo-igienizzante-antiforfora\/\"]}]},{\"@type\":\"ImageObject\",\"inLanguage\":\"es\",\"@id\":\"https:\/\/derbe.it\/prodotto\/scrub-pre-sciampo-igienizzante-antiforfora\/#primaryimage\",\"url\":\"https:\/\/derbe.it\/wp-content\/uploads\/2025\/05\/scrub-granuli-noce-presciampo-igenizzante-tutti-i-tipi-forfora-derbe.jpg\",\"contentUrl\":\"https:\/\/derbe.it\/wp-content\/uploads\/2025\/05\/scrub-granuli-noce-presciampo-igenizzante-tutti-i-tipi-forfora-derbe.jpg\",\"width\":1600,\"height\":2000},{\"@type\":\"BreadcrumbList\",\"@id\":\"https:\/\/derbe.it\/prodotto\/scrub-pre-sciampo-igienizzante-antiforfora\/#breadcrumb\",\"itemListElement\":[{\"@type\":\"ListItem\",\"position\":1,\"name\":\"Home\",\"item\":\"https:\/\/derbe.it\/\"},{\"@type\":\"ListItem\",\"position\":2,\"name\":\"Shop\",\"item\":\"https:\/\/derbe.it\/en\/shop\/\"},{\"@type\":\"ListItem\",\"position\":3,\"name\":\"Senza categoria\",\"item\":\"https:\/\/derbe.it\/categoria-prodotto\/senza-categoria\/\"},{\"@type\":\"ListItem\",\"position\":4,\"name\":\"Scrub pre-sciampo igienizzante antiforfora\"}]},{\"@type\":\"WebSite\",\"@id\":\"https:\/\/derbe.it\/#website\",\"url\":\"https:\/\/derbe.it\/\",\"name\":\"Derbe\",\"description\":\"Da oltre 50 anni - Made in italy - prodotti per capelli e corpo con estratti vegetali e formule sostenibili\",\"publisher\":{\"@id\":\"https:\/\/derbe.it\/#organization\"},\"potentialAction\":[{\"@type\":\"SearchAction\",\"target\":{\"@type\":\"EntryPoint\",\"urlTemplate\":\"https:\/\/derbe.it\/?s={search_term_string}\"},\"query-input\":{\"@type\":\"PropertyValueSpecification\",\"valueRequired\":true,\"valueName\":\"search_term_string\"}}],\"inLanguage\":\"es\"},{\"@type\":\"Organization\",\"@id\":\"https:\/\/derbe.it\/#organization\",\"name\":\"Derbe\",\"url\":\"https:\/\/derbe.it\/\",\"logo\":{\"@type\":\"ImageObject\",\"inLanguage\":\"es\",\"@id\":\"https:\/\/derbe.it\/#\/schema\/logo\/image\/\",\"url\":\"https:\/\/derbe.it\/wp-content\/uploads\/2025\/06\/logo_derbe_firenze.png\",\"contentUrl\":\"https:\/\/derbe.it\/wp-content\/uploads\/2025\/06\/logo_derbe_firenze.png\",\"width\":1200,\"height\":497,\"caption\":\"Derbe\"},\"image\":{\"@id\":\"https:\/\/derbe.it\/#\/schema\/logo\/image\/\"},\"sameAs\":[\"https:\/\/www.facebook.com\/evoderbebio\",\"https:\/\/www.instagram.com\/derbe.official\/\"],\"email\":\"info@derbe.it\",\"telephone\":\"+39 055 42 11 799\",\"legalName\":\"Derbe S.r.l. a socio unico\",\"vatID\":\"07272610481\"}]}<\/script>\n<!-- \/ Yoast SEO Premium plugin. -->","yoast_head_json":{"title":"Exfoliante prechamp\u00fa anticaspa y desinfectante - Derbe - cosm\u00e9tica natural","description":"Este suave exfoliante, gracias a la presencia de gr\u00e1nulos de c\u00e1scara de nuez, elimina todas las impurezas del cuero cabelludo, como la caspa, las c\u00e9lulas muertas y el exceso de sebo. Contiene extractos de menta, tomillo y manzanilla con propiedades tonificantes, limpiadoras y calmantes; adem\u00e1s, contiene gel de aloe vera para un efecto refrescante.","robots":{"index":"index","follow":"follow","max-snippet":"max-snippet:-1","max-image-preview":"max-image-preview:large","max-video-preview":"max-video-preview:-1"},"canonical":"https:\/\/derbe.it\/es\/producto\/exfoliante-anticaspa-prechampu-higienizante\/","og_locale":"es_ES","og_type":"article","og_title":"Scrub pre-sciampo igienizzante antiforfora","og_description":"Questo gentile scrub grazie alla presenza di granuli derivati dal guscio di Noce elimina dal cuoio capelluto tutte le impurit\u00e0 quali forfora, cellule morte e sebo in eccesso. Contiene estratto di Menta, Timo e Camomilla dalle propriet\u00e0 tonificanti, igienizzanti e lenitive; con gel di Aloe ad effetto rinfrescante.","og_url":"https:\/\/derbe.it\/es\/producto\/exfoliante-anticaspa-prechampu-higienizante\/","og_site_name":"Derbe - cosmetici naturali","article_publisher":"https:\/\/www.facebook.com\/evoderbebio","article_modified_time":"2025-06-24T14:41:22+00:00","og_image":[{"width":1600,"height":2000,"url":"https:\/\/derbe.it\/wp-content\/uploads\/2025\/05\/scrub-granuli-noce-presciampo-igenizzante-tutti-i-tipi-forfora-derbe.jpg","type":"image\/jpeg"}],"twitter_card":"summary_large_image","schema":{"@context":"https:\/\/schema.org","@graph":[{"@type":"WebPage","@id":"https:\/\/derbe.it\/prodotto\/scrub-pre-sciampo-igienizzante-antiforfora\/","url":"https:\/\/derbe.it\/prodotto\/scrub-pre-sciampo-igienizzante-antiforfora\/","name":"Exfoliante prechamp\u00fa anticaspa y desinfectante - Derbe - cosm\u00e9tica natural","isPartOf":{"@id":"https:\/\/derbe.it\/#website"},"primaryImageOfPage":{"@id":"https:\/\/derbe.it\/prodotto\/scrub-pre-sciampo-igienizzante-antiforfora\/#primaryimage"},"image":{"@id":"https:\/\/derbe.it\/prodotto\/scrub-pre-sciampo-igienizzante-antiforfora\/#primaryimage"},"thumbnailUrl":"https:\/\/derbe.it\/wp-content\/uploads\/2025\/05\/scrub-granuli-noce-presciampo-igenizzante-tutti-i-tipi-forfora-derbe.jpg","datePublished":"2018-09-26T08:11:01+00:00","dateModified":"2025-06-24T14:41:22+00:00","description":"Este suave exfoliante, gracias a la presencia de gr\u00e1nulos de c\u00e1scara de nuez, elimina todas las impurezas del cuero cabelludo, como la caspa, las c\u00e9lulas muertas y el exceso de sebo. Contiene extractos de menta, tomillo y manzanilla con propiedades tonificantes, limpiadoras y calmantes; adem\u00e1s, contiene gel de aloe vera para un efecto refrescante.","breadcrumb":{"@id":"https:\/\/derbe.it\/prodotto\/scrub-pre-sciampo-igienizzante-antiforfora\/#breadcrumb"},"inLanguage":"es","potentialAction":[{"@type":"ReadAction","target":["https:\/\/derbe.it\/prodotto\/scrub-pre-sciampo-igienizzante-antiforfora\/"]}]},{"@type":"ImageObject","inLanguage":"es","@id":"https:\/\/derbe.it\/prodotto\/scrub-pre-sciampo-igienizzante-antiforfora\/#primaryimage","url":"https:\/\/derbe.it\/wp-content\/uploads\/2025\/05\/scrub-granuli-noce-presciampo-igenizzante-tutti-i-tipi-forfora-derbe.jpg","contentUrl":"https:\/\/derbe.it\/wp-content\/uploads\/2025\/05\/scrub-granuli-noce-presciampo-igenizzante-tutti-i-tipi-forfora-derbe.jpg","width":1600,"height":2000},{"@type":"BreadcrumbList","@id":"https:\/\/derbe.it\/prodotto\/scrub-pre-sciampo-igienizzante-antiforfora\/#breadcrumb","itemListElement":[{"@type":"ListItem","position":1,"name":"Home","item":"https:\/\/derbe.it\/"},{"@type":"ListItem","position":2,"name":"Shop","item":"https:\/\/derbe.it\/en\/shop\/"},{"@type":"ListItem","position":3,"name":"Senza categoria","item":"https:\/\/derbe.it\/categoria-prodotto\/senza-categoria\/"},{"@type":"ListItem","position":4,"name":"Scrub pre-sciampo igienizzante antiforfora"}]},{"@type":"WebSite","@id":"https:\/\/derbe.it\/#website","url":"https:\/\/derbe.it\/","name":"Derbe","description":"Desde hace m\u00e1s de 50 a\u00f1os - Hecho en Italia - Productos para el cabello y el cuerpo con extractos de plantas y f\u00f3rmulas sostenibles","publisher":{"@id":"https:\/\/derbe.it\/#organization"},"potentialAction":[{"@type":"SearchAction","target":{"@type":"EntryPoint","urlTemplate":"https:\/\/derbe.it\/?s={search_term_string}"},"query-input":{"@type":"PropertyValueSpecification","valueRequired":true,"valueName":"search_term_string"}}],"inLanguage":"es"},{"@type":"Organization","@id":"https:\/\/derbe.it\/#organization","name":"Derbe","url":"https:\/\/derbe.it\/","logo":{"@type":"ImageObject","inLanguage":"es","@id":"https:\/\/derbe.it\/#\/schema\/logo\/image\/","url":"https:\/\/derbe.it\/wp-content\/uploads\/2025\/06\/logo_derbe_firenze.png","contentUrl":"https:\/\/derbe.it\/wp-content\/uploads\/2025\/06\/logo_derbe_firenze.png","width":1200,"height":497,"caption":"Derbe"},"image":{"@id":"https:\/\/derbe.it\/#\/schema\/logo\/image\/"},"sameAs":["https:\/\/www.facebook.com\/evoderbebio","https:\/\/www.instagram.com\/derbe.official\/"],"email":"info@derbe.it","telephone":"+39 055 42 11 799","legalName":"Derbe S.r.l. a socio unico","vatID":"07272610481"}]}},"_links":{"self":[{"href":"https:\/\/derbe.it\/es\/wp-json\/wp\/v2\/product\/342","targetHints":{"allow":["GET"]}}],"collection":[{"href":"https:\/\/derbe.it\/es\/wp-json\/wp\/v2\/product"}],"about":[{"href":"https:\/\/derbe.it\/es\/wp-json\/wp\/v2\/types\/product"}],"wp:featuredmedia":[{"embeddable":true,"href":"https:\/\/derbe.it\/es\/wp-json\/wp\/v2\/media\/343"}],"wp:attachment":[{"href":"https:\/\/derbe.it\/es\/wp-json\/wp\/v2\/media?parent=342"}],"wp:term":[{"taxonomy":"caratteristica","embeddable":true,"href":"https:\/\/derbe.it\/es\/wp-json\/wp\/v2\/caratteristica?post=342"},{"taxonomy":"collezione","embeddable":true,"href":"https:\/\/derbe.it\/es\/wp-json\/wp\/v2\/collezione?post=342"},{"taxonomy":"formato","embeddable":true,"href":"https:\/\/derbe.it\/es\/wp-json\/wp\/v2\/formato?post=342"},{"taxonomy":"funzione","embeddable":true,"href":"https:\/\/derbe.it\/es\/wp-json\/wp\/v2\/funzione?post=342"},{"taxonomy":"utilizzo","embeddable":true,"href":"https:\/\/derbe.it\/es\/wp-json\/wp\/v2\/utilizzo?post=342"},{"taxonomy":"ingrediente-principale","embeddable":true,"href":"https:\/\/derbe.it\/es\/wp-json\/wp\/v2\/ingrediente-principale?post=342"},{"taxonomy":"product_brand","embeddable":true,"href":"https:\/\/derbe.it\/es\/wp-json\/wp\/v2\/product_brand?post=342"},{"taxonomy":"product_cat","embeddable":true,"href":"https:\/\/derbe.it\/es\/wp-json\/wp\/v2\/product_cat?post=342"},{"taxonomy":"product_tag","embeddable":true,"href":"https:\/\/derbe.it\/es\/wp-json\/wp\/v2\/product_tag?post=342"}],"curies":[{"name":"wp","href":"https:\/\/api.w.org\/{rel}","templated":true}]}}