{"id":350,"date":"2018-09-26T10:13:27","date_gmt":"2018-09-26T08:13:27","guid":{"rendered":"https:\/\/derbe.it\/prodotto\/sciampo-anti-age\/"},"modified":"2025-11-05T17:24:25","modified_gmt":"2025-11-05T16:24:25","slug":"champu-antienvejecimiento","status":"publish","type":"product","link":"https:\/\/derbe.it\/es\/producto\/champu-antienvejecimiento\/","title":{"rendered":"champ\u00fa antienvejecimiento"},"content":{"rendered":"<p>Con la edad, no solo cambia el color del cabello, sino que la fibra capilar pierde elasticidad, densidad y, a menudo, incluso forma y textura. Por ello, el cabello maduro requiere mayor nutrici\u00f3n e hidrataci\u00f3n.<\/p>\n<p>El Champ\u00fa Nutri-Volumizador Derbe hidrata el cuero cabelludo con aceite de arg\u00e1n y redensifica la estructura capilar con ceramidas de girasol. Adem\u00e1s, tonifica el bulbo piloso gracias a las propiedades energizantes del extracto de ginseng y protege la fibra capilar gracias a la acci\u00f3n de apoyo de la provitamina B5 (pantenol).<\/p>","protected":false},"excerpt":{"rendered":"<p>El champ\u00fa nutritivo y voluminizador antiedad es el champ\u00fa ideal para cabello maduro que requiere mayor nutrici\u00f3n e hidrataci\u00f3n.<br \/>\nE\u2019 adatto anche per capelli disidratati che hanno subito trattamenti che ne compromettono l\u2019integrit\u00e0. [&#8230;]<\/p>\n<p><a class=\"btn btn-secondary understrap-read-more-link\" href=\"https:\/\/derbe.it\/es\/producto\/champu-antienvejecimiento\/\">Leer m\u00e1s\u2026<span class=\"screen-reader-text\"> from Shampoo Anti-age<\/span><\/a><\/p>","protected":false},"featured_media":351,"template":"","meta":{"_acf_changed":false},"caratteristica":[116],"collezione":[],"formato":[],"funzione":[89],"utilizzo":[],"ingrediente-principale":[],"product_brand":[],"product_cat":[23],"product_tag":[],"class_list":{"0":"post-350","1":"product","2":"type-product","3":"status-publish","4":"has-post-thumbnail","6":"caratteristica-sviluppato-da-biologi-esperti","7":"funzione-capelli-bianchi","8":"product_cat-shampoo","10":"first","11":"instock","12":"purchasable","13":"product-type-simple"},"acf":[],"yoast_head":"<!-- This site is optimized with the Yoast SEO Premium plugin v26.1 (Yoast SEO v26.8) - https:\/\/yoast.com\/product\/yoast-seo-premium-wordpress\/ -->\n<title>Shampoo Anti-age - Derbe - cosmetici naturali<\/title>\n<meta name=\"description\" content=\"Lo shampoo anti-age nutri-volumizzante \u00e8 lo sciampo ideale per i capelli maturi che richiedono maggior nutrimento e idratazione. E\u2019 adatto anche per capelli disidratati che hanno subito trattamenti che ne compromettono l\u2019integrit\u00e0.\" \/>\n<meta name=\"robots\" content=\"index, follow, max-snippet:-1, max-image-preview:large, max-video-preview:-1\" \/>\n<link rel=\"canonical\" href=\"https:\/\/derbe.it\/es\/producto\/champu-antienvejecimiento\/\" \/>\n<meta property=\"og:locale\" content=\"es_ES\" \/>\n<meta property=\"og:type\" content=\"article\" \/>\n<meta property=\"og:title\" content=\"Shampoo Anti-age\" \/>\n<meta property=\"og:description\" content=\"Lo shampoo anti-age nutri-volumizzante \u00e8 lo sciampo ideale per i capelli maturi che richiedono maggior nutrimento e idratazione. E\u2019 adatto anche per capelli disidratati che hanno subito trattamenti che ne compromettono l\u2019integrit\u00e0.\" \/>\n<meta property=\"og:url\" content=\"https:\/\/derbe.it\/es\/producto\/champu-antienvejecimiento\/\" \/>\n<meta property=\"og:site_name\" content=\"Derbe - cosmetici naturali\" \/>\n<meta property=\"article:publisher\" content=\"https:\/\/www.facebook.com\/evoderbebio\" \/>\n<meta property=\"article:modified_time\" content=\"2025-11-05T16:24:25+00:00\" \/>\n<meta property=\"og:image\" content=\"https:\/\/derbe.it\/wp-content\/uploads\/2025\/05\/sciampo-anti-age-nutri-volumizzante-olio-di-argan-ceramidi-di-girasole-derbe.jpg\" \/>\n\t<meta property=\"og:image:width\" content=\"1600\" \/>\n\t<meta property=\"og:image:height\" content=\"2000\" \/>\n\t<meta property=\"og:image:type\" content=\"image\/jpeg\" \/>\n<meta name=\"twitter:card\" content=\"summary_large_image\" \/>\n<meta name=\"twitter:label1\" content=\"Tiempo de lectura\" \/>\n\t<meta name=\"twitter:data1\" content=\"2 minutos\" \/>\n<script type=\"application\/ld+json\" class=\"yoast-schema-graph\">{\"@context\":\"https:\/\/schema.org\",\"@graph\":[{\"@type\":\"WebPage\",\"@id\":\"https:\/\/derbe.it\/prodotto\/sciampo-anti-age\/\",\"url\":\"https:\/\/derbe.it\/prodotto\/sciampo-anti-age\/\",\"name\":\"Shampoo Anti-age - Derbe - cosmetici naturali\",\"isPartOf\":{\"@id\":\"https:\/\/derbe.it\/#website\"},\"primaryImageOfPage\":{\"@id\":\"https:\/\/derbe.it\/prodotto\/sciampo-anti-age\/#primaryimage\"},\"image\":{\"@id\":\"https:\/\/derbe.it\/prodotto\/sciampo-anti-age\/#primaryimage\"},\"thumbnailUrl\":\"https:\/\/derbe.it\/wp-content\/uploads\/2025\/05\/sciampo-anti-age-nutri-volumizzante-olio-di-argan-ceramidi-di-girasole-derbe.jpg\",\"datePublished\":\"2018-09-26T08:13:27+00:00\",\"dateModified\":\"2025-11-05T16:24:25+00:00\",\"description\":\"Lo shampoo anti-age nutri-volumizzante \u00e8 lo sciampo ideale per i capelli maturi che richiedono maggior nutrimento e idratazione. E\u2019 adatto anche per capelli disidratati che hanno subito trattamenti che ne compromettono l\u2019integrit\u00e0.\",\"breadcrumb\":{\"@id\":\"https:\/\/derbe.it\/prodotto\/sciampo-anti-age\/#breadcrumb\"},\"inLanguage\":\"es\",\"potentialAction\":[{\"@type\":\"ReadAction\",\"target\":[\"https:\/\/derbe.it\/prodotto\/sciampo-anti-age\/\"]}]},{\"@type\":\"ImageObject\",\"inLanguage\":\"es\",\"@id\":\"https:\/\/derbe.it\/prodotto\/sciampo-anti-age\/#primaryimage\",\"url\":\"https:\/\/derbe.it\/wp-content\/uploads\/2025\/05\/sciampo-anti-age-nutri-volumizzante-olio-di-argan-ceramidi-di-girasole-derbe.jpg\",\"contentUrl\":\"https:\/\/derbe.it\/wp-content\/uploads\/2025\/05\/sciampo-anti-age-nutri-volumizzante-olio-di-argan-ceramidi-di-girasole-derbe.jpg\",\"width\":1600,\"height\":2000,\"caption\":\"sciampo-anti-age-nutri-volumizzante-olio-di-argan-ceramidi-di-girasole-derbe\"},{\"@type\":\"BreadcrumbList\",\"@id\":\"https:\/\/derbe.it\/prodotto\/sciampo-anti-age\/#breadcrumb\",\"itemListElement\":[{\"@type\":\"ListItem\",\"position\":1,\"name\":\"Home\",\"item\":\"https:\/\/derbe.it\/\"},{\"@type\":\"ListItem\",\"position\":2,\"name\":\"Shop\",\"item\":\"https:\/\/derbe.it\/en\/shop\/\"},{\"@type\":\"ListItem\",\"position\":3,\"name\":\"Shampoo\",\"item\":\"https:\/\/derbe.it\/categoria-prodotto\/shampoo\/\"},{\"@type\":\"ListItem\",\"position\":4,\"name\":\"Shampoo Anti-age\"}]},{\"@type\":\"WebSite\",\"@id\":\"https:\/\/derbe.it\/#website\",\"url\":\"https:\/\/derbe.it\/\",\"name\":\"Derbe\",\"description\":\"Da oltre 50 anni - Made in italy - prodotti per capelli e corpo con estratti vegetali e formule sostenibili\",\"publisher\":{\"@id\":\"https:\/\/derbe.it\/#organization\"},\"potentialAction\":[{\"@type\":\"SearchAction\",\"target\":{\"@type\":\"EntryPoint\",\"urlTemplate\":\"https:\/\/derbe.it\/?s={search_term_string}\"},\"query-input\":{\"@type\":\"PropertyValueSpecification\",\"valueRequired\":true,\"valueName\":\"search_term_string\"}}],\"inLanguage\":\"es\"},{\"@type\":\"Organization\",\"@id\":\"https:\/\/derbe.it\/#organization\",\"name\":\"Derbe\",\"url\":\"https:\/\/derbe.it\/\",\"logo\":{\"@type\":\"ImageObject\",\"inLanguage\":\"es\",\"@id\":\"https:\/\/derbe.it\/#\/schema\/logo\/image\/\",\"url\":\"https:\/\/derbe.it\/wp-content\/uploads\/2025\/06\/logo_derbe_firenze.png\",\"contentUrl\":\"https:\/\/derbe.it\/wp-content\/uploads\/2025\/06\/logo_derbe_firenze.png\",\"width\":1200,\"height\":497,\"caption\":\"Derbe\"},\"image\":{\"@id\":\"https:\/\/derbe.it\/#\/schema\/logo\/image\/\"},\"sameAs\":[\"https:\/\/www.facebook.com\/evoderbebio\",\"https:\/\/www.instagram.com\/derbe.official\/\"],\"email\":\"info@derbe.it\",\"telephone\":\"+39 055 42 11 799\",\"legalName\":\"Derbe S.r.l. a socio unico\",\"vatID\":\"07272610481\"}]}<\/script>\n<!-- \/ Yoast SEO Premium plugin. -->","yoast_head_json":{"title":"Champ\u00fa antiedad - Derbe - cosm\u00e9tica natural","description":"Este champ\u00fa antiedad nutritivo y voluminizador es ideal para cabello maduro que necesita un aporte extra de nutrici\u00f3n e hidrataci\u00f3n. Tambi\u00e9n es adecuado para cabello deshidratado que ha sido sometido a tratamientos que comprometen su integridad.","robots":{"index":"index","follow":"follow","max-snippet":"max-snippet:-1","max-image-preview":"max-image-preview:large","max-video-preview":"max-video-preview:-1"},"canonical":"https:\/\/derbe.it\/es\/producto\/champu-antienvejecimiento\/","og_locale":"es_ES","og_type":"article","og_title":"Shampoo Anti-age","og_description":"Lo shampoo anti-age nutri-volumizzante \u00e8 lo sciampo ideale per i capelli maturi che richiedono maggior nutrimento e idratazione. E\u2019 adatto anche per capelli disidratati che hanno subito trattamenti che ne compromettono l\u2019integrit\u00e0.","og_url":"https:\/\/derbe.it\/es\/producto\/champu-antienvejecimiento\/","og_site_name":"Derbe - cosmetici naturali","article_publisher":"https:\/\/www.facebook.com\/evoderbebio","article_modified_time":"2025-11-05T16:24:25+00:00","og_image":[{"width":1600,"height":2000,"url":"https:\/\/derbe.it\/wp-content\/uploads\/2025\/05\/sciampo-anti-age-nutri-volumizzante-olio-di-argan-ceramidi-di-girasole-derbe.jpg","type":"image\/jpeg"}],"twitter_card":"summary_large_image","twitter_misc":{"Tiempo de lectura":"2 minutos"},"schema":{"@context":"https:\/\/schema.org","@graph":[{"@type":"WebPage","@id":"https:\/\/derbe.it\/prodotto\/sciampo-anti-age\/","url":"https:\/\/derbe.it\/prodotto\/sciampo-anti-age\/","name":"Champ\u00fa antiedad - Derbe - cosm\u00e9tica natural","isPartOf":{"@id":"https:\/\/derbe.it\/#website"},"primaryImageOfPage":{"@id":"https:\/\/derbe.it\/prodotto\/sciampo-anti-age\/#primaryimage"},"image":{"@id":"https:\/\/derbe.it\/prodotto\/sciampo-anti-age\/#primaryimage"},"thumbnailUrl":"https:\/\/derbe.it\/wp-content\/uploads\/2025\/05\/sciampo-anti-age-nutri-volumizzante-olio-di-argan-ceramidi-di-girasole-derbe.jpg","datePublished":"2018-09-26T08:13:27+00:00","dateModified":"2025-11-05T16:24:25+00:00","description":"Este champ\u00fa antiedad nutritivo y voluminizador es ideal para cabello maduro que necesita un aporte extra de nutrici\u00f3n e hidrataci\u00f3n. Tambi\u00e9n es adecuado para cabello deshidratado que ha sido sometido a tratamientos que comprometen su integridad.","breadcrumb":{"@id":"https:\/\/derbe.it\/prodotto\/sciampo-anti-age\/#breadcrumb"},"inLanguage":"es","potentialAction":[{"@type":"ReadAction","target":["https:\/\/derbe.it\/prodotto\/sciampo-anti-age\/"]}]},{"@type":"ImageObject","inLanguage":"es","@id":"https:\/\/derbe.it\/prodotto\/sciampo-anti-age\/#primaryimage","url":"https:\/\/derbe.it\/wp-content\/uploads\/2025\/05\/sciampo-anti-age-nutri-volumizzante-olio-di-argan-ceramidi-di-girasole-derbe.jpg","contentUrl":"https:\/\/derbe.it\/wp-content\/uploads\/2025\/05\/sciampo-anti-age-nutri-volumizzante-olio-di-argan-ceramidi-di-girasole-derbe.jpg","width":1600,"height":2000,"caption":"sciampo-anti-age-nutri-volumizzante-olio-di-argan-ceramidi-di-girasole-derbe"},{"@type":"BreadcrumbList","@id":"https:\/\/derbe.it\/prodotto\/sciampo-anti-age\/#breadcrumb","itemListElement":[{"@type":"ListItem","position":1,"name":"Home","item":"https:\/\/derbe.it\/"},{"@type":"ListItem","position":2,"name":"Shop","item":"https:\/\/derbe.it\/en\/shop\/"},{"@type":"ListItem","position":3,"name":"Shampoo","item":"https:\/\/derbe.it\/categoria-prodotto\/shampoo\/"},{"@type":"ListItem","position":4,"name":"Shampoo Anti-age"}]},{"@type":"WebSite","@id":"https:\/\/derbe.it\/#website","url":"https:\/\/derbe.it\/","name":"Derbe","description":"Desde hace m\u00e1s de 50 a\u00f1os - Hecho en Italia - Productos para el cabello y el cuerpo con extractos de plantas y f\u00f3rmulas sostenibles","publisher":{"@id":"https:\/\/derbe.it\/#organization"},"potentialAction":[{"@type":"SearchAction","target":{"@type":"EntryPoint","urlTemplate":"https:\/\/derbe.it\/?s={search_term_string}"},"query-input":{"@type":"PropertyValueSpecification","valueRequired":true,"valueName":"search_term_string"}}],"inLanguage":"es"},{"@type":"Organization","@id":"https:\/\/derbe.it\/#organization","name":"Derbe","url":"https:\/\/derbe.it\/","logo":{"@type":"ImageObject","inLanguage":"es","@id":"https:\/\/derbe.it\/#\/schema\/logo\/image\/","url":"https:\/\/derbe.it\/wp-content\/uploads\/2025\/06\/logo_derbe_firenze.png","contentUrl":"https:\/\/derbe.it\/wp-content\/uploads\/2025\/06\/logo_derbe_firenze.png","width":1200,"height":497,"caption":"Derbe"},"image":{"@id":"https:\/\/derbe.it\/#\/schema\/logo\/image\/"},"sameAs":["https:\/\/www.facebook.com\/evoderbebio","https:\/\/www.instagram.com\/derbe.official\/"],"email":"info@derbe.it","telephone":"+39 055 42 11 799","legalName":"Derbe S.r.l. a socio unico","vatID":"07272610481"}]}},"_links":{"self":[{"href":"https:\/\/derbe.it\/es\/wp-json\/wp\/v2\/product\/350","targetHints":{"allow":["GET"]}}],"collection":[{"href":"https:\/\/derbe.it\/es\/wp-json\/wp\/v2\/product"}],"about":[{"href":"https:\/\/derbe.it\/es\/wp-json\/wp\/v2\/types\/product"}],"wp:featuredmedia":[{"embeddable":true,"href":"https:\/\/derbe.it\/es\/wp-json\/wp\/v2\/media\/351"}],"wp:attachment":[{"href":"https:\/\/derbe.it\/es\/wp-json\/wp\/v2\/media?parent=350"}],"wp:term":[{"taxonomy":"caratteristica","embeddable":true,"href":"https:\/\/derbe.it\/es\/wp-json\/wp\/v2\/caratteristica?post=350"},{"taxonomy":"collezione","embeddable":true,"href":"https:\/\/derbe.it\/es\/wp-json\/wp\/v2\/collezione?post=350"},{"taxonomy":"formato","embeddable":true,"href":"https:\/\/derbe.it\/es\/wp-json\/wp\/v2\/formato?post=350"},{"taxonomy":"funzione","embeddable":true,"href":"https:\/\/derbe.it\/es\/wp-json\/wp\/v2\/funzione?post=350"},{"taxonomy":"utilizzo","embeddable":true,"href":"https:\/\/derbe.it\/es\/wp-json\/wp\/v2\/utilizzo?post=350"},{"taxonomy":"ingrediente-principale","embeddable":true,"href":"https:\/\/derbe.it\/es\/wp-json\/wp\/v2\/ingrediente-principale?post=350"},{"taxonomy":"product_brand","embeddable":true,"href":"https:\/\/derbe.it\/es\/wp-json\/wp\/v2\/product_brand?post=350"},{"taxonomy":"product_cat","embeddable":true,"href":"https:\/\/derbe.it\/es\/wp-json\/wp\/v2\/product_cat?post=350"},{"taxonomy":"product_tag","embeddable":true,"href":"https:\/\/derbe.it\/es\/wp-json\/wp\/v2\/product_tag?post=350"}],"curies":[{"name":"wp","href":"https:\/\/api.w.org\/{rel}","templated":true}]}}