{"id":402,"date":"2018-09-26T10:14:03","date_gmt":"2018-09-26T08:14:03","guid":{"rendered":"https:\/\/derbe.it\/prodotto\/detergente-intimo\/"},"modified":"2025-06-24T16:41:36","modified_gmt":"2025-06-24T14:41:36","slug":"limpiador-intimo","status":"publish","type":"product","link":"https:\/\/derbe.it\/es\/producto\/limpiador-intimo\/","title":{"rendered":"Limpiador \u00edntimo"},"content":{"rendered":"<p>Para pieles delicadas con prote\u00ednas de almendras dulces.<br \/>\nLas partes m\u00e1s delicadas de nuestro cuerpo son sin duda las \u00edntimas.<br \/>\nPara una correcta higiene de las zonas \u00edntimas, ingles, ombligo, axilas y senos, es aconsejable evitar lavados excesivos o lavados con preparados demasiado agresivos.<br \/>\nSe aconseja utilizar un limpiador muy delicado, eud\u00e9rmico y espec\u00edfico que respete la acidez, el equilibrio hidrolip\u00eddico y la flora bacteriana beneficiosa presente.<br \/>\nUna limpieza suave es la base de una higiene \u00edntima adecuada.<br \/>\nEl Limpiador \u00cdntimo Derbe es extremadamente suave, tiene un pH \u00e1cido y contiene un complejo de aceites esenciales especialmente indicado para la limpieza \u00edntima, junto con Echinacea angustifolia, una maravillosa planta medicinal tradicionalmente utilizada por los nativos americanos. Es el ingrediente natural m\u00e1s eficaz para mejorar el equilibrio hidrolip\u00eddico de la piel da\u00f1ada y sensible. Su delicado color verde proviene de la clorofila vegetal, un desodorante natural.<\/p>","protected":false},"excerpt":{"rendered":"<p>Il Detergente Intimo Derbe e&#8217; delicatissimo, ha un ph acido e contiene un complesso di oli essenziali particolarmente indicati nella detergenza intima insieme all&#8217;Echinacea angustifolia. [&#8230;]<\/p>\n<p><a class=\"btn btn-secondary understrap-read-more-link\" href=\"https:\/\/derbe.it\/es\/producto\/limpiador-intimo\/\">Leer m\u00e1s\u2026<span class=\"screen-reader-text\"> from Detergente Intimo<\/span><\/a><\/p>","protected":false},"featured_media":403,"template":"","meta":{"_acf_changed":false},"caratteristica":[],"collezione":[112],"formato":[],"funzione":[],"utilizzo":[],"ingrediente-principale":[],"product_brand":[],"product_cat":[15],"product_tag":[],"class_list":{"0":"post-402","1":"product","2":"type-product","3":"status-publish","4":"has-post-thumbnail","6":"collezione-derbe-skin","7":"product_cat-senza-categoria","9":"first","10":"instock","11":"purchasable","12":"product-type-simple"},"acf":[],"yoast_head":"<!-- This site is optimized with the Yoast SEO Premium plugin v26.1 (Yoast SEO v26.8) - https:\/\/yoast.com\/product\/yoast-seo-premium-wordpress\/ -->\n<title>Detergente Intimo - Derbe - cosmetici naturali<\/title>\n<meta name=\"description\" content=\"Il Detergente Intimo Derbe e&#039; delicatissimo, ha un ph acido e contiene un complesso di oli essenziali particolarmente indicati nella detergenza intima insieme all&#039;Echinacea angustifolia.\" \/>\n<meta name=\"robots\" content=\"index, follow, max-snippet:-1, max-image-preview:large, max-video-preview:-1\" \/>\n<link rel=\"canonical\" href=\"https:\/\/derbe.it\/es\/producto\/limpiador-intimo\/\" \/>\n<meta property=\"og:locale\" content=\"es_ES\" \/>\n<meta property=\"og:type\" content=\"article\" \/>\n<meta property=\"og:title\" content=\"Detergente Intimo\" \/>\n<meta property=\"og:description\" content=\"Il Detergente Intimo Derbe e&#039; delicatissimo, ha un ph acido e contiene un complesso di oli essenziali particolarmente indicati nella detergenza intima insieme all&#039;Echinacea angustifolia.\" \/>\n<meta property=\"og:url\" content=\"https:\/\/derbe.it\/es\/producto\/limpiador-intimo\/\" \/>\n<meta property=\"og:site_name\" content=\"Derbe - cosmetici naturali\" \/>\n<meta property=\"article:publisher\" content=\"https:\/\/www.facebook.com\/evoderbebio\" \/>\n<meta property=\"article:modified_time\" content=\"2025-06-24T14:41:36+00:00\" \/>\n<meta property=\"og:image\" content=\"https:\/\/derbe.it\/wp-content\/uploads\/2025\/05\/detergente-intimo-per-pelli-delicate-camomilla-riso-derbe.jpg\" \/>\n\t<meta property=\"og:image:width\" content=\"1600\" \/>\n\t<meta property=\"og:image:height\" content=\"2000\" \/>\n\t<meta property=\"og:image:type\" content=\"image\/jpeg\" \/>\n<meta name=\"twitter:card\" content=\"summary_large_image\" \/>\n<meta name=\"twitter:label1\" content=\"Tiempo de lectura\" \/>\n\t<meta name=\"twitter:data1\" content=\"1 minuto\" \/>\n<script type=\"application\/ld+json\" class=\"yoast-schema-graph\">{\"@context\":\"https:\/\/schema.org\",\"@graph\":[{\"@type\":\"WebPage\",\"@id\":\"https:\/\/derbe.it\/prodotto\/detergente-intimo\/\",\"url\":\"https:\/\/derbe.it\/prodotto\/detergente-intimo\/\",\"name\":\"Detergente Intimo - Derbe - cosmetici naturali\",\"isPartOf\":{\"@id\":\"https:\/\/derbe.it\/#website\"},\"primaryImageOfPage\":{\"@id\":\"https:\/\/derbe.it\/prodotto\/detergente-intimo\/#primaryimage\"},\"image\":{\"@id\":\"https:\/\/derbe.it\/prodotto\/detergente-intimo\/#primaryimage\"},\"thumbnailUrl\":\"https:\/\/derbe.it\/wp-content\/uploads\/2025\/05\/detergente-intimo-per-pelli-delicate-camomilla-riso-derbe.jpg\",\"datePublished\":\"2018-09-26T08:14:03+00:00\",\"dateModified\":\"2025-06-24T14:41:36+00:00\",\"description\":\"Il Detergente Intimo Derbe e' delicatissimo, ha un ph acido e contiene un complesso di oli essenziali particolarmente indicati nella detergenza intima insieme all'Echinacea angustifolia.\",\"breadcrumb\":{\"@id\":\"https:\/\/derbe.it\/prodotto\/detergente-intimo\/#breadcrumb\"},\"inLanguage\":\"es\",\"potentialAction\":[{\"@type\":\"ReadAction\",\"target\":[\"https:\/\/derbe.it\/prodotto\/detergente-intimo\/\"]}]},{\"@type\":\"ImageObject\",\"inLanguage\":\"es\",\"@id\":\"https:\/\/derbe.it\/prodotto\/detergente-intimo\/#primaryimage\",\"url\":\"https:\/\/derbe.it\/wp-content\/uploads\/2025\/05\/detergente-intimo-per-pelli-delicate-camomilla-riso-derbe.jpg\",\"contentUrl\":\"https:\/\/derbe.it\/wp-content\/uploads\/2025\/05\/detergente-intimo-per-pelli-delicate-camomilla-riso-derbe.jpg\",\"width\":1600,\"height\":2000,\"caption\":\"Detergente intimo per pelli delicate - Derbe\"},{\"@type\":\"BreadcrumbList\",\"@id\":\"https:\/\/derbe.it\/prodotto\/detergente-intimo\/#breadcrumb\",\"itemListElement\":[{\"@type\":\"ListItem\",\"position\":1,\"name\":\"Home\",\"item\":\"https:\/\/derbe.it\/\"},{\"@type\":\"ListItem\",\"position\":2,\"name\":\"Shop\",\"item\":\"https:\/\/derbe.it\/en\/shop\/\"},{\"@type\":\"ListItem\",\"position\":3,\"name\":\"Senza categoria\",\"item\":\"https:\/\/derbe.it\/categoria-prodotto\/senza-categoria\/\"},{\"@type\":\"ListItem\",\"position\":4,\"name\":\"Detergente Intimo\"}]},{\"@type\":\"WebSite\",\"@id\":\"https:\/\/derbe.it\/#website\",\"url\":\"https:\/\/derbe.it\/\",\"name\":\"Derbe\",\"description\":\"Da oltre 50 anni - Made in italy - prodotti per capelli e corpo con estratti vegetali e formule sostenibili\",\"publisher\":{\"@id\":\"https:\/\/derbe.it\/#organization\"},\"potentialAction\":[{\"@type\":\"SearchAction\",\"target\":{\"@type\":\"EntryPoint\",\"urlTemplate\":\"https:\/\/derbe.it\/?s={search_term_string}\"},\"query-input\":{\"@type\":\"PropertyValueSpecification\",\"valueRequired\":true,\"valueName\":\"search_term_string\"}}],\"inLanguage\":\"es\"},{\"@type\":\"Organization\",\"@id\":\"https:\/\/derbe.it\/#organization\",\"name\":\"Derbe\",\"url\":\"https:\/\/derbe.it\/\",\"logo\":{\"@type\":\"ImageObject\",\"inLanguage\":\"es\",\"@id\":\"https:\/\/derbe.it\/#\/schema\/logo\/image\/\",\"url\":\"https:\/\/derbe.it\/wp-content\/uploads\/2025\/06\/logo_derbe_firenze.png\",\"contentUrl\":\"https:\/\/derbe.it\/wp-content\/uploads\/2025\/06\/logo_derbe_firenze.png\",\"width\":1200,\"height\":497,\"caption\":\"Derbe\"},\"image\":{\"@id\":\"https:\/\/derbe.it\/#\/schema\/logo\/image\/\"},\"sameAs\":[\"https:\/\/www.facebook.com\/evoderbebio\",\"https:\/\/www.instagram.com\/derbe.official\/\"],\"email\":\"info@derbe.it\",\"telephone\":\"+39 055 42 11 799\",\"legalName\":\"Derbe S.r.l. a socio unico\",\"vatID\":\"07272610481\"}]}<\/script>\n<!-- \/ Yoast SEO Premium plugin. -->","yoast_head_json":{"title":"Limpiador \u00edntimo - Derbe - cosm\u00e9tica natural","description":"El Limpiador \u00cdntimo Derbe es extremadamente delicado, tiene un pH \u00e1cido y contiene un complejo de aceites esenciales especialmente indicados para la limpieza \u00edntima, junto con Echinacea angustifolia.","robots":{"index":"index","follow":"follow","max-snippet":"max-snippet:-1","max-image-preview":"max-image-preview:large","max-video-preview":"max-video-preview:-1"},"canonical":"https:\/\/derbe.it\/es\/producto\/limpiador-intimo\/","og_locale":"es_ES","og_type":"article","og_title":"Detergente Intimo","og_description":"Il Detergente Intimo Derbe e' delicatissimo, ha un ph acido e contiene un complesso di oli essenziali particolarmente indicati nella detergenza intima insieme all'Echinacea angustifolia.","og_url":"https:\/\/derbe.it\/es\/producto\/limpiador-intimo\/","og_site_name":"Derbe - cosmetici naturali","article_publisher":"https:\/\/www.facebook.com\/evoderbebio","article_modified_time":"2025-06-24T14:41:36+00:00","og_image":[{"width":1600,"height":2000,"url":"https:\/\/derbe.it\/wp-content\/uploads\/2025\/05\/detergente-intimo-per-pelli-delicate-camomilla-riso-derbe.jpg","type":"image\/jpeg"}],"twitter_card":"summary_large_image","twitter_misc":{"Tiempo de lectura":"1 minuto"},"schema":{"@context":"https:\/\/schema.org","@graph":[{"@type":"WebPage","@id":"https:\/\/derbe.it\/prodotto\/detergente-intimo\/","url":"https:\/\/derbe.it\/prodotto\/detergente-intimo\/","name":"Limpiador \u00edntimo - Derbe - cosm\u00e9tica natural","isPartOf":{"@id":"https:\/\/derbe.it\/#website"},"primaryImageOfPage":{"@id":"https:\/\/derbe.it\/prodotto\/detergente-intimo\/#primaryimage"},"image":{"@id":"https:\/\/derbe.it\/prodotto\/detergente-intimo\/#primaryimage"},"thumbnailUrl":"https:\/\/derbe.it\/wp-content\/uploads\/2025\/05\/detergente-intimo-per-pelli-delicate-camomilla-riso-derbe.jpg","datePublished":"2018-09-26T08:14:03+00:00","dateModified":"2025-06-24T14:41:36+00:00","description":"El Limpiador \u00cdntimo Derbe es extremadamente delicado, tiene un pH \u00e1cido y contiene un complejo de aceites esenciales especialmente indicados para la limpieza \u00edntima, junto con Echinacea angustifolia.","breadcrumb":{"@id":"https:\/\/derbe.it\/prodotto\/detergente-intimo\/#breadcrumb"},"inLanguage":"es","potentialAction":[{"@type":"ReadAction","target":["https:\/\/derbe.it\/prodotto\/detergente-intimo\/"]}]},{"@type":"ImageObject","inLanguage":"es","@id":"https:\/\/derbe.it\/prodotto\/detergente-intimo\/#primaryimage","url":"https:\/\/derbe.it\/wp-content\/uploads\/2025\/05\/detergente-intimo-per-pelli-delicate-camomilla-riso-derbe.jpg","contentUrl":"https:\/\/derbe.it\/wp-content\/uploads\/2025\/05\/detergente-intimo-per-pelli-delicate-camomilla-riso-derbe.jpg","width":1600,"height":2000,"caption":"Detergente intimo per pelli delicate - Derbe"},{"@type":"BreadcrumbList","@id":"https:\/\/derbe.it\/prodotto\/detergente-intimo\/#breadcrumb","itemListElement":[{"@type":"ListItem","position":1,"name":"Home","item":"https:\/\/derbe.it\/"},{"@type":"ListItem","position":2,"name":"Shop","item":"https:\/\/derbe.it\/en\/shop\/"},{"@type":"ListItem","position":3,"name":"Senza categoria","item":"https:\/\/derbe.it\/categoria-prodotto\/senza-categoria\/"},{"@type":"ListItem","position":4,"name":"Detergente Intimo"}]},{"@type":"WebSite","@id":"https:\/\/derbe.it\/#website","url":"https:\/\/derbe.it\/","name":"Derbe","description":"Desde hace m\u00e1s de 50 a\u00f1os - Hecho en Italia - Productos para el cabello y el cuerpo con extractos de plantas y f\u00f3rmulas sostenibles","publisher":{"@id":"https:\/\/derbe.it\/#organization"},"potentialAction":[{"@type":"SearchAction","target":{"@type":"EntryPoint","urlTemplate":"https:\/\/derbe.it\/?s={search_term_string}"},"query-input":{"@type":"PropertyValueSpecification","valueRequired":true,"valueName":"search_term_string"}}],"inLanguage":"es"},{"@type":"Organization","@id":"https:\/\/derbe.it\/#organization","name":"Derbe","url":"https:\/\/derbe.it\/","logo":{"@type":"ImageObject","inLanguage":"es","@id":"https:\/\/derbe.it\/#\/schema\/logo\/image\/","url":"https:\/\/derbe.it\/wp-content\/uploads\/2025\/06\/logo_derbe_firenze.png","contentUrl":"https:\/\/derbe.it\/wp-content\/uploads\/2025\/06\/logo_derbe_firenze.png","width":1200,"height":497,"caption":"Derbe"},"image":{"@id":"https:\/\/derbe.it\/#\/schema\/logo\/image\/"},"sameAs":["https:\/\/www.facebook.com\/evoderbebio","https:\/\/www.instagram.com\/derbe.official\/"],"email":"info@derbe.it","telephone":"+39 055 42 11 799","legalName":"Derbe S.r.l. a socio unico","vatID":"07272610481"}]}},"_links":{"self":[{"href":"https:\/\/derbe.it\/es\/wp-json\/wp\/v2\/product\/402","targetHints":{"allow":["GET"]}}],"collection":[{"href":"https:\/\/derbe.it\/es\/wp-json\/wp\/v2\/product"}],"about":[{"href":"https:\/\/derbe.it\/es\/wp-json\/wp\/v2\/types\/product"}],"wp:featuredmedia":[{"embeddable":true,"href":"https:\/\/derbe.it\/es\/wp-json\/wp\/v2\/media\/403"}],"wp:attachment":[{"href":"https:\/\/derbe.it\/es\/wp-json\/wp\/v2\/media?parent=402"}],"wp:term":[{"taxonomy":"caratteristica","embeddable":true,"href":"https:\/\/derbe.it\/es\/wp-json\/wp\/v2\/caratteristica?post=402"},{"taxonomy":"collezione","embeddable":true,"href":"https:\/\/derbe.it\/es\/wp-json\/wp\/v2\/collezione?post=402"},{"taxonomy":"formato","embeddable":true,"href":"https:\/\/derbe.it\/es\/wp-json\/wp\/v2\/formato?post=402"},{"taxonomy":"funzione","embeddable":true,"href":"https:\/\/derbe.it\/es\/wp-json\/wp\/v2\/funzione?post=402"},{"taxonomy":"utilizzo","embeddable":true,"href":"https:\/\/derbe.it\/es\/wp-json\/wp\/v2\/utilizzo?post=402"},{"taxonomy":"ingrediente-principale","embeddable":true,"href":"https:\/\/derbe.it\/es\/wp-json\/wp\/v2\/ingrediente-principale?post=402"},{"taxonomy":"product_brand","embeddable":true,"href":"https:\/\/derbe.it\/es\/wp-json\/wp\/v2\/product_brand?post=402"},{"taxonomy":"product_cat","embeddable":true,"href":"https:\/\/derbe.it\/es\/wp-json\/wp\/v2\/product_cat?post=402"},{"taxonomy":"product_tag","embeddable":true,"href":"https:\/\/derbe.it\/es\/wp-json\/wp\/v2\/product_tag?post=402"}],"curies":[{"name":"wp","href":"https:\/\/api.w.org\/{rel}","templated":true}]}}