{"id":550,"date":"2018-09-26T10:15:50","date_gmt":"2018-09-26T08:15:50","guid":{"rendered":"https:\/\/derbe.it\/prodotto\/acqua-vivificante-rosa-e-mora\/"},"modified":"2025-09-03T17:33:22","modified_gmt":"2025-09-03T15:33:22","slug":"agua-vivificante-de-rosas-y-moras","status":"publish","type":"product","link":"https:\/\/derbe.it\/es\/producto\/agua-vivificante-de-rosas-y-moras\/","title":{"rendered":"Agua vivificante de rosas y moras"},"content":{"rendered":"<p>Esta agua tonificante con aroma a rosas y moras es una alternativa refrescante a la loci\u00f3n corporal, especialmente en verano.<\/p>\n<p>Un agua revitalizante e hidratante para rociar sobre el cuerpo despu\u00e9s del ba\u00f1o o la ducha, con extractos de rosa y mora que poseen propiedades suavizantes, emolientes, tonificantes y purificantes. Su aroma distintivo deja la piel incre\u00edblemente fresca.<\/p>","protected":false},"excerpt":{"rendered":"<p>Un&#8217;acqua vivificante, idratante, da vaporizzare sul corpo dopo il bagno o la doccia, con estratto di rosa e mora dalle propriet\u00e0 addolcenti, ammorbidenti, emollienti, tonificanti e dermopurificanti. Con il suo particolare profumo rende la pelle freschissima. [&#8230;]<\/p>\n<p><a class=\"btn btn-secondary understrap-read-more-link\" href=\"https:\/\/derbe.it\/es\/producto\/agua-vivificante-de-rosas-y-moras\/\">Leer m\u00e1s\u2026<span class=\"screen-reader-text\"> from Acqua Vivificante Rosa e Mora<\/span><\/a><\/p>","protected":false},"featured_media":551,"template":"","meta":{"_acf_changed":false},"caratteristica":[],"collezione":[127,75],"formato":[],"funzione":[],"utilizzo":[],"ingrediente-principale":[],"product_brand":[],"product_cat":[107],"product_tag":[],"class_list":{"0":"post-550","1":"product","2":"type-product","3":"status-publish","4":"has-post-thumbnail","6":"collezione-rosa-e-mora","7":"collezione-speziali-fiorentini","8":"product_cat-profumo","10":"first","11":"instock","12":"purchasable","13":"product-type-simple"},"acf":[],"yoast_head":"<!-- This site is optimized with the Yoast SEO Premium plugin v26.1 (Yoast SEO v26.8) - https:\/\/yoast.com\/product\/yoast-seo-premium-wordpress\/ -->\n<title>Acqua Vivificante Rosa e Mora - Derbe - cosmetici naturali<\/title>\n<meta name=\"description\" content=\"Un&#039;acqua vivificante, idratante, da vaporizzare sul corpo dopo il bagno o la doccia, con estratto di rosa e mora dalle propriet\u00e0 addolcenti, ammorbidenti, emollienti, tonificanti e dermopurificanti. Con il suo particolare profumo rende la pelle freschissima.\" \/>\n<meta name=\"robots\" content=\"index, follow, max-snippet:-1, max-image-preview:large, max-video-preview:-1\" \/>\n<link rel=\"canonical\" href=\"https:\/\/derbe.it\/es\/producto\/agua-vivificante-de-rosas-y-moras\/\" \/>\n<meta property=\"og:locale\" content=\"es_ES\" \/>\n<meta property=\"og:type\" content=\"article\" \/>\n<meta property=\"og:title\" content=\"Acqua Vivificante Rosa e Mora\" \/>\n<meta property=\"og:description\" content=\"Un&#039;acqua vivificante, idratante, da vaporizzare sul corpo dopo il bagno o la doccia, con estratto di rosa e mora dalle propriet\u00e0 addolcenti, ammorbidenti, emollienti, tonificanti e dermopurificanti. Con il suo particolare profumo rende la pelle freschissima.\" \/>\n<meta property=\"og:url\" content=\"https:\/\/derbe.it\/es\/producto\/agua-vivificante-de-rosas-y-moras\/\" \/>\n<meta property=\"og:site_name\" content=\"Derbe - cosmetici naturali\" \/>\n<meta property=\"article:publisher\" content=\"https:\/\/www.facebook.com\/evoderbebio\" \/>\n<meta property=\"article:modified_time\" content=\"2025-09-03T15:33:22+00:00\" \/>\n<meta property=\"og:image\" content=\"https:\/\/derbe.it\/wp-content\/uploads\/2025\/05\/acqua-vivificante-rosa-mora-speziali-fiorentini-derbe.jpg\" \/>\n\t<meta property=\"og:image:width\" content=\"1600\" \/>\n\t<meta property=\"og:image:height\" content=\"2000\" \/>\n\t<meta property=\"og:image:type\" content=\"image\/jpeg\" \/>\n<meta name=\"twitter:card\" content=\"summary_large_image\" \/>\n<script type=\"application\/ld+json\" class=\"yoast-schema-graph\">{\"@context\":\"https:\/\/schema.org\",\"@graph\":[{\"@type\":\"WebPage\",\"@id\":\"https:\/\/derbe.it\/prodotto\/acqua-vivificante-rosa-e-mora\/\",\"url\":\"https:\/\/derbe.it\/prodotto\/acqua-vivificante-rosa-e-mora\/\",\"name\":\"Acqua Vivificante Rosa e Mora - Derbe - cosmetici naturali\",\"isPartOf\":{\"@id\":\"https:\/\/derbe.it\/#website\"},\"primaryImageOfPage\":{\"@id\":\"https:\/\/derbe.it\/prodotto\/acqua-vivificante-rosa-e-mora\/#primaryimage\"},\"image\":{\"@id\":\"https:\/\/derbe.it\/prodotto\/acqua-vivificante-rosa-e-mora\/#primaryimage\"},\"thumbnailUrl\":\"https:\/\/derbe.it\/wp-content\/uploads\/2025\/05\/acqua-vivificante-rosa-mora-speziali-fiorentini-derbe.jpg\",\"datePublished\":\"2018-09-26T08:15:50+00:00\",\"dateModified\":\"2025-09-03T15:33:22+00:00\",\"description\":\"Un'acqua vivificante, idratante, da vaporizzare sul corpo dopo il bagno o la doccia, con estratto di rosa e mora dalle propriet\u00e0 addolcenti, ammorbidenti, emollienti, tonificanti e dermopurificanti. Con il suo particolare profumo rende la pelle freschissima.\",\"breadcrumb\":{\"@id\":\"https:\/\/derbe.it\/prodotto\/acqua-vivificante-rosa-e-mora\/#breadcrumb\"},\"inLanguage\":\"es\",\"potentialAction\":[{\"@type\":\"ReadAction\",\"target\":[\"https:\/\/derbe.it\/prodotto\/acqua-vivificante-rosa-e-mora\/\"]}]},{\"@type\":\"ImageObject\",\"inLanguage\":\"es\",\"@id\":\"https:\/\/derbe.it\/prodotto\/acqua-vivificante-rosa-e-mora\/#primaryimage\",\"url\":\"https:\/\/derbe.it\/wp-content\/uploads\/2025\/05\/acqua-vivificante-rosa-mora-speziali-fiorentini-derbe.jpg\",\"contentUrl\":\"https:\/\/derbe.it\/wp-content\/uploads\/2025\/05\/acqua-vivificante-rosa-mora-speziali-fiorentini-derbe.jpg\",\"width\":1600,\"height\":2000,\"caption\":\"Acqua Vivificante Rosa e Mora - Speziali Fiorentini - Derbe\"},{\"@type\":\"BreadcrumbList\",\"@id\":\"https:\/\/derbe.it\/prodotto\/acqua-vivificante-rosa-e-mora\/#breadcrumb\",\"itemListElement\":[{\"@type\":\"ListItem\",\"position\":1,\"name\":\"Home\",\"item\":\"https:\/\/derbe.it\/\"},{\"@type\":\"ListItem\",\"position\":2,\"name\":\"Shop\",\"item\":\"https:\/\/derbe.it\/en\/shop\/\"},{\"@type\":\"ListItem\",\"position\":3,\"name\":\"Profumo\",\"item\":\"https:\/\/derbe.it\/categoria-prodotto\/profumo\/\"},{\"@type\":\"ListItem\",\"position\":4,\"name\":\"Acqua Vivificante Rosa e Mora\"}]},{\"@type\":\"WebSite\",\"@id\":\"https:\/\/derbe.it\/#website\",\"url\":\"https:\/\/derbe.it\/\",\"name\":\"Derbe\",\"description\":\"Da oltre 50 anni - Made in italy - prodotti per capelli e corpo con estratti vegetali e formule sostenibili\",\"publisher\":{\"@id\":\"https:\/\/derbe.it\/#organization\"},\"potentialAction\":[{\"@type\":\"SearchAction\",\"target\":{\"@type\":\"EntryPoint\",\"urlTemplate\":\"https:\/\/derbe.it\/?s={search_term_string}\"},\"query-input\":{\"@type\":\"PropertyValueSpecification\",\"valueRequired\":true,\"valueName\":\"search_term_string\"}}],\"inLanguage\":\"es\"},{\"@type\":\"Organization\",\"@id\":\"https:\/\/derbe.it\/#organization\",\"name\":\"Derbe\",\"url\":\"https:\/\/derbe.it\/\",\"logo\":{\"@type\":\"ImageObject\",\"inLanguage\":\"es\",\"@id\":\"https:\/\/derbe.it\/#\/schema\/logo\/image\/\",\"url\":\"https:\/\/derbe.it\/wp-content\/uploads\/2025\/06\/logo_derbe_firenze.png\",\"contentUrl\":\"https:\/\/derbe.it\/wp-content\/uploads\/2025\/06\/logo_derbe_firenze.png\",\"width\":1200,\"height\":497,\"caption\":\"Derbe\"},\"image\":{\"@id\":\"https:\/\/derbe.it\/#\/schema\/logo\/image\/\"},\"sameAs\":[\"https:\/\/www.facebook.com\/evoderbebio\",\"https:\/\/www.instagram.com\/derbe.official\/\"],\"email\":\"info@derbe.it\",\"telephone\":\"+39 055 42 11 799\",\"legalName\":\"Derbe S.r.l. a socio unico\",\"vatID\":\"07272610481\"}]}<\/script>\n<!-- \/ Yoast SEO Premium plugin. -->","yoast_head_json":{"title":"Agua revitalizante de rosa y mora - Derbe - cosm\u00e9tica natural","description":"Un agua revitalizante e hidratante para rociar sobre el cuerpo despu\u00e9s del ba\u00f1o o la ducha, con extractos de rosa y mora que poseen propiedades suavizantes, emolientes, tonificantes y purificantes. Su aroma distintivo deja la piel incre\u00edblemente fresca.","robots":{"index":"index","follow":"follow","max-snippet":"max-snippet:-1","max-image-preview":"max-image-preview:large","max-video-preview":"max-video-preview:-1"},"canonical":"https:\/\/derbe.it\/es\/producto\/agua-vivificante-de-rosas-y-moras\/","og_locale":"es_ES","og_type":"article","og_title":"Acqua Vivificante Rosa e Mora","og_description":"Un'acqua vivificante, idratante, da vaporizzare sul corpo dopo il bagno o la doccia, con estratto di rosa e mora dalle propriet\u00e0 addolcenti, ammorbidenti, emollienti, tonificanti e dermopurificanti. Con il suo particolare profumo rende la pelle freschissima.","og_url":"https:\/\/derbe.it\/es\/producto\/agua-vivificante-de-rosas-y-moras\/","og_site_name":"Derbe - cosmetici naturali","article_publisher":"https:\/\/www.facebook.com\/evoderbebio","article_modified_time":"2025-09-03T15:33:22+00:00","og_image":[{"width":1600,"height":2000,"url":"https:\/\/derbe.it\/wp-content\/uploads\/2025\/05\/acqua-vivificante-rosa-mora-speziali-fiorentini-derbe.jpg","type":"image\/jpeg"}],"twitter_card":"summary_large_image","schema":{"@context":"https:\/\/schema.org","@graph":[{"@type":"WebPage","@id":"https:\/\/derbe.it\/prodotto\/acqua-vivificante-rosa-e-mora\/","url":"https:\/\/derbe.it\/prodotto\/acqua-vivificante-rosa-e-mora\/","name":"Agua revitalizante de rosa y mora - Derbe - cosm\u00e9tica natural","isPartOf":{"@id":"https:\/\/derbe.it\/#website"},"primaryImageOfPage":{"@id":"https:\/\/derbe.it\/prodotto\/acqua-vivificante-rosa-e-mora\/#primaryimage"},"image":{"@id":"https:\/\/derbe.it\/prodotto\/acqua-vivificante-rosa-e-mora\/#primaryimage"},"thumbnailUrl":"https:\/\/derbe.it\/wp-content\/uploads\/2025\/05\/acqua-vivificante-rosa-mora-speziali-fiorentini-derbe.jpg","datePublished":"2018-09-26T08:15:50+00:00","dateModified":"2025-09-03T15:33:22+00:00","description":"Un agua revitalizante e hidratante para rociar sobre el cuerpo despu\u00e9s del ba\u00f1o o la ducha, con extractos de rosa y mora que poseen propiedades suavizantes, emolientes, tonificantes y purificantes. Su aroma distintivo deja la piel incre\u00edblemente fresca.","breadcrumb":{"@id":"https:\/\/derbe.it\/prodotto\/acqua-vivificante-rosa-e-mora\/#breadcrumb"},"inLanguage":"es","potentialAction":[{"@type":"ReadAction","target":["https:\/\/derbe.it\/prodotto\/acqua-vivificante-rosa-e-mora\/"]}]},{"@type":"ImageObject","inLanguage":"es","@id":"https:\/\/derbe.it\/prodotto\/acqua-vivificante-rosa-e-mora\/#primaryimage","url":"https:\/\/derbe.it\/wp-content\/uploads\/2025\/05\/acqua-vivificante-rosa-mora-speziali-fiorentini-derbe.jpg","contentUrl":"https:\/\/derbe.it\/wp-content\/uploads\/2025\/05\/acqua-vivificante-rosa-mora-speziali-fiorentini-derbe.jpg","width":1600,"height":2000,"caption":"Acqua Vivificante Rosa e Mora - Speziali Fiorentini - Derbe"},{"@type":"BreadcrumbList","@id":"https:\/\/derbe.it\/prodotto\/acqua-vivificante-rosa-e-mora\/#breadcrumb","itemListElement":[{"@type":"ListItem","position":1,"name":"Home","item":"https:\/\/derbe.it\/"},{"@type":"ListItem","position":2,"name":"Shop","item":"https:\/\/derbe.it\/en\/shop\/"},{"@type":"ListItem","position":3,"name":"Profumo","item":"https:\/\/derbe.it\/categoria-prodotto\/profumo\/"},{"@type":"ListItem","position":4,"name":"Acqua Vivificante Rosa e Mora"}]},{"@type":"WebSite","@id":"https:\/\/derbe.it\/#website","url":"https:\/\/derbe.it\/","name":"Derbe","description":"Desde hace m\u00e1s de 50 a\u00f1os - Hecho en Italia - Productos para el cabello y el cuerpo con extractos de plantas y f\u00f3rmulas sostenibles","publisher":{"@id":"https:\/\/derbe.it\/#organization"},"potentialAction":[{"@type":"SearchAction","target":{"@type":"EntryPoint","urlTemplate":"https:\/\/derbe.it\/?s={search_term_string}"},"query-input":{"@type":"PropertyValueSpecification","valueRequired":true,"valueName":"search_term_string"}}],"inLanguage":"es"},{"@type":"Organization","@id":"https:\/\/derbe.it\/#organization","name":"Derbe","url":"https:\/\/derbe.it\/","logo":{"@type":"ImageObject","inLanguage":"es","@id":"https:\/\/derbe.it\/#\/schema\/logo\/image\/","url":"https:\/\/derbe.it\/wp-content\/uploads\/2025\/06\/logo_derbe_firenze.png","contentUrl":"https:\/\/derbe.it\/wp-content\/uploads\/2025\/06\/logo_derbe_firenze.png","width":1200,"height":497,"caption":"Derbe"},"image":{"@id":"https:\/\/derbe.it\/#\/schema\/logo\/image\/"},"sameAs":["https:\/\/www.facebook.com\/evoderbebio","https:\/\/www.instagram.com\/derbe.official\/"],"email":"info@derbe.it","telephone":"+39 055 42 11 799","legalName":"Derbe S.r.l. a socio unico","vatID":"07272610481"}]}},"_links":{"self":[{"href":"https:\/\/derbe.it\/es\/wp-json\/wp\/v2\/product\/550","targetHints":{"allow":["GET"]}}],"collection":[{"href":"https:\/\/derbe.it\/es\/wp-json\/wp\/v2\/product"}],"about":[{"href":"https:\/\/derbe.it\/es\/wp-json\/wp\/v2\/types\/product"}],"wp:featuredmedia":[{"embeddable":true,"href":"https:\/\/derbe.it\/es\/wp-json\/wp\/v2\/media\/551"}],"wp:attachment":[{"href":"https:\/\/derbe.it\/es\/wp-json\/wp\/v2\/media?parent=550"}],"wp:term":[{"taxonomy":"caratteristica","embeddable":true,"href":"https:\/\/derbe.it\/es\/wp-json\/wp\/v2\/caratteristica?post=550"},{"taxonomy":"collezione","embeddable":true,"href":"https:\/\/derbe.it\/es\/wp-json\/wp\/v2\/collezione?post=550"},{"taxonomy":"formato","embeddable":true,"href":"https:\/\/derbe.it\/es\/wp-json\/wp\/v2\/formato?post=550"},{"taxonomy":"funzione","embeddable":true,"href":"https:\/\/derbe.it\/es\/wp-json\/wp\/v2\/funzione?post=550"},{"taxonomy":"utilizzo","embeddable":true,"href":"https:\/\/derbe.it\/es\/wp-json\/wp\/v2\/utilizzo?post=550"},{"taxonomy":"ingrediente-principale","embeddable":true,"href":"https:\/\/derbe.it\/es\/wp-json\/wp\/v2\/ingrediente-principale?post=550"},{"taxonomy":"product_brand","embeddable":true,"href":"https:\/\/derbe.it\/es\/wp-json\/wp\/v2\/product_brand?post=550"},{"taxonomy":"product_cat","embeddable":true,"href":"https:\/\/derbe.it\/es\/wp-json\/wp\/v2\/product_cat?post=550"},{"taxonomy":"product_tag","embeddable":true,"href":"https:\/\/derbe.it\/es\/wp-json\/wp\/v2\/product_tag?post=550"}],"curies":[{"name":"wp","href":"https:\/\/api.w.org\/{rel}","templated":true}]}}